{"id":138,"date":"2018-08-10T14:01:44","date_gmt":"2018-08-10T11:01:44","guid":{"rendered":"https:\/\/rotary.fi\/klubi2\/?page_id=138"},"modified":"2025-11-13T15:48:35","modified_gmt":"2025-11-13T13:48:35","slug":"vuositeema","status":"publish","type":"page","link":"https:\/\/rotary.fi\/lieto\/keita-olemme\/vuositeema\/","title":{"rendered":"Vuositeema"},"content":{"rendered":"<p>[et_pb_section fb_built=&#8221;1&#8243; module_class=&#8221;jumbotron-page&#8221; _builder_version=&#8221;4.22.1&#8243; background_image=&#8221;https:\/\/rotary.fi\/lieto\/wp-content\/uploads\/sites\/162\/2023\/09\/af739b97-a800-471e-a1dd-71d6756abd2b-1-201-a.jpeg&#8221; transform_scale=&#8221;98%|98%&#8221; transform_origin=&#8221;46%|50%&#8221; width=&#8221;100%&#8221; border_width_all=&#8221;4px&#8221; border_color_all=&#8221;#7cda24&#8243; global_colors_info=&#8221;{}&#8221; background__hover_enabled=&#8221;on|desktop&#8221;][et_pb_row _builder_version=&#8221;4.17.4&#8243; background_enable_image=&#8221;off&#8221; background_size=&#8221;initial&#8221; background_position=&#8221;top_left&#8221; background_repeat=&#8221;repeat&#8221; global_colors_info=&#8221;{}&#8221;][et_pb_column type=&#8221;4_4&#8243; _builder_version=&#8221;4.16&#8243; custom_padding=&#8221;|||&#8221; global_colors_info=&#8221;{}&#8221; custom_padding__hover=&#8221;|||&#8221;][\/et_pb_column][\/et_pb_row][\/et_pb_section][et_pb_section fb_built=&#8221;1&#8243; specialty=&#8221;on&#8221; module_class_2=&#8221;sivupalkki&#8221; _builder_version=&#8221;4.16&#8243; global_colors_info=&#8221;{}&#8221;][et_pb_column type=&#8221;2_3&#8243; specialty_columns=&#8221;2&#8243; _builder_version=&#8221;4.16&#8243; custom_padding=&#8221;|||&#8221; global_colors_info=&#8221;{}&#8221; custom_padding__hover=&#8221;|||&#8221;][et_pb_row_inner column_structure=&#8221;1_2,1_2&#8243; admin_label=&#8221;Rivi&#8221; _builder_version=&#8221;4.27.0&#8243; global_colors_info=&#8221;{}&#8221;][et_pb_column_inner type=&#8221;1_2&#8243; saved_specialty_column_type=&#8221;2_3&#8243; _builder_version=&#8221;4.17.4&#8243; background_image=&#8221;https:\/\/rotary.fi\/lieto\/wp-content\/uploads\/sites\/162\/2022\/08\/t2223-en-horizontal-pms.png&#8221; custom_padding=&#8221;|||&#8221; custom_css_main_element=&#8221;width:24%!important;&#8221; global_colors_info=&#8221;{}&#8221; custom_padding__hover=&#8221;|||&#8221;][\/et_pb_column_inner][et_pb_column_inner type=&#8221;1_2&#8243; saved_specialty_column_type=&#8221;2_3&#8243; _builder_version=&#8221;4.16&#8243; custom_padding=&#8221;|||&#8221; custom_css_main_element=&#8221;display:none;||width:0%!important;&#8221; global_colors_info=&#8221;{}&#8221; custom_padding__hover=&#8221;|||&#8221;][\/et_pb_column_inner][\/et_pb_row_inner][et_pb_row_inner admin_label=&#8221;Rivi&#8221; _builder_version=&#8221;4.16&#8243; custom_margin=&#8221;|||-93px||&#8221; global_colors_info=&#8221;{}&#8221;][et_pb_column_inner saved_specialty_column_type=&#8221;2_3&#8243; _builder_version=&#8221;4.16&#8243; custom_padding=&#8221;|||&#8221; global_colors_info=&#8221;{}&#8221; custom_padding__hover=&#8221;|||&#8221;][et_pb_text admin_label=&#8221;Rotary Internationalin vuositeema &#8211; Otsikko&#8221; _builder_version=&#8221;4.27.0&#8243; text_font_size=&#8221;18px&#8221; header_text_color=&#8221;#019FCB&#8221; width=&#8221;100%&#8221; custom_padding=&#8221;17px|2px|||false|false&#8221; global_colors_info=&#8221;{}&#8221;]<\/p>\n<h1>\u00a0 \u00a0 \u00a0 Rotary Internationalin \u00a0 vuositeema 2025 &#8211; 2026<\/h1>\n<p>[\/et_pb_text][et_pb_text _builder_version=&#8221;4.27.4&#8243; text_font_size=&#8221;18px&#8221; header_text_color=&#8221;#019FCB&#8221; width=&#8221;100%&#8221; custom_padding=&#8221;17px|2px|||false|false&#8221; link_option_url=&#8221; &#8221; global_colors_info=&#8221;{}&#8221;]<\/p>\n<h4><img loading=\"lazy\" decoding=\"async\" src=\"https:\/\/rotary.fi\/lieto\/wp-content\/uploads\/sites\/162\/2025\/11\/image-4.png\" width=\"250\" height=\"250\" alt=\"\" class=\"wp-image-2972 alignnone size-full\" style=\"margin-left: auto;margin-right: auto\" \/><\/h4>\n<p>&nbsp;<\/p>\n<p><span style=\"font-size: large\"><strong>Rotary Internationalin<\/strong><strong> presidentti 2025 &#8211; 2026 on Francesco Arezzo.<\/strong><\/span><\/p>\n<p><span style=\"font-size: large\"><strong><\/strong><\/span><\/p>\n<p>H\u00e4n on italialaisen Rotary Club of Ragusa &#8211; klubin j\u00e4sen. Lis\u00e4tietoa maailman predentist\u00e4 voit lukea <a href=\"https:\/\/my.rotary.org\/en\/who-we-are\/office-of-the-president\/president\">t\u00e4\u00e4lt\u00e4<\/a>.<\/p>\n<p>&nbsp;<\/p>\n<p>&nbsp;<\/p>\n<p>[\/et_pb_text][et_pb_text admin_label=&#8221;Klubin vuositeema &#8211; Otsikko&#8221; _builder_version=&#8221;4.27.4&#8243; text_font_size=&#8221;18px&#8221; header_text_color=&#8221;#019FCB&#8221; width=&#8221;100%&#8221; custom_padding=&#8221;17px|2px|||false|false&#8221; global_colors_info=&#8221;{}&#8221;]<\/p>\n<h3 style=\"text-align: center\"><span style=\"color: #00ccff\"><strong>Liedon Rotaryklubin vuositeema 2025 &#8211; 2026<\/strong><\/span><\/h3>\n<p><strong>Tehd\u00e4\u00e4n yhdess\u00e4 hyv\u00e4\u00e4 ja parannetaan maailmaa<\/strong><\/p>\n<p>Toteutetaan yhdess\u00e4 t\u00e4ysipainoinen ja onnistunut rotaryvuosi.<\/p>\n<p>Jatketaan &#8221;Hyv\u00e4 Ymp\u00e4rist\u00f6teko&#8221; -projektia, toteutetaan varainkeruuprojekti, joilla varoilla voidaan tukea MLL:n kautta lietolaisia nuoria sek\u00e4 tehd\u00e4\u00e4n toimia Ukrainan hyv\u00e4ksi.<\/p>\n<p><span style=\"color: #00ccff\"><strong><\/strong><\/span><\/p>\n<p>&nbsp;<\/p>\n<p>[\/et_pb_text][\/et_pb_column_inner][\/et_pb_row_inner][\/et_pb_column][et_pb_column type=&#8221;1_3&#8243; _builder_version=&#8221;4.16&#8243; custom_padding=&#8221;|||&#8221; global_colors_info=&#8221;{}&#8221; custom_padding__hover=&#8221;|||&#8221;][et_pb_sidebar area=&#8221;sidebar-1&#8243; module_class=&#8221;sivupalkki_sisalto&#8221; _builder_version=&#8221;4.16&#8243; locked=&#8221;on&#8221; global_colors_info=&#8221;{}&#8221;][\/et_pb_sidebar][\/et_pb_column][\/et_pb_section][et_pb_section fb_built=&#8221;1&#8243; _builder_version=&#8221;4.22.1&#8243; _module_preset=&#8221;default&#8221; width=&#8221;56.2%&#8221; max_width=&#8221;52%&#8221; global_colors_info=&#8221;{}&#8221;][et_pb_row admin_label=&#8221;Rivi&#8221; _builder_version=&#8221;4.22.1&#8243; custom_margin=&#8221;-2px|3px|||false|false&#8221; custom_padding=&#8221;|3px|||false|false&#8221; collapsed=&#8221;off&#8221; global_colors_info=&#8221;{}&#8221;][et_pb_column type=&#8221;4_4&#8243; _builder_version=&#8221;4.16&#8243; custom_padding=&#8221;|||&#8221; global_colors_info=&#8221;{}&#8221; custom_padding__hover=&#8221;|||&#8221;][\/et_pb_column][\/et_pb_row][et_pb_row column_structure=&#8221;1_4,1_4,1_4,1_4&#8243; _builder_version=&#8221;4.22.1&#8243; _module_preset=&#8221;default&#8221; width=&#8221;42%&#8221; global_colors_info=&#8221;{}&#8221;][et_pb_column type=&#8221;1_4&#8243; _builder_version=&#8221;4.21.2&#8243; _module_preset=&#8221;default&#8221; global_colors_info=&#8221;{}&#8221;][et_pb_image src=&#8221;https:\/\/rotary.fi\/lieto\/wp-content\/uploads\/sites\/162\/2023\/08\/theme-2023-2024-en-2.png&#8221; _builder_version=&#8221;4.22.1&#8243; _module_preset=&#8221;default&#8221; width=&#8221;87%&#8221; max_width=&#8221;86%&#8221; global_colors_info=&#8221;{}&#8221;][\/et_pb_image][\/et_pb_column][et_pb_column type=&#8221;1_4&#8243; _builder_version=&#8221;4.22.1&#8243; _module_preset=&#8221;default&#8221; global_colors_info=&#8221;{}&#8221;][\/et_pb_column][et_pb_column type=&#8221;1_4&#8243; _builder_version=&#8221;4.22.1&#8243; _module_preset=&#8221;default&#8221; global_colors_info=&#8221;{}&#8221;][et_pb_image src=&#8221;https:\/\/rotary.fi\/lieto\/wp-content\/uploads\/sites\/162\/2023\/08\/theme-2023-2024-en-2.png&#8221; _builder_version=&#8221;4.22.1&#8243; _module_preset=&#8221;default&#8221; width=&#8221;86%&#8221; max_width=&#8221;87%&#8221; global_colors_info=&#8221;{}&#8221;][\/et_pb_image][et_pb_image src=&#8221;https:\/\/rotary.fi\/lieto\/wp-content\/uploads\/sites\/162\/2023\/08\/theme-2023-2024-en-2.png&#8221; _builder_version=&#8221;4.22.1&#8243; _module_preset=&#8221;default&#8221; width=&#8221;86%&#8221; max_width=&#8221;87%&#8221; custom_padding=&#8221;|||58px||&#8221; global_colors_info=&#8221;{}&#8221;][\/et_pb_image][\/et_pb_column][et_pb_column type=&#8221;1_4&#8243; _builder_version=&#8221;4.22.1&#8243; _module_preset=&#8221;default&#8221; global_colors_info=&#8221;{}&#8221;][\/et_pb_column][\/et_pb_row][\/et_pb_section]<\/p>\n","protected":false},"excerpt":{"rendered":"<p>\u00a0 \u00a0 \u00a0 Rotary Internationalin \u00a0 vuositeema 2025 &#8211; 2026 &nbsp; Rotary Internationalin presidentti 2025 &#8211; 2026 on Francesco Arezzo. H\u00e4n on italialaisen Rotary Club of Ragusa &#8211; klubin j\u00e4sen. Lis\u00e4tietoa maailman predentist\u00e4 voit lukea t\u00e4\u00e4lt\u00e4. &nbsp; &nbsp;Liedon Rotaryklubin vuositeema 2025 &#8211; 2026 Tehd\u00e4\u00e4n yhdess\u00e4 hyv\u00e4\u00e4 ja parannetaan maailmaa Toteutetaan yhdess\u00e4 t\u00e4ysipainoinen ja onnistunut rotaryvuosi. [&hellip;]<\/p>\n","protected":false},"author":1,"featured_media":2956,"parent":129,"menu_order":0,"comment_status":"closed","ping_status":"closed","template":"","meta":{"_acf_changed":false,"_et_pb_use_builder":"on","_et_pb_old_content":"","_et_gb_content_width":"","footnotes":""},"class_list":["post-138","page","type-page","status-publish","has-post-thumbnail","hentry"],"acf":[],"yoast_head":"<!-- This site is optimized with the Yoast SEO plugin v27.0 - https:\/\/yoast.com\/product\/yoast-seo-wordpress\/ -->\n<title>Vuositeema - Liedon Rotaryklubi<\/title>\n<meta name=\"robots\" content=\"index, follow, max-snippet:-1, max-image-preview:large, max-video-preview:-1\" \/>\n<link rel=\"canonical\" href=\"https:\/\/rotary.fi\/lieto\/keita-olemme\/vuositeema\/\" \/>\n<meta property=\"og:locale\" content=\"fi_FI\" \/>\n<meta property=\"og:type\" content=\"article\" \/>\n<meta property=\"og:title\" content=\"Vuositeema - Liedon Rotaryklubi\" \/>\n<meta property=\"og:description\" content=\"\u00a0 \u00a0 \u00a0 Rotary Internationalin \u00a0 vuositeema 2025 - 2026 &nbsp; Rotary Internationalin presidentti 2025 - 2026 on Francesco Arezzo. H\u00e4n on italialaisen Rotary Club of Ragusa - klubin j\u00e4sen. Lis\u00e4tietoa maailman predentist\u00e4 voit lukea t\u00e4\u00e4lt\u00e4. &nbsp; &nbsp;Liedon Rotaryklubin vuositeema 2025 - 2026 Tehd\u00e4\u00e4n yhdess\u00e4 hyv\u00e4\u00e4 ja parannetaan maailmaa Toteutetaan yhdess\u00e4 t\u00e4ysipainoinen ja onnistunut rotaryvuosi. [&hellip;]\" \/>\n<meta property=\"og:url\" content=\"https:\/\/rotary.fi\/lieto\/keita-olemme\/vuositeema\/\" \/>\n<meta property=\"og:site_name\" content=\"Liedon Rotaryklubi\" \/>\n<meta property=\"article:modified_time\" content=\"2025-11-13T13:48:35+00:00\" \/>\n<meta property=\"og:image\" content=\"https:\/\/rotary.fi\/lieto\/wp-content\/uploads\/sites\/162\/2025\/11\/pm2526-bc-social-rotary-skyblue-1080x1080-en-us.png\" \/>\n\t<meta property=\"og:image:width\" content=\"1080\" \/>\n\t<meta property=\"og:image:height\" content=\"1080\" \/>\n\t<meta property=\"og:image:type\" content=\"image\/png\" \/>\n<meta name=\"twitter:card\" content=\"summary_large_image\" \/>\n<meta name=\"twitter:label1\" content=\"Arvioitu lukuaika\" \/>\n\t<meta name=\"twitter:data1\" content=\"3 minuuttia\" \/>\n<script type=\"application\/ld+json\" class=\"yoast-schema-graph\">{\"@context\":\"https:\/\/schema.org\",\"@graph\":[{\"@type\":\"WebPage\",\"@id\":\"https:\/\/rotary.fi\/lieto\/keita-olemme\/vuositeema\/\",\"url\":\"https:\/\/rotary.fi\/lieto\/keita-olemme\/vuositeema\/\",\"name\":\"Vuositeema - Liedon Rotaryklubi\",\"isPartOf\":{\"@id\":\"https:\/\/rotary.fi\/lieto\/#website\"},\"primaryImageOfPage\":{\"@id\":\"https:\/\/rotary.fi\/lieto\/keita-olemme\/vuositeema\/#primaryimage\"},\"image\":{\"@id\":\"https:\/\/rotary.fi\/lieto\/keita-olemme\/vuositeema\/#primaryimage\"},\"thumbnailUrl\":\"https:\/\/rotary.fi\/lieto\/wp-content\/uploads\/sites\/162\/2025\/11\/pm2526-bc-social-rotary-skyblue-1080x1080-en-us.png\",\"datePublished\":\"2018-08-10T11:01:44+00:00\",\"dateModified\":\"2025-11-13T13:48:35+00:00\",\"breadcrumb\":{\"@id\":\"https:\/\/rotary.fi\/lieto\/keita-olemme\/vuositeema\/#breadcrumb\"},\"inLanguage\":\"fi\",\"potentialAction\":[{\"@type\":\"ReadAction\",\"target\":[\"https:\/\/rotary.fi\/lieto\/keita-olemme\/vuositeema\/\"]}]},{\"@type\":\"ImageObject\",\"inLanguage\":\"fi\",\"@id\":\"https:\/\/rotary.fi\/lieto\/keita-olemme\/vuositeema\/#primaryimage\",\"url\":\"https:\/\/rotary.fi\/lieto\/wp-content\/uploads\/sites\/162\/2025\/11\/pm2526-bc-social-rotary-skyblue-1080x1080-en-us.png\",\"contentUrl\":\"https:\/\/rotary.fi\/lieto\/wp-content\/uploads\/sites\/162\/2025\/11\/pm2526-bc-social-rotary-skyblue-1080x1080-en-us.png\",\"width\":1080,\"height\":1080},{\"@type\":\"BreadcrumbList\",\"@id\":\"https:\/\/rotary.fi\/lieto\/keita-olemme\/vuositeema\/#breadcrumb\",\"itemListElement\":[{\"@type\":\"ListItem\",\"position\":1,\"name\":\"Home\",\"item\":\"https:\/\/rotary.fi\/lieto\/\"},{\"@type\":\"ListItem\",\"position\":2,\"name\":\"Keit\u00e4 olemme\",\"item\":\"https:\/\/rotary.fi\/lieto\/keita-olemme\/\"},{\"@type\":\"ListItem\",\"position\":3,\"name\":\"Vuositeema\"}]},{\"@type\":\"WebSite\",\"@id\":\"https:\/\/rotary.fi\/lieto\/#website\",\"url\":\"https:\/\/rotary.fi\/lieto\/\",\"name\":\"Liedon Rotaryklubi\",\"description\":\"Uusi Rotary klubisivusto\",\"potentialAction\":[{\"@type\":\"SearchAction\",\"target\":{\"@type\":\"EntryPoint\",\"urlTemplate\":\"https:\/\/rotary.fi\/lieto\/?s={search_term_string}\"},\"query-input\":{\"@type\":\"PropertyValueSpecification\",\"valueRequired\":true,\"valueName\":\"search_term_string\"}}],\"inLanguage\":\"fi\"}]}<\/script>\n<!-- \/ Yoast SEO plugin. -->","yoast_head_json":{"title":"Vuositeema - Liedon Rotaryklubi","robots":{"index":"index","follow":"follow","max-snippet":"max-snippet:-1","max-image-preview":"max-image-preview:large","max-video-preview":"max-video-preview:-1"},"canonical":"https:\/\/rotary.fi\/lieto\/keita-olemme\/vuositeema\/","og_locale":"fi_FI","og_type":"article","og_title":"Vuositeema - Liedon Rotaryklubi","og_description":"\u00a0 \u00a0 \u00a0 Rotary Internationalin \u00a0 vuositeema 2025 - 2026 &nbsp; Rotary Internationalin presidentti 2025 - 2026 on Francesco Arezzo. H\u00e4n on italialaisen Rotary Club of Ragusa - klubin j\u00e4sen. Lis\u00e4tietoa maailman predentist\u00e4 voit lukea t\u00e4\u00e4lt\u00e4. &nbsp; &nbsp;Liedon Rotaryklubin vuositeema 2025 - 2026 Tehd\u00e4\u00e4n yhdess\u00e4 hyv\u00e4\u00e4 ja parannetaan maailmaa Toteutetaan yhdess\u00e4 t\u00e4ysipainoinen ja onnistunut rotaryvuosi. [&hellip;]","og_url":"https:\/\/rotary.fi\/lieto\/keita-olemme\/vuositeema\/","og_site_name":"Liedon Rotaryklubi","article_modified_time":"2025-11-13T13:48:35+00:00","og_image":[{"width":1080,"height":1080,"url":"https:\/\/rotary.fi\/lieto\/wp-content\/uploads\/sites\/162\/2025\/11\/pm2526-bc-social-rotary-skyblue-1080x1080-en-us.png","type":"image\/png"}],"twitter_card":"summary_large_image","twitter_misc":{"Arvioitu lukuaika":"3 minuuttia"},"schema":{"@context":"https:\/\/schema.org","@graph":[{"@type":"WebPage","@id":"https:\/\/rotary.fi\/lieto\/keita-olemme\/vuositeema\/","url":"https:\/\/rotary.fi\/lieto\/keita-olemme\/vuositeema\/","name":"Vuositeema - Liedon Rotaryklubi","isPartOf":{"@id":"https:\/\/rotary.fi\/lieto\/#website"},"primaryImageOfPage":{"@id":"https:\/\/rotary.fi\/lieto\/keita-olemme\/vuositeema\/#primaryimage"},"image":{"@id":"https:\/\/rotary.fi\/lieto\/keita-olemme\/vuositeema\/#primaryimage"},"thumbnailUrl":"https:\/\/rotary.fi\/lieto\/wp-content\/uploads\/sites\/162\/2025\/11\/pm2526-bc-social-rotary-skyblue-1080x1080-en-us.png","datePublished":"2018-08-10T11:01:44+00:00","dateModified":"2025-11-13T13:48:35+00:00","breadcrumb":{"@id":"https:\/\/rotary.fi\/lieto\/keita-olemme\/vuositeema\/#breadcrumb"},"inLanguage":"fi","potentialAction":[{"@type":"ReadAction","target":["https:\/\/rotary.fi\/lieto\/keita-olemme\/vuositeema\/"]}]},{"@type":"ImageObject","inLanguage":"fi","@id":"https:\/\/rotary.fi\/lieto\/keita-olemme\/vuositeema\/#primaryimage","url":"https:\/\/rotary.fi\/lieto\/wp-content\/uploads\/sites\/162\/2025\/11\/pm2526-bc-social-rotary-skyblue-1080x1080-en-us.png","contentUrl":"https:\/\/rotary.fi\/lieto\/wp-content\/uploads\/sites\/162\/2025\/11\/pm2526-bc-social-rotary-skyblue-1080x1080-en-us.png","width":1080,"height":1080},{"@type":"BreadcrumbList","@id":"https:\/\/rotary.fi\/lieto\/keita-olemme\/vuositeema\/#breadcrumb","itemListElement":[{"@type":"ListItem","position":1,"name":"Home","item":"https:\/\/rotary.fi\/lieto\/"},{"@type":"ListItem","position":2,"name":"Keit\u00e4 olemme","item":"https:\/\/rotary.fi\/lieto\/keita-olemme\/"},{"@type":"ListItem","position":3,"name":"Vuositeema"}]},{"@type":"WebSite","@id":"https:\/\/rotary.fi\/lieto\/#website","url":"https:\/\/rotary.fi\/lieto\/","name":"Liedon Rotaryklubi","description":"Uusi Rotary klubisivusto","potentialAction":[{"@type":"SearchAction","target":{"@type":"EntryPoint","urlTemplate":"https:\/\/rotary.fi\/lieto\/?s={search_term_string}"},"query-input":{"@type":"PropertyValueSpecification","valueRequired":true,"valueName":"search_term_string"}}],"inLanguage":"fi"}]}},"lang":"fi","translations":{"fi":138},"pll_sync_post":[],"_links":{"self":[{"href":"https:\/\/rotary.fi\/lieto\/wp-json\/wp\/v2\/pages\/138","targetHints":{"allow":["GET"]}}],"collection":[{"href":"https:\/\/rotary.fi\/lieto\/wp-json\/wp\/v2\/pages"}],"about":[{"href":"https:\/\/rotary.fi\/lieto\/wp-json\/wp\/v2\/types\/page"}],"author":[{"embeddable":true,"href":"https:\/\/rotary.fi\/lieto\/wp-json\/wp\/v2\/users\/1"}],"replies":[{"embeddable":true,"href":"https:\/\/rotary.fi\/lieto\/wp-json\/wp\/v2\/comments?post=138"}],"version-history":[{"count":11,"href":"https:\/\/rotary.fi\/lieto\/wp-json\/wp\/v2\/pages\/138\/revisions"}],"predecessor-version":[{"id":2992,"href":"https:\/\/rotary.fi\/lieto\/wp-json\/wp\/v2\/pages\/138\/revisions\/2992"}],"up":[{"embeddable":true,"href":"https:\/\/rotary.fi\/lieto\/wp-json\/wp\/v2\/pages\/129"}],"wp:featuredmedia":[{"embeddable":true,"href":"https:\/\/rotary.fi\/lieto\/wp-json\/wp\/v2\/media\/2956"}],"wp:attachment":[{"href":"https:\/\/rotary.fi\/lieto\/wp-json\/wp\/v2\/media?parent=138"}],"curies":[{"name":"wp","href":"https:\/\/api.w.org\/{rel}","templated":true}]}}