{"id":1837,"date":"2019-10-27T13:46:05","date_gmt":"2019-10-27T11:46:05","guid":{"rendered":"https:\/\/rotary.fi\/lielahdenrotaryklubi\/?page_id=1837"},"modified":"2025-08-01T14:52:57","modified_gmt":"2025-08-01T11:52:57","slug":"nuorisovaihdon-uutiset","status":"publish","type":"page","link":"https:\/\/rotary.fi\/lielahdenrotaryklubi\/mita-teemme\/nuorisovaihto\/nuorisovaihdon-uutiset\/","title":{"rendered":"Nuorisovaihdon uutiset"},"content":{"rendered":"<p>[et_pb_section fb_built=&#8221;1&#8243; module_class=&#8221;jumbotron-page&#8221; _builder_version=&#8221;4.16&#8243; background_image=&#8221;https:\/\/rotary.fi\/lielahdenrotaryklubi\/wp-content\/uploads\/sites\/66\/2018\/10\/rotary_klubit_alasivu_paakuva_9.jpg&#8221; global_colors_info=&#8221;{}&#8221;][et_pb_row _builder_version=&#8221;4.16&#8243; background_size=&#8221;initial&#8221; background_position=&#8221;top_left&#8221; background_repeat=&#8221;repeat&#8221; global_colors_info=&#8221;{}&#8221;][et_pb_column type=&#8221;4_4&#8243; _builder_version=&#8221;4.16&#8243; custom_padding=&#8221;|||&#8221; global_colors_info=&#8221;{}&#8221; custom_padding__hover=&#8221;|||&#8221;][et_pb_text admin_label=&#8221;P\u00e4\u00e4otsikko&#8221; _builder_version=&#8221;4.16&#8243; text_orientation=&#8221;center&#8221; background_layout=&#8221;dark&#8221; z_index_tablet=&#8221;500&#8243; text_text_shadow_horizontal_length_tablet=&#8221;0px&#8221; text_text_shadow_vertical_length_tablet=&#8221;0px&#8221; text_text_shadow_blur_strength_tablet=&#8221;1px&#8221; link_text_shadow_horizontal_length_tablet=&#8221;0px&#8221; link_text_shadow_vertical_length_tablet=&#8221;0px&#8221; link_text_shadow_blur_strength_tablet=&#8221;1px&#8221; ul_text_shadow_horizontal_length_tablet=&#8221;0px&#8221; ul_text_shadow_vertical_length_tablet=&#8221;0px&#8221; ul_text_shadow_blur_strength_tablet=&#8221;1px&#8221; ol_text_shadow_horizontal_length_tablet=&#8221;0px&#8221; ol_text_shadow_vertical_length_tablet=&#8221;0px&#8221; ol_text_shadow_blur_strength_tablet=&#8221;1px&#8221; quote_text_shadow_horizontal_length_tablet=&#8221;0px&#8221; quote_text_shadow_vertical_length_tablet=&#8221;0px&#8221; quote_text_shadow_blur_strength_tablet=&#8221;1px&#8221; header_text_shadow_horizontal_length_tablet=&#8221;0px&#8221; header_text_shadow_vertical_length_tablet=&#8221;0px&#8221; header_text_shadow_blur_strength_tablet=&#8221;1px&#8221; header_2_text_shadow_horizontal_length_tablet=&#8221;0px&#8221; header_2_text_shadow_vertical_length_tablet=&#8221;0px&#8221; header_2_text_shadow_blur_strength_tablet=&#8221;1px&#8221; header_3_text_shadow_horizontal_length_tablet=&#8221;0px&#8221; header_3_text_shadow_vertical_length_tablet=&#8221;0px&#8221; header_3_text_shadow_blur_strength_tablet=&#8221;1px&#8221; header_4_text_shadow_horizontal_length_tablet=&#8221;0px&#8221; header_4_text_shadow_vertical_length_tablet=&#8221;0px&#8221; header_4_text_shadow_blur_strength_tablet=&#8221;1px&#8221; header_5_text_shadow_horizontal_length_tablet=&#8221;0px&#8221; header_5_text_shadow_vertical_length_tablet=&#8221;0px&#8221; header_5_text_shadow_blur_strength_tablet=&#8221;1px&#8221; header_6_text_shadow_horizontal_length_tablet=&#8221;0px&#8221; header_6_text_shadow_vertical_length_tablet=&#8221;0px&#8221; header_6_text_shadow_blur_strength_tablet=&#8221;1px&#8221; box_shadow_horizontal_tablet=&#8221;0px&#8221; box_shadow_vertical_tablet=&#8221;0px&#8221; box_shadow_blur_tablet=&#8221;40px&#8221; box_shadow_spread_tablet=&#8221;0px&#8221; global_colors_info=&#8221;{}&#8221;]<\/p>\n<h1>Nuorisovaihdon uutiset<\/h1>\n<p>[\/et_pb_text][et_pb_text _builder_version=&#8221;4.27.4&#8243; _module_preset=&#8221;default&#8221; hover_enabled=&#8221;0&#8243; global_colors_info=&#8221;{}&#8221; sticky_enabled=&#8221;0&#8243;]<\/p>\n<p>Klubimme nuorisovaihtotoimintaan liittyv\u00e4t vapaamuotoiset hakemukset ja kysymykset RYE nuorisovaihtoon liittyen voi toimittaa my\u00f6s suoraan Tampereen alueen nuorisovaihtokomitean s\u00e4hk\u00f6postiin (katso sivustomme yhteystiedot osio).<\/p>\n<p>Klubimme on sitoutunut \u00a0l\u00e4hett\u00e4m\u00e4\u00e4n ja vastaanottamaan kausittain v\u00e4hint\u00e4\u00e4n yhden outbound ja \u00a0inbound vaihto-oppilaan. Rahoitus ja vapaaehtoisty\u00f6 on toeutettu l\u00e4heisess\u00e4 yhteisty\u00f6ss\u00e4 RC Tammer Novan kanssa. Lis\u00e4ksi klubimme on mukana Tampereen alueen RYE nuorisovaihdon komitean koordinoimassa alueellisessa yhteisty\u00f6ss\u00e4. Osana toimintaprosessien yhten\u00e4ist\u00e4mist\u00e4 yhteisty\u00f6ss\u00e4 mukana olevat klubit suorittavat valinnat hakemusten ja haastatteluiden yhteisk\u00e4sittelyss\u00e4.<\/p>\n<p>&nbsp;<\/p>\n<p>&nbsp;<\/p>\n<p>[\/et_pb_text][\/et_pb_column][\/et_pb_row][\/et_pb_section][et_pb_section fb_built=&#8221;1&#8243; specialty=&#8221;on&#8221; module_class_2=&#8221;sivupalkki&#8221; _builder_version=&#8221;4.16&#8243; inner_max_width=&#8221;none&#8221; global_colors_info=&#8221;{}&#8221;][et_pb_column type=&#8221;2_3&#8243; specialty_columns=&#8221;2&#8243; _builder_version=&#8221;4.16&#8243; custom_padding=&#8221;|||&#8221; global_colors_info=&#8221;{}&#8221; custom_padding__hover=&#8221;|||&#8221;][et_pb_row_inner admin_label=&#8221;Rivi&#8221; _builder_version=&#8221;4.16&#8243; global_colors_info=&#8221;{}&#8221;][et_pb_column_inner saved_specialty_column_type=&#8221;2_3&#8243; _builder_version=&#8221;4.16&#8243; custom_padding=&#8221;|||&#8221; global_colors_info=&#8221;{}&#8221; custom_padding__hover=&#8221;|||&#8221;][et_pb_text admin_label=&#8221;Nuorisovaihto &#8211; Otsikko&#8221; _builder_version=&#8221;4.16&#8243; text_orientation=&#8221;center&#8221; z_index_tablet=&#8221;500&#8243; text_text_shadow_horizontal_length_tablet=&#8221;0px&#8221; text_text_shadow_vertical_length_tablet=&#8221;0px&#8221; text_text_shadow_blur_strength_tablet=&#8221;1px&#8221; link_text_shadow_horizontal_length_tablet=&#8221;0px&#8221; link_text_shadow_vertical_length_tablet=&#8221;0px&#8221; link_text_shadow_blur_strength_tablet=&#8221;1px&#8221; ul_text_shadow_horizontal_length_tablet=&#8221;0px&#8221; ul_text_shadow_vertical_length_tablet=&#8221;0px&#8221; ul_text_shadow_blur_strength_tablet=&#8221;1px&#8221; ol_text_shadow_horizontal_length_tablet=&#8221;0px&#8221; ol_text_shadow_vertical_length_tablet=&#8221;0px&#8221; ol_text_shadow_blur_strength_tablet=&#8221;1px&#8221; quote_text_shadow_horizontal_length_tablet=&#8221;0px&#8221; quote_text_shadow_vertical_length_tablet=&#8221;0px&#8221; quote_text_shadow_blur_strength_tablet=&#8221;1px&#8221; header_text_shadow_horizontal_length_tablet=&#8221;0px&#8221; header_text_shadow_vertical_length_tablet=&#8221;0px&#8221; header_text_shadow_blur_strength_tablet=&#8221;1px&#8221; header_2_text_shadow_horizontal_length_tablet=&#8221;0px&#8221; header_2_text_shadow_vertical_length_tablet=&#8221;0px&#8221; header_2_text_shadow_blur_strength_tablet=&#8221;1px&#8221; header_3_text_shadow_horizontal_length_tablet=&#8221;0px&#8221; header_3_text_shadow_vertical_length_tablet=&#8221;0px&#8221; header_3_text_shadow_blur_strength_tablet=&#8221;1px&#8221; header_4_text_shadow_horizontal_length_tablet=&#8221;0px&#8221; header_4_text_shadow_vertical_length_tablet=&#8221;0px&#8221; header_4_text_shadow_blur_strength_tablet=&#8221;1px&#8221; header_5_text_shadow_horizontal_length_tablet=&#8221;0px&#8221; header_5_text_shadow_vertical_length_tablet=&#8221;0px&#8221; header_5_text_shadow_blur_strength_tablet=&#8221;1px&#8221; header_6_text_shadow_horizontal_length_tablet=&#8221;0px&#8221; header_6_text_shadow_vertical_length_tablet=&#8221;0px&#8221; header_6_text_shadow_blur_strength_tablet=&#8221;1px&#8221; box_shadow_horizontal_tablet=&#8221;0px&#8221; box_shadow_vertical_tablet=&#8221;0px&#8221; box_shadow_blur_tablet=&#8221;40px&#8221; box_shadow_spread_tablet=&#8221;0px&#8221; global_colors_info=&#8221;{}&#8221;]<\/p>\n<h1>Nuorisovaihto-oppilaiden blogit<\/h1>\n<p>[\/et_pb_text][et_pb_text _builder_version=&#8221;4.16&#8243; hover_enabled=&#8221;0&#8243; z_index_tablet=&#8221;500&#8243; box_shadow_horizontal_tablet=&#8221;0px&#8221; box_shadow_vertical_tablet=&#8221;0px&#8221; box_shadow_blur_tablet=&#8221;40px&#8221; box_shadow_spread_tablet=&#8221;0px&#8221; global_colors_info=&#8221;{}&#8221; sticky_enabled=&#8221;0&#8243;]<\/p>\n<p>2019-20 Vaihto-oppilaamme Ranskassa<\/p>\n<p><a href=\"https:\/\/taraenfrance.wordpress.com\/\">https:\/\/taraenfrance.wordpress.com\/<\/a><\/p>\n<p>[\/et_pb_text][et_pb_text _builder_version=&#8221;4.16&#8243; hover_enabled=&#8221;0&#8243; z_index_tablet=&#8221;500&#8243; box_shadow_horizontal_tablet=&#8221;0px&#8221; box_shadow_vertical_tablet=&#8221;0px&#8221; box_shadow_blur_tablet=&#8221;40px&#8221; box_shadow_spread_tablet=&#8221;0px&#8221; global_colors_info=&#8221;{}&#8221; sticky_enabled=&#8221;0&#8243;]<\/p>\n<p>2018-19 Vaihto-oppilaamme Ranskassa<\/p>\n<p><a href=\"http:\/\/www.reetaenfrance.blogspot.fi\">www.reetaenfrance.blogspot.fi<\/a>\u00a0<\/p>\n<p>[\/et_pb_text][\/et_pb_column_inner][\/et_pb_row_inner][\/et_pb_column][et_pb_column type=&#8221;1_3&#8243; _builder_version=&#8221;4.16&#8243; custom_padding=&#8221;|||&#8221; global_colors_info=&#8221;{}&#8221; custom_padding__hover=&#8221;|||&#8221;][et_pb_sidebar area=&#8221;sidebar-1&#8243; module_class=&#8221;sivupalkki_sisalto&#8221; _builder_version=&#8221;4.16&#8243; locked=&#8221;on&#8221; global_colors_info=&#8221;{}&#8221;]<br \/>\n[\/et_pb_sidebar][et_pb_image src=&#8221;https:\/\/rotary.fi\/lielahdenrotaryklubi\/wp-content\/uploads\/sites\/66\/2019\/03\/rc-lielahti-180824_vaihto-oppilaat.jpg&#8221; align_tablet=&#8221;center&#8221; align_phone=&#8221;&#8221; align_last_edited=&#8221;on|desktop&#8221; _builder_version=&#8221;4.16&#8243; global_colors_info=&#8221;{}&#8221;][\/et_pb_image][\/et_pb_column][\/et_pb_section]<\/p>\n","protected":false},"excerpt":{"rendered":"<p>Nuorisovaihdon uutiset Klubimme nuorisovaihtotoimintaan liittyv\u00e4t vapaamuotoiset hakemukset ja kysymykset RYE nuorisovaihtoon liittyen voi toimittaa my\u00f6s suoraan Tampereen alueen nuorisovaihtokomitean s\u00e4hk\u00f6postiin (katso sivustomme yhteystiedot osio). Klubimme on sitoutunut \u00a0l\u00e4hett\u00e4m\u00e4\u00e4n ja vastaanottamaan kausittain v\u00e4hint\u00e4\u00e4n yhden outbound ja \u00a0inbound vaihto-oppilaan. Rahoitus ja vapaaehtoisty\u00f6 on toeutettu l\u00e4heisess\u00e4 yhteisty\u00f6ss\u00e4 RC Tammer Novan kanssa. Lis\u00e4ksi klubimme on mukana Tampereen alueen RYE [&hellip;]<\/p>\n","protected":false},"author":112,"featured_media":0,"parent":154,"menu_order":0,"comment_status":"closed","ping_status":"closed","template":"","meta":{"_acf_changed":false,"_et_pb_use_builder":"on","_et_pb_old_content":"","_et_gb_content_width":"","footnotes":""},"class_list":["post-1837","page","type-page","status-publish","hentry"],"acf":[],"yoast_head":"<!-- This site is optimized with the Yoast SEO plugin v27.0 - https:\/\/yoast.com\/product\/yoast-seo-wordpress\/ -->\n<title>Nuorisovaihdon uutiset - Tampere-Lielahden Rotaryklubi<\/title>\n<meta name=\"robots\" content=\"index, follow, max-snippet:-1, max-image-preview:large, max-video-preview:-1\" \/>\n<link rel=\"canonical\" href=\"https:\/\/rotary.fi\/lielahdenrotaryklubi\/mita-teemme\/nuorisovaihto\/nuorisovaihdon-uutiset\/\" \/>\n<meta property=\"og:locale\" content=\"fi_FI\" \/>\n<meta property=\"og:type\" content=\"article\" \/>\n<meta property=\"og:title\" content=\"Nuorisovaihdon uutiset - Tampere-Lielahden Rotaryklubi\" \/>\n<meta property=\"og:description\" content=\"Nuorisovaihdon uutiset Klubimme nuorisovaihtotoimintaan liittyv\u00e4t vapaamuotoiset hakemukset ja kysymykset RYE nuorisovaihtoon liittyen voi toimittaa my\u00f6s suoraan Tampereen alueen nuorisovaihtokomitean s\u00e4hk\u00f6postiin (katso sivustomme yhteystiedot osio). Klubimme on sitoutunut \u00a0l\u00e4hett\u00e4m\u00e4\u00e4n ja vastaanottamaan kausittain v\u00e4hint\u00e4\u00e4n yhden outbound ja \u00a0inbound vaihto-oppilaan. Rahoitus ja vapaaehtoisty\u00f6 on toeutettu l\u00e4heisess\u00e4 yhteisty\u00f6ss\u00e4 RC Tammer Novan kanssa. Lis\u00e4ksi klubimme on mukana Tampereen alueen RYE [&hellip;]\" \/>\n<meta property=\"og:url\" content=\"https:\/\/rotary.fi\/lielahdenrotaryklubi\/mita-teemme\/nuorisovaihto\/nuorisovaihdon-uutiset\/\" \/>\n<meta property=\"og:site_name\" content=\"Tampere-Lielahden Rotaryklubi\" \/>\n<meta property=\"article:modified_time\" content=\"2025-08-01T11:52:57+00:00\" \/>\n<meta name=\"twitter:card\" content=\"summary_large_image\" \/>\n<meta name=\"twitter:label1\" content=\"Arvioitu lukuaika\" \/>\n\t<meta name=\"twitter:data1\" content=\"2 minuuttia\" \/>\n<script type=\"application\/ld+json\" class=\"yoast-schema-graph\">{\"@context\":\"https:\/\/schema.org\",\"@graph\":[{\"@type\":\"WebPage\",\"@id\":\"https:\/\/rotary.fi\/lielahdenrotaryklubi\/mita-teemme\/nuorisovaihto\/nuorisovaihdon-uutiset\/\",\"url\":\"https:\/\/rotary.fi\/lielahdenrotaryklubi\/mita-teemme\/nuorisovaihto\/nuorisovaihdon-uutiset\/\",\"name\":\"Nuorisovaihdon uutiset - Tampere-Lielahden Rotaryklubi\",\"isPartOf\":{\"@id\":\"https:\/\/rotary.fi\/lielahdenrotaryklubi\/#website\"},\"datePublished\":\"2019-10-27T11:46:05+00:00\",\"dateModified\":\"2025-08-01T11:52:57+00:00\",\"breadcrumb\":{\"@id\":\"https:\/\/rotary.fi\/lielahdenrotaryklubi\/mita-teemme\/nuorisovaihto\/nuorisovaihdon-uutiset\/#breadcrumb\"},\"inLanguage\":\"fi\",\"potentialAction\":[{\"@type\":\"ReadAction\",\"target\":[\"https:\/\/rotary.fi\/lielahdenrotaryklubi\/mita-teemme\/nuorisovaihto\/nuorisovaihdon-uutiset\/\"]}]},{\"@type\":\"BreadcrumbList\",\"@id\":\"https:\/\/rotary.fi\/lielahdenrotaryklubi\/mita-teemme\/nuorisovaihto\/nuorisovaihdon-uutiset\/#breadcrumb\",\"itemListElement\":[{\"@type\":\"ListItem\",\"position\":1,\"name\":\"Home\",\"item\":\"https:\/\/rotary.fi\/lielahdenrotaryklubi\/\"},{\"@type\":\"ListItem\",\"position\":2,\"name\":\"Mit\u00e4 teemme\",\"item\":\"https:\/\/rotary.fi\/lielahdenrotaryklubi\/mita-teemme\/\"},{\"@type\":\"ListItem\",\"position\":3,\"name\":\"Nuorisovaihto\",\"item\":\"https:\/\/rotary.fi\/lielahdenrotaryklubi\/mita-teemme\/nuorisovaihto\/\"},{\"@type\":\"ListItem\",\"position\":4,\"name\":\"Nuorisovaihdon uutiset\"}]},{\"@type\":\"WebSite\",\"@id\":\"https:\/\/rotary.fi\/lielahdenrotaryklubi\/#website\",\"url\":\"https:\/\/rotary.fi\/lielahdenrotaryklubi\/\",\"name\":\"Tampere-Lielahden Rotaryklubi\",\"description\":\"Uusi Rotary klubisivusto\",\"potentialAction\":[{\"@type\":\"SearchAction\",\"target\":{\"@type\":\"EntryPoint\",\"urlTemplate\":\"https:\/\/rotary.fi\/lielahdenrotaryklubi\/?s={search_term_string}\"},\"query-input\":{\"@type\":\"PropertyValueSpecification\",\"valueRequired\":true,\"valueName\":\"search_term_string\"}}],\"inLanguage\":\"fi\"}]}<\/script>\n<!-- \/ Yoast SEO plugin. -->","yoast_head_json":{"title":"Nuorisovaihdon uutiset - Tampere-Lielahden Rotaryklubi","robots":{"index":"index","follow":"follow","max-snippet":"max-snippet:-1","max-image-preview":"max-image-preview:large","max-video-preview":"max-video-preview:-1"},"canonical":"https:\/\/rotary.fi\/lielahdenrotaryklubi\/mita-teemme\/nuorisovaihto\/nuorisovaihdon-uutiset\/","og_locale":"fi_FI","og_type":"article","og_title":"Nuorisovaihdon uutiset - Tampere-Lielahden Rotaryklubi","og_description":"Nuorisovaihdon uutiset Klubimme nuorisovaihtotoimintaan liittyv\u00e4t vapaamuotoiset hakemukset ja kysymykset RYE nuorisovaihtoon liittyen voi toimittaa my\u00f6s suoraan Tampereen alueen nuorisovaihtokomitean s\u00e4hk\u00f6postiin (katso sivustomme yhteystiedot osio). Klubimme on sitoutunut \u00a0l\u00e4hett\u00e4m\u00e4\u00e4n ja vastaanottamaan kausittain v\u00e4hint\u00e4\u00e4n yhden outbound ja \u00a0inbound vaihto-oppilaan. Rahoitus ja vapaaehtoisty\u00f6 on toeutettu l\u00e4heisess\u00e4 yhteisty\u00f6ss\u00e4 RC Tammer Novan kanssa. Lis\u00e4ksi klubimme on mukana Tampereen alueen RYE [&hellip;]","og_url":"https:\/\/rotary.fi\/lielahdenrotaryklubi\/mita-teemme\/nuorisovaihto\/nuorisovaihdon-uutiset\/","og_site_name":"Tampere-Lielahden Rotaryklubi","article_modified_time":"2025-08-01T11:52:57+00:00","twitter_card":"summary_large_image","twitter_misc":{"Arvioitu lukuaika":"2 minuuttia"},"schema":{"@context":"https:\/\/schema.org","@graph":[{"@type":"WebPage","@id":"https:\/\/rotary.fi\/lielahdenrotaryklubi\/mita-teemme\/nuorisovaihto\/nuorisovaihdon-uutiset\/","url":"https:\/\/rotary.fi\/lielahdenrotaryklubi\/mita-teemme\/nuorisovaihto\/nuorisovaihdon-uutiset\/","name":"Nuorisovaihdon uutiset - Tampere-Lielahden Rotaryklubi","isPartOf":{"@id":"https:\/\/rotary.fi\/lielahdenrotaryklubi\/#website"},"datePublished":"2019-10-27T11:46:05+00:00","dateModified":"2025-08-01T11:52:57+00:00","breadcrumb":{"@id":"https:\/\/rotary.fi\/lielahdenrotaryklubi\/mita-teemme\/nuorisovaihto\/nuorisovaihdon-uutiset\/#breadcrumb"},"inLanguage":"fi","potentialAction":[{"@type":"ReadAction","target":["https:\/\/rotary.fi\/lielahdenrotaryklubi\/mita-teemme\/nuorisovaihto\/nuorisovaihdon-uutiset\/"]}]},{"@type":"BreadcrumbList","@id":"https:\/\/rotary.fi\/lielahdenrotaryklubi\/mita-teemme\/nuorisovaihto\/nuorisovaihdon-uutiset\/#breadcrumb","itemListElement":[{"@type":"ListItem","position":1,"name":"Home","item":"https:\/\/rotary.fi\/lielahdenrotaryklubi\/"},{"@type":"ListItem","position":2,"name":"Mit\u00e4 teemme","item":"https:\/\/rotary.fi\/lielahdenrotaryklubi\/mita-teemme\/"},{"@type":"ListItem","position":3,"name":"Nuorisovaihto","item":"https:\/\/rotary.fi\/lielahdenrotaryklubi\/mita-teemme\/nuorisovaihto\/"},{"@type":"ListItem","position":4,"name":"Nuorisovaihdon uutiset"}]},{"@type":"WebSite","@id":"https:\/\/rotary.fi\/lielahdenrotaryklubi\/#website","url":"https:\/\/rotary.fi\/lielahdenrotaryklubi\/","name":"Tampere-Lielahden Rotaryklubi","description":"Uusi Rotary klubisivusto","potentialAction":[{"@type":"SearchAction","target":{"@type":"EntryPoint","urlTemplate":"https:\/\/rotary.fi\/lielahdenrotaryklubi\/?s={search_term_string}"},"query-input":{"@type":"PropertyValueSpecification","valueRequired":true,"valueName":"search_term_string"}}],"inLanguage":"fi"}]}},"lang":"fi","translations":{"fi":1837},"pll_sync_post":[],"_links":{"self":[{"href":"https:\/\/rotary.fi\/lielahdenrotaryklubi\/wp-json\/wp\/v2\/pages\/1837","targetHints":{"allow":["GET"]}}],"collection":[{"href":"https:\/\/rotary.fi\/lielahdenrotaryklubi\/wp-json\/wp\/v2\/pages"}],"about":[{"href":"https:\/\/rotary.fi\/lielahdenrotaryklubi\/wp-json\/wp\/v2\/types\/page"}],"author":[{"embeddable":true,"href":"https:\/\/rotary.fi\/lielahdenrotaryklubi\/wp-json\/wp\/v2\/users\/112"}],"replies":[{"embeddable":true,"href":"https:\/\/rotary.fi\/lielahdenrotaryklubi\/wp-json\/wp\/v2\/comments?post=1837"}],"version-history":[{"count":9,"href":"https:\/\/rotary.fi\/lielahdenrotaryklubi\/wp-json\/wp\/v2\/pages\/1837\/revisions"}],"predecessor-version":[{"id":2776,"href":"https:\/\/rotary.fi\/lielahdenrotaryklubi\/wp-json\/wp\/v2\/pages\/1837\/revisions\/2776"}],"up":[{"embeddable":true,"href":"https:\/\/rotary.fi\/lielahdenrotaryklubi\/wp-json\/wp\/v2\/pages\/154"}],"wp:attachment":[{"href":"https:\/\/rotary.fi\/lielahdenrotaryklubi\/wp-json\/wp\/v2\/media?parent=1837"}],"curies":[{"name":"wp","href":"https:\/\/api.w.org\/{rel}","templated":true}]}}