{"id":129,"date":"2018-08-10T13:41:39","date_gmt":"2018-08-10T10:41:39","guid":{"rendered":"https:\/\/rotary.fi\/klubi2\/?page_id=129"},"modified":"2025-08-10T15:17:33","modified_gmt":"2025-08-10T12:17:33","slug":"keita-olemme","status":"publish","type":"page","link":"https:\/\/rotary.fi\/lielahdenrotaryklubi\/keita-olemme\/","title":{"rendered":"Keit\u00e4 olemme"},"content":{"rendered":"<p>[et_pb_section fb_built=&#8221;1&#8243; module_class=&#8221;jumbotron-page&#8221; _builder_version=&#8221;4.16&#8243; background_image=&#8221;https:\/\/rotary.fi\/lielahdenrotaryklubi\/wp-content\/uploads\/sites\/66\/2019\/03\/ryhmakuva_veljet.jpg&#8221; background_position=&#8221;top_center&#8221; global_colors_info=&#8221;{}&#8221;][et_pb_row _builder_version=&#8221;4.16&#8243; background_size=&#8221;initial&#8221; background_position=&#8221;top_left&#8221; background_repeat=&#8221;repeat&#8221; global_colors_info=&#8221;{}&#8221;][et_pb_column type=&#8221;4_4&#8243; _builder_version=&#8221;4.16&#8243; custom_padding=&#8221;|||&#8221; global_colors_info=&#8221;{}&#8221; custom_padding__hover=&#8221;|||&#8221;][et_pb_text admin_label=&#8221;P\u00e4\u00e4otsikko&#8221; _builder_version=&#8221;4.16&#8243; text_orientation=&#8221;center&#8221; background_layout=&#8221;dark&#8221; global_colors_info=&#8221;{}&#8221;]<\/p>\n<h1>Keit\u00e4 olemme<\/h1>\n<p>[\/et_pb_text][\/et_pb_column][\/et_pb_row][\/et_pb_section][et_pb_section fb_built=&#8221;1&#8243; specialty=&#8221;on&#8221; module_class_2=&#8221;sivupalkki&#8221; _builder_version=&#8221;4.16&#8243; global_colors_info=&#8221;{}&#8221;][et_pb_column type=&#8221;2_3&#8243; specialty_columns=&#8221;2&#8243; _builder_version=&#8221;4.16&#8243; custom_padding=&#8221;|||&#8221; global_colors_info=&#8221;{}&#8221; custom_padding__hover=&#8221;|||&#8221;][et_pb_row_inner admin_label=&#8221;Rivi&#8221; _builder_version=&#8221;4.16&#8243; global_colors_info=&#8221;{}&#8221;][et_pb_column_inner saved_specialty_column_type=&#8221;2_3&#8243; _builder_version=&#8221;4.16&#8243; custom_padding=&#8221;|||&#8221; global_colors_info=&#8221;{}&#8221; custom_padding__hover=&#8221;|||&#8221;][et_pb_text admin_label=&#8221;Otsikko&#8221; _builder_version=&#8221;4.16&#8243; text_orientation=&#8221;center&#8221; global_colors_info=&#8221;{}&#8221;]<\/p>\n<h1>Keit\u00e4 olemme<\/h1>\n<p>[\/et_pb_text][et_pb_text _builder_version=&#8221;4.27.4&#8243; hover_enabled=&#8221;0&#8243; z_index_tablet=&#8221;500&#8243; text_text_shadow_horizontal_length_tablet=&#8221;0px&#8221; text_text_shadow_vertical_length_tablet=&#8221;0px&#8221; text_text_shadow_blur_strength_tablet=&#8221;1px&#8221; link_text_shadow_horizontal_length_tablet=&#8221;0px&#8221; link_text_shadow_vertical_length_tablet=&#8221;0px&#8221; link_text_shadow_blur_strength_tablet=&#8221;1px&#8221; ul_text_shadow_horizontal_length_tablet=&#8221;0px&#8221; ul_text_shadow_vertical_length_tablet=&#8221;0px&#8221; ul_text_shadow_blur_strength_tablet=&#8221;1px&#8221; ol_text_shadow_horizontal_length_tablet=&#8221;0px&#8221; ol_text_shadow_vertical_length_tablet=&#8221;0px&#8221; ol_text_shadow_blur_strength_tablet=&#8221;1px&#8221; quote_text_shadow_horizontal_length_tablet=&#8221;0px&#8221; quote_text_shadow_vertical_length_tablet=&#8221;0px&#8221; quote_text_shadow_blur_strength_tablet=&#8221;1px&#8221; header_text_shadow_horizontal_length_tablet=&#8221;0px&#8221; header_text_shadow_vertical_length_tablet=&#8221;0px&#8221; header_text_shadow_blur_strength_tablet=&#8221;1px&#8221; header_2_text_shadow_horizontal_length_tablet=&#8221;0px&#8221; header_2_text_shadow_vertical_length_tablet=&#8221;0px&#8221; header_2_text_shadow_blur_strength_tablet=&#8221;1px&#8221; header_3_text_shadow_horizontal_length_tablet=&#8221;0px&#8221; header_3_text_shadow_vertical_length_tablet=&#8221;0px&#8221; header_3_text_shadow_blur_strength_tablet=&#8221;1px&#8221; header_4_text_shadow_horizontal_length_tablet=&#8221;0px&#8221; header_4_text_shadow_vertical_length_tablet=&#8221;0px&#8221; header_4_text_shadow_blur_strength_tablet=&#8221;1px&#8221; header_5_text_shadow_horizontal_length_tablet=&#8221;0px&#8221; header_5_text_shadow_vertical_length_tablet=&#8221;0px&#8221; header_5_text_shadow_blur_strength_tablet=&#8221;1px&#8221; header_6_text_shadow_horizontal_length_tablet=&#8221;0px&#8221; header_6_text_shadow_vertical_length_tablet=&#8221;0px&#8221; header_6_text_shadow_blur_strength_tablet=&#8221;1px&#8221; box_shadow_horizontal_tablet=&#8221;0px&#8221; box_shadow_vertical_tablet=&#8221;0px&#8221; box_shadow_blur_tablet=&#8221;40px&#8221; box_shadow_spread_tablet=&#8221;0px&#8221; global_colors_info=&#8221;{}&#8221; sticky_enabled=&#8221;0&#8243;]<\/p>\n<p class=\"p1\"><span class=\"s1\">Tampere-Lielahden Rotaryklubi<\/span><span class=\"s2\"> on perustettu vuonna 1979<\/span><span class=\"s2\">. Me toteutamme paikallisia projekteja ja osallistumme my\u00f6s kansainv\u00e4lisiin palveluprojekteihin. Edist\u00e4mme verkostumista ja yhteis\u00f6llisyytt\u00e4, joka palvelee yhteist\u00e4 hyv\u00e4\u00e4. Olemme toteuttaneet merkitt\u00e4vi\u00e4 projekteja mm. 2018-2019 toteutimme Aistihuoneprojektin yhteisty\u00f6ss\u00e4 kahdeksan muun alueellisen klubin toimesta.<\/span><\/p>\n<p>Olemme tukenee kansainv\u00e4list\u00e4 nuorisovaihtoa l\u00e4hett\u00e4m\u00e4ll\u00e4 vuosittain vaihto-oppilaan maailmalle. Ja sijoittamalla vastaavasti vuosittain vaihto-oppilaan Tampereelle. Tapahtumakakenterit ja viikkokokousohjelmamme l\u00f6yd\u00e4t osiosta \u2019Ajankohtaista\u2019 (<a href=\"https:\/\/rotary.fi\/lielahdenrotaryklubi\/ajankohtaista\/tapahtumakalenteri\/\">LINKKI<\/a>).<\/p>\n<p>Klubimme on perustettu 29.1.1979. Kummiklubimme on Tampere-Kissanmaa Rotaryklubi (Tampere). Klubissamme on noin 40 j\u00e4sent\u00e4. Olemme osa piiri\u00e4 <a href=\"https:\/\/piiri1390.rotary.fi\">1390<\/a>.<\/p>\n<h4>Vaikuttava kansainv\u00e4linen verkosto<\/h4>\n<p>Rotary on Chicagossa 23.2.1905 perustettu kansainv\u00e4linen palvelu- ja hyv\u00e4ntekev\u00e4isyysorganisaatio. Rotary Internationalin kotipaikka on Evanston, USA:n osavaltiossa Illinoisissa. Tunnuslauseemme on Palvelu itsekkyyden edelle (Service Above Self).<\/p>\n<p>Rotaryyn kuuluu 1,2 miljoona j\u00e4sent\u00e4 35 000 klubissa yli 200 maassa. Rotary on merkitt\u00e4v\u00e4 kansainv\u00e4linen palvelu- ja hyv\u00e4ntekev\u00e4isyysj\u00e4rjest\u00f6. Suomi on jaettu kuuteen rotarypiiriin, joista yhteen kuuluvat my\u00f6s Viron klubit. Suomessa ja Virossa on yhteens\u00e4 300 klubia, joissa runsaat 10\u00a0000 rotaria.<\/p>\n<p>[\/et_pb_text][\/et_pb_column_inner][\/et_pb_row_inner][\/et_pb_column][et_pb_column type=&#8221;1_3&#8243; _builder_version=&#8221;4.16&#8243; custom_padding=&#8221;|||&#8221; global_colors_info=&#8221;{}&#8221; custom_padding__hover=&#8221;|||&#8221;][et_pb_sidebar area=&#8221;sidebar-1&#8243; module_class=&#8221;sivupalkki_sisalto&#8221; _builder_version=&#8221;4.16&#8243; locked=&#8221;on&#8221; global_colors_info=&#8221;{}&#8221;][\/et_pb_sidebar][\/et_pb_column][\/et_pb_section]<\/p>\n","protected":false},"excerpt":{"rendered":"<p>Keit\u00e4 olemme Keit\u00e4 olemme Tampere-Lielahden Rotaryklubi on perustettu vuonna 1979. Me toteutamme paikallisia projekteja ja osallistumme my\u00f6s kansainv\u00e4lisiin palveluprojekteihin. Edist\u00e4mme verkostumista ja yhteis\u00f6llisyytt\u00e4, joka palvelee yhteist\u00e4 hyv\u00e4\u00e4. Olemme toteuttaneet merkitt\u00e4vi\u00e4 projekteja mm. 2018-2019 toteutimme Aistihuoneprojektin yhteisty\u00f6ss\u00e4 kahdeksan muun alueellisen klubin toimesta. Olemme tukenee kansainv\u00e4list\u00e4 nuorisovaihtoa l\u00e4hett\u00e4m\u00e4ll\u00e4 vuosittain vaihto-oppilaan maailmalle. Ja sijoittamalla vastaavasti vuosittain vaihto-oppilaan Tampereelle. [&hellip;]<\/p>\n","protected":false},"author":1,"featured_media":0,"parent":0,"menu_order":0,"comment_status":"closed","ping_status":"closed","template":"","meta":{"_acf_changed":false,"_et_pb_use_builder":"on","_et_pb_old_content":"","_et_gb_content_width":"","footnotes":""},"class_list":["post-129","page","type-page","status-publish","hentry"],"acf":[],"yoast_head":"<!-- This site is optimized with the Yoast SEO plugin v27.4 - https:\/\/yoast.com\/product\/yoast-seo-wordpress\/ -->\n<title>Keit\u00e4 olemme - Tampere-Lielahden Rotaryklubi<\/title>\n<meta name=\"robots\" content=\"index, follow, max-snippet:-1, max-image-preview:large, max-video-preview:-1\" \/>\n<link rel=\"canonical\" href=\"https:\/\/rotary.fi\/lielahdenrotaryklubi\/keita-olemme\/\" \/>\n<meta property=\"og:locale\" content=\"fi_FI\" \/>\n<meta property=\"og:type\" content=\"article\" \/>\n<meta property=\"og:title\" content=\"Keit\u00e4 olemme - Tampere-Lielahden Rotaryklubi\" \/>\n<meta property=\"og:description\" content=\"Keit\u00e4 olemme Keit\u00e4 olemme Tampere-Lielahden Rotaryklubi on perustettu vuonna 1979. Me toteutamme paikallisia projekteja ja osallistumme my\u00f6s kansainv\u00e4lisiin palveluprojekteihin. Edist\u00e4mme verkostumista ja yhteis\u00f6llisyytt\u00e4, joka palvelee yhteist\u00e4 hyv\u00e4\u00e4. Olemme toteuttaneet merkitt\u00e4vi\u00e4 projekteja mm. 2018-2019 toteutimme Aistihuoneprojektin yhteisty\u00f6ss\u00e4 kahdeksan muun alueellisen klubin toimesta. Olemme tukenee kansainv\u00e4list\u00e4 nuorisovaihtoa l\u00e4hett\u00e4m\u00e4ll\u00e4 vuosittain vaihto-oppilaan maailmalle. Ja sijoittamalla vastaavasti vuosittain vaihto-oppilaan Tampereelle. [&hellip;]\" \/>\n<meta property=\"og:url\" content=\"https:\/\/rotary.fi\/lielahdenrotaryklubi\/keita-olemme\/\" \/>\n<meta property=\"og:site_name\" content=\"Tampere-Lielahden Rotaryklubi\" \/>\n<meta property=\"article:modified_time\" content=\"2025-08-10T12:17:33+00:00\" \/>\n<meta name=\"twitter:card\" content=\"summary_large_image\" \/>\n<meta name=\"twitter:label1\" content=\"Arvioitu lukuaika\" \/>\n\t<meta name=\"twitter:data1\" content=\"2 minuuttia\" \/>\n<script type=\"application\/ld+json\" class=\"yoast-schema-graph\">{\"@context\":\"https:\\\/\\\/schema.org\",\"@graph\":[{\"@type\":\"WebPage\",\"@id\":\"https:\\\/\\\/rotary.fi\\\/lielahdenrotaryklubi\\\/keita-olemme\\\/\",\"url\":\"https:\\\/\\\/rotary.fi\\\/lielahdenrotaryklubi\\\/keita-olemme\\\/\",\"name\":\"Keit\u00e4 olemme - Tampere-Lielahden Rotaryklubi\",\"isPartOf\":{\"@id\":\"https:\\\/\\\/rotary.fi\\\/lielahdenrotaryklubi\\\/#website\"},\"datePublished\":\"2018-08-10T10:41:39+00:00\",\"dateModified\":\"2025-08-10T12:17:33+00:00\",\"breadcrumb\":{\"@id\":\"https:\\\/\\\/rotary.fi\\\/lielahdenrotaryklubi\\\/keita-olemme\\\/#breadcrumb\"},\"inLanguage\":\"fi\",\"potentialAction\":[{\"@type\":\"ReadAction\",\"target\":[\"https:\\\/\\\/rotary.fi\\\/lielahdenrotaryklubi\\\/keita-olemme\\\/\"]}]},{\"@type\":\"BreadcrumbList\",\"@id\":\"https:\\\/\\\/rotary.fi\\\/lielahdenrotaryklubi\\\/keita-olemme\\\/#breadcrumb\",\"itemListElement\":[{\"@type\":\"ListItem\",\"position\":1,\"name\":\"Home\",\"item\":\"https:\\\/\\\/rotary.fi\\\/lielahdenrotaryklubi\\\/\"},{\"@type\":\"ListItem\",\"position\":2,\"name\":\"Keit\u00e4 olemme\"}]},{\"@type\":\"WebSite\",\"@id\":\"https:\\\/\\\/rotary.fi\\\/lielahdenrotaryklubi\\\/#website\",\"url\":\"https:\\\/\\\/rotary.fi\\\/lielahdenrotaryklubi\\\/\",\"name\":\"Tampere-Lielahden Rotaryklubi\",\"description\":\"Uusi Rotary klubisivusto\",\"potentialAction\":[{\"@type\":\"SearchAction\",\"target\":{\"@type\":\"EntryPoint\",\"urlTemplate\":\"https:\\\/\\\/rotary.fi\\\/lielahdenrotaryklubi\\\/?s={search_term_string}\"},\"query-input\":{\"@type\":\"PropertyValueSpecification\",\"valueRequired\":true,\"valueName\":\"search_term_string\"}}],\"inLanguage\":\"fi\"}]}<\/script>\n<!-- \/ Yoast SEO plugin. -->","yoast_head_json":{"title":"Keit\u00e4 olemme - Tampere-Lielahden Rotaryklubi","robots":{"index":"index","follow":"follow","max-snippet":"max-snippet:-1","max-image-preview":"max-image-preview:large","max-video-preview":"max-video-preview:-1"},"canonical":"https:\/\/rotary.fi\/lielahdenrotaryklubi\/keita-olemme\/","og_locale":"fi_FI","og_type":"article","og_title":"Keit\u00e4 olemme - Tampere-Lielahden Rotaryklubi","og_description":"Keit\u00e4 olemme Keit\u00e4 olemme Tampere-Lielahden Rotaryklubi on perustettu vuonna 1979. Me toteutamme paikallisia projekteja ja osallistumme my\u00f6s kansainv\u00e4lisiin palveluprojekteihin. Edist\u00e4mme verkostumista ja yhteis\u00f6llisyytt\u00e4, joka palvelee yhteist\u00e4 hyv\u00e4\u00e4. Olemme toteuttaneet merkitt\u00e4vi\u00e4 projekteja mm. 2018-2019 toteutimme Aistihuoneprojektin yhteisty\u00f6ss\u00e4 kahdeksan muun alueellisen klubin toimesta. Olemme tukenee kansainv\u00e4list\u00e4 nuorisovaihtoa l\u00e4hett\u00e4m\u00e4ll\u00e4 vuosittain vaihto-oppilaan maailmalle. Ja sijoittamalla vastaavasti vuosittain vaihto-oppilaan Tampereelle. [&hellip;]","og_url":"https:\/\/rotary.fi\/lielahdenrotaryklubi\/keita-olemme\/","og_site_name":"Tampere-Lielahden Rotaryklubi","article_modified_time":"2025-08-10T12:17:33+00:00","twitter_card":"summary_large_image","twitter_misc":{"Arvioitu lukuaika":"2 minuuttia"},"schema":{"@context":"https:\/\/schema.org","@graph":[{"@type":"WebPage","@id":"https:\/\/rotary.fi\/lielahdenrotaryklubi\/keita-olemme\/","url":"https:\/\/rotary.fi\/lielahdenrotaryklubi\/keita-olemme\/","name":"Keit\u00e4 olemme - Tampere-Lielahden Rotaryklubi","isPartOf":{"@id":"https:\/\/rotary.fi\/lielahdenrotaryklubi\/#website"},"datePublished":"2018-08-10T10:41:39+00:00","dateModified":"2025-08-10T12:17:33+00:00","breadcrumb":{"@id":"https:\/\/rotary.fi\/lielahdenrotaryklubi\/keita-olemme\/#breadcrumb"},"inLanguage":"fi","potentialAction":[{"@type":"ReadAction","target":["https:\/\/rotary.fi\/lielahdenrotaryklubi\/keita-olemme\/"]}]},{"@type":"BreadcrumbList","@id":"https:\/\/rotary.fi\/lielahdenrotaryklubi\/keita-olemme\/#breadcrumb","itemListElement":[{"@type":"ListItem","position":1,"name":"Home","item":"https:\/\/rotary.fi\/lielahdenrotaryklubi\/"},{"@type":"ListItem","position":2,"name":"Keit\u00e4 olemme"}]},{"@type":"WebSite","@id":"https:\/\/rotary.fi\/lielahdenrotaryklubi\/#website","url":"https:\/\/rotary.fi\/lielahdenrotaryklubi\/","name":"Tampere-Lielahden Rotaryklubi","description":"Uusi Rotary klubisivusto","potentialAction":[{"@type":"SearchAction","target":{"@type":"EntryPoint","urlTemplate":"https:\/\/rotary.fi\/lielahdenrotaryklubi\/?s={search_term_string}"},"query-input":{"@type":"PropertyValueSpecification","valueRequired":true,"valueName":"search_term_string"}}],"inLanguage":"fi"}]}},"lang":"fi","translations":{"fi":129},"pll_sync_post":[],"_links":{"self":[{"href":"https:\/\/rotary.fi\/lielahdenrotaryklubi\/wp-json\/wp\/v2\/pages\/129","targetHints":{"allow":["GET"]}}],"collection":[{"href":"https:\/\/rotary.fi\/lielahdenrotaryklubi\/wp-json\/wp\/v2\/pages"}],"about":[{"href":"https:\/\/rotary.fi\/lielahdenrotaryklubi\/wp-json\/wp\/v2\/types\/page"}],"author":[{"embeddable":true,"href":"https:\/\/rotary.fi\/lielahdenrotaryklubi\/wp-json\/wp\/v2\/users\/1"}],"replies":[{"embeddable":true,"href":"https:\/\/rotary.fi\/lielahdenrotaryklubi\/wp-json\/wp\/v2\/comments?post=129"}],"version-history":[{"count":10,"href":"https:\/\/rotary.fi\/lielahdenrotaryklubi\/wp-json\/wp\/v2\/pages\/129\/revisions"}],"predecessor-version":[{"id":2798,"href":"https:\/\/rotary.fi\/lielahdenrotaryklubi\/wp-json\/wp\/v2\/pages\/129\/revisions\/2798"}],"wp:attachment":[{"href":"https:\/\/rotary.fi\/lielahdenrotaryklubi\/wp-json\/wp\/v2\/media?parent=129"}],"curies":[{"name":"wp","href":"https:\/\/api.w.org\/{rel}","templated":true}]}}