{"id":273,"date":"2018-10-24T11:32:22","date_gmt":"2018-10-24T08:32:22","guid":{"rendered":"https:\/\/rotary.fi\/lieksa\/?page_id=273"},"modified":"2024-10-28T18:33:13","modified_gmt":"2024-10-28T16:33:13","slug":"olemme-osa-piiria-1430","status":"publish","type":"page","link":"https:\/\/rotary.fi\/lieksa\/keita-olemme\/olemme-osa-piiria-1430\/","title":{"rendered":"Olemme osa piiri\u00e4 1430"},"content":{"rendered":"<p>[et_pb_section fb_built=&#8221;1&#8243; module_class=&#8221;jumbotron-page&#8221; _builder_version=&#8221;4.22.1&#8243; background_image=&#8221;https:\/\/rotary.fi\/lieksa\/wp-content\/uploads\/sites\/245\/2024\/02\/piiri1430.jpg&#8221; global_colors_info=&#8221;{}&#8221;][et_pb_row _builder_version=&#8221;4.16&#8243; background_size=&#8221;initial&#8221; background_position=&#8221;top_left&#8221; background_repeat=&#8221;repeat&#8221; global_colors_info=&#8221;{}&#8221;][et_pb_column type=&#8221;4_4&#8243; _builder_version=&#8221;4.16&#8243; custom_padding=&#8221;|||&#8221; global_colors_info=&#8221;{}&#8221; custom_padding__hover=&#8221;|||&#8221;][et_pb_text admin_label=&#8221;P\u00e4\u00e4otsikko&#8221; _builder_version=&#8221;4.22.1&#8243; text_orientation=&#8221;center&#8221; background_layout=&#8221;dark&#8221; global_colors_info=&#8221;{}&#8221;]<\/p>\n<h1>Olemme osa piiri\u00e4 1430<\/h1>\n<p>[\/et_pb_text][\/et_pb_column][\/et_pb_row][\/et_pb_section][et_pb_section fb_built=&#8221;1&#8243; specialty=&#8221;on&#8221; module_class_2=&#8221;sivupalkki&#8221; _builder_version=&#8221;4.16&#8243; global_colors_info=&#8221;{}&#8221;][et_pb_column type=&#8221;2_3&#8243; specialty_columns=&#8221;2&#8243; _builder_version=&#8221;4.16&#8243; custom_padding=&#8221;|||&#8221; global_colors_info=&#8221;{}&#8221; parallax__hover=&#8221;off&#8221; parallax_method__hover=&#8221;on&#8221; custom_padding__hover=&#8221;|||&#8221;][et_pb_row_inner admin_label=&#8221;Rivi&#8221; _builder_version=&#8221;4.16&#8243; global_colors_info=&#8221;{}&#8221;][et_pb_column_inner saved_specialty_column_type=&#8221;2_3&#8243; _builder_version=&#8221;4.16&#8243; custom_padding=&#8221;|||&#8221; global_colors_info=&#8221;{}&#8221; parallax__hover=&#8221;off&#8221; parallax_method__hover=&#8221;on&#8221; custom_padding__hover=&#8221;|||&#8221;][et_pb_text admin_label=&#8221;Rotarypiirit &#8211; Otsikko&#8221; _builder_version=&#8221;4.16&#8243; text_orientation=&#8221;center&#8221; global_colors_info=&#8221;{}&#8221;]<\/p>\n<h1>Rotarypiirit<\/h1>\n<p>[\/et_pb_text][et_pb_text _builder_version=&#8221;4.16&#8243; global_colors_info=&#8221;{}&#8221;]<\/p>\n<p>Suomessa on kuusi rotarypiiri\u00e4, joihin kuuluu Suomen lis\u00e4ksi Viro. Jokaista piiri\u00e4 johtaa piirikuvern\u00f6\u00f6ri.<\/p>\n<p>Oman piirimme 1430 kuvern\u00f6\u00f6ri toimintavuotena 2024\u20132025 on<strong> DG Paavo R\u00f6nkk\u00f6, <\/strong>Kuopion Rotaryklubi.<\/p>\n<p>Piirimme 1430 k\u00e4sitt\u00e4\u00e4 It\u00e4isen Suomen \u2013 Kotkasta Kiuruvedelle. Piiri on yksi viidest\u00e4 Suomen rotarypiirist\u00e4. Rotaryklubeja piiriss\u00e4mme on 31 ja sen lis\u00e4ksi yksi Rotarackt klubi. J\u00e4seni\u00e4 klubeissa on n. 870.<\/p>\n<p>Piiri\u00e4 johtaa kuvern\u00f6\u00f6ri yhdess\u00e4 piirihallituksen kanssa apunaan piirin komiteat ja alueittaiset apulaiskuvern\u00f6\u00f6rit. Kuvern\u00f6\u00f6rin toimikausi on rotaryvuosi (01.07.-30.06). Vuoden aikana h\u00e4n vierailee kaikissa piirin klubeissa. Vuosittain tulevan rotaryvuoden kuvern\u00f6\u00f6rin valitsee piirin nime\u00e4miskomitea klubien esitt\u00e4mist\u00e4 ehdokkaista. Valinta vahvistetaan lopullisesti Rotary Internationalin vuosittain pidett\u00e4v\u00e4ss\u00e4 maailman konferenssissa. Kuvern\u00f6\u00f6ri on on toimikautensa Rotary Internationalin edustaja piiriss\u00e4\u00e4n.<\/p>\n<p>Kuvern\u00f6\u00f6rin ja rotarypiirin teht\u00e4v\u00e4 on tukea ja koordinoida alueensa klubien toimintaa ja rotarytoiminnan kehitt\u00e4mist\u00e4 alueellaan.<\/p>\n<p>Piiri j\u00e4rjest\u00e4\u00e4 kahden vuosikokouksen lis\u00e4ksi erilaisia koulutustapahtumia, joista t\u00e4rkein on alkuvuodesta pidett\u00e4v\u00e4 PETS-koulutus tulevan rotaryvuoden klubien presidenteille ja muille virtailijoille. Lis\u00e4ksi on mm. nuorisovaihdon, rotarys\u00e4\u00e4ti\u00f6asioiden koulutusta.<\/p>\n<p>Kaikille rotareille yhteisi\u00e4 tapahtumia on mm. Syysseminaari ja kev\u00e4\u00e4ll\u00e4 pidett\u00e4v\u00e4 juhlava Piirikonferenssi.<\/p>\n<p>[\/et_pb_text][\/et_pb_column_inner][\/et_pb_row_inner][\/et_pb_column][et_pb_column type=&#8221;1_3&#8243; module_class=&#8221;sivupalkki&#8221; _builder_version=&#8221;4.16&#8243; custom_padding=&#8221;|||&#8221; global_colors_info=&#8221;{}&#8221; parallax__hover=&#8221;off&#8221; parallax_method__hover=&#8221;on&#8221; module_class__hover=&#8221;sivupalkki&#8221; custom_padding__hover=&#8221;|||&#8221;][et_pb_sidebar area=&#8221;sidebar-1&#8243; module_class=&#8221;sivupalkki_sisalto&#8221; _builder_version=&#8221;4.16&#8243; locked=&#8221;on&#8221; global_colors_info=&#8221;{}&#8221;][\/et_pb_sidebar][\/et_pb_column][\/et_pb_section]<\/p>\n","protected":false},"excerpt":{"rendered":"<p>Olemme osa piiri\u00e4 1430Rotarypiirit Suomessa on kuusi rotarypiiri\u00e4, joihin kuuluu Suomen lis\u00e4ksi Viro. Jokaista piiri\u00e4 johtaa piirikuvern\u00f6\u00f6ri. Oman piirimme 1430 kuvern\u00f6\u00f6ri toimintavuotena 2024\u20132025 on DG Paavo R\u00f6nkk\u00f6, Kuopion Rotaryklubi. Piirimme 1430 k\u00e4sitt\u00e4\u00e4 It\u00e4isen Suomen \u2013 Kotkasta Kiuruvedelle. Piiri on yksi viidest\u00e4 Suomen rotarypiirist\u00e4. Rotaryklubeja piiriss\u00e4mme on 31 ja sen lis\u00e4ksi yksi Rotarackt klubi. J\u00e4seni\u00e4 klubeissa [&hellip;]<\/p>\n","protected":false},"author":1,"featured_media":0,"parent":129,"menu_order":0,"comment_status":"closed","ping_status":"closed","template":"","meta":{"_acf_changed":false,"_et_pb_use_builder":"on","_et_pb_old_content":"","_et_gb_content_width":"","footnotes":""},"class_list":["post-273","page","type-page","status-publish","hentry"],"acf":[],"yoast_head":"<!-- This site is optimized with the Yoast SEO plugin v27.0 - https:\/\/yoast.com\/product\/yoast-seo-wordpress\/ -->\n<title>Olemme osa piiri\u00e4 1430 - Lieksan Rotaryklubi<\/title>\n<meta name=\"robots\" content=\"index, follow, max-snippet:-1, max-image-preview:large, max-video-preview:-1\" \/>\n<link rel=\"canonical\" href=\"https:\/\/rotary.fi\/lieksa\/keita-olemme\/olemme-osa-piiria-1430\/\" \/>\n<meta property=\"og:locale\" content=\"fi_FI\" \/>\n<meta property=\"og:type\" content=\"article\" \/>\n<meta property=\"og:title\" content=\"Olemme osa piiri\u00e4 1430 - Lieksan Rotaryklubi\" \/>\n<meta property=\"og:description\" content=\"Olemme osa piiri\u00e4 1430Rotarypiirit Suomessa on kuusi rotarypiiri\u00e4, joihin kuuluu Suomen lis\u00e4ksi Viro. Jokaista piiri\u00e4 johtaa piirikuvern\u00f6\u00f6ri. Oman piirimme 1430 kuvern\u00f6\u00f6ri toimintavuotena 2024\u20132025 on DG Paavo R\u00f6nkk\u00f6, Kuopion Rotaryklubi. Piirimme 1430 k\u00e4sitt\u00e4\u00e4 It\u00e4isen Suomen \u2013 Kotkasta Kiuruvedelle. Piiri on yksi viidest\u00e4 Suomen rotarypiirist\u00e4. Rotaryklubeja piiriss\u00e4mme on 31 ja sen lis\u00e4ksi yksi Rotarackt klubi. J\u00e4seni\u00e4 klubeissa [&hellip;]\" \/>\n<meta property=\"og:url\" content=\"https:\/\/rotary.fi\/lieksa\/keita-olemme\/olemme-osa-piiria-1430\/\" \/>\n<meta property=\"og:site_name\" content=\"Lieksan Rotaryklubi\" \/>\n<meta property=\"article:modified_time\" content=\"2024-10-28T16:33:13+00:00\" \/>\n<meta name=\"twitter:card\" content=\"summary_large_image\" \/>\n<meta name=\"twitter:label1\" content=\"Arvioitu lukuaika\" \/>\n\t<meta name=\"twitter:data1\" content=\"2 minuuttia\" \/>\n<script type=\"application\/ld+json\" class=\"yoast-schema-graph\">{\"@context\":\"https:\/\/schema.org\",\"@graph\":[{\"@type\":\"WebPage\",\"@id\":\"https:\/\/rotary.fi\/lieksa\/keita-olemme\/olemme-osa-piiria-1430\/\",\"url\":\"https:\/\/rotary.fi\/lieksa\/keita-olemme\/olemme-osa-piiria-1430\/\",\"name\":\"Olemme osa piiri\u00e4 1430 - Lieksan Rotaryklubi\",\"isPartOf\":{\"@id\":\"https:\/\/rotary.fi\/lieksa\/#website\"},\"datePublished\":\"2018-10-24T08:32:22+00:00\",\"dateModified\":\"2024-10-28T16:33:13+00:00\",\"breadcrumb\":{\"@id\":\"https:\/\/rotary.fi\/lieksa\/keita-olemme\/olemme-osa-piiria-1430\/#breadcrumb\"},\"inLanguage\":\"fi\",\"potentialAction\":[{\"@type\":\"ReadAction\",\"target\":[\"https:\/\/rotary.fi\/lieksa\/keita-olemme\/olemme-osa-piiria-1430\/\"]}]},{\"@type\":\"BreadcrumbList\",\"@id\":\"https:\/\/rotary.fi\/lieksa\/keita-olemme\/olemme-osa-piiria-1430\/#breadcrumb\",\"itemListElement\":[{\"@type\":\"ListItem\",\"position\":1,\"name\":\"Home\",\"item\":\"https:\/\/rotary.fi\/lieksa\/\"},{\"@type\":\"ListItem\",\"position\":2,\"name\":\"Keit\u00e4 olemme\",\"item\":\"https:\/\/rotary.fi\/lieksa\/keita-olemme\/\"},{\"@type\":\"ListItem\",\"position\":3,\"name\":\"Olemme osa piiri\u00e4 1430\"}]},{\"@type\":\"WebSite\",\"@id\":\"https:\/\/rotary.fi\/lieksa\/#website\",\"url\":\"https:\/\/rotary.fi\/lieksa\/\",\"name\":\"Lieksan Rotaryklubi\",\"description\":\"Uusi Rotary klubisivusto\",\"publisher\":{\"@id\":\"https:\/\/rotary.fi\/lieksa\/#organization\"},\"potentialAction\":[{\"@type\":\"SearchAction\",\"target\":{\"@type\":\"EntryPoint\",\"urlTemplate\":\"https:\/\/rotary.fi\/lieksa\/?s={search_term_string}\"},\"query-input\":{\"@type\":\"PropertyValueSpecification\",\"valueRequired\":true,\"valueName\":\"search_term_string\"}}],\"inLanguage\":\"fi\"},{\"@type\":\"Organization\",\"@id\":\"https:\/\/rotary.fi\/lieksa\/#organization\",\"name\":\"Lieksan Rotaryklubi\",\"url\":\"https:\/\/rotary.fi\/lieksa\/\",\"logo\":{\"@type\":\"ImageObject\",\"inLanguage\":\"fi\",\"@id\":\"https:\/\/rotary.fi\/lieksa\/#\/schema\/logo\/image\/\",\"url\":\"https:\/\/rotary.fi\/lieksa\/wp-content\/uploads\/sites\/245\/2018\/08\/rotary-logo-main-2.png\",\"contentUrl\":\"https:\/\/rotary.fi\/lieksa\/wp-content\/uploads\/sites\/245\/2018\/08\/rotary-logo-main-2.png\",\"width\":135,\"height\":52,\"caption\":\"Lieksan Rotaryklubi\"},\"image\":{\"@id\":\"https:\/\/rotary.fi\/lieksa\/#\/schema\/logo\/image\/\"}}]}<\/script>\n<!-- \/ Yoast SEO plugin. -->","yoast_head_json":{"title":"Olemme osa piiri\u00e4 1430 - Lieksan Rotaryklubi","robots":{"index":"index","follow":"follow","max-snippet":"max-snippet:-1","max-image-preview":"max-image-preview:large","max-video-preview":"max-video-preview:-1"},"canonical":"https:\/\/rotary.fi\/lieksa\/keita-olemme\/olemme-osa-piiria-1430\/","og_locale":"fi_FI","og_type":"article","og_title":"Olemme osa piiri\u00e4 1430 - Lieksan Rotaryklubi","og_description":"Olemme osa piiri\u00e4 1430Rotarypiirit Suomessa on kuusi rotarypiiri\u00e4, joihin kuuluu Suomen lis\u00e4ksi Viro. Jokaista piiri\u00e4 johtaa piirikuvern\u00f6\u00f6ri. Oman piirimme 1430 kuvern\u00f6\u00f6ri toimintavuotena 2024\u20132025 on DG Paavo R\u00f6nkk\u00f6, Kuopion Rotaryklubi. Piirimme 1430 k\u00e4sitt\u00e4\u00e4 It\u00e4isen Suomen \u2013 Kotkasta Kiuruvedelle. Piiri on yksi viidest\u00e4 Suomen rotarypiirist\u00e4. Rotaryklubeja piiriss\u00e4mme on 31 ja sen lis\u00e4ksi yksi Rotarackt klubi. J\u00e4seni\u00e4 klubeissa [&hellip;]","og_url":"https:\/\/rotary.fi\/lieksa\/keita-olemme\/olemme-osa-piiria-1430\/","og_site_name":"Lieksan Rotaryklubi","article_modified_time":"2024-10-28T16:33:13+00:00","twitter_card":"summary_large_image","twitter_misc":{"Arvioitu lukuaika":"2 minuuttia"},"schema":{"@context":"https:\/\/schema.org","@graph":[{"@type":"WebPage","@id":"https:\/\/rotary.fi\/lieksa\/keita-olemme\/olemme-osa-piiria-1430\/","url":"https:\/\/rotary.fi\/lieksa\/keita-olemme\/olemme-osa-piiria-1430\/","name":"Olemme osa piiri\u00e4 1430 - Lieksan Rotaryklubi","isPartOf":{"@id":"https:\/\/rotary.fi\/lieksa\/#website"},"datePublished":"2018-10-24T08:32:22+00:00","dateModified":"2024-10-28T16:33:13+00:00","breadcrumb":{"@id":"https:\/\/rotary.fi\/lieksa\/keita-olemme\/olemme-osa-piiria-1430\/#breadcrumb"},"inLanguage":"fi","potentialAction":[{"@type":"ReadAction","target":["https:\/\/rotary.fi\/lieksa\/keita-olemme\/olemme-osa-piiria-1430\/"]}]},{"@type":"BreadcrumbList","@id":"https:\/\/rotary.fi\/lieksa\/keita-olemme\/olemme-osa-piiria-1430\/#breadcrumb","itemListElement":[{"@type":"ListItem","position":1,"name":"Home","item":"https:\/\/rotary.fi\/lieksa\/"},{"@type":"ListItem","position":2,"name":"Keit\u00e4 olemme","item":"https:\/\/rotary.fi\/lieksa\/keita-olemme\/"},{"@type":"ListItem","position":3,"name":"Olemme osa piiri\u00e4 1430"}]},{"@type":"WebSite","@id":"https:\/\/rotary.fi\/lieksa\/#website","url":"https:\/\/rotary.fi\/lieksa\/","name":"Lieksan Rotaryklubi","description":"Uusi Rotary klubisivusto","publisher":{"@id":"https:\/\/rotary.fi\/lieksa\/#organization"},"potentialAction":[{"@type":"SearchAction","target":{"@type":"EntryPoint","urlTemplate":"https:\/\/rotary.fi\/lieksa\/?s={search_term_string}"},"query-input":{"@type":"PropertyValueSpecification","valueRequired":true,"valueName":"search_term_string"}}],"inLanguage":"fi"},{"@type":"Organization","@id":"https:\/\/rotary.fi\/lieksa\/#organization","name":"Lieksan Rotaryklubi","url":"https:\/\/rotary.fi\/lieksa\/","logo":{"@type":"ImageObject","inLanguage":"fi","@id":"https:\/\/rotary.fi\/lieksa\/#\/schema\/logo\/image\/","url":"https:\/\/rotary.fi\/lieksa\/wp-content\/uploads\/sites\/245\/2018\/08\/rotary-logo-main-2.png","contentUrl":"https:\/\/rotary.fi\/lieksa\/wp-content\/uploads\/sites\/245\/2018\/08\/rotary-logo-main-2.png","width":135,"height":52,"caption":"Lieksan Rotaryklubi"},"image":{"@id":"https:\/\/rotary.fi\/lieksa\/#\/schema\/logo\/image\/"}}]}},"lang":"fi","translations":{"fi":273,"en":1434},"pll_sync_post":[],"_links":{"self":[{"href":"https:\/\/rotary.fi\/lieksa\/wp-json\/wp\/v2\/pages\/273","targetHints":{"allow":["GET"]}}],"collection":[{"href":"https:\/\/rotary.fi\/lieksa\/wp-json\/wp\/v2\/pages"}],"about":[{"href":"https:\/\/rotary.fi\/lieksa\/wp-json\/wp\/v2\/types\/page"}],"author":[{"embeddable":true,"href":"https:\/\/rotary.fi\/lieksa\/wp-json\/wp\/v2\/users\/1"}],"replies":[{"embeddable":true,"href":"https:\/\/rotary.fi\/lieksa\/wp-json\/wp\/v2\/comments?post=273"}],"version-history":[{"count":10,"href":"https:\/\/rotary.fi\/lieksa\/wp-json\/wp\/v2\/pages\/273\/revisions"}],"predecessor-version":[{"id":1766,"href":"https:\/\/rotary.fi\/lieksa\/wp-json\/wp\/v2\/pages\/273\/revisions\/1766"}],"up":[{"embeddable":true,"href":"https:\/\/rotary.fi\/lieksa\/wp-json\/wp\/v2\/pages\/129"}],"wp:attachment":[{"href":"https:\/\/rotary.fi\/lieksa\/wp-json\/wp\/v2\/media?parent=273"}],"curies":[{"name":"wp","href":"https:\/\/api.w.org\/{rel}","templated":true}]}}