{"id":77,"date":"2018-08-09T14:01:56","date_gmt":"2018-08-09T11:01:56","guid":{"rendered":"https:\/\/rotary.fi\/klubi2\/?page_id=77"},"modified":"2020-10-18T07:46:30","modified_gmt":"2020-10-18T04:46:30","slug":"mita-teemme","status":"publish","type":"page","link":"https:\/\/rotary.fi\/leppavirta\/mita-teemme\/","title":{"rendered":"Mit\u00e4 teemme"},"content":{"rendered":"<p>[et_pb_section fb_built=&#8221;1&#8243; module_class=&#8221;jumbotron-page&#8221; _builder_version=&#8221;4.0.5&#8243; background_image=&#8221;https:\/\/rotary.fi\/leppavirta\/wp-content\/uploads\/sites\/139\/2019\/11\/rotari-laavu.jpg&#8221;][et_pb_row _builder_version=&#8221;3.25&#8243; background_size=&#8221;initial&#8221; background_position=&#8221;top_left&#8221; background_repeat=&#8221;repeat&#8221;][et_pb_column type=&#8221;4_4&#8243; _builder_version=&#8221;3.25&#8243; custom_padding=&#8221;|||&#8221; custom_padding__hover=&#8221;|||&#8221;][et_pb_text admin_label=&#8221;P\u00e4\u00e4otsikko&#8221; _builder_version=&#8221;3.27.4&#8243; text_orientation=&#8221;center&#8221; background_layout=&#8221;dark&#8221;]<\/p>\n<h1>Mit\u00e4 teemme<\/h1>\n<p>[\/et_pb_text][\/et_pb_column][\/et_pb_row][\/et_pb_section][et_pb_section fb_built=&#8221;1&#8243; specialty=&#8221;on&#8221; module_class_2=&#8221;sivupalkki&#8221; _builder_version=&#8221;3.22&#8243;][et_pb_column type=&#8221;2_3&#8243; specialty_columns=&#8221;2&#8243; _builder_version=&#8221;3.25&#8243; custom_padding=&#8221;|||&#8221; custom_padding__hover=&#8221;|||&#8221;][et_pb_row_inner admin_label=&#8221;Rivi&#8221; _builder_version=&#8221;3.25&#8243;][et_pb_column_inner saved_specialty_column_type=&#8221;2_3&#8243; _builder_version=&#8221;3.25&#8243; custom_padding=&#8221;|||&#8221; custom_padding__hover=&#8221;|||&#8221;][et_pb_text admin_label=&#8221;Otsikko&#8221; _builder_version=&#8221;3.27.4&#8243; text_orientation=&#8221;center&#8221;]<\/p>\n<h1>Mit\u00e4 teemme\u00a0<\/h1>\n<p>[\/et_pb_text][et_pb_text _builder_version=&#8221;3.27.4&#8243; custom_margin=&#8221;-4px|||||&#8221;]<\/p>\n<p><span style=\"font-size: 16px\">Rotarina sinulla on mahdollisuus toimia, vaikuttaa ja tehd\u00e4 hyv\u00e4\u00e4. Lis\u00e4ksi saat mahtavan sosiaalisen verkoston ja elinik\u00e4isi\u00e4 yst\u00e4vi\u00e4 niin kotipaikkakunnaltasi kuin maailmanlaajuisesti. Voit my\u00f6s verkottua oman harrastuksesi jakavien muiden rotareiden kanssa rotareiden moninaisissa kansainv\u00e4lisiss\u00e4 harrastusryhmiss\u00e4.<\/span><\/p>\n<p>Rotaryklubit kokoontuvat joko viikoittain tai rotaryklubin harkinnan mukaisesti harvemmin. Toteutamme palveluprojekteja, esimerkkin\u00e4\u00a0<strong>Paajalanm\u00e4en laavu kaikkien kuntalaisten ja matkailijoiden k\u00e4ytt\u00f6\u00f6n,\u00a0<\/strong>\u00a0<strong>pihakalusteet Lepp\u00e4virran lukiolle, salib\u00e4ndyvarusteet sek\u00e4 matkalippu tulevaisuuteen projekti Kivel\u00e4n koululle.<\/strong>\u00a0<\/p>\n<p>Tuemme humanitaarisia projekteja koordinoivaa Rotarys\u00e4\u00e4ti\u00f6t\u00e4. Saamme viikkokokouksissamme kuulla mielenkiintoisia esitelmi\u00e4. Koulutamme j\u00e4seni\u00e4mme eri teht\u00e4viss\u00e4 toimimisen kautta ja kehit\u00e4mme heid\u00e4n eettist\u00e4 johtajuuttaan.<\/p>\n<p>Haluamme rotareina vaikuttaa ajankohtaisiin haasteisiin. Tartumme toimeen pysyvien muutosten aikaansaamiseksi \u2013 ymp\u00e4ri maapalloa, yhteis\u00f6iss\u00e4mme ja itsess\u00e4mme.<\/p>\n<p>&nbsp;<\/p>\n<p>[\/et_pb_text][\/et_pb_column_inner][\/et_pb_row_inner][\/et_pb_column][et_pb_column type=&#8221;1_3&#8243; _builder_version=&#8221;3.25&#8243; custom_padding=&#8221;|||&#8221; custom_padding__hover=&#8221;|||&#8221;][et_pb_sidebar area=&#8221;sidebar-1&#8243; module_class=&#8221;sivupalkki_sisalto&#8221; _builder_version=&#8221;3.4.1&#8243; locked=&#8221;on&#8221;][\/et_pb_sidebar][\/et_pb_column][\/et_pb_section]<\/p>\n","protected":false},"excerpt":{"rendered":"<p>Mit\u00e4 teemme Mit\u00e4 teemme\u00a0Rotarina sinulla on mahdollisuus toimia, vaikuttaa ja tehd\u00e4 hyv\u00e4\u00e4. Lis\u00e4ksi saat mahtavan sosiaalisen verkoston ja elinik\u00e4isi\u00e4 yst\u00e4vi\u00e4 niin kotipaikkakunnaltasi kuin maailmanlaajuisesti. Voit my\u00f6s verkottua oman harrastuksesi jakavien muiden rotareiden kanssa rotareiden moninaisissa kansainv\u00e4lisiss\u00e4 harrastusryhmiss\u00e4. Rotaryklubit kokoontuvat joko viikoittain tai rotaryklubin harkinnan mukaisesti harvemmin. Toteutamme palveluprojekteja, esimerkkin\u00e4\u00a0Paajalanm\u00e4en laavu kaikkien kuntalaisten ja matkailijoiden k\u00e4ytt\u00f6\u00f6n,\u00a0\u00a0pihakalusteet [&hellip;]<\/p>\n","protected":false},"author":1,"featured_media":0,"parent":0,"menu_order":2,"comment_status":"closed","ping_status":"closed","template":"","meta":{"_acf_changed":false,"_et_pb_use_builder":"on","_et_pb_old_content":"","_et_gb_content_width":"","footnotes":""},"class_list":["post-77","page","type-page","status-publish","hentry"],"acf":[],"yoast_head":"<!-- This site is optimized with the Yoast SEO plugin v27.4 - https:\/\/yoast.com\/product\/yoast-seo-wordpress\/ -->\n<title>Mit\u00e4 teemme - Lepp\u00e4virran Rotaryklubi<\/title>\n<meta name=\"robots\" content=\"index, follow, max-snippet:-1, max-image-preview:large, max-video-preview:-1\" \/>\n<link rel=\"canonical\" href=\"https:\/\/rotary.fi\/leppavirta\/mita-teemme\/\" \/>\n<meta property=\"og:locale\" content=\"fi_FI\" \/>\n<meta property=\"og:type\" content=\"article\" \/>\n<meta property=\"og:title\" content=\"Mit\u00e4 teemme - Lepp\u00e4virran Rotaryklubi\" \/>\n<meta property=\"og:description\" content=\"Mit\u00e4 teemme Mit\u00e4 teemme\u00a0Rotarina sinulla on mahdollisuus toimia, vaikuttaa ja tehd\u00e4 hyv\u00e4\u00e4. Lis\u00e4ksi saat mahtavan sosiaalisen verkoston ja elinik\u00e4isi\u00e4 yst\u00e4vi\u00e4 niin kotipaikkakunnaltasi kuin maailmanlaajuisesti. Voit my\u00f6s verkottua oman harrastuksesi jakavien muiden rotareiden kanssa rotareiden moninaisissa kansainv\u00e4lisiss\u00e4 harrastusryhmiss\u00e4. Rotaryklubit kokoontuvat joko viikoittain tai rotaryklubin harkinnan mukaisesti harvemmin. Toteutamme palveluprojekteja, esimerkkin\u00e4\u00a0Paajalanm\u00e4en laavu kaikkien kuntalaisten ja matkailijoiden k\u00e4ytt\u00f6\u00f6n,\u00a0\u00a0pihakalusteet [&hellip;]\" \/>\n<meta property=\"og:url\" content=\"https:\/\/rotary.fi\/leppavirta\/mita-teemme\/\" \/>\n<meta property=\"og:site_name\" content=\"Lepp\u00e4virran Rotaryklubi\" \/>\n<meta property=\"article:modified_time\" content=\"2020-10-18T04:46:30+00:00\" \/>\n<meta name=\"twitter:card\" content=\"summary_large_image\" \/>\n<meta name=\"twitter:label1\" content=\"Arvioitu lukuaika\" \/>\n\t<meta name=\"twitter:data1\" content=\"2 minuuttia\" \/>\n<script type=\"application\/ld+json\" class=\"yoast-schema-graph\">{\"@context\":\"https:\\\/\\\/schema.org\",\"@graph\":[{\"@type\":\"WebPage\",\"@id\":\"https:\\\/\\\/rotary.fi\\\/leppavirta\\\/mita-teemme\\\/\",\"url\":\"https:\\\/\\\/rotary.fi\\\/leppavirta\\\/mita-teemme\\\/\",\"name\":\"Mit\u00e4 teemme - Lepp\u00e4virran Rotaryklubi\",\"isPartOf\":{\"@id\":\"https:\\\/\\\/rotary.fi\\\/leppavirta\\\/#website\"},\"datePublished\":\"2018-08-09T11:01:56+00:00\",\"dateModified\":\"2020-10-18T04:46:30+00:00\",\"breadcrumb\":{\"@id\":\"https:\\\/\\\/rotary.fi\\\/leppavirta\\\/mita-teemme\\\/#breadcrumb\"},\"inLanguage\":\"fi\",\"potentialAction\":[{\"@type\":\"ReadAction\",\"target\":[\"https:\\\/\\\/rotary.fi\\\/leppavirta\\\/mita-teemme\\\/\"]}]},{\"@type\":\"BreadcrumbList\",\"@id\":\"https:\\\/\\\/rotary.fi\\\/leppavirta\\\/mita-teemme\\\/#breadcrumb\",\"itemListElement\":[{\"@type\":\"ListItem\",\"position\":1,\"name\":\"Home\",\"item\":\"https:\\\/\\\/rotary.fi\\\/leppavirta\\\/\"},{\"@type\":\"ListItem\",\"position\":2,\"name\":\"Mit\u00e4 teemme\"}]},{\"@type\":\"WebSite\",\"@id\":\"https:\\\/\\\/rotary.fi\\\/leppavirta\\\/#website\",\"url\":\"https:\\\/\\\/rotary.fi\\\/leppavirta\\\/\",\"name\":\"Lepp\u00e4virran Rotaryklubi\",\"description\":\"Uusi Rotary klubisivusto\",\"potentialAction\":[{\"@type\":\"SearchAction\",\"target\":{\"@type\":\"EntryPoint\",\"urlTemplate\":\"https:\\\/\\\/rotary.fi\\\/leppavirta\\\/?s={search_term_string}\"},\"query-input\":{\"@type\":\"PropertyValueSpecification\",\"valueRequired\":true,\"valueName\":\"search_term_string\"}}],\"inLanguage\":\"fi\"}]}<\/script>\n<!-- \/ Yoast SEO plugin. -->","yoast_head_json":{"title":"Mit\u00e4 teemme - Lepp\u00e4virran Rotaryklubi","robots":{"index":"index","follow":"follow","max-snippet":"max-snippet:-1","max-image-preview":"max-image-preview:large","max-video-preview":"max-video-preview:-1"},"canonical":"https:\/\/rotary.fi\/leppavirta\/mita-teemme\/","og_locale":"fi_FI","og_type":"article","og_title":"Mit\u00e4 teemme - Lepp\u00e4virran Rotaryklubi","og_description":"Mit\u00e4 teemme Mit\u00e4 teemme\u00a0Rotarina sinulla on mahdollisuus toimia, vaikuttaa ja tehd\u00e4 hyv\u00e4\u00e4. Lis\u00e4ksi saat mahtavan sosiaalisen verkoston ja elinik\u00e4isi\u00e4 yst\u00e4vi\u00e4 niin kotipaikkakunnaltasi kuin maailmanlaajuisesti. Voit my\u00f6s verkottua oman harrastuksesi jakavien muiden rotareiden kanssa rotareiden moninaisissa kansainv\u00e4lisiss\u00e4 harrastusryhmiss\u00e4. Rotaryklubit kokoontuvat joko viikoittain tai rotaryklubin harkinnan mukaisesti harvemmin. Toteutamme palveluprojekteja, esimerkkin\u00e4\u00a0Paajalanm\u00e4en laavu kaikkien kuntalaisten ja matkailijoiden k\u00e4ytt\u00f6\u00f6n,\u00a0\u00a0pihakalusteet [&hellip;]","og_url":"https:\/\/rotary.fi\/leppavirta\/mita-teemme\/","og_site_name":"Lepp\u00e4virran Rotaryklubi","article_modified_time":"2020-10-18T04:46:30+00:00","twitter_card":"summary_large_image","twitter_misc":{"Arvioitu lukuaika":"2 minuuttia"},"schema":{"@context":"https:\/\/schema.org","@graph":[{"@type":"WebPage","@id":"https:\/\/rotary.fi\/leppavirta\/mita-teemme\/","url":"https:\/\/rotary.fi\/leppavirta\/mita-teemme\/","name":"Mit\u00e4 teemme - Lepp\u00e4virran Rotaryklubi","isPartOf":{"@id":"https:\/\/rotary.fi\/leppavirta\/#website"},"datePublished":"2018-08-09T11:01:56+00:00","dateModified":"2020-10-18T04:46:30+00:00","breadcrumb":{"@id":"https:\/\/rotary.fi\/leppavirta\/mita-teemme\/#breadcrumb"},"inLanguage":"fi","potentialAction":[{"@type":"ReadAction","target":["https:\/\/rotary.fi\/leppavirta\/mita-teemme\/"]}]},{"@type":"BreadcrumbList","@id":"https:\/\/rotary.fi\/leppavirta\/mita-teemme\/#breadcrumb","itemListElement":[{"@type":"ListItem","position":1,"name":"Home","item":"https:\/\/rotary.fi\/leppavirta\/"},{"@type":"ListItem","position":2,"name":"Mit\u00e4 teemme"}]},{"@type":"WebSite","@id":"https:\/\/rotary.fi\/leppavirta\/#website","url":"https:\/\/rotary.fi\/leppavirta\/","name":"Lepp\u00e4virran Rotaryklubi","description":"Uusi Rotary klubisivusto","potentialAction":[{"@type":"SearchAction","target":{"@type":"EntryPoint","urlTemplate":"https:\/\/rotary.fi\/leppavirta\/?s={search_term_string}"},"query-input":{"@type":"PropertyValueSpecification","valueRequired":true,"valueName":"search_term_string"}}],"inLanguage":"fi"}]}},"lang":"fi","translations":{"fi":77,"en":1447},"pll_sync_post":[],"_links":{"self":[{"href":"https:\/\/rotary.fi\/leppavirta\/wp-json\/wp\/v2\/pages\/77","targetHints":{"allow":["GET"]}}],"collection":[{"href":"https:\/\/rotary.fi\/leppavirta\/wp-json\/wp\/v2\/pages"}],"about":[{"href":"https:\/\/rotary.fi\/leppavirta\/wp-json\/wp\/v2\/types\/page"}],"author":[{"embeddable":true,"href":"https:\/\/rotary.fi\/leppavirta\/wp-json\/wp\/v2\/users\/1"}],"replies":[{"embeddable":true,"href":"https:\/\/rotary.fi\/leppavirta\/wp-json\/wp\/v2\/comments?post=77"}],"version-history":[{"count":16,"href":"https:\/\/rotary.fi\/leppavirta\/wp-json\/wp\/v2\/pages\/77\/revisions"}],"predecessor-version":[{"id":1922,"href":"https:\/\/rotary.fi\/leppavirta\/wp-json\/wp\/v2\/pages\/77\/revisions\/1922"}],"wp:attachment":[{"href":"https:\/\/rotary.fi\/leppavirta\/wp-json\/wp\/v2\/media?parent=77"}],"curies":[{"name":"wp","href":"https:\/\/api.w.org\/{rel}","templated":true}]}}