{"id":156,"date":"2018-08-13T09:46:59","date_gmt":"2018-08-13T06:46:59","guid":{"rendered":"https:\/\/rotary.fi\/leppavirta\/?page_id=156"},"modified":"2023-08-30T08:10:46","modified_gmt":"2023-08-30T05:10:46","slug":"projektit","status":"publish","type":"page","link":"https:\/\/rotary.fi\/leppavirta\/mita-teemme\/projektit\/","title":{"rendered":"Projektit"},"content":{"rendered":"<p>[et_pb_section fb_built=&#8221;1&#8243; module_class=&#8221;jumbotron-page&#8221; _builder_version=&#8221;4.16&#8243; background_image=&#8221;https:\/\/rotary.fi\/leppavirta\/wp-content\/uploads\/sites\/139\/2019\/11\/rotari-laavu.jpg&#8221; global_colors_info=&#8221;{}&#8221;][et_pb_row _builder_version=&#8221;4.16&#8243; background_size=&#8221;initial&#8221; background_position=&#8221;top_left&#8221; background_repeat=&#8221;repeat&#8221; global_colors_info=&#8221;{}&#8221;][et_pb_column type=&#8221;4_4&#8243; _builder_version=&#8221;4.16&#8243; custom_padding=&#8221;|||&#8221; global_colors_info=&#8221;{}&#8221; custom_padding__hover=&#8221;|||&#8221;][et_pb_text admin_label=&#8221;P\u00e4\u00e4otsikko&#8221; _builder_version=&#8221;4.16&#8243; text_orientation=&#8221;center&#8221; background_layout=&#8221;dark&#8221; global_colors_info=&#8221;{}&#8221;]<\/p>\n<h1>Projektit<\/h1>\n<p>[\/et_pb_text][\/et_pb_column][\/et_pb_row][\/et_pb_section][et_pb_section fb_built=&#8221;1&#8243; specialty=&#8221;on&#8221; module_class_2=&#8221;sivupalkki&#8221; _builder_version=&#8221;4.16&#8243; global_colors_info=&#8221;{}&#8221;][et_pb_column type=&#8221;2_3&#8243; specialty_columns=&#8221;2&#8243; _builder_version=&#8221;4.16&#8243; custom_padding=&#8221;|||&#8221; global_colors_info=&#8221;{}&#8221; parallax__hover=&#8221;off&#8221; parallax_method__hover=&#8221;on&#8221; custom_padding__hover=&#8221;|||&#8221;][et_pb_row_inner admin_label=&#8221;Rivi&#8221; _builder_version=&#8221;4.16&#8243; global_colors_info=&#8221;{}&#8221;][et_pb_column_inner saved_specialty_column_type=&#8221;2_3&#8243; _builder_version=&#8221;4.16&#8243; custom_padding=&#8221;|||&#8221; global_colors_info=&#8221;{}&#8221; parallax__hover=&#8221;off&#8221; parallax_method__hover=&#8221;on&#8221; custom_padding__hover=&#8221;|||&#8221;][et_pb_text admin_label=&#8221;Projektit &#8211; Otsikko&#8221; _builder_version=&#8221;4.16&#8243; text_orientation=&#8221;center&#8221; global_colors_info=&#8221;{}&#8221;]<\/p>\n<h1>Projektit<\/h1>\n<p>[\/et_pb_text][et_pb_text _builder_version=&#8221;4.16&#8243; global_colors_info=&#8221;{}&#8221;]<\/p>\n<p><span style=\"font-size: 16px\">Rotary on palveluj\u00e4rjest\u00f6. Toimimme tunnuslauseemme Palvelu itsekkyyden edelle (Service above self) mukaisesti paikallisesti ja maailmanlaajuisesti. Kansainv\u00e4linen humanit\u00e4\u00e4rinen palvelumme toteutuu Rotarys\u00e4\u00e4ti\u00f6mme koordinoimana ja hyv\u00e4ksyttyjen kumppaneiden kanssa.<\/span><\/p>\n<p><span style=\"font-size: large\"><strong>Talkoita ja palveluprojekteja vuosien varrelta<\/strong><\/span><\/p>\n<p>[\/et_pb_text][et_pb_text _builder_version=&#8221;4.16&#8243; global_colors_info=&#8221;{}&#8221;]<\/p>\n<p><span style=\"font-size: 16px\"><strong>2023 Jalkoja jalattomille Intiaan Vol #2 <\/strong><\/span><\/p>\n<div dir=\"auto\">\n<p><span class=\"x193iq5w xeuugli x13faqbe x1vvkbs x1xmvt09 x1lliihq x1s928wv xhkezso x1gmr53x x1cpjm7i x1fgarty x1943h6x xudqn12 x3x7a5m x6prxxf xvq8zen xo1l8bm xzsf02u x1yc453h\" dir=\"auto\">Ensimm\u00e4inen proteesiprojekti Intian Kolkatassa (entinen Kalkutta) oli niin menestys ett\u00e4 projekti jatkuu uudella jonka budjetti ~68 500\u20ac. My\u00f6s Suomesta t\u00e4h\u00e4n projektiin osallistuu yli 17 Rotaryklubia, n. 20 yksityishenkil\u00f6\u00e4, kuusi Rotarypiiri\u00e4&#8230; Projekti on jo hyv\u00e4ss\u00e4 toteutusvaiheessa, tavoitteena ett\u00e4 Huhtikuun 2023 loppuun menness\u00e4 ~1400 tarvitsijaa on saanut uuden proteesin. My\u00f6s Lepp\u00e4virran Rotaryklubi osallistui t\u00e4h\u00e4n projektiin. T\u00e4m\u00e4n projektin julkaisu <a href=\"https:\/\/drive.google.com\/file\/d\/1DKmCr2XrVTX00I_tcCd6y91iGvDry7O-\/view?usp=drive_link\">t\u00e4st\u00e4 linkist\u00e4<\/a>.<br \/><\/span><\/p>\n<p><span><\/span><\/p>\n<\/div>\n<p><span><\/span><\/p>\n<p><strong><\/strong><\/p>\n<p>[\/et_pb_text][et_pb_gallery gallery_ids=&#8221;2833,2834,2835,2836&#8243; _builder_version=&#8221;4.20.4&#8243; _module_preset=&#8221;default&#8221; global_colors_info=&#8221;{}&#8221;][\/et_pb_gallery][et_pb_text _builder_version=&#8221;4.16&#8243; global_colors_info=&#8221;{}&#8221;]<\/p>\n<p><span style=\"font-size: 16px\"><strong>2022 Vesireppu projekti <\/strong><\/span><\/p>\n<div dir=\"auto\">\n<p><span class=\"monospace\">Lepp\u00e4virran Rotaryt p\u00e4\u00e4ttiv\u00e4t l\u00e4hte\u00e4 mukaan vesireppu projektiin.<\/span><\/p>\n<p>Vesireppu sis\u00e4lt\u00e4\u00e4 v\u00e4lineet ja ohjeet, joiden avulla l\u00e4hivesist\u00f6n tutkiminen on helppoa ja hauskaa. Mit\u00e4 n\u00e4k\u00f6syvyys kertoo vesist\u00f6n tilasta? L\u00f6ytyyk\u00f6 vedest\u00e4 sinilev\u00e4\u00e4 ja olisiko siell\u00e4 turvallista uida? Ent\u00e4 milt\u00e4 n\u00e4ytt\u00e4\u00e4 veden happitilanne?<span class=\"monospace\"><\/span><\/p>\n<p><strong>Vesirepun avulla voidaan tutkia seuraavia asioita<\/strong>:<\/p>\n<ul>\n<li>l\u00e4mp\u00f6tilaa (vesil\u00e4mp\u00f6mittari)<\/li>\n<li>n\u00e4k\u00f6syvyytt\u00e4 (Secchi-levy)<\/li>\n<li>sinilev\u00e4tilannetta<\/li>\n<li>sameutta (World Water Monitoring Challenge -purkki, tarra ja sameusasteikko)<\/li>\n<li>happipitoisuutta (testiputki,DO-tabletti, v\u00e4riasteikko)<\/li>\n<li>fosfori- ja typpipitoisuutta vedess\u00e4<\/li>\n<\/ul>\n<p><strong>Vesirepun k\u00e4ytt\u00f6 opetuksessa<\/strong><\/p>\n<p>Vesireppua k\u00e4ytet\u00e4\u00e4n l\u00e4hiymp\u00e4rist\u00f6n tutkimiseen. Kouluissa voi oppilaiden kanssa koota \u201dOman l\u00e4hiveden tarinan\u201d, joka alkaa oppilaiden ennakkok\u00e4sitysten kartoittamisella esimerkiksi ajatuskartan avulla. Seuraavaksi tutustutaan yhdess\u00e4 tutkimusv\u00e4lineisiin ja matkataan n\u00e4ytteenottoon l\u00e4hivesist\u00f6n rantaan Vesirepun ohjeita ja v\u00e4lineit\u00e4 hy\u00f6dynt\u00e4en. Maastossa otetaan kuvia ja luokassa havainnot voidaan kirjata yhdess\u00e4 yl\u00f6s vaikkapa J\u00e4rvi&amp;MeriWiki-palveluun. Vaikka Vesireppu on kehitetty ensisijaisesti kouluille, se soveltuu mainiosti my\u00f6s kaikille veden tilan seurannasta kiinnostuneille kansalaisille.<span class=\"monospace\"> Vesirepusta on lis\u00e4\u00e4 tietoa esimerkiksi <a href=\"https:\/\/www.vesireppu.com\/\" target=\"_blank\" rel=\"noopener\">https:\/\/www.vesireppu.com\/<\/a><\/span><\/p>\n<p>Lepp\u00e4virran Rotaryklubi hankki 10 vesireppua Lepp\u00e4virran kouluille jotta kaikki Lepp\u00e4virran peruskoulut voivat osallistua vesist\u00f6n tutkimiseen.<\/p>\n<p>Koululaisten ryhm\u00e4t tutkivat vesist\u00f6\u00e4 Lepp\u00e4virralla itsen\u00e4isesti kev\u00e4\u00e4ll\u00e4 2022 mutta <br \/>Lepp\u00e4virran Rotaryt my\u00f6s osallistuivat ja auttoivat tutkimuksissa 22.4.2022.<\/p>\n<p>&nbsp;<\/p>\n<p><span><\/span><\/p>\n<\/div>\n<p><span><\/span><\/p>\n<p><strong><\/strong><\/p>\n<p>[\/et_pb_text][et_pb_gallery gallery_ids=&#8221;2587,2596,2599,2583&#8243; _builder_version=&#8221;4.18.0&#8243; _module_preset=&#8221;default&#8221; global_colors_info=&#8221;{}&#8221;][\/et_pb_gallery][et_pb_text _builder_version=&#8221;4.16&#8243; global_colors_info=&#8221;{}&#8221;]<\/p>\n<p><span style=\"font-size: 16px\"><strong>2022 Jalkoja jalattomille Intiaan <\/strong><\/span><\/p>\n<div dir=\"auto\">\n<p>Lepp\u00e4virran Rotarit osallistuivat jalkoja jalattomille projektiin joka alkoi 2021 ja on yh\u00e4 meneill\u00e4\u00e4n vuonna 2022. Tavoitteena on saada proteesi raajansa menett\u00e4neille jotta he voisivat selvit\u00e4 paremmin el\u00e4m\u00e4ss\u00e4. Useinkaan varsinkin k\u00f6yhemmill\u00e4 ihmisill\u00e4 ei ole varaa hankkia proteesia menetetyn raajan tilalle. Klubimme oli projektiin osallistumisessa aloitteen tekij\u00e4n\u00e4. T\u00e4h\u00e4n ns. Global Grant projektiin osallistuimme Rotarypiirimme 1430 ja kolmen muun piirin sek\u00e4 16 muun klubin kanssa. Projektin kokonaisbudjetti on ~42 500\u20ac ja jo kahden kuukauden kuluttua projektin alkamisesta oli yli 10% projektin budjetista k\u00e4ytetty.\u00a0<\/p>\n<p><span><\/span><\/p>\n<\/div>\n<p><span><\/span><\/p>\n<p><strong><\/strong><\/p>\n<p>[\/et_pb_text][et_pb_gallery gallery_ids=&#8221;2472,2466,2468,2469&#8243; _builder_version=&#8221;4.16&#8243; _module_preset=&#8221;default&#8221; global_colors_info=&#8221;{}&#8221;][\/et_pb_gallery][et_pb_text _builder_version=&#8221;4.16&#8243; global_colors_info=&#8221;{}&#8221;]<\/p>\n<p><span style=\"font-size: 16px\"><strong>2021 Keinun lahjoitus Konnustuvalle <\/strong><\/span><\/p>\n<div dir=\"auto\">\n<p>Lepp\u00e4virran Rotaryklubin lahjoitti puukeinun Lepp\u00e4virran lukiolle vuonna 2017. T\u00e4m\u00e4 keinu siirrettiin lukion muuton yhteydess\u00e4 yl\u00e4koulun pihalle. Valitettavasti keinu joutui ilkivallan kohteeksi ja se rikottiin melko perusteellisesti. Rotarit p\u00e4\u00e4ttiv\u00e4t silti kunnostaa keinun ja lahjoittaa sen uuteen valikoituun kohteeseen <a href=\"https:\/\/konnus.fi\/\">Konnustuvalle<\/a>. Kunnostustiimi Eeva ja Ilkka Pehkonen sek\u00e4 Antti Ihalainen viettiv\u00e4t kolme iltaa keinun korjaus- ja kunnostuspuuhissa. Ty\u00f6t\u00e4 nopeutti merkitt\u00e4v\u00e4sti Ilkan etuk\u00e4teen tekem\u00e4t valmiit puuosat jotka laitettiin paikalleen.<\/p>\n<p>Keinun virallinen luovutus pidettiin syyskauden avauskokouksessa 24.8.2021. Konnustuvan puolesta keinun vastaanottivat Taru Oksman ja Kimmo Lehtonen.<\/p>\n<p>&nbsp;<\/p>\n<p><span><\/span><\/p>\n<\/div>\n<p><span><\/span><\/p>\n<p><strong><\/strong><\/p>\n<p>[\/et_pb_text][et_pb_gallery gallery_ids=&#8221;2262,2261,2263,2260&#8243; _builder_version=&#8221;4.16&#8243; _module_preset=&#8221;default&#8221; global_colors_info=&#8221;{}&#8221;][\/et_pb_gallery][et_pb_text _builder_version=&#8221;4.16&#8243; global_colors_info=&#8221;{}&#8221;]<\/p>\n<p><span style=\"font-size: 16px\"><strong>2021 Lahjoitus lasten- ja nuortenkirjoihin Lepp\u00e4virran kirjastolle <\/strong><\/span><\/p>\n<div dir=\"auto\">\n<p>Lepp\u00e4virran Rotaryklubin teki 1500 euron arvoisen kirjalahjoituksen, jonka mahdollistivat Markus Haraldin, Raimo Auvisen ja Teppo Ritarin kokoamasta Lepp\u00e4virta vanhoissa postikorteissa -kirjasta saadut tuotot. N\u00e4ill\u00e4 tuotoilla on aiemmin hankittu muun muassa liikuntav\u00e4lineit\u00e4 Lepp\u00e4virran kouluihin. Kirjalahjoitus k\u00e4ytettiin lasten- ja nuortenkirjoihin. Idea tuli klubiaktiivi Eeva-Liisa Pennaselta.<\/p>\n<p>Lahjoituksen ansiosta saadut reilut sata kirjaa kirjasto hankki itsen\u00e4isesti. Lahjoituskirjan tunnistaa takakannessa olevasta Rotary-tarrasta.<\/p>\n<p><span><\/span><\/p>\n<\/div>\n<p><span><\/span><\/p>\n<p><strong><\/strong><\/p>\n<p>[\/et_pb_text][et_pb_gallery gallery_ids=&#8221;2172&#8243; _builder_version=&#8221;4.16&#8243; _module_preset=&#8221;default&#8221; global_colors_info=&#8221;{}&#8221;][\/et_pb_gallery][et_pb_text _builder_version=&#8221;4.16&#8243; global_colors_info=&#8221;{}&#8221;]<\/p>\n<p><span style=\"font-size: 16px\"><strong>2021 Rotaryt tukemassa Lepp\u00e4virran koulun valokuvan\u00e4yttely\u00e4 <\/strong><\/span><\/p>\n<div dir=\"auto\">\n<p>Anu-Riikka Utriaisen valokuvan\u00e4yttely Yst\u00e4v\u00e4n\u00e4 kasvit \u2013 Heijastuksia oli esill\u00e4 Lepp\u00e4kertun koululla maaliskuun puolelle 2021. N\u00e4yttely oli osa Anu-Riikan valokuvausopintoja. Sarja koostui abstrakteista ja esitt\u00e4vist\u00e4 kuvista, joissa kuvattiin kasveja tai ihmisi\u00e4 ja kasveja.<\/p>\n<p>Lepp\u00e4virran Rotaryklubi oli my\u00f6s osaltaan tukemassa t\u00e4t\u00e4 hanketta.<\/p>\n<p><span><\/span><\/p>\n<\/div>\n<p><span><\/span><\/p>\n<p><strong><\/strong><\/p>\n<p>[\/et_pb_text][et_pb_gallery gallery_ids=&#8221;2177&#8243; _builder_version=&#8221;4.16&#8243; _module_preset=&#8221;default&#8221; global_colors_info=&#8221;{}&#8221;][\/et_pb_gallery][et_pb_text _builder_version=&#8221;4.16&#8243; global_colors_info=&#8221;{}&#8221;]<\/p>\n<p><span style=\"font-size: 16px\"><strong>2020 Lepp\u00e4virran Lepp\u00e4kertun koulun taululahjoitus <\/strong><\/span><\/p>\n<div dir=\"auto\">Lepp\u00e4kertun koululla vietettiin pienimuotoinen juhlallinen hetki syyskuussa 2020, kun oli aika paljastaa Lepp\u00e4virran Rotaryklubin lahjoittama, taiteilija Jorma Hynnisen maalaama taulu. Samassa yhteydess\u00e4 Lepp\u00e4virran Rotaryklubi lahjoitti ison kasan liikuntav\u00e4lineit\u00e4.<\/div>\n<p><span><\/span><\/p>\n<p><span>Taulu l\u00f6ysi arvoisensa paikan ja ker\u00e4si heti ihastelevia katseita. Jorma Hynninen kertoi ty\u00f6ns\u00e4 vaiheista ja nosti esiin kiehtovan, mystisen usvan, joka saa mielikuvituksen liikkeelle.<\/span><\/p>\n<p><strong><\/strong><\/p>\n<p>[\/et_pb_text][et_pb_gallery gallery_ids=&#8221;1901,1900,1902&#8243; _builder_version=&#8221;4.16&#8243; global_colors_info=&#8221;{}&#8221;][\/et_pb_gallery][et_pb_text _builder_version=&#8221;4.16&#8243; global_colors_info=&#8221;{}&#8221;]<\/p>\n<p><strong>2018 Laavu Paajalanm\u00e4elle<\/strong><span style=\"font-size: 16px\"><\/span><\/p>\n<p>Laavuhanke oli klubipresidentti Olavi R\u00e4is\u00e4sen (2016-2017) idea. Sijoituspaikka laavulle l\u00f6ytyi Paajalanm\u00e4elt\u00e4 ulkoilureitin varrelta. Hirsikehikko hankittiin alaj\u00e4rvel\u00e4iselt\u00e4 Finnlamellilta ja vuolukivinen grilli Savonrannalla toimivalta Polarstonelta. Pystytysty\u00f6 teetettiin kahdella rakennusammattilaisella mutta maalauksen tekiv\u00e4t klubilaiset talkooty\u00f6n\u00e4.<\/p>\n<p>Valmis laavu luovutettiin Lepp\u00e4virran kunnalle ja kaikkien alueella liikkuvien k\u00e4ytt\u00f6\u00f6n.<\/p>\n<p><span><\/span><\/p>\n<p><strong><\/strong><\/p>\n<p>[\/et_pb_text][et_pb_gallery gallery_ids=&#8221;1947,1942,1943,1948,1944,1945,1949&#8243; posts_number=&#8221;7&#8243; _builder_version=&#8221;4.16&#8243; global_colors_info=&#8221;{}&#8221;][\/et_pb_gallery][et_pb_text _builder_version=&#8221;4.16&#8243; global_colors_info=&#8221;{}&#8221;]<\/p>\n<p><strong>2018\u00a0Lepp\u00e4virran lukiolle oppilaiden viihtyvyytt\u00e4 lis\u00e4\u00e4v\u00e4t pihakalusteet<\/strong><span style=\"font-size: 16px\"><\/span><\/p>\n<p>Lepp\u00e4virran Rotaryklubi lahjoitti Lepp\u00e4virran lukiolle perinnekeinun sek\u00e4 p\u00f6yt\u00e4ryhm\u00e4n. Ajatus lukion pihapiirin viihtyvyyden lis\u00e4\u00e4misest\u00e4 sai alkunsa kev\u00e4\u00e4ll\u00e4 2017 tehdyst\u00e4 koulukyselyst\u00e4, jossa opiskelijat toivoivat lukion pihalle paikkaa, jossa istuskella. Lepp\u00e4virran klubi tarjoutui hankkimaan kalusteet. Pihakalusteet palvelevat mainiosti my\u00f6s kirjaston ja p\u00e4iv\u00e4kodin k\u00e4ytt\u00e4ji\u00e4.<strong><\/strong><\/p>\n<p><span style=\"font-size: 16px\"><strong> <\/strong><\/span><\/p>\n<p><span><\/span><\/p>\n<p><strong><\/strong><\/p>\n<p>[\/et_pb_text][et_pb_gallery gallery_ids=&#8221;1914,1915,1916,1917&#8243; _builder_version=&#8221;4.16&#8243; global_colors_info=&#8221;{}&#8221;][\/et_pb_gallery][et_pb_text _builder_version=&#8221;4.16&#8243; global_colors_info=&#8221;{}&#8221;]<\/p>\n<p><strong>2017\u00a0Kivel\u00e4n koulun projekteja<\/strong><\/p>\n<p>Klubimme lahjoitti oppilaiden k\u00e4ytt\u00f6\u00f6n lahjoitetut salibandyvarusteet, joista riitt\u00e4\u00e4 kerrallaan nelj\u00e4lle joukkueelle. Matkalippu tulevaisuuteen -projektimme puolestaan tutustutti yl\u00e4koululaiset hyv\u00e4n k\u00e4ytt\u00e4ytymisen merkitykseen ja tarjosi kymmenille nuorille kes\u00e4ty\u00f6mahdollisuuden viiten\u00e4 vuotena per\u00e4kk\u00e4in.<span style=\"font-size: 16px\"><\/span><\/p>\n<p><span style=\"font-size: 16px\"><strong> <\/strong><\/span><\/p>\n<p><span><\/span><\/p>\n<p><strong><\/strong><\/p>\n<p>[\/et_pb_text][et_pb_text _builder_version=&#8221;4.16&#8243; global_colors_info=&#8221;{}&#8221;]<\/p>\n<p><strong>2016 Lepp\u00e4virta vanhoissa postikorteissa<\/strong><\/p>\n<p>Klubimme teki Lepp\u00e4virta vanhoissa postikorteissa -kirjan, jonka myyntituloilla\u00a0 hankitaan hyvinvointia lepp\u00e4virtalaisille nuorille. Kivel\u00e4n koulun salibandyvarusteet ja lukion puutarhakalusteet on hankittu my\u00f6s n\u00e4ill\u00e4 tuloilla. Maakunnan kotiseutuyhdistyksen ja Lepp\u00e4virran kunnan kulttuuritoimen palkitsemasta kirjaprojektista vastasivat Raimo Auvinen, Markus Harald ja Teppo Ritari.<span style=\"font-size: 16px\"><\/span><\/p>\n<p><span style=\"font-size: 16px\"><strong> <\/strong><\/span><\/p>\n<p><span><\/span><\/p>\n<p><strong><\/strong><\/p>\n<p>[\/et_pb_text][et_pb_gallery gallery_ids=&#8221;1918,1919&#8243; _builder_version=&#8221;4.16&#8243; global_colors_info=&#8221;{}&#8221;][\/et_pb_gallery][\/et_pb_column_inner][\/et_pb_row_inner][\/et_pb_column][et_pb_column type=&#8221;1_3&#8243; module_class=&#8221;sivupalkki&#8221; _builder_version=&#8221;4.16&#8243; custom_padding=&#8221;|||&#8221; global_colors_info=&#8221;{}&#8221; parallax__hover=&#8221;off&#8221; parallax_method__hover=&#8221;on&#8221; module_class__hover=&#8221;sivupalkki&#8221; custom_padding__hover=&#8221;|||&#8221;][et_pb_sidebar area=&#8221;sidebar-1&#8243; module_class=&#8221;sivupalkki_sisalto&#8221; _builder_version=&#8221;4.16&#8243; locked=&#8221;on&#8221; global_colors_info=&#8221;{}&#8221;][\/et_pb_sidebar][\/et_pb_column][\/et_pb_section]<\/p>\n","protected":false},"excerpt":{"rendered":"<p>Projektit Projektit Rotary on palveluj\u00e4rjest\u00f6. Toimimme tunnuslauseemme Palvelu itsekkyyden edelle (Service above self) mukaisesti paikallisesti ja maailmanlaajuisesti. Kansainv\u00e4linen humanit\u00e4\u00e4rinen palvelumme toteutuu Rotarys\u00e4\u00e4ti\u00f6mme koordinoimana ja hyv\u00e4ksyttyjen kumppaneiden kanssa. Talkoita ja palveluprojekteja vuosien varrelta2023 Jalkoja jalattomille Intiaan Vol #2 Ensimm\u00e4inen proteesiprojekti Intian Kolkatassa (entinen Kalkutta) oli niin menestys ett\u00e4 projekti jatkuu uudella jonka budjetti ~68 500\u20ac. My\u00f6s [&hellip;]<\/p>\n","protected":false},"author":1,"featured_media":0,"parent":77,"menu_order":2,"comment_status":"closed","ping_status":"closed","template":"","meta":{"_acf_changed":false,"_et_pb_use_builder":"on","_et_pb_old_content":"","_et_gb_content_width":"","footnotes":""},"class_list":["post-156","page","type-page","status-publish","hentry"],"acf":[],"yoast_head":"<!-- This site is optimized with the Yoast SEO plugin v27.4 - https:\/\/yoast.com\/product\/yoast-seo-wordpress\/ -->\n<title>Projektit - Lepp\u00e4virran Rotaryklubi<\/title>\n<meta name=\"robots\" content=\"index, follow, max-snippet:-1, max-image-preview:large, max-video-preview:-1\" \/>\n<link rel=\"canonical\" href=\"https:\/\/rotary.fi\/leppavirta\/mita-teemme\/projektit\/\" \/>\n<meta property=\"og:locale\" content=\"fi_FI\" \/>\n<meta property=\"og:type\" content=\"article\" \/>\n<meta property=\"og:title\" content=\"Projektit - Lepp\u00e4virran Rotaryklubi\" \/>\n<meta property=\"og:description\" content=\"Projektit Projektit Rotary on palveluj\u00e4rjest\u00f6. Toimimme tunnuslauseemme Palvelu itsekkyyden edelle (Service above self) mukaisesti paikallisesti ja maailmanlaajuisesti. Kansainv\u00e4linen humanit\u00e4\u00e4rinen palvelumme toteutuu Rotarys\u00e4\u00e4ti\u00f6mme koordinoimana ja hyv\u00e4ksyttyjen kumppaneiden kanssa. Talkoita ja palveluprojekteja vuosien varrelta2023 Jalkoja jalattomille Intiaan Vol #2 Ensimm\u00e4inen proteesiprojekti Intian Kolkatassa (entinen Kalkutta) oli niin menestys ett\u00e4 projekti jatkuu uudella jonka budjetti ~68 500\u20ac. My\u00f6s [&hellip;]\" \/>\n<meta property=\"og:url\" content=\"https:\/\/rotary.fi\/leppavirta\/mita-teemme\/projektit\/\" \/>\n<meta property=\"og:site_name\" content=\"Lepp\u00e4virran Rotaryklubi\" \/>\n<meta property=\"article:modified_time\" content=\"2023-08-30T05:10:46+00:00\" \/>\n<meta name=\"twitter:card\" content=\"summary_large_image\" \/>\n<meta name=\"twitter:label1\" content=\"Arvioitu lukuaika\" \/>\n\t<meta name=\"twitter:data1\" content=\"7 minuuttia\" \/>\n<script type=\"application\/ld+json\" class=\"yoast-schema-graph\">{\"@context\":\"https:\\\/\\\/schema.org\",\"@graph\":[{\"@type\":\"WebPage\",\"@id\":\"https:\\\/\\\/rotary.fi\\\/leppavirta\\\/mita-teemme\\\/projektit\\\/\",\"url\":\"https:\\\/\\\/rotary.fi\\\/leppavirta\\\/mita-teemme\\\/projektit\\\/\",\"name\":\"Projektit - Lepp\u00e4virran Rotaryklubi\",\"isPartOf\":{\"@id\":\"https:\\\/\\\/rotary.fi\\\/leppavirta\\\/#website\"},\"datePublished\":\"2018-08-13T06:46:59+00:00\",\"dateModified\":\"2023-08-30T05:10:46+00:00\",\"breadcrumb\":{\"@id\":\"https:\\\/\\\/rotary.fi\\\/leppavirta\\\/mita-teemme\\\/projektit\\\/#breadcrumb\"},\"inLanguage\":\"fi\",\"potentialAction\":[{\"@type\":\"ReadAction\",\"target\":[\"https:\\\/\\\/rotary.fi\\\/leppavirta\\\/mita-teemme\\\/projektit\\\/\"]}]},{\"@type\":\"BreadcrumbList\",\"@id\":\"https:\\\/\\\/rotary.fi\\\/leppavirta\\\/mita-teemme\\\/projektit\\\/#breadcrumb\",\"itemListElement\":[{\"@type\":\"ListItem\",\"position\":1,\"name\":\"Home\",\"item\":\"https:\\\/\\\/rotary.fi\\\/leppavirta\\\/\"},{\"@type\":\"ListItem\",\"position\":2,\"name\":\"Mit\u00e4 teemme\",\"item\":\"https:\\\/\\\/rotary.fi\\\/leppavirta\\\/mita-teemme\\\/\"},{\"@type\":\"ListItem\",\"position\":3,\"name\":\"Projektit\"}]},{\"@type\":\"WebSite\",\"@id\":\"https:\\\/\\\/rotary.fi\\\/leppavirta\\\/#website\",\"url\":\"https:\\\/\\\/rotary.fi\\\/leppavirta\\\/\",\"name\":\"Lepp\u00e4virran Rotaryklubi\",\"description\":\"Uusi Rotary klubisivusto\",\"potentialAction\":[{\"@type\":\"SearchAction\",\"target\":{\"@type\":\"EntryPoint\",\"urlTemplate\":\"https:\\\/\\\/rotary.fi\\\/leppavirta\\\/?s={search_term_string}\"},\"query-input\":{\"@type\":\"PropertyValueSpecification\",\"valueRequired\":true,\"valueName\":\"search_term_string\"}}],\"inLanguage\":\"fi\"}]}<\/script>\n<!-- \/ Yoast SEO plugin. -->","yoast_head_json":{"title":"Projektit - Lepp\u00e4virran Rotaryklubi","robots":{"index":"index","follow":"follow","max-snippet":"max-snippet:-1","max-image-preview":"max-image-preview:large","max-video-preview":"max-video-preview:-1"},"canonical":"https:\/\/rotary.fi\/leppavirta\/mita-teemme\/projektit\/","og_locale":"fi_FI","og_type":"article","og_title":"Projektit - Lepp\u00e4virran Rotaryklubi","og_description":"Projektit Projektit Rotary on palveluj\u00e4rjest\u00f6. Toimimme tunnuslauseemme Palvelu itsekkyyden edelle (Service above self) mukaisesti paikallisesti ja maailmanlaajuisesti. Kansainv\u00e4linen humanit\u00e4\u00e4rinen palvelumme toteutuu Rotarys\u00e4\u00e4ti\u00f6mme koordinoimana ja hyv\u00e4ksyttyjen kumppaneiden kanssa. Talkoita ja palveluprojekteja vuosien varrelta2023 Jalkoja jalattomille Intiaan Vol #2 Ensimm\u00e4inen proteesiprojekti Intian Kolkatassa (entinen Kalkutta) oli niin menestys ett\u00e4 projekti jatkuu uudella jonka budjetti ~68 500\u20ac. My\u00f6s [&hellip;]","og_url":"https:\/\/rotary.fi\/leppavirta\/mita-teemme\/projektit\/","og_site_name":"Lepp\u00e4virran Rotaryklubi","article_modified_time":"2023-08-30T05:10:46+00:00","twitter_card":"summary_large_image","twitter_misc":{"Arvioitu lukuaika":"7 minuuttia"},"schema":{"@context":"https:\/\/schema.org","@graph":[{"@type":"WebPage","@id":"https:\/\/rotary.fi\/leppavirta\/mita-teemme\/projektit\/","url":"https:\/\/rotary.fi\/leppavirta\/mita-teemme\/projektit\/","name":"Projektit - Lepp\u00e4virran Rotaryklubi","isPartOf":{"@id":"https:\/\/rotary.fi\/leppavirta\/#website"},"datePublished":"2018-08-13T06:46:59+00:00","dateModified":"2023-08-30T05:10:46+00:00","breadcrumb":{"@id":"https:\/\/rotary.fi\/leppavirta\/mita-teemme\/projektit\/#breadcrumb"},"inLanguage":"fi","potentialAction":[{"@type":"ReadAction","target":["https:\/\/rotary.fi\/leppavirta\/mita-teemme\/projektit\/"]}]},{"@type":"BreadcrumbList","@id":"https:\/\/rotary.fi\/leppavirta\/mita-teemme\/projektit\/#breadcrumb","itemListElement":[{"@type":"ListItem","position":1,"name":"Home","item":"https:\/\/rotary.fi\/leppavirta\/"},{"@type":"ListItem","position":2,"name":"Mit\u00e4 teemme","item":"https:\/\/rotary.fi\/leppavirta\/mita-teemme\/"},{"@type":"ListItem","position":3,"name":"Projektit"}]},{"@type":"WebSite","@id":"https:\/\/rotary.fi\/leppavirta\/#website","url":"https:\/\/rotary.fi\/leppavirta\/","name":"Lepp\u00e4virran Rotaryklubi","description":"Uusi Rotary klubisivusto","potentialAction":[{"@type":"SearchAction","target":{"@type":"EntryPoint","urlTemplate":"https:\/\/rotary.fi\/leppavirta\/?s={search_term_string}"},"query-input":{"@type":"PropertyValueSpecification","valueRequired":true,"valueName":"search_term_string"}}],"inLanguage":"fi"}]}},"lang":"fi","translations":{"fi":156,"en":1451},"pll_sync_post":[],"_links":{"self":[{"href":"https:\/\/rotary.fi\/leppavirta\/wp-json\/wp\/v2\/pages\/156","targetHints":{"allow":["GET"]}}],"collection":[{"href":"https:\/\/rotary.fi\/leppavirta\/wp-json\/wp\/v2\/pages"}],"about":[{"href":"https:\/\/rotary.fi\/leppavirta\/wp-json\/wp\/v2\/types\/page"}],"author":[{"embeddable":true,"href":"https:\/\/rotary.fi\/leppavirta\/wp-json\/wp\/v2\/users\/1"}],"replies":[{"embeddable":true,"href":"https:\/\/rotary.fi\/leppavirta\/wp-json\/wp\/v2\/comments?post=156"}],"version-history":[{"count":10,"href":"https:\/\/rotary.fi\/leppavirta\/wp-json\/wp\/v2\/pages\/156\/revisions"}],"predecessor-version":[{"id":2988,"href":"https:\/\/rotary.fi\/leppavirta\/wp-json\/wp\/v2\/pages\/156\/revisions\/2988"}],"up":[{"embeddable":true,"href":"https:\/\/rotary.fi\/leppavirta\/wp-json\/wp\/v2\/pages\/77"}],"wp:attachment":[{"href":"https:\/\/rotary.fi\/leppavirta\/wp-json\/wp\/v2\/media?parent=156"}],"curies":[{"name":"wp","href":"https:\/\/api.w.org\/{rel}","templated":true}]}}