{"id":1447,"date":"2019-02-20T13:12:17","date_gmt":"2019-02-20T11:12:17","guid":{"rendered":"https:\/\/rotary.fi\/leppavirta\/?page_id=1447"},"modified":"2020-11-25T11:07:36","modified_gmt":"2020-11-25T09:07:36","slug":"what-we-do","status":"publish","type":"page","link":"https:\/\/rotary.fi\/leppavirta\/en\/what-we-do\/","title":{"rendered":"What We Do"},"content":{"rendered":"<p>[et_pb_section fb_built=&#8221;1&#8243; module_class=&#8221;jumbotron-page&#8221; _builder_version=&#8221;4.4.8&#8243; background_image=&#8221;https:\/\/rotary.fi\/leppavirta\/wp-content\/uploads\/sites\/139\/2020\/11\/rotari-laavu-1024&#215;768-1.jpg&#8221; hover_enabled=&#8221;0&#8243; title_text=&#8221;rotari-laavu-1024&#215;768&#8243;][et_pb_row _builder_version=&#8221;3.25&#8243; background_size=&#8221;initial&#8221; background_position=&#8221;top_left&#8221; background_repeat=&#8221;repeat&#8221; hover_enabled=&#8221;0&#8243;][et_pb_column type=&#8221;4_4&#8243; _builder_version=&#8221;3.25&#8243; custom_padding=&#8221;|||&#8221; custom_padding__hover=&#8221;|||&#8221;][et_pb_text admin_label=&#8221;P\u00e4\u00e4otsikko: What We Do&#8221; _builder_version=&#8221;3.27.4&#8243; text_orientation=&#8221;center&#8221; background_layout=&#8221;dark&#8221;]<\/p>\n<h1>What We Do<\/h1>\n<p>[\/et_pb_text][\/et_pb_column][\/et_pb_row][\/et_pb_section][et_pb_section fb_built=&#8221;1&#8243; specialty=&#8221;on&#8221; module_class_2=&#8221;sivupalkki&#8221; _builder_version=&#8221;3.22&#8243;][et_pb_column type=&#8221;2_3&#8243; specialty_columns=&#8221;2&#8243; _builder_version=&#8221;3.25&#8243; custom_padding=&#8221;|||&#8221; custom_padding__hover=&#8221;|||&#8221;][et_pb_row_inner admin_label=&#8221;Rivi&#8221; _builder_version=&#8221;3.25&#8243;][et_pb_column_inner saved_specialty_column_type=&#8221;2_3&#8243; _builder_version=&#8221;3.25&#8243; custom_padding=&#8221;|||&#8221; custom_padding__hover=&#8221;|||&#8221;][et_pb_text admin_label=&#8221;Otsikko: What We Do&#8221; _builder_version=&#8221;3.27.4&#8243; text_orientation=&#8221;center&#8221;]<\/p>\n<h1>What We Do<\/h1>\n<p>[\/et_pb_text][et_pb_text _builder_version=&#8221;3.27.4&#8243;]<\/p>\n<p>As a Rotarian, you have a chance to act, influence and do good. Moreover, you\u2019ll acquire a magnificent social network and life-long friends in both your own locality and globally.\u00a0 You can also join networks of other Rotarians sharing the same hobby as you do. For that, there are various international hobby based groups for Rotarians.<\/p>\n<p>Rotary clubs meet either every week or less frequently, based on the club\u2019s own judgment. We carry out service projects, as an example <strong>Paajalanm\u00e4ki shed for the use of all residents and tourists, yard furniture for Lepp\u00e4virta high school, hall band equipment and a ticket to the future project for Kivel\u00e4 school.<\/strong>\u00a0\u00a0<\/p>\n<p>We support The Rotary Foundation, which coordinates humanitarian projects. At our meetings we can enjoy interesting presentations. We train our members by giving them various tasks and improve their ethical leadership skills.<\/p>\n<p>As Rotarians, we want to influence current challenges. We act actively to bring about long-lasting changes \u2013 around the world, in our societies and in ourselves.<\/p>\n<p>[\/et_pb_text][\/et_pb_column_inner][\/et_pb_row_inner][\/et_pb_column][et_pb_column type=&#8221;1_3&#8243; _builder_version=&#8221;3.25&#8243; custom_padding=&#8221;|||&#8221; custom_padding__hover=&#8221;|||&#8221;][et_pb_sidebar area=&#8221;sidebar-1&#8243; module_class=&#8221;sivupalkki_sisalto&#8221; _builder_version=&#8221;3.4.1&#8243; locked=&#8221;on&#8221;][\/et_pb_sidebar][\/et_pb_column][\/et_pb_section]<\/p>\n","protected":false},"excerpt":{"rendered":"<p>What We Do What We Do As a Rotarian, you have a chance to act, influence and do good. Moreover, you\u2019ll acquire a magnificent social network and life-long friends in both your own locality and globally.\u00a0 You can also join networks of other Rotarians sharing the same hobby as you do. For that, there are [&hellip;]<\/p>\n","protected":false},"author":1,"featured_media":0,"parent":0,"menu_order":2,"comment_status":"closed","ping_status":"closed","template":"","meta":{"_acf_changed":false,"_et_pb_use_builder":"on","_et_pb_old_content":"","_et_gb_content_width":"","footnotes":""},"class_list":["post-1447","page","type-page","status-publish","hentry"],"acf":[],"yoast_head":"<!-- This site is optimized with the Yoast SEO plugin v27.4 - https:\/\/yoast.com\/product\/yoast-seo-wordpress\/ -->\n<title>What We Do - Lepp\u00e4virran Rotaryklubi<\/title>\n<meta name=\"robots\" content=\"index, follow, max-snippet:-1, max-image-preview:large, max-video-preview:-1\" \/>\n<link rel=\"canonical\" href=\"https:\/\/rotary.fi\/leppavirta\/en\/what-we-do\/\" \/>\n<meta property=\"og:locale\" content=\"fi_FI\" \/>\n<meta property=\"og:type\" content=\"article\" \/>\n<meta property=\"og:title\" content=\"What We Do - Lepp\u00e4virran Rotaryklubi\" \/>\n<meta property=\"og:description\" content=\"What We Do What We Do As a Rotarian, you have a chance to act, influence and do good. Moreover, you\u2019ll acquire a magnificent social network and life-long friends in both your own locality and globally.\u00a0 You can also join networks of other Rotarians sharing the same hobby as you do. For that, there are [&hellip;]\" \/>\n<meta property=\"og:url\" content=\"https:\/\/rotary.fi\/leppavirta\/en\/what-we-do\/\" \/>\n<meta property=\"og:site_name\" content=\"Lepp\u00e4virran Rotaryklubi\" \/>\n<meta property=\"article:modified_time\" content=\"2020-11-25T09:07:36+00:00\" \/>\n<meta name=\"twitter:card\" content=\"summary_large_image\" \/>\n<meta name=\"twitter:label1\" content=\"Arvioitu lukuaika\" \/>\n\t<meta name=\"twitter:data1\" content=\"2 minuuttia\" \/>\n<script type=\"application\/ld+json\" class=\"yoast-schema-graph\">{\"@context\":\"https:\\\/\\\/schema.org\",\"@graph\":[{\"@type\":\"WebPage\",\"@id\":\"https:\\\/\\\/rotary.fi\\\/leppavirta\\\/en\\\/what-we-do\\\/\",\"url\":\"https:\\\/\\\/rotary.fi\\\/leppavirta\\\/en\\\/what-we-do\\\/\",\"name\":\"What We Do - Lepp\u00e4virran Rotaryklubi\",\"isPartOf\":{\"@id\":\"https:\\\/\\\/rotary.fi\\\/leppavirta\\\/#website\"},\"datePublished\":\"2019-02-20T11:12:17+00:00\",\"dateModified\":\"2020-11-25T09:07:36+00:00\",\"breadcrumb\":{\"@id\":\"https:\\\/\\\/rotary.fi\\\/leppavirta\\\/en\\\/what-we-do\\\/#breadcrumb\"},\"inLanguage\":\"fi\",\"potentialAction\":[{\"@type\":\"ReadAction\",\"target\":[\"https:\\\/\\\/rotary.fi\\\/leppavirta\\\/en\\\/what-we-do\\\/\"]}]},{\"@type\":\"BreadcrumbList\",\"@id\":\"https:\\\/\\\/rotary.fi\\\/leppavirta\\\/en\\\/what-we-do\\\/#breadcrumb\",\"itemListElement\":[{\"@type\":\"ListItem\",\"position\":1,\"name\":\"Home\",\"item\":\"https:\\\/\\\/rotary.fi\\\/leppavirta\\\/\"},{\"@type\":\"ListItem\",\"position\":2,\"name\":\"What We Do\"}]},{\"@type\":\"WebSite\",\"@id\":\"https:\\\/\\\/rotary.fi\\\/leppavirta\\\/#website\",\"url\":\"https:\\\/\\\/rotary.fi\\\/leppavirta\\\/\",\"name\":\"Lepp\u00e4virran Rotaryklubi\",\"description\":\"Uusi Rotary klubisivusto\",\"potentialAction\":[{\"@type\":\"SearchAction\",\"target\":{\"@type\":\"EntryPoint\",\"urlTemplate\":\"https:\\\/\\\/rotary.fi\\\/leppavirta\\\/?s={search_term_string}\"},\"query-input\":{\"@type\":\"PropertyValueSpecification\",\"valueRequired\":true,\"valueName\":\"search_term_string\"}}],\"inLanguage\":\"fi\"}]}<\/script>\n<!-- \/ Yoast SEO plugin. -->","yoast_head_json":{"title":"What We Do - Lepp\u00e4virran Rotaryklubi","robots":{"index":"index","follow":"follow","max-snippet":"max-snippet:-1","max-image-preview":"max-image-preview:large","max-video-preview":"max-video-preview:-1"},"canonical":"https:\/\/rotary.fi\/leppavirta\/en\/what-we-do\/","og_locale":"fi_FI","og_type":"article","og_title":"What We Do - Lepp\u00e4virran Rotaryklubi","og_description":"What We Do What We Do As a Rotarian, you have a chance to act, influence and do good. Moreover, you\u2019ll acquire a magnificent social network and life-long friends in both your own locality and globally.\u00a0 You can also join networks of other Rotarians sharing the same hobby as you do. For that, there are [&hellip;]","og_url":"https:\/\/rotary.fi\/leppavirta\/en\/what-we-do\/","og_site_name":"Lepp\u00e4virran Rotaryklubi","article_modified_time":"2020-11-25T09:07:36+00:00","twitter_card":"summary_large_image","twitter_misc":{"Arvioitu lukuaika":"2 minuuttia"},"schema":{"@context":"https:\/\/schema.org","@graph":[{"@type":"WebPage","@id":"https:\/\/rotary.fi\/leppavirta\/en\/what-we-do\/","url":"https:\/\/rotary.fi\/leppavirta\/en\/what-we-do\/","name":"What We Do - Lepp\u00e4virran Rotaryklubi","isPartOf":{"@id":"https:\/\/rotary.fi\/leppavirta\/#website"},"datePublished":"2019-02-20T11:12:17+00:00","dateModified":"2020-11-25T09:07:36+00:00","breadcrumb":{"@id":"https:\/\/rotary.fi\/leppavirta\/en\/what-we-do\/#breadcrumb"},"inLanguage":"fi","potentialAction":[{"@type":"ReadAction","target":["https:\/\/rotary.fi\/leppavirta\/en\/what-we-do\/"]}]},{"@type":"BreadcrumbList","@id":"https:\/\/rotary.fi\/leppavirta\/en\/what-we-do\/#breadcrumb","itemListElement":[{"@type":"ListItem","position":1,"name":"Home","item":"https:\/\/rotary.fi\/leppavirta\/"},{"@type":"ListItem","position":2,"name":"What We Do"}]},{"@type":"WebSite","@id":"https:\/\/rotary.fi\/leppavirta\/#website","url":"https:\/\/rotary.fi\/leppavirta\/","name":"Lepp\u00e4virran Rotaryklubi","description":"Uusi Rotary klubisivusto","potentialAction":[{"@type":"SearchAction","target":{"@type":"EntryPoint","urlTemplate":"https:\/\/rotary.fi\/leppavirta\/?s={search_term_string}"},"query-input":{"@type":"PropertyValueSpecification","valueRequired":true,"valueName":"search_term_string"}}],"inLanguage":"fi"}]}},"lang":"en","translations":{"en":1447,"fi":77},"pll_sync_post":[],"_links":{"self":[{"href":"https:\/\/rotary.fi\/leppavirta\/wp-json\/wp\/v2\/pages\/1447","targetHints":{"allow":["GET"]}}],"collection":[{"href":"https:\/\/rotary.fi\/leppavirta\/wp-json\/wp\/v2\/pages"}],"about":[{"href":"https:\/\/rotary.fi\/leppavirta\/wp-json\/wp\/v2\/types\/page"}],"author":[{"embeddable":true,"href":"https:\/\/rotary.fi\/leppavirta\/wp-json\/wp\/v2\/users\/1"}],"replies":[{"embeddable":true,"href":"https:\/\/rotary.fi\/leppavirta\/wp-json\/wp\/v2\/comments?post=1447"}],"version-history":[{"count":3,"href":"https:\/\/rotary.fi\/leppavirta\/wp-json\/wp\/v2\/pages\/1447\/revisions"}],"predecessor-version":[{"id":2026,"href":"https:\/\/rotary.fi\/leppavirta\/wp-json\/wp\/v2\/pages\/1447\/revisions\/2026"}],"wp:attachment":[{"href":"https:\/\/rotary.fi\/leppavirta\/wp-json\/wp\/v2\/media?parent=1447"}],"curies":[{"name":"wp","href":"https:\/\/api.w.org\/{rel}","templated":true}]}}