{"id":1438,"date":"2019-02-20T13:06:32","date_gmt":"2019-02-20T11:06:32","guid":{"rendered":"https:\/\/rotary.fi\/leppavirta\/?page_id=1438"},"modified":"2023-02-15T08:04:47","modified_gmt":"2023-02-15T06:04:47","slug":"people-of-action","status":"publish","type":"page","link":"https:\/\/rotary.fi\/leppavirta\/en\/who-we-are\/people-of-action\/","title":{"rendered":"People of Action"},"content":{"rendered":"<p>[et_pb_section fb_built=&#8221;1&#8243; module_class=&#8221;jumbotron-page&#8221; _builder_version=&#8221;4.16&#8243; background_image=&#8221;https:\/\/rotary.fi\/leppavirta\/wp-content\/uploads\/sites\/139\/2018\/10\/rotary_klubit_alasivu_paakuva_14.jpg&#8221; global_colors_info=&#8221;{}&#8221;][et_pb_row _builder_version=&#8221;4.16&#8243; background_size=&#8221;initial&#8221; background_position=&#8221;top_left&#8221; background_repeat=&#8221;repeat&#8221; global_colors_info=&#8221;{}&#8221;][et_pb_column type=&#8221;4_4&#8243; _builder_version=&#8221;4.16&#8243; custom_padding=&#8221;|||&#8221; global_colors_info=&#8221;{}&#8221; custom_padding__hover=&#8221;|||&#8221;][et_pb_text admin_label=&#8221;P\u00e4\u00e4otsikko: People of Action&#8221; _builder_version=&#8221;4.16&#8243; text_orientation=&#8221;center&#8221; background_layout=&#8221;dark&#8221; global_colors_info=&#8221;{}&#8221;]<\/p>\n<h1>People of Action<\/h1>\n<p>[\/et_pb_text][\/et_pb_column][\/et_pb_row][\/et_pb_section][et_pb_section fb_built=&#8221;1&#8243; specialty=&#8221;on&#8221; module_class_2=&#8221;sivupalkki&#8221; _builder_version=&#8221;4.16&#8243; global_colors_info=&#8221;{}&#8221;][et_pb_column type=&#8221;2_3&#8243; specialty_columns=&#8221;2&#8243; _builder_version=&#8221;4.16&#8243; custom_padding=&#8221;|||&#8221; global_colors_info=&#8221;{}&#8221; custom_padding__hover=&#8221;|||&#8221;][et_pb_row_inner admin_label=&#8221;Rivi&#8221; _builder_version=&#8221;4.16&#8243; global_colors_info=&#8221;{}&#8221;][et_pb_column_inner saved_specialty_column_type=&#8221;2_3&#8243; _builder_version=&#8221;4.16&#8243; custom_padding=&#8221;|||&#8221; global_colors_info=&#8221;{}&#8221; custom_padding__hover=&#8221;|||&#8221;][et_pb_text _builder_version=&#8221;4.16&#8243; global_colors_info=&#8221;{}&#8221;]<\/p>\n<h3>Salsa and tango dances at Lepp\u00e4virta high school<\/h3>\n<h4><\/h4>\n<p>Lepp\u00e4virta senior high school dances were held on Friday, February 10, 2023. As the result of thorough training, the &#8221;olds&#8221; of the high school presented many great and wonderful dance performances to a full hall. Dana Toledo, a Mexican exchange student brought a new and different salsa dance idea this year. Salsa was a great success and it was hoped that it would become a new tradition for Lepp\u00e4virta high school.<\/p>\n<p>More information about the Rotarian youth exchange program can be found on the <a href=\"https:\/\/rye.fi\/en\/\">Exchange abroad<\/a> website.<\/p>\n<pre class=\"tw-data-text tw-text-large tw-ta\" data-placeholder=\"Translation\" id=\"tw-target-text\" style=\"text-align: left\" dir=\"ltr\"><span class=\"Y2IQFc\" lang=\"en\">\u00a0<\/span><\/pre>\n<p>[\/et_pb_text][et_pb_gallery _builder_version=&#8221;4.19.0&#8243; _module_preset=&#8221;default&#8221; posts_number=&#8221;6&#8243; gallery_ids=&#8221;2765,2766,2767,2762,2763,2761&#8243; hover_enabled=&#8221;0&#8243; sticky_enabled=&#8221;0&#8243;][\/et_pb_gallery][et_pb_gallery _builder_version=&#8221;4.19.0&#8243; _module_preset=&#8221;default&#8221; posts_number=&#8221;6&#8243; gallery_ids=&#8221;2755,2756,2757,2758,2759,2760&#8243; hover_enabled=&#8221;0&#8243; sticky_enabled=&#8221;0&#8243;][\/et_pb_gallery][et_pb_text _builder_version=&#8221;4.16&#8243; global_colors_info=&#8221;{}&#8221;]<\/p>\n<h3>Lepp\u00e4virta Rotarians in Deekax Rally\u00a0<\/h3>\n<h4><\/h4>\n<p>Lepp\u00e4virta Rotarians participated again this year in the ticket sales of the Puponm\u00e4ki SM-Rallisprint on the weekend of September 24, 2022. The Deekax rally was the final race of this year&#8217;s 2022 SM-Rallisprint. The race is organized by <a href=\"https:\/\/www.leppavirtaracingteam.fi\/\">Lepp\u00e4virta Racing Team<\/a>. With the organizers&#8217; good instructions and relaxed mood, the day passed smoothly. However, Past President Sari Ihalainen got a rough ride in the VIP zero car. Dana Toledo Barredo, a Mexican exchange student participated as well.<\/p>\n<p>Video summary of the day&#8217;s events here in <a href=\"https:\/\/www.leppavirtaracingteam.fi\/\">Youtube<\/a> link.<\/p>\n<p>The Rotarians earned 10% of the ticket sales, which goes to charity. The Rotarians participated were Sari Ihalainen, Antti Ihalainen, Erkki Pasanen, Pentti Huopainen and Hannu Raatikainen.<\/p>\n<p>[\/et_pb_text][et_pb_gallery gallery_ids=&#8221;2624,2627,2626,2625&#8243; _builder_version=&#8221;4.17.4&#8243; _module_preset=&#8221;default&#8221; global_colors_info=&#8221;{}&#8221;][\/et_pb_gallery][et_pb_gallery gallery_ids=&#8221;2620,2621,2622,2623&#8243; _builder_version=&#8221;4.17.4&#8243; _module_preset=&#8221;default&#8221; global_colors_info=&#8221;{}&#8221;][\/et_pb_gallery][et_pb_gallery gallery_ids=&#8221;2614,2615,2616,2617&#8243; _builder_version=&#8221;4.17.4&#8243; _module_preset=&#8221;default&#8221; global_colors_info=&#8221;{}&#8221;][\/et_pb_gallery][et_pb_text _builder_version=&#8221;4.16&#8243; global_colors_info=&#8221;{}&#8221;]<\/p>\n<h3>Donation of a painting to Lepp\u00e4kerttu school\u00a0<\/h3>\n<h4><\/h4>\n<p>A small solemn moment was celebrated at Lepp\u00e4kertu School in September 2020, when it was time to reveal a painting donated by the Lepp\u00e4virta Rotary Club, painted by artist Jorma Hynninen. At the same time, the Lepp\u00e4virta Rotary Club donated a large pile of sports equipment.<\/p>\n<p>The plaque found a place worthy of and immediately garnered admiring glances. Jorma Hynninen told about the stages of his work and highlighted a fascinating, mystical fog that moves the imagination. Jorma Hynninen said that interest in painting had already arisen during school times, inspired by the teacher. Even small deeds can make a big difference! Even today, when winding home in the wind and blizzard, one can keep in mind that the greatest is to help the smallest.\u00a0<\/p>\n<p>[\/et_pb_text][et_pb_gallery gallery_ids=&#8221;2010,2009,2011&#8243; _builder_version=&#8221;4.16&#8243; global_colors_info=&#8221;{}&#8221;][\/et_pb_gallery][\/et_pb_column_inner][\/et_pb_row_inner][et_pb_row_inner admin_label=&#8221;Rivi&#8221; _builder_version=&#8221;4.16&#8243; global_colors_info=&#8221;{}&#8221;][et_pb_column_inner saved_specialty_column_type=&#8221;2_3&#8243; _builder_version=&#8221;4.16&#8243; custom_padding=&#8221;|||&#8221; global_colors_info=&#8221;{}&#8221; custom_padding__hover=&#8221;|||&#8221;][et_pb_text _builder_version=&#8221;4.16&#8243; global_colors_info=&#8221;{}&#8221;]<\/p>\n<h3>Rotary motorists gathering\u00a0<\/h3>\n<h4><\/h4>\n<p>Rotary motorcyclists met first time in 2000. Every year, the event takes place in a different location. The Lepp\u00e4virta Rotary Club organized its fifteenth meeting in 2015. We enjoyed an excellent program that presented the locality and the surrounding area.<\/p>\n<p>The 2020 meeting in Turku was canceled due to the COVID. Looking forward to the next biker summer.<\/p>\n<p>&nbsp;<\/p>\n<p>[\/et_pb_text][et_pb_gallery gallery_ids=&#8221;2014,2015,2016,2017,2018&#8243; posts_number=&#8221;5&#8243; _builder_version=&#8221;4.16&#8243; min_height=&#8221;1071px&#8221; global_colors_info=&#8221;{}&#8221;][\/et_pb_gallery][\/et_pb_column_inner][\/et_pb_row_inner][\/et_pb_column][et_pb_column type=&#8221;1_3&#8243; _builder_version=&#8221;4.16&#8243; custom_padding=&#8221;|||&#8221; global_colors_info=&#8221;{}&#8221; custom_padding__hover=&#8221;|||&#8221;][et_pb_sidebar area=&#8221;sidebar-1&#8243; module_class=&#8221;sivupalkki_sisalto&#8221; _builder_version=&#8221;4.16&#8243; locked=&#8221;on&#8221; global_colors_info=&#8221;{}&#8221;]<br \/>\n[\/et_pb_sidebar][\/et_pb_column][\/et_pb_section]<\/p>\n","protected":false},"excerpt":{"rendered":"<p>People of Action Salsa and tango dances at Lepp\u00e4virta high school Lepp\u00e4virta senior high school dances were held on Friday, February 10, 2023. As the result of thorough training, the &#8221;olds&#8221; of the high school presented many great and wonderful dance performances to a full hall. Dana Toledo, a Mexican exchange student brought a new [&hellip;]<\/p>\n","protected":false},"author":1,"featured_media":0,"parent":1424,"menu_order":0,"comment_status":"closed","ping_status":"closed","template":"","meta":{"_acf_changed":false,"_et_pb_use_builder":"on","_et_pb_old_content":"","_et_gb_content_width":"","footnotes":""},"class_list":["post-1438","page","type-page","status-publish","hentry"],"acf":[],"yoast_head":"<!-- This site is optimized with the Yoast SEO plugin v27.4 - https:\/\/yoast.com\/product\/yoast-seo-wordpress\/ -->\n<title>People of Action - Lepp\u00e4virran Rotaryklubi<\/title>\n<meta name=\"robots\" content=\"index, follow, max-snippet:-1, max-image-preview:large, max-video-preview:-1\" \/>\n<link rel=\"canonical\" href=\"https:\/\/rotary.fi\/leppavirta\/en\/who-we-are\/people-of-action\/\" \/>\n<meta property=\"og:locale\" content=\"fi_FI\" \/>\n<meta property=\"og:type\" content=\"article\" \/>\n<meta property=\"og:title\" content=\"People of Action - Lepp\u00e4virran Rotaryklubi\" \/>\n<meta property=\"og:description\" content=\"People of Action Salsa and tango dances at Lepp\u00e4virta high school Lepp\u00e4virta senior high school dances were held on Friday, February 10, 2023. As the result of thorough training, the &quot;olds&quot; of the high school presented many great and wonderful dance performances to a full hall. Dana Toledo, a Mexican exchange student brought a new [&hellip;]\" \/>\n<meta property=\"og:url\" content=\"https:\/\/rotary.fi\/leppavirta\/en\/who-we-are\/people-of-action\/\" \/>\n<meta property=\"og:site_name\" content=\"Lepp\u00e4virran Rotaryklubi\" \/>\n<meta property=\"article:modified_time\" content=\"2023-02-15T06:04:47+00:00\" \/>\n<meta name=\"twitter:card\" content=\"summary_large_image\" \/>\n<meta name=\"twitter:label1\" content=\"Arvioitu lukuaika\" \/>\n\t<meta name=\"twitter:data1\" content=\"4 minuuttia\" \/>\n<script type=\"application\/ld+json\" class=\"yoast-schema-graph\">{\"@context\":\"https:\\\/\\\/schema.org\",\"@graph\":[{\"@type\":\"WebPage\",\"@id\":\"https:\\\/\\\/rotary.fi\\\/leppavirta\\\/en\\\/who-we-are\\\/people-of-action\\\/\",\"url\":\"https:\\\/\\\/rotary.fi\\\/leppavirta\\\/en\\\/who-we-are\\\/people-of-action\\\/\",\"name\":\"People of Action - Lepp\u00e4virran Rotaryklubi\",\"isPartOf\":{\"@id\":\"https:\\\/\\\/rotary.fi\\\/leppavirta\\\/#website\"},\"datePublished\":\"2019-02-20T11:06:32+00:00\",\"dateModified\":\"2023-02-15T06:04:47+00:00\",\"breadcrumb\":{\"@id\":\"https:\\\/\\\/rotary.fi\\\/leppavirta\\\/en\\\/who-we-are\\\/people-of-action\\\/#breadcrumb\"},\"inLanguage\":\"fi\",\"potentialAction\":[{\"@type\":\"ReadAction\",\"target\":[\"https:\\\/\\\/rotary.fi\\\/leppavirta\\\/en\\\/who-we-are\\\/people-of-action\\\/\"]}]},{\"@type\":\"BreadcrumbList\",\"@id\":\"https:\\\/\\\/rotary.fi\\\/leppavirta\\\/en\\\/who-we-are\\\/people-of-action\\\/#breadcrumb\",\"itemListElement\":[{\"@type\":\"ListItem\",\"position\":1,\"name\":\"Home\",\"item\":\"https:\\\/\\\/rotary.fi\\\/leppavirta\\\/\"},{\"@type\":\"ListItem\",\"position\":2,\"name\":\"Who We Are\",\"item\":\"https:\\\/\\\/rotary.fi\\\/leppavirta\\\/en\\\/who-we-are\\\/\"},{\"@type\":\"ListItem\",\"position\":3,\"name\":\"People of Action\"}]},{\"@type\":\"WebSite\",\"@id\":\"https:\\\/\\\/rotary.fi\\\/leppavirta\\\/#website\",\"url\":\"https:\\\/\\\/rotary.fi\\\/leppavirta\\\/\",\"name\":\"Lepp\u00e4virran Rotaryklubi\",\"description\":\"Uusi Rotary klubisivusto\",\"potentialAction\":[{\"@type\":\"SearchAction\",\"target\":{\"@type\":\"EntryPoint\",\"urlTemplate\":\"https:\\\/\\\/rotary.fi\\\/leppavirta\\\/?s={search_term_string}\"},\"query-input\":{\"@type\":\"PropertyValueSpecification\",\"valueRequired\":true,\"valueName\":\"search_term_string\"}}],\"inLanguage\":\"fi\"}]}<\/script>\n<!-- \/ Yoast SEO plugin. -->","yoast_head_json":{"title":"People of Action - Lepp\u00e4virran Rotaryklubi","robots":{"index":"index","follow":"follow","max-snippet":"max-snippet:-1","max-image-preview":"max-image-preview:large","max-video-preview":"max-video-preview:-1"},"canonical":"https:\/\/rotary.fi\/leppavirta\/en\/who-we-are\/people-of-action\/","og_locale":"fi_FI","og_type":"article","og_title":"People of Action - Lepp\u00e4virran Rotaryklubi","og_description":"People of Action Salsa and tango dances at Lepp\u00e4virta high school Lepp\u00e4virta senior high school dances were held on Friday, February 10, 2023. As the result of thorough training, the \"olds\" of the high school presented many great and wonderful dance performances to a full hall. Dana Toledo, a Mexican exchange student brought a new [&hellip;]","og_url":"https:\/\/rotary.fi\/leppavirta\/en\/who-we-are\/people-of-action\/","og_site_name":"Lepp\u00e4virran Rotaryklubi","article_modified_time":"2023-02-15T06:04:47+00:00","twitter_card":"summary_large_image","twitter_misc":{"Arvioitu lukuaika":"4 minuuttia"},"schema":{"@context":"https:\/\/schema.org","@graph":[{"@type":"WebPage","@id":"https:\/\/rotary.fi\/leppavirta\/en\/who-we-are\/people-of-action\/","url":"https:\/\/rotary.fi\/leppavirta\/en\/who-we-are\/people-of-action\/","name":"People of Action - Lepp\u00e4virran Rotaryklubi","isPartOf":{"@id":"https:\/\/rotary.fi\/leppavirta\/#website"},"datePublished":"2019-02-20T11:06:32+00:00","dateModified":"2023-02-15T06:04:47+00:00","breadcrumb":{"@id":"https:\/\/rotary.fi\/leppavirta\/en\/who-we-are\/people-of-action\/#breadcrumb"},"inLanguage":"fi","potentialAction":[{"@type":"ReadAction","target":["https:\/\/rotary.fi\/leppavirta\/en\/who-we-are\/people-of-action\/"]}]},{"@type":"BreadcrumbList","@id":"https:\/\/rotary.fi\/leppavirta\/en\/who-we-are\/people-of-action\/#breadcrumb","itemListElement":[{"@type":"ListItem","position":1,"name":"Home","item":"https:\/\/rotary.fi\/leppavirta\/"},{"@type":"ListItem","position":2,"name":"Who We Are","item":"https:\/\/rotary.fi\/leppavirta\/en\/who-we-are\/"},{"@type":"ListItem","position":3,"name":"People of Action"}]},{"@type":"WebSite","@id":"https:\/\/rotary.fi\/leppavirta\/#website","url":"https:\/\/rotary.fi\/leppavirta\/","name":"Lepp\u00e4virran Rotaryklubi","description":"Uusi Rotary klubisivusto","potentialAction":[{"@type":"SearchAction","target":{"@type":"EntryPoint","urlTemplate":"https:\/\/rotary.fi\/leppavirta\/?s={search_term_string}"},"query-input":{"@type":"PropertyValueSpecification","valueRequired":true,"valueName":"search_term_string"}}],"inLanguage":"fi"}]}},"lang":"en","translations":{"en":1438,"fi":142},"pll_sync_post":[],"_links":{"self":[{"href":"https:\/\/rotary.fi\/leppavirta\/wp-json\/wp\/v2\/pages\/1438","targetHints":{"allow":["GET"]}}],"collection":[{"href":"https:\/\/rotary.fi\/leppavirta\/wp-json\/wp\/v2\/pages"}],"about":[{"href":"https:\/\/rotary.fi\/leppavirta\/wp-json\/wp\/v2\/types\/page"}],"author":[{"embeddable":true,"href":"https:\/\/rotary.fi\/leppavirta\/wp-json\/wp\/v2\/users\/1"}],"replies":[{"embeddable":true,"href":"https:\/\/rotary.fi\/leppavirta\/wp-json\/wp\/v2\/comments?post=1438"}],"version-history":[{"count":9,"href":"https:\/\/rotary.fi\/leppavirta\/wp-json\/wp\/v2\/pages\/1438\/revisions"}],"predecessor-version":[{"id":2768,"href":"https:\/\/rotary.fi\/leppavirta\/wp-json\/wp\/v2\/pages\/1438\/revisions\/2768"}],"up":[{"embeddable":true,"href":"https:\/\/rotary.fi\/leppavirta\/wp-json\/wp\/v2\/pages\/1424"}],"wp:attachment":[{"href":"https:\/\/rotary.fi\/leppavirta\/wp-json\/wp\/v2\/media?parent=1438"}],"curies":[{"name":"wp","href":"https:\/\/api.w.org\/{rel}","templated":true}]}}