{"id":142,"date":"2018-08-10T14:04:45","date_gmt":"2018-08-10T11:04:45","guid":{"rendered":"https:\/\/rotary.fi\/klubi2\/?page_id=142"},"modified":"2023-09-30T14:37:10","modified_gmt":"2023-09-30T11:37:10","slug":"ilo-esitella","status":"publish","type":"page","link":"https:\/\/rotary.fi\/leppavirta\/keita-olemme\/ilo-esitella\/","title":{"rendered":"Ilo esitell\u00e4"},"content":{"rendered":"<p>[et_pb_section fb_built=&#8221;1&#8243; module_class=&#8221;jumbotron-page&#8221; _builder_version=&#8221;4.16&#8243; background_image=&#8221;https:\/\/rotary.fi\/leppavirta\/wp-content\/uploads\/sites\/139\/2018\/10\/rotary_klubit_alasivu_paakuva_14.jpg&#8221; global_colors_info=&#8221;{}&#8221;][et_pb_row _builder_version=&#8221;4.16&#8243; background_size=&#8221;initial&#8221; background_position=&#8221;top_left&#8221; background_repeat=&#8221;repeat&#8221; global_colors_info=&#8221;{}&#8221;][et_pb_column type=&#8221;4_4&#8243; _builder_version=&#8221;4.16&#8243; custom_padding=&#8221;|||&#8221; global_colors_info=&#8221;{}&#8221; custom_padding__hover=&#8221;|||&#8221;][et_pb_text admin_label=&#8221;P\u00e4\u00e4otsikko&#8221; _builder_version=&#8221;4.16&#8243; text_orientation=&#8221;center&#8221; background_layout=&#8221;dark&#8221; global_colors_info=&#8221;{}&#8221;]<\/p>\n<h1>Ilo esitell\u00e4<\/h1>\n<p>[\/et_pb_text][\/et_pb_column][\/et_pb_row][\/et_pb_section][et_pb_section fb_built=&#8221;1&#8243; specialty=&#8221;on&#8221; module_class_2=&#8221;sivupalkki&#8221; _builder_version=&#8221;4.16&#8243; global_colors_info=&#8221;{}&#8221;][et_pb_column type=&#8221;2_3&#8243; specialty_columns=&#8221;2&#8243; _builder_version=&#8221;4.16&#8243; custom_padding=&#8221;|||&#8221; global_colors_info=&#8221;{}&#8221; parallax__hover=&#8221;off&#8221; parallax_method__hover=&#8221;on&#8221; custom_padding__hover=&#8221;|||&#8221;][et_pb_row_inner admin_label=&#8221;Rivi&#8221; _builder_version=&#8221;4.16&#8243; min_height=&#8221;2568px&#8221; global_colors_info=&#8221;{}&#8221;][et_pb_column_inner saved_specialty_column_type=&#8221;2_3&#8243; _builder_version=&#8221;4.16&#8243; custom_padding=&#8221;|||&#8221; global_colors_info=&#8221;{}&#8221; parallax__hover=&#8221;off&#8221; parallax_method__hover=&#8221;on&#8221; custom_padding__hover=&#8221;|||&#8221;][et_pb_text _builder_version=&#8221;4.16&#8243; global_colors_info=&#8221;{}&#8221;]<\/p>\n<p>&nbsp;<\/p>\n<h3>Lepp\u00e4virran Rotarit mukana Deekax SM-Rallisprint toimitsijoina<\/h3>\n<p><span style=\"font-size: 16px\"><span class=\"monospace\">Lepp\u00e4virran Rotaryt osallistuivat t\u00e4n\u00e4kin vuonna Lepp\u00e4virran SM-Rallisprint kisojen talkoisiin lipunmyynniss\u00e4 viikonloppuna 23.9.2023. Kyseinen Deekax ralli oli t\u00e4m\u00e4n vuoden 2023 SM-Rallisprint p\u00e4\u00e4t\u00f6skisa. Kisan j\u00e4rjest\u00e4j\u00e4n\u00e4 on <a href=\"https:\/\/l.facebook.com\/l.php?u=https%3A%2F%2Fwww.leppavirtaracingteam.fi%2F%3Ffbclid%3DIwAR2jC8-PxbWzgw5qY4cxMMsYSXgbmujjKjKS_TPumLX9BIDx6aHCF6eGgOI&amp;h=AT34VGMZcw32xCaCit4OJaNrm7-_Vsy_eYZvEX0TWnvF61KR2Cyg3S5RRDIYcGtvsObARkwRj9qBkhYB06wmXK0Vi8x6eB6frx2VWYUzceE_Xnx_uV2tV2EeCPdSqoc0Zw&amp;__tn__=-UK-R&amp;c[0]=AT2dvUcEL_CWXlw5gYHAjwg88Ha8d5iXWD8f8qPoezlZywIgEONshReggJZupOLsU3S2xpBAREsXOMis1dGL92j5C1MLOua72w841F5ZiarVxShucsFAPb4beKu5JId428awS1ZHC81Vph72H-kD1IpuCDWWfnCalL3oDvolTLWHNQZS7hh3p2NfDawVjAzWfm7PXMOmdca5vrQoHeO06EE\">Lepp\u00e4virta Racing Team<\/a>. J\u00e4rjest\u00e4jien hyv\u00e4n ohjeistuksen ja rennon meiningin mukana p\u00e4iv\u00e4 kului leppoisasti. Rotaryt saivat p\u00e4iv\u00e4n aherruksen palkkana osan lipputuloista joka menee hyv\u00e4ntekev\u00e4isyyteen.<\/span><\/span><\/p>\n<p><span style=\"font-size: 16px\"><span class=\"monospace\"><\/span><\/span><\/p>\n<p>[\/et_pb_text][et_pb_gallery _builder_version=&#8221;4.22.1&#8243; _module_preset=&#8221;default&#8221; gallery_ids=&#8221;3021,3019,3017,3013,3012,3011,3010,3016,3018,3014&#8243; posts_number=&#8221;10&#8243; hover_enabled=&#8221;0&#8243; sticky_enabled=&#8221;0&#8243;][\/et_pb_gallery][et_pb_text _builder_version=&#8221;4.16&#8243; global_colors_info=&#8221;{}&#8221;]<\/p>\n<p>&nbsp;<\/p>\n<h3>Lepp\u00e4virran Rotarit turvaamassa koulujen alkamista<\/h3>\n<p><span style=\"font-size: 16px\"><span class=\"monospace\">Koulunsa aloittavat ekaluokkalaiset ovat monen uuden asian edess\u00e4 ja yksi niist\u00e4 on koulumatka. Lepp\u00e4virran Rotaryt olivat mukana auttamassa ja valvomassa ett\u00e4 syyslukukauden 2023 ensimm\u00e4isen koulup\u00e4iv\u00e4n matka kouluun sujui turvallisesti sek\u00e4 koulunsa aloittavilta ett\u00e4 muiltakin koululaisilta.<\/span><\/span><\/p>\n<p><span style=\"font-size: 16px\"><span class=\"monospace\"><\/span><\/span><\/p>\n<p>[\/et_pb_text][et_pb_gallery gallery_ids=&#8221;2913,2912,2911,2910,2909&#8243; posts_number=&#8221;6&#8243; _builder_version=&#8221;4.21.2&#8243; _module_preset=&#8221;default&#8221; global_colors_info=&#8221;{}&#8221;][\/et_pb_gallery][et_pb_text _builder_version=&#8221;4.16&#8243; global_colors_info=&#8221;{}&#8221;]<\/p>\n<h3>Salsaa ja tangoa Lepp\u00e4virran lukion vanhojen tansseissa<\/h3>\n<p><span style=\"font-size: 16px\"><span class=\"monospace\">Lepp\u00e4virran lukion vanhojen tansseja vietettiin perjantaina 10.2.2023. Perusteellisen harjoittelun lopputuloksena lukion &#8221;vanhat&#8221; esittiv\u00e4t t\u00e4ydelle salille monta hienoa ja upeaa tanssiesityst\u00e4. Lepp\u00e4virran Rotarien meksikolainen vaihto-opiskelija Dana Toledo toi mukanaan uutta ja erilaista salsa tanssi-ideaa t\u00e4n\u00e4 vuonna. Salsa onnistui hienosti ja siit\u00e4 toivottiinkin uutta perinnett\u00e4 Lepp\u00e4virran lukiolle.\u00a0 <br \/><\/span><\/span><\/p>\n<p><span style=\"font-size: 16px\"><span class=\"monospace\">Rotarien nuorisovaihto-ohjelmasta lis\u00e4\u00e4 tietoa <a href=\"https:\/\/rye.fi\/\">Vaihtoon ulkomaille<\/a> sivustolta.<br \/><\/span><\/span><\/p>\n<p><span style=\"font-size: 16px\"><span class=\"monospace\"><\/span><\/span><\/p>\n<p>[\/et_pb_text][et_pb_gallery gallery_ids=&#8221;2743,2745,2742,2740,2741,2739&#8243; posts_number=&#8221;6&#8243; _builder_version=&#8221;4.19.0&#8243; _module_preset=&#8221;default&#8221; global_colors_info=&#8221;{}&#8221;][\/et_pb_gallery][et_pb_text _builder_version=&#8221;4.16&#8243; global_colors_info=&#8221;{}&#8221;]<\/p>\n<p>&nbsp;<\/p>\n<h3>Lepp\u00e4virran Rotarit mukana Deekax SM-Rallisprint toimitsijoina<\/h3>\n<p><span style=\"font-size: 16px\"><span class=\"monospace\">Lepp\u00e4virran Rotaryt osallistuivat t\u00e4n\u00e4kin vuonna Puponm\u00e4en SM-Rallisprint kisojen talkoisiin lipunmyynniss\u00e4 viikonloppuna 24.9.2022. Kyseinen Deekax ralli oli t\u00e4m\u00e4n vuoden 2022 SM-Rallisprint p\u00e4\u00e4t\u00f6skisa. Kisan j\u00e4rjest\u00e4j\u00e4n\u00e4 on <a href=\"https:\/\/www.leppavirtaracingteam.fi\/\">Lepp\u00e4virta Racing Team<\/a>. J\u00e4rjest\u00e4jien hyv\u00e4n ohjeistuksen ja rennon meiningin mukana p\u00e4iv\u00e4 kului leppoisasti. Tosin Past\u00a0 President Sari Ihalainen sai kovaa kyyti\u00e4 VIP nolla-auton kyydiss\u00e4. Mukana oli my\u00f6s Rotary nuorisovaihto-ohjelman Meksikolainen vaihto-oppilas Dana Toledo Barredo<\/span><\/span>\u00a0<\/p>\n<p>Videokooste p\u00e4iv\u00e4n tapahtumista oheisen <a href=\"https:\/\/www.youtube.com\/watch?v=Q3MylTmxjF8&amp;ab_channel=Moottoriurheilu.tv\">Youtube<\/a> linkin takana.<\/p>\n<p>Rotaryt saivat p\u00e4iv\u00e4n aherruksen palkkana 10% lipputuloista joka menee hyv\u00e4ntekev\u00e4isyyteen. Mukana oli Sari Ihalainen, Antti Ihalainen, Erkki Pasanen, Pentti Huopainen ja Hannu Raatikainen.<\/p>\n<p>[\/et_pb_text][et_pb_gallery gallery_ids=&#8221;2605,2608,2607,2606&#8243; _builder_version=&#8221;4.18.0&#8243; _module_preset=&#8221;default&#8221; global_colors_info=&#8221;{}&#8221;][\/et_pb_gallery][et_pb_text _builder_version=&#8221;4.16&#8243; global_colors_info=&#8221;{}&#8221;]<\/p>\n<p>&nbsp;<\/p>\n<h3>Kev\u00e4truno Voikukka<\/h3>\n<p><span style=\"font-size: 16px\">Mik\u00e4 kukka olisit, jos olisit kukka?<br \/>kysyy lapseni pellavatukka.<br \/>Voikukka olisin, lapseni, voikukka.<br \/>Miksi \u00e4iti, miksi voikukka?<br \/>Miksi et ruusu, orvokki tai rentukka?<br \/>Ruusu kaunis on, mutta piikkinen.<br \/>Tahdo en olla sellainen.<br \/>Ja orvokki on siev\u00e4,<br \/>vaan liian r\u00f6nsylev\u00e4 ja tilaa muilta viev\u00e4.<br \/>Ent\u00e4p\u00e4 rentukka sitten? kysyy lapsonen.<br \/>Mietin hetken, ennen kuin keksin vastauksen:<br \/>Se hetken keltaisena loistaa,<br \/>vaan kohta jo kukkansa poistaa.<br \/>Kuravesiss\u00e4 uida saa.<br \/>Kuka sellaista haluaa?<br \/>Mutta voikukka,<br \/>tuo uljas ja sitke\u00e4,<br \/>sit\u00e4 ei taida kitke\u00e4<br \/>tarhuri parhainkaan.<br \/>Sit\u00e4 voi niitt\u00e4\u00e4 ja tallata,<br \/>mutta aina se nousee vaan.<br \/>Kedot joskus se valloittaa loistollaan,<br \/>hiuskruunuiksi sielt\u00e4 taitellaan.<br \/>Pillin\u00e4kin voikukan varsi soi,<br \/>ja lehdist\u00e4\u00e4n teet\u00e4 tehd\u00e4 voi.<br \/>Voikukka on voimanpes\u00e4 vaatimaton,<br \/>se ponnistaa vaikka l\u00e4pi asfalttimaton.<br \/>Ja toivonpa lapseni sullekin voikukan sitkeytt\u00e4 ja voimaa,<br \/>kun maailma riepottaa ja soimaa.<\/span><\/p>\n<div dir=\"auto\"><span style=\"font-size: 16px\"><\/span><\/div>\n<div dir=\"auto\"><span style=\"font-size: 16px\"><\/span><\/div>\n<div dir=\"auto\"><span style=\"font-size: 16px\"><\/span><\/div>\n<div dir=\"auto\"><span style=\"font-size: 16px\">\u00a0 \u00a0 \u00a0 \u00a0 \u00a0 \u00a0 \u00a0 \u00a0 \u00a0 \u00a0 \u00a0 \u00a0 \u00a0 \u00a0 \u00a0 \u00a0 \u00a0 \u00a0 \u00a0 \u00a0 \u00a0 \u00a0 \u00a0 \u00a0 \u00a0 \u00a0 \u00a0 \u00a0 \u00a0 \u00a0 \u00a0Copyright 2021 Eeva-Liisa Pennanen <\/span><span style=\"font-size: 16px\">\u00a0<\/span><\/div>\n<p>&nbsp;<\/p>\n<p>[\/et_pb_text][et_pb_image src=&#8221;https:\/\/rotary.fi\/leppavirta\/wp-content\/uploads\/sites\/139\/2021\/05\/voikukka.jpg&#8221; _builder_version=&#8221;4.16&#8243; _module_preset=&#8221;default&#8221; global_colors_info=&#8221;{}&#8221;][\/et_pb_image][et_pb_text _builder_version=&#8221;4.16&#8243; global_colors_info=&#8221;{}&#8221;]<\/p>\n<h3>Taulun lahjoitus Lepp\u00e4kertun koululle<\/h3>\n<p>Lepp\u00e4kertun koululla vietettiin pienimuotoinen juhlallinen hetki syyskuussa 2020, kun oli aika paljastaa Lepp\u00e4virran Rotaryklubin lahjoittama, taiteilija Jorma Hynnisen maalaama taulu. Samassa yhteydess\u00e4 Lepp\u00e4virran Rotaryklubi lahjoitti ison kasan liikuntav\u00e4lineit\u00e4.<\/p>\n<p><span style=\"font-size: 16px\"><\/span><\/p>\n<p><span style=\"font-size: 16px\">Taulu l\u00f6ysi arvoisensa paikan ja ker\u00e4si heti ihastelevia katseita. Jorma Hynninen kertoi ty\u00f6ns\u00e4 vaiheista ja nosti esiin kiehtovan, mystisen usvan, joka saa mielikuvituksen liikkeelle. Jorma Hynninen kertoi kiinnostuksen maalaamiseen her\u00e4nneen jo kouluaikoina, opettajan innostamana. Pienill\u00e4kin teoilla voi olla suuri merkitys! T\u00e4n\u00e4\u00e4nkin voi tuulessa ja tuiskussa kotiin taivaltaessa pit\u00e4\u00e4 mieless\u00e4, ett\u00e4 suurinta on auttaa pienint\u00e4.<\/span>\u00a0<\/p>\n<p>[\/et_pb_text][et_pb_gallery gallery_ids=&#8221;1901,1900,1902&#8243; _builder_version=&#8221;4.16&#8243; min_height=&#8221;528px&#8221; caption_font_tablet=&#8221;&#8221; caption_font_phone=&#8221;&#8221; caption_font_last_edited=&#8221;on|desktop&#8221; global_colors_info=&#8221;{}&#8221;][\/et_pb_gallery][et_pb_text _builder_version=&#8221;4.16&#8243; global_colors_info=&#8221;{}&#8221;]<\/p>\n<h3><span style=\"color: #019fcb;font-family: 'Roboto Slab', Georgia, 'Times New Roman', serif\"><span style=\"font-size: 48px\">Rotarimotoristien kokoontuminen<\/span><\/span><\/h3>\n<p><span style=\"font-size: 16px\">Rotarimotoristit kokoontuivat ensi kerran vuonna 2000. Joka vuosi tapauhtuma on eri paikkakunnalla. Lepp\u00e4virran Rotariklubi j\u00e4rjesti viidennentoista tapaamisen vuonna 2015. Saimme nauttia erinomaisesta paikkakuntaa ja l\u00e4hiseutua esttelev\u00e4st\u00e4 ohjelmasta.<\/span><\/p>\n<p><span style=\"font-size: 16px\">Vuoden 2020 kokoontuminen Turussa peruuntui koronan vuoksi. Seuraavaa motoristikes\u00e4\u00e4 odotellen.<\/span><span style=\"font-size: 16px\">\u00a0<\/span><\/p>\n<p>[\/et_pb_text][et_pb_gallery gallery_ids=&#8221;1959,1960,1961,1962,1963&#8243; posts_number=&#8221;5&#8243; _builder_version=&#8221;4.16&#8243; min_height=&#8221;579px&#8221; caption_font_tablet=&#8221;&#8221; caption_font_phone=&#8221;&#8221; caption_font_last_edited=&#8221;on|desktop&#8221; global_colors_info=&#8221;{}&#8221;][\/et_pb_gallery][\/et_pb_column_inner][\/et_pb_row_inner][\/et_pb_column][et_pb_column type=&#8221;1_3&#8243; module_class=&#8221;sivupalkki&#8221; _builder_version=&#8221;4.16&#8243; custom_padding=&#8221;|||&#8221; global_colors_info=&#8221;{}&#8221; parallax__hover=&#8221;off&#8221; parallax_method__hover=&#8221;on&#8221; module_class__hover=&#8221;sivupalkki&#8221; custom_padding__hover=&#8221;|||&#8221;][et_pb_sidebar area=&#8221;sidebar-1&#8243; module_class=&#8221;sivupalkki_sisalto&#8221; _builder_version=&#8221;4.16&#8243; locked=&#8221;on&#8221; global_colors_info=&#8221;{}&#8221;][\/et_pb_sidebar][\/et_pb_column][\/et_pb_section]<\/p>\n","protected":false},"excerpt":{"rendered":"<p>Ilo esitell\u00e4 &nbsp; Lepp\u00e4virran Rotarit mukana Deekax SM-Rallisprint toimitsijoina Lepp\u00e4virran Rotaryt osallistuivat t\u00e4n\u00e4kin vuonna Lepp\u00e4virran SM-Rallisprint kisojen talkoisiin lipunmyynniss\u00e4 viikonloppuna 23.9.2023. Kyseinen Deekax ralli oli t\u00e4m\u00e4n vuoden 2023 SM-Rallisprint p\u00e4\u00e4t\u00f6skisa. Kisan j\u00e4rjest\u00e4j\u00e4n\u00e4 on Lepp\u00e4virta Racing Team. J\u00e4rjest\u00e4jien hyv\u00e4n ohjeistuksen ja rennon meiningin mukana p\u00e4iv\u00e4 kului leppoisasti. Rotaryt saivat p\u00e4iv\u00e4n aherruksen palkkana osan lipputuloista joka menee [&hellip;]<\/p>\n","protected":false},"author":1,"featured_media":0,"parent":129,"menu_order":5,"comment_status":"closed","ping_status":"closed","template":"","meta":{"_acf_changed":false,"_et_pb_use_builder":"on","_et_pb_old_content":"","_et_gb_content_width":"","footnotes":""},"class_list":["post-142","page","type-page","status-publish","hentry"],"acf":[],"yoast_head":"<!-- This site is optimized with the Yoast SEO plugin v27.4 - https:\/\/yoast.com\/product\/yoast-seo-wordpress\/ -->\n<title>Ilo esitell\u00e4 - Lepp\u00e4virran Rotaryklubi<\/title>\n<meta name=\"robots\" content=\"index, follow, max-snippet:-1, max-image-preview:large, max-video-preview:-1\" \/>\n<link rel=\"canonical\" href=\"https:\/\/rotary.fi\/leppavirta\/keita-olemme\/ilo-esitella\/\" \/>\n<meta property=\"og:locale\" content=\"fi_FI\" \/>\n<meta property=\"og:type\" content=\"article\" \/>\n<meta property=\"og:title\" content=\"Ilo esitell\u00e4 - Lepp\u00e4virran Rotaryklubi\" \/>\n<meta property=\"og:description\" content=\"Ilo esitell\u00e4 &nbsp; Lepp\u00e4virran Rotarit mukana Deekax SM-Rallisprint toimitsijoina Lepp\u00e4virran Rotaryt osallistuivat t\u00e4n\u00e4kin vuonna Lepp\u00e4virran SM-Rallisprint kisojen talkoisiin lipunmyynniss\u00e4 viikonloppuna 23.9.2023. Kyseinen Deekax ralli oli t\u00e4m\u00e4n vuoden 2023 SM-Rallisprint p\u00e4\u00e4t\u00f6skisa. Kisan j\u00e4rjest\u00e4j\u00e4n\u00e4 on Lepp\u00e4virta Racing Team. J\u00e4rjest\u00e4jien hyv\u00e4n ohjeistuksen ja rennon meiningin mukana p\u00e4iv\u00e4 kului leppoisasti. Rotaryt saivat p\u00e4iv\u00e4n aherruksen palkkana osan lipputuloista joka menee [&hellip;]\" \/>\n<meta property=\"og:url\" content=\"https:\/\/rotary.fi\/leppavirta\/keita-olemme\/ilo-esitella\/\" \/>\n<meta property=\"og:site_name\" content=\"Lepp\u00e4virran Rotaryklubi\" \/>\n<meta property=\"article:modified_time\" content=\"2023-09-30T11:37:10+00:00\" \/>\n<meta name=\"twitter:card\" content=\"summary_large_image\" \/>\n<meta name=\"twitter:label1\" content=\"Arvioitu lukuaika\" \/>\n\t<meta name=\"twitter:data1\" content=\"5 minuuttia\" \/>\n<script type=\"application\/ld+json\" class=\"yoast-schema-graph\">{\"@context\":\"https:\\\/\\\/schema.org\",\"@graph\":[{\"@type\":\"WebPage\",\"@id\":\"https:\\\/\\\/rotary.fi\\\/leppavirta\\\/keita-olemme\\\/ilo-esitella\\\/\",\"url\":\"https:\\\/\\\/rotary.fi\\\/leppavirta\\\/keita-olemme\\\/ilo-esitella\\\/\",\"name\":\"Ilo esitell\u00e4 - Lepp\u00e4virran Rotaryklubi\",\"isPartOf\":{\"@id\":\"https:\\\/\\\/rotary.fi\\\/leppavirta\\\/#website\"},\"datePublished\":\"2018-08-10T11:04:45+00:00\",\"dateModified\":\"2023-09-30T11:37:10+00:00\",\"breadcrumb\":{\"@id\":\"https:\\\/\\\/rotary.fi\\\/leppavirta\\\/keita-olemme\\\/ilo-esitella\\\/#breadcrumb\"},\"inLanguage\":\"fi\",\"potentialAction\":[{\"@type\":\"ReadAction\",\"target\":[\"https:\\\/\\\/rotary.fi\\\/leppavirta\\\/keita-olemme\\\/ilo-esitella\\\/\"]}]},{\"@type\":\"BreadcrumbList\",\"@id\":\"https:\\\/\\\/rotary.fi\\\/leppavirta\\\/keita-olemme\\\/ilo-esitella\\\/#breadcrumb\",\"itemListElement\":[{\"@type\":\"ListItem\",\"position\":1,\"name\":\"Home\",\"item\":\"https:\\\/\\\/rotary.fi\\\/leppavirta\\\/\"},{\"@type\":\"ListItem\",\"position\":2,\"name\":\"Keit\u00e4 olemme\",\"item\":\"https:\\\/\\\/rotary.fi\\\/leppavirta\\\/keita-olemme\\\/\"},{\"@type\":\"ListItem\",\"position\":3,\"name\":\"Ilo esitell\u00e4\"}]},{\"@type\":\"WebSite\",\"@id\":\"https:\\\/\\\/rotary.fi\\\/leppavirta\\\/#website\",\"url\":\"https:\\\/\\\/rotary.fi\\\/leppavirta\\\/\",\"name\":\"Lepp\u00e4virran Rotaryklubi\",\"description\":\"Uusi Rotary klubisivusto\",\"potentialAction\":[{\"@type\":\"SearchAction\",\"target\":{\"@type\":\"EntryPoint\",\"urlTemplate\":\"https:\\\/\\\/rotary.fi\\\/leppavirta\\\/?s={search_term_string}\"},\"query-input\":{\"@type\":\"PropertyValueSpecification\",\"valueRequired\":true,\"valueName\":\"search_term_string\"}}],\"inLanguage\":\"fi\"}]}<\/script>\n<!-- \/ Yoast SEO plugin. -->","yoast_head_json":{"title":"Ilo esitell\u00e4 - Lepp\u00e4virran Rotaryklubi","robots":{"index":"index","follow":"follow","max-snippet":"max-snippet:-1","max-image-preview":"max-image-preview:large","max-video-preview":"max-video-preview:-1"},"canonical":"https:\/\/rotary.fi\/leppavirta\/keita-olemme\/ilo-esitella\/","og_locale":"fi_FI","og_type":"article","og_title":"Ilo esitell\u00e4 - Lepp\u00e4virran Rotaryklubi","og_description":"Ilo esitell\u00e4 &nbsp; Lepp\u00e4virran Rotarit mukana Deekax SM-Rallisprint toimitsijoina Lepp\u00e4virran Rotaryt osallistuivat t\u00e4n\u00e4kin vuonna Lepp\u00e4virran SM-Rallisprint kisojen talkoisiin lipunmyynniss\u00e4 viikonloppuna 23.9.2023. Kyseinen Deekax ralli oli t\u00e4m\u00e4n vuoden 2023 SM-Rallisprint p\u00e4\u00e4t\u00f6skisa. Kisan j\u00e4rjest\u00e4j\u00e4n\u00e4 on Lepp\u00e4virta Racing Team. J\u00e4rjest\u00e4jien hyv\u00e4n ohjeistuksen ja rennon meiningin mukana p\u00e4iv\u00e4 kului leppoisasti. Rotaryt saivat p\u00e4iv\u00e4n aherruksen palkkana osan lipputuloista joka menee [&hellip;]","og_url":"https:\/\/rotary.fi\/leppavirta\/keita-olemme\/ilo-esitella\/","og_site_name":"Lepp\u00e4virran Rotaryklubi","article_modified_time":"2023-09-30T11:37:10+00:00","twitter_card":"summary_large_image","twitter_misc":{"Arvioitu lukuaika":"5 minuuttia"},"schema":{"@context":"https:\/\/schema.org","@graph":[{"@type":"WebPage","@id":"https:\/\/rotary.fi\/leppavirta\/keita-olemme\/ilo-esitella\/","url":"https:\/\/rotary.fi\/leppavirta\/keita-olemme\/ilo-esitella\/","name":"Ilo esitell\u00e4 - Lepp\u00e4virran Rotaryklubi","isPartOf":{"@id":"https:\/\/rotary.fi\/leppavirta\/#website"},"datePublished":"2018-08-10T11:04:45+00:00","dateModified":"2023-09-30T11:37:10+00:00","breadcrumb":{"@id":"https:\/\/rotary.fi\/leppavirta\/keita-olemme\/ilo-esitella\/#breadcrumb"},"inLanguage":"fi","potentialAction":[{"@type":"ReadAction","target":["https:\/\/rotary.fi\/leppavirta\/keita-olemme\/ilo-esitella\/"]}]},{"@type":"BreadcrumbList","@id":"https:\/\/rotary.fi\/leppavirta\/keita-olemme\/ilo-esitella\/#breadcrumb","itemListElement":[{"@type":"ListItem","position":1,"name":"Home","item":"https:\/\/rotary.fi\/leppavirta\/"},{"@type":"ListItem","position":2,"name":"Keit\u00e4 olemme","item":"https:\/\/rotary.fi\/leppavirta\/keita-olemme\/"},{"@type":"ListItem","position":3,"name":"Ilo esitell\u00e4"}]},{"@type":"WebSite","@id":"https:\/\/rotary.fi\/leppavirta\/#website","url":"https:\/\/rotary.fi\/leppavirta\/","name":"Lepp\u00e4virran Rotaryklubi","description":"Uusi Rotary klubisivusto","potentialAction":[{"@type":"SearchAction","target":{"@type":"EntryPoint","urlTemplate":"https:\/\/rotary.fi\/leppavirta\/?s={search_term_string}"},"query-input":{"@type":"PropertyValueSpecification","valueRequired":true,"valueName":"search_term_string"}}],"inLanguage":"fi"}]}},"lang":"fi","translations":{"fi":142,"en":1438},"pll_sync_post":[],"_links":{"self":[{"href":"https:\/\/rotary.fi\/leppavirta\/wp-json\/wp\/v2\/pages\/142","targetHints":{"allow":["GET"]}}],"collection":[{"href":"https:\/\/rotary.fi\/leppavirta\/wp-json\/wp\/v2\/pages"}],"about":[{"href":"https:\/\/rotary.fi\/leppavirta\/wp-json\/wp\/v2\/types\/page"}],"author":[{"embeddable":true,"href":"https:\/\/rotary.fi\/leppavirta\/wp-json\/wp\/v2\/users\/1"}],"replies":[{"embeddable":true,"href":"https:\/\/rotary.fi\/leppavirta\/wp-json\/wp\/v2\/comments?post=142"}],"version-history":[{"count":9,"href":"https:\/\/rotary.fi\/leppavirta\/wp-json\/wp\/v2\/pages\/142\/revisions"}],"predecessor-version":[{"id":3022,"href":"https:\/\/rotary.fi\/leppavirta\/wp-json\/wp\/v2\/pages\/142\/revisions\/3022"}],"up":[{"embeddable":true,"href":"https:\/\/rotary.fi\/leppavirta\/wp-json\/wp\/v2\/pages\/129"}],"wp:attachment":[{"href":"https:\/\/rotary.fi\/leppavirta\/wp-json\/wp\/v2\/media?parent=142"}],"curies":[{"name":"wp","href":"https:\/\/api.w.org\/{rel}","templated":true}]}}