{"id":1976,"date":"2019-10-11T11:06:47","date_gmt":"2019-10-11T08:06:47","guid":{"rendered":"https:\/\/rotary.fi\/leppavaara\/?page_id=1976"},"modified":"2023-05-19T10:50:59","modified_gmt":"2023-05-19T07:50:59","slug":"viikkokokoukset","status":"publish","type":"page","link":"https:\/\/rotary.fi\/leppavaara\/mita-teemme\/viikkokokoukset\/","title":{"rendered":"Viikkokokoukset"},"content":{"rendered":"<p>[et_pb_section fb_built=&#8221;1&#8243; admin_label=&#8221;section&#8221; _builder_version=&#8221;4.16&#8243; global_colors_info=&#8221;{}&#8221;][et_pb_row admin_label=&#8221;row&#8221; _builder_version=&#8221;4.16&#8243; background_size=&#8221;initial&#8221; background_position=&#8221;top_left&#8221; background_repeat=&#8221;repeat&#8221; global_colors_info=&#8221;{}&#8221;][et_pb_column type=&#8221;4_4&#8243; _builder_version=&#8221;4.16&#8243; custom_padding=&#8221;|||&#8221; global_colors_info=&#8221;{}&#8221; custom_padding__hover=&#8221;|||&#8221;][et_pb_text admin_label=&#8221;Text&#8221; _builder_version=&#8221;4.16&#8243; background_size=&#8221;initial&#8221; background_position=&#8221;top_left&#8221; background_repeat=&#8221;repeat&#8221; global_colors_info=&#8221;{}&#8221;]<\/p>\n<p>Rotaryklubimme viikkokokoukset korkeatasoisine esitelmineen ovat rotarytoiminnan suola. Joka tiistai tarjolla on asiantuntevan alustajan mielenkiintoinen alustus inhimillisen el\u00e4m\u00e4n, yhteiskunnan, talouden, tieteen ja taiteen eri aloilta. Rotary onkin k\u00e4yt\u00e4nn\u00f6ss\u00e4 maailman suurin jatkokoulutusj\u00e4rjest\u00f6. Rotaryklubimme viikko-ohjelmat ja esitelm\u00e4aiheet l\u00f6yd\u00e4t alla.<\/p>\n<p><a href=\"https:\/\/rotary.fi\/leppavaara\/ajankohtaista\/tapahtumakalenteri\/\"><strong>Viikkokokousten ohjelmat vuodesta 2020 uusimpiin.<\/strong><\/a><\/p>\n<p>\u00a0<strong>Viikko-ohjelmat 2013-2019:<\/strong><\/p>\n<ul>\n<li><a href=\"https:\/\/rotary.fi\/leppavaara\/wp-content\/uploads\/sites\/148\/2019\/10\/Viikko-ohjelma-syksy-2019.pdf\">Viikko-ohjelma syksy 2019<\/a><\/li>\n<li><a href=\"https:\/\/rotary.fi\/leppavaara\/wp-content\/uploads\/sites\/148\/2019\/10\/Viikko-ohjelma-kev\u00e4t-2019.pdf\">Viikko-ohjelma kev\u00e4t 2019<\/a> <a href=\"https:\/\/rotary.fi\/leppavaara\/wp-content\/uploads\/sites\/148\/2019\/10\/Viikko-ohjelma-syksy-2018.pdf\"><\/a><\/li>\n<li><a href=\"https:\/\/rotary.fi\/leppavaara\/wp-content\/uploads\/sites\/148\/2019\/10\/Viikko-ohjelma-syksy-2018.pdf\">Viikko-ohjelma syksy 2018<\/a><\/li>\n<li><a href=\"https:\/\/rotary.fi\/leppavaara\/wp-content\/uploads\/sites\/148\/2019\/10\/Viikko-ohjelma-kev\u00e4t-2018.pdf\">Viikko-ohjelma kev\u00e4t 2018<\/a><\/li>\n<li><a href=\"https:\/\/rotary.fi\/leppavaara\/wp-content\/uploads\/sites\/148\/2019\/10\/viikko-ohjelma-syksy-2017.jpg\">Viikko-ohjelma syksy 2017<\/a><\/li>\n<li><a href=\"https:\/\/rotary.fi\/leppavaara\/wp-content\/uploads\/sites\/148\/2019\/10\/Viikko-ohjelma-kev\u00e4t-2017.pdf\">Viikko-ohjelma kev\u00e4t 2017<\/a><\/li>\n<li><a href=\"https:\/\/rotary.fi\/leppavaara\/wp-content\/uploads\/sites\/148\/2019\/10\/Viikko-ohjelma-syksy-2016.pdf\">Viikko-ohjelma syksy 2016<\/a><\/li>\n<li><a href=\"https:\/\/rotary.fi\/leppavaara\/wp-content\/uploads\/sites\/148\/2019\/10\/Viikko-ohjelma-kev\u00e4t-2016.pdf\">Viikko-ohjelma kev\u00e4t 2016<\/a><\/li>\n<li><a href=\"https:\/\/rotary.fi\/leppavaara\/wp-content\/uploads\/sites\/148\/2019\/10\/Viikko-ohjelma-syksy-2015.pdf\">Viikko-ohjelma syksy 2015<\/a><\/li>\n<li><a href=\"https:\/\/rotary.fi\/leppavaara\/wp-content\/uploads\/sites\/148\/2019\/10\/Viikko-ohjelma-kev\u00e4t-2015.pdf\">Viikko-ohjelma kev\u00e4t 2015<\/a><\/li>\n<li><a href=\"https:\/\/rotary.fi\/leppavaara\/wp-content\/uploads\/sites\/148\/2019\/10\/Viikko-ohjelma-syksy-2014.pdf\">Viikko-ohjelma syksy 2014<\/a><\/li>\n<li><a href=\"https:\/\/rotary.fi\/leppavaara\/viikko-ohjelma-kevat-2014\/\">Viikko-ohjelma kev\u00e4t 2014<\/a><\/li>\n<li><a href=\"https:\/\/rotary.fi\/leppavaara\/wp-content\/uploads\/sites\/148\/2019\/10\/Viikko-ohjelma-syksy-2013.pdf\">Viikko-ohjelma syksy 2013<\/a><\/li>\n<li><a href=\"https:\/\/rotary.fi\/leppavaara\/wp-content\/uploads\/sites\/148\/2019\/10\/Viikko-ohjelma-kev\u00e4t-2013.pdf\">Viikko-ohjelma kev\u00e4t 2013<\/a><\/li>\n<\/ul>\n<p>[\/et_pb_text][\/et_pb_column][\/et_pb_row][\/et_pb_section]<\/p>\n","protected":false},"excerpt":{"rendered":"<p>Rotaryklubimme viikkokokoukset korkeatasoisine esitelmineen ovat rotarytoiminnan suola. Joka tiistai tarjolla on asiantuntevan alustajan mielenkiintoinen alustus inhimillisen el\u00e4m\u00e4n, yhteiskunnan, talouden, tieteen ja taiteen eri aloilta. Rotary onkin k\u00e4yt\u00e4nn\u00f6ss\u00e4 maailman suurin jatkokoulutusj\u00e4rjest\u00f6. Rotaryklubimme viikko-ohjelmat ja esitelm\u00e4aiheet l\u00f6yd\u00e4t alla. Viikkokokousten ohjelmat vuodesta 2020 uusimpiin. \u00a0Viikko-ohjelmat 2013-2019: Viikko-ohjelma syksy 2019 Viikko-ohjelma kev\u00e4t 2019 Viikko-ohjelma syksy 2018 Viikko-ohjelma kev\u00e4t 2018 [&hellip;]<\/p>\n","protected":false},"author":200,"featured_media":0,"parent":77,"menu_order":0,"comment_status":"closed","ping_status":"closed","template":"","meta":{"_acf_changed":false,"_et_pb_use_builder":"on","_et_pb_old_content":"Rotaryklubimme viikkokokoukset korkeatasoisine esitelmineen ovat rotarytoiminnan suola. Joka tiistai tarjolla on asiantuntevan alustajan mielenkiintoinen alustus inhimillisen el\u00e4m\u00e4n, yhteiskunnan, talouden, tieteen ja taiteen eri aloilta. Rotary onkin k\u00e4yt\u00e4nn\u00f6ss\u00e4 maailman suurin jatkokoulutusj\u00e4rjest\u00f6. Rotaryklubimme viikko-ohjelmat ja esitelm\u00e4aiheet l\u00f6yd\u00e4t alla.\r\n\r\nViikkokokousten ohjelmat uusimmasta vuoteen 2020 saakka.\r\n\r\n<a href=\"https:\/\/rotary.fi\/leppavaara\/ajankohtaista\/tapahtumakalenteri\/\">https:\/\/rotary.fi\/leppavaara\/ajankohtaista\/tapahtumakalenteri\/<\/a>\r\n\r\nViikko-ohjelmat 2013-2019:\r\n\r\n<a href=\"https:\/\/rotary.fi\/leppavaara\/wp-content\/uploads\/sites\/148\/2019\/10\/Viikko-ohjelma-syksy-2019.pdf\">Viikko-ohjelma syksy 2019<\/a> <a href=\"https:\/\/rotary.fi\/leppavaara\/wp-content\/uploads\/sites\/148\/2019\/10\/Viikko-ohjelma-kev\u00e4t-2019.pdf\">Viikko-ohjelma kev\u00e4t 2019<\/a> <a href=\"https:\/\/rotary.fi\/leppavaara\/wp-content\/uploads\/sites\/148\/2019\/10\/Viikko-ohjelma-syksy-2018.pdf\">Viikko-ohjelma syksy 2018<\/a> <a href=\"https:\/\/rotary.fi\/leppavaara\/wp-content\/uploads\/sites\/148\/2019\/10\/Viikko-ohjelma-kev\u00e4t-2018.pdf\">Viikko-ohjelma kev\u00e4t 2018<\/a> <a href=\"https:\/\/rotary.fi\/leppavaara\/wp-content\/uploads\/sites\/148\/2019\/10\/viikko-ohjelma-syksy-2017.jpg\">Viikko-ohjelma syksy 2017<\/a> <a href=\"https:\/\/rotary.fi\/leppavaara\/wp-content\/uploads\/sites\/148\/2019\/10\/Viikko-ohjelma-kev\u00e4t-2017.pdf\">Viikko-ohjelma kev\u00e4t 2017<\/a> <a href=\"https:\/\/rotary.fi\/leppavaara\/wp-content\/uploads\/sites\/148\/2019\/10\/Viikko-ohjelma-syksy-2016.pdf\">Viikko-ohjelma syksy 2016<\/a> <a href=\"https:\/\/rotary.fi\/leppavaara\/wp-content\/uploads\/sites\/148\/2019\/10\/Viikko-ohjelma-kev\u00e4t-2016.pdf\">Viikko-ohjelma kev\u00e4t 2016<\/a> <a href=\"https:\/\/rotary.fi\/leppavaara\/wp-content\/uploads\/sites\/148\/2019\/10\/Viikko-ohjelma-syksy-2015.pdf\">Viikko-ohjelma syksy 2015<\/a> <a href=\"https:\/\/rotary.fi\/leppavaara\/wp-content\/uploads\/sites\/148\/2019\/10\/Viikko-ohjelma-kev\u00e4t-2015.pdf\">Viikko-ohjelma kev\u00e4t 2015<\/a> <a href=\"https:\/\/rotary.fi\/leppavaara\/wp-content\/uploads\/sites\/148\/2019\/10\/Viikko-ohjelma-syksy-2014.pdf\">Viikko-ohjelma syksy 2014<\/a> <a href=\"https:\/\/rotary.fi\/leppavaara\/viikko-ohjelma-kevat-2014\/\">Viikko-ohjelma kev\u00e4t 2014<\/a> <a href=\"https:\/\/rotary.fi\/leppavaara\/wp-content\/uploads\/sites\/148\/2019\/10\/Viikko-ohjelma-syksy-2013.pdf\">Viikko-ohjelma syksy 2013<\/a> <a href=\"https:\/\/rotary.fi\/leppavaara\/wp-content\/uploads\/sites\/148\/2019\/10\/Viikko-ohjelma-kev\u00e4t-2013.pdf\">Viikko-ohjelma kev\u00e4t 2013<\/a>","_et_gb_content_width":"","footnotes":""},"class_list":["post-1976","page","type-page","status-publish","hentry"],"acf":[],"yoast_head":"<!-- This site is optimized with the Yoast SEO plugin v27.4 - https:\/\/yoast.com\/product\/yoast-seo-wordpress\/ -->\n<title>Viikkokokoukset - Lepp\u00e4vaaran Rotaryklubi ry \u2212 Alberga Rotaryklubb rf<\/title>\n<meta name=\"robots\" content=\"index, follow, max-snippet:-1, max-image-preview:large, max-video-preview:-1\" \/>\n<link rel=\"canonical\" href=\"https:\/\/rotary.fi\/leppavaara\/mita-teemme\/viikkokokoukset\/\" \/>\n<meta property=\"og:locale\" content=\"fi_FI\" \/>\n<meta property=\"og:type\" content=\"article\" \/>\n<meta property=\"og:title\" content=\"Viikkokokoukset - Lepp\u00e4vaaran Rotaryklubi ry \u2212 Alberga Rotaryklubb rf\" \/>\n<meta property=\"og:description\" content=\"Rotaryklubimme viikkokokoukset korkeatasoisine esitelmineen ovat rotarytoiminnan suola. Joka tiistai tarjolla on asiantuntevan alustajan mielenkiintoinen alustus inhimillisen el\u00e4m\u00e4n, yhteiskunnan, talouden, tieteen ja taiteen eri aloilta. Rotary onkin k\u00e4yt\u00e4nn\u00f6ss\u00e4 maailman suurin jatkokoulutusj\u00e4rjest\u00f6. Rotaryklubimme viikko-ohjelmat ja esitelm\u00e4aiheet l\u00f6yd\u00e4t alla. Viikkokokousten ohjelmat vuodesta 2020 uusimpiin. \u00a0Viikko-ohjelmat 2013-2019: Viikko-ohjelma syksy 2019 Viikko-ohjelma kev\u00e4t 2019 Viikko-ohjelma syksy 2018 Viikko-ohjelma kev\u00e4t 2018 [&hellip;]\" \/>\n<meta property=\"og:url\" content=\"https:\/\/rotary.fi\/leppavaara\/mita-teemme\/viikkokokoukset\/\" \/>\n<meta property=\"og:site_name\" content=\"Lepp\u00e4vaaran Rotaryklubi ry \u2212 Alberga Rotaryklubb rf\" \/>\n<meta property=\"article:modified_time\" content=\"2023-05-19T07:50:59+00:00\" \/>\n<meta name=\"twitter:card\" content=\"summary_large_image\" \/>\n<meta name=\"twitter:label1\" content=\"Arvioitu lukuaika\" \/>\n\t<meta name=\"twitter:data1\" content=\"1 minuutti\" \/>\n<script type=\"application\/ld+json\" class=\"yoast-schema-graph\">{\"@context\":\"https:\\\/\\\/schema.org\",\"@graph\":[{\"@type\":\"WebPage\",\"@id\":\"https:\\\/\\\/rotary.fi\\\/leppavaara\\\/mita-teemme\\\/viikkokokoukset\\\/\",\"url\":\"https:\\\/\\\/rotary.fi\\\/leppavaara\\\/mita-teemme\\\/viikkokokoukset\\\/\",\"name\":\"Viikkokokoukset - Lepp\u00e4vaaran Rotaryklubi ry \u2212 Alberga Rotaryklubb rf\",\"isPartOf\":{\"@id\":\"https:\\\/\\\/rotary.fi\\\/leppavaara\\\/#website\"},\"datePublished\":\"2019-10-11T08:06:47+00:00\",\"dateModified\":\"2023-05-19T07:50:59+00:00\",\"breadcrumb\":{\"@id\":\"https:\\\/\\\/rotary.fi\\\/leppavaara\\\/mita-teemme\\\/viikkokokoukset\\\/#breadcrumb\"},\"inLanguage\":\"fi\",\"potentialAction\":[{\"@type\":\"ReadAction\",\"target\":[\"https:\\\/\\\/rotary.fi\\\/leppavaara\\\/mita-teemme\\\/viikkokokoukset\\\/\"]}]},{\"@type\":\"BreadcrumbList\",\"@id\":\"https:\\\/\\\/rotary.fi\\\/leppavaara\\\/mita-teemme\\\/viikkokokoukset\\\/#breadcrumb\",\"itemListElement\":[{\"@type\":\"ListItem\",\"position\":1,\"name\":\"Home\",\"item\":\"https:\\\/\\\/rotary.fi\\\/leppavaara\\\/\"},{\"@type\":\"ListItem\",\"position\":2,\"name\":\"Mit\u00e4 teemme\",\"item\":\"https:\\\/\\\/rotary.fi\\\/leppavaara\\\/mita-teemme\\\/\"},{\"@type\":\"ListItem\",\"position\":3,\"name\":\"Viikkokokoukset\"}]},{\"@type\":\"WebSite\",\"@id\":\"https:\\\/\\\/rotary.fi\\\/leppavaara\\\/#website\",\"url\":\"https:\\\/\\\/rotary.fi\\\/leppavaara\\\/\",\"name\":\"Lepp\u00e4vaaran Rotaryklubi ry \u2212 Alberga Rotaryklubb rf\",\"description\":\"Uusi Rotary klubisivusto\",\"potentialAction\":[{\"@type\":\"SearchAction\",\"target\":{\"@type\":\"EntryPoint\",\"urlTemplate\":\"https:\\\/\\\/rotary.fi\\\/leppavaara\\\/?s={search_term_string}\"},\"query-input\":{\"@type\":\"PropertyValueSpecification\",\"valueRequired\":true,\"valueName\":\"search_term_string\"}}],\"inLanguage\":\"fi\"}]}<\/script>\n<!-- \/ Yoast SEO plugin. -->","yoast_head_json":{"title":"Viikkokokoukset - Lepp\u00e4vaaran Rotaryklubi ry \u2212 Alberga Rotaryklubb rf","robots":{"index":"index","follow":"follow","max-snippet":"max-snippet:-1","max-image-preview":"max-image-preview:large","max-video-preview":"max-video-preview:-1"},"canonical":"https:\/\/rotary.fi\/leppavaara\/mita-teemme\/viikkokokoukset\/","og_locale":"fi_FI","og_type":"article","og_title":"Viikkokokoukset - Lepp\u00e4vaaran Rotaryklubi ry \u2212 Alberga Rotaryklubb rf","og_description":"Rotaryklubimme viikkokokoukset korkeatasoisine esitelmineen ovat rotarytoiminnan suola. Joka tiistai tarjolla on asiantuntevan alustajan mielenkiintoinen alustus inhimillisen el\u00e4m\u00e4n, yhteiskunnan, talouden, tieteen ja taiteen eri aloilta. Rotary onkin k\u00e4yt\u00e4nn\u00f6ss\u00e4 maailman suurin jatkokoulutusj\u00e4rjest\u00f6. Rotaryklubimme viikko-ohjelmat ja esitelm\u00e4aiheet l\u00f6yd\u00e4t alla. Viikkokokousten ohjelmat vuodesta 2020 uusimpiin. \u00a0Viikko-ohjelmat 2013-2019: Viikko-ohjelma syksy 2019 Viikko-ohjelma kev\u00e4t 2019 Viikko-ohjelma syksy 2018 Viikko-ohjelma kev\u00e4t 2018 [&hellip;]","og_url":"https:\/\/rotary.fi\/leppavaara\/mita-teemme\/viikkokokoukset\/","og_site_name":"Lepp\u00e4vaaran Rotaryklubi ry \u2212 Alberga Rotaryklubb rf","article_modified_time":"2023-05-19T07:50:59+00:00","twitter_card":"summary_large_image","twitter_misc":{"Arvioitu lukuaika":"1 minuutti"},"schema":{"@context":"https:\/\/schema.org","@graph":[{"@type":"WebPage","@id":"https:\/\/rotary.fi\/leppavaara\/mita-teemme\/viikkokokoukset\/","url":"https:\/\/rotary.fi\/leppavaara\/mita-teemme\/viikkokokoukset\/","name":"Viikkokokoukset - Lepp\u00e4vaaran Rotaryklubi ry \u2212 Alberga Rotaryklubb rf","isPartOf":{"@id":"https:\/\/rotary.fi\/leppavaara\/#website"},"datePublished":"2019-10-11T08:06:47+00:00","dateModified":"2023-05-19T07:50:59+00:00","breadcrumb":{"@id":"https:\/\/rotary.fi\/leppavaara\/mita-teemme\/viikkokokoukset\/#breadcrumb"},"inLanguage":"fi","potentialAction":[{"@type":"ReadAction","target":["https:\/\/rotary.fi\/leppavaara\/mita-teemme\/viikkokokoukset\/"]}]},{"@type":"BreadcrumbList","@id":"https:\/\/rotary.fi\/leppavaara\/mita-teemme\/viikkokokoukset\/#breadcrumb","itemListElement":[{"@type":"ListItem","position":1,"name":"Home","item":"https:\/\/rotary.fi\/leppavaara\/"},{"@type":"ListItem","position":2,"name":"Mit\u00e4 teemme","item":"https:\/\/rotary.fi\/leppavaara\/mita-teemme\/"},{"@type":"ListItem","position":3,"name":"Viikkokokoukset"}]},{"@type":"WebSite","@id":"https:\/\/rotary.fi\/leppavaara\/#website","url":"https:\/\/rotary.fi\/leppavaara\/","name":"Lepp\u00e4vaaran Rotaryklubi ry \u2212 Alberga Rotaryklubb rf","description":"Uusi Rotary klubisivusto","potentialAction":[{"@type":"SearchAction","target":{"@type":"EntryPoint","urlTemplate":"https:\/\/rotary.fi\/leppavaara\/?s={search_term_string}"},"query-input":{"@type":"PropertyValueSpecification","valueRequired":true,"valueName":"search_term_string"}}],"inLanguage":"fi"}]}},"lang":"fi","translations":{"fi":1976},"pll_sync_post":[],"_links":{"self":[{"href":"https:\/\/rotary.fi\/leppavaara\/wp-json\/wp\/v2\/pages\/1976","targetHints":{"allow":["GET"]}}],"collection":[{"href":"https:\/\/rotary.fi\/leppavaara\/wp-json\/wp\/v2\/pages"}],"about":[{"href":"https:\/\/rotary.fi\/leppavaara\/wp-json\/wp\/v2\/types\/page"}],"author":[{"embeddable":true,"href":"https:\/\/rotary.fi\/leppavaara\/wp-json\/wp\/v2\/users\/200"}],"replies":[{"embeddable":true,"href":"https:\/\/rotary.fi\/leppavaara\/wp-json\/wp\/v2\/comments?post=1976"}],"version-history":[{"count":10,"href":"https:\/\/rotary.fi\/leppavaara\/wp-json\/wp\/v2\/pages\/1976\/revisions"}],"predecessor-version":[{"id":2544,"href":"https:\/\/rotary.fi\/leppavaara\/wp-json\/wp\/v2\/pages\/1976\/revisions\/2544"}],"up":[{"embeddable":true,"href":"https:\/\/rotary.fi\/leppavaara\/wp-json\/wp\/v2\/pages\/77"}],"wp:attachment":[{"href":"https:\/\/rotary.fi\/leppavaara\/wp-json\/wp\/v2\/media?parent=1976"}],"curies":[{"name":"wp","href":"https:\/\/api.w.org\/{rel}","templated":true}]}}