{"id":1886,"date":"2019-06-12T16:36:16","date_gmt":"2019-06-12T13:36:16","guid":{"rendered":"https:\/\/rotary.fi\/leppavaara\/?page_id=1886"},"modified":"2023-05-19T11:24:17","modified_gmt":"2023-05-19T08:24:17","slug":"leppavaaran-rotaryklubin-seminaarit","status":"publish","type":"page","link":"https:\/\/rotary.fi\/leppavaara\/leppavaaran-rotaryklubin-seminaarit\/","title":{"rendered":"Lepp\u00e4vaaran klubin seminaarit"},"content":{"rendered":"<p>[et_pb_section fb_built=&#8221;1&#8243; admin_label=&#8221;section&#8221; _builder_version=&#8221;4.16&#8243; global_colors_info=&#8221;{}&#8221;][et_pb_row admin_label=&#8221;row&#8221; _builder_version=&#8221;4.16&#8243; background_size=&#8221;initial&#8221; background_position=&#8221;top_left&#8221; background_repeat=&#8221;repeat&#8221; global_colors_info=&#8221;{}&#8221;][et_pb_column type=&#8221;4_4&#8243; _builder_version=&#8221;4.16&#8243; custom_padding=&#8221;|||&#8221; global_colors_info=&#8221;{}&#8221; custom_padding__hover=&#8221;|||&#8221;][et_pb_text admin_label=&#8221;Text&#8221; _builder_version=&#8221;4.16&#8243; background_size=&#8221;initial&#8221; background_position=&#8221;top_left&#8221; background_repeat=&#8221;repeat&#8221; global_colors_info=&#8221;{}&#8221;]<\/p>\n<h2><strong>Lepp\u00e4vaaran klubin seminaarit<\/strong><\/h2>\n<p><em><\/em><\/p>\n<p>[\/et_pb_text][\/et_pb_column][\/et_pb_row][et_pb_row admin_label=&#8221;row&#8221; _builder_version=&#8221;4.16&#8243; background_size=&#8221;initial&#8221; background_position=&#8221;top_left&#8221; background_repeat=&#8221;repeat&#8221; global_colors_info=&#8221;{}&#8221;][et_pb_column type=&#8221;4_4&#8243; _builder_version=&#8221;4.16&#8243; custom_padding=&#8221;|||&#8221; global_colors_info=&#8221;{}&#8221; custom_padding__hover=&#8221;|||&#8221;][et_pb_text admin_label=&#8221;Text&#8221; _builder_version=&#8221;4.16&#8243; background_size=&#8221;initial&#8221; background_position=&#8221;top_left&#8221; background_repeat=&#8221;repeat&#8221; custom_padding=&#8221;8px|||||&#8221; global_colors_info=&#8221;{}&#8221;]<\/p>\n<h4><strong>Seminaarit aloitettiin vuonna 1997<\/strong><\/h4>\n<p>Vuonna 1997 Rotarys\u00e4\u00e4ti\u00f6 t\u00e4ytti 80 vuotta. Juhlavuoden kunniaksi s\u00e4\u00e4ti\u00f6 toivoi erityislahjoituksia klubeilta s\u00e4\u00e4ti\u00f6n hyvien asioiden edist\u00e4miseen maailmanlaaju\u00edsesti. Lepp\u00e4vaaran Rotaryklubi p\u00e4\u00e4tti j\u00e4rjest\u00e4\u00e4 seminaarin ajankohtaisesta asiasta tarkoituksella saada rahaa s\u00e4\u00e4ti\u00f6lle seminaarin sponsoreiksi lupautuneilta.Tilaisuus oli osanottajille maksuton.<\/p>\n<p>Ensimm\u00e4isen seminaarin yhteisty\u00f6kumppaneiksi ja sponsoreiksi saatiin Espoon Lepp\u00e4vaarassa vaikuttavia tahoja: <em>Espoon kaupunki, Espoon Kauppakamari, EVTEK-ammattikorkeakoulu, Merita, Pohjola-Yhti\u00f6t ja AEL.<\/em><\/p>\n<h4><strong>Toimintaidea<\/strong><\/h4>\n<p>Ensimm\u00e4isen seminaarin tavoitteeksi asetettiin her\u00e4tt\u00e4\u00e4 osallistujissa ajatuksia \u2013 ravistella heit\u00e4 ajattelemaan <strong><em>MINNE OLEMME MENOSSA <\/em><\/strong>nykyisill\u00e4 tunnetuilla \u201dpelis\u00e4\u00e4nn\u00f6ill\u00e4\u201d &#8211; ja motivoida toimijoita tulevaisuuteen t\u00e4ht\u00e4\u00e4v\u00e4\u00e4n vastuulliseen toimintaan sek\u00e4 yksil\u00f6-, yritys- ett\u00e4 yhteiskuntatasolla. Seminaarin otsake oli <strong>QUO VADIS SUOMI VUONNA\u00a0 2000?<\/strong><\/p>\n<p>Rotarien tunnuslause on \u2013 Palvelu itsekkyyden edelle. Palvelu kanavoituu Rotaryklubeissa k\u00e4yt\u00e4nn\u00f6n toiminnaksi viidelle palveluv\u00e4yl\u00e4lle. Seminaarimme toteutti n\u00e4ist\u00e4 Ammattipalvelun ja Yhteiskuntapalvelun v\u00e4yli\u00e4.<\/p>\n<h4><strong>Taloudellisen tuloksen k\u00e4ytt\u00f6<\/strong><\/h4>\n<p>Sponsoreilta saatu taloudellinen tuki p\u00e4\u00e4tettiin silloin, ja sen j\u00e4lkeen on aina p\u00e4\u00e4tetty, jakaa alueen oppilaitosten oppilaille Rotarystipendein\u00e4 ja Rotarys\u00e4\u00e4ti\u00f6lle mm. Polion vastaisen maailmanlaajuisen rokotusohjelman toteuttamiseen.<\/p>\n<h4><strong>Seminaarit jatkuvat: Nimi vakiintunut &#8221;Syysseminaariksi&#8221;<br \/><\/strong><\/h4>\n<p>Seminaarien toteutus on jatkunut jokasyksyisen\u00e4 tilaisuutena. Toimintavuotena 2023 \u2013 2024 tilaisuus j\u00e4rjestet\u00e4\u00e4n jo 25. kerran.<\/p>\n<p>Sponsoreita on tullut lis\u00e4\u00e4. EVTEK ammattikorkeakoulu on muuttunut Metropolia Ammattikorkeakouluksi. Vakituisia tukijoita on ollut mm. UPM, SGM Group, RTK palvelu, A-Insin\u00f6\u00f6rit, Danske Bank, Tapiola Golf, ABB, FGWE, Kauppakamari, Huhta-s\u00e4hk\u00f6tekniikka, Ramboll.<em><br \/><\/em><\/p>\n<p>[\/et_pb_text][\/et_pb_column][\/et_pb_row][\/et_pb_section][et_pb_section fb_built=&#8221;1&#8243; admin_label=&#8221;section&#8221; _builder_version=&#8221;4.16&#8243; global_colors_info=&#8221;{}&#8221;][\/et_pb_section]<\/p>\n","protected":false},"excerpt":{"rendered":"<p>Lepp\u00e4vaaran klubin seminaarit Seminaarit aloitettiin vuonna 1997 Vuonna 1997 Rotarys\u00e4\u00e4ti\u00f6 t\u00e4ytti 80 vuotta. Juhlavuoden kunniaksi s\u00e4\u00e4ti\u00f6 toivoi erityislahjoituksia klubeilta s\u00e4\u00e4ti\u00f6n hyvien asioiden edist\u00e4miseen maailmanlaaju\u00edsesti. Lepp\u00e4vaaran Rotaryklubi p\u00e4\u00e4tti j\u00e4rjest\u00e4\u00e4 seminaarin ajankohtaisesta asiasta tarkoituksella saada rahaa s\u00e4\u00e4ti\u00f6lle seminaarin sponsoreiksi lupautuneilta.Tilaisuus oli osanottajille maksuton. Ensimm\u00e4isen seminaarin yhteisty\u00f6kumppaneiksi ja sponsoreiksi saatiin Espoon Lepp\u00e4vaarassa vaikuttavia tahoja: Espoon kaupunki, Espoon Kauppakamari, [&hellip;]<\/p>\n","protected":false},"author":200,"featured_media":0,"parent":0,"menu_order":0,"comment_status":"closed","ping_status":"closed","template":"","meta":{"_acf_changed":false,"_et_pb_use_builder":"on","_et_pb_old_content":"<h2><strong>Seminaarit aloitettiin vuonna 1997<\/strong><\/h2>\r\nVuonna 1997 Rotarys\u00e4\u00e4ti\u00f6 t\u00e4ytti 80 vuotta. Juhlavuoden kunniaksi s\u00e4\u00e4ti\u00f6 toivoi erityislahjoituksia klubeilta s\u00e4\u00e4ti\u00f6n hyvien asioiden edist\u00e4miseen maailmanlaaju\u00edsesti. Lepp\u00e4vaaran Rotaryklubi p\u00e4\u00e4tti j\u00e4rjest\u00e4\u00e4 seminaarin ajankohtaisesta asiasta tarkoituksella saada rahaa s\u00e4\u00e4ti\u00f6lle seminaarin sponsoreiksi lupautuneilta.Tilaisuus oli osanottajille maksuton.\r\n\r\nEnsimm\u00e4isen seminaarin yhteisty\u00f6kumppaneiksi ja sponsoreiksi saatiin Espoon Lepp\u00e4vaarassa vaikuttavia tahoja: <em>Espoon kaupunki, Espoon Kauppakamari, EVTEK-ammattikorkeakoulu, Merita, Pohjola-Yhti\u00f6t ja AEL.<\/em>\r\n<h2><strong>Toimintaidea<\/strong><\/h2>\r\nEnsimm\u00e4isen seminaarin tavoitteeksi asetettiin her\u00e4tt\u00e4\u00e4 osallistujissa ajatuksia \u2013 ravistella heit\u00e4 ajattelemaan <strong><em>MINNE OLEMME MENOSSA <\/em><\/strong>nykyisill\u00e4 tunnetuilla \u201dpelis\u00e4\u00e4nn\u00f6ill\u00e4\u201d - ja motivoida toimijoita tulevaisuuteen t\u00e4ht\u00e4\u00e4v\u00e4\u00e4n vastuulliseen toimintaan sek\u00e4 yksil\u00f6-, yritys- ett\u00e4 yhteiskuntatasolla. Seminaarin otsake oli <strong>QUO VADIS SUOMI VUONNA\u00a0 2000?<\/strong>\r\n\r\nRotarien tunnuslause on \u2013 Palvelu itsekkyyden edelle. Palvelu kanavoituu Rotaryklubeissa k\u00e4yt\u00e4nn\u00f6n toiminnaksi viidelle palveluv\u00e4yl\u00e4lle. Seminaarimme toteutti n\u00e4ist\u00e4 Ammattipalvelun ja Yhteiskuntapalvelun v\u00e4yli\u00e4.\r\n<h2><strong>Taloudellisen tuloksen k\u00e4ytt\u00f6<\/strong><\/h2>\r\nSponsoreilta saatu taloudellinen tuki p\u00e4\u00e4tettiin silloin, ja sen j\u00e4lkeen on aina p\u00e4\u00e4tetty, jakaa alueen oppilaitosten oppilaille Rotarystipendein\u00e4 ja Rotarys\u00e4\u00e4ti\u00f6lle mm. Polion vastaisen maailmanlaajuisen rokotusohjelman toteuttamiseen.\r\n<h2><strong>Seminaarit jatkuvat: Nimi vakiintunut \"Syysseminaariksi\"\r\n<\/strong><\/h2>\r\nSeminaarien toteutus on jatkunut jokavuotisena tilaisuutena aina syyskuun alussa jo yli 20 kertaa. Sponsoreita on tullut lis\u00e4\u00e4. <em>EVTEK ammattikorkeakoulu on muuttunut Metropolia Ammattikorkeakouluksi. Vakituisia tukijoita t\u00e4n\u00e4\u00e4n on ollut mm. UPM, SGM Group, RTK palvelu, A-Insin\u00f6\u00f6rit, Danske Bank, Tapiola Golf.<\/em>","_et_gb_content_width":"","footnotes":""},"class_list":["post-1886","page","type-page","status-publish","hentry"],"acf":[],"yoast_head":"<!-- This site is optimized with the Yoast SEO plugin v27.0 - https:\/\/yoast.com\/product\/yoast-seo-wordpress\/ -->\n<title>Lepp\u00e4vaaran klubin seminaarit - Lepp\u00e4vaaran Rotaryklubi ry \u2212 Alberga Rotaryklubb rf<\/title>\n<meta name=\"robots\" content=\"index, follow, max-snippet:-1, max-image-preview:large, max-video-preview:-1\" \/>\n<link rel=\"canonical\" href=\"https:\/\/rotary.fi\/leppavaara\/leppavaaran-rotaryklubin-seminaarit\/\" \/>\n<meta property=\"og:locale\" content=\"fi_FI\" \/>\n<meta property=\"og:type\" content=\"article\" \/>\n<meta property=\"og:title\" content=\"Lepp\u00e4vaaran klubin seminaarit - Lepp\u00e4vaaran Rotaryklubi ry \u2212 Alberga Rotaryklubb rf\" \/>\n<meta property=\"og:description\" content=\"Lepp\u00e4vaaran klubin seminaarit Seminaarit aloitettiin vuonna 1997 Vuonna 1997 Rotarys\u00e4\u00e4ti\u00f6 t\u00e4ytti 80 vuotta. Juhlavuoden kunniaksi s\u00e4\u00e4ti\u00f6 toivoi erityislahjoituksia klubeilta s\u00e4\u00e4ti\u00f6n hyvien asioiden edist\u00e4miseen maailmanlaaju\u00edsesti. Lepp\u00e4vaaran Rotaryklubi p\u00e4\u00e4tti j\u00e4rjest\u00e4\u00e4 seminaarin ajankohtaisesta asiasta tarkoituksella saada rahaa s\u00e4\u00e4ti\u00f6lle seminaarin sponsoreiksi lupautuneilta.Tilaisuus oli osanottajille maksuton. Ensimm\u00e4isen seminaarin yhteisty\u00f6kumppaneiksi ja sponsoreiksi saatiin Espoon Lepp\u00e4vaarassa vaikuttavia tahoja: Espoon kaupunki, Espoon Kauppakamari, [&hellip;]\" \/>\n<meta property=\"og:url\" content=\"https:\/\/rotary.fi\/leppavaara\/leppavaaran-rotaryklubin-seminaarit\/\" \/>\n<meta property=\"og:site_name\" content=\"Lepp\u00e4vaaran Rotaryklubi ry \u2212 Alberga Rotaryklubb rf\" \/>\n<meta property=\"article:modified_time\" content=\"2023-05-19T08:24:17+00:00\" \/>\n<meta name=\"twitter:card\" content=\"summary_large_image\" \/>\n<meta name=\"twitter:label1\" content=\"Arvioitu lukuaika\" \/>\n\t<meta name=\"twitter:data1\" content=\"2 minuuttia\" \/>\n<script type=\"application\/ld+json\" class=\"yoast-schema-graph\">{\"@context\":\"https:\/\/schema.org\",\"@graph\":[{\"@type\":\"WebPage\",\"@id\":\"https:\/\/rotary.fi\/leppavaara\/leppavaaran-rotaryklubin-seminaarit\/\",\"url\":\"https:\/\/rotary.fi\/leppavaara\/leppavaaran-rotaryklubin-seminaarit\/\",\"name\":\"Lepp\u00e4vaaran klubin seminaarit - Lepp\u00e4vaaran Rotaryklubi ry \u2212 Alberga Rotaryklubb rf\",\"isPartOf\":{\"@id\":\"https:\/\/rotary.fi\/leppavaara\/#website\"},\"datePublished\":\"2019-06-12T13:36:16+00:00\",\"dateModified\":\"2023-05-19T08:24:17+00:00\",\"breadcrumb\":{\"@id\":\"https:\/\/rotary.fi\/leppavaara\/leppavaaran-rotaryklubin-seminaarit\/#breadcrumb\"},\"inLanguage\":\"fi\",\"potentialAction\":[{\"@type\":\"ReadAction\",\"target\":[\"https:\/\/rotary.fi\/leppavaara\/leppavaaran-rotaryklubin-seminaarit\/\"]}]},{\"@type\":\"BreadcrumbList\",\"@id\":\"https:\/\/rotary.fi\/leppavaara\/leppavaaran-rotaryklubin-seminaarit\/#breadcrumb\",\"itemListElement\":[{\"@type\":\"ListItem\",\"position\":1,\"name\":\"Home\",\"item\":\"https:\/\/rotary.fi\/leppavaara\/\"},{\"@type\":\"ListItem\",\"position\":2,\"name\":\"Lepp\u00e4vaaran klubin seminaarit\"}]},{\"@type\":\"WebSite\",\"@id\":\"https:\/\/rotary.fi\/leppavaara\/#website\",\"url\":\"https:\/\/rotary.fi\/leppavaara\/\",\"name\":\"Lepp\u00e4vaaran Rotaryklubi ry \u2212 Alberga Rotaryklubb rf\",\"description\":\"Uusi Rotary klubisivusto\",\"potentialAction\":[{\"@type\":\"SearchAction\",\"target\":{\"@type\":\"EntryPoint\",\"urlTemplate\":\"https:\/\/rotary.fi\/leppavaara\/?s={search_term_string}\"},\"query-input\":{\"@type\":\"PropertyValueSpecification\",\"valueRequired\":true,\"valueName\":\"search_term_string\"}}],\"inLanguage\":\"fi\"}]}<\/script>\n<!-- \/ Yoast SEO plugin. -->","yoast_head_json":{"title":"Lepp\u00e4vaaran klubin seminaarit - Lepp\u00e4vaaran Rotaryklubi ry \u2212 Alberga Rotaryklubb rf","robots":{"index":"index","follow":"follow","max-snippet":"max-snippet:-1","max-image-preview":"max-image-preview:large","max-video-preview":"max-video-preview:-1"},"canonical":"https:\/\/rotary.fi\/leppavaara\/leppavaaran-rotaryklubin-seminaarit\/","og_locale":"fi_FI","og_type":"article","og_title":"Lepp\u00e4vaaran klubin seminaarit - Lepp\u00e4vaaran Rotaryklubi ry \u2212 Alberga Rotaryklubb rf","og_description":"Lepp\u00e4vaaran klubin seminaarit Seminaarit aloitettiin vuonna 1997 Vuonna 1997 Rotarys\u00e4\u00e4ti\u00f6 t\u00e4ytti 80 vuotta. Juhlavuoden kunniaksi s\u00e4\u00e4ti\u00f6 toivoi erityislahjoituksia klubeilta s\u00e4\u00e4ti\u00f6n hyvien asioiden edist\u00e4miseen maailmanlaaju\u00edsesti. Lepp\u00e4vaaran Rotaryklubi p\u00e4\u00e4tti j\u00e4rjest\u00e4\u00e4 seminaarin ajankohtaisesta asiasta tarkoituksella saada rahaa s\u00e4\u00e4ti\u00f6lle seminaarin sponsoreiksi lupautuneilta.Tilaisuus oli osanottajille maksuton. Ensimm\u00e4isen seminaarin yhteisty\u00f6kumppaneiksi ja sponsoreiksi saatiin Espoon Lepp\u00e4vaarassa vaikuttavia tahoja: Espoon kaupunki, Espoon Kauppakamari, [&hellip;]","og_url":"https:\/\/rotary.fi\/leppavaara\/leppavaaran-rotaryklubin-seminaarit\/","og_site_name":"Lepp\u00e4vaaran Rotaryklubi ry \u2212 Alberga Rotaryklubb rf","article_modified_time":"2023-05-19T08:24:17+00:00","twitter_card":"summary_large_image","twitter_misc":{"Arvioitu lukuaika":"2 minuuttia"},"schema":{"@context":"https:\/\/schema.org","@graph":[{"@type":"WebPage","@id":"https:\/\/rotary.fi\/leppavaara\/leppavaaran-rotaryklubin-seminaarit\/","url":"https:\/\/rotary.fi\/leppavaara\/leppavaaran-rotaryklubin-seminaarit\/","name":"Lepp\u00e4vaaran klubin seminaarit - Lepp\u00e4vaaran Rotaryklubi ry \u2212 Alberga Rotaryklubb rf","isPartOf":{"@id":"https:\/\/rotary.fi\/leppavaara\/#website"},"datePublished":"2019-06-12T13:36:16+00:00","dateModified":"2023-05-19T08:24:17+00:00","breadcrumb":{"@id":"https:\/\/rotary.fi\/leppavaara\/leppavaaran-rotaryklubin-seminaarit\/#breadcrumb"},"inLanguage":"fi","potentialAction":[{"@type":"ReadAction","target":["https:\/\/rotary.fi\/leppavaara\/leppavaaran-rotaryklubin-seminaarit\/"]}]},{"@type":"BreadcrumbList","@id":"https:\/\/rotary.fi\/leppavaara\/leppavaaran-rotaryklubin-seminaarit\/#breadcrumb","itemListElement":[{"@type":"ListItem","position":1,"name":"Home","item":"https:\/\/rotary.fi\/leppavaara\/"},{"@type":"ListItem","position":2,"name":"Lepp\u00e4vaaran klubin seminaarit"}]},{"@type":"WebSite","@id":"https:\/\/rotary.fi\/leppavaara\/#website","url":"https:\/\/rotary.fi\/leppavaara\/","name":"Lepp\u00e4vaaran Rotaryklubi ry \u2212 Alberga Rotaryklubb rf","description":"Uusi Rotary klubisivusto","potentialAction":[{"@type":"SearchAction","target":{"@type":"EntryPoint","urlTemplate":"https:\/\/rotary.fi\/leppavaara\/?s={search_term_string}"},"query-input":{"@type":"PropertyValueSpecification","valueRequired":true,"valueName":"search_term_string"}}],"inLanguage":"fi"}]}},"lang":"fi","translations":{"fi":1886},"pll_sync_post":[],"_links":{"self":[{"href":"https:\/\/rotary.fi\/leppavaara\/wp-json\/wp\/v2\/pages\/1886","targetHints":{"allow":["GET"]}}],"collection":[{"href":"https:\/\/rotary.fi\/leppavaara\/wp-json\/wp\/v2\/pages"}],"about":[{"href":"https:\/\/rotary.fi\/leppavaara\/wp-json\/wp\/v2\/types\/page"}],"author":[{"embeddable":true,"href":"https:\/\/rotary.fi\/leppavaara\/wp-json\/wp\/v2\/users\/200"}],"replies":[{"embeddable":true,"href":"https:\/\/rotary.fi\/leppavaara\/wp-json\/wp\/v2\/comments?post=1886"}],"version-history":[{"count":7,"href":"https:\/\/rotary.fi\/leppavaara\/wp-json\/wp\/v2\/pages\/1886\/revisions"}],"predecessor-version":[{"id":2563,"href":"https:\/\/rotary.fi\/leppavaara\/wp-json\/wp\/v2\/pages\/1886\/revisions\/2563"}],"wp:attachment":[{"href":"https:\/\/rotary.fi\/leppavaara\/wp-json\/wp\/v2\/media?parent=1886"}],"curies":[{"name":"wp","href":"https:\/\/api.w.org\/{rel}","templated":true}]}}