{"id":156,"date":"2018-08-13T09:46:59","date_gmt":"2018-08-13T06:46:59","guid":{"rendered":"https:\/\/rotary.fi\/leppavaara\/?page_id=156"},"modified":"2023-05-19T10:08:30","modified_gmt":"2023-05-19T07:08:30","slug":"projektit","status":"publish","type":"page","link":"https:\/\/rotary.fi\/leppavaara\/mita-teemme\/projektit\/","title":{"rendered":"Projektit"},"content":{"rendered":"<p>[et_pb_section fb_built=&#8221;1&#8243; module_class=&#8221;jumbotron-page&#8221; _builder_version=&#8221;4.16&#8243; background_image=&#8221;https:\/\/rotary.fi\/leppavaara\/wp-content\/uploads\/sites\/148\/2018\/08\/rotary_klubit_alasivu_paakuva_5.jpg&#8221; global_colors_info=&#8221;{}&#8221;][et_pb_row _builder_version=&#8221;4.16&#8243; background_size=&#8221;initial&#8221; background_position=&#8221;top_left&#8221; background_repeat=&#8221;repeat&#8221; global_colors_info=&#8221;{}&#8221;][et_pb_column type=&#8221;4_4&#8243; _builder_version=&#8221;4.16&#8243; custom_padding=&#8221;|||&#8221; global_colors_info=&#8221;{}&#8221; custom_padding__hover=&#8221;|||&#8221;][et_pb_text admin_label=&#8221;P\u00e4\u00e4otsikko&#8221; _builder_version=&#8221;4.16&#8243; text_orientation=&#8221;center&#8221; background_layout=&#8221;dark&#8221; global_colors_info=&#8221;{}&#8221;]<\/p>\n<h1>Projektit<\/h1>\n<p>[\/et_pb_text][\/et_pb_column][\/et_pb_row][\/et_pb_section][et_pb_section fb_built=&#8221;1&#8243; specialty=&#8221;on&#8221; module_class_2=&#8221;sivupalkki&#8221; _builder_version=&#8221;4.16&#8243; global_colors_info=&#8221;{}&#8221;][et_pb_column type=&#8221;2_3&#8243; specialty_columns=&#8221;2&#8243; _builder_version=&#8221;4.16&#8243; custom_padding=&#8221;|||&#8221; global_colors_info=&#8221;{}&#8221; parallax__hover=&#8221;off&#8221; parallax_method__hover=&#8221;on&#8221; custom_padding__hover=&#8221;|||&#8221;][et_pb_row_inner admin_label=&#8221;Rivi&#8221; _builder_version=&#8221;4.16&#8243; global_colors_info=&#8221;{}&#8221;][et_pb_column_inner saved_specialty_column_type=&#8221;2_3&#8243; _builder_version=&#8221;4.16&#8243; custom_padding=&#8221;|||&#8221; global_colors_info=&#8221;{}&#8221; parallax__hover=&#8221;off&#8221; parallax_method__hover=&#8221;on&#8221; custom_padding__hover=&#8221;|||&#8221;][et_pb_text admin_label=&#8221;Projektit &#8211; Otsikko&#8221; _builder_version=&#8221;4.16&#8243; text_orientation=&#8221;center&#8221; global_colors_info=&#8221;{}&#8221;]<\/p>\n<h1>Projektit<\/h1>\n<p>[\/et_pb_text][et_pb_text _builder_version=&#8221;4.16&#8243; global_colors_info=&#8221;{}&#8221;]<\/p>\n<p>Rotary on palveluj\u00e4rjest\u00f6. Toimimme tunnuslauseemme Palvelu itsekkyyden edelle (Service above self) mukaisesti paikallisesti ja maailmanlaajuisesti. Kansainv\u00e4linen humanit\u00e4\u00e4rinen palvelumme toteutuu Rotarys\u00e4\u00e4ti\u00f6mme koordinoimana ja hyv\u00e4ksyttyjen kumppaneiden kanssa.<\/p>\n<p><strong><\/strong><\/p>\n<p>[\/et_pb_text][\/et_pb_column_inner][\/et_pb_row_inner][et_pb_row_inner _builder_version=&#8221;4.16&#8243; global_colors_info=&#8221;{}&#8221;][et_pb_column_inner saved_specialty_column_type=&#8221;2_3&#8243; _builder_version=&#8221;4.16&#8243; custom_padding=&#8221;|||&#8221; global_colors_info=&#8221;{}&#8221; custom_padding__hover=&#8221;|||&#8221;][et_pb_accordion _builder_version=&#8221;4.16&#8243; global_colors_info=&#8221;{}&#8221;][et_pb_accordion_item _builder_version=&#8221;4.16&#8243; global_colors_info=&#8221;{}&#8221; open=&#8221;on&#8221;][\/et_pb_accordion_item][et_pb_accordion_item title=&#8221;4H Rotary Start Kick&#8221; open=&#8221;off&#8221; _builder_version=&#8221;4.16&#8243; global_colors_info=&#8221;{}&#8221;]<\/p>\n<p style=\"line-height: 150%\"><span style=\"font-family: 'Arial',sans-serif\">Lepp\u00e4vaaran Rotaryklubi kannustaa nuoria, yritteli\u00e4it\u00e4 opiskelijoita kehitt\u00e4m\u00e4\u00e4n ja toteuttamaan liikeideaansa yhteisty\u00f6ss\u00e4 4H-j\u00e4rjest\u00f6n kanssa. Kilpailun j\u00e4rjest\u00e4jin\u00e4 ovat meid\u00e4n klubimme lis\u00e4ksi Kluuvin ja Tikkurilan Rotaryklubit. Kilpailu aloitettiin vuonna 2018 j\u00e4rjest\u00e4m\u00e4ll\u00e4 finaali Helsingiss\u00e4. <\/span><span style=\"font-family: 'Arial',sans-serif\">4H-j\u00e4rjest\u00f6 j\u00e4rjest\u00e4\u00e4 Yrityskursseja 13-28 -vuotiaille nuorille. Kurssilla heille opetetaan yritystoiminnan perusasioita. 4H-yritt\u00e4jin\u00e4 nuoret p\u00e4\u00e4sev\u00e4t kokeilemaan yritt\u00e4jyytt\u00e4 k\u00e4yt\u00e4nn\u00f6ss\u00e4. <\/span><\/p>\n<p style=\"line-height: 150%\"><span style=\"font-family: 'Arial',sans-serif\">Ensimm\u00e4isen kisan voittaja oli Ilkka-Palvelut; tarjoaa palvelua kotiaan AirBnB-palvelun kautta vuokraaville henkil\u00f6ille huolehtimalla asunnon siivouksesta ja avainten luovutuksesta.<\/span><\/p>\n<p style=\"line-height: 150%\"><span style=\"font-family: 'Arial',sans-serif\"><img loading=\"lazy\" decoding=\"async\" src=\"https:\/\/rotary.fi\/leppavaara\/wp-content\/uploads\/sites\/148\/2019\/06\/4h-rotary-challenge-2018-finalisit-ja-raati-300x298.jpg\" alt=\"\" class=\"wp-image-1857 alignnone size-medium\" width=\"432\" height=\"429\" srcset=\"https:\/\/rotary.fi\/leppavaara\/wp-content\/uploads\/sites\/148\/2019\/06\/4h-rotary-challenge-2018-finalisit-ja-raati-300x298.jpg 300w, https:\/\/rotary.fi\/leppavaara\/wp-content\/uploads\/sites\/148\/2019\/06\/4h-rotary-challenge-2018-finalisit-ja-raati-150x150.jpg 150w, https:\/\/rotary.fi\/leppavaara\/wp-content\/uploads\/sites\/148\/2019\/06\/4h-rotary-challenge-2018-finalisit-ja-raati-768x762.jpg 768w, https:\/\/rotary.fi\/leppavaara\/wp-content\/uploads\/sites\/148\/2019\/06\/4h-rotary-challenge-2018-finalisit-ja-raati.jpg 960w\" sizes=\"(max-width: 432px) 100vw, 432px\" \/><\/span><\/p>\n<p style=\"line-height: 150%\"><span style=\"font-family: 'Arial',sans-serif\">4H Rotary Challenge 2018 kolme parasta tiimi\u00e4 ja arvosteluraatilaiset.<\/span><\/p>\n<p style=\"line-height: 150%\"><span style=\"font-family: 'Arial',sans-serif\">Vuoden 2019 kisa on nimelt\u00e4\u00e4n 4H Rotary Start Kick. Kilpailuun osallistui yhteens\u00e4 40 nuorta 23 liikeideallaan. Tikkurilan lukiossa 21.11. pidettyyn finaaliin valittiin osallistuneiden keskuudesta seitsem\u00e4n liikeideaa, ja kilpailijat olivat i\u00e4lt\u00e4\u00e4n 13-19 -vuotiaita. Yleis\u00f6n suosikki ja finaalin voittaja oli helsinkil\u00e4inen tiimi Sauce Soft, jonka kilpailuty\u00f6 on Hunter-sovellus aktivoiden nuoria yl\u00f6s, ulos ja liikkumaan pelaamisen motivoimina. Hunter-sovellusta voidaan hy\u00f6dynt\u00e4\u00e4 my\u00f6s B2B-periaatteella yritysten markkinointikanavana. Lis\u00e4tietoa l\u00f6ytyy artikkelista <a href=\"https:\/\/epaper.hansaprint.fi\/rotary\/ROT20_01\/62\/\">https:\/\/epaper.hansaprint.fi\/rotary\/ROT20_01\/62\/<\/a><\/span><\/p>\n<p style=\"line-height: 150%\"><span style=\"font-family: 'Arial',sans-serif\">Vuonna 2020 finaali on Espoossa ja sen j\u00e4rjest\u00e4\u00e4 Lepp\u00e4vaaran rotaryklubi. J\u00e4rjestelyvastuussa ovat mm. Jari Paulam\u00e4ki ja Timo K\u00e4rn\u00e4. Osallistujat tulevat p\u00e4\u00e4kaupunkiseudulta. <br \/><\/span><\/p>\n<p style=\"line-height: 150%\"><span style=\"font-family: 'Arial',sans-serif\"><\/span><\/p>\n<p>[\/et_pb_accordion_item][\/et_pb_accordion][\/et_pb_column_inner][\/et_pb_row_inner][\/et_pb_column][et_pb_column type=&#8221;1_3&#8243; _builder_version=&#8221;4.16&#8243; custom_padding=&#8221;|||&#8221; global_colors_info=&#8221;{}&#8221; parallax__hover=&#8221;off&#8221; parallax_method__hover=&#8221;on&#8221; module_class__hover=&#8221;sivupalkki&#8221; custom_padding__hover=&#8221;|||&#8221;][et_pb_sidebar area=&#8221;sidebar-1&#8243; module_class=&#8221;sivupalkki_sisalto&#8221; _builder_version=&#8221;4.16&#8243; locked=&#8221;on&#8221; global_colors_info=&#8221;{}&#8221;][\/et_pb_sidebar][\/et_pb_column][\/et_pb_section]<\/p>\n","protected":false},"excerpt":{"rendered":"<p>Projektit Projektit Rotary on palveluj\u00e4rjest\u00f6. Toimimme tunnuslauseemme Palvelu itsekkyyden edelle (Service above self) mukaisesti paikallisesti ja maailmanlaajuisesti. Kansainv\u00e4linen humanit\u00e4\u00e4rinen palvelumme toteutuu Rotarys\u00e4\u00e4ti\u00f6mme koordinoimana ja hyv\u00e4ksyttyjen kumppaneiden kanssa. Lepp\u00e4vaaran Rotaryklubi kannustaa nuoria, yritteli\u00e4it\u00e4 opiskelijoita kehitt\u00e4m\u00e4\u00e4n ja toteuttamaan liikeideaansa yhteisty\u00f6ss\u00e4 4H-j\u00e4rjest\u00f6n kanssa. Kilpailun j\u00e4rjest\u00e4jin\u00e4 ovat meid\u00e4n klubimme lis\u00e4ksi Kluuvin ja Tikkurilan Rotaryklubit. Kilpailu aloitettiin vuonna 2018 j\u00e4rjest\u00e4m\u00e4ll\u00e4 [&hellip;]<\/p>\n","protected":false},"author":1,"featured_media":0,"parent":77,"menu_order":2,"comment_status":"closed","ping_status":"closed","template":"","meta":{"_acf_changed":false,"_et_pb_use_builder":"on","_et_pb_old_content":"","_et_gb_content_width":"","footnotes":""},"class_list":["post-156","page","type-page","status-publish","hentry"],"acf":[],"yoast_head":"<!-- This site is optimized with the Yoast SEO plugin v27.4 - https:\/\/yoast.com\/product\/yoast-seo-wordpress\/ -->\n<title>Projektit - Lepp\u00e4vaaran Rotaryklubi ry \u2212 Alberga Rotaryklubb rf<\/title>\n<meta name=\"robots\" content=\"index, follow, max-snippet:-1, max-image-preview:large, max-video-preview:-1\" \/>\n<link rel=\"canonical\" href=\"https:\/\/rotary.fi\/leppavaara\/mita-teemme\/projektit\/\" \/>\n<meta property=\"og:locale\" content=\"fi_FI\" \/>\n<meta property=\"og:type\" content=\"article\" \/>\n<meta property=\"og:title\" content=\"Projektit - Lepp\u00e4vaaran Rotaryklubi ry \u2212 Alberga Rotaryklubb rf\" \/>\n<meta property=\"og:description\" content=\"Projektit Projektit Rotary on palveluj\u00e4rjest\u00f6. Toimimme tunnuslauseemme Palvelu itsekkyyden edelle (Service above self) mukaisesti paikallisesti ja maailmanlaajuisesti. Kansainv\u00e4linen humanit\u00e4\u00e4rinen palvelumme toteutuu Rotarys\u00e4\u00e4ti\u00f6mme koordinoimana ja hyv\u00e4ksyttyjen kumppaneiden kanssa. Lepp\u00e4vaaran Rotaryklubi kannustaa nuoria, yritteli\u00e4it\u00e4 opiskelijoita kehitt\u00e4m\u00e4\u00e4n ja toteuttamaan liikeideaansa yhteisty\u00f6ss\u00e4 4H-j\u00e4rjest\u00f6n kanssa. Kilpailun j\u00e4rjest\u00e4jin\u00e4 ovat meid\u00e4n klubimme lis\u00e4ksi Kluuvin ja Tikkurilan Rotaryklubit. Kilpailu aloitettiin vuonna 2018 j\u00e4rjest\u00e4m\u00e4ll\u00e4 [&hellip;]\" \/>\n<meta property=\"og:url\" content=\"https:\/\/rotary.fi\/leppavaara\/mita-teemme\/projektit\/\" \/>\n<meta property=\"og:site_name\" content=\"Lepp\u00e4vaaran Rotaryklubi ry \u2212 Alberga Rotaryklubb rf\" \/>\n<meta property=\"article:modified_time\" content=\"2023-05-19T07:08:30+00:00\" \/>\n<meta property=\"og:image\" content=\"https:\/\/rotary.fi\/leppavaara\/wp-content\/uploads\/sites\/148\/2019\/06\/4h-rotary-challenge-2018-finalisit-ja-raati-300x298.jpg\" \/>\n<meta name=\"twitter:card\" content=\"summary_large_image\" \/>\n<meta name=\"twitter:label1\" content=\"Arvioitu lukuaika\" \/>\n\t<meta name=\"twitter:data1\" content=\"3 minuuttia\" \/>\n<script type=\"application\/ld+json\" class=\"yoast-schema-graph\">{\"@context\":\"https:\\\/\\\/schema.org\",\"@graph\":[{\"@type\":\"WebPage\",\"@id\":\"https:\\\/\\\/rotary.fi\\\/leppavaara\\\/mita-teemme\\\/projektit\\\/\",\"url\":\"https:\\\/\\\/rotary.fi\\\/leppavaara\\\/mita-teemme\\\/projektit\\\/\",\"name\":\"Projektit - Lepp\u00e4vaaran Rotaryklubi ry \u2212 Alberga Rotaryklubb rf\",\"isPartOf\":{\"@id\":\"https:\\\/\\\/rotary.fi\\\/leppavaara\\\/#website\"},\"primaryImageOfPage\":{\"@id\":\"https:\\\/\\\/rotary.fi\\\/leppavaara\\\/mita-teemme\\\/projektit\\\/#primaryimage\"},\"image\":{\"@id\":\"https:\\\/\\\/rotary.fi\\\/leppavaara\\\/mita-teemme\\\/projektit\\\/#primaryimage\"},\"thumbnailUrl\":\"https:\\\/\\\/rotary.fi\\\/leppavaara\\\/wp-content\\\/uploads\\\/sites\\\/148\\\/2019\\\/06\\\/4h-rotary-challenge-2018-finalisit-ja-raati-300x298.jpg\",\"datePublished\":\"2018-08-13T06:46:59+00:00\",\"dateModified\":\"2023-05-19T07:08:30+00:00\",\"breadcrumb\":{\"@id\":\"https:\\\/\\\/rotary.fi\\\/leppavaara\\\/mita-teemme\\\/projektit\\\/#breadcrumb\"},\"inLanguage\":\"fi\",\"potentialAction\":[{\"@type\":\"ReadAction\",\"target\":[\"https:\\\/\\\/rotary.fi\\\/leppavaara\\\/mita-teemme\\\/projektit\\\/\"]}]},{\"@type\":\"ImageObject\",\"inLanguage\":\"fi\",\"@id\":\"https:\\\/\\\/rotary.fi\\\/leppavaara\\\/mita-teemme\\\/projektit\\\/#primaryimage\",\"url\":\"https:\\\/\\\/rotary.fi\\\/leppavaara\\\/wp-content\\\/uploads\\\/sites\\\/148\\\/2019\\\/06\\\/4h-rotary-challenge-2018-finalisit-ja-raati.jpg\",\"contentUrl\":\"https:\\\/\\\/rotary.fi\\\/leppavaara\\\/wp-content\\\/uploads\\\/sites\\\/148\\\/2019\\\/06\\\/4h-rotary-challenge-2018-finalisit-ja-raati.jpg\",\"width\":960,\"height\":952},{\"@type\":\"BreadcrumbList\",\"@id\":\"https:\\\/\\\/rotary.fi\\\/leppavaara\\\/mita-teemme\\\/projektit\\\/#breadcrumb\",\"itemListElement\":[{\"@type\":\"ListItem\",\"position\":1,\"name\":\"Home\",\"item\":\"https:\\\/\\\/rotary.fi\\\/leppavaara\\\/\"},{\"@type\":\"ListItem\",\"position\":2,\"name\":\"Mit\u00e4 teemme\",\"item\":\"https:\\\/\\\/rotary.fi\\\/leppavaara\\\/mita-teemme\\\/\"},{\"@type\":\"ListItem\",\"position\":3,\"name\":\"Projektit\"}]},{\"@type\":\"WebSite\",\"@id\":\"https:\\\/\\\/rotary.fi\\\/leppavaara\\\/#website\",\"url\":\"https:\\\/\\\/rotary.fi\\\/leppavaara\\\/\",\"name\":\"Lepp\u00e4vaaran Rotaryklubi ry \u2212 Alberga Rotaryklubb rf\",\"description\":\"Uusi Rotary klubisivusto\",\"potentialAction\":[{\"@type\":\"SearchAction\",\"target\":{\"@type\":\"EntryPoint\",\"urlTemplate\":\"https:\\\/\\\/rotary.fi\\\/leppavaara\\\/?s={search_term_string}\"},\"query-input\":{\"@type\":\"PropertyValueSpecification\",\"valueRequired\":true,\"valueName\":\"search_term_string\"}}],\"inLanguage\":\"fi\"}]}<\/script>\n<!-- \/ Yoast SEO plugin. -->","yoast_head_json":{"title":"Projektit - Lepp\u00e4vaaran Rotaryklubi ry \u2212 Alberga Rotaryklubb rf","robots":{"index":"index","follow":"follow","max-snippet":"max-snippet:-1","max-image-preview":"max-image-preview:large","max-video-preview":"max-video-preview:-1"},"canonical":"https:\/\/rotary.fi\/leppavaara\/mita-teemme\/projektit\/","og_locale":"fi_FI","og_type":"article","og_title":"Projektit - Lepp\u00e4vaaran Rotaryklubi ry \u2212 Alberga Rotaryklubb rf","og_description":"Projektit Projektit Rotary on palveluj\u00e4rjest\u00f6. Toimimme tunnuslauseemme Palvelu itsekkyyden edelle (Service above self) mukaisesti paikallisesti ja maailmanlaajuisesti. Kansainv\u00e4linen humanit\u00e4\u00e4rinen palvelumme toteutuu Rotarys\u00e4\u00e4ti\u00f6mme koordinoimana ja hyv\u00e4ksyttyjen kumppaneiden kanssa. Lepp\u00e4vaaran Rotaryklubi kannustaa nuoria, yritteli\u00e4it\u00e4 opiskelijoita kehitt\u00e4m\u00e4\u00e4n ja toteuttamaan liikeideaansa yhteisty\u00f6ss\u00e4 4H-j\u00e4rjest\u00f6n kanssa. Kilpailun j\u00e4rjest\u00e4jin\u00e4 ovat meid\u00e4n klubimme lis\u00e4ksi Kluuvin ja Tikkurilan Rotaryklubit. Kilpailu aloitettiin vuonna 2018 j\u00e4rjest\u00e4m\u00e4ll\u00e4 [&hellip;]","og_url":"https:\/\/rotary.fi\/leppavaara\/mita-teemme\/projektit\/","og_site_name":"Lepp\u00e4vaaran Rotaryklubi ry \u2212 Alberga Rotaryklubb rf","article_modified_time":"2023-05-19T07:08:30+00:00","og_image":[{"url":"https:\/\/rotary.fi\/leppavaara\/wp-content\/uploads\/sites\/148\/2019\/06\/4h-rotary-challenge-2018-finalisit-ja-raati-300x298.jpg","type":"","width":"","height":""}],"twitter_card":"summary_large_image","twitter_misc":{"Arvioitu lukuaika":"3 minuuttia"},"schema":{"@context":"https:\/\/schema.org","@graph":[{"@type":"WebPage","@id":"https:\/\/rotary.fi\/leppavaara\/mita-teemme\/projektit\/","url":"https:\/\/rotary.fi\/leppavaara\/mita-teemme\/projektit\/","name":"Projektit - Lepp\u00e4vaaran Rotaryklubi ry \u2212 Alberga Rotaryklubb rf","isPartOf":{"@id":"https:\/\/rotary.fi\/leppavaara\/#website"},"primaryImageOfPage":{"@id":"https:\/\/rotary.fi\/leppavaara\/mita-teemme\/projektit\/#primaryimage"},"image":{"@id":"https:\/\/rotary.fi\/leppavaara\/mita-teemme\/projektit\/#primaryimage"},"thumbnailUrl":"https:\/\/rotary.fi\/leppavaara\/wp-content\/uploads\/sites\/148\/2019\/06\/4h-rotary-challenge-2018-finalisit-ja-raati-300x298.jpg","datePublished":"2018-08-13T06:46:59+00:00","dateModified":"2023-05-19T07:08:30+00:00","breadcrumb":{"@id":"https:\/\/rotary.fi\/leppavaara\/mita-teemme\/projektit\/#breadcrumb"},"inLanguage":"fi","potentialAction":[{"@type":"ReadAction","target":["https:\/\/rotary.fi\/leppavaara\/mita-teemme\/projektit\/"]}]},{"@type":"ImageObject","inLanguage":"fi","@id":"https:\/\/rotary.fi\/leppavaara\/mita-teemme\/projektit\/#primaryimage","url":"https:\/\/rotary.fi\/leppavaara\/wp-content\/uploads\/sites\/148\/2019\/06\/4h-rotary-challenge-2018-finalisit-ja-raati.jpg","contentUrl":"https:\/\/rotary.fi\/leppavaara\/wp-content\/uploads\/sites\/148\/2019\/06\/4h-rotary-challenge-2018-finalisit-ja-raati.jpg","width":960,"height":952},{"@type":"BreadcrumbList","@id":"https:\/\/rotary.fi\/leppavaara\/mita-teemme\/projektit\/#breadcrumb","itemListElement":[{"@type":"ListItem","position":1,"name":"Home","item":"https:\/\/rotary.fi\/leppavaara\/"},{"@type":"ListItem","position":2,"name":"Mit\u00e4 teemme","item":"https:\/\/rotary.fi\/leppavaara\/mita-teemme\/"},{"@type":"ListItem","position":3,"name":"Projektit"}]},{"@type":"WebSite","@id":"https:\/\/rotary.fi\/leppavaara\/#website","url":"https:\/\/rotary.fi\/leppavaara\/","name":"Lepp\u00e4vaaran Rotaryklubi ry \u2212 Alberga Rotaryklubb rf","description":"Uusi Rotary klubisivusto","potentialAction":[{"@type":"SearchAction","target":{"@type":"EntryPoint","urlTemplate":"https:\/\/rotary.fi\/leppavaara\/?s={search_term_string}"},"query-input":{"@type":"PropertyValueSpecification","valueRequired":true,"valueName":"search_term_string"}}],"inLanguage":"fi"}]}},"lang":"fi","translations":{"fi":156,"sv":1606},"pll_sync_post":[],"_links":{"self":[{"href":"https:\/\/rotary.fi\/leppavaara\/wp-json\/wp\/v2\/pages\/156","targetHints":{"allow":["GET"]}}],"collection":[{"href":"https:\/\/rotary.fi\/leppavaara\/wp-json\/wp\/v2\/pages"}],"about":[{"href":"https:\/\/rotary.fi\/leppavaara\/wp-json\/wp\/v2\/types\/page"}],"author":[{"embeddable":true,"href":"https:\/\/rotary.fi\/leppavaara\/wp-json\/wp\/v2\/users\/1"}],"replies":[{"embeddable":true,"href":"https:\/\/rotary.fi\/leppavaara\/wp-json\/wp\/v2\/comments?post=156"}],"version-history":[{"count":10,"href":"https:\/\/rotary.fi\/leppavaara\/wp-json\/wp\/v2\/pages\/156\/revisions"}],"predecessor-version":[{"id":2536,"href":"https:\/\/rotary.fi\/leppavaara\/wp-json\/wp\/v2\/pages\/156\/revisions\/2536"}],"up":[{"embeddable":true,"href":"https:\/\/rotary.fi\/leppavaara\/wp-json\/wp\/v2\/pages\/77"}],"wp:attachment":[{"href":"https:\/\/rotary.fi\/leppavaara\/wp-json\/wp\/v2\/media?parent=156"}],"curies":[{"name":"wp","href":"https:\/\/api.w.org\/{rel}","templated":true}]}}