{"id":129,"date":"2018-08-10T13:41:39","date_gmt":"2018-08-10T10:41:39","guid":{"rendered":"https:\/\/rotary.fi\/klubi2\/?page_id=129"},"modified":"2023-05-19T11:11:48","modified_gmt":"2023-05-19T08:11:48","slug":"keita-olemme","status":"publish","type":"page","link":"https:\/\/rotary.fi\/leppavaara\/keita-olemme\/","title":{"rendered":"Keit\u00e4 olemme"},"content":{"rendered":"<p>[et_pb_section fb_built=&#8221;1&#8243; module_class=&#8221;jumbotron-page&#8221; _builder_version=&#8221;4.16&#8243; background_image=&#8221;https:\/\/rotary.fi\/leppavaara\/wp-content\/uploads\/sites\/148\/2018\/10\/rotary_klubit_alasivu_paakuva_12.jpg&#8221; global_colors_info=&#8221;{}&#8221;][et_pb_row _builder_version=&#8221;4.16&#8243; background_size=&#8221;initial&#8221; background_position=&#8221;top_left&#8221; background_repeat=&#8221;repeat&#8221; global_colors_info=&#8221;{}&#8221;][et_pb_column type=&#8221;4_4&#8243; _builder_version=&#8221;4.16&#8243; custom_padding=&#8221;|||&#8221; global_colors_info=&#8221;{}&#8221; custom_padding__hover=&#8221;|||&#8221;][et_pb_text admin_label=&#8221;P\u00e4\u00e4otsikko&#8221; _builder_version=&#8221;4.16&#8243; text_orientation=&#8221;center&#8221; background_layout=&#8221;dark&#8221; global_colors_info=&#8221;{}&#8221;]<\/p>\n<h1>Keit\u00e4 olemme<\/h1>\n<p>[\/et_pb_text][\/et_pb_column][\/et_pb_row][\/et_pb_section][et_pb_section fb_built=&#8221;1&#8243; specialty=&#8221;on&#8221; module_class_2=&#8221;sivupalkki&#8221; _builder_version=&#8221;4.16&#8243; global_colors_info=&#8221;{}&#8221;][et_pb_column type=&#8221;2_3&#8243; specialty_columns=&#8221;2&#8243; _builder_version=&#8221;4.16&#8243; custom_padding=&#8221;|||&#8221; global_colors_info=&#8221;{}&#8221; custom_padding__hover=&#8221;|||&#8221;][et_pb_row_inner admin_label=&#8221;Rivi&#8221; _builder_version=&#8221;4.16&#8243; global_colors_info=&#8221;{}&#8221;][et_pb_column_inner saved_specialty_column_type=&#8221;2_3&#8243; _builder_version=&#8221;4.16&#8243; custom_padding=&#8221;|||&#8221; global_colors_info=&#8221;{}&#8221; custom_padding__hover=&#8221;|||&#8221;][et_pb_text admin_label=&#8221;Otsikko&#8221; _builder_version=&#8221;4.16&#8243; text_orientation=&#8221;center&#8221; global_colors_info=&#8221;{}&#8221;]<\/p>\n<h1>Keit\u00e4 olemme<\/h1>\n<p>[\/et_pb_text][et_pb_text _builder_version=&#8221;4.16&#8243; global_colors_info=&#8221;{}&#8221;]<\/p>\n<p>Lepp\u00e4vaaran Rotaryklubi on aktiivinen espoolainen rotaryklubi. Kokoonnumme joka tiistai lounaskokoukseen klo 11.45-13.00 Albergan kartanoon tapaamaan toisiamme, kuulemaan kiinnostavia esitelmi\u00e4 ja edist\u00e4m\u00e4\u00e4n hyv\u00e4\u00e4 omalla paikkakunnallamme. K\u00e4ymme my\u00f6s vierailemassa erilaisissa kohteissa. Tuemme kansainv\u00e4lisen Rotaryn humanitaarisia projekteja, osallistumme nuorisovaihtoon ja edist\u00e4mme l\u00e4hiseudun hyvinvointia. Tuemme kansainv\u00e4lisen Rotaryn humanitaarisia projekteja, suoritamme museo\u2013 ja n\u00e4yttelyvierailuja ja tutustumme l\u00e4hialueen yritystoimintaan. Tukikohteemme on SPR:n Espoon turvakoti Espoon Lepp\u00e4vaarassa.<\/p>\n<p>Klubimme on perustettu 15.7.1988. Ns. charter-klubimme on Kanta-Espoon rotaryklubi, josta ensimm\u00e4iset j\u00e4senemme Carl Nordmanin johdolla siirtyiv\u00e4t perustamaan rotaryklubia Lepp\u00e4vaaran.<\/p>\n<p>Kummiklubimme on Valkeakoskelainen Tohkaklubi. Klubissamme on 58 j\u00e4sent\u00e4. Olemme osa rotarypiiri\u00e4 <a href=\"https:\/\/d1420.rotary.fi\/\">1420<\/a>.<\/p>\n<p>Klubissamme on 46 j\u00e4sent\u00e4 (39+7 kunniaj\u00e4sent\u00e4).<\/p>\n<p>&nbsp;<\/p>\n<h4>Harrastus, jolla on tarkoitus<\/h4>\n<p>Sanotaan, ett\u00e4 Rotaryt on maailman suurin jatkokoulutusj\u00e4rjest\u00f6. Jokaisella rotarylla on erinomainen mahdollisuus elinik\u00e4iseen opiskeluun, sill\u00e4 kaikissa kokouksissamme on korkeatasoisia ja mielenkiintoisia esitelmi\u00e4 el\u00e4m\u00e4n eri aloilta laidasta laitaan.<\/p>\n<p>Lepp\u00e4vaaran Rotarytoiminnan huippuhetkiin kuuluu jo kolmattakymment\u00e4 kertaa j\u00e4rjestetty vuotuinen <a href=\"https:\/\/rotary.fi\/leppavaara\/leppavaaran-rotaryklubin-seminaarit\/\">Syysseminaari<\/a> mielenkiintoisine aiheineen. Korkeatasoisen ja ajankohtaisen seminaarin osanottajam\u00e4\u00e4r\u00e4 nousee yleens\u00e4 pariin sataan.<\/p>\n<p>Erityisen ylpeit\u00e4 olemme omasta ohjelmallisesta Perinnelounaastamme, joka j\u00e4rjestet\u00e4\u00e4n yleens\u00e4 helmikuussa Albergan Kartanon tunnelmallisessa kellaritilassa. Lounaalla on aina jokin viihteellinen teema, joka pit\u00e4\u00e4 yll\u00e4 tunnelmaa ja mielenkiintoa koko nelituntisen lounaan ajan. Lounaan p\u00e4\u00e4tytty\u00e4 jatkamme teeman ja tietokilpailun merkeiss\u00e4 saunaillassa.<\/p>\n<p>Pid\u00e4mme arvossa kansainv\u00e4lisen Rotary Internationalin ponnisteluja ja j\u00e4rjest\u00f6n arvokasta ty\u00f6t\u00e4 muun muassa polion h\u00e4vitt\u00e4miseksi maapallolta. Pelk\u00e4st\u00e4\u00e4n t\u00e4h\u00e4n ty\u00f6h\u00f6n Rotary on suunnannut runsaasti vapaaehtoisvoimaa sek\u00e4 yli 1,2 miljardia US-dollaria.<\/p>\n<p>&nbsp;<\/p>\n<h4>Vaikuttava kansainv\u00e4linen verkosto<\/h4>\n<p>Rotary on Chicagossa 23.2.1905 perustettu kansainv\u00e4linen palvelu- ja hyv\u00e4ntekev\u00e4isyysorganisaatio. Rotary Internationalin kotipaikka on Evanston, USA:n osavaltiossa Illinoisissa. Tunnuslauseemme on Palvelu itsekkyyden edelle (Service Above Self).<\/p>\n<p>Rotaryyn kuuluu 1,4 miljoona j\u00e4sent\u00e4 yli 46 000 klubissa ja yli 200 maassa. Rotary on merkitt\u00e4v\u00e4 kansainv\u00e4linen palvelu- ja hyv\u00e4ntekev\u00e4isyysj\u00e4rjest\u00f6. Suomi on jaettu kuuteen rotarypiiriin, joista yhteen kuuluvat my\u00f6s Viron klubit. Suomessa ja Virossa on yhteens\u00e4 270 klubia, joissa noin 8900 rotaria.<\/p>\n<p>[\/et_pb_text][\/et_pb_column_inner][\/et_pb_row_inner][\/et_pb_column][et_pb_column type=&#8221;1_3&#8243; _builder_version=&#8221;4.16&#8243; custom_padding=&#8221;|||&#8221; global_colors_info=&#8221;{}&#8221; custom_padding__hover=&#8221;|||&#8221;][et_pb_sidebar area=&#8221;sidebar-1&#8243; module_class=&#8221;sivupalkki_sisalto&#8221; _builder_version=&#8221;4.16&#8243; locked=&#8221;on&#8221; global_colors_info=&#8221;{}&#8221;]<\/p>\n<p>[\/et_pb_sidebar][\/et_pb_column][\/et_pb_section]<\/p>\n","protected":false},"excerpt":{"rendered":"<p>Keit\u00e4 olemme Keit\u00e4 olemme Lepp\u00e4vaaran Rotaryklubi on aktiivinen espoolainen rotaryklubi. Kokoonnumme joka tiistai lounaskokoukseen klo 11.45-13.00 Albergan kartanoon tapaamaan toisiamme, kuulemaan kiinnostavia esitelmi\u00e4 ja edist\u00e4m\u00e4\u00e4n hyv\u00e4\u00e4 omalla paikkakunnallamme. K\u00e4ymme my\u00f6s vierailemassa erilaisissa kohteissa. Tuemme kansainv\u00e4lisen Rotaryn humanitaarisia projekteja, osallistumme nuorisovaihtoon ja edist\u00e4mme l\u00e4hiseudun hyvinvointia. Tuemme kansainv\u00e4lisen Rotaryn humanitaarisia projekteja, suoritamme museo\u2013 ja n\u00e4yttelyvierailuja ja tutustumme [&hellip;]<\/p>\n","protected":false},"author":1,"featured_media":0,"parent":0,"menu_order":1,"comment_status":"closed","ping_status":"closed","template":"","meta":{"_acf_changed":false,"_et_pb_use_builder":"on","_et_pb_old_content":"","_et_gb_content_width":"","footnotes":""},"class_list":["post-129","page","type-page","status-publish","hentry"],"acf":[],"yoast_head":"<!-- This site is optimized with the Yoast SEO plugin v27.4 - https:\/\/yoast.com\/product\/yoast-seo-wordpress\/ -->\n<title>Keit\u00e4 olemme - Lepp\u00e4vaaran Rotaryklubi ry \u2212 Alberga Rotaryklubb rf<\/title>\n<meta name=\"robots\" content=\"index, follow, max-snippet:-1, max-image-preview:large, max-video-preview:-1\" \/>\n<link rel=\"canonical\" href=\"https:\/\/rotary.fi\/leppavaara\/keita-olemme\/\" \/>\n<meta property=\"og:locale\" content=\"fi_FI\" \/>\n<meta property=\"og:type\" content=\"article\" \/>\n<meta property=\"og:title\" content=\"Keit\u00e4 olemme - Lepp\u00e4vaaran Rotaryklubi ry \u2212 Alberga Rotaryklubb rf\" \/>\n<meta property=\"og:description\" content=\"Keit\u00e4 olemme Keit\u00e4 olemme Lepp\u00e4vaaran Rotaryklubi on aktiivinen espoolainen rotaryklubi. Kokoonnumme joka tiistai lounaskokoukseen klo 11.45-13.00 Albergan kartanoon tapaamaan toisiamme, kuulemaan kiinnostavia esitelmi\u00e4 ja edist\u00e4m\u00e4\u00e4n hyv\u00e4\u00e4 omalla paikkakunnallamme. K\u00e4ymme my\u00f6s vierailemassa erilaisissa kohteissa. Tuemme kansainv\u00e4lisen Rotaryn humanitaarisia projekteja, osallistumme nuorisovaihtoon ja edist\u00e4mme l\u00e4hiseudun hyvinvointia. Tuemme kansainv\u00e4lisen Rotaryn humanitaarisia projekteja, suoritamme museo\u2013 ja n\u00e4yttelyvierailuja ja tutustumme [&hellip;]\" \/>\n<meta property=\"og:url\" content=\"https:\/\/rotary.fi\/leppavaara\/keita-olemme\/\" \/>\n<meta property=\"og:site_name\" content=\"Lepp\u00e4vaaran Rotaryklubi ry \u2212 Alberga Rotaryklubb rf\" \/>\n<meta property=\"article:modified_time\" content=\"2023-05-19T08:11:48+00:00\" \/>\n<meta name=\"twitter:card\" content=\"summary_large_image\" \/>\n<meta name=\"twitter:label1\" content=\"Arvioitu lukuaika\" \/>\n\t<meta name=\"twitter:data1\" content=\"3 minuuttia\" \/>\n<script type=\"application\/ld+json\" class=\"yoast-schema-graph\">{\"@context\":\"https:\\\/\\\/schema.org\",\"@graph\":[{\"@type\":\"WebPage\",\"@id\":\"https:\\\/\\\/rotary.fi\\\/leppavaara\\\/keita-olemme\\\/\",\"url\":\"https:\\\/\\\/rotary.fi\\\/leppavaara\\\/keita-olemme\\\/\",\"name\":\"Keit\u00e4 olemme - Lepp\u00e4vaaran Rotaryklubi ry \u2212 Alberga Rotaryklubb rf\",\"isPartOf\":{\"@id\":\"https:\\\/\\\/rotary.fi\\\/leppavaara\\\/#website\"},\"datePublished\":\"2018-08-10T10:41:39+00:00\",\"dateModified\":\"2023-05-19T08:11:48+00:00\",\"breadcrumb\":{\"@id\":\"https:\\\/\\\/rotary.fi\\\/leppavaara\\\/keita-olemme\\\/#breadcrumb\"},\"inLanguage\":\"fi\",\"potentialAction\":[{\"@type\":\"ReadAction\",\"target\":[\"https:\\\/\\\/rotary.fi\\\/leppavaara\\\/keita-olemme\\\/\"]}]},{\"@type\":\"BreadcrumbList\",\"@id\":\"https:\\\/\\\/rotary.fi\\\/leppavaara\\\/keita-olemme\\\/#breadcrumb\",\"itemListElement\":[{\"@type\":\"ListItem\",\"position\":1,\"name\":\"Home\",\"item\":\"https:\\\/\\\/rotary.fi\\\/leppavaara\\\/\"},{\"@type\":\"ListItem\",\"position\":2,\"name\":\"Keit\u00e4 olemme\"}]},{\"@type\":\"WebSite\",\"@id\":\"https:\\\/\\\/rotary.fi\\\/leppavaara\\\/#website\",\"url\":\"https:\\\/\\\/rotary.fi\\\/leppavaara\\\/\",\"name\":\"Lepp\u00e4vaaran Rotaryklubi ry \u2212 Alberga Rotaryklubb rf\",\"description\":\"Uusi Rotary klubisivusto\",\"potentialAction\":[{\"@type\":\"SearchAction\",\"target\":{\"@type\":\"EntryPoint\",\"urlTemplate\":\"https:\\\/\\\/rotary.fi\\\/leppavaara\\\/?s={search_term_string}\"},\"query-input\":{\"@type\":\"PropertyValueSpecification\",\"valueRequired\":true,\"valueName\":\"search_term_string\"}}],\"inLanguage\":\"fi\"}]}<\/script>\n<!-- \/ Yoast SEO plugin. -->","yoast_head_json":{"title":"Keit\u00e4 olemme - Lepp\u00e4vaaran Rotaryklubi ry \u2212 Alberga Rotaryklubb rf","robots":{"index":"index","follow":"follow","max-snippet":"max-snippet:-1","max-image-preview":"max-image-preview:large","max-video-preview":"max-video-preview:-1"},"canonical":"https:\/\/rotary.fi\/leppavaara\/keita-olemme\/","og_locale":"fi_FI","og_type":"article","og_title":"Keit\u00e4 olemme - Lepp\u00e4vaaran Rotaryklubi ry \u2212 Alberga Rotaryklubb rf","og_description":"Keit\u00e4 olemme Keit\u00e4 olemme Lepp\u00e4vaaran Rotaryklubi on aktiivinen espoolainen rotaryklubi. Kokoonnumme joka tiistai lounaskokoukseen klo 11.45-13.00 Albergan kartanoon tapaamaan toisiamme, kuulemaan kiinnostavia esitelmi\u00e4 ja edist\u00e4m\u00e4\u00e4n hyv\u00e4\u00e4 omalla paikkakunnallamme. K\u00e4ymme my\u00f6s vierailemassa erilaisissa kohteissa. Tuemme kansainv\u00e4lisen Rotaryn humanitaarisia projekteja, osallistumme nuorisovaihtoon ja edist\u00e4mme l\u00e4hiseudun hyvinvointia. Tuemme kansainv\u00e4lisen Rotaryn humanitaarisia projekteja, suoritamme museo\u2013 ja n\u00e4yttelyvierailuja ja tutustumme [&hellip;]","og_url":"https:\/\/rotary.fi\/leppavaara\/keita-olemme\/","og_site_name":"Lepp\u00e4vaaran Rotaryklubi ry \u2212 Alberga Rotaryklubb rf","article_modified_time":"2023-05-19T08:11:48+00:00","twitter_card":"summary_large_image","twitter_misc":{"Arvioitu lukuaika":"3 minuuttia"},"schema":{"@context":"https:\/\/schema.org","@graph":[{"@type":"WebPage","@id":"https:\/\/rotary.fi\/leppavaara\/keita-olemme\/","url":"https:\/\/rotary.fi\/leppavaara\/keita-olemme\/","name":"Keit\u00e4 olemme - Lepp\u00e4vaaran Rotaryklubi ry \u2212 Alberga Rotaryklubb rf","isPartOf":{"@id":"https:\/\/rotary.fi\/leppavaara\/#website"},"datePublished":"2018-08-10T10:41:39+00:00","dateModified":"2023-05-19T08:11:48+00:00","breadcrumb":{"@id":"https:\/\/rotary.fi\/leppavaara\/keita-olemme\/#breadcrumb"},"inLanguage":"fi","potentialAction":[{"@type":"ReadAction","target":["https:\/\/rotary.fi\/leppavaara\/keita-olemme\/"]}]},{"@type":"BreadcrumbList","@id":"https:\/\/rotary.fi\/leppavaara\/keita-olemme\/#breadcrumb","itemListElement":[{"@type":"ListItem","position":1,"name":"Home","item":"https:\/\/rotary.fi\/leppavaara\/"},{"@type":"ListItem","position":2,"name":"Keit\u00e4 olemme"}]},{"@type":"WebSite","@id":"https:\/\/rotary.fi\/leppavaara\/#website","url":"https:\/\/rotary.fi\/leppavaara\/","name":"Lepp\u00e4vaaran Rotaryklubi ry \u2212 Alberga Rotaryklubb rf","description":"Uusi Rotary klubisivusto","potentialAction":[{"@type":"SearchAction","target":{"@type":"EntryPoint","urlTemplate":"https:\/\/rotary.fi\/leppavaara\/?s={search_term_string}"},"query-input":{"@type":"PropertyValueSpecification","valueRequired":true,"valueName":"search_term_string"}}],"inLanguage":"fi"}]}},"lang":"fi","translations":{"fi":129,"sv":1565},"pll_sync_post":[],"_links":{"self":[{"href":"https:\/\/rotary.fi\/leppavaara\/wp-json\/wp\/v2\/pages\/129","targetHints":{"allow":["GET"]}}],"collection":[{"href":"https:\/\/rotary.fi\/leppavaara\/wp-json\/wp\/v2\/pages"}],"about":[{"href":"https:\/\/rotary.fi\/leppavaara\/wp-json\/wp\/v2\/types\/page"}],"author":[{"embeddable":true,"href":"https:\/\/rotary.fi\/leppavaara\/wp-json\/wp\/v2\/users\/1"}],"replies":[{"embeddable":true,"href":"https:\/\/rotary.fi\/leppavaara\/wp-json\/wp\/v2\/comments?post=129"}],"version-history":[{"count":10,"href":"https:\/\/rotary.fi\/leppavaara\/wp-json\/wp\/v2\/pages\/129\/revisions"}],"predecessor-version":[{"id":2555,"href":"https:\/\/rotary.fi\/leppavaara\/wp-json\/wp\/v2\/pages\/129\/revisions\/2555"}],"wp:attachment":[{"href":"https:\/\/rotary.fi\/leppavaara\/wp-json\/wp\/v2\/media?parent=129"}],"curies":[{"name":"wp","href":"https:\/\/api.w.org\/{rel}","templated":true}]}}