{"id":295,"date":"2018-10-25T08:25:11","date_gmt":"2018-10-25T05:25:11","guid":{"rendered":"https:\/\/rotary.fi\/lempaala\/?page_id=295"},"modified":"2024-01-24T18:00:35","modified_gmt":"2024-01-24T16:00:35","slug":"kuokkalankosken-markkinat","status":"publish","type":"page","link":"https:\/\/rotary.fi\/lempaala\/mita-teemme\/kuokkalankosken-markkinat\/","title":{"rendered":"Kuokkalankosken Markkinat"},"content":{"rendered":"<p>[et_pb_section fb_built=&#8221;1&#8243; module_class=&#8221;jumbotron-page&#8221; _builder_version=&#8221;4.22.1&#8243; background_image=&#8221;https:\/\/rotary.fi\/lempaala\/wp-content\/uploads\/sites\/243\/2024\/01\/markkinat.jpg&#8221; hover_enabled=&#8221;0&#8243; global_colors_info=&#8221;{}&#8221; title_text=&#8221;Markkinat&#8221; sticky_enabled=&#8221;0&#8243;][et_pb_row _builder_version=&#8221;4.16&#8243; background_size=&#8221;initial&#8221; background_position=&#8221;top_left&#8221; background_repeat=&#8221;repeat&#8221; global_colors_info=&#8221;{}&#8221;][et_pb_column type=&#8221;4_4&#8243; _builder_version=&#8221;4.16&#8243; custom_padding=&#8221;|||&#8221; global_colors_info=&#8221;{}&#8221; custom_padding__hover=&#8221;|||&#8221;][et_pb_text admin_label=&#8221;P\u00e4\u00e4otsikko&#8221; _builder_version=&#8221;4.16&#8243; text_orientation=&#8221;center&#8221; background_layout=&#8221;dark&#8221; global_colors_info=&#8221;{}&#8221;]<\/p>\n<h1>Kuokkalankosken Markkinat<\/h1>\n<p>[\/et_pb_text][\/et_pb_column][\/et_pb_row][\/et_pb_section][et_pb_section fb_built=&#8221;1&#8243; specialty=&#8221;on&#8221; module_class_2=&#8221;sivupalkki&#8221; _builder_version=&#8221;4.16&#8243; global_colors_info=&#8221;{}&#8221;][et_pb_column type=&#8221;2_3&#8243; specialty_columns=&#8221;2&#8243; _builder_version=&#8221;4.16&#8243; custom_padding=&#8221;|||&#8221; global_colors_info=&#8221;{}&#8221; parallax__hover=&#8221;off&#8221; parallax_method__hover=&#8221;on&#8221; custom_padding__hover=&#8221;|||&#8221;][et_pb_row_inner admin_label=&#8221;Rivi&#8221; _builder_version=&#8221;4.16&#8243; global_colors_info=&#8221;{}&#8221;][et_pb_column_inner saved_specialty_column_type=&#8221;2_3&#8243; _builder_version=&#8221;4.16&#8243; custom_padding=&#8221;|||&#8221; global_colors_info=&#8221;{}&#8221; parallax__hover=&#8221;off&#8221; parallax_method__hover=&#8221;on&#8221; custom_padding__hover=&#8221;|||&#8221;][et_pb_text admin_label=&#8221;L\u00e4\u00e4k\u00e4ripankki &#8211; Otsikko&#8221; _builder_version=&#8221;4.16&#8243; text_orientation=&#8221;center&#8221; global_colors_info=&#8221;{}&#8221;]<\/p>\n<h1>Kuokkalankosken Markkinat<\/h1>\n<p>[\/et_pb_text][et_pb_text _builder_version=&#8221;4.16&#8243; global_colors_info=&#8221;{}&#8221;]<\/p>\n<p align=\"left\">Kuokkalankosken Markkinat<span>\u00a0on Lemp\u00e4\u00e4l\u00e4n kes\u00e4n suurin yleis\u00f6tapahtuma, joka kokoaa yhteen alueen asukkaat ja kes\u00e4vieraat leppoisaan yhdess\u00e4oloon. P\u00e4iv\u00e4n aikana voit nauttia hyv\u00e4st\u00e4 ohjelmasta ja tehd\u00e4 monipuolisia markkinaostoksia.\u00a0<\/span>Lemp\u00e4\u00e4l\u00e4n Rotaryklubi on vastannut markkinoiden j\u00e4rjest\u00e4misest\u00e4 jo 25 vuoden ajan.<\/p>\n<p align=\"left\">Markkinat ovat vuosien varrella tulleet tunnetuiksi laajalti Lemp\u00e4\u00e4l\u00e4n ulkopuolellakin.<\/p>\n<p align=\"left\">Markkinoiden henke\u00e4 ja imagoa rakennettaessa keskeisin\u00e4 teemoina ovat olleet kotiseutuhenkisyys, perhekeskeisyys sek\u00e4 yhteisty\u00f6 paikallisten j\u00e4rjest\u00f6jen ja yhteis\u00f6jen kanssa. Markkinoilla on vuosittain vieraillut n. 4.000 k\u00e4vij\u00e4\u00e4.<\/p>\n<p>Markkinoiden perinteisin\u00e4 ydinkohtina ovat tunnttujen sek\u00e4 paikallisten artistien esiintymiset, erilaiset n\u00e4yt\u00f6kset, lastenohjelmat, k\u00e4dentaitoihin painottunut markkinatori, tapahtumat Museoraitilla sek\u00e4 lopuksi markkinatanssit.<\/p>\n<p>Perinteisen ohjelmarungon lis\u00e4ksi markkinoilta l\u00f6ytyy aina my\u00f6s paljon uusia elementtej\u00e4 kaikille ik\u00e4ryhmille.<\/p>\n<p>Kuokkalankosken Markkinat ovat my\u00f6s mahdollistaneet Lemp\u00e4\u00e4l\u00e4n Rotaryklubin aktiivisesti yli 20 vuotta harjoittaman kansainv\u00e4lisen vaihto-oppilastoiminnan jatkumisen.<\/p>\n<p>Vieraile Kuokkalankosken markkinoiden verkkosivuilla<span>\u00a0<\/span><a href=\"https:\/\/www.kuokkalankoskenmarkkinat.fi\/\">t\u00e4\u00e4ll\u00e4<\/a>!<\/p>\n<p>[\/et_pb_text][\/et_pb_column_inner][\/et_pb_row_inner][\/et_pb_column][et_pb_column type=&#8221;1_3&#8243; module_class=&#8221;sivupalkki&#8221; _builder_version=&#8221;4.16&#8243; custom_padding=&#8221;|||&#8221; global_colors_info=&#8221;{}&#8221; parallax__hover=&#8221;off&#8221; parallax_method__hover=&#8221;on&#8221; module_class__hover=&#8221;sivupalkki&#8221; custom_padding__hover=&#8221;|||&#8221;][et_pb_sidebar area=&#8221;sidebar-1&#8243; module_class=&#8221;sivupalkki_sisalto&#8221; _builder_version=&#8221;4.16&#8243; locked=&#8221;on&#8221; global_colors_info=&#8221;{}&#8221;][\/et_pb_sidebar][\/et_pb_column][\/et_pb_section]<\/p>\n","protected":false},"excerpt":{"rendered":"<p>Kuokkalankosken MarkkinatKuokkalankosken MarkkinatKuokkalankosken Markkinat\u00a0on Lemp\u00e4\u00e4l\u00e4n kes\u00e4n suurin yleis\u00f6tapahtuma, joka kokoaa yhteen alueen asukkaat ja kes\u00e4vieraat leppoisaan yhdess\u00e4oloon. P\u00e4iv\u00e4n aikana voit nauttia hyv\u00e4st\u00e4 ohjelmasta ja tehd\u00e4 monipuolisia markkinaostoksia.\u00a0Lemp\u00e4\u00e4l\u00e4n Rotaryklubi on vastannut markkinoiden j\u00e4rjest\u00e4misest\u00e4 jo 25 vuoden ajan. Markkinat ovat vuosien varrella tulleet tunnetuiksi laajalti Lemp\u00e4\u00e4l\u00e4n ulkopuolellakin. Markkinoiden henke\u00e4 ja imagoa rakennettaessa keskeisin\u00e4 teemoina ovat olleet kotiseutuhenkisyys, [&hellip;]<\/p>\n","protected":false},"author":1,"featured_media":0,"parent":77,"menu_order":6,"comment_status":"closed","ping_status":"closed","template":"","meta":{"_acf_changed":false,"_et_pb_use_builder":"on","_et_pb_old_content":"","_et_gb_content_width":"","footnotes":""},"class_list":["post-295","page","type-page","status-publish","hentry"],"acf":[],"yoast_head":"<!-- This site is optimized with the Yoast SEO plugin v27.0 - https:\/\/yoast.com\/product\/yoast-seo-wordpress\/ -->\n<title>Kuokkalankosken Markkinat - Lemp\u00e4\u00e4l\u00e4n Rotaryklubi<\/title>\n<meta name=\"robots\" content=\"index, follow, max-snippet:-1, max-image-preview:large, max-video-preview:-1\" \/>\n<link rel=\"canonical\" href=\"https:\/\/rotary.fi\/lempaala\/mita-teemme\/kuokkalankosken-markkinat\/\" \/>\n<meta property=\"og:locale\" content=\"fi_FI\" \/>\n<meta property=\"og:type\" content=\"article\" \/>\n<meta property=\"og:title\" content=\"Kuokkalankosken Markkinat - Lemp\u00e4\u00e4l\u00e4n Rotaryklubi\" \/>\n<meta property=\"og:description\" content=\"Kuokkalankosken MarkkinatKuokkalankosken MarkkinatKuokkalankosken Markkinat\u00a0on Lemp\u00e4\u00e4l\u00e4n kes\u00e4n suurin yleis\u00f6tapahtuma, joka kokoaa yhteen alueen asukkaat ja kes\u00e4vieraat leppoisaan yhdess\u00e4oloon. P\u00e4iv\u00e4n aikana voit nauttia hyv\u00e4st\u00e4 ohjelmasta ja tehd\u00e4 monipuolisia markkinaostoksia.\u00a0Lemp\u00e4\u00e4l\u00e4n Rotaryklubi on vastannut markkinoiden j\u00e4rjest\u00e4misest\u00e4 jo 25 vuoden ajan. Markkinat ovat vuosien varrella tulleet tunnetuiksi laajalti Lemp\u00e4\u00e4l\u00e4n ulkopuolellakin. Markkinoiden henke\u00e4 ja imagoa rakennettaessa keskeisin\u00e4 teemoina ovat olleet kotiseutuhenkisyys, [&hellip;]\" \/>\n<meta property=\"og:url\" content=\"https:\/\/rotary.fi\/lempaala\/mita-teemme\/kuokkalankosken-markkinat\/\" \/>\n<meta property=\"og:site_name\" content=\"Lemp\u00e4\u00e4l\u00e4n Rotaryklubi\" \/>\n<meta property=\"article:modified_time\" content=\"2024-01-24T16:00:35+00:00\" \/>\n<meta name=\"twitter:card\" content=\"summary_large_image\" \/>\n<meta name=\"twitter:label1\" content=\"Arvioitu lukuaika\" \/>\n\t<meta name=\"twitter:data1\" content=\"2 minuuttia\" \/>\n<script type=\"application\/ld+json\" class=\"yoast-schema-graph\">{\"@context\":\"https:\/\/schema.org\",\"@graph\":[{\"@type\":\"WebPage\",\"@id\":\"https:\/\/rotary.fi\/lempaala\/mita-teemme\/kuokkalankosken-markkinat\/\",\"url\":\"https:\/\/rotary.fi\/lempaala\/mita-teemme\/kuokkalankosken-markkinat\/\",\"name\":\"Kuokkalankosken Markkinat - Lemp\u00e4\u00e4l\u00e4n Rotaryklubi\",\"isPartOf\":{\"@id\":\"https:\/\/rotary.fi\/lempaala\/#website\"},\"datePublished\":\"2018-10-25T05:25:11+00:00\",\"dateModified\":\"2024-01-24T16:00:35+00:00\",\"breadcrumb\":{\"@id\":\"https:\/\/rotary.fi\/lempaala\/mita-teemme\/kuokkalankosken-markkinat\/#breadcrumb\"},\"inLanguage\":\"fi\",\"potentialAction\":[{\"@type\":\"ReadAction\",\"target\":[\"https:\/\/rotary.fi\/lempaala\/mita-teemme\/kuokkalankosken-markkinat\/\"]}]},{\"@type\":\"BreadcrumbList\",\"@id\":\"https:\/\/rotary.fi\/lempaala\/mita-teemme\/kuokkalankosken-markkinat\/#breadcrumb\",\"itemListElement\":[{\"@type\":\"ListItem\",\"position\":1,\"name\":\"Home\",\"item\":\"https:\/\/rotary.fi\/lempaala\/\"},{\"@type\":\"ListItem\",\"position\":2,\"name\":\"Mit\u00e4 teemme\",\"item\":\"https:\/\/rotary.fi\/lempaala\/mita-teemme\/\"},{\"@type\":\"ListItem\",\"position\":3,\"name\":\"Kuokkalankosken Markkinat\"}]},{\"@type\":\"WebSite\",\"@id\":\"https:\/\/rotary.fi\/lempaala\/#website\",\"url\":\"https:\/\/rotary.fi\/lempaala\/\",\"name\":\"Lemp\u00e4\u00e4l\u00e4n Rotaryklubi\",\"description\":\"Rotary klubisivusto\",\"potentialAction\":[{\"@type\":\"SearchAction\",\"target\":{\"@type\":\"EntryPoint\",\"urlTemplate\":\"https:\/\/rotary.fi\/lempaala\/?s={search_term_string}\"},\"query-input\":{\"@type\":\"PropertyValueSpecification\",\"valueRequired\":true,\"valueName\":\"search_term_string\"}}],\"inLanguage\":\"fi\"}]}<\/script>\n<!-- \/ Yoast SEO plugin. -->","yoast_head_json":{"title":"Kuokkalankosken Markkinat - Lemp\u00e4\u00e4l\u00e4n Rotaryklubi","robots":{"index":"index","follow":"follow","max-snippet":"max-snippet:-1","max-image-preview":"max-image-preview:large","max-video-preview":"max-video-preview:-1"},"canonical":"https:\/\/rotary.fi\/lempaala\/mita-teemme\/kuokkalankosken-markkinat\/","og_locale":"fi_FI","og_type":"article","og_title":"Kuokkalankosken Markkinat - Lemp\u00e4\u00e4l\u00e4n Rotaryklubi","og_description":"Kuokkalankosken MarkkinatKuokkalankosken MarkkinatKuokkalankosken Markkinat\u00a0on Lemp\u00e4\u00e4l\u00e4n kes\u00e4n suurin yleis\u00f6tapahtuma, joka kokoaa yhteen alueen asukkaat ja kes\u00e4vieraat leppoisaan yhdess\u00e4oloon. P\u00e4iv\u00e4n aikana voit nauttia hyv\u00e4st\u00e4 ohjelmasta ja tehd\u00e4 monipuolisia markkinaostoksia.\u00a0Lemp\u00e4\u00e4l\u00e4n Rotaryklubi on vastannut markkinoiden j\u00e4rjest\u00e4misest\u00e4 jo 25 vuoden ajan. Markkinat ovat vuosien varrella tulleet tunnetuiksi laajalti Lemp\u00e4\u00e4l\u00e4n ulkopuolellakin. Markkinoiden henke\u00e4 ja imagoa rakennettaessa keskeisin\u00e4 teemoina ovat olleet kotiseutuhenkisyys, [&hellip;]","og_url":"https:\/\/rotary.fi\/lempaala\/mita-teemme\/kuokkalankosken-markkinat\/","og_site_name":"Lemp\u00e4\u00e4l\u00e4n Rotaryklubi","article_modified_time":"2024-01-24T16:00:35+00:00","twitter_card":"summary_large_image","twitter_misc":{"Arvioitu lukuaika":"2 minuuttia"},"schema":{"@context":"https:\/\/schema.org","@graph":[{"@type":"WebPage","@id":"https:\/\/rotary.fi\/lempaala\/mita-teemme\/kuokkalankosken-markkinat\/","url":"https:\/\/rotary.fi\/lempaala\/mita-teemme\/kuokkalankosken-markkinat\/","name":"Kuokkalankosken Markkinat - Lemp\u00e4\u00e4l\u00e4n Rotaryklubi","isPartOf":{"@id":"https:\/\/rotary.fi\/lempaala\/#website"},"datePublished":"2018-10-25T05:25:11+00:00","dateModified":"2024-01-24T16:00:35+00:00","breadcrumb":{"@id":"https:\/\/rotary.fi\/lempaala\/mita-teemme\/kuokkalankosken-markkinat\/#breadcrumb"},"inLanguage":"fi","potentialAction":[{"@type":"ReadAction","target":["https:\/\/rotary.fi\/lempaala\/mita-teemme\/kuokkalankosken-markkinat\/"]}]},{"@type":"BreadcrumbList","@id":"https:\/\/rotary.fi\/lempaala\/mita-teemme\/kuokkalankosken-markkinat\/#breadcrumb","itemListElement":[{"@type":"ListItem","position":1,"name":"Home","item":"https:\/\/rotary.fi\/lempaala\/"},{"@type":"ListItem","position":2,"name":"Mit\u00e4 teemme","item":"https:\/\/rotary.fi\/lempaala\/mita-teemme\/"},{"@type":"ListItem","position":3,"name":"Kuokkalankosken Markkinat"}]},{"@type":"WebSite","@id":"https:\/\/rotary.fi\/lempaala\/#website","url":"https:\/\/rotary.fi\/lempaala\/","name":"Lemp\u00e4\u00e4l\u00e4n Rotaryklubi","description":"Rotary klubisivusto","potentialAction":[{"@type":"SearchAction","target":{"@type":"EntryPoint","urlTemplate":"https:\/\/rotary.fi\/lempaala\/?s={search_term_string}"},"query-input":{"@type":"PropertyValueSpecification","valueRequired":true,"valueName":"search_term_string"}}],"inLanguage":"fi"}]}},"lang":"fi","translations":{"fi":295,"en":1460,"sv":1623},"pll_sync_post":[],"_links":{"self":[{"href":"https:\/\/rotary.fi\/lempaala\/wp-json\/wp\/v2\/pages\/295","targetHints":{"allow":["GET"]}}],"collection":[{"href":"https:\/\/rotary.fi\/lempaala\/wp-json\/wp\/v2\/pages"}],"about":[{"href":"https:\/\/rotary.fi\/lempaala\/wp-json\/wp\/v2\/types\/page"}],"author":[{"embeddable":true,"href":"https:\/\/rotary.fi\/lempaala\/wp-json\/wp\/v2\/users\/1"}],"replies":[{"embeddable":true,"href":"https:\/\/rotary.fi\/lempaala\/wp-json\/wp\/v2\/comments?post=295"}],"version-history":[{"count":9,"href":"https:\/\/rotary.fi\/lempaala\/wp-json\/wp\/v2\/pages\/295\/revisions"}],"predecessor-version":[{"id":2026,"href":"https:\/\/rotary.fi\/lempaala\/wp-json\/wp\/v2\/pages\/295\/revisions\/2026"}],"up":[{"embeddable":true,"href":"https:\/\/rotary.fi\/lempaala\/wp-json\/wp\/v2\/pages\/77"}],"wp:attachment":[{"href":"https:\/\/rotary.fi\/lempaala\/wp-json\/wp\/v2\/media?parent=295"}],"curies":[{"name":"wp","href":"https:\/\/api.w.org\/{rel}","templated":true}]}}