{"id":2180,"date":"2024-10-30T18:33:46","date_gmt":"2024-10-30T16:33:46","guid":{"rendered":"https:\/\/rotary.fi\/lempaala\/?page_id=2180"},"modified":"2024-10-30T21:30:04","modified_gmt":"2024-10-30T19:30:04","slug":"vuoden-palvelija","status":"publish","type":"page","link":"https:\/\/rotary.fi\/lempaala\/mita-teemme\/vuoden-palvelija\/","title":{"rendered":"Vuoden Palvelija"},"content":{"rendered":"<p>[et_pb_section fb_built=&#8221;1&#8243; _builder_version=&#8221;4.16&#8243; global_colors_info=&#8221;{}&#8221;][et_pb_row _builder_version=&#8221;4.16&#8243; background_size=&#8221;initial&#8221; background_position=&#8221;top_left&#8221; background_repeat=&#8221;repeat&#8221; global_colors_info=&#8221;{}&#8221;][et_pb_column type=&#8221;4_4&#8243; _builder_version=&#8221;4.16&#8243; custom_padding=&#8221;|||&#8221; global_colors_info=&#8221;{}&#8221; custom_padding__hover=&#8221;|||&#8221;][et_pb_text _builder_version=&#8221;4.27.0&#8243; background_size=&#8221;initial&#8221; background_position=&#8221;top_left&#8221; background_repeat=&#8221;repeat&#8221; global_colors_info=&#8221;{}&#8221;]<\/p>\n<h1>Vuoden Palvelija<\/h1>\n<p>&nbsp;<\/p>\n<p>Lemp\u00e4\u00e4l\u00e4n Rotaryklubi valitsee vuosittain klubin toiminta-alueelta Lemp\u00e4\u00e4l\u00e4st\u00e4 tai Vesilahdesta henkil\u00f6n tai yhteis\u00f6n, joka klubin mielest\u00e4 on parhaiten toteuttanut p\u00e4ivitt\u00e4isess\u00e4 ty\u00f6ss\u00e4\u00e4n tai muissa toimissaan pyyteett\u00f6m\u00e4n palvelun ihannetta ja korostanut palvelemisen merkityst\u00e4 kaikkien ihmisten kesken.<\/p>\n<p>Alta l\u00f6yd\u00e4t kaikki Vuoden Palvelijat vuodesta 1982 l\u00e4htien. Lemp\u00e4\u00e4l\u00e4n Rotaryklubi kiitt\u00e4\u00e4 kaikkia Vuoden Palvelijoita!<\/p>\n<p>&nbsp;<\/p>\n<h4><span style=\"font-size: medium\"><\/span><\/h4>\n<h4><span style=\"font-size: medium\">1982 &#8211; Lemp\u00e4\u00e4l\u00e4-Seura<\/span><\/h4>\n<h4><span style=\"font-size: medium\">1983 &#8211; Lemp\u00e4\u00e4l\u00e4n Ehtookoto<\/span><\/h4>\n<h4><span style=\"font-size: medium\">1984 &#8211; Aili Mannonen, <\/span><span style=\"font-size: medium\">Apteekkari<\/span><\/h4>\n<h4><span style=\"font-size: medium\">1985 &#8211; Yrj\u00f6 Punkari, <\/span><span style=\"font-size: medium\">Musiikkikoulun rehtori<\/span><\/h4>\n<h4><span style=\"font-size: medium\">1986 &#8211; Lemp\u00e4\u00e4l\u00e4n NMKY<\/span><\/h4>\n<h4><span style=\"font-size: medium\">1987 &#8211; Lemp\u00e4\u00e4l\u00e4n Sotaveteraanit<\/span><\/h4>\n<h4><span style=\"font-size: medium\">1988 &#8211; Kuljun koulun oppilaskuoro<\/span><\/h4>\n<h4><span style=\"font-size: medium\">1989 &#8211; Anni-Koti<\/span><\/h4>\n<h4><span style=\"font-size: medium\">1990 &#8211; Lemp\u00e4\u00e4l\u00e4n Nuorisoseura<\/span><\/h4>\n<h4><span style=\"font-size: medium\">1991 &#8211; <\/span><span style=\"font-size: medium\">Eeva Anero, <\/span><span style=\"font-size: medium\">Maisteri<\/span><\/h4>\n<h4><span style=\"font-size: medium\">1992 &#8211; Lemp\u00e4\u00e4l\u00e4n Kuvataidekoulu<\/span><\/h4>\n<h4><span style=\"font-size: medium\">1993 &#8211; Lemp\u00e4\u00e4l\u00e4n Mummon Kammari<\/span><\/h4>\n<h4><span style=\"font-size: medium\">1994 &#8211; Lemp\u00e4\u00e4l\u00e4n Kisa<\/span><\/h4>\n<h4><span style=\"font-size: medium\">1995 &#8211; Lemp\u00e4\u00e4l\u00e4n Sotainvalidit<\/span><\/h4>\n<h4><span style=\"font-size: medium\">1996 &#8211; Vesilahden yl\u00e4asteen oppilaskunta<\/span><\/h4>\n<h4><span style=\"font-size: medium\">1997 &#8211; R\u00e4ms\u00f6\u00f6n Kyl\u00e4kerho<\/span><\/h4>\n<h4><span style=\"font-size: medium\">1998 &#8211; Markku Kuusj\u00e4rvi, <\/span><span style=\"font-size: medium\">Er\u00e4opaskouluttaja<\/span><\/h4>\n<h4><span style=\"font-size: medium\">1999 &#8211; Mattilan Kyl\u00e4yhdistys<\/span><\/h4>\n<h4><span style=\"font-size: medium\">2000 &#8211; Leena Py\u00f6r\u00e4niemi, <\/span><span style=\"font-size: medium\">Talousopettaja<\/span><\/h4>\n<h4><span style=\"font-size: medium\">2001 &#8211; Lemp\u00e4\u00e4l\u00e4n vanhusty\u00f6<\/span><\/h4>\n<h4><span style=\"font-size: medium\">2002 &#8211; <\/span><span style=\"font-size: medium\">Kirsti Uoti, s<\/span><span style=\"font-size: medium\">is\u00e4tautien ja reumatologian erikoisl\u00e4\u00e4k\u00e4ri\u00a0<\/span><\/h4>\n<h4><span style=\"font-size: medium\">2003 &#8211; Lemp\u00e4\u00e4l\u00e4n SPR:n Yst\u00e4v\u00e4npalvelu<\/span><\/h4>\n<h4><span style=\"font-size: medium\">2004 &#8211; R\u00e4ms\u00f6\u00f6n kes\u00e4teatteriorganisaatio<\/span><\/h4>\n<h4><span style=\"font-size: medium\">2005 &#8211; <\/span><span style=\"font-size: medium\">Sinikka Kilpinen, johtaja,\u00a0<\/span><span style=\"font-size: medium\">Lemp\u00e4\u00e4l\u00e4n Ehtookoto\u00a0<\/span><\/h4>\n<h4><span style=\"font-size: medium\">2006 &#8211; Koskenkyl\u00e4n kyl\u00e4l\u00e4iset<\/span><\/h4>\n<h4><span style=\"font-size: medium\">2007 &#8211; Pirkanmaan Dementiayhdistys, Lemp\u00e4\u00e4l\u00e4n paikallisosasto<\/span><\/h4>\n<h4><span style=\"font-size: medium\">2008 &#8211; Erkki H\u00e4kli, johtaja, Lemp\u00e4\u00e4l\u00e4n nuorisotoimi<\/span><\/h4>\n<h4><span style=\"font-size: medium\">2009 &#8211; Lemp\u00e4\u00e4l\u00e4-opisto<\/span><\/h4>\n<h4><span style=\"font-size: medium\">2010 &#8211; Hilkka Salo, sihteeri, <\/span><span style=\"font-size: medium\">T\u00e4hti-Nuorisoseura ry, sek\u00e4 <\/span><span style=\"font-size: medium\">Narvan Markkinoiden monitoiminainen<\/span><\/h4>\n<h4><span style=\"font-size: medium\">2011 &#8211; Lemp\u00e4\u00e4l\u00e4n Pandat ry<\/span><\/h4>\n<h4><span style=\"font-size: medium\">2012 &#8211; Pirkko Fors, yritt\u00e4j\u00e4, Lemp\u00e4\u00e4l\u00e4n Kirja- ja paperikauppa<\/span><\/h4>\n<h4><span style=\"font-size: medium\">2013 &#8211; Leena ja Markku Laine, yritt\u00e4j\u00e4t, Kuntohoitola<\/span><\/h4>\n<h4><span style=\"font-size: medium\">2014 &#8211; Antero Korhonen<\/span><\/h4>\n<h4><span style=\"font-size: medium\">2015 &#8211; Matti Vesto<\/span><\/h4>\n<h4><span style=\"font-size: medium\">2016 &#8211; Satu Luukas, yritt\u00e4j\u00e4, Pito- ja Lounaspalvelu Satu Luukas<\/span><\/h4>\n<h4><span style=\"font-size: medium\">2017 &#8211; LYSY ry (Lemp\u00e4\u00e4l\u00e4n ymp\u00e4rist\u00f6nsuojeluyhdistys)<\/span><\/h4>\n<h4><span style=\"font-size: medium\">2018 &#8211; Lemp\u00e4\u00e4l\u00e4n VPK:n nuorisojaosto<\/span><\/h4>\n<h4><span style=\"font-size: medium\">2019 &#8211; Leena Soini, yritt\u00e4j\u00e4, Kahvila Siiri<\/span><\/h4>\n<h4><span style=\"font-size: medium\">2020 &#8211; Matti Vuorinen, yritt\u00e4j\u00e4, Sportia-Matti<\/span><\/h4>\n<h4><span style=\"font-size: medium\">2021 &#8211; Juha Lehtim\u00e4ki, yritt\u00e4j\u00e4 ja suutari, <span>Lemp\u00e4\u00e4l\u00e4n jalkinekorjaamo<\/span><\/span><\/h4>\n<h4><span style=\"font-size: medium\">2022 &#8211; Teemu Murto, yritt\u00e4j\u00e4, Narvan Rauta ja Maatalous<\/span><\/h4>\n<h4><span style=\"font-size: medium\">2023 &#8211; Kari Niemi, monialayritt\u00e4j\u00e4, Vesilahden liikenne, Kapo Games, Kari Niemi Oy<\/span><\/h4>\n<p>[\/et_pb_text][\/et_pb_column][\/et_pb_row][\/et_pb_section]<\/p>\n","protected":false},"excerpt":{"rendered":"<p>Vuoden Palvelija &nbsp; Lemp\u00e4\u00e4l\u00e4n Rotaryklubi valitsee vuosittain klubin toiminta-alueelta Lemp\u00e4\u00e4l\u00e4st\u00e4 tai Vesilahdesta henkil\u00f6n tai yhteis\u00f6n, joka klubin mielest\u00e4 on parhaiten toteuttanut p\u00e4ivitt\u00e4isess\u00e4 ty\u00f6ss\u00e4\u00e4n tai muissa toimissaan pyyteett\u00f6m\u00e4n palvelun ihannetta ja korostanut palvelemisen merkityst\u00e4 kaikkien ihmisten kesken. Alta l\u00f6yd\u00e4t kaikki Vuoden Palvelijat vuodesta 1982 l\u00e4htien. Lemp\u00e4\u00e4l\u00e4n Rotaryklubi kiitt\u00e4\u00e4 kaikkia Vuoden Palvelijoita! &nbsp; 1982 &#8211; Lemp\u00e4\u00e4l\u00e4-Seura 1983 [&hellip;]<\/p>\n","protected":false},"author":649,"featured_media":0,"parent":77,"menu_order":4,"comment_status":"closed","ping_status":"closed","template":"","meta":{"_acf_changed":false,"_et_pb_use_builder":"on","_et_pb_old_content":"Lemp\u00e4\u00e4l\u00e4n Rotaryklubi valitsee vuosittain klubin toiminta-alueelta Lemp\u00e4\u00e4l\u00e4st\u00e4 tai Vesilahdesta henkil\u00f6n tai yhteis\u00f6n, joka klubin mielest\u00e4 on parhaiten toteuttanut p\u00e4ivitt\u00e4isess\u00e4 ty\u00f6ss\u00e4\u00e4n tai muissa toimissaan pyyteett\u00f6m\u00e4n palvelun ihannetta ja korostanut palvelemisen merkityst\u00e4 kaikkien ihmisten kesken.\r\n\r\nAlta l\u00f6yd\u00e4t kaikki Vuoden Palvelijat vuodesta 1982 l\u00e4htien. Lemp\u00e4\u00e4l\u00e4n Rotaryklubi kiitt\u00e4\u00e4 kaikkia Vuoden Palvelijoita!\r\n\r\n<h6>\r\n1982 - Lemp\u00e4\u00e4l\u00e4-Seura<br><br>\r\n1983 - Lemp\u00e4\u00e4l\u00e4n Ehtookoto<br><br>\r\n1984 - Apteekkari Aili Mannonen<br><br>\r\n1985 - Musiikkikoulun rehtori Yrj\u00f6 Punkari <br><br>\r\n1986 - Lemp\u00e4\u00e4l\u00e4n NMKY<br><br>\r\n1987 - Lemp\u00e4\u00e4l\u00e4n Sotaveteraanit<br><br>\r\n1988 - Kuljun koulun oppilaskuoro<br><br>\r\n1989 - Anni-Koti<br><br>\r\n1990 - Lemp\u00e4\u00e4l\u00e4n Nuorisoseura<br><br>\r\n1991 - Maisteri Eeva Anero<br><br>\r\n1992 - Lemp\u00e4\u00e4l\u00e4n Kuvataidekoulu<br><br>\r\n1993 - Lemp\u00e4\u00e4l\u00e4n Mummon Kammari<br><br>\r\n1994 - Lemp\u00e4\u00e4l\u00e4n Kisa<br><br>\r\n1995 - Lemp\u00e4\u00e4l\u00e4n Sotainvalidit<br><br>\r\n1996 - Vesilahden yl\u00e4asteen oppilaskunta<br><br>\r\n1997 - R\u00e4ms\u00f6\u00f6n Kyl\u00e4kerho<br><br>\r\n1998 - Er\u00e4opaskouluttaja Markku Kuusj\u00e4rvi<br><br>\r\n1999 - Mattilan Kyl\u00e4yhdistys<br><br>\r\n2000 - Talousopettaja Leena Py\u00f6r\u00e4niemi<br><br>\r\n2001 - Lemp\u00e4\u00e4l\u00e4n vanhusty\u00f6<br><br>\r\n2002 - Sis\u00e4tautien ja reumatologian erikoisl\u00e4\u00e4k\u00e4ri Kirsti Uoti<br><br>\r\n2003 - Lemp\u00e4\u00e4l\u00e4n SPR:n Yst\u00e4v\u00e4npalvelu<br><br>\r\n2004 - R\u00e4ms\u00f6\u00f6n kes\u00e4teatteriorganisaatio<br><br>\r\n2005 - Lemp\u00e4\u00e4l\u00e4n Ehtookodon johtaja Sinikka Kilpinen<br><br>\r\n2006 - Koskenkyl\u00e4n kyl\u00e4l\u00e4iset<br><br>\r\n2007 - Pirkanmaan Dementiayhdistys, Lemp\u00e4\u00e4l\u00e4n paikallisosasto<br><br>\r\n2008 - Erkki H\u00e4kli (Lemp\u00e4\u00e4l\u00e4n nuorisotoimen johtaja)<br><br>\r\n2009 - Lemp\u00e4\u00e4l\u00e4-opisto<br><br>\r\n2010 - Hilkka Salo, T\u00e4hti-Nuorisoseura ry:n sihteeri, Narvan Markkinoiden monitoiminainen<br><br>\r\n2011 - Lemp\u00e4\u00e4l\u00e4n Pandat ry<br><br>\r\n2012 - Pirkko Fors, Lemp\u00e4\u00e4l\u00e4n Kirja- ja paperikauppa<br><br>\r\n2012 - Leena ja Markku Laine (Kuntohoitola)<br><br>\r\n2012 - Antero Korhonen<br><br>\r\n2012 - Matti Vesto<br><br>\r\n2012 - Pito- ja Lounaspalvelu Satu Luukas<br><br>\r\n2012 - LYSY ry (Lemp\u00e4\u00e4l\u00e4n ymp\u00e4rist\u00f6nsuojeluyhdistys)<br><br>\r\n2012 - Lemp\u00e4\u00e4l\u00e4n VPK:n nuorisojaosto<br><br>\r\n2019 - Leena Soini\/ Kahvila Siiri<br><br>\r\n2020 - Matti Vuorinen\/ Sportia-Matti<br><br>\r\n2021 - Suutari Juha Lehtim\u00e4ki<br><br>\r\n2022 - Teemu Murto, Narvan Rauta ja Maatalous Oy<br><br>\r\n2023 - Kari Niemi, monitoimiyritt\u00e4j\u00e4<\/h6><br><br>","_et_gb_content_width":"","footnotes":""},"class_list":["post-2180","page","type-page","status-publish","hentry"],"acf":[],"yoast_head":"<!-- This site is optimized with the Yoast SEO plugin v27.0 - https:\/\/yoast.com\/product\/yoast-seo-wordpress\/ -->\n<title>Vuoden Palvelija - Lemp\u00e4\u00e4l\u00e4n Rotaryklubi<\/title>\n<meta name=\"robots\" content=\"index, follow, max-snippet:-1, max-image-preview:large, max-video-preview:-1\" \/>\n<link rel=\"canonical\" href=\"https:\/\/rotary.fi\/lempaala\/mita-teemme\/vuoden-palvelija\/\" \/>\n<meta property=\"og:locale\" content=\"fi_FI\" \/>\n<meta property=\"og:type\" content=\"article\" \/>\n<meta property=\"og:title\" content=\"Vuoden Palvelija - Lemp\u00e4\u00e4l\u00e4n Rotaryklubi\" \/>\n<meta property=\"og:description\" content=\"Vuoden Palvelija &nbsp; Lemp\u00e4\u00e4l\u00e4n Rotaryklubi valitsee vuosittain klubin toiminta-alueelta Lemp\u00e4\u00e4l\u00e4st\u00e4 tai Vesilahdesta henkil\u00f6n tai yhteis\u00f6n, joka klubin mielest\u00e4 on parhaiten toteuttanut p\u00e4ivitt\u00e4isess\u00e4 ty\u00f6ss\u00e4\u00e4n tai muissa toimissaan pyyteett\u00f6m\u00e4n palvelun ihannetta ja korostanut palvelemisen merkityst\u00e4 kaikkien ihmisten kesken. Alta l\u00f6yd\u00e4t kaikki Vuoden Palvelijat vuodesta 1982 l\u00e4htien. Lemp\u00e4\u00e4l\u00e4n Rotaryklubi kiitt\u00e4\u00e4 kaikkia Vuoden Palvelijoita! &nbsp; 1982 - Lemp\u00e4\u00e4l\u00e4-Seura 1983 [&hellip;]\" \/>\n<meta property=\"og:url\" content=\"https:\/\/rotary.fi\/lempaala\/mita-teemme\/vuoden-palvelija\/\" \/>\n<meta property=\"og:site_name\" content=\"Lemp\u00e4\u00e4l\u00e4n Rotaryklubi\" \/>\n<meta property=\"article:modified_time\" content=\"2024-10-30T19:30:04+00:00\" \/>\n<meta name=\"twitter:card\" content=\"summary_large_image\" \/>\n<meta name=\"twitter:label1\" content=\"Arvioitu lukuaika\" \/>\n\t<meta name=\"twitter:data1\" content=\"2 minuuttia\" \/>\n<script type=\"application\/ld+json\" class=\"yoast-schema-graph\">{\"@context\":\"https:\/\/schema.org\",\"@graph\":[{\"@type\":\"WebPage\",\"@id\":\"https:\/\/rotary.fi\/lempaala\/mita-teemme\/vuoden-palvelija\/\",\"url\":\"https:\/\/rotary.fi\/lempaala\/mita-teemme\/vuoden-palvelija\/\",\"name\":\"Vuoden Palvelija - Lemp\u00e4\u00e4l\u00e4n Rotaryklubi\",\"isPartOf\":{\"@id\":\"https:\/\/rotary.fi\/lempaala\/#website\"},\"datePublished\":\"2024-10-30T16:33:46+00:00\",\"dateModified\":\"2024-10-30T19:30:04+00:00\",\"breadcrumb\":{\"@id\":\"https:\/\/rotary.fi\/lempaala\/mita-teemme\/vuoden-palvelija\/#breadcrumb\"},\"inLanguage\":\"fi\",\"potentialAction\":[{\"@type\":\"ReadAction\",\"target\":[\"https:\/\/rotary.fi\/lempaala\/mita-teemme\/vuoden-palvelija\/\"]}]},{\"@type\":\"BreadcrumbList\",\"@id\":\"https:\/\/rotary.fi\/lempaala\/mita-teemme\/vuoden-palvelija\/#breadcrumb\",\"itemListElement\":[{\"@type\":\"ListItem\",\"position\":1,\"name\":\"Home\",\"item\":\"https:\/\/rotary.fi\/lempaala\/\"},{\"@type\":\"ListItem\",\"position\":2,\"name\":\"Mit\u00e4 teemme\",\"item\":\"https:\/\/rotary.fi\/lempaala\/mita-teemme\/\"},{\"@type\":\"ListItem\",\"position\":3,\"name\":\"Vuoden Palvelija\"}]},{\"@type\":\"WebSite\",\"@id\":\"https:\/\/rotary.fi\/lempaala\/#website\",\"url\":\"https:\/\/rotary.fi\/lempaala\/\",\"name\":\"Lemp\u00e4\u00e4l\u00e4n Rotaryklubi\",\"description\":\"Rotary klubisivusto\",\"potentialAction\":[{\"@type\":\"SearchAction\",\"target\":{\"@type\":\"EntryPoint\",\"urlTemplate\":\"https:\/\/rotary.fi\/lempaala\/?s={search_term_string}\"},\"query-input\":{\"@type\":\"PropertyValueSpecification\",\"valueRequired\":true,\"valueName\":\"search_term_string\"}}],\"inLanguage\":\"fi\"}]}<\/script>\n<!-- \/ Yoast SEO plugin. -->","yoast_head_json":{"title":"Vuoden Palvelija - Lemp\u00e4\u00e4l\u00e4n Rotaryklubi","robots":{"index":"index","follow":"follow","max-snippet":"max-snippet:-1","max-image-preview":"max-image-preview:large","max-video-preview":"max-video-preview:-1"},"canonical":"https:\/\/rotary.fi\/lempaala\/mita-teemme\/vuoden-palvelija\/","og_locale":"fi_FI","og_type":"article","og_title":"Vuoden Palvelija - Lemp\u00e4\u00e4l\u00e4n Rotaryklubi","og_description":"Vuoden Palvelija &nbsp; Lemp\u00e4\u00e4l\u00e4n Rotaryklubi valitsee vuosittain klubin toiminta-alueelta Lemp\u00e4\u00e4l\u00e4st\u00e4 tai Vesilahdesta henkil\u00f6n tai yhteis\u00f6n, joka klubin mielest\u00e4 on parhaiten toteuttanut p\u00e4ivitt\u00e4isess\u00e4 ty\u00f6ss\u00e4\u00e4n tai muissa toimissaan pyyteett\u00f6m\u00e4n palvelun ihannetta ja korostanut palvelemisen merkityst\u00e4 kaikkien ihmisten kesken. Alta l\u00f6yd\u00e4t kaikki Vuoden Palvelijat vuodesta 1982 l\u00e4htien. Lemp\u00e4\u00e4l\u00e4n Rotaryklubi kiitt\u00e4\u00e4 kaikkia Vuoden Palvelijoita! &nbsp; 1982 - Lemp\u00e4\u00e4l\u00e4-Seura 1983 [&hellip;]","og_url":"https:\/\/rotary.fi\/lempaala\/mita-teemme\/vuoden-palvelija\/","og_site_name":"Lemp\u00e4\u00e4l\u00e4n Rotaryklubi","article_modified_time":"2024-10-30T19:30:04+00:00","twitter_card":"summary_large_image","twitter_misc":{"Arvioitu lukuaika":"2 minuuttia"},"schema":{"@context":"https:\/\/schema.org","@graph":[{"@type":"WebPage","@id":"https:\/\/rotary.fi\/lempaala\/mita-teemme\/vuoden-palvelija\/","url":"https:\/\/rotary.fi\/lempaala\/mita-teemme\/vuoden-palvelija\/","name":"Vuoden Palvelija - Lemp\u00e4\u00e4l\u00e4n Rotaryklubi","isPartOf":{"@id":"https:\/\/rotary.fi\/lempaala\/#website"},"datePublished":"2024-10-30T16:33:46+00:00","dateModified":"2024-10-30T19:30:04+00:00","breadcrumb":{"@id":"https:\/\/rotary.fi\/lempaala\/mita-teemme\/vuoden-palvelija\/#breadcrumb"},"inLanguage":"fi","potentialAction":[{"@type":"ReadAction","target":["https:\/\/rotary.fi\/lempaala\/mita-teemme\/vuoden-palvelija\/"]}]},{"@type":"BreadcrumbList","@id":"https:\/\/rotary.fi\/lempaala\/mita-teemme\/vuoden-palvelija\/#breadcrumb","itemListElement":[{"@type":"ListItem","position":1,"name":"Home","item":"https:\/\/rotary.fi\/lempaala\/"},{"@type":"ListItem","position":2,"name":"Mit\u00e4 teemme","item":"https:\/\/rotary.fi\/lempaala\/mita-teemme\/"},{"@type":"ListItem","position":3,"name":"Vuoden Palvelija"}]},{"@type":"WebSite","@id":"https:\/\/rotary.fi\/lempaala\/#website","url":"https:\/\/rotary.fi\/lempaala\/","name":"Lemp\u00e4\u00e4l\u00e4n Rotaryklubi","description":"Rotary klubisivusto","potentialAction":[{"@type":"SearchAction","target":{"@type":"EntryPoint","urlTemplate":"https:\/\/rotary.fi\/lempaala\/?s={search_term_string}"},"query-input":{"@type":"PropertyValueSpecification","valueRequired":true,"valueName":"search_term_string"}}],"inLanguage":"fi"}]}},"lang":"fi","translations":{"fi":2180},"pll_sync_post":[],"_links":{"self":[{"href":"https:\/\/rotary.fi\/lempaala\/wp-json\/wp\/v2\/pages\/2180","targetHints":{"allow":["GET"]}}],"collection":[{"href":"https:\/\/rotary.fi\/lempaala\/wp-json\/wp\/v2\/pages"}],"about":[{"href":"https:\/\/rotary.fi\/lempaala\/wp-json\/wp\/v2\/types\/page"}],"author":[{"embeddable":true,"href":"https:\/\/rotary.fi\/lempaala\/wp-json\/wp\/v2\/users\/649"}],"replies":[{"embeddable":true,"href":"https:\/\/rotary.fi\/lempaala\/wp-json\/wp\/v2\/comments?post=2180"}],"version-history":[{"count":10,"href":"https:\/\/rotary.fi\/lempaala\/wp-json\/wp\/v2\/pages\/2180\/revisions"}],"predecessor-version":[{"id":2215,"href":"https:\/\/rotary.fi\/lempaala\/wp-json\/wp\/v2\/pages\/2180\/revisions\/2215"}],"up":[{"embeddable":true,"href":"https:\/\/rotary.fi\/lempaala\/wp-json\/wp\/v2\/pages\/77"}],"wp:attachment":[{"href":"https:\/\/rotary.fi\/lempaala\/wp-json\/wp\/v2\/media?parent=2180"}],"curies":[{"name":"wp","href":"https:\/\/api.w.org\/{rel}","templated":true}]}}