{"id":173,"date":"2018-08-13T10:39:15","date_gmt":"2018-08-13T07:39:15","guid":{"rendered":"https:\/\/rotary.fi\/lempaala\/?page_id=173"},"modified":"2024-01-24T18:26:38","modified_gmt":"2024-01-24T16:26:38","slug":"kiinnostaako-jasenyys","status":"publish","type":"page","link":"https:\/\/rotary.fi\/lempaala\/tule-mukaan\/kiinnostaako-jasenyys\/","title":{"rendered":"Kiinnostaako j\u00e4senyys?"},"content":{"rendered":"<p>[et_pb_section fb_built=&#8221;1&#8243; module_class=&#8221;jumbotron-page&#8221; _builder_version=&#8221;4.22.1&#8243; background_image=&#8221;https:\/\/rotary.fi\/lempaala\/wp-content\/uploads\/sites\/243\/2024\/01\/makkaramiehet-e1706113535930.jpg&#8221; hover_enabled=&#8221;0&#8243; global_colors_info=&#8221;{}&#8221; title_text=&#8221;Makkaramiehet&#8221; sticky_enabled=&#8221;0&#8243;][et_pb_row _builder_version=&#8221;4.16&#8243; background_size=&#8221;initial&#8221; background_position=&#8221;top_left&#8221; background_repeat=&#8221;repeat&#8221; global_colors_info=&#8221;{}&#8221;][et_pb_column type=&#8221;4_4&#8243; _builder_version=&#8221;4.16&#8243; custom_padding=&#8221;|||&#8221; global_colors_info=&#8221;{}&#8221; custom_padding__hover=&#8221;|||&#8221;][et_pb_text admin_label=&#8221;P\u00e4\u00e4otsikko&#8221; _builder_version=&#8221;4.16&#8243; text_orientation=&#8221;center&#8221; background_layout=&#8221;dark&#8221; global_colors_info=&#8221;{}&#8221;]<\/p>\n<h1>Kiinnostaako j\u00e4senyys?<\/h1>\n<p>[\/et_pb_text][\/et_pb_column][\/et_pb_row][\/et_pb_section][et_pb_section fb_built=&#8221;1&#8243; specialty=&#8221;on&#8221; module_class_2=&#8221;sivupalkki&#8221; _builder_version=&#8221;4.16&#8243; global_colors_info=&#8221;{}&#8221;][et_pb_column type=&#8221;2_3&#8243; specialty_columns=&#8221;2&#8243; _builder_version=&#8221;4.16&#8243; custom_padding=&#8221;|||&#8221; global_colors_info=&#8221;{}&#8221; custom_padding__hover=&#8221;|||&#8221;][et_pb_row_inner admin_label=&#8221;Rivi&#8221; _builder_version=&#8221;4.16&#8243; global_colors_info=&#8221;{}&#8221;][et_pb_column_inner saved_specialty_column_type=&#8221;2_3&#8243; _builder_version=&#8221;4.16&#8243; custom_padding=&#8221;|||&#8221; global_colors_info=&#8221;{}&#8221; custom_padding__hover=&#8221;|||&#8221;][et_pb_text admin_label=&#8221;Kiinnostaako j\u00e4senyys? &#8211; Otsikko ennen teksti\u00e4&#8221; _builder_version=&#8221;4.16&#8243; text_orientation=&#8221;center&#8221; global_colors_info=&#8221;{}&#8221;]<\/p>\n<h1>Kiinnostaako j\u00e4senyys?<\/h1>\n<p>[\/et_pb_text][et_pb_text _builder_version=&#8221;4.16&#8243; global_colors_info=&#8221;{}&#8221;]<\/p>\n<p class=\"p1\"><span class=\"s1\">Haluatko tehd\u00e4 hyv\u00e4\u00e4 ja vaikuttaa asioihin niin kotipaikkakunnallasi kuin maailmanlaajuisesti? Liity Rotaryyn! Saat rotarina hyv\u00e4n mahdollisuuden oman paikkakuntasi kehitt\u00e4miseen yhdess\u00e4 samanhenkisten vaikuttajien kanssa. Voit tehd\u00e4 paljon oman yhteis\u00f6si j\u00e4senen\u00e4, ammattisi edustajana, osaajana ja vaikuttajana. Rotary on kansainv\u00e4linen toimija, jonka kautta avautuu mahdollisuuksia ja n\u00e4k\u00f6aloja my\u00f6s maailmanlaajuiseen toimintaan. Saat erinomaisen mahdollisuuden verkostoitumiseen niin paikallisesti, valtakunnallisesti kuin laajemminkin. <\/span><\/p>\n<p class=\"p1\"><span class=\"s1\">Tutustu my\u00f6s nuorille suunnattuun toimintaan, <a href=\"https:\/\/rotary.fi\/mita-teemme\/nuorisopalvelut\/interact\/\" target=\"_blank\" rel=\"noopener noreferrer\"><span class=\"s2\">Interactiin<\/span><\/a><\/span> <span class=\"s1\">ja <a href=\"https:\/\/rotary.fi\/mita-teemme\/nuorisopalvelut\/rotaract\/\" target=\"_blank\" rel=\"noopener noreferrer\"><span class=\"s2\">Rotaractiin<\/span><\/a><\/span><\/p>\n<p>[\/et_pb_text][\/et_pb_column_inner][\/et_pb_row_inner][et_pb_row_inner admin_label=&#8221;Rivi&#8221; _builder_version=&#8221;4.16&#8243; global_colors_info=&#8221;{}&#8221;][et_pb_column_inner saved_specialty_column_type=&#8221;2_3&#8243; _builder_version=&#8221;4.16&#8243; custom_padding=&#8221;|||&#8221; global_colors_info=&#8221;{}&#8221; custom_padding__hover=&#8221;|||&#8221;][et_pb_text admin_label=&#8221;Kymmenen hyv\u00e4\u00e4 syyt\u00e4 olla rotari &#8211; Otsikko&#8221; _builder_version=&#8221;4.16&#8243; text_orientation=&#8221;center&#8221; global_colors_info=&#8221;{}&#8221;]<\/p>\n<h4>Kymmenen hyv\u00e4\u00e4 syyt\u00e4 olla rotari<\/h4>\n<p>[\/et_pb_text][et_pb_text _builder_version=&#8221;4.16&#8243; global_colors_info=&#8221;{}&#8221;]<\/p>\n<p class=\"p1\"><span class=\"s1\"><strong>Rotarina voit<\/strong> <\/span><\/p>\n<p class=\"p1\"><em><strong><span class=\"s1\">1. palvella ja k\u00e4ytt\u00e4\u00e4 omaa osaamistasi<br \/>\n2. verkostoitua ammatillisesti<br \/>\n3. kasvaa ja kehitty\u00e4 ihmisen\u00e4<br \/>\n4. solmia uusia yst\u00e4vyyssuhteita<span class=\"Apple-converted-space\">\u00a0 <\/span><br \/>\n5. p\u00e4\u00e4st\u00e4 osalliseksi kulttuurien monimuotoisuudesta<br \/>\n6. toimia hyv\u00e4n\u00e4 yhteiskunnan j\u00e4senen\u00e4<br \/>\n7. edist\u00e4\u00e4 maailmanlaajuista yhteisymm\u00e4rryst\u00e4<br \/>\n8. viihty\u00e4 ja kokea uusia asioita<br \/>\n9. olla mukana nuorisovaihdossa ja ottaa halutessasi kotiisi vaihto-oppilaan<br \/>\n10. olla mukana eettisess\u00e4 toiminnassa. <\/span><\/strong><\/em><\/p>\n<p>[\/et_pb_text][\/et_pb_column_inner][\/et_pb_row_inner][et_pb_row_inner admin_label=&#8221;Rivi&#8221; _builder_version=&#8221;4.16&#8243; global_colors_info=&#8221;{}&#8221;][et_pb_column_inner saved_specialty_column_type=&#8221;2_3&#8243; _builder_version=&#8221;4.16&#8243; custom_padding=&#8221;|||&#8221; global_colors_info=&#8221;{}&#8221; custom_padding__hover=&#8221;|||&#8221;][et_pb_text _builder_version=&#8221;4.16&#8243; global_colors_info=&#8221;{}&#8221;][\/et_pb_text][\/et_pb_column_inner][\/et_pb_row_inner][et_pb_row_inner admin_label=&#8221;Rivi&#8221; _builder_version=&#8221;4.16&#8243; global_colors_info=&#8221;{}&#8221;][et_pb_column_inner saved_specialty_column_type=&#8221;2_3&#8243; _builder_version=&#8221;4.16&#8243; custom_padding=&#8221;|||&#8221; global_colors_info=&#8221;{}&#8221; custom_padding__hover=&#8221;|||&#8221;][et_pb_button button_url=&#8221;https:\/\/rotary.fi\/lempaala\/tule-mukaan\/&#8221; button_text=&#8221;Tule mukaan&#8221; _builder_version=&#8221;4.16&#8243; global_colors_info=&#8221;{}&#8221;][\/et_pb_button][\/et_pb_column_inner][\/et_pb_row_inner][\/et_pb_column][et_pb_column type=&#8221;1_3&#8243; _builder_version=&#8221;4.16&#8243; custom_padding=&#8221;|||&#8221; global_colors_info=&#8221;{}&#8221; custom_padding__hover=&#8221;|||&#8221;][et_pb_sidebar area=&#8221;sidebar-1&#8243; module_class=&#8221;sivupalkki_sisalto&#8221; _builder_version=&#8221;4.16&#8243; locked=&#8221;on&#8221; global_colors_info=&#8221;{}&#8221;][\/et_pb_sidebar][\/et_pb_column][\/et_pb_section]<\/p>\n","protected":false},"excerpt":{"rendered":"<p>Kiinnostaako j\u00e4senyys? Kiinnostaako j\u00e4senyys? Haluatko tehd\u00e4 hyv\u00e4\u00e4 ja vaikuttaa asioihin niin kotipaikkakunnallasi kuin maailmanlaajuisesti? Liity Rotaryyn! Saat rotarina hyv\u00e4n mahdollisuuden oman paikkakuntasi kehitt\u00e4miseen yhdess\u00e4 samanhenkisten vaikuttajien kanssa. Voit tehd\u00e4 paljon oman yhteis\u00f6si j\u00e4senen\u00e4, ammattisi edustajana, osaajana ja vaikuttajana. Rotary on kansainv\u00e4linen toimija, jonka kautta avautuu mahdollisuuksia ja n\u00e4k\u00f6aloja my\u00f6s maailmanlaajuiseen toimintaan. Saat erinomaisen mahdollisuuden verkostoitumiseen [&hellip;]<\/p>\n","protected":false},"author":1,"featured_media":0,"parent":89,"menu_order":1,"comment_status":"closed","ping_status":"closed","template":"","meta":{"_acf_changed":false,"_et_pb_use_builder":"on","_et_pb_old_content":"","_et_gb_content_width":"","footnotes":""},"class_list":["post-173","page","type-page","status-publish","hentry"],"acf":[],"yoast_head":"<!-- This site is optimized with the Yoast SEO plugin v27.0 - https:\/\/yoast.com\/product\/yoast-seo-wordpress\/ -->\n<title>Kiinnostaako j\u00e4senyys? - Lemp\u00e4\u00e4l\u00e4n Rotaryklubi<\/title>\n<meta name=\"robots\" content=\"index, follow, max-snippet:-1, max-image-preview:large, max-video-preview:-1\" \/>\n<link rel=\"canonical\" href=\"https:\/\/rotary.fi\/lempaala\/tule-mukaan\/kiinnostaako-jasenyys\/\" \/>\n<meta property=\"og:locale\" content=\"fi_FI\" \/>\n<meta property=\"og:type\" content=\"article\" \/>\n<meta property=\"og:title\" content=\"Kiinnostaako j\u00e4senyys? - Lemp\u00e4\u00e4l\u00e4n Rotaryklubi\" \/>\n<meta property=\"og:description\" content=\"Kiinnostaako j\u00e4senyys? Kiinnostaako j\u00e4senyys? Haluatko tehd\u00e4 hyv\u00e4\u00e4 ja vaikuttaa asioihin niin kotipaikkakunnallasi kuin maailmanlaajuisesti? Liity Rotaryyn! Saat rotarina hyv\u00e4n mahdollisuuden oman paikkakuntasi kehitt\u00e4miseen yhdess\u00e4 samanhenkisten vaikuttajien kanssa. Voit tehd\u00e4 paljon oman yhteis\u00f6si j\u00e4senen\u00e4, ammattisi edustajana, osaajana ja vaikuttajana. Rotary on kansainv\u00e4linen toimija, jonka kautta avautuu mahdollisuuksia ja n\u00e4k\u00f6aloja my\u00f6s maailmanlaajuiseen toimintaan. Saat erinomaisen mahdollisuuden verkostoitumiseen [&hellip;]\" \/>\n<meta property=\"og:url\" content=\"https:\/\/rotary.fi\/lempaala\/tule-mukaan\/kiinnostaako-jasenyys\/\" \/>\n<meta property=\"og:site_name\" content=\"Lemp\u00e4\u00e4l\u00e4n Rotaryklubi\" \/>\n<meta property=\"article:modified_time\" content=\"2024-01-24T16:26:38+00:00\" \/>\n<meta name=\"twitter:card\" content=\"summary_large_image\" \/>\n<meta name=\"twitter:label1\" content=\"Arvioitu lukuaika\" \/>\n\t<meta name=\"twitter:data1\" content=\"2 minuuttia\" \/>\n<script type=\"application\/ld+json\" class=\"yoast-schema-graph\">{\"@context\":\"https:\/\/schema.org\",\"@graph\":[{\"@type\":\"WebPage\",\"@id\":\"https:\/\/rotary.fi\/lempaala\/tule-mukaan\/kiinnostaako-jasenyys\/\",\"url\":\"https:\/\/rotary.fi\/lempaala\/tule-mukaan\/kiinnostaako-jasenyys\/\",\"name\":\"Kiinnostaako j\u00e4senyys? - Lemp\u00e4\u00e4l\u00e4n Rotaryklubi\",\"isPartOf\":{\"@id\":\"https:\/\/rotary.fi\/lempaala\/#website\"},\"datePublished\":\"2018-08-13T07:39:15+00:00\",\"dateModified\":\"2024-01-24T16:26:38+00:00\",\"breadcrumb\":{\"@id\":\"https:\/\/rotary.fi\/lempaala\/tule-mukaan\/kiinnostaako-jasenyys\/#breadcrumb\"},\"inLanguage\":\"fi\",\"potentialAction\":[{\"@type\":\"ReadAction\",\"target\":[\"https:\/\/rotary.fi\/lempaala\/tule-mukaan\/kiinnostaako-jasenyys\/\"]}]},{\"@type\":\"BreadcrumbList\",\"@id\":\"https:\/\/rotary.fi\/lempaala\/tule-mukaan\/kiinnostaako-jasenyys\/#breadcrumb\",\"itemListElement\":[{\"@type\":\"ListItem\",\"position\":1,\"name\":\"Home\",\"item\":\"https:\/\/rotary.fi\/lempaala\/\"},{\"@type\":\"ListItem\",\"position\":2,\"name\":\"Tule mukaan\",\"item\":\"https:\/\/rotary.fi\/lempaala\/tule-mukaan\/\"},{\"@type\":\"ListItem\",\"position\":3,\"name\":\"Kiinnostaako j\u00e4senyys?\"}]},{\"@type\":\"WebSite\",\"@id\":\"https:\/\/rotary.fi\/lempaala\/#website\",\"url\":\"https:\/\/rotary.fi\/lempaala\/\",\"name\":\"Lemp\u00e4\u00e4l\u00e4n Rotaryklubi\",\"description\":\"Rotary klubisivusto\",\"potentialAction\":[{\"@type\":\"SearchAction\",\"target\":{\"@type\":\"EntryPoint\",\"urlTemplate\":\"https:\/\/rotary.fi\/lempaala\/?s={search_term_string}\"},\"query-input\":{\"@type\":\"PropertyValueSpecification\",\"valueRequired\":true,\"valueName\":\"search_term_string\"}}],\"inLanguage\":\"fi\"}]}<\/script>\n<!-- \/ Yoast SEO plugin. -->","yoast_head_json":{"title":"Kiinnostaako j\u00e4senyys? - Lemp\u00e4\u00e4l\u00e4n Rotaryklubi","robots":{"index":"index","follow":"follow","max-snippet":"max-snippet:-1","max-image-preview":"max-image-preview:large","max-video-preview":"max-video-preview:-1"},"canonical":"https:\/\/rotary.fi\/lempaala\/tule-mukaan\/kiinnostaako-jasenyys\/","og_locale":"fi_FI","og_type":"article","og_title":"Kiinnostaako j\u00e4senyys? - Lemp\u00e4\u00e4l\u00e4n Rotaryklubi","og_description":"Kiinnostaako j\u00e4senyys? Kiinnostaako j\u00e4senyys? Haluatko tehd\u00e4 hyv\u00e4\u00e4 ja vaikuttaa asioihin niin kotipaikkakunnallasi kuin maailmanlaajuisesti? Liity Rotaryyn! Saat rotarina hyv\u00e4n mahdollisuuden oman paikkakuntasi kehitt\u00e4miseen yhdess\u00e4 samanhenkisten vaikuttajien kanssa. Voit tehd\u00e4 paljon oman yhteis\u00f6si j\u00e4senen\u00e4, ammattisi edustajana, osaajana ja vaikuttajana. Rotary on kansainv\u00e4linen toimija, jonka kautta avautuu mahdollisuuksia ja n\u00e4k\u00f6aloja my\u00f6s maailmanlaajuiseen toimintaan. Saat erinomaisen mahdollisuuden verkostoitumiseen [&hellip;]","og_url":"https:\/\/rotary.fi\/lempaala\/tule-mukaan\/kiinnostaako-jasenyys\/","og_site_name":"Lemp\u00e4\u00e4l\u00e4n Rotaryklubi","article_modified_time":"2024-01-24T16:26:38+00:00","twitter_card":"summary_large_image","twitter_misc":{"Arvioitu lukuaika":"2 minuuttia"},"schema":{"@context":"https:\/\/schema.org","@graph":[{"@type":"WebPage","@id":"https:\/\/rotary.fi\/lempaala\/tule-mukaan\/kiinnostaako-jasenyys\/","url":"https:\/\/rotary.fi\/lempaala\/tule-mukaan\/kiinnostaako-jasenyys\/","name":"Kiinnostaako j\u00e4senyys? - Lemp\u00e4\u00e4l\u00e4n Rotaryklubi","isPartOf":{"@id":"https:\/\/rotary.fi\/lempaala\/#website"},"datePublished":"2018-08-13T07:39:15+00:00","dateModified":"2024-01-24T16:26:38+00:00","breadcrumb":{"@id":"https:\/\/rotary.fi\/lempaala\/tule-mukaan\/kiinnostaako-jasenyys\/#breadcrumb"},"inLanguage":"fi","potentialAction":[{"@type":"ReadAction","target":["https:\/\/rotary.fi\/lempaala\/tule-mukaan\/kiinnostaako-jasenyys\/"]}]},{"@type":"BreadcrumbList","@id":"https:\/\/rotary.fi\/lempaala\/tule-mukaan\/kiinnostaako-jasenyys\/#breadcrumb","itemListElement":[{"@type":"ListItem","position":1,"name":"Home","item":"https:\/\/rotary.fi\/lempaala\/"},{"@type":"ListItem","position":2,"name":"Tule mukaan","item":"https:\/\/rotary.fi\/lempaala\/tule-mukaan\/"},{"@type":"ListItem","position":3,"name":"Kiinnostaako j\u00e4senyys?"}]},{"@type":"WebSite","@id":"https:\/\/rotary.fi\/lempaala\/#website","url":"https:\/\/rotary.fi\/lempaala\/","name":"Lemp\u00e4\u00e4l\u00e4n Rotaryklubi","description":"Rotary klubisivusto","potentialAction":[{"@type":"SearchAction","target":{"@type":"EntryPoint","urlTemplate":"https:\/\/rotary.fi\/lempaala\/?s={search_term_string}"},"query-input":{"@type":"PropertyValueSpecification","valueRequired":true,"valueName":"search_term_string"}}],"inLanguage":"fi"}]}},"lang":"fi","translations":{"fi":173,"en":1475,"sv":1635},"pll_sync_post":[],"_links":{"self":[{"href":"https:\/\/rotary.fi\/lempaala\/wp-json\/wp\/v2\/pages\/173","targetHints":{"allow":["GET"]}}],"collection":[{"href":"https:\/\/rotary.fi\/lempaala\/wp-json\/wp\/v2\/pages"}],"about":[{"href":"https:\/\/rotary.fi\/lempaala\/wp-json\/wp\/v2\/types\/page"}],"author":[{"embeddable":true,"href":"https:\/\/rotary.fi\/lempaala\/wp-json\/wp\/v2\/users\/1"}],"replies":[{"embeddable":true,"href":"https:\/\/rotary.fi\/lempaala\/wp-json\/wp\/v2\/comments?post=173"}],"version-history":[{"count":9,"href":"https:\/\/rotary.fi\/lempaala\/wp-json\/wp\/v2\/pages\/173\/revisions"}],"predecessor-version":[{"id":2040,"href":"https:\/\/rotary.fi\/lempaala\/wp-json\/wp\/v2\/pages\/173\/revisions\/2040"}],"up":[{"embeddable":true,"href":"https:\/\/rotary.fi\/lempaala\/wp-json\/wp\/v2\/pages\/89"}],"wp:attachment":[{"href":"https:\/\/rotary.fi\/lempaala\/wp-json\/wp\/v2\/media?parent=173"}],"curies":[{"name":"wp","href":"https:\/\/api.w.org\/{rel}","templated":true}]}}