{"id":138,"date":"2018-08-10T14:01:44","date_gmt":"2018-08-10T11:01:44","guid":{"rendered":"https:\/\/rotary.fi\/klubi2\/?page_id=138"},"modified":"2024-10-21T21:55:18","modified_gmt":"2024-10-21T18:55:18","slug":"vuositeema","status":"publish","type":"page","link":"https:\/\/rotary.fi\/lempaala\/keita-olemme\/vuositeema\/","title":{"rendered":"Vuositeema"},"content":{"rendered":"<p>[et_pb_section fb_built=&#8221;1&#8243; module_class=&#8221;jumbotron-page&#8221; _builder_version=&#8221;4.22.1&#8243; background_image=&#8221;https:\/\/rotary.fi\/lempaala\/wp-content\/uploads\/sites\/243\/2024\/01\/202308262151421-large.jpg&#8221; global_colors_info=&#8221;{}&#8221;][et_pb_row _builder_version=&#8221;4.16&#8243; background_size=&#8221;initial&#8221; background_position=&#8221;top_left&#8221; background_repeat=&#8221;repeat&#8221; global_colors_info=&#8221;{}&#8221;][et_pb_column type=&#8221;4_4&#8243; _builder_version=&#8221;4.16&#8243; custom_padding=&#8221;|||&#8221; global_colors_info=&#8221;{}&#8221; custom_padding__hover=&#8221;|||&#8221;][et_pb_text admin_label=&#8221;P\u00e4\u00e4otsikko&#8221; _builder_version=&#8221;4.16&#8243; text_orientation=&#8221;center&#8221; background_layout=&#8221;dark&#8221; global_colors_info=&#8221;{}&#8221;]<\/p>\n<h1>Vuositeema<\/h1>\n<p>&nbsp;<\/p>\n<p>[\/et_pb_text][\/et_pb_column][\/et_pb_row][\/et_pb_section][et_pb_section fb_built=&#8221;1&#8243; specialty=&#8221;on&#8221; module_class_2=&#8221;sivupalkki&#8221; _builder_version=&#8221;4.16&#8243; global_colors_info=&#8221;{}&#8221;][et_pb_column type=&#8221;2_3&#8243; specialty_columns=&#8221;2&#8243; _builder_version=&#8221;4.16&#8243; custom_padding=&#8221;|||&#8221; global_colors_info=&#8221;{}&#8221; custom_padding__hover=&#8221;|||&#8221;][et_pb_row_inner admin_label=&#8221;Rivi&#8221; _builder_version=&#8221;4.22.1&#8243; global_colors_info=&#8221;{}&#8221;][et_pb_column_inner saved_specialty_column_type=&#8221;2_3&#8243; _builder_version=&#8221;4.16&#8243; custom_padding=&#8221;|||&#8221; custom_css_main_element=&#8221;width:24%!important;&#8221; global_colors_info=&#8221;{}&#8221; custom_padding__hover=&#8221;|||&#8221;][et_pb_image src=&#8221;https:\/\/rotary.fi\/lempaala\/wp-content\/uploads\/sites\/243\/2024\/10\/magicofrotary.png&#8221; title_text=&#8221;MagicOfRotary&#8221; align=&#8221;center&#8221; _builder_version=&#8221;4.27.0&#8243; _module_preset=&#8221;default&#8221; background_enable_image=&#8221;off&#8221; width=&#8221;400%&#8221; min_height=&#8221;100px&#8221; height=&#8221;100px&#8221; max_height=&#8221;150px&#8221; hover_enabled=&#8221;0&#8243; global_colors_info=&#8221;{}&#8221; sticky_enabled=&#8221;0&#8243; custom_padding=&#8221;|0px||||&#8221;][\/et_pb_image][\/et_pb_column_inner][\/et_pb_row_inner][et_pb_row_inner admin_label=&#8221;Rivi&#8221; _builder_version=&#8221;4.16&#8243; global_colors_info=&#8221;{}&#8221;][et_pb_column_inner saved_specialty_column_type=&#8221;2_3&#8243; _builder_version=&#8221;4.16&#8243; custom_padding=&#8221;|||&#8221; global_colors_info=&#8221;{}&#8221; custom_padding__hover=&#8221;|||&#8221;][et_pb_text admin_label=&#8221;Rotary Internationalin vuositeema &#8211; Otsikko&#8221; _builder_version=&#8221;4.16&#8243; text_orientation=&#8221;center&#8221; global_colors_info=&#8221;{}&#8221;]<\/p>\n<h1>Rotary Internationalin vuositeema<\/h1>\n<p>[\/et_pb_text][et_pb_text _builder_version=&#8221;4.16&#8243; global_colors_info=&#8221;{}&#8221;]<\/p>\n<p>Rotary Internationalin kauden 2024\u20132025 presidentin Stephanie Urchickin vuositeema on<\/p>\n<p style=\"text-align: center\"><strong>The Magic of Rotary | Rotaryn taikaa<\/strong><\/p>\n<blockquote>\n<p style=\"text-align: left\">Se on teist\u00e4 kiinni. Te luotte taikoja jokaisella toteutetulla projektilla, jokaisella hyv\u00e4ntekev\u00e4isyyteen ker\u00e4tyll\u00e4 eurolla, ja jokaisen uuden j\u00e4senen kautta.<\/p>\n<\/blockquote>\n<p>&nbsp;<\/p>\n<p>&nbsp;<\/p>\n<p>&nbsp;<\/p>\n<p>&nbsp;<\/p>\n<p>&nbsp;<\/p>\n<p>&nbsp;<\/p>\n<p>&nbsp;<\/p>\n<p>&nbsp;<\/p>\n<p><em>Otsikon taustakuva: Markus Perko<\/em><\/p>\n<p>&nbsp;<\/p>\n<p>[\/et_pb_text][\/et_pb_column_inner][\/et_pb_row_inner][et_pb_row_inner admin_label=&#8221;Rivi&#8221; _builder_version=&#8221;4.16&#8243; global_colors_info=&#8221;{}&#8221;][et_pb_column_inner saved_specialty_column_type=&#8221;2_3&#8243; _builder_version=&#8221;4.16&#8243; custom_padding=&#8221;|||&#8221; global_colors_info=&#8221;{}&#8221; custom_padding__hover=&#8221;|||&#8221;][\/et_pb_column_inner][\/et_pb_row_inner][\/et_pb_column][et_pb_column type=&#8221;1_3&#8243; _builder_version=&#8221;4.16&#8243; custom_padding=&#8221;|||&#8221; global_colors_info=&#8221;{}&#8221; custom_padding__hover=&#8221;|||&#8221;][et_pb_sidebar area=&#8221;sidebar-1&#8243; module_class=&#8221;sivupalkki_sisalto&#8221; _builder_version=&#8221;4.16&#8243; locked=&#8221;on&#8221; global_colors_info=&#8221;{}&#8221;][\/et_pb_sidebar][\/et_pb_column][\/et_pb_section]<\/p>\n","protected":false},"excerpt":{"rendered":"<p>Vuositeema &nbsp; Rotary Internationalin vuositeema Rotary Internationalin kauden 2024\u20132025 presidentin Stephanie Urchickin vuositeema on The Magic of Rotary | Rotaryn taikaa Se on teist\u00e4 kiinni. Te luotte taikoja jokaisella toteutetulla projektilla, jokaisella hyv\u00e4ntekev\u00e4isyyteen ker\u00e4tyll\u00e4 eurolla, ja jokaisen uuden j\u00e4senen kautta. &nbsp; &nbsp; &nbsp; &nbsp; &nbsp; &nbsp; &nbsp; &nbsp; Otsikon taustakuva: Markus Perko &nbsp;<\/p>\n","protected":false},"author":1,"featured_media":0,"parent":129,"menu_order":2,"comment_status":"closed","ping_status":"closed","template":"","meta":{"_acf_changed":false,"_et_pb_use_builder":"on","_et_pb_old_content":"","_et_gb_content_width":"","footnotes":""},"class_list":["post-138","page","type-page","status-publish","hentry"],"acf":[],"yoast_head":"<!-- This site is optimized with the Yoast SEO plugin v27.0 - https:\/\/yoast.com\/product\/yoast-seo-wordpress\/ -->\n<title>Vuositeema - Lemp\u00e4\u00e4l\u00e4n Rotaryklubi<\/title>\n<meta name=\"robots\" content=\"index, follow, max-snippet:-1, max-image-preview:large, max-video-preview:-1\" \/>\n<link rel=\"canonical\" href=\"https:\/\/rotary.fi\/lempaala\/keita-olemme\/vuositeema\/\" \/>\n<meta property=\"og:locale\" content=\"fi_FI\" \/>\n<meta property=\"og:type\" content=\"article\" \/>\n<meta property=\"og:title\" content=\"Vuositeema - Lemp\u00e4\u00e4l\u00e4n Rotaryklubi\" \/>\n<meta property=\"og:description\" content=\"Vuositeema &nbsp; Rotary Internationalin vuositeema Rotary Internationalin kauden 2024\u20132025 presidentin Stephanie Urchickin vuositeema on The Magic of Rotary | Rotaryn taikaa Se on teist\u00e4 kiinni. Te luotte taikoja jokaisella toteutetulla projektilla, jokaisella hyv\u00e4ntekev\u00e4isyyteen ker\u00e4tyll\u00e4 eurolla, ja jokaisen uuden j\u00e4senen kautta. &nbsp; &nbsp; &nbsp; &nbsp; &nbsp; &nbsp; &nbsp; &nbsp; Otsikon taustakuva: Markus Perko &nbsp;\" \/>\n<meta property=\"og:url\" content=\"https:\/\/rotary.fi\/lempaala\/keita-olemme\/vuositeema\/\" \/>\n<meta property=\"og:site_name\" content=\"Lemp\u00e4\u00e4l\u00e4n Rotaryklubi\" \/>\n<meta property=\"article:modified_time\" content=\"2024-10-21T18:55:18+00:00\" \/>\n<meta name=\"twitter:card\" content=\"summary_large_image\" \/>\n<meta name=\"twitter:label1\" content=\"Arvioitu lukuaika\" \/>\n\t<meta name=\"twitter:data1\" content=\"2 minuuttia\" \/>\n<script type=\"application\/ld+json\" class=\"yoast-schema-graph\">{\"@context\":\"https:\/\/schema.org\",\"@graph\":[{\"@type\":\"WebPage\",\"@id\":\"https:\/\/rotary.fi\/lempaala\/keita-olemme\/vuositeema\/\",\"url\":\"https:\/\/rotary.fi\/lempaala\/keita-olemme\/vuositeema\/\",\"name\":\"Vuositeema - Lemp\u00e4\u00e4l\u00e4n Rotaryklubi\",\"isPartOf\":{\"@id\":\"https:\/\/rotary.fi\/lempaala\/#website\"},\"datePublished\":\"2018-08-10T11:01:44+00:00\",\"dateModified\":\"2024-10-21T18:55:18+00:00\",\"breadcrumb\":{\"@id\":\"https:\/\/rotary.fi\/lempaala\/keita-olemme\/vuositeema\/#breadcrumb\"},\"inLanguage\":\"fi\",\"potentialAction\":[{\"@type\":\"ReadAction\",\"target\":[\"https:\/\/rotary.fi\/lempaala\/keita-olemme\/vuositeema\/\"]}]},{\"@type\":\"BreadcrumbList\",\"@id\":\"https:\/\/rotary.fi\/lempaala\/keita-olemme\/vuositeema\/#breadcrumb\",\"itemListElement\":[{\"@type\":\"ListItem\",\"position\":1,\"name\":\"Home\",\"item\":\"https:\/\/rotary.fi\/lempaala\/\"},{\"@type\":\"ListItem\",\"position\":2,\"name\":\"Keit\u00e4 olemme\",\"item\":\"https:\/\/rotary.fi\/lempaala\/keita-olemme\/\"},{\"@type\":\"ListItem\",\"position\":3,\"name\":\"Vuositeema\"}]},{\"@type\":\"WebSite\",\"@id\":\"https:\/\/rotary.fi\/lempaala\/#website\",\"url\":\"https:\/\/rotary.fi\/lempaala\/\",\"name\":\"Lemp\u00e4\u00e4l\u00e4n Rotaryklubi\",\"description\":\"Rotary klubisivusto\",\"potentialAction\":[{\"@type\":\"SearchAction\",\"target\":{\"@type\":\"EntryPoint\",\"urlTemplate\":\"https:\/\/rotary.fi\/lempaala\/?s={search_term_string}\"},\"query-input\":{\"@type\":\"PropertyValueSpecification\",\"valueRequired\":true,\"valueName\":\"search_term_string\"}}],\"inLanguage\":\"fi\"}]}<\/script>\n<!-- \/ Yoast SEO plugin. -->","yoast_head_json":{"title":"Vuositeema - Lemp\u00e4\u00e4l\u00e4n Rotaryklubi","robots":{"index":"index","follow":"follow","max-snippet":"max-snippet:-1","max-image-preview":"max-image-preview:large","max-video-preview":"max-video-preview:-1"},"canonical":"https:\/\/rotary.fi\/lempaala\/keita-olemme\/vuositeema\/","og_locale":"fi_FI","og_type":"article","og_title":"Vuositeema - Lemp\u00e4\u00e4l\u00e4n Rotaryklubi","og_description":"Vuositeema &nbsp; Rotary Internationalin vuositeema Rotary Internationalin kauden 2024\u20132025 presidentin Stephanie Urchickin vuositeema on The Magic of Rotary | Rotaryn taikaa Se on teist\u00e4 kiinni. Te luotte taikoja jokaisella toteutetulla projektilla, jokaisella hyv\u00e4ntekev\u00e4isyyteen ker\u00e4tyll\u00e4 eurolla, ja jokaisen uuden j\u00e4senen kautta. &nbsp; &nbsp; &nbsp; &nbsp; &nbsp; &nbsp; &nbsp; &nbsp; Otsikon taustakuva: Markus Perko &nbsp;","og_url":"https:\/\/rotary.fi\/lempaala\/keita-olemme\/vuositeema\/","og_site_name":"Lemp\u00e4\u00e4l\u00e4n Rotaryklubi","article_modified_time":"2024-10-21T18:55:18+00:00","twitter_card":"summary_large_image","twitter_misc":{"Arvioitu lukuaika":"2 minuuttia"},"schema":{"@context":"https:\/\/schema.org","@graph":[{"@type":"WebPage","@id":"https:\/\/rotary.fi\/lempaala\/keita-olemme\/vuositeema\/","url":"https:\/\/rotary.fi\/lempaala\/keita-olemme\/vuositeema\/","name":"Vuositeema - Lemp\u00e4\u00e4l\u00e4n Rotaryklubi","isPartOf":{"@id":"https:\/\/rotary.fi\/lempaala\/#website"},"datePublished":"2018-08-10T11:01:44+00:00","dateModified":"2024-10-21T18:55:18+00:00","breadcrumb":{"@id":"https:\/\/rotary.fi\/lempaala\/keita-olemme\/vuositeema\/#breadcrumb"},"inLanguage":"fi","potentialAction":[{"@type":"ReadAction","target":["https:\/\/rotary.fi\/lempaala\/keita-olemme\/vuositeema\/"]}]},{"@type":"BreadcrumbList","@id":"https:\/\/rotary.fi\/lempaala\/keita-olemme\/vuositeema\/#breadcrumb","itemListElement":[{"@type":"ListItem","position":1,"name":"Home","item":"https:\/\/rotary.fi\/lempaala\/"},{"@type":"ListItem","position":2,"name":"Keit\u00e4 olemme","item":"https:\/\/rotary.fi\/lempaala\/keita-olemme\/"},{"@type":"ListItem","position":3,"name":"Vuositeema"}]},{"@type":"WebSite","@id":"https:\/\/rotary.fi\/lempaala\/#website","url":"https:\/\/rotary.fi\/lempaala\/","name":"Lemp\u00e4\u00e4l\u00e4n Rotaryklubi","description":"Rotary klubisivusto","potentialAction":[{"@type":"SearchAction","target":{"@type":"EntryPoint","urlTemplate":"https:\/\/rotary.fi\/lempaala\/?s={search_term_string}"},"query-input":{"@type":"PropertyValueSpecification","valueRequired":true,"valueName":"search_term_string"}}],"inLanguage":"fi"}]}},"lang":"fi","translations":{"fi":138,"en":1430,"sv":1573},"pll_sync_post":[],"_links":{"self":[{"href":"https:\/\/rotary.fi\/lempaala\/wp-json\/wp\/v2\/pages\/138","targetHints":{"allow":["GET"]}}],"collection":[{"href":"https:\/\/rotary.fi\/lempaala\/wp-json\/wp\/v2\/pages"}],"about":[{"href":"https:\/\/rotary.fi\/lempaala\/wp-json\/wp\/v2\/types\/page"}],"author":[{"embeddable":true,"href":"https:\/\/rotary.fi\/lempaala\/wp-json\/wp\/v2\/users\/1"}],"replies":[{"embeddable":true,"href":"https:\/\/rotary.fi\/lempaala\/wp-json\/wp\/v2\/comments?post=138"}],"version-history":[{"count":10,"href":"https:\/\/rotary.fi\/lempaala\/wp-json\/wp\/v2\/pages\/138\/revisions"}],"predecessor-version":[{"id":2178,"href":"https:\/\/rotary.fi\/lempaala\/wp-json\/wp\/v2\/pages\/138\/revisions\/2178"}],"up":[{"embeddable":true,"href":"https:\/\/rotary.fi\/lempaala\/wp-json\/wp\/v2\/pages\/129"}],"wp:attachment":[{"href":"https:\/\/rotary.fi\/lempaala\/wp-json\/wp\/v2\/media?parent=138"}],"curies":[{"name":"wp","href":"https:\/\/api.w.org\/{rel}","templated":true}]}}