{"id":2054,"date":"2025-10-26T11:44:05","date_gmt":"2025-10-26T09:44:05","guid":{"rendered":"https:\/\/rotary.fi\/lauttasaari\/?page_id=2054"},"modified":"2025-10-26T11:47:10","modified_gmt":"2025-10-26T09:47:10","slug":"klubin-historiaa","status":"publish","type":"page","link":"https:\/\/rotary.fi\/lauttasaari\/klubin-historiaa\/","title":{"rendered":"Lauttasaaren Rotaryklubin historiaa"},"content":{"rendered":"<table style=\"border: none;border-collapse: collapse;vertical-align: top;padding: 0px\">\n<tbody>\n<tr style=\"vertical-align: top;border: none\">\n<td style=\"text-align: left;border: none;padding: 0px\" width=\"70%\">\n<h4>Lauttasaaren Rotaryklubi 70 vuotta \u2013 yhdess\u00e4 hyv\u00e4n puolesta<\/h4>\n<p>Vuonna 2025 Lauttasaaren Rotaryklubi juhlii 70-vuotista taivaltaan. Klubi perustettiin vuonna 1955 aikana, jolloin Lauttasaari oli nopeasti kasvava ja kehittyv\u00e4 yhteis\u00f6 \u2013 silta mantereelle oli juuri valmistunut ja saarelle muutti runsaasti uusia asukkaita. Tarve yhteis\u00f6llisyydelle ja paikalliselle yhteisty\u00f6lle oli suuri, ja t\u00e4st\u00e4 syntyi ajatus oman rotaryklubin perustamisesta.<\/p>\n<h4>Klubin synty ja perustajaj\u00e4senet<\/h4>\n<p>Lauttasaaren Rotaryklubin perustamiskokous pidettiin vuonna 1955. Klubin taustalla oli joukko aktiivisia ja yhteiskunnallisesti vaikuttavia henkil\u00f6it\u00e4 eri aloilta \u2013 yritysjohtajia, l\u00e4\u00e4k\u00e4reit\u00e4, insin\u00f6\u00f6rej\u00e4, arkkitehteja ja opettajia.<br \/>\nPerustajaj\u00e4seni\u00e4 oli yhteens\u00e4 22, muun muassa professori Einar Englund, arkkitehti Heikki Siren ja toimitusjohtaja Elias Hellberg. Heid\u00e4n tavoitteensa oli tuoda rotarytoiminta osaksi Lauttasaaren el\u00e4m\u00e4\u00e4 ja edist\u00e4\u00e4 yhteis\u00f6n hyvinvointia.<\/p>\n<h4>Toiminnan alkuvuodet<\/h4>\n<p>Klubin toiminta k\u00e4ynnistyi aktiivisesti heti perustamisensa j\u00e4lkeen. J\u00e4senet kokoontuivat viikoittain kuulemaan esitelmi\u00e4, keskustelemaan yhteiskunnallisista aiheista ja suunnittelemaan palveluprojekteja. Alusta alkaen t\u00e4rke\u00e4n\u00e4 pidettiin kansainv\u00e4lisyytt\u00e4 ja yst\u00e4vyytt\u00e4 yli rajojen \u2013 arvoja, jotka ovat s\u00e4ilyneet klubin toiminnan ytimess\u00e4 l\u00e4pi vuosikymmenten.<\/p>\n<h4>Tunnettuja j\u00e4seni\u00e4<\/h4>\n<p>Vuosien varrella Lauttasaaren Rotaryklubissa on ollut monia tunnettuja ja ansioituneita j\u00e4seni\u00e4 eri el\u00e4m\u00e4naloilta \u2013 kulttuurista, liike-el\u00e4m\u00e4st\u00e4 ja tieteest\u00e4. He ovat kukin omalla panoksellaan vaikuttaneet paitsi klubin, my\u00f6s koko Lauttasaaren ja laajemmin Suomen rotarytoiminnan kehitykseen.<\/p>\n<h4>Pienet, mutta t\u00e4rke\u00e4t yksityiskohdat<\/h4>\n<p>Lauttasaaren Rotaryklubi on aina ollut enemm\u00e4n kuin vain kokouspaikka. Se on yhteis\u00f6, joka on sitoutunut tekem\u00e4\u00e4n hyv\u00e4\u00e4 l\u00e4hell\u00e4 ja kaukana \u2013 auttamaan nuoria, tukemaan koulutusta ja edist\u00e4m\u00e4\u00e4n yhteis\u00f6llisyytt\u00e4. Klubin historiaan mahtuu lukemattomia projekteja, tapahtumia ja yst\u00e4vyyksi\u00e4, jotka kertovat rotaryhengen voimasta.<\/p>\n<p>&nbsp;<br \/>\n<a href=\"https:\/\/rotary.fi\/lauttasaari\/wp-content\/uploads\/sites\/267\/2025\/10\/LauttasaarenRotary70v.pdf\">Lataa t\u00e4st\u00e4 Ville Elomaan alkuper\u00e4inen esitelm\u00e4<\/a><\/td>\n<td style=\"text-align: left;border: none;padding: 0px\" width=\"30%\"><img loading=\"lazy\" decoding=\"async\" class=\"alignnone size-medium wp-image-1964\" src=\"https:\/\/rotary.fi\/lauttasaari\/wp-content\/uploads\/sites\/267\/2025\/10\/nayttokuva-2025-10-9-kello-191636-1-300x209.png\" alt=\"\" width=\"300\" height=\"209\" \/> <img decoding=\"async\" loading=\"lazy\" class=\"alignnone size-medium wp-image-1963\" src=\"https:\/\/rotary.fi\/lauttasaari\/wp-content\/uploads\/sites\/267\/2025\/10\/nayttokuva-2025-10-9-kello-191903-300x220.png\" alt=\"\" width=\"300\" height=\"220\" \/> <img decoding=\"async\" loading=\"lazy\" class=\"alignnone size-medium wp-image-1962\" src=\"https:\/\/rotary.fi\/lauttasaari\/wp-content\/uploads\/sites\/267\/2025\/10\/nayttokuva-2025-10-9-kello-191838-300x127.png\" alt=\"\" width=\"300\" height=\"127\" \/> <img decoding=\"async\" loading=\"lazy\" class=\"alignnone size-medium wp-image-1961\" src=\"https:\/\/rotary.fi\/lauttasaari\/wp-content\/uploads\/sites\/267\/2025\/10\/nayttokuva-2025-10-9-kello-191822-300x184.png\" alt=\"\" width=\"300\" height=\"184\" \/><\/p>\n<p><img decoding=\"async\" loading=\"lazy\" class=\"alignnone size-medium wp-image-1960\" src=\"https:\/\/rotary.fi\/lauttasaari\/wp-content\/uploads\/sites\/267\/2025\/10\/nayttokuva-2025-10-9-kello-191805-300x241.png\" alt=\"\" width=\"300\" height=\"241\" \/> <img decoding=\"async\" loading=\"lazy\" class=\"alignnone size-medium wp-image-1959\" src=\"https:\/\/rotary.fi\/lauttasaari\/wp-content\/uploads\/sites\/267\/2025\/10\/nayttokuva-2025-10-9-kello-191747-300x158.png\" alt=\"\" width=\"300\" height=\"158\" srcset=\"https:\/\/rotary.fi\/lauttasaari\/wp-content\/uploads\/sites\/267\/2025\/10\/nayttokuva-2025-10-9-kello-191747-300x158.png 300w, https:\/\/rotary.fi\/lauttasaari\/wp-content\/uploads\/sites\/267\/2025\/10\/nayttokuva-2025-10-9-kello-191747-1024x539.png 1024w, https:\/\/rotary.fi\/lauttasaari\/wp-content\/uploads\/sites\/267\/2025\/10\/nayttokuva-2025-10-9-kello-191747-768x404.png 768w, https:\/\/rotary.fi\/lauttasaari\/wp-content\/uploads\/sites\/267\/2025\/10\/nayttokuva-2025-10-9-kello-191747-1536x808.png 1536w, https:\/\/rotary.fi\/lauttasaari\/wp-content\/uploads\/sites\/267\/2025\/10\/nayttokuva-2025-10-9-kello-191747.png 2048w\" sizes=\"(max-width: 300px) 100vw, 300px\" \/> <img decoding=\"async\" loading=\"lazy\" class=\"alignnone size-medium wp-image-1958\" src=\"https:\/\/rotary.fi\/lauttasaari\/wp-content\/uploads\/sites\/267\/2025\/10\/nayttokuva-2025-10-9-kello-191721-300x215.png\" alt=\"\" width=\"300\" height=\"215\" \/> <img decoding=\"async\" loading=\"lazy\" class=\"alignnone size-medium wp-image-1957\" src=\"https:\/\/rotary.fi\/lauttasaari\/wp-content\/uploads\/sites\/267\/2025\/10\/nayttokuva-2025-10-9-kello-191704-300x235.png\" alt=\"\" width=\"300\" height=\"235\" \/> <img decoding=\"async\" loading=\"lazy\" class=\"alignnone size-medium wp-image-1956\" src=\"https:\/\/rotary.fi\/lauttasaari\/wp-content\/uploads\/sites\/267\/2025\/10\/nayttokuva-2025-10-9-kello-191650-300x216.png\" alt=\"\" width=\"300\" height=\"216\" \/><\/td>\n<\/tr>\n<\/tbody>\n<\/table>\n","protected":false},"excerpt":{"rendered":"<p>Lauttasaaren Rotaryklubi 70 vuotta \u2013 yhdess\u00e4 hyv\u00e4n puolesta Vuonna 2025 Lauttasaaren Rotaryklubi juhlii 70-vuotista taivaltaan. Klubi perustettiin vuonna 1955 aikana, jolloin Lauttasaari oli nopeasti kasvava ja kehittyv\u00e4 yhteis\u00f6 \u2013 silta mantereelle oli juuri valmistunut ja saarelle muutti runsaasti uusia asukkaita. Tarve yhteis\u00f6llisyydelle ja paikalliselle yhteisty\u00f6lle oli suuri, ja t\u00e4st\u00e4 syntyi ajatus oman rotaryklubin perustamisesta. Klubin [&hellip;]<\/p>\n","protected":false},"author":830,"featured_media":0,"parent":0,"menu_order":0,"comment_status":"closed","ping_status":"closed","template":"","meta":{"_acf_changed":false,"_et_pb_use_builder":"","_et_pb_old_content":"","_et_gb_content_width":"","footnotes":""},"class_list":["post-2054","page","type-page","status-publish","hentry"],"acf":[],"yoast_head":"<!-- This site is optimized with the Yoast SEO plugin v27.4 - https:\/\/yoast.com\/product\/yoast-seo-wordpress\/ -->\n<title>Lauttasaaren Rotaryklubin historiaa - Lauttasaaren Rotaryklubi<\/title>\n<meta name=\"robots\" content=\"index, follow, max-snippet:-1, max-image-preview:large, max-video-preview:-1\" \/>\n<link rel=\"canonical\" href=\"https:\/\/rotary.fi\/lauttasaari\/klubin-historiaa\/\" \/>\n<meta property=\"og:locale\" content=\"fi_FI\" \/>\n<meta property=\"og:type\" content=\"article\" \/>\n<meta property=\"og:title\" content=\"Lauttasaaren Rotaryklubin historiaa - Lauttasaaren Rotaryklubi\" \/>\n<meta property=\"og:description\" content=\"Lauttasaaren Rotaryklubi 70 vuotta \u2013 yhdess\u00e4 hyv\u00e4n puolesta Vuonna 2025 Lauttasaaren Rotaryklubi juhlii 70-vuotista taivaltaan. Klubi perustettiin vuonna 1955 aikana, jolloin Lauttasaari oli nopeasti kasvava ja kehittyv\u00e4 yhteis\u00f6 \u2013 silta mantereelle oli juuri valmistunut ja saarelle muutti runsaasti uusia asukkaita. Tarve yhteis\u00f6llisyydelle ja paikalliselle yhteisty\u00f6lle oli suuri, ja t\u00e4st\u00e4 syntyi ajatus oman rotaryklubin perustamisesta. Klubin [&hellip;]\" \/>\n<meta property=\"og:url\" content=\"https:\/\/rotary.fi\/lauttasaari\/klubin-historiaa\/\" \/>\n<meta property=\"og:site_name\" content=\"Lauttasaaren Rotaryklubi\" \/>\n<meta property=\"article:modified_time\" content=\"2025-10-26T09:47:10+00:00\" \/>\n<meta property=\"og:image\" content=\"https:\/\/rotary.fi\/lauttasaari\/wp-content\/uploads\/sites\/267\/2025\/10\/nayttokuva-2025-10-9-kello-191636-1-1024x714.png\" \/>\n\t<meta property=\"og:image:width\" content=\"1024\" \/>\n\t<meta property=\"og:image:height\" content=\"714\" \/>\n\t<meta property=\"og:image:type\" content=\"image\/png\" \/>\n<meta name=\"twitter:card\" content=\"summary_large_image\" \/>\n<meta name=\"twitter:label1\" content=\"Arvioitu lukuaika\" \/>\n\t<meta name=\"twitter:data1\" content=\"4 minuuttia\" \/>\n<script type=\"application\/ld+json\" class=\"yoast-schema-graph\">{\"@context\":\"https:\\\/\\\/schema.org\",\"@graph\":[{\"@type\":\"WebPage\",\"@id\":\"https:\\\/\\\/rotary.fi\\\/lauttasaari\\\/klubin-historiaa\\\/\",\"url\":\"https:\\\/\\\/rotary.fi\\\/lauttasaari\\\/klubin-historiaa\\\/\",\"name\":\"Lauttasaaren Rotaryklubin historiaa - Lauttasaaren Rotaryklubi\",\"isPartOf\":{\"@id\":\"https:\\\/\\\/rotary.fi\\\/lauttasaari\\\/#website\"},\"primaryImageOfPage\":{\"@id\":\"https:\\\/\\\/rotary.fi\\\/lauttasaari\\\/klubin-historiaa\\\/#primaryimage\"},\"image\":{\"@id\":\"https:\\\/\\\/rotary.fi\\\/lauttasaari\\\/klubin-historiaa\\\/#primaryimage\"},\"thumbnailUrl\":\"https:\\\/\\\/rotary.fi\\\/lauttasaari\\\/wp-content\\\/uploads\\\/sites\\\/267\\\/2025\\\/10\\\/nayttokuva-2025-10-9-kello-191636-1-300x209.png\",\"datePublished\":\"2025-10-26T09:44:05+00:00\",\"dateModified\":\"2025-10-26T09:47:10+00:00\",\"breadcrumb\":{\"@id\":\"https:\\\/\\\/rotary.fi\\\/lauttasaari\\\/klubin-historiaa\\\/#breadcrumb\"},\"inLanguage\":\"fi\",\"potentialAction\":[{\"@type\":\"ReadAction\",\"target\":[\"https:\\\/\\\/rotary.fi\\\/lauttasaari\\\/klubin-historiaa\\\/\"]}]},{\"@type\":\"ImageObject\",\"inLanguage\":\"fi\",\"@id\":\"https:\\\/\\\/rotary.fi\\\/lauttasaari\\\/klubin-historiaa\\\/#primaryimage\",\"url\":\"https:\\\/\\\/rotary.fi\\\/lauttasaari\\\/wp-content\\\/uploads\\\/sites\\\/267\\\/2025\\\/10\\\/nayttokuva-2025-10-9-kello-191636-1.png\",\"contentUrl\":\"https:\\\/\\\/rotary.fi\\\/lauttasaari\\\/wp-content\\\/uploads\\\/sites\\\/267\\\/2025\\\/10\\\/nayttokuva-2025-10-9-kello-191636-1.png\",\"width\":1900,\"height\":1324},{\"@type\":\"BreadcrumbList\",\"@id\":\"https:\\\/\\\/rotary.fi\\\/lauttasaari\\\/klubin-historiaa\\\/#breadcrumb\",\"itemListElement\":[{\"@type\":\"ListItem\",\"position\":1,\"name\":\"Home\",\"item\":\"https:\\\/\\\/rotary.fi\\\/lauttasaari\\\/\"},{\"@type\":\"ListItem\",\"position\":2,\"name\":\"Lauttasaaren Rotaryklubin historiaa\"}]},{\"@type\":\"WebSite\",\"@id\":\"https:\\\/\\\/rotary.fi\\\/lauttasaari\\\/#website\",\"url\":\"https:\\\/\\\/rotary.fi\\\/lauttasaari\\\/\",\"name\":\"Lauttasaaren Rotaryklubi\",\"description\":\"Uusi Rotary klubisivusto\",\"potentialAction\":[{\"@type\":\"SearchAction\",\"target\":{\"@type\":\"EntryPoint\",\"urlTemplate\":\"https:\\\/\\\/rotary.fi\\\/lauttasaari\\\/?s={search_term_string}\"},\"query-input\":{\"@type\":\"PropertyValueSpecification\",\"valueRequired\":true,\"valueName\":\"search_term_string\"}}],\"inLanguage\":\"fi\"}]}<\/script>\n<!-- \/ Yoast SEO plugin. -->","yoast_head_json":{"title":"Lauttasaaren Rotaryklubin historiaa - Lauttasaaren Rotaryklubi","robots":{"index":"index","follow":"follow","max-snippet":"max-snippet:-1","max-image-preview":"max-image-preview:large","max-video-preview":"max-video-preview:-1"},"canonical":"https:\/\/rotary.fi\/lauttasaari\/klubin-historiaa\/","og_locale":"fi_FI","og_type":"article","og_title":"Lauttasaaren Rotaryklubin historiaa - Lauttasaaren Rotaryklubi","og_description":"Lauttasaaren Rotaryklubi 70 vuotta \u2013 yhdess\u00e4 hyv\u00e4n puolesta Vuonna 2025 Lauttasaaren Rotaryklubi juhlii 70-vuotista taivaltaan. Klubi perustettiin vuonna 1955 aikana, jolloin Lauttasaari oli nopeasti kasvava ja kehittyv\u00e4 yhteis\u00f6 \u2013 silta mantereelle oli juuri valmistunut ja saarelle muutti runsaasti uusia asukkaita. Tarve yhteis\u00f6llisyydelle ja paikalliselle yhteisty\u00f6lle oli suuri, ja t\u00e4st\u00e4 syntyi ajatus oman rotaryklubin perustamisesta. Klubin [&hellip;]","og_url":"https:\/\/rotary.fi\/lauttasaari\/klubin-historiaa\/","og_site_name":"Lauttasaaren Rotaryklubi","article_modified_time":"2025-10-26T09:47:10+00:00","og_image":[{"width":1024,"height":714,"url":"https:\/\/rotary.fi\/lauttasaari\/wp-content\/uploads\/sites\/267\/2025\/10\/nayttokuva-2025-10-9-kello-191636-1-1024x714.png","type":"image\/png"}],"twitter_card":"summary_large_image","twitter_misc":{"Arvioitu lukuaika":"4 minuuttia"},"schema":{"@context":"https:\/\/schema.org","@graph":[{"@type":"WebPage","@id":"https:\/\/rotary.fi\/lauttasaari\/klubin-historiaa\/","url":"https:\/\/rotary.fi\/lauttasaari\/klubin-historiaa\/","name":"Lauttasaaren Rotaryklubin historiaa - Lauttasaaren Rotaryklubi","isPartOf":{"@id":"https:\/\/rotary.fi\/lauttasaari\/#website"},"primaryImageOfPage":{"@id":"https:\/\/rotary.fi\/lauttasaari\/klubin-historiaa\/#primaryimage"},"image":{"@id":"https:\/\/rotary.fi\/lauttasaari\/klubin-historiaa\/#primaryimage"},"thumbnailUrl":"https:\/\/rotary.fi\/lauttasaari\/wp-content\/uploads\/sites\/267\/2025\/10\/nayttokuva-2025-10-9-kello-191636-1-300x209.png","datePublished":"2025-10-26T09:44:05+00:00","dateModified":"2025-10-26T09:47:10+00:00","breadcrumb":{"@id":"https:\/\/rotary.fi\/lauttasaari\/klubin-historiaa\/#breadcrumb"},"inLanguage":"fi","potentialAction":[{"@type":"ReadAction","target":["https:\/\/rotary.fi\/lauttasaari\/klubin-historiaa\/"]}]},{"@type":"ImageObject","inLanguage":"fi","@id":"https:\/\/rotary.fi\/lauttasaari\/klubin-historiaa\/#primaryimage","url":"https:\/\/rotary.fi\/lauttasaari\/wp-content\/uploads\/sites\/267\/2025\/10\/nayttokuva-2025-10-9-kello-191636-1.png","contentUrl":"https:\/\/rotary.fi\/lauttasaari\/wp-content\/uploads\/sites\/267\/2025\/10\/nayttokuva-2025-10-9-kello-191636-1.png","width":1900,"height":1324},{"@type":"BreadcrumbList","@id":"https:\/\/rotary.fi\/lauttasaari\/klubin-historiaa\/#breadcrumb","itemListElement":[{"@type":"ListItem","position":1,"name":"Home","item":"https:\/\/rotary.fi\/lauttasaari\/"},{"@type":"ListItem","position":2,"name":"Lauttasaaren Rotaryklubin historiaa"}]},{"@type":"WebSite","@id":"https:\/\/rotary.fi\/lauttasaari\/#website","url":"https:\/\/rotary.fi\/lauttasaari\/","name":"Lauttasaaren Rotaryklubi","description":"Uusi Rotary klubisivusto","potentialAction":[{"@type":"SearchAction","target":{"@type":"EntryPoint","urlTemplate":"https:\/\/rotary.fi\/lauttasaari\/?s={search_term_string}"},"query-input":{"@type":"PropertyValueSpecification","valueRequired":true,"valueName":"search_term_string"}}],"inLanguage":"fi"}]}},"lang":"fi","translations":{"fi":2054},"pll_sync_post":[],"_links":{"self":[{"href":"https:\/\/rotary.fi\/lauttasaari\/wp-json\/wp\/v2\/pages\/2054","targetHints":{"allow":["GET"]}}],"collection":[{"href":"https:\/\/rotary.fi\/lauttasaari\/wp-json\/wp\/v2\/pages"}],"about":[{"href":"https:\/\/rotary.fi\/lauttasaari\/wp-json\/wp\/v2\/types\/page"}],"author":[{"embeddable":true,"href":"https:\/\/rotary.fi\/lauttasaari\/wp-json\/wp\/v2\/users\/830"}],"replies":[{"embeddable":true,"href":"https:\/\/rotary.fi\/lauttasaari\/wp-json\/wp\/v2\/comments?post=2054"}],"version-history":[{"count":3,"href":"https:\/\/rotary.fi\/lauttasaari\/wp-json\/wp\/v2\/pages\/2054\/revisions"}],"predecessor-version":[{"id":2058,"href":"https:\/\/rotary.fi\/lauttasaari\/wp-json\/wp\/v2\/pages\/2054\/revisions\/2058"}],"wp:attachment":[{"href":"https:\/\/rotary.fi\/lauttasaari\/wp-json\/wp\/v2\/media?parent=2054"}],"curies":[{"name":"wp","href":"https:\/\/api.w.org\/{rel}","templated":true}]}}