{"id":1912,"date":"2025-09-28T17:41:47","date_gmt":"2025-09-28T14:41:47","guid":{"rendered":"https:\/\/rotary.fi\/lauttasaari\/?page_id=1912"},"modified":"2025-10-26T20:54:22","modified_gmt":"2025-10-26T18:54:22","slug":"lauttasaaren-senioritalo","status":"publish","type":"page","link":"https:\/\/rotary.fi\/lauttasaari\/lauttasaaren-senioritalo\/","title":{"rendered":"Lauttasaaren senioritalo"},"content":{"rendered":"<p>[et_pb_section fb_built=&#8221;1&#8243; module_class=&#8221;jumbotron-page&#8221; _builder_version=&#8221;4.27.4&#8243; background_image=&#8221;https:\/\/rotary.fi\/lauttasaari\/wp-content\/uploads\/sites\/267\/2025\/09\/cropped-kalatiira.jpg&#8221; global_colors_info=&#8221;{}&#8221;][et_pb_row _builder_version=&#8221;4.16&#8243; background_size=&#8221;initial&#8221; background_position=&#8221;top_left&#8221; background_repeat=&#8221;repeat&#8221; global_colors_info=&#8221;{}&#8221;][et_pb_column type=&#8221;4_4&#8243; _builder_version=&#8221;4.16&#8243; custom_padding=&#8221;|||&#8221; global_colors_info=&#8221;{}&#8221; custom_padding__hover=&#8221;|||&#8221;][et_pb_text admin_label=&#8221;P\u00e4\u00e4otsikko&#8221; _builder_version=&#8221;4.16&#8243; text_orientation=&#8221;center&#8221; background_layout=&#8221;dark&#8221; global_colors_info=&#8221;{}&#8221;]<\/p>\n<h1>Lauttasaaren senioritalo<\/h1>\n<p>[\/et_pb_text][\/et_pb_column][\/et_pb_row][\/et_pb_section][et_pb_section fb_built=&#8221;1&#8243; specialty=&#8221;on&#8221; module_class_2=&#8221;sivupalkki&#8221; _builder_version=&#8221;4.16&#8243; global_colors_info=&#8221;{}&#8221;][et_pb_column type=&#8221;2_3&#8243; specialty_columns=&#8221;2&#8243; _builder_version=&#8221;4.16&#8243; custom_padding=&#8221;|||&#8221; global_colors_info=&#8221;{}&#8221; custom_padding__hover=&#8221;|||&#8221;][et_pb_row_inner admin_label=&#8221;Rivi&#8221; _builder_version=&#8221;4.16&#8243; global_colors_info=&#8221;{}&#8221;][et_pb_column_inner saved_specialty_column_type=&#8221;2_3&#8243; _builder_version=&#8221;4.16&#8243; custom_padding=&#8221;|||&#8221; global_colors_info=&#8221;{}&#8221; custom_padding__hover=&#8221;|||&#8221;][et_pb_text _builder_version=&#8221;4.16&#8243; global_colors_info=&#8221;{}&#8221;]<\/p>\n<p>&nbsp;<\/p>\n<p><span><a href=\"https:\/\/www.lauttasaarensenioritalo.fi\/\">Lauttasaaren vanhustentalos\u00e4\u00e4ti\u00f6<\/a> perustettiin 28.4.1971. Lauttasaaren vanhustentalos\u00e4\u00e4ti\u00f6n toiminnan tarkoituksena on tarjota ik\u00e4\u00e4ntyville helsinkil\u00e4isille palveluasumista yll\u00e4pit\u00e4m\u00e4ll\u00e4 Lauttasaaren senioritaloa, jonka toiminta alkoi vuonna 1975.<\/span><\/p>\n<p>\u00a0Lauttasaaren Rotaryklubi on yksi s\u00e4\u00e4ti\u00f6n perustajayhteis\u00f6ist\u00e4.<\/p>\n<p>[\/et_pb_text][\/et_pb_column_inner][\/et_pb_row_inner][\/et_pb_column][et_pb_column type=&#8221;1_3&#8243; _builder_version=&#8221;4.16&#8243; custom_padding=&#8221;|||&#8221; global_colors_info=&#8221;{}&#8221; custom_padding__hover=&#8221;|||&#8221;][et_pb_sidebar area=&#8221;sidebar-1&#8243; module_class=&#8221;sivupalkki_sisalto&#8221; _builder_version=&#8221;4.16&#8243; locked=&#8221;on&#8221; global_colors_info=&#8221;{}&#8221;]<\/p>\n<p>[\/et_pb_sidebar][\/et_pb_column][\/et_pb_section]<\/p>\n","protected":false},"excerpt":{"rendered":"<p>Lauttasaaren senioritalo&nbsp; Lauttasaaren vanhustentalos\u00e4\u00e4ti\u00f6 perustettiin 28.4.1971. Lauttasaaren vanhustentalos\u00e4\u00e4ti\u00f6n toiminnan tarkoituksena on tarjota ik\u00e4\u00e4ntyville helsinkil\u00e4isille palveluasumista yll\u00e4pit\u00e4m\u00e4ll\u00e4 Lauttasaaren senioritaloa, jonka toiminta alkoi vuonna 1975. \u00a0Lauttasaaren Rotaryklubi on yksi s\u00e4\u00e4ti\u00f6n perustajayhteis\u00f6ist\u00e4.<\/p>\n","protected":false},"author":830,"featured_media":0,"parent":0,"menu_order":1,"comment_status":"closed","ping_status":"closed","template":"","meta":{"_acf_changed":false,"_et_pb_use_builder":"on","_et_pb_old_content":"","_et_gb_content_width":"","footnotes":""},"class_list":["post-1912","page","type-page","status-publish","hentry"],"acf":[],"yoast_head":"<!-- This site is optimized with the Yoast SEO plugin v27.0 - https:\/\/yoast.com\/product\/yoast-seo-wordpress\/ -->\n<title>Lauttasaaren senioritalo - Lauttasaaren Rotaryklubi<\/title>\n<meta name=\"robots\" content=\"index, follow, max-snippet:-1, max-image-preview:large, max-video-preview:-1\" \/>\n<link rel=\"canonical\" href=\"https:\/\/rotary.fi\/lauttasaari\/lauttasaaren-senioritalo\/\" \/>\n<meta property=\"og:locale\" content=\"fi_FI\" \/>\n<meta property=\"og:type\" content=\"article\" \/>\n<meta property=\"og:title\" content=\"Lauttasaaren senioritalo - Lauttasaaren Rotaryklubi\" \/>\n<meta property=\"og:description\" content=\"Lauttasaaren senioritalo&nbsp; Lauttasaaren vanhustentalos\u00e4\u00e4ti\u00f6 perustettiin 28.4.1971. Lauttasaaren vanhustentalos\u00e4\u00e4ti\u00f6n toiminnan tarkoituksena on tarjota ik\u00e4\u00e4ntyville helsinkil\u00e4isille palveluasumista yll\u00e4pit\u00e4m\u00e4ll\u00e4 Lauttasaaren senioritaloa, jonka toiminta alkoi vuonna 1975. \u00a0Lauttasaaren Rotaryklubi on yksi s\u00e4\u00e4ti\u00f6n perustajayhteis\u00f6ist\u00e4.\" \/>\n<meta property=\"og:url\" content=\"https:\/\/rotary.fi\/lauttasaari\/lauttasaaren-senioritalo\/\" \/>\n<meta property=\"og:site_name\" content=\"Lauttasaaren Rotaryklubi\" \/>\n<meta property=\"article:modified_time\" content=\"2025-10-26T18:54:22+00:00\" \/>\n<meta name=\"twitter:card\" content=\"summary_large_image\" \/>\n<meta name=\"twitter:label1\" content=\"Arvioitu lukuaika\" \/>\n\t<meta name=\"twitter:data1\" content=\"2 minuuttia\" \/>\n<script type=\"application\/ld+json\" class=\"yoast-schema-graph\">{\"@context\":\"https:\/\/schema.org\",\"@graph\":[{\"@type\":\"WebPage\",\"@id\":\"https:\/\/rotary.fi\/lauttasaari\/lauttasaaren-senioritalo\/\",\"url\":\"https:\/\/rotary.fi\/lauttasaari\/lauttasaaren-senioritalo\/\",\"name\":\"Lauttasaaren senioritalo - Lauttasaaren Rotaryklubi\",\"isPartOf\":{\"@id\":\"https:\/\/rotary.fi\/lauttasaari\/#website\"},\"datePublished\":\"2025-09-28T14:41:47+00:00\",\"dateModified\":\"2025-10-26T18:54:22+00:00\",\"breadcrumb\":{\"@id\":\"https:\/\/rotary.fi\/lauttasaari\/lauttasaaren-senioritalo\/#breadcrumb\"},\"inLanguage\":\"fi\",\"potentialAction\":[{\"@type\":\"ReadAction\",\"target\":[\"https:\/\/rotary.fi\/lauttasaari\/lauttasaaren-senioritalo\/\"]}]},{\"@type\":\"BreadcrumbList\",\"@id\":\"https:\/\/rotary.fi\/lauttasaari\/lauttasaaren-senioritalo\/#breadcrumb\",\"itemListElement\":[{\"@type\":\"ListItem\",\"position\":1,\"name\":\"Home\",\"item\":\"https:\/\/rotary.fi\/lauttasaari\/\"},{\"@type\":\"ListItem\",\"position\":2,\"name\":\"Lauttasaaren senioritalo\"}]},{\"@type\":\"WebSite\",\"@id\":\"https:\/\/rotary.fi\/lauttasaari\/#website\",\"url\":\"https:\/\/rotary.fi\/lauttasaari\/\",\"name\":\"Lauttasaaren Rotaryklubi\",\"description\":\"Uusi Rotary klubisivusto\",\"potentialAction\":[{\"@type\":\"SearchAction\",\"target\":{\"@type\":\"EntryPoint\",\"urlTemplate\":\"https:\/\/rotary.fi\/lauttasaari\/?s={search_term_string}\"},\"query-input\":{\"@type\":\"PropertyValueSpecification\",\"valueRequired\":true,\"valueName\":\"search_term_string\"}}],\"inLanguage\":\"fi\"}]}<\/script>\n<!-- \/ Yoast SEO plugin. -->","yoast_head_json":{"title":"Lauttasaaren senioritalo - Lauttasaaren Rotaryklubi","robots":{"index":"index","follow":"follow","max-snippet":"max-snippet:-1","max-image-preview":"max-image-preview:large","max-video-preview":"max-video-preview:-1"},"canonical":"https:\/\/rotary.fi\/lauttasaari\/lauttasaaren-senioritalo\/","og_locale":"fi_FI","og_type":"article","og_title":"Lauttasaaren senioritalo - Lauttasaaren Rotaryklubi","og_description":"Lauttasaaren senioritalo&nbsp; Lauttasaaren vanhustentalos\u00e4\u00e4ti\u00f6 perustettiin 28.4.1971. Lauttasaaren vanhustentalos\u00e4\u00e4ti\u00f6n toiminnan tarkoituksena on tarjota ik\u00e4\u00e4ntyville helsinkil\u00e4isille palveluasumista yll\u00e4pit\u00e4m\u00e4ll\u00e4 Lauttasaaren senioritaloa, jonka toiminta alkoi vuonna 1975. \u00a0Lauttasaaren Rotaryklubi on yksi s\u00e4\u00e4ti\u00f6n perustajayhteis\u00f6ist\u00e4.","og_url":"https:\/\/rotary.fi\/lauttasaari\/lauttasaaren-senioritalo\/","og_site_name":"Lauttasaaren Rotaryklubi","article_modified_time":"2025-10-26T18:54:22+00:00","twitter_card":"summary_large_image","twitter_misc":{"Arvioitu lukuaika":"2 minuuttia"},"schema":{"@context":"https:\/\/schema.org","@graph":[{"@type":"WebPage","@id":"https:\/\/rotary.fi\/lauttasaari\/lauttasaaren-senioritalo\/","url":"https:\/\/rotary.fi\/lauttasaari\/lauttasaaren-senioritalo\/","name":"Lauttasaaren senioritalo - Lauttasaaren Rotaryklubi","isPartOf":{"@id":"https:\/\/rotary.fi\/lauttasaari\/#website"},"datePublished":"2025-09-28T14:41:47+00:00","dateModified":"2025-10-26T18:54:22+00:00","breadcrumb":{"@id":"https:\/\/rotary.fi\/lauttasaari\/lauttasaaren-senioritalo\/#breadcrumb"},"inLanguage":"fi","potentialAction":[{"@type":"ReadAction","target":["https:\/\/rotary.fi\/lauttasaari\/lauttasaaren-senioritalo\/"]}]},{"@type":"BreadcrumbList","@id":"https:\/\/rotary.fi\/lauttasaari\/lauttasaaren-senioritalo\/#breadcrumb","itemListElement":[{"@type":"ListItem","position":1,"name":"Home","item":"https:\/\/rotary.fi\/lauttasaari\/"},{"@type":"ListItem","position":2,"name":"Lauttasaaren senioritalo"}]},{"@type":"WebSite","@id":"https:\/\/rotary.fi\/lauttasaari\/#website","url":"https:\/\/rotary.fi\/lauttasaari\/","name":"Lauttasaaren Rotaryklubi","description":"Uusi Rotary klubisivusto","potentialAction":[{"@type":"SearchAction","target":{"@type":"EntryPoint","urlTemplate":"https:\/\/rotary.fi\/lauttasaari\/?s={search_term_string}"},"query-input":{"@type":"PropertyValueSpecification","valueRequired":true,"valueName":"search_term_string"}}],"inLanguage":"fi"}]}},"lang":"fi","translations":{"fi":1912},"pll_sync_post":[],"_links":{"self":[{"href":"https:\/\/rotary.fi\/lauttasaari\/wp-json\/wp\/v2\/pages\/1912","targetHints":{"allow":["GET"]}}],"collection":[{"href":"https:\/\/rotary.fi\/lauttasaari\/wp-json\/wp\/v2\/pages"}],"about":[{"href":"https:\/\/rotary.fi\/lauttasaari\/wp-json\/wp\/v2\/types\/page"}],"author":[{"embeddable":true,"href":"https:\/\/rotary.fi\/lauttasaari\/wp-json\/wp\/v2\/users\/830"}],"replies":[{"embeddable":true,"href":"https:\/\/rotary.fi\/lauttasaari\/wp-json\/wp\/v2\/comments?post=1912"}],"version-history":[{"count":6,"href":"https:\/\/rotary.fi\/lauttasaari\/wp-json\/wp\/v2\/pages\/1912\/revisions"}],"predecessor-version":[{"id":2086,"href":"https:\/\/rotary.fi\/lauttasaari\/wp-json\/wp\/v2\/pages\/1912\/revisions\/2086"}],"wp:attachment":[{"href":"https:\/\/rotary.fi\/lauttasaari\/wp-json\/wp\/v2\/media?parent=1912"}],"curies":[{"name":"wp","href":"https:\/\/api.w.org\/{rel}","templated":true}]}}