{"id":160,"date":"2018-08-13T09:49:16","date_gmt":"2018-08-13T06:49:16","guid":{"rendered":"https:\/\/rotary.fi\/lauttasaari\/?page_id=160"},"modified":"2025-10-26T20:51:01","modified_gmt":"2025-10-26T18:51:01","slug":"yhteiset-projektit","status":"publish","type":"page","link":"https:\/\/rotary.fi\/lauttasaari\/mita-teemme\/yhteiset-projektit\/","title":{"rendered":"Yhteiset projektit"},"content":{"rendered":"<p>[et_pb_section fb_built=&#8221;1&#8243; module_class=&#8221;jumbotron-page&#8221; _builder_version=&#8221;4.27.4&#8243; background_image=&#8221;https:\/\/rotary.fi\/lauttasaari\/wp-content\/uploads\/sites\/267\/2025\/09\/cropped-kalatiira.jpg&#8221; global_colors_info=&#8221;{}&#8221;][et_pb_row _builder_version=&#8221;4.16&#8243; background_size=&#8221;initial&#8221; background_position=&#8221;top_left&#8221; background_repeat=&#8221;repeat&#8221; global_colors_info=&#8221;{}&#8221;][et_pb_column type=&#8221;4_4&#8243; _builder_version=&#8221;4.16&#8243; custom_padding=&#8221;|||&#8221; global_colors_info=&#8221;{}&#8221; custom_padding__hover=&#8221;|||&#8221;][et_pb_text admin_label=&#8221;P\u00e4\u00e4otsikko&#8221; _builder_version=&#8221;4.16&#8243; text_orientation=&#8221;center&#8221; background_layout=&#8221;dark&#8221; global_colors_info=&#8221;{}&#8221;]<\/p>\n<h1>Yhteiset projektit<\/h1>\n<p>[\/et_pb_text][\/et_pb_column][\/et_pb_row][\/et_pb_section][et_pb_section fb_built=&#8221;1&#8243; specialty=&#8221;on&#8221; module_class_2=&#8221;sivupalkki&#8221; _builder_version=&#8221;4.16&#8243; global_colors_info=&#8221;{}&#8221;][et_pb_column type=&#8221;2_3&#8243; specialty_columns=&#8221;2&#8243; _builder_version=&#8221;4.16&#8243; custom_padding=&#8221;|||&#8221; global_colors_info=&#8221;{}&#8221; custom_padding__hover=&#8221;|||&#8221;][et_pb_row_inner admin_label=&#8221;Rivi&#8221; _builder_version=&#8221;4.16&#8243; global_colors_info=&#8221;{}&#8221;][et_pb_column_inner saved_specialty_column_type=&#8221;2_3&#8243; _builder_version=&#8221;4.16&#8243; custom_padding=&#8221;|||&#8221; global_colors_info=&#8221;{}&#8221; custom_padding__hover=&#8221;|||&#8221;][et_pb_text _builder_version=&#8221;4.16&#8243; global_colors_info=&#8221;{}&#8221;]<\/p>\n<h4>Koulujen stipendit ja vesireput<\/h4>\n<p><span style=\"font-family: inherit;font-weight: normal\">Nuorten ja koulujen tukeminen on keskeinen osa vuoden toimintaa.<\/span><br \/><span style=\"font-family: inherit;font-weight: normal\">Lauttasaarelaisten koulujen stipendiohjelman tavoitteena on innostaa oppilaita<\/span><br \/><span style=\"font-family: inherit;font-weight: normal\">kehitt\u00e4m\u00e4\u00e4n itse\u00e4\u00e4n ja kannustaa luovaa opiskelua. Tuimme klubin omalla stipendill\u00e4<\/span><br \/><span style=\"font-family: inherit;font-weight: normal\">Lauttasaaren nuoria jakamalla stpendej\u00e4 Yhteiskoululle, Myllykallion koululle, Drums\u00f6 l\u00e5gstadie skolanille, Vattuniemen peruskoululle ja Lauttasaaren musiikkiopistolle.<\/span><\/p>\n<h4>Lauttasaari-p\u00e4iv\u00e4<span style=\"font-family: inherit;font-weight: normal\"><\/span><\/h4>\n<p><span style=\"font-family: inherit;font-weight: normal\">Lauttasaari-p\u00e4iv\u00e4 ja Venetsialaiset j\u00e4rjestet\u00e4\u00e4n Kasinonrannassa elokuun viimeisen\u00e4 lauantaina, jolloin koko Lauttasaari juhlii yhteis\u00f6llisyytt\u00e4 monipuolisen ohjelman parissa. P\u00e4iv\u00e4ohjelmassa n\u00e4hd\u00e4\u00e4n muun muassa musiikkiesityksi\u00e4, muotin\u00e4yt\u00f6ksi\u00e4, tanssia ja lasten aktiviteetteja sek\u00e4 laaja kirpputori, ty\u00f6pajoja ja herkullisia street food -tarjoiluja. Illalla juhlat jatkuvat Venetsialaisten merkeiss\u00e4 DJ:n, liveb\u00e4ndien, tanssiesitysten ja n\u00e4ytt\u00e4v\u00e4n pyroshown siivitt\u00e4min\u00e4. Klubillamme on p\u00e4iv\u00e4ll\u00e4 oma teltta, jossa esittelemme klubin toimintaa.<\/span><\/p>\n<h4>LYK tiedekummitoiminta<span style=\"font-family: inherit;font-weight: normal\"><\/span><\/h4>\n<p><span style=\"font-family: inherit;font-weight: normal\">Klubi toimii Lauttasaaren Yhteiskoulun tiedekummina. Toimimme LYK:in tiedep\u00e4iv\u00e4n arviointitiimin\u00e4 ja palkitsemme tiedep\u00e4iv\u00e4n mieluisimman projektin, sek\u00e4 j\u00e4rjest\u00e4mme vuosittain puhujan tiedeluennolle.<\/span><\/p>\n<h4>Itsen\u00e4isyysp\u00e4iv\u00e4 Lauttasaaren sankarihaudoilla<\/h4>\n<p><span style=\"font-family: inherit;font-weight: normal\">Klubi osallistuu itsen\u00e4isyysp\u00e4iv\u00e4n kulkueeseen Lauttasaaren sankarihaudoilla kunnioittaen n\u00e4in henkil\u00f6it\u00e4, jotka uhrasivat henkens\u00e4 itsen\u00e4isyytemme eteen.<\/span><\/p>\n<h4>Nuori mieli -koulutus<\/h4>\n<p><span style=\"font-family: inherit;font-weight: normal\">Mieli ry:n Nuori Mieli -koulutus tarjoaa nuorien vanhemmnille ty\u00f6kaluja nuoren mielen haasteiden kohtaamiseen arjessa. Yhteisty\u00f6ss\u00e4 Rotarypiirin, Lauttasaaren<\/span><br \/><span style=\"font-family: inherit;font-weight: normal\">seurakunnan, Lauttasaaren yhteiskoulun ja Lauttasaaren Perhes\u00e4\u00e4ti\u00f6n kanssa klubi pyrkii tarjoamaan koulutuksia Lauttasaaressa.<\/span><\/p>\n<p><strong>Kiit\u00e4mme l\u00e4mpim\u00e4sti toimintamme tukijoita!<\/strong><\/p>\n<p>&nbsp;<\/p>\n<p>[\/et_pb_text][\/et_pb_column_inner][\/et_pb_row_inner][\/et_pb_column][et_pb_column type=&#8221;1_3&#8243; _builder_version=&#8221;4.16&#8243; custom_padding=&#8221;|||&#8221; global_colors_info=&#8221;{}&#8221; custom_padding__hover=&#8221;|||&#8221;][et_pb_sidebar area=&#8221;sidebar-1&#8243; module_class=&#8221;sivupalkki_sisalto&#8221; _builder_version=&#8221;4.16&#8243; locked=&#8221;on&#8221; global_colors_info=&#8221;{}&#8221;]<br \/>\n[\/et_pb_sidebar][\/et_pb_column][\/et_pb_section]<\/p>\n","protected":false},"excerpt":{"rendered":"<p>Yhteiset projektit Koulujen stipendit ja vesireput Nuorten ja koulujen tukeminen on keskeinen osa vuoden toimintaa.Lauttasaarelaisten koulujen stipendiohjelman tavoitteena on innostaa oppilaitakehitt\u00e4m\u00e4\u00e4n itse\u00e4\u00e4n ja kannustaa luovaa opiskelua. Tuimme klubin omalla stipendill\u00e4Lauttasaaren nuoria jakamalla stpendej\u00e4 Yhteiskoululle, Myllykallion koululle, Drums\u00f6 l\u00e5gstadie skolanille, Vattuniemen peruskoululle ja Lauttasaaren musiikkiopistolle. Lauttasaari-p\u00e4iv\u00e4 Lauttasaari-p\u00e4iv\u00e4 ja Venetsialaiset j\u00e4rjestet\u00e4\u00e4n Kasinonrannassa elokuun viimeisen\u00e4 lauantaina, jolloin koko [&hellip;]<\/p>\n","protected":false},"author":1,"featured_media":0,"parent":77,"menu_order":4,"comment_status":"closed","ping_status":"closed","template":"","meta":{"_acf_changed":false,"_et_pb_use_builder":"on","_et_pb_old_content":"","_et_gb_content_width":"","footnotes":""},"class_list":["post-160","page","type-page","status-publish","hentry"],"acf":[],"yoast_head":"<!-- This site is optimized with the Yoast SEO plugin v27.0 - https:\/\/yoast.com\/product\/yoast-seo-wordpress\/ -->\n<title>Yhteiset projektit - Lauttasaaren Rotaryklubi<\/title>\n<meta name=\"robots\" content=\"index, follow, max-snippet:-1, max-image-preview:large, max-video-preview:-1\" \/>\n<link rel=\"canonical\" href=\"https:\/\/rotary.fi\/lauttasaari\/mita-teemme\/yhteiset-projektit\/\" \/>\n<meta property=\"og:locale\" content=\"fi_FI\" \/>\n<meta property=\"og:type\" content=\"article\" \/>\n<meta property=\"og:title\" content=\"Yhteiset projektit - Lauttasaaren Rotaryklubi\" \/>\n<meta property=\"og:description\" content=\"Yhteiset projektit Koulujen stipendit ja vesireput Nuorten ja koulujen tukeminen on keskeinen osa vuoden toimintaa.Lauttasaarelaisten koulujen stipendiohjelman tavoitteena on innostaa oppilaitakehitt\u00e4m\u00e4\u00e4n itse\u00e4\u00e4n ja kannustaa luovaa opiskelua. Tuimme klubin omalla stipendill\u00e4Lauttasaaren nuoria jakamalla stpendej\u00e4 Yhteiskoululle, Myllykallion koululle, Drums\u00f6 l\u00e5gstadie skolanille, Vattuniemen peruskoululle ja Lauttasaaren musiikkiopistolle. Lauttasaari-p\u00e4iv\u00e4 Lauttasaari-p\u00e4iv\u00e4 ja Venetsialaiset j\u00e4rjestet\u00e4\u00e4n Kasinonrannassa elokuun viimeisen\u00e4 lauantaina, jolloin koko [&hellip;]\" \/>\n<meta property=\"og:url\" content=\"https:\/\/rotary.fi\/lauttasaari\/mita-teemme\/yhteiset-projektit\/\" \/>\n<meta property=\"og:site_name\" content=\"Lauttasaaren Rotaryklubi\" \/>\n<meta property=\"article:modified_time\" content=\"2025-10-26T18:51:01+00:00\" \/>\n<meta name=\"twitter:card\" content=\"summary_large_image\" \/>\n<meta name=\"twitter:label1\" content=\"Arvioitu lukuaika\" \/>\n\t<meta name=\"twitter:data1\" content=\"2 minuuttia\" \/>\n<script type=\"application\/ld+json\" class=\"yoast-schema-graph\">{\"@context\":\"https:\/\/schema.org\",\"@graph\":[{\"@type\":\"WebPage\",\"@id\":\"https:\/\/rotary.fi\/lauttasaari\/mita-teemme\/yhteiset-projektit\/\",\"url\":\"https:\/\/rotary.fi\/lauttasaari\/mita-teemme\/yhteiset-projektit\/\",\"name\":\"Yhteiset projektit - Lauttasaaren Rotaryklubi\",\"isPartOf\":{\"@id\":\"https:\/\/rotary.fi\/lauttasaari\/#website\"},\"datePublished\":\"2018-08-13T06:49:16+00:00\",\"dateModified\":\"2025-10-26T18:51:01+00:00\",\"breadcrumb\":{\"@id\":\"https:\/\/rotary.fi\/lauttasaari\/mita-teemme\/yhteiset-projektit\/#breadcrumb\"},\"inLanguage\":\"fi\",\"potentialAction\":[{\"@type\":\"ReadAction\",\"target\":[\"https:\/\/rotary.fi\/lauttasaari\/mita-teemme\/yhteiset-projektit\/\"]}]},{\"@type\":\"BreadcrumbList\",\"@id\":\"https:\/\/rotary.fi\/lauttasaari\/mita-teemme\/yhteiset-projektit\/#breadcrumb\",\"itemListElement\":[{\"@type\":\"ListItem\",\"position\":1,\"name\":\"Home\",\"item\":\"https:\/\/rotary.fi\/lauttasaari\/\"},{\"@type\":\"ListItem\",\"position\":2,\"name\":\"Mit\u00e4 teemme\",\"item\":\"https:\/\/rotary.fi\/lauttasaari\/mita-teemme\/\"},{\"@type\":\"ListItem\",\"position\":3,\"name\":\"Yhteiset projektit\"}]},{\"@type\":\"WebSite\",\"@id\":\"https:\/\/rotary.fi\/lauttasaari\/#website\",\"url\":\"https:\/\/rotary.fi\/lauttasaari\/\",\"name\":\"Lauttasaaren Rotaryklubi\",\"description\":\"Uusi Rotary klubisivusto\",\"potentialAction\":[{\"@type\":\"SearchAction\",\"target\":{\"@type\":\"EntryPoint\",\"urlTemplate\":\"https:\/\/rotary.fi\/lauttasaari\/?s={search_term_string}\"},\"query-input\":{\"@type\":\"PropertyValueSpecification\",\"valueRequired\":true,\"valueName\":\"search_term_string\"}}],\"inLanguage\":\"fi\"}]}<\/script>\n<!-- \/ Yoast SEO plugin. -->","yoast_head_json":{"title":"Yhteiset projektit - Lauttasaaren Rotaryklubi","robots":{"index":"index","follow":"follow","max-snippet":"max-snippet:-1","max-image-preview":"max-image-preview:large","max-video-preview":"max-video-preview:-1"},"canonical":"https:\/\/rotary.fi\/lauttasaari\/mita-teemme\/yhteiset-projektit\/","og_locale":"fi_FI","og_type":"article","og_title":"Yhteiset projektit - Lauttasaaren Rotaryklubi","og_description":"Yhteiset projektit Koulujen stipendit ja vesireput Nuorten ja koulujen tukeminen on keskeinen osa vuoden toimintaa.Lauttasaarelaisten koulujen stipendiohjelman tavoitteena on innostaa oppilaitakehitt\u00e4m\u00e4\u00e4n itse\u00e4\u00e4n ja kannustaa luovaa opiskelua. Tuimme klubin omalla stipendill\u00e4Lauttasaaren nuoria jakamalla stpendej\u00e4 Yhteiskoululle, Myllykallion koululle, Drums\u00f6 l\u00e5gstadie skolanille, Vattuniemen peruskoululle ja Lauttasaaren musiikkiopistolle. Lauttasaari-p\u00e4iv\u00e4 Lauttasaari-p\u00e4iv\u00e4 ja Venetsialaiset j\u00e4rjestet\u00e4\u00e4n Kasinonrannassa elokuun viimeisen\u00e4 lauantaina, jolloin koko [&hellip;]","og_url":"https:\/\/rotary.fi\/lauttasaari\/mita-teemme\/yhteiset-projektit\/","og_site_name":"Lauttasaaren Rotaryklubi","article_modified_time":"2025-10-26T18:51:01+00:00","twitter_card":"summary_large_image","twitter_misc":{"Arvioitu lukuaika":"2 minuuttia"},"schema":{"@context":"https:\/\/schema.org","@graph":[{"@type":"WebPage","@id":"https:\/\/rotary.fi\/lauttasaari\/mita-teemme\/yhteiset-projektit\/","url":"https:\/\/rotary.fi\/lauttasaari\/mita-teemme\/yhteiset-projektit\/","name":"Yhteiset projektit - Lauttasaaren Rotaryklubi","isPartOf":{"@id":"https:\/\/rotary.fi\/lauttasaari\/#website"},"datePublished":"2018-08-13T06:49:16+00:00","dateModified":"2025-10-26T18:51:01+00:00","breadcrumb":{"@id":"https:\/\/rotary.fi\/lauttasaari\/mita-teemme\/yhteiset-projektit\/#breadcrumb"},"inLanguage":"fi","potentialAction":[{"@type":"ReadAction","target":["https:\/\/rotary.fi\/lauttasaari\/mita-teemme\/yhteiset-projektit\/"]}]},{"@type":"BreadcrumbList","@id":"https:\/\/rotary.fi\/lauttasaari\/mita-teemme\/yhteiset-projektit\/#breadcrumb","itemListElement":[{"@type":"ListItem","position":1,"name":"Home","item":"https:\/\/rotary.fi\/lauttasaari\/"},{"@type":"ListItem","position":2,"name":"Mit\u00e4 teemme","item":"https:\/\/rotary.fi\/lauttasaari\/mita-teemme\/"},{"@type":"ListItem","position":3,"name":"Yhteiset projektit"}]},{"@type":"WebSite","@id":"https:\/\/rotary.fi\/lauttasaari\/#website","url":"https:\/\/rotary.fi\/lauttasaari\/","name":"Lauttasaaren Rotaryklubi","description":"Uusi Rotary klubisivusto","potentialAction":[{"@type":"SearchAction","target":{"@type":"EntryPoint","urlTemplate":"https:\/\/rotary.fi\/lauttasaari\/?s={search_term_string}"},"query-input":{"@type":"PropertyValueSpecification","valueRequired":true,"valueName":"search_term_string"}}],"inLanguage":"fi"}]}},"lang":"fi","translations":{"fi":160},"pll_sync_post":[],"_links":{"self":[{"href":"https:\/\/rotary.fi\/lauttasaari\/wp-json\/wp\/v2\/pages\/160","targetHints":{"allow":["GET"]}}],"collection":[{"href":"https:\/\/rotary.fi\/lauttasaari\/wp-json\/wp\/v2\/pages"}],"about":[{"href":"https:\/\/rotary.fi\/lauttasaari\/wp-json\/wp\/v2\/types\/page"}],"author":[{"embeddable":true,"href":"https:\/\/rotary.fi\/lauttasaari\/wp-json\/wp\/v2\/users\/1"}],"replies":[{"embeddable":true,"href":"https:\/\/rotary.fi\/lauttasaari\/wp-json\/wp\/v2\/comments?post=160"}],"version-history":[{"count":9,"href":"https:\/\/rotary.fi\/lauttasaari\/wp-json\/wp\/v2\/pages\/160\/revisions"}],"predecessor-version":[{"id":2084,"href":"https:\/\/rotary.fi\/lauttasaari\/wp-json\/wp\/v2\/pages\/160\/revisions\/2084"}],"up":[{"embeddable":true,"href":"https:\/\/rotary.fi\/lauttasaari\/wp-json\/wp\/v2\/pages\/77"}],"wp:attachment":[{"href":"https:\/\/rotary.fi\/lauttasaari\/wp-json\/wp\/v2\/media?parent=160"}],"curies":[{"name":"wp","href":"https:\/\/api.w.org\/{rel}","templated":true}]}}