{"id":98,"date":"2018-08-09T15:17:32","date_gmt":"2018-08-09T12:17:32","guid":{"rendered":"https:\/\/rotary.fi\/klubi2\/?page_id=98"},"modified":"2025-07-10T12:21:16","modified_gmt":"2025-07-10T09:21:16","slug":"yhteystiedot","status":"publish","type":"page","link":"https:\/\/rotary.fi\/laukaa\/yhteystiedot\/","title":{"rendered":"Yhteystiedot"},"content":{"rendered":"<p>[et_pb_section fb_built=&#8221;1&#8243; module_class=&#8221;jumbotron-page&#8221; _builder_version=&#8221;4.16&#8243; background_image=&#8221;https:\/\/rotary.fi\/laukaa\/wp-content\/uploads\/sites\/59\/2018\/10\/rotary_klubit_alasivu_paakuva_15.jpg&#8221; global_colors_info=&#8221;{}&#8221;][et_pb_row _builder_version=&#8221;4.16&#8243; background_size=&#8221;initial&#8221; background_position=&#8221;top_left&#8221; background_repeat=&#8221;repeat&#8221; global_colors_info=&#8221;{}&#8221;][et_pb_column type=&#8221;4_4&#8243; _builder_version=&#8221;4.16&#8243; custom_padding=&#8221;|||&#8221; global_colors_info=&#8221;{}&#8221; custom_padding__hover=&#8221;|||&#8221;][et_pb_text admin_label=&#8221;P\u00e4\u00e4otsikko&#8221; _builder_version=&#8221;4.16&#8243; text_orientation=&#8221;center&#8221; background_layout=&#8221;dark&#8221; global_colors_info=&#8221;{}&#8221;]<\/p>\n<h1>Yhteystiedot<\/h1>\n<p>[\/et_pb_text][\/et_pb_column][\/et_pb_row][\/et_pb_section][et_pb_section fb_built=&#8221;1&#8243; specialty=&#8221;on&#8221; module_class_2=&#8221;sivupalkki&#8221; _builder_version=&#8221;4.16&#8243; global_colors_info=&#8221;{}&#8221;][et_pb_column type=&#8221;2_3&#8243; specialty_columns=&#8221;2&#8243; _builder_version=&#8221;4.16&#8243; custom_padding=&#8221;|||&#8221; global_colors_info=&#8221;{}&#8221; custom_padding__hover=&#8221;|||&#8221;][et_pb_row_inner admin_label=&#8221;Rivi&#8221; _builder_version=&#8221;4.16&#8243; global_colors_info=&#8221;{}&#8221;][et_pb_column_inner saved_specialty_column_type=&#8221;2_3&#8243; _builder_version=&#8221;4.16&#8243; custom_padding=&#8221;|||&#8221; global_colors_info=&#8221;{}&#8221; custom_padding__hover=&#8221;|||&#8221;][et_pb_text admin_label=&#8221;Otsikko ennen teksti\u00e4 &#8211; Yhteystiedot&#8221; _builder_version=&#8221;4.16&#8243; text_orientation=&#8221;center&#8221; global_colors_info=&#8221;{}&#8221;]<\/p>\n<h1>Yhteystiedot<\/h1>\n<p>[\/et_pb_text][et_pb_text _builder_version=&#8221;4.16&#8243; global_colors_info=&#8221;{}&#8221;][\/et_pb_text][\/et_pb_column_inner][\/et_pb_row_inner][et_pb_row_inner column_structure=&#8221;1_2,1_2&#8243; admin_label=&#8221;Rivi&#8221; _builder_version=&#8221;4.16&#8243; custom_margin=&#8221;||20px|&#8221; custom_padding=&#8221;||20px|&#8221; border_width_bottom=&#8221;1px&#8221; border_color_bottom=&#8221;#d8d8d8&#8243; global_colors_info=&#8221;{}&#8221;][et_pb_column_inner type=&#8221;1_2&#8243; saved_specialty_column_type=&#8221;2_3&#8243; _builder_version=&#8221;4.16&#8243; custom_padding=&#8221;||20px|&#8221; global_colors_info=&#8221;{}&#8221; custom_padding__hover=&#8221;|||&#8221;][et_pb_text admin_label=&#8221;Kokoontumispaikka&#8221; _builder_version=&#8221;4.16&#8243; global_colors_info=&#8221;{}&#8221;]<strong>Kokoontumispaikka:<\/strong><br \/>\nKylpyl\u00e4hotelli Peurunka<br \/>\nPeurungantie 85<br \/>\n41340 Laukaa<\/p>\n<p><strong>Kokoontumisaika:<\/strong><br \/>\nTiistaisin klo 18:00<\/p>\n<p>Lounaskokous kuukauden ensimm\u00e4isen\u00e4 tiistaina klo 13:00 Lounasravintola Rosannessa, Laukaantie 24, 41340 Laukaa.<br \/>\n[\/et_pb_text][\/et_pb_column_inner][et_pb_column_inner type=&#8221;1_2&#8243; saved_specialty_column_type=&#8221;2_3&#8243; _builder_version=&#8221;4.16&#8243; custom_padding=&#8221;||20px|&#8221; global_colors_info=&#8221;{}&#8221; custom_padding__hover=&#8221;|||&#8221;][et_pb_map address=&#8221;Peurungantie 85, 41340 Laukaa, Suomi&#8221; zoom_level=&#8221;16&#8243; address_lat=&#8221;62.4331358&#8243; address_lng=&#8221;25.898215299999947&#8243; admin_label=&#8221;Kokoontumispaikka &#8211; Kartta&#8221; _builder_version=&#8221;4.16&#8243; global_colors_info=&#8221;{}&#8221;][et_pb_map_pin title=&#8221;Hotelli-Ravintola Alma&#8221; pin_address=&#8221;Ruukintie 4, 60100 Sein\u00e4joki, Suomi&#8221; pin_address_lat=&#8221;62.7900055&#8243; pin_address_lng=&#8221;22.84615370000006&#8243; _builder_version=&#8221;3.4.1&#8243; global_colors_info=&#8221;{}&#8221;][\/et_pb_map_pin][\/et_pb_map][\/et_pb_column_inner][\/et_pb_row_inner][et_pb_row_inner column_structure=&#8221;1_2,1_2&#8243; admin_label=&#8221;Rivi&#8221; _builder_version=&#8221;4.16&#8243; min_height=&#8221;51px&#8221; custom_margin=&#8221;20px||20px|&#8221; custom_padding=&#8221;20px||20px|&#8221; global_colors_info=&#8221;{}&#8221;][et_pb_column_inner type=&#8221;1_2&#8243; saved_specialty_column_type=&#8221;2_3&#8243; _builder_version=&#8221;4.16&#8243; custom_padding=&#8221;||20px|&#8221; global_colors_info=&#8221;{}&#8221; custom_padding__hover=&#8221;|||&#8221;][et_pb_text admin_label=&#8221;Presidentti&#8221; _builder_version=&#8221;4.27.4&#8243; hover_enabled=&#8221;0&#8243; global_colors_info=&#8221;{}&#8221; sticky_enabled=&#8221;0&#8243;]<\/p>\n<h3>Presidentti<\/h3>\n<p>Juhani Lumia<\/p>\n<p>[\/et_pb_text][\/et_pb_column_inner][et_pb_column_inner type=&#8221;1_2&#8243; saved_specialty_column_type=&#8221;2_3&#8243; _builder_version=&#8221;4.16&#8243; custom_padding=&#8221;||20px|&#8221; global_colors_info=&#8221;{}&#8221; custom_padding__hover=&#8221;|||&#8221;][et_pb_text admin_label=&#8221;Sihteeri&#8221; _builder_version=&#8221;4.25.1&#8243; custom_padding=&#8221;||33px|||&#8221; global_colors_info=&#8221;{}&#8221;]<\/p>\n<h3>Sihteeri<\/h3>\n<p>Vesa Salakka<\/p>\n<p>[\/et_pb_text][\/et_pb_column_inner][\/et_pb_row_inner][et_pb_row_inner _builder_version=&#8221;4.25.1&#8243; _module_preset=&#8221;default&#8221; custom_margin=&#8221;-45px|||||&#8221; global_colors_info=&#8221;{}&#8221;][et_pb_column_inner saved_specialty_column_type=&#8221;2_3&#8243; _builder_version=&#8221;4.25.1&#8243; _module_preset=&#8221;default&#8221; global_colors_info=&#8221;{}&#8221;][et_pb_heading title=&#8221;Yhteydenottolomake:&#8221; _builder_version=&#8221;4.25.1&#8243; _module_preset=&#8221;default&#8221; min_height=&#8221;48px&#8221; custom_margin=&#8221;-45px|||||&#8221; custom_padding=&#8221;0px||0px|||&#8221; global_colors_info=&#8221;{}&#8221;][\/et_pb_heading][et_pb_text _builder_version=&#8221;4.25.1&#8243; _module_preset=&#8221;default&#8221; global_colors_info=&#8221;{}&#8221;]<\/p>\n<p>T\u00e4yt\u00e4 lomakkeeseen nimesi ja s\u00e4hk\u00f6postisosoitteesi sek\u00e4 viestisi jolla haluat Laukaan Rotaryklubia l\u00e4hesty\u00e4. Viestisi ohjautuu klubin presidentille ja sihteerille.<\/p>\n<p>[\/et_pb_text][\/et_pb_column_inner][\/et_pb_row_inner][et_pb_row_inner admin_label=&#8221;Rivi&#8221; _builder_version=&#8221;4.16&#8243; global_colors_info=&#8221;{}&#8221;][et_pb_column_inner saved_specialty_column_type=&#8221;2_3&#8243; _builder_version=&#8221;4.16&#8243; custom_padding=&#8221;|||&#8221; global_colors_info=&#8221;{}&#8221; custom_padding__hover=&#8221;|||&#8221;][et_pb_contact_form email=&#8221;laukaan.rotary@gmail.com&#8221; _builder_version=&#8221;4.25.1&#8243; _module_preset=&#8221;default&#8221; _unique_id=&#8221;a0e59003-942b-4672-8609-3d339c58993c&#8221; global_colors_info=&#8221;{}&#8221;][et_pb_contact_field field_id=&#8221;Name&#8221; field_title=&#8221;Nimi&#8221; _builder_version=&#8221;4.16&#8243; global_colors_info=&#8221;{}&#8221; button_text_size__hover_enabled=&#8221;off&#8221; button_one_text_size__hover_enabled=&#8221;off&#8221; button_two_text_size__hover_enabled=&#8221;off&#8221; button_text_color__hover_enabled=&#8221;off&#8221; button_one_text_color__hover_enabled=&#8221;off&#8221; button_two_text_color__hover_enabled=&#8221;off&#8221; button_border_width__hover_enabled=&#8221;off&#8221; button_one_border_width__hover_enabled=&#8221;off&#8221; button_two_border_width__hover_enabled=&#8221;off&#8221; button_border_color__hover_enabled=&#8221;off&#8221; button_one_border_color__hover_enabled=&#8221;off&#8221; button_two_border_color__hover_enabled=&#8221;off&#8221; button_border_radius__hover_enabled=&#8221;off&#8221; button_one_border_radius__hover_enabled=&#8221;off&#8221; button_two_border_radius__hover_enabled=&#8221;off&#8221; button_letter_spacing__hover_enabled=&#8221;off&#8221; button_one_letter_spacing__hover_enabled=&#8221;off&#8221; button_two_letter_spacing__hover_enabled=&#8221;off&#8221; button_bg_color__hover_enabled=&#8221;off&#8221; button_one_bg_color__hover_enabled=&#8221;off&#8221; button_two_bg_color__hover_enabled=&#8221;off&#8221;][\/et_pb_contact_field][et_pb_contact_field field_id=&#8221;Email&#8221; field_title=&#8221;S\u00e4hk\u00f6postiosoite&#8221; field_type=&#8221;email&#8221; _builder_version=&#8221;4.16&#8243; global_colors_info=&#8221;{}&#8221; button_text_size__hover_enabled=&#8221;off&#8221; button_one_text_size__hover_enabled=&#8221;off&#8221; button_two_text_size__hover_enabled=&#8221;off&#8221; button_text_color__hover_enabled=&#8221;off&#8221; button_one_text_color__hover_enabled=&#8221;off&#8221; button_two_text_color__hover_enabled=&#8221;off&#8221; button_border_width__hover_enabled=&#8221;off&#8221; button_one_border_width__hover_enabled=&#8221;off&#8221; button_two_border_width__hover_enabled=&#8221;off&#8221; button_border_color__hover_enabled=&#8221;off&#8221; button_one_border_color__hover_enabled=&#8221;off&#8221; button_two_border_color__hover_enabled=&#8221;off&#8221; button_border_radius__hover_enabled=&#8221;off&#8221; button_one_border_radius__hover_enabled=&#8221;off&#8221; button_two_border_radius__hover_enabled=&#8221;off&#8221; button_letter_spacing__hover_enabled=&#8221;off&#8221; button_one_letter_spacing__hover_enabled=&#8221;off&#8221; button_two_letter_spacing__hover_enabled=&#8221;off&#8221; button_bg_color__hover_enabled=&#8221;off&#8221; button_one_bg_color__hover_enabled=&#8221;off&#8221; button_two_bg_color__hover_enabled=&#8221;off&#8221;][\/et_pb_contact_field][et_pb_contact_field field_id=&#8221;Message&#8221; field_title=&#8221;S\u00e4hk\u00f6postiviesti&#8221; field_type=&#8221;text&#8221; fullwidth_field=&#8221;on&#8221; _builder_version=&#8221;4.16&#8243; global_colors_info=&#8221;{}&#8221; button_text_size__hover_enabled=&#8221;off&#8221; button_one_text_size__hover_enabled=&#8221;off&#8221; button_two_text_size__hover_enabled=&#8221;off&#8221; button_text_color__hover_enabled=&#8221;off&#8221; button_one_text_color__hover_enabled=&#8221;off&#8221; button_two_text_color__hover_enabled=&#8221;off&#8221; button_border_width__hover_enabled=&#8221;off&#8221; button_one_border_width__hover_enabled=&#8221;off&#8221; button_two_border_width__hover_enabled=&#8221;off&#8221; button_border_color__hover_enabled=&#8221;off&#8221; button_one_border_color__hover_enabled=&#8221;off&#8221; button_two_border_color__hover_enabled=&#8221;off&#8221; button_border_radius__hover_enabled=&#8221;off&#8221; button_one_border_radius__hover_enabled=&#8221;off&#8221; button_two_border_radius__hover_enabled=&#8221;off&#8221; button_letter_spacing__hover_enabled=&#8221;off&#8221; button_one_letter_spacing__hover_enabled=&#8221;off&#8221; button_two_letter_spacing__hover_enabled=&#8221;off&#8221; button_bg_color__hover_enabled=&#8221;off&#8221; button_one_bg_color__hover_enabled=&#8221;off&#8221; button_two_bg_color__hover_enabled=&#8221;off&#8221;][\/et_pb_contact_field][\/et_pb_contact_form][\/et_pb_column_inner][\/et_pb_row_inner][\/et_pb_column][et_pb_column type=&#8221;1_3&#8243; _builder_version=&#8221;4.16&#8243; custom_padding=&#8221;|||&#8221; global_colors_info=&#8221;{}&#8221; custom_padding__hover=&#8221;|||&#8221;][et_pb_sidebar area=&#8221;sidebar-1&#8243; module_class=&#8221;sivupalkki_sisalto&#8221; _builder_version=&#8221;4.16&#8243; global_colors_info=&#8221;{}&#8221;]&nbsp;<br \/>\n[\/et_pb_sidebar][\/et_pb_column][\/et_pb_section]<\/p>\n","protected":false},"excerpt":{"rendered":"<p>Yhteystiedot Yhteystiedot Kokoontumispaikka: Kylpyl\u00e4hotelli Peurunka Peurungantie 85 41340 Laukaa Kokoontumisaika: Tiistaisin klo 18:00 Lounaskokous kuukauden ensimm\u00e4isen\u00e4 tiistaina klo 13:00 Lounasravintola Rosannessa, Laukaantie 24, 41340 Laukaa. Presidentti Juhani LumiaSihteeri Vesa SalakkaT\u00e4yt\u00e4 lomakkeeseen nimesi ja s\u00e4hk\u00f6postisosoitteesi sek\u00e4 viestisi jolla haluat Laukaan Rotaryklubia l\u00e4hesty\u00e4. Viestisi ohjautuu klubin presidentille ja sihteerille.&nbsp;<\/p>\n","protected":false},"author":1,"featured_media":0,"parent":0,"menu_order":0,"comment_status":"closed","ping_status":"closed","template":"","meta":{"_acf_changed":false,"_et_pb_use_builder":"on","_et_pb_old_content":"<p>[et_pb_section fb_built=\"1\" module_class=\"jumbotron-page\" _builder_version=\"3.22\" background_image=\"https:\/\/rotary.fi\/laukaa\/wp-content\/uploads\/sites\/59\/2018\/10\/rotary_klubit_alasivu_paakuva_15.jpg\"][et_pb_row _builder_version=\"3.25\" background_size=\"initial\" background_position=\"top_left\" background_repeat=\"repeat\"][et_pb_column type=\"4_4\" _builder_version=\"3.25\" custom_padding=\"|||\" custom_padding__hover=\"|||\"][et_pb_text admin_label=\"P\u00e4\u00e4otsikko\" _builder_version=\"3.27.4\" text_orientation=\"center\" background_layout=\"dark\"]<\/p><h1>Yhteystiedot<\/h1><p>[\/et_pb_text][\/et_pb_column][\/et_pb_row][\/et_pb_section][et_pb_section fb_built=\"1\" specialty=\"on\" module_class_2=\"sivupalkki\" _builder_version=\"3.22\"][et_pb_column type=\"2_3\" specialty_columns=\"2\" _builder_version=\"3.25\" custom_padding=\"|||\" custom_padding__hover=\"|||\"][et_pb_row_inner admin_label=\"Rivi\" _builder_version=\"3.25\"][et_pb_column_inner saved_specialty_column_type=\"2_3\" _builder_version=\"3.25\" custom_padding=\"|||\" custom_padding__hover=\"|||\"][et_pb_text admin_label=\"Otsikko ennen teksti\u00e4 - Yhteystiedot\" _builder_version=\"3.27.4\" text_orientation=\"center\"]<\/p><h1>Yhteystiedot<\/h1><p>[\/et_pb_text][et_pb_text _builder_version=\"3.27.4\"][\/et_pb_text][\/et_pb_column_inner][\/et_pb_row_inner][et_pb_row_inner column_structure=\"1_2,1_2\" admin_label=\"Rivi\" _builder_version=\"3.25\" custom_margin=\"||20px|\" custom_padding=\"||20px|\" border_width_bottom=\"1px\" border_color_bottom=\"#d8d8d8\"][et_pb_column_inner type=\"1_2\" saved_specialty_column_type=\"2_3\" _builder_version=\"3.25\" custom_padding=\"||20px|\" custom_padding__hover=\"|||\"][et_pb_text admin_label=\"Kokoontumispaikka\" _builder_version=\"3.27.4\"]<\/p><p><strong>Kokoontumispaikka:<\/strong><br \/>Kylpyl\u00e4hotelli Peurunka<br \/>Peurungantie 85<br \/>41340 Laukaa<\/p><p><strong>Kokoontumisaika:<\/strong><br \/>Tiistaisin klo 18:00<\/p><p>Lounaskokous kuukauden ensimm\u00e4isen\u00e4 tiistaina klo 13:00 Lounasravintola Rosannessa, Laukaantie 24, 41340 Laukaa.<\/p><p>[\/et_pb_text][\/et_pb_column_inner][et_pb_column_inner type=\"1_2\" saved_specialty_column_type=\"2_3\" _builder_version=\"3.25\" custom_padding=\"||20px|\" custom_padding__hover=\"|||\"][et_pb_map address=\"Peurungantie 85, 41340 Laukaa, Suomi\" zoom_level=\"16\" address_lat=\"62.4331358\" address_lng=\"25.898215299999947\" admin_label=\"Kokoontumispaikka - Kartta\" _builder_version=\"3.21\"][et_pb_map_pin title=\"Hotelli-Ravintola Alma\" pin_address=\"Ruukintie 4, 60100 Sein\u00e4joki, Suomi\" pin_address_lat=\"62.7900055\" pin_address_lng=\"22.84615370000006\" _builder_version=\"3.4.1\"][\/et_pb_map_pin][\/et_pb_map][\/et_pb_column_inner][\/et_pb_row_inner][et_pb_row_inner column_structure=\"1_2,1_2\" admin_label=\"Rivi\" _builder_version=\"3.25\" custom_margin=\"20px||20px|\" custom_padding=\"20px||20px|\"][et_pb_column_inner type=\"1_2\" saved_specialty_column_type=\"2_3\" _builder_version=\"3.25\" custom_padding=\"||20px|\" custom_padding__hover=\"|||\"][et_pb_text admin_label=\"Presidentti\" _builder_version=\"3.27.4\"]<\/p><h3>Presidentti<\/h3><p>Seppo Korhonen<br \/>p. +358 40 064 2649<br \/>seppo[at]korhonenoy.com<\/p><p>[\/et_pb_text][\/et_pb_column_inner][et_pb_column_inner type=\"1_2\" saved_specialty_column_type=\"2_3\" _builder_version=\"3.25\" custom_padding=\"||20px|\" custom_padding__hover=\"|||\"][et_pb_text admin_label=\"Sihteeri\" _builder_version=\"3.27.4\"]<\/p><h3>Sihteeri<\/h3><p>Petri Heinimaa<br \/>p. + 358 40 506 1250<br \/>petri.heinimaa[at]gmail.com<\/p><p>[\/et_pb_text][\/et_pb_column_inner][\/et_pb_row_inner][et_pb_row_inner admin_label=\"Rivi\" _builder_version=\"3.25\"][et_pb_column_inner saved_specialty_column_type=\"2_3\" _builder_version=\"3.25\" custom_padding=\"|||\" custom_padding__hover=\"|||\"][\/et_pb_column_inner][\/et_pb_row_inner][\/et_pb_column][et_pb_column type=\"1_3\" _builder_version=\"3.25\" custom_padding=\"|||\" custom_padding__hover=\"|||\"][et_pb_sidebar area=\"sidebar-1\" module_class=\"sivupalkki_sisalto\" _builder_version=\"3.21\"]<\/p><p>\u00a0<\/p><p>[\/et_pb_sidebar][\/et_pb_column][\/et_pb_section]<\/p>","_et_gb_content_width":"","footnotes":""},"class_list":["post-98","page","type-page","status-publish","hentry"],"acf":[],"yoast_head":"<!-- This site is optimized with the Yoast SEO plugin v27.0 - https:\/\/yoast.com\/product\/yoast-seo-wordpress\/ -->\n<title>Yhteystiedot - Laukaan Rotaryklubi<\/title>\n<meta name=\"robots\" content=\"index, follow, max-snippet:-1, max-image-preview:large, max-video-preview:-1\" \/>\n<link rel=\"canonical\" href=\"https:\/\/rotary.fi\/laukaa\/yhteystiedot\/\" \/>\n<meta property=\"og:locale\" content=\"fi_FI\" \/>\n<meta property=\"og:type\" content=\"article\" \/>\n<meta property=\"og:title\" content=\"Yhteystiedot - Laukaan Rotaryklubi\" \/>\n<meta property=\"og:description\" content=\"Yhteystiedot Yhteystiedot Kokoontumispaikka: Kylpyl\u00e4hotelli Peurunka Peurungantie 85 41340 Laukaa Kokoontumisaika: Tiistaisin klo 18:00 Lounaskokous kuukauden ensimm\u00e4isen\u00e4 tiistaina klo 13:00 Lounasravintola Rosannessa, Laukaantie 24, 41340 Laukaa. Presidentti Juhani LumiaSihteeri Vesa SalakkaT\u00e4yt\u00e4 lomakkeeseen nimesi ja s\u00e4hk\u00f6postisosoitteesi sek\u00e4 viestisi jolla haluat Laukaan Rotaryklubia l\u00e4hesty\u00e4. Viestisi ohjautuu klubin presidentille ja sihteerille.&nbsp;\" \/>\n<meta property=\"og:url\" content=\"https:\/\/rotary.fi\/laukaa\/yhteystiedot\/\" \/>\n<meta property=\"og:site_name\" content=\"Laukaan Rotaryklubi\" \/>\n<meta property=\"article:modified_time\" content=\"2025-07-10T09:21:16+00:00\" \/>\n<meta name=\"twitter:card\" content=\"summary_large_image\" \/>\n<meta name=\"twitter:label1\" content=\"Arvioitu lukuaika\" \/>\n\t<meta name=\"twitter:data1\" content=\"2 minuuttia\" \/>\n<script type=\"application\/ld+json\" class=\"yoast-schema-graph\">{\"@context\":\"https:\/\/schema.org\",\"@graph\":[{\"@type\":\"WebPage\",\"@id\":\"https:\/\/rotary.fi\/laukaa\/yhteystiedot\/\",\"url\":\"https:\/\/rotary.fi\/laukaa\/yhteystiedot\/\",\"name\":\"Yhteystiedot - Laukaan Rotaryklubi\",\"isPartOf\":{\"@id\":\"https:\/\/rotary.fi\/laukaa\/#website\"},\"datePublished\":\"2018-08-09T12:17:32+00:00\",\"dateModified\":\"2025-07-10T09:21:16+00:00\",\"breadcrumb\":{\"@id\":\"https:\/\/rotary.fi\/laukaa\/yhteystiedot\/#breadcrumb\"},\"inLanguage\":\"fi\",\"potentialAction\":[{\"@type\":\"ReadAction\",\"target\":[\"https:\/\/rotary.fi\/laukaa\/yhteystiedot\/\"]}]},{\"@type\":\"BreadcrumbList\",\"@id\":\"https:\/\/rotary.fi\/laukaa\/yhteystiedot\/#breadcrumb\",\"itemListElement\":[{\"@type\":\"ListItem\",\"position\":1,\"name\":\"Home\",\"item\":\"https:\/\/rotary.fi\/laukaa\/\"},{\"@type\":\"ListItem\",\"position\":2,\"name\":\"Yhteystiedot\"}]},{\"@type\":\"WebSite\",\"@id\":\"https:\/\/rotary.fi\/laukaa\/#website\",\"url\":\"https:\/\/rotary.fi\/laukaa\/\",\"name\":\"Laukaan Rotaryklubi\",\"description\":\"Uusi Rotary klubisivusto\",\"potentialAction\":[{\"@type\":\"SearchAction\",\"target\":{\"@type\":\"EntryPoint\",\"urlTemplate\":\"https:\/\/rotary.fi\/laukaa\/?s={search_term_string}\"},\"query-input\":{\"@type\":\"PropertyValueSpecification\",\"valueRequired\":true,\"valueName\":\"search_term_string\"}}],\"inLanguage\":\"fi\"}]}<\/script>\n<!-- \/ Yoast SEO plugin. -->","yoast_head_json":{"title":"Yhteystiedot - Laukaan Rotaryklubi","robots":{"index":"index","follow":"follow","max-snippet":"max-snippet:-1","max-image-preview":"max-image-preview:large","max-video-preview":"max-video-preview:-1"},"canonical":"https:\/\/rotary.fi\/laukaa\/yhteystiedot\/","og_locale":"fi_FI","og_type":"article","og_title":"Yhteystiedot - Laukaan Rotaryklubi","og_description":"Yhteystiedot Yhteystiedot Kokoontumispaikka: Kylpyl\u00e4hotelli Peurunka Peurungantie 85 41340 Laukaa Kokoontumisaika: Tiistaisin klo 18:00 Lounaskokous kuukauden ensimm\u00e4isen\u00e4 tiistaina klo 13:00 Lounasravintola Rosannessa, Laukaantie 24, 41340 Laukaa. Presidentti Juhani LumiaSihteeri Vesa SalakkaT\u00e4yt\u00e4 lomakkeeseen nimesi ja s\u00e4hk\u00f6postisosoitteesi sek\u00e4 viestisi jolla haluat Laukaan Rotaryklubia l\u00e4hesty\u00e4. Viestisi ohjautuu klubin presidentille ja sihteerille.&nbsp;","og_url":"https:\/\/rotary.fi\/laukaa\/yhteystiedot\/","og_site_name":"Laukaan Rotaryklubi","article_modified_time":"2025-07-10T09:21:16+00:00","twitter_card":"summary_large_image","twitter_misc":{"Arvioitu lukuaika":"2 minuuttia"},"schema":{"@context":"https:\/\/schema.org","@graph":[{"@type":"WebPage","@id":"https:\/\/rotary.fi\/laukaa\/yhteystiedot\/","url":"https:\/\/rotary.fi\/laukaa\/yhteystiedot\/","name":"Yhteystiedot - Laukaan Rotaryklubi","isPartOf":{"@id":"https:\/\/rotary.fi\/laukaa\/#website"},"datePublished":"2018-08-09T12:17:32+00:00","dateModified":"2025-07-10T09:21:16+00:00","breadcrumb":{"@id":"https:\/\/rotary.fi\/laukaa\/yhteystiedot\/#breadcrumb"},"inLanguage":"fi","potentialAction":[{"@type":"ReadAction","target":["https:\/\/rotary.fi\/laukaa\/yhteystiedot\/"]}]},{"@type":"BreadcrumbList","@id":"https:\/\/rotary.fi\/laukaa\/yhteystiedot\/#breadcrumb","itemListElement":[{"@type":"ListItem","position":1,"name":"Home","item":"https:\/\/rotary.fi\/laukaa\/"},{"@type":"ListItem","position":2,"name":"Yhteystiedot"}]},{"@type":"WebSite","@id":"https:\/\/rotary.fi\/laukaa\/#website","url":"https:\/\/rotary.fi\/laukaa\/","name":"Laukaan Rotaryklubi","description":"Uusi Rotary klubisivusto","potentialAction":[{"@type":"SearchAction","target":{"@type":"EntryPoint","urlTemplate":"https:\/\/rotary.fi\/laukaa\/?s={search_term_string}"},"query-input":{"@type":"PropertyValueSpecification","valueRequired":true,"valueName":"search_term_string"}}],"inLanguage":"fi"}]}},"lang":"fi","translations":{"fi":98},"pll_sync_post":[],"_links":{"self":[{"href":"https:\/\/rotary.fi\/laukaa\/wp-json\/wp\/v2\/pages\/98","targetHints":{"allow":["GET"]}}],"collection":[{"href":"https:\/\/rotary.fi\/laukaa\/wp-json\/wp\/v2\/pages"}],"about":[{"href":"https:\/\/rotary.fi\/laukaa\/wp-json\/wp\/v2\/types\/page"}],"author":[{"embeddable":true,"href":"https:\/\/rotary.fi\/laukaa\/wp-json\/wp\/v2\/users\/1"}],"replies":[{"embeddable":true,"href":"https:\/\/rotary.fi\/laukaa\/wp-json\/wp\/v2\/comments?post=98"}],"version-history":[{"count":11,"href":"https:\/\/rotary.fi\/laukaa\/wp-json\/wp\/v2\/pages\/98\/revisions"}],"predecessor-version":[{"id":1969,"href":"https:\/\/rotary.fi\/laukaa\/wp-json\/wp\/v2\/pages\/98\/revisions\/1969"}],"wp:attachment":[{"href":"https:\/\/rotary.fi\/laukaa\/wp-json\/wp\/v2\/media?parent=98"}],"curies":[{"name":"wp","href":"https:\/\/api.w.org\/{rel}","templated":true}]}}