{"id":138,"date":"2018-08-10T14:01:44","date_gmt":"2018-08-10T11:01:44","guid":{"rendered":"https:\/\/rotary.fi\/klubi2\/?page_id=138"},"modified":"2025-08-28T11:16:11","modified_gmt":"2025-08-28T08:16:11","slug":"vuositeema","status":"publish","type":"page","link":"https:\/\/rotary.fi\/laukaa\/keita-olemme\/vuositeema\/","title":{"rendered":"Vuositeema"},"content":{"rendered":"<p>[et_pb_section fb_built=&#8221;1&#8243; module_class=&#8221;jumbotron-page&#8221; _builder_version=&#8221;4.16&#8243; background_image=&#8221;https:\/\/rotary.fi\/laukaa\/wp-content\/uploads\/sites\/59\/2018\/08\/rotary_klubit_alasivu_paakuva_7.jpg&#8221; global_colors_info=&#8221;{}&#8221;][et_pb_row _builder_version=&#8221;4.16&#8243; background_size=&#8221;initial&#8221; background_position=&#8221;top_left&#8221; background_repeat=&#8221;repeat&#8221; global_colors_info=&#8221;{}&#8221;][et_pb_column type=&#8221;4_4&#8243; _builder_version=&#8221;4.16&#8243; custom_padding=&#8221;|||&#8221; global_colors_info=&#8221;{}&#8221; custom_padding__hover=&#8221;|||&#8221;][et_pb_text admin_label=&#8221;P\u00e4\u00e4otsikko&#8221; _builder_version=&#8221;4.16&#8243; text_orientation=&#8221;center&#8221; background_layout=&#8221;dark&#8221; global_colors_info=&#8221;{}&#8221;]<\/p>\n<h1>Vuositeema<\/h1>\n<p>&nbsp;<\/p>\n<p>[\/et_pb_text][\/et_pb_column][\/et_pb_row][\/et_pb_section][et_pb_section fb_built=&#8221;1&#8243; specialty=&#8221;on&#8221; module_class_2=&#8221;sivupalkki&#8221; _builder_version=&#8221;4.16&#8243; global_colors_info=&#8221;{}&#8221;][et_pb_column type=&#8221;2_3&#8243; specialty_columns=&#8221;2&#8243; _builder_version=&#8221;4.16&#8243; custom_padding=&#8221;|||&#8221; global_colors_info=&#8221;{}&#8221; custom_padding__hover=&#8221;|||&#8221;][et_pb_row_inner admin_label=&#8221;Rivi&#8221; _builder_version=&#8221;4.16&#8243; global_colors_info=&#8221;{}&#8221;][et_pb_column_inner saved_specialty_column_type=&#8221;2_3&#8243; _builder_version=&#8221;4.16&#8243; custom_padding=&#8221;|||&#8221; global_colors_info=&#8221;{}&#8221; custom_padding__hover=&#8221;|||&#8221;][et_pb_text admin_label=&#8221;Rotary Internationalin vuositeema &#8211; Otsikko&#8221; _builder_version=&#8221;4.16&#8243; text_orientation=&#8221;center&#8221; global_colors_info=&#8221;{}&#8221;]<\/p>\n<h1>Rotary Internationalin vuositeema<\/h1>\n<p>[\/et_pb_text][et_pb_text _builder_version=&#8221;4.16&#8243; global_colors_info=&#8221;{}&#8221;]<\/p>\n<p><a href=\"https:\/\/my.rotary.org\/en\/news-media\/office-president\/ri-president\" target=\"_blank\" rel=\"noopener noreferrer\">Rotary Internationalin presidentti<\/a><span data-tt=\"{}\">\u00a02025<\/span><span data-tt=\"{}\">\u2013<\/span><span data-tt=\"{}\">2026 Francesco Arezzon Rotary-kauden vuositeema on<\/span> \u201dUnite for Good\u201d eli &#8221;Tehd\u00e4\u00e4n hyv\u00e4\u00e4 yhdess\u00e4&#8221;.<\/p>\n<p>&nbsp;<\/p>\n<p><a href=\"https:\/\/www.rotary.org\/en\/francesco-arezzo-of-italy-selected-to-be-2025-26-rotary-international-president\"><img loading=\"lazy\" decoding=\"async\" class=\"aligncenter wp-image-9955 size-full\" src=\"https:\/\/turunrotaryklubi.fi\/wp-content\/uploads\/sites\/128\/2025\/07\/img-0140.png\" alt=\"Unite for Good\" width=\"224\" height=\"224\" \/><\/a><\/p>\n<p>&nbsp;<\/p>\n<p><span data-tt=\"{&quot;paragraphStyle&quot;:{&quot;alignment&quot;:4,&quot;style&quot;:3}}\">Lue lis\u00e4\u00e4 englanniksi:\u00a0<a href=\"https:\/\/www.rotary.org\/en\/francesco-arezzo-of-italy-selected-to-be-2025-26-rotary-international-president\" target=\"_blank\" rel=\"noopener\">https:\/\/www.rotary.org\/en\/francesco-arezzo-of-italy-selected-to-be-2025-26-rotary-international-president<\/a><\/span><\/p>\n<p>&nbsp;<\/p>\n<p>[\/et_pb_text][\/et_pb_column_inner][\/et_pb_row_inner][et_pb_row_inner admin_label=&#8221;Rivi&#8221; _builder_version=&#8221;4.16&#8243; global_colors_info=&#8221;{}&#8221;][et_pb_column_inner saved_specialty_column_type=&#8221;2_3&#8243; _builder_version=&#8221;4.16&#8243; custom_padding=&#8221;|||&#8221; global_colors_info=&#8221;{}&#8221; custom_padding__hover=&#8221;|||&#8221;][et_pb_text admin_label=&#8221;Klubin vuositeema &#8211; Otsikko&#8221; _builder_version=&#8221;4.16&#8243; text_orientation=&#8221;center&#8221; global_colors_info=&#8221;{}&#8221;]<\/p>\n<h4>Laukaan Rotaryklubin vuositeema:<\/h4>\n<h4>&#8221;Maailman tuulia ja hyvi\u00e4 tekoja&#8221;<\/h4>\n<p>[\/et_pb_text][et_pb_text _builder_version=&#8221;4.16&#8243; global_colors_info=&#8221;{}&#8221;]<\/p>\n<p class=\"p1\"><span class=\"s1\">Oma klubimme keskittyy j\u00e4senten aktivoimiseen ja klubin julkisuuskuvan kehitt\u00e4miseen. Tahdomme tehd\u00e4 Rotaryn saavutukset n\u00e4kyv\u00e4mm\u00e4ksi. Aktivoidumme yh\u00e4 voimakkaammin nuorten ja heid\u00e4n perheidens\u00e4 suuntaan tukeaksemme heid\u00e4n kasvuaan kohti toimintakykyist\u00e4, hyvinvoivaa aikuisuutta.<\/span><\/p>\n<p>[\/et_pb_text][\/et_pb_column_inner][\/et_pb_row_inner][\/et_pb_column][et_pb_column type=&#8221;1_3&#8243; _builder_version=&#8221;4.16&#8243; custom_padding=&#8221;|||&#8221; global_colors_info=&#8221;{}&#8221; custom_padding__hover=&#8221;|||&#8221;][et_pb_sidebar area=&#8221;sidebar-1&#8243; module_class=&#8221;sivupalkki_sisalto&#8221; _builder_version=&#8221;4.16&#8243; locked=&#8221;on&#8221; global_colors_info=&#8221;{}&#8221;][\/et_pb_sidebar][\/et_pb_column][\/et_pb_section]<\/p>\n","protected":false},"excerpt":{"rendered":"<p>Vuositeema &nbsp; Rotary Internationalin vuositeema Rotary Internationalin presidentti\u00a02025\u20132026 Francesco Arezzon Rotary-kauden vuositeema on \u201dUnite for Good\u201d eli &#8221;Tehd\u00e4\u00e4n hyv\u00e4\u00e4 yhdess\u00e4&#8221;. &nbsp; &nbsp; Lue lis\u00e4\u00e4 englanniksi:\u00a0https:\/\/www.rotary.org\/en\/francesco-arezzo-of-italy-selected-to-be-2025-26-rotary-international-president &nbsp;Laukaan Rotaryklubin vuositeema:&#8221;Maailman tuulia ja hyvi\u00e4 tekoja&#8221; Oma klubimme keskittyy j\u00e4senten aktivoimiseen ja klubin julkisuuskuvan kehitt\u00e4miseen. Tahdomme tehd\u00e4 Rotaryn saavutukset n\u00e4kyv\u00e4mm\u00e4ksi. Aktivoidumme yh\u00e4 voimakkaammin nuorten ja heid\u00e4n perheidens\u00e4 suuntaan tukeaksemme [&hellip;]<\/p>\n","protected":false},"author":1,"featured_media":0,"parent":129,"menu_order":0,"comment_status":"closed","ping_status":"closed","template":"","meta":{"_acf_changed":false,"_et_pb_use_builder":"on","_et_pb_old_content":"","_et_gb_content_width":"","footnotes":""},"class_list":["post-138","page","type-page","status-publish","hentry"],"acf":[],"yoast_head":"<!-- This site is optimized with the Yoast SEO plugin v27.0 - https:\/\/yoast.com\/product\/yoast-seo-wordpress\/ -->\n<title>Vuositeema - Laukaan Rotaryklubi<\/title>\n<meta name=\"robots\" content=\"index, follow, max-snippet:-1, max-image-preview:large, max-video-preview:-1\" \/>\n<link rel=\"canonical\" href=\"https:\/\/rotary.fi\/laukaa\/keita-olemme\/vuositeema\/\" \/>\n<meta property=\"og:locale\" content=\"fi_FI\" \/>\n<meta property=\"og:type\" content=\"article\" \/>\n<meta property=\"og:title\" content=\"Vuositeema - Laukaan Rotaryklubi\" \/>\n<meta property=\"og:description\" content=\"Vuositeema &nbsp; Rotary Internationalin vuositeema Rotary Internationalin presidentti\u00a02025\u20132026 Francesco Arezzon Rotary-kauden vuositeema on \u201dUnite for Good\u201d eli &quot;Tehd\u00e4\u00e4n hyv\u00e4\u00e4 yhdess\u00e4&quot;. &nbsp; &nbsp; Lue lis\u00e4\u00e4 englanniksi:\u00a0https:\/\/www.rotary.org\/en\/francesco-arezzo-of-italy-selected-to-be-2025-26-rotary-international-president &nbsp;Laukaan Rotaryklubin vuositeema:&quot;Maailman tuulia ja hyvi\u00e4 tekoja&quot; Oma klubimme keskittyy j\u00e4senten aktivoimiseen ja klubin julkisuuskuvan kehitt\u00e4miseen. Tahdomme tehd\u00e4 Rotaryn saavutukset n\u00e4kyv\u00e4mm\u00e4ksi. Aktivoidumme yh\u00e4 voimakkaammin nuorten ja heid\u00e4n perheidens\u00e4 suuntaan tukeaksemme [&hellip;]\" \/>\n<meta property=\"og:url\" content=\"https:\/\/rotary.fi\/laukaa\/keita-olemme\/vuositeema\/\" \/>\n<meta property=\"og:site_name\" content=\"Laukaan Rotaryklubi\" \/>\n<meta property=\"article:modified_time\" content=\"2025-08-28T08:16:11+00:00\" \/>\n<meta name=\"twitter:card\" content=\"summary_large_image\" \/>\n<meta name=\"twitter:label1\" content=\"Arvioitu lukuaika\" \/>\n\t<meta name=\"twitter:data1\" content=\"2 minuuttia\" \/>\n<script type=\"application\/ld+json\" class=\"yoast-schema-graph\">{\"@context\":\"https:\/\/schema.org\",\"@graph\":[{\"@type\":\"WebPage\",\"@id\":\"https:\/\/rotary.fi\/laukaa\/keita-olemme\/vuositeema\/\",\"url\":\"https:\/\/rotary.fi\/laukaa\/keita-olemme\/vuositeema\/\",\"name\":\"Vuositeema - Laukaan Rotaryklubi\",\"isPartOf\":{\"@id\":\"https:\/\/rotary.fi\/laukaa\/#website\"},\"primaryImageOfPage\":{\"@id\":\"https:\/\/rotary.fi\/laukaa\/keita-olemme\/vuositeema\/#primaryimage\"},\"image\":{\"@id\":\"https:\/\/rotary.fi\/laukaa\/keita-olemme\/vuositeema\/#primaryimage\"},\"thumbnailUrl\":\"https:\/\/turunrotaryklubi.fi\/wp-content\/uploads\/sites\/128\/2025\/07\/img-0140.png\",\"datePublished\":\"2018-08-10T11:01:44+00:00\",\"dateModified\":\"2025-08-28T08:16:11+00:00\",\"breadcrumb\":{\"@id\":\"https:\/\/rotary.fi\/laukaa\/keita-olemme\/vuositeema\/#breadcrumb\"},\"inLanguage\":\"fi\",\"potentialAction\":[{\"@type\":\"ReadAction\",\"target\":[\"https:\/\/rotary.fi\/laukaa\/keita-olemme\/vuositeema\/\"]}]},{\"@type\":\"ImageObject\",\"inLanguage\":\"fi\",\"@id\":\"https:\/\/rotary.fi\/laukaa\/keita-olemme\/vuositeema\/#primaryimage\",\"url\":\"https:\/\/turunrotaryklubi.fi\/wp-content\/uploads\/sites\/128\/2025\/07\/img-0140.png\",\"contentUrl\":\"https:\/\/turunrotaryklubi.fi\/wp-content\/uploads\/sites\/128\/2025\/07\/img-0140.png\"},{\"@type\":\"BreadcrumbList\",\"@id\":\"https:\/\/rotary.fi\/laukaa\/keita-olemme\/vuositeema\/#breadcrumb\",\"itemListElement\":[{\"@type\":\"ListItem\",\"position\":1,\"name\":\"Home\",\"item\":\"https:\/\/rotary.fi\/laukaa\/\"},{\"@type\":\"ListItem\",\"position\":2,\"name\":\"Keit\u00e4 olemme\",\"item\":\"https:\/\/rotary.fi\/laukaa\/keita-olemme\/\"},{\"@type\":\"ListItem\",\"position\":3,\"name\":\"Vuositeema\"}]},{\"@type\":\"WebSite\",\"@id\":\"https:\/\/rotary.fi\/laukaa\/#website\",\"url\":\"https:\/\/rotary.fi\/laukaa\/\",\"name\":\"Laukaan Rotaryklubi\",\"description\":\"Uusi Rotary klubisivusto\",\"potentialAction\":[{\"@type\":\"SearchAction\",\"target\":{\"@type\":\"EntryPoint\",\"urlTemplate\":\"https:\/\/rotary.fi\/laukaa\/?s={search_term_string}\"},\"query-input\":{\"@type\":\"PropertyValueSpecification\",\"valueRequired\":true,\"valueName\":\"search_term_string\"}}],\"inLanguage\":\"fi\"}]}<\/script>\n<!-- \/ Yoast SEO plugin. -->","yoast_head_json":{"title":"Vuositeema - Laukaan Rotaryklubi","robots":{"index":"index","follow":"follow","max-snippet":"max-snippet:-1","max-image-preview":"max-image-preview:large","max-video-preview":"max-video-preview:-1"},"canonical":"https:\/\/rotary.fi\/laukaa\/keita-olemme\/vuositeema\/","og_locale":"fi_FI","og_type":"article","og_title":"Vuositeema - Laukaan Rotaryklubi","og_description":"Vuositeema &nbsp; Rotary Internationalin vuositeema Rotary Internationalin presidentti\u00a02025\u20132026 Francesco Arezzon Rotary-kauden vuositeema on \u201dUnite for Good\u201d eli \"Tehd\u00e4\u00e4n hyv\u00e4\u00e4 yhdess\u00e4\". &nbsp; &nbsp; Lue lis\u00e4\u00e4 englanniksi:\u00a0https:\/\/www.rotary.org\/en\/francesco-arezzo-of-italy-selected-to-be-2025-26-rotary-international-president &nbsp;Laukaan Rotaryklubin vuositeema:\"Maailman tuulia ja hyvi\u00e4 tekoja\" Oma klubimme keskittyy j\u00e4senten aktivoimiseen ja klubin julkisuuskuvan kehitt\u00e4miseen. Tahdomme tehd\u00e4 Rotaryn saavutukset n\u00e4kyv\u00e4mm\u00e4ksi. Aktivoidumme yh\u00e4 voimakkaammin nuorten ja heid\u00e4n perheidens\u00e4 suuntaan tukeaksemme [&hellip;]","og_url":"https:\/\/rotary.fi\/laukaa\/keita-olemme\/vuositeema\/","og_site_name":"Laukaan Rotaryklubi","article_modified_time":"2025-08-28T08:16:11+00:00","twitter_card":"summary_large_image","twitter_misc":{"Arvioitu lukuaika":"2 minuuttia"},"schema":{"@context":"https:\/\/schema.org","@graph":[{"@type":"WebPage","@id":"https:\/\/rotary.fi\/laukaa\/keita-olemme\/vuositeema\/","url":"https:\/\/rotary.fi\/laukaa\/keita-olemme\/vuositeema\/","name":"Vuositeema - Laukaan Rotaryklubi","isPartOf":{"@id":"https:\/\/rotary.fi\/laukaa\/#website"},"primaryImageOfPage":{"@id":"https:\/\/rotary.fi\/laukaa\/keita-olemme\/vuositeema\/#primaryimage"},"image":{"@id":"https:\/\/rotary.fi\/laukaa\/keita-olemme\/vuositeema\/#primaryimage"},"thumbnailUrl":"https:\/\/turunrotaryklubi.fi\/wp-content\/uploads\/sites\/128\/2025\/07\/img-0140.png","datePublished":"2018-08-10T11:01:44+00:00","dateModified":"2025-08-28T08:16:11+00:00","breadcrumb":{"@id":"https:\/\/rotary.fi\/laukaa\/keita-olemme\/vuositeema\/#breadcrumb"},"inLanguage":"fi","potentialAction":[{"@type":"ReadAction","target":["https:\/\/rotary.fi\/laukaa\/keita-olemme\/vuositeema\/"]}]},{"@type":"ImageObject","inLanguage":"fi","@id":"https:\/\/rotary.fi\/laukaa\/keita-olemme\/vuositeema\/#primaryimage","url":"https:\/\/turunrotaryklubi.fi\/wp-content\/uploads\/sites\/128\/2025\/07\/img-0140.png","contentUrl":"https:\/\/turunrotaryklubi.fi\/wp-content\/uploads\/sites\/128\/2025\/07\/img-0140.png"},{"@type":"BreadcrumbList","@id":"https:\/\/rotary.fi\/laukaa\/keita-olemme\/vuositeema\/#breadcrumb","itemListElement":[{"@type":"ListItem","position":1,"name":"Home","item":"https:\/\/rotary.fi\/laukaa\/"},{"@type":"ListItem","position":2,"name":"Keit\u00e4 olemme","item":"https:\/\/rotary.fi\/laukaa\/keita-olemme\/"},{"@type":"ListItem","position":3,"name":"Vuositeema"}]},{"@type":"WebSite","@id":"https:\/\/rotary.fi\/laukaa\/#website","url":"https:\/\/rotary.fi\/laukaa\/","name":"Laukaan Rotaryklubi","description":"Uusi Rotary klubisivusto","potentialAction":[{"@type":"SearchAction","target":{"@type":"EntryPoint","urlTemplate":"https:\/\/rotary.fi\/laukaa\/?s={search_term_string}"},"query-input":{"@type":"PropertyValueSpecification","valueRequired":true,"valueName":"search_term_string"}}],"inLanguage":"fi"}]}},"lang":"fi","translations":{"fi":138},"pll_sync_post":[],"_links":{"self":[{"href":"https:\/\/rotary.fi\/laukaa\/wp-json\/wp\/v2\/pages\/138","targetHints":{"allow":["GET"]}}],"collection":[{"href":"https:\/\/rotary.fi\/laukaa\/wp-json\/wp\/v2\/pages"}],"about":[{"href":"https:\/\/rotary.fi\/laukaa\/wp-json\/wp\/v2\/types\/page"}],"author":[{"embeddable":true,"href":"https:\/\/rotary.fi\/laukaa\/wp-json\/wp\/v2\/users\/1"}],"replies":[{"embeddable":true,"href":"https:\/\/rotary.fi\/laukaa\/wp-json\/wp\/v2\/comments?post=138"}],"version-history":[{"count":10,"href":"https:\/\/rotary.fi\/laukaa\/wp-json\/wp\/v2\/pages\/138\/revisions"}],"predecessor-version":[{"id":1996,"href":"https:\/\/rotary.fi\/laukaa\/wp-json\/wp\/v2\/pages\/138\/revisions\/1996"}],"up":[{"embeddable":true,"href":"https:\/\/rotary.fi\/laukaa\/wp-json\/wp\/v2\/pages\/129"}],"wp:attachment":[{"href":"https:\/\/rotary.fi\/laukaa\/wp-json\/wp\/v2\/media?parent=138"}],"curies":[{"name":"wp","href":"https:\/\/api.w.org\/{rel}","templated":true}]}}