{"id":2028,"date":"2020-02-10T20:32:39","date_gmt":"2020-02-10T18:32:39","guid":{"rendered":"https:\/\/rotary.fi\/lapuakiviristi\/?page_id=2028"},"modified":"2024-07-08T11:24:15","modified_gmt":"2024-07-08T08:24:15","slug":"avoin-galleria","status":"publish","type":"page","link":"https:\/\/rotary.fi\/lapuakiviristi\/avoin-galleria\/","title":{"rendered":"Avoin Galleria"},"content":{"rendered":"<p>[et_pb_section fb_built=&#8221;1&#8243; admin_label=&#8221;section&#8221; _builder_version=&#8221;4.16&#8243; global_colors_info=&#8221;{}&#8221;][et_pb_row admin_label=&#8221;row&#8221; _builder_version=&#8221;4.16&#8243; background_size=&#8221;initial&#8221; background_position=&#8221;top_left&#8221; background_repeat=&#8221;repeat&#8221; width=&#8221;57.1%&#8221; global_colors_info=&#8221;{}&#8221;][et_pb_column type=&#8221;4_4&#8243; _builder_version=&#8221;4.16&#8243; custom_padding=&#8221;|||&#8221; global_colors_info=&#8221;{}&#8221; custom_padding__hover=&#8221;|||&#8221;][et_pb_text admin_label=&#8221;Text&#8221; _builder_version=&#8221;4.16&#8243; background_size=&#8221;initial&#8221; background_position=&#8221;top_left&#8221; background_repeat=&#8221;repeat&#8221; custom_padding=&#8221;4px|||||&#8221; global_colors_info=&#8221;{}&#8221;]<\/p>\n<p style=\"padding-left: 40px\"><a href=\"https:\/\/drive.google.com\/drive\/folders\/1jutsDsLzRKSP8_QJ1vr8YEmiFLldAPST?usp=drive_link\">Vitjanvaihtajaiset 2024<\/a>\u00a0<\/p>\n<p><a href=\"https:\/\/drive.google.com\/drive\/folders\/1_AVe63hDKjkw-mBs4haqPyIkec76FzX1?usp=sharing\">30-vuotis kuvia<\/a><\/p>\n<p>\u00a0<a href=\"https:\/\/drive.google.com\/drive\/folders\/1IgfSX0OVVEkjsEvORMi93d4k5RUu9ZYY?usp=sharing\">Vierailu Kiviristin L\u00e4mm\u00f6ll\u00e4 2008 <br \/><\/a><\/p>\n<p><a href=\"https:\/\/drive.google.com\/drive\/folders\/1QWjkoDT1e6TEDGrol5Cuq21kWTbnbbHR?usp=sharing\">GSE-vaihtareita Brasiliasta 2013<\/a><\/p>\n<p><a href=\"https:\/\/drive.google.com\/drive\/folders\/1b2_NT_8EGPL6DxBG1jPasZPXDG7d4Iiz?usp=sharing\">Klubin 20-vuotis juhlat<\/a><\/p>\n<p>&nbsp;<\/p>\n<p>[\/et_pb_text][\/et_pb_column][\/et_pb_row][\/et_pb_section]<\/p>\n","protected":false},"excerpt":{"rendered":"<p>Vitjanvaihtajaiset 2024\u00a0 30-vuotis kuvia \u00a0Vierailu Kiviristin L\u00e4mm\u00f6ll\u00e4 2008 GSE-vaihtareita Brasiliasta 2013 Klubin 20-vuotis juhlat &nbsp;<\/p>\n","protected":false},"author":304,"featured_media":0,"parent":0,"menu_order":0,"comment_status":"closed","ping_status":"closed","template":"","meta":{"_acf_changed":false,"_et_pb_use_builder":"on","_et_pb_old_content":"Piirikuvern\u00f6\u00f6ri","_et_gb_content_width":"","footnotes":""},"class_list":["post-2028","page","type-page","status-publish","hentry"],"acf":[],"yoast_head":"<!-- This site is optimized with the Yoast SEO plugin v27.4 - https:\/\/yoast.com\/product\/yoast-seo-wordpress\/ -->\n<title>Avoin Galleria - Lapua Kiviristi<\/title>\n<meta name=\"robots\" content=\"index, follow, max-snippet:-1, max-image-preview:large, max-video-preview:-1\" \/>\n<link rel=\"canonical\" href=\"https:\/\/rotary.fi\/lapuakiviristi\/avoin-galleria\/\" \/>\n<meta property=\"og:locale\" content=\"fi_FI\" \/>\n<meta property=\"og:type\" content=\"article\" \/>\n<meta property=\"og:title\" content=\"Avoin Galleria - Lapua Kiviristi\" \/>\n<meta property=\"og:description\" content=\"Vitjanvaihtajaiset 2024\u00a0 30-vuotis kuvia \u00a0Vierailu Kiviristin L\u00e4mm\u00f6ll\u00e4 2008 GSE-vaihtareita Brasiliasta 2013 Klubin 20-vuotis juhlat &nbsp;\" \/>\n<meta property=\"og:url\" content=\"https:\/\/rotary.fi\/lapuakiviristi\/avoin-galleria\/\" \/>\n<meta property=\"og:site_name\" content=\"Lapua Kiviristi\" \/>\n<meta property=\"article:modified_time\" content=\"2024-07-08T08:24:15+00:00\" \/>\n<meta name=\"twitter:card\" content=\"summary_large_image\" \/>\n<script type=\"application\/ld+json\" class=\"yoast-schema-graph\">{\"@context\":\"https:\\\/\\\/schema.org\",\"@graph\":[{\"@type\":\"WebPage\",\"@id\":\"https:\\\/\\\/rotary.fi\\\/lapuakiviristi\\\/avoin-galleria\\\/\",\"url\":\"https:\\\/\\\/rotary.fi\\\/lapuakiviristi\\\/avoin-galleria\\\/\",\"name\":\"Avoin Galleria - Lapua Kiviristi\",\"isPartOf\":{\"@id\":\"https:\\\/\\\/rotary.fi\\\/lapuakiviristi\\\/#website\"},\"datePublished\":\"2020-02-10T18:32:39+00:00\",\"dateModified\":\"2024-07-08T08:24:15+00:00\",\"breadcrumb\":{\"@id\":\"https:\\\/\\\/rotary.fi\\\/lapuakiviristi\\\/avoin-galleria\\\/#breadcrumb\"},\"inLanguage\":\"fi\",\"potentialAction\":[{\"@type\":\"ReadAction\",\"target\":[\"https:\\\/\\\/rotary.fi\\\/lapuakiviristi\\\/avoin-galleria\\\/\"]}]},{\"@type\":\"BreadcrumbList\",\"@id\":\"https:\\\/\\\/rotary.fi\\\/lapuakiviristi\\\/avoin-galleria\\\/#breadcrumb\",\"itemListElement\":[{\"@type\":\"ListItem\",\"position\":1,\"name\":\"Home\",\"item\":\"https:\\\/\\\/rotary.fi\\\/lapuakiviristi\\\/\"},{\"@type\":\"ListItem\",\"position\":2,\"name\":\"Avoin Galleria\"}]},{\"@type\":\"WebSite\",\"@id\":\"https:\\\/\\\/rotary.fi\\\/lapuakiviristi\\\/#website\",\"url\":\"https:\\\/\\\/rotary.fi\\\/lapuakiviristi\\\/\",\"name\":\"Lapua Kiviristi\",\"description\":\"Uusi Rotary klubisivusto\",\"potentialAction\":[{\"@type\":\"SearchAction\",\"target\":{\"@type\":\"EntryPoint\",\"urlTemplate\":\"https:\\\/\\\/rotary.fi\\\/lapuakiviristi\\\/?s={search_term_string}\"},\"query-input\":{\"@type\":\"PropertyValueSpecification\",\"valueRequired\":true,\"valueName\":\"search_term_string\"}}],\"inLanguage\":\"fi\"}]}<\/script>\n<!-- \/ Yoast SEO plugin. -->","yoast_head_json":{"title":"Avoin Galleria - Lapua Kiviristi","robots":{"index":"index","follow":"follow","max-snippet":"max-snippet:-1","max-image-preview":"max-image-preview:large","max-video-preview":"max-video-preview:-1"},"canonical":"https:\/\/rotary.fi\/lapuakiviristi\/avoin-galleria\/","og_locale":"fi_FI","og_type":"article","og_title":"Avoin Galleria - Lapua Kiviristi","og_description":"Vitjanvaihtajaiset 2024\u00a0 30-vuotis kuvia \u00a0Vierailu Kiviristin L\u00e4mm\u00f6ll\u00e4 2008 GSE-vaihtareita Brasiliasta 2013 Klubin 20-vuotis juhlat &nbsp;","og_url":"https:\/\/rotary.fi\/lapuakiviristi\/avoin-galleria\/","og_site_name":"Lapua Kiviristi","article_modified_time":"2024-07-08T08:24:15+00:00","twitter_card":"summary_large_image","schema":{"@context":"https:\/\/schema.org","@graph":[{"@type":"WebPage","@id":"https:\/\/rotary.fi\/lapuakiviristi\/avoin-galleria\/","url":"https:\/\/rotary.fi\/lapuakiviristi\/avoin-galleria\/","name":"Avoin Galleria - Lapua Kiviristi","isPartOf":{"@id":"https:\/\/rotary.fi\/lapuakiviristi\/#website"},"datePublished":"2020-02-10T18:32:39+00:00","dateModified":"2024-07-08T08:24:15+00:00","breadcrumb":{"@id":"https:\/\/rotary.fi\/lapuakiviristi\/avoin-galleria\/#breadcrumb"},"inLanguage":"fi","potentialAction":[{"@type":"ReadAction","target":["https:\/\/rotary.fi\/lapuakiviristi\/avoin-galleria\/"]}]},{"@type":"BreadcrumbList","@id":"https:\/\/rotary.fi\/lapuakiviristi\/avoin-galleria\/#breadcrumb","itemListElement":[{"@type":"ListItem","position":1,"name":"Home","item":"https:\/\/rotary.fi\/lapuakiviristi\/"},{"@type":"ListItem","position":2,"name":"Avoin Galleria"}]},{"@type":"WebSite","@id":"https:\/\/rotary.fi\/lapuakiviristi\/#website","url":"https:\/\/rotary.fi\/lapuakiviristi\/","name":"Lapua Kiviristi","description":"Uusi Rotary klubisivusto","potentialAction":[{"@type":"SearchAction","target":{"@type":"EntryPoint","urlTemplate":"https:\/\/rotary.fi\/lapuakiviristi\/?s={search_term_string}"},"query-input":{"@type":"PropertyValueSpecification","valueRequired":true,"valueName":"search_term_string"}}],"inLanguage":"fi"}]}},"lang":"fi","translations":{"fi":2028},"pll_sync_post":[],"_links":{"self":[{"href":"https:\/\/rotary.fi\/lapuakiviristi\/wp-json\/wp\/v2\/pages\/2028","targetHints":{"allow":["GET"]}}],"collection":[{"href":"https:\/\/rotary.fi\/lapuakiviristi\/wp-json\/wp\/v2\/pages"}],"about":[{"href":"https:\/\/rotary.fi\/lapuakiviristi\/wp-json\/wp\/v2\/types\/page"}],"author":[{"embeddable":true,"href":"https:\/\/rotary.fi\/lapuakiviristi\/wp-json\/wp\/v2\/users\/304"}],"replies":[{"embeddable":true,"href":"https:\/\/rotary.fi\/lapuakiviristi\/wp-json\/wp\/v2\/comments?post=2028"}],"version-history":[{"count":10,"href":"https:\/\/rotary.fi\/lapuakiviristi\/wp-json\/wp\/v2\/pages\/2028\/revisions"}],"predecessor-version":[{"id":2413,"href":"https:\/\/rotary.fi\/lapuakiviristi\/wp-json\/wp\/v2\/pages\/2028\/revisions\/2413"}],"wp:attachment":[{"href":"https:\/\/rotary.fi\/lapuakiviristi\/wp-json\/wp\/v2\/media?parent=2028"}],"curies":[{"name":"wp","href":"https:\/\/api.w.org\/{rel}","templated":true}]}}