{"id":156,"date":"2018-08-13T09:46:59","date_gmt":"2018-08-13T06:46:59","guid":{"rendered":"https:\/\/rotary.fi\/lapuakiviristi\/?page_id=156"},"modified":"2025-12-04T11:03:02","modified_gmt":"2025-12-04T09:03:02","slug":"projektit","status":"publish","type":"page","link":"https:\/\/rotary.fi\/lapuakiviristi\/projektit\/","title":{"rendered":"Projektit"},"content":{"rendered":"<p>[et_pb_section fb_built=&#8221;1&#8243; module_class=&#8221;jumbotron-page&#8221; _builder_version=&#8221;4.16&#8243; background_image=&#8221;https:\/\/rotary.fi\/lapuakiviristi\/wp-content\/uploads\/sites\/167\/2020\/01\/joulumessut.jpg&#8221; global_colors_info=&#8221;{}&#8221;][et_pb_row _builder_version=&#8221;4.16&#8243; background_size=&#8221;initial&#8221; background_position=&#8221;top_left&#8221; background_repeat=&#8221;repeat&#8221; global_colors_info=&#8221;{}&#8221;][et_pb_column type=&#8221;4_4&#8243; _builder_version=&#8221;4.16&#8243; custom_padding=&#8221;|||&#8221; global_colors_info=&#8221;{}&#8221; custom_padding__hover=&#8221;|||&#8221;][et_pb_text admin_label=&#8221;P\u00e4\u00e4otsikko&#8221; _builder_version=&#8221;4.16&#8243; text_orientation=&#8221;center&#8221; background_layout=&#8221;dark&#8221; global_colors_info=&#8221;{}&#8221;]<\/p>\n<h1>Tapahtumia<\/h1>\n<p>[\/et_pb_text][\/et_pb_column][\/et_pb_row][\/et_pb_section][et_pb_section fb_built=&#8221;1&#8243; specialty=&#8221;on&#8221; module_class_2=&#8221;sivupalkki&#8221; _builder_version=&#8221;4.19.0&#8243; global_colors_info=&#8221;{}&#8221;][et_pb_column type=&#8221;2_3&#8243; specialty_columns=&#8221;2&#8243; _builder_version=&#8221;4.16&#8243; custom_padding=&#8221;|||&#8221; global_colors_info=&#8221;{}&#8221; parallax__hover=&#8221;off&#8221; parallax_method__hover=&#8221;on&#8221; custom_padding__hover=&#8221;|||&#8221;][et_pb_row_inner admin_label=&#8221;Rivi&#8221; _builder_version=&#8221;4.16&#8243; global_colors_info=&#8221;{}&#8221;][et_pb_column_inner saved_specialty_column_type=&#8221;2_3&#8243; _builder_version=&#8221;4.16&#8243; custom_padding=&#8221;|||&#8221; global_colors_info=&#8221;{}&#8221; parallax__hover=&#8221;off&#8221; parallax_method__hover=&#8221;on&#8221; custom_padding__hover=&#8221;|||&#8221;][et_pb_text admin_label=&#8221;Projektit &#8211; Otsikko&#8221; _builder_version=&#8221;4.16&#8243; text_orientation=&#8221;center&#8221; inline_fonts=&#8221;Arial&#8221; global_colors_info=&#8221;{}&#8221;]<\/p>\n<h1>Klubin tapahtumia<\/h1>\n<p>&nbsp;<\/p>\n<p>&nbsp;<\/p>\n<p><strong>Klubimme jakaa vuosittain Lapuan joulumessuilla 200 litraa riisipuuroa vapaaehtoista maksua vastaan, Kertynyt tuotto k\u00e4ytet\u00e4\u00e4n vaihto-oppilaiden hyv\u00e4ksi<\/strong>.<\/p>\n<p>&nbsp;<\/p>\n<p>&nbsp;<\/p>\n<p>[\/et_pb_text][et_pb_text _builder_version=&#8221;4.27.4&#8243; custom_padding=&#8221;1px|||||&#8221; hover_enabled=&#8221;0&#8243; inline_fonts=&#8221;Arima,Arial&#8221; global_colors_info=&#8221;{}&#8221; sticky_enabled=&#8221;0&#8243;]<\/p>\n<h4><\/h4>\n<h4><span style=\"font-family: Abel;font-weight: normal;color: #000000\"><strong><span style=\"font-family: Arial;font-weight: normal;font-size: x-large\">22.11.2025 jaoimme k\u00e4vij\u00f6ille 250 litraa riisipuuroa. Maksu oli vapaaehtoinen ja kaikki tuotto, mit\u00e4 puurosta saatiin, menee vaihto-oppilaiden hyv\u00e4ksi.Suuri kiitos my\u00f6s sponsoreille <\/span>.<\/strong><\/span><\/h4>\n<p>&nbsp;<\/p>\n<h6 style=\"padding-left: 40px;text-align: justify\">Ja v\u00e4ke\u00e4 riitti<\/h6>\n<h6 style=\"padding-left: 40px\">Vaihto-oppilaamme Bailey palvelemassa<\/h6>\n<h3 style=\"padding-left: 40px;text-align: justify\">\u00a0 \u00a0 <img loading=\"lazy\" decoding=\"async\" src=\"https:\/\/rotary.fi\/lapuakiviristi\/wp-content\/uploads\/sites\/167\/2025\/12\/puuronjakajat-300x134.jpg\" width=\"559\" height=\"250\" alt=\"\" class=\"wp-image-2442 alignnone size-medium\" \/><\/h3>\n<p>\u00a0 \u00a0 \u00a0 \u00a0 \u00a0<img loading=\"lazy\" decoding=\"async\" src=\"https:\/\/rotary.fi\/lapuakiviristi\/wp-content\/uploads\/sites\/167\/2025\/12\/img-20251203-wa0011-300x134.jpg\" width=\"293\" height=\"131\" alt=\"\" class=\"wp-image-2452 alignnone size-medium\" \/> \u00a0<img loading=\"lazy\" decoding=\"async\" src=\"https:\/\/rotary.fi\/lapuakiviristi\/wp-content\/uploads\/sites\/167\/2025\/12\/img-20251203-wa0010-300x135.jpg\" width=\"300\" height=\"135\" alt=\"\" class=\"wp-image-2451 alignnone size-medium\" \/><\/p>\n<h3 style=\"padding-left: 40px\">Vuonna 2022<\/h3>\n<p style=\"padding-left: 40px\"><img loading=\"lazy\" decoding=\"async\" src=\"https:\/\/rotary.fi\/lapuakiviristi\/wp-content\/uploads\/sites\/167\/2022\/12\/kuva2-300.jpg\" width=\"399\" height=\"225\" alt=\"\" class=\"wp-image-2320 alignnone size-full\" \/><img loading=\"lazy\" decoding=\"async\" src=\"https:\/\/rotary.fi\/lapuakiviristi\/wp-content\/uploads\/sites\/167\/2022\/12\/jono-300.jpg\" width=\"258\" height=\"194\" alt=\"\" class=\"wp-image-2319 alignnone size-full\" \/><img loading=\"lazy\" decoding=\"async\" src=\"https:\/\/rotary.fi\/lapuakiviristi\/wp-content\/uploads\/sites\/167\/2022\/12\/tukijat-600-1-300x225.jpg\" width=\"696\" height=\"522\" alt=\"\" class=\"wp-image-2317 alignnone size-medium\" srcset=\"https:\/\/rotary.fi\/lapuakiviristi\/wp-content\/uploads\/sites\/167\/2022\/12\/tukijat-600-1-300x225.jpg 696w, https:\/\/rotary.fi\/lapuakiviristi\/wp-content\/uploads\/sites\/167\/2022\/12\/tukijat-600-1-480x360.jpg 480w\" sizes=\"(min-width: 0px) and (max-width: 480px) 480px, (min-width: 481px) 696px, 100vw\" \/><\/p>\n<p>&nbsp;<\/p>\n<p><strong><\/strong><\/p>\n<p><strong><\/strong><\/p>\n<p><strong><\/strong><\/p>\n<p><strong><\/strong><\/p>\n<p><strong>21.11.2020<\/strong> Olimme jakamassa kaupungin ja Lapua yritt\u00e4jien tarjoamaa joulupuuroa Pyh\u00e4lahden aukiolla. S\u00e4\u00e4 suosi ja puuroa riitti kaikille n\u00e4lk\u00e4isille.<\/p>\n<p><img loading=\"lazy\" decoding=\"async\" src=\"https:\/\/rotary.fi\/lapuakiviristi\/wp-content\/uploads\/sites\/167\/2020\/11\/puuro2020-300x225.jpg\" width=\"709\" height=\"532\" alt=\"\" class=\"wp-image-2123 alignnone size-medium\" srcset=\"https:\/\/rotary.fi\/lapuakiviristi\/wp-content\/uploads\/sites\/167\/2020\/11\/puuro2020-300x225.jpg 709w, https:\/\/rotary.fi\/lapuakiviristi\/wp-content\/uploads\/sites\/167\/2020\/11\/puuro2020-480x360.jpg 480w\" sizes=\"(min-width: 0px) and (max-width: 480px) 480px, (min-width: 481px) 709px, 100vw\" \/> <img loading=\"lazy\" decoding=\"async\" src=\"https:\/\/rotary.fi\/lapuakiviristi\/wp-content\/uploads\/sites\/167\/2020\/11\/puuro20201-225x300.jpg\" width=\"250\" height=\"334\" alt=\"\" class=\"wp-image-2124 alignnone size-medium\" \/> <img loading=\"lazy\" decoding=\"async\" src=\"https:\/\/rotary.fi\/lapuakiviristi\/wp-content\/uploads\/sites\/167\/2020\/11\/puuro20202-300x225.jpg\" width=\"393\" height=\"295\" alt=\"\" class=\"wp-image-2125 alignnone size-medium\" \/><\/p>\n<p>&nbsp;<\/p>\n<p><strong>30.10.2020<\/strong> Vierailimme Kauhavan lentokonepuistossa, jossa eversti (evp) Kari Janhunen esitteli meille kaikki sinne kootut koneet.<\/p>\n<p><img loading=\"lazy\" decoding=\"async\" src=\"https:\/\/rotary.fi\/lapuakiviristi\/wp-content\/uploads\/sites\/167\/2020\/11\/lentokonepuisto1-300x182.jpg\" width=\"944\" height=\"572\" alt=\"\" class=\"wp-image-2104 alignnone size-medium\" srcset=\"https:\/\/rotary.fi\/lapuakiviristi\/wp-content\/uploads\/sites\/167\/2020\/11\/lentokonepuisto1-300x182.jpg 944w, https:\/\/rotary.fi\/lapuakiviristi\/wp-content\/uploads\/sites\/167\/2020\/11\/lentokonepuisto1-480x291.jpg 480w\" sizes=\"(min-width: 0px) and (max-width: 480px) 480px, (min-width: 481px) 944px, 100vw\" \/><img loading=\"lazy\" decoding=\"async\" src=\"https:\/\/rotary.fi\/lapuakiviristi\/wp-content\/uploads\/sites\/167\/2020\/11\/lentokonepuisto2-225x300.jpg\" width=\"252\" height=\"336\" alt=\"\" class=\"wp-image-2105 alignnone size-medium\" \/><img loading=\"lazy\" decoding=\"async\" src=\"https:\/\/rotary.fi\/lapuakiviristi\/wp-content\/uploads\/sites\/167\/2020\/11\/lentokonepuisto3-300x226.jpg\" width=\"444\" height=\"335\" alt=\"\" class=\"wp-image-2106 alignnone size-medium\" style=\"font-size: 16px;background-color: #ffffff\" \/><\/p>\n<p>&nbsp;<\/p>\n<p>&nbsp;<\/p>\n<p>&nbsp;<\/p>\n<p>&nbsp;<\/p>\n<p>&nbsp;<\/p>\n<p>&nbsp;<\/p>\n<p>&nbsp;<\/p>\n<p><strong><\/strong><\/p>\n<p><strong><\/strong><\/p>\n<p><strong><\/strong><\/p>\n<p><strong>Klubin 1. Projektin esittely.<\/strong><br \/><strong>Tarvittaessa alasivu ja linkki sivulle.<\/strong><\/p>\n<p><strong>Klubin 2. Projektin esittely.<\/strong><br \/><strong>Tarvittaessa alasivu ja linkki sivulle.<\/strong><\/p>\n<p><strong>Osallistumme my\u00f6s l\u00e4hiklubien kanssa yhteiseen projektiin.<\/strong><br \/><strong> Yhteisprojektin esittely. Tarvittaessa alasivu ja linkki sivulle.<\/strong><\/p>\n<p>[\/et_pb_text][et_pb_text _builder_version=&#8221;4.16&#8243; global_colors_info=&#8221;{}&#8221;]<\/p>\n<p>&nbsp;<\/p>\n<p><strong>Klubimme jakaa vuosittain Lapuan joulumessuilla 200 litraa riisipuuroa vapaaehtoista maksua vastaan, Kertynyt tuotto k\u00e4ytet\u00e4\u00e4n vaihto-oppilaiden hyv\u00e4ksi<\/strong>.<\/p>\n<p>&nbsp;<\/p>\n<p><strong>21.11.2020<\/strong> Olimme jakamassa kaupungin ja Lapua yritt\u00e4jien tarjoamaa joulupuuroa Pyh\u00e4lahden aukiolla. S\u00e4\u00e4 suosii ja puuroa riitti kaikille n\u00e4lk\u00e4isille.<\/p>\n<p>&nbsp;<\/p>\n<p>&nbsp;<\/p>\n<p>&nbsp;<\/p>\n<p>&nbsp;<\/p>\n<p><strong><\/strong><\/p>\n<p><strong><\/strong><\/p>\n<p><strong>30.10.2020<\/strong> Vierailimme Kauhavan lentokonepuistossa, jossa eversti (evp) Kari Janhunen esitteli meille kaikki sinne kootut koneet.<\/p>\n<p><img loading=\"lazy\" decoding=\"async\" src=\"https:\/\/rotary.fi\/lapuakiviristi\/wp-content\/uploads\/sites\/167\/2020\/11\/lentokonepuisto1-300x182.jpg\" width=\"693\" height=\"421\" alt=\"\" class=\"wp-image-2104 alignnone size-medium\" srcset=\"https:\/\/rotary.fi\/lapuakiviristi\/wp-content\/uploads\/sites\/167\/2020\/11\/lentokonepuisto1-300x182.jpg 693w, https:\/\/rotary.fi\/lapuakiviristi\/wp-content\/uploads\/sites\/167\/2020\/11\/lentokonepuisto1-480x291.jpg 480w\" sizes=\"(min-width: 0px) and (max-width: 480px) 480px, (min-width: 481px) 693px, 100vw\" \/><img loading=\"lazy\" decoding=\"async\" src=\"https:\/\/rotary.fi\/lapuakiviristi\/wp-content\/uploads\/sites\/167\/2020\/11\/lentokonepuisto2-225x300.jpg\" width=\"252\" height=\"336\" alt=\"\" class=\"wp-image-2105 alignnone size-medium\" \/><img loading=\"lazy\" decoding=\"async\" src=\"https:\/\/rotary.fi\/lapuakiviristi\/wp-content\/uploads\/sites\/167\/2020\/11\/lentokonepuisto3-300x226.jpg\" width=\"444\" height=\"335\" alt=\"\" class=\"wp-image-2106 alignnone size-medium\" style=\"font-size: 16px;background-color: #ffffff\" \/><\/p>\n<p>&nbsp;<\/p>\n<p>&nbsp;<\/p>\n<p>&nbsp;<\/p>\n<p>&nbsp;<\/p>\n<p>&nbsp;<\/p>\n<p>&nbsp;<\/p>\n<p>&nbsp;<\/p>\n<p><strong><\/strong><\/p>\n<p><strong><\/strong><\/p>\n<p><strong><\/strong><\/p>\n<p><strong>Klubin 1. Projektin esittely.<\/strong><br \/> <strong>Tarvittaessa alasivu ja linkki sivulle.<\/strong><\/p>\n<p><strong>Klubin 2. Projektin esittely.<\/strong><br \/> <strong>Tarvittaessa alasivu ja linkki sivulle.<\/strong><\/p>\n<p><strong>Osallistumme my\u00f6s l\u00e4hiklubien kanssa yhteiseen projektiin.<\/strong><br \/> <strong> Yhteisprojektin esittely. Tarvittaessa alasivu ja linkki sivulle.<\/strong><\/p>\n<p>[\/et_pb_text][et_pb_text _builder_version=&#8221;4.16&#8243; global_colors_info=&#8221;{}&#8221;]<\/p>\n<p>&nbsp;<\/p>\n<p><strong>Klubimme jakaa vuosittain Lapuan joulumessuilla 200 litraa riisipuuroa vapaaehtoista maksua vastaan, Kertynyt tuotto k\u00e4ytet\u00e4\u00e4n vaihto-oppilaiden hyv\u00e4ksi<\/strong>.<\/p>\n<p>&nbsp;<\/p>\n<p><strong>21.11.2020<\/strong> Olimme jakamassa kaupungin ja Lapua yritt\u00e4jien tarjoamaa joulupuuroa Pyh\u00e4lahden aukiolla. S\u00e4\u00e4 suosii ja puuroa riitti kaikille n\u00e4lk\u00e4isille.<\/p>\n<p>&nbsp;<\/p>\n<p>&nbsp;<\/p>\n<p>&nbsp;<\/p>\n<p>&nbsp;<\/p>\n<p><strong><\/strong><\/p>\n<p><strong><\/strong><\/p>\n<p><strong>30.10.2020<\/strong> Vierailimme Kauhavan lentokonepuistossa, jossa eversti (evp) Kari Janhunen esitteli meille kaikki sinne kootut koneet.<\/p>\n<p><img loading=\"lazy\" decoding=\"async\" src=\"https:\/\/rotary.fi\/lapuakiviristi\/wp-content\/uploads\/sites\/167\/2020\/11\/lentokonepuisto1-300x182.jpg\" width=\"693\" height=\"421\" alt=\"\" class=\"wp-image-2104 alignnone size-medium\" srcset=\"https:\/\/rotary.fi\/lapuakiviristi\/wp-content\/uploads\/sites\/167\/2020\/11\/lentokonepuisto1-300x182.jpg 693w, https:\/\/rotary.fi\/lapuakiviristi\/wp-content\/uploads\/sites\/167\/2020\/11\/lentokonepuisto1-480x291.jpg 480w\" sizes=\"(min-width: 0px) and (max-width: 480px) 480px, (min-width: 481px) 693px, 100vw\" \/><img loading=\"lazy\" decoding=\"async\" src=\"https:\/\/rotary.fi\/lapuakiviristi\/wp-content\/uploads\/sites\/167\/2020\/11\/lentokonepuisto2-225x300.jpg\" width=\"252\" height=\"336\" alt=\"\" class=\"wp-image-2105 alignnone size-medium\" \/><img loading=\"lazy\" decoding=\"async\" src=\"https:\/\/rotary.fi\/lapuakiviristi\/wp-content\/uploads\/sites\/167\/2020\/11\/lentokonepuisto3-300x226.jpg\" width=\"444\" height=\"335\" alt=\"\" class=\"wp-image-2106 alignnone size-medium\" style=\"font-size: 16px;background-color: #ffffff\" \/><\/p>\n<p>&nbsp;<\/p>\n<p>&nbsp;<\/p>\n<p>&nbsp;<\/p>\n<p>&nbsp;<\/p>\n<p>&nbsp;<\/p>\n<p>&nbsp;<\/p>\n<p>&nbsp;<\/p>\n<p><strong><\/strong><\/p>\n<p><strong><\/strong><\/p>\n<p><strong><\/strong><\/p>\n<p><strong>Klubin 1. Projektin esittely.<\/strong><br \/> <strong>Tarvittaessa alasivu ja linkki sivulle.<\/strong><\/p>\n<p><strong>Klubin 2. Projektin esittely.<\/strong><br \/> <strong>Tarvittaessa alasivu ja linkki sivulle.<\/strong><\/p>\n<p><strong>Osallistumme my\u00f6s l\u00e4hiklubien kanssa yhteiseen projektiin.<\/strong><br \/> <strong> Yhteisprojektin esittely. Tarvittaessa alasivu ja linkki sivulle.<\/strong><\/p>\n<p>[\/et_pb_text][\/et_pb_column_inner][\/et_pb_row_inner][et_pb_row_inner admin_label=&#8221;Rivi&#8221; _builder_version=&#8221;4.16&#8243; global_colors_info=&#8221;{}&#8221;][et_pb_column_inner saved_specialty_column_type=&#8221;2_3&#8243; _builder_version=&#8221;4.16&#8243; custom_padding=&#8221;|||&#8221; global_colors_info=&#8221;{}&#8221; parallax__hover=&#8221;off&#8221; parallax_method__hover=&#8221;on&#8221; custom_padding__hover=&#8221;|||&#8221;][et_pb_text admin_label=&#8221;Projektit &#8211; Otsikko&#8221; _builder_version=&#8221;4.16&#8243; text_orientation=&#8221;center&#8221; global_colors_info=&#8221;{}&#8221;]<\/p>\n<h1>Klubin tapahtumia<\/h1>\n<p>[\/et_pb_text][et_pb_text _builder_version=&#8221;4.16&#8243; global_colors_info=&#8221;{}&#8221;]<\/p>\n<p>&nbsp;<\/p>\n<p><strong>Klubimme jakaa vuosittain Lapuan joulumessuilla 200 litraa riisipuuroa vapaaehtoista maksua vastaan, Kertynyt tuotto k\u00e4ytet\u00e4\u00e4n vaihto-oppilaiden hyv\u00e4ksi<\/strong>.<\/p>\n<p><strong>30.10.2020<\/strong> Vierailimme Kauhavan lentokonepuistossa, jossa eversti (evp) Kari Janhunen esitteli meille kaikki sinne kootut koneet.<\/p>\n<p>&nbsp;<\/p>\n<p>&nbsp;<\/p>\n<p>&nbsp;<\/p>\n<p>&nbsp;<\/p>\n<p>&nbsp;<\/p>\n<p><strong><\/strong><\/p>\n<p><strong><\/strong><\/p>\n<p><strong><\/strong><\/p>\n<p><strong>Klubin 1. Projektin esittely.<\/strong><br \/> <strong>Tarvittaessa alasivu ja linkki sivulle.<\/strong><\/p>\n<p><strong>Klubin 2. Projektin esittely.<\/strong><br \/> <strong>Tarvittaessa alasivu ja linkki sivulle.<\/strong><\/p>\n<p><strong>Osallistumme my\u00f6s l\u00e4hiklubien kanssa yhteiseen projektiin.<\/strong><br \/> <strong> Yhteisprojektin esittely. Tarvittaessa alasivu ja linkki sivulle.<\/strong><\/p>\n<p>[\/et_pb_text][\/et_pb_column_inner][\/et_pb_row_inner][\/et_pb_column][et_pb_column type=&#8221;1_3&#8243; module_class=&#8221;sivupalkki&#8221; _builder_version=&#8221;4.16&#8243; custom_padding=&#8221;|||&#8221; global_colors_info=&#8221;{}&#8221; parallax__hover=&#8221;off&#8221; parallax_method__hover=&#8221;on&#8221; module_class__hover=&#8221;sivupalkki&#8221; custom_padding__hover=&#8221;|||&#8221;][et_pb_sidebar area=&#8221;sidebar-1&#8243; module_class=&#8221;sivupalkki_sisalto&#8221; _builder_version=&#8221;4.16&#8243; locked=&#8221;on&#8221; global_colors_info=&#8221;{}&#8221;][\/et_pb_sidebar][\/et_pb_column][\/et_pb_section]<\/p>\n","protected":false},"excerpt":{"rendered":"<p>TapahtumiaKlubin tapahtumia &nbsp; &nbsp; Klubimme jakaa vuosittain Lapuan joulumessuilla 200 litraa riisipuuroa vapaaehtoista maksua vastaan, Kertynyt tuotto k\u00e4ytet\u00e4\u00e4n vaihto-oppilaiden hyv\u00e4ksi. &nbsp; &nbsp; 22.11.2025 jaoimme k\u00e4vij\u00f6ille 250 litraa riisipuuroa. Maksu oli vapaaehtoinen ja kaikki tuotto, mit\u00e4 puurosta saatiin, menee vaihto-oppilaiden hyv\u00e4ksi.Suuri kiitos my\u00f6s sponsoreille . &nbsp; Ja v\u00e4ke\u00e4 riitti Vaihto-oppilaamme Bailey palvelemassa \u00a0 \u00a0 \u00a0 \u00a0 [&hellip;]<\/p>\n","protected":false},"author":1,"featured_media":0,"parent":0,"menu_order":0,"comment_status":"closed","ping_status":"closed","template":"","meta":{"_acf_changed":false,"_et_pb_use_builder":"on","_et_pb_old_content":"","_et_gb_content_width":"","footnotes":""},"class_list":["post-156","page","type-page","status-publish","hentry"],"acf":[],"yoast_head":"<!-- This site is optimized with the Yoast SEO plugin v27.4 - https:\/\/yoast.com\/product\/yoast-seo-wordpress\/ -->\n<title>Projektit - Lapua Kiviristi<\/title>\n<meta name=\"robots\" content=\"index, follow, max-snippet:-1, max-image-preview:large, max-video-preview:-1\" \/>\n<link rel=\"canonical\" href=\"https:\/\/rotary.fi\/lapuakiviristi\/projektit\/\" \/>\n<meta property=\"og:locale\" content=\"fi_FI\" \/>\n<meta property=\"og:type\" content=\"article\" \/>\n<meta property=\"og:title\" content=\"Projektit - Lapua Kiviristi\" \/>\n<meta property=\"og:description\" content=\"TapahtumiaKlubin tapahtumia &nbsp; &nbsp; Klubimme jakaa vuosittain Lapuan joulumessuilla 200 litraa riisipuuroa vapaaehtoista maksua vastaan, Kertynyt tuotto k\u00e4ytet\u00e4\u00e4n vaihto-oppilaiden hyv\u00e4ksi. &nbsp; &nbsp; 22.11.2025 jaoimme k\u00e4vij\u00f6ille 250 litraa riisipuuroa. Maksu oli vapaaehtoinen ja kaikki tuotto, mit\u00e4 puurosta saatiin, menee vaihto-oppilaiden hyv\u00e4ksi.Suuri kiitos my\u00f6s sponsoreille . &nbsp; Ja v\u00e4ke\u00e4 riitti Vaihto-oppilaamme Bailey palvelemassa \u00a0 \u00a0 \u00a0 \u00a0 [&hellip;]\" \/>\n<meta property=\"og:url\" content=\"https:\/\/rotary.fi\/lapuakiviristi\/projektit\/\" \/>\n<meta property=\"og:site_name\" content=\"Lapua Kiviristi\" \/>\n<meta property=\"article:modified_time\" content=\"2025-12-04T09:03:02+00:00\" \/>\n<meta property=\"og:image\" content=\"https:\/\/rotary.fi\/lapuakiviristi\/wp-content\/uploads\/sites\/167\/2025\/12\/puuronjakajat.jpg\" \/>\n\t<meta property=\"og:image:width\" content=\"2048\" \/>\n\t<meta property=\"og:image:height\" content=\"917\" \/>\n\t<meta property=\"og:image:type\" content=\"image\/jpeg\" \/>\n<meta name=\"twitter:card\" content=\"summary_large_image\" \/>\n<meta name=\"twitter:label1\" content=\"Arvioitu lukuaika\" \/>\n\t<meta name=\"twitter:data1\" content=\"5 minuuttia\" \/>\n<script type=\"application\/ld+json\" class=\"yoast-schema-graph\">{\"@context\":\"https:\\\/\\\/schema.org\",\"@graph\":[{\"@type\":\"WebPage\",\"@id\":\"https:\\\/\\\/rotary.fi\\\/lapuakiviristi\\\/projektit\\\/\",\"url\":\"https:\\\/\\\/rotary.fi\\\/lapuakiviristi\\\/projektit\\\/\",\"name\":\"Projektit - Lapua Kiviristi\",\"isPartOf\":{\"@id\":\"https:\\\/\\\/rotary.fi\\\/lapuakiviristi\\\/#website\"},\"primaryImageOfPage\":{\"@id\":\"https:\\\/\\\/rotary.fi\\\/lapuakiviristi\\\/projektit\\\/#primaryimage\"},\"image\":{\"@id\":\"https:\\\/\\\/rotary.fi\\\/lapuakiviristi\\\/projektit\\\/#primaryimage\"},\"thumbnailUrl\":\"https:\\\/\\\/rotary.fi\\\/lapuakiviristi\\\/wp-content\\\/uploads\\\/sites\\\/167\\\/2025\\\/12\\\/puuronjakajat-300x134.jpg\",\"datePublished\":\"2018-08-13T06:46:59+00:00\",\"dateModified\":\"2025-12-04T09:03:02+00:00\",\"breadcrumb\":{\"@id\":\"https:\\\/\\\/rotary.fi\\\/lapuakiviristi\\\/projektit\\\/#breadcrumb\"},\"inLanguage\":\"fi\",\"potentialAction\":[{\"@type\":\"ReadAction\",\"target\":[\"https:\\\/\\\/rotary.fi\\\/lapuakiviristi\\\/projektit\\\/\"]}]},{\"@type\":\"ImageObject\",\"inLanguage\":\"fi\",\"@id\":\"https:\\\/\\\/rotary.fi\\\/lapuakiviristi\\\/projektit\\\/#primaryimage\",\"url\":\"https:\\\/\\\/rotary.fi\\\/lapuakiviristi\\\/wp-content\\\/uploads\\\/sites\\\/167\\\/2025\\\/12\\\/puuronjakajat.jpg\",\"contentUrl\":\"https:\\\/\\\/rotary.fi\\\/lapuakiviristi\\\/wp-content\\\/uploads\\\/sites\\\/167\\\/2025\\\/12\\\/puuronjakajat.jpg\",\"width\":2048,\"height\":917},{\"@type\":\"BreadcrumbList\",\"@id\":\"https:\\\/\\\/rotary.fi\\\/lapuakiviristi\\\/projektit\\\/#breadcrumb\",\"itemListElement\":[{\"@type\":\"ListItem\",\"position\":1,\"name\":\"Home\",\"item\":\"https:\\\/\\\/rotary.fi\\\/lapuakiviristi\\\/\"},{\"@type\":\"ListItem\",\"position\":2,\"name\":\"Projektit\"}]},{\"@type\":\"WebSite\",\"@id\":\"https:\\\/\\\/rotary.fi\\\/lapuakiviristi\\\/#website\",\"url\":\"https:\\\/\\\/rotary.fi\\\/lapuakiviristi\\\/\",\"name\":\"Lapua Kiviristi\",\"description\":\"Uusi Rotary klubisivusto\",\"potentialAction\":[{\"@type\":\"SearchAction\",\"target\":{\"@type\":\"EntryPoint\",\"urlTemplate\":\"https:\\\/\\\/rotary.fi\\\/lapuakiviristi\\\/?s={search_term_string}\"},\"query-input\":{\"@type\":\"PropertyValueSpecification\",\"valueRequired\":true,\"valueName\":\"search_term_string\"}}],\"inLanguage\":\"fi\"}]}<\/script>\n<!-- \/ Yoast SEO plugin. -->","yoast_head_json":{"title":"Projektit - Lapua Kiviristi","robots":{"index":"index","follow":"follow","max-snippet":"max-snippet:-1","max-image-preview":"max-image-preview:large","max-video-preview":"max-video-preview:-1"},"canonical":"https:\/\/rotary.fi\/lapuakiviristi\/projektit\/","og_locale":"fi_FI","og_type":"article","og_title":"Projektit - Lapua Kiviristi","og_description":"TapahtumiaKlubin tapahtumia &nbsp; &nbsp; Klubimme jakaa vuosittain Lapuan joulumessuilla 200 litraa riisipuuroa vapaaehtoista maksua vastaan, Kertynyt tuotto k\u00e4ytet\u00e4\u00e4n vaihto-oppilaiden hyv\u00e4ksi. &nbsp; &nbsp; 22.11.2025 jaoimme k\u00e4vij\u00f6ille 250 litraa riisipuuroa. Maksu oli vapaaehtoinen ja kaikki tuotto, mit\u00e4 puurosta saatiin, menee vaihto-oppilaiden hyv\u00e4ksi.Suuri kiitos my\u00f6s sponsoreille . &nbsp; Ja v\u00e4ke\u00e4 riitti Vaihto-oppilaamme Bailey palvelemassa \u00a0 \u00a0 \u00a0 \u00a0 [&hellip;]","og_url":"https:\/\/rotary.fi\/lapuakiviristi\/projektit\/","og_site_name":"Lapua Kiviristi","article_modified_time":"2025-12-04T09:03:02+00:00","og_image":[{"width":2048,"height":917,"url":"https:\/\/rotary.fi\/lapuakiviristi\/wp-content\/uploads\/sites\/167\/2025\/12\/puuronjakajat.jpg","type":"image\/jpeg"}],"twitter_card":"summary_large_image","twitter_misc":{"Arvioitu lukuaika":"5 minuuttia"},"schema":{"@context":"https:\/\/schema.org","@graph":[{"@type":"WebPage","@id":"https:\/\/rotary.fi\/lapuakiviristi\/projektit\/","url":"https:\/\/rotary.fi\/lapuakiviristi\/projektit\/","name":"Projektit - Lapua Kiviristi","isPartOf":{"@id":"https:\/\/rotary.fi\/lapuakiviristi\/#website"},"primaryImageOfPage":{"@id":"https:\/\/rotary.fi\/lapuakiviristi\/projektit\/#primaryimage"},"image":{"@id":"https:\/\/rotary.fi\/lapuakiviristi\/projektit\/#primaryimage"},"thumbnailUrl":"https:\/\/rotary.fi\/lapuakiviristi\/wp-content\/uploads\/sites\/167\/2025\/12\/puuronjakajat-300x134.jpg","datePublished":"2018-08-13T06:46:59+00:00","dateModified":"2025-12-04T09:03:02+00:00","breadcrumb":{"@id":"https:\/\/rotary.fi\/lapuakiviristi\/projektit\/#breadcrumb"},"inLanguage":"fi","potentialAction":[{"@type":"ReadAction","target":["https:\/\/rotary.fi\/lapuakiviristi\/projektit\/"]}]},{"@type":"ImageObject","inLanguage":"fi","@id":"https:\/\/rotary.fi\/lapuakiviristi\/projektit\/#primaryimage","url":"https:\/\/rotary.fi\/lapuakiviristi\/wp-content\/uploads\/sites\/167\/2025\/12\/puuronjakajat.jpg","contentUrl":"https:\/\/rotary.fi\/lapuakiviristi\/wp-content\/uploads\/sites\/167\/2025\/12\/puuronjakajat.jpg","width":2048,"height":917},{"@type":"BreadcrumbList","@id":"https:\/\/rotary.fi\/lapuakiviristi\/projektit\/#breadcrumb","itemListElement":[{"@type":"ListItem","position":1,"name":"Home","item":"https:\/\/rotary.fi\/lapuakiviristi\/"},{"@type":"ListItem","position":2,"name":"Projektit"}]},{"@type":"WebSite","@id":"https:\/\/rotary.fi\/lapuakiviristi\/#website","url":"https:\/\/rotary.fi\/lapuakiviristi\/","name":"Lapua Kiviristi","description":"Uusi Rotary klubisivusto","potentialAction":[{"@type":"SearchAction","target":{"@type":"EntryPoint","urlTemplate":"https:\/\/rotary.fi\/lapuakiviristi\/?s={search_term_string}"},"query-input":{"@type":"PropertyValueSpecification","valueRequired":true,"valueName":"search_term_string"}}],"inLanguage":"fi"}]}},"lang":"fi","translations":{"fi":156,"en":1451},"pll_sync_post":[],"_links":{"self":[{"href":"https:\/\/rotary.fi\/lapuakiviristi\/wp-json\/wp\/v2\/pages\/156","targetHints":{"allow":["GET"]}}],"collection":[{"href":"https:\/\/rotary.fi\/lapuakiviristi\/wp-json\/wp\/v2\/pages"}],"about":[{"href":"https:\/\/rotary.fi\/lapuakiviristi\/wp-json\/wp\/v2\/types\/page"}],"author":[{"embeddable":true,"href":"https:\/\/rotary.fi\/lapuakiviristi\/wp-json\/wp\/v2\/users\/1"}],"replies":[{"embeddable":true,"href":"https:\/\/rotary.fi\/lapuakiviristi\/wp-json\/wp\/v2\/comments?post=156"}],"version-history":[{"count":9,"href":"https:\/\/rotary.fi\/lapuakiviristi\/wp-json\/wp\/v2\/pages\/156\/revisions"}],"predecessor-version":[{"id":2454,"href":"https:\/\/rotary.fi\/lapuakiviristi\/wp-json\/wp\/v2\/pages\/156\/revisions\/2454"}],"wp:attachment":[{"href":"https:\/\/rotary.fi\/lapuakiviristi\/wp-json\/wp\/v2\/media?parent=156"}],"curies":[{"name":"wp","href":"https:\/\/api.w.org\/{rel}","templated":true}]}}