{"id":154,"date":"2018-08-13T09:35:27","date_gmt":"2018-08-13T06:35:27","guid":{"rendered":"https:\/\/rotary.fi\/lapuakiviristi\/?page_id=154"},"modified":"2025-12-08T17:08:46","modified_gmt":"2025-12-08T15:08:46","slug":"nuorisovaihto","status":"publish","type":"page","link":"https:\/\/rotary.fi\/lapuakiviristi\/nuorisovaihto\/","title":{"rendered":"Nuorisovaihto"},"content":{"rendered":"<p>[et_pb_section fb_built=&#8221;1&#8243; module_class=&#8221;jumbotron-page&#8221; _builder_version=&#8221;4.16&#8243; background_image=&#8221;https:\/\/rotary.fi\/lapuakiviristi\/wp-content\/uploads\/sites\/167\/2020\/01\/vaihtarit.jpg&#8221; global_colors_info=&#8221;{}&#8221;][et_pb_row _builder_version=&#8221;4.16&#8243; background_size=&#8221;initial&#8221; background_position=&#8221;top_left&#8221; background_repeat=&#8221;repeat&#8221; global_colors_info=&#8221;{}&#8221;][et_pb_column type=&#8221;4_4&#8243; _builder_version=&#8221;4.16&#8243; custom_padding=&#8221;|||&#8221; global_colors_info=&#8221;{}&#8221; custom_padding__hover=&#8221;|||&#8221;][et_pb_text admin_label=&#8221;P\u00e4\u00e4otsikko&#8221; _builder_version=&#8221;4.16&#8243; text_orientation=&#8221;center&#8221; background_layout=&#8221;dark&#8221; global_colors_info=&#8221;{}&#8221;]<\/p>\n<h1>Nuorisovaihto<\/h1>\n<p>[\/et_pb_text][\/et_pb_column][\/et_pb_row][\/et_pb_section][et_pb_section fb_built=&#8221;1&#8243; specialty=&#8221;on&#8221; module_class_2=&#8221;sivupalkki&#8221; _builder_version=&#8221;4.16&#8243; global_colors_info=&#8221;{}&#8221;][et_pb_column type=&#8221;2_3&#8243; specialty_columns=&#8221;2&#8243; _builder_version=&#8221;4.16&#8243; custom_padding=&#8221;|||&#8221; global_colors_info=&#8221;{}&#8221; parallax__hover=&#8221;off&#8221; parallax_method__hover=&#8221;on&#8221; custom_padding__hover=&#8221;|||&#8221;][et_pb_row_inner admin_label=&#8221;Rivi&#8221; _builder_version=&#8221;4.16&#8243; custom_margin=&#8221;|||-5px||&#8221; custom_padding=&#8221;13px|||||&#8221; global_colors_info=&#8221;{}&#8221;][et_pb_column_inner saved_specialty_column_type=&#8221;2_3&#8243; _builder_version=&#8221;4.16&#8243; custom_padding=&#8221;|||&#8221; global_colors_info=&#8221;{}&#8221; parallax__hover=&#8221;off&#8221; parallax_method__hover=&#8221;on&#8221; custom_padding__hover=&#8221;|||&#8221;][et_pb_text admin_label=&#8221;Nuorisovaihto &#8211; Otsikko&#8221; _builder_version=&#8221;4.27.4&#8243; text_orientation=&#8221;center&#8221; global_colors_info=&#8221;{}&#8221;]<\/p>\n<h3 style=\"text-align: left\">Nuorisovaihto tiimi:<\/h3>\n<ul>\n<li style=\"text-align: left\"><strong>Kari Nirha<\/strong><\/li>\n<li style=\"text-align: left\"><strong>P\u00e4ivi Lepist\u00f6-Leikkola<\/strong><\/li>\n<li style=\"text-align: left\"><strong>Jukka Luoma<\/strong><br \/><strong><\/strong><\/li>\n<\/ul>\n<h1 style=\"text-align: left\"><\/h1>\n<p>[\/et_pb_text][et_pb_text admin_label=&#8221;Nuorisovaihto &#8211; Otsikko&#8221; _builder_version=&#8221;4.27.4&#8243; text_orientation=&#8221;center&#8221; inline_fonts=&#8221;Arial&#8221; global_colors_info=&#8221;{}&#8221;]<\/p>\n<h3 style=\"text-align: left\">Vaihtarit kautta aikojen<strong style=\"font-size: 16px;color: #263b4c;font-family: 'Open Sans', Helvetica, Arial, Lucida, sans-serif\"><\/strong><strong style=\"font-size: 16px;color: #263b4c;font-family: 'Open Sans', Helvetica, Arial, Lucida, sans-serif\"><\/strong><\/h3>\n<table border=\"2\" style=\"height: 236px;width: 100%;border-collapse: collapse\" cellpadding=\"5px\">\n<caption><\/caption>\n<tbody>\n<tr style=\"height: 24px\">\n<th style=\"width: 18.3409%;height: 24px;text-align: left\"><strong><span style=\"font-family: Arial\">Vuiosi<\/span><\/strong><\/th>\n<th style=\"width: 17.3251%;height: 24px;text-align: left\"><strong>Vaihto<\/strong><\/th>\n<th style=\"width: 25.2822%;height: 24px;text-align: left\"><strong>Nimi<\/strong><\/th>\n<th style=\"width: 56.8284%;height: 24px;text-align: left\"><strong>Maa<\/strong><\/th>\n<\/tr>\n<tr style=\"height: 24px\">\n<td style=\"width: 18.3409%;height: 24px\">2025<\/td>\n<td style=\"width: 17.3251%;height: 24px\">Kes\u00e4vaihto<\/td>\n<td style=\"width: 25.2822%;height: 24px\">Kerttu Luoma<\/td>\n<td style=\"width: 56.8284%;height: 24px\">Suomi<\/td>\n<\/tr>\n<tr>\n<td style=\"width: 18.3409%\"><\/td>\n<td style=\"width: 17.3251%\"><\/td>\n<td style=\"width: 25.2822%\">Josephine Johnson<\/td>\n<td style=\"width: 56.8284%\">USA, Red Wing<\/td>\n<\/tr>\n<tr>\n<td style=\"width: 18.3409%\"><\/td>\n<td style=\"width: 17.3251%\"><\/td>\n<td style=\"width: 25.2822%\">Elsa Saarela<\/td>\n<td style=\"width: 56.8284%\">Suomi<\/td>\n<\/tr>\n<tr>\n<td style=\"width: 18.3409%\"><\/td>\n<td style=\"width: 17.3251%\"><\/td>\n<td style=\"width: 25.2822%\">Anita Valdinochi<\/td>\n<td style=\"width: 56.8284%\">Italia, Forti<\/td>\n<\/tr>\n<tr style=\"height: 24px\">\n<td style=\"width: 18.3409%;height: 24px\">2025.2026<\/td>\n<td style=\"width: 17.3251%;height: 24px\">Vuosivaihto<\/td>\n<td style=\"width: 25.2822%;height: 24px\">Bayley<\/td>\n<td style=\"width: 56.8284%;height: 24px\">USA<\/td>\n<\/tr>\n<tr style=\"height: 24px\">\n<td style=\"width: 18.3409%;height: 24px\"><\/td>\n<td style=\"width: 17.3251%;height: 24px\"><\/td>\n<td style=\"width: 25.2822%;height: 24px\">????<\/td>\n<td style=\"width: 56.8284%;height: 24px\">Suomi<\/td>\n<\/tr>\n<tr style=\"height: 24px\">\n<td style=\"width: 18.3409%;height: 24px\"><\/td>\n<td style=\"width: 17.3251%;height: 24px\"><\/td>\n<td style=\"width: 25.2822%;height: 24px\"><\/td>\n<td style=\"width: 56.8284%;height: 24px\"><\/td>\n<\/tr>\n<tr style=\"height: 24px\">\n<td style=\"width: 18.3409%;height: 24px\"><\/td>\n<td style=\"width: 17.3251%;height: 24px\"><\/td>\n<td style=\"width: 25.2822%;height: 24px\"><\/td>\n<td style=\"width: 56.8284%;height: 24px\"><\/td>\n<\/tr>\n<tr style=\"height: 24px\">\n<td style=\"width: 18.3409%;height: 24px\"><\/td>\n<td style=\"width: 17.3251%;height: 24px\"><\/td>\n<td style=\"width: 25.2822%;height: 24px\"><\/td>\n<td style=\"width: 56.8284%;height: 24px\"><\/td>\n<\/tr>\n<tr style=\"height: 24px\">\n<td style=\"width: 18.3409%;height: 24px\"><\/td>\n<td style=\"width: 17.3251%;height: 24px\"><\/td>\n<td style=\"width: 25.2822%;height: 24px\"><\/td>\n<td style=\"width: 56.8284%;height: 24px\"><\/td>\n<\/tr>\n<\/tbody>\n<\/table>\n<p><strong><\/strong><\/p>\n<p>[\/et_pb_text][et_pb_text _builder_version=&#8221;4.16&#8243; text_font=&#8221;Arial||||||||&#8221; min_height=&#8221;2439.6px&#8221; global_colors_info=&#8221;{}&#8221;]<\/p>\n<h1 style=\"text-align: left\">Info<\/h1>\n<p><span style=\"font-size: 16px\">\u00a0<\/span><\/p>\n<ul>\n<li><strong>Rotarypiirien v\u00e4list\u00e4 toimintaa, Suomessa piirit toimivat yhdess\u00e4 (=monipiiri)<\/strong><\/li>\n<li><strong>Tarkoitettu kaikille, niin rotarien lapsille kuin muillekin<\/strong><\/li>\n<li><strong>Toimii osana Rotaryn kansainv\u00e4list\u00e4 palvelua<\/strong><\/li>\n<\/ul>\n<h3>Palvelua, ei bisnest\u00e4<\/h3>\n<ul>\n<li><strong>L\u00e4hes ilmaista vaihtoon osallistujille vastavuoroisuusperiaatteella (j\u00e4rjestelymaksu muutama satanen, matkat, vakuutukset jne. sek\u00e4\u00a0kohdemaasta riippuen maaohjelma ja joitakin retki\u00e4\u00a0omasta pussista)<\/strong><\/li>\n<li><strong>L\u00e4hett\u00e4v\u00e4\u00a0perhe sitoutuu vastaanottamaan t\u00e4nne tulevan vaihtarin, vuosivaihdossa yhdess\u00e4\u00a0useamman is\u00e4nt\u00e4perheen kanssa<\/strong><\/li>\n<li><strong>Sertifioitua toimintaa, jossa on kohtuullisen tarkasti m\u00e4\u00e4ritelty menettelytavat, toimii samoin kaikkialla maailmassa, siksi turvallinen<\/strong><strong style=\"font-size: 16px\"><\/strong><\/li>\n<\/ul>\n<h3>Rotaryn nuorisovaihtotoiminta ei ole matkatoimistotoimintaa<\/h3>\n<ul>\n<li><strong>Nuorisovaihto-ohjelma on opiskelua ja tutustumista uuteen maahan ja kulttuuriin, ei ensisijaisesti matkailua<\/strong><\/li>\n<li><strong>Turvallinen ja edullinen vaihto<\/strong><\/li>\n<li><strong>Pohjautuu vapaaehtoistoimintaan<\/strong><\/li>\n<li><strong>Kaikkien mukana olevien osapuolien sitoutuminen, paikallisella Rotarylla merkitt\u00e4v\u00e4 panos vaihtarin hyvinvoinnista huolehtimisessa.<\/strong><\/li>\n<\/ul>\n<h3>Vuosivaihto-ohjelma<\/h3>\n<p><strong>hakuaika alkaa maaliskuussa kuluvaa vuotta seuraavan vuoden vaihtoon<\/strong><\/p>\n<ul>\n<li><strong>Tarjoaa 15\u00a0\u2013\u00a019 vuotiaalle mahdollisuuden k\u00e4yd\u00e4\u00a0vuosi koulua toisessa maassa, oppia uusi kieli ja kulttuuri, kehitty\u00e4\u00a0ja kypsy\u00e4\u00a0ihmisen\u00e4, vaihtoaika\u00a0alkaa elokuussa\u00a0noin 15.8.\u00a0ja p\u00e4\u00e4ttyy seuraavana vuonna noin\u00a015.6.<\/strong><\/li>\n<li><strong>Lis\u00e4\u00e4\u00a0kansainv\u00e4list\u00e4\u00a0yst\u00e4vyytt\u00e4\u00a0ja ymm\u00e4rryst\u00e4\u00a0omassa perheess\u00e4\u00a0ja yhteis\u00f6ss\u00e4mme, kaukaa n\u00e4kee joskus l\u00e4helle paremmin<\/strong><\/li>\n<li><strong>Toteuttaa Rotaryn tavoitetta maailman rauhan ja kansainv\u00e4lisen yhteisymm\u00e4rryksen lis\u00e4\u00e4miseksi henkil\u00f6kohtaisella tasolla<\/strong><\/li>\n<li><strong>Jatkaa lukio- tai muuta opiskelua p\u00e4\u00e4s\u00e4\u00e4nt\u00f6isesti vuodella<\/strong><\/li>\n<li><strong>Vaihto tapahtuu yksin, kohdemaasta voi esitt\u00e4\u00e4\u00a0nelj\u00e4\u00a0toivetta.<\/strong><\/li>\n<\/ul>\n<p><strong>Kohdemaat:\u00a0Argentiina, Australia ja Uusi Seelanti, Belgia, Brasilia, Chile, Ecuador, Espanja, Etel\u00e4-Afrikka, Etel\u00e4-Korea, Hollanti, Indonesia, Italia, It\u00e4valta, Japani, Kanada, Kolumbia, Kroatia, Meksiko, Peru, Puola, Ranska, Saksa, Sveitsi, Taiwan, Thaimaa. Tsekki, Unkari ja USA. Korona on jossakin m\u00e4\u00e4ri muuttanut vaihtomaaluetteloa.<\/strong><\/p>\n<ul>\n<li><\/li>\n<\/ul>\n<h3>Kes\u00e4vaihto-ohjelma<\/h3>\n<p><strong>Hakuaika alkaa maaliskuussa hakuvuotta seuraavan vuoden ohjelmaan ja p\u00e4\u00e4ttyy syyskuun lopussa, paikat t\u00e4yttyv\u00e4t sopivista hakijoista hakuj\u00e4rjestyksess\u00e4.<\/strong><\/p>\n<ul>\n<li><strong>Nuori l\u00e4htee ulkomaisen perheen vieraaksi muutamaksi viikoksi ja vastaavasti sielt\u00e4\u00a0is\u00e4nt\u00e4perheen nuori saapuu nuoren kotiin, ajankohta n. 15.6.-15.8.,\u00a0sopii hyvin yl\u00e4koulun p\u00e4\u00e4tt\u00e4neille tai keskiasteen ensimm\u00e4isen vuoden p\u00e4\u00e4tt\u00e4neille.<\/strong><\/li>\n<li><strong>Vaihdon pituus yleens\u00e4\u00a04 + 4 viikkoa, mutta voi vaihdella 2+2\u00a0\u2013\u00a06+6 viikkoon.<\/strong><\/li>\n<li><strong>Tehokas ja edullinen kielikylpy<\/strong><\/li>\n<li><strong>Amerikka, Eurooppa ja Etel\u00e4-Afrikka<\/strong><\/li>\n<li><strong>Ei viiv\u00e4styt\u00e4\u00a0lukio- tai muita opintoja<\/strong><\/li>\n<li><strong>Vaihto tapahtuu p\u00e4\u00e4osin yksin, kohdemaasta\u00a0esitet\u00e4\u00e4n\u00a0kuusi toivetta<\/strong><\/li>\n<li><strong>Kohdemaat: Belgia, Brasilia, Espanja, Etel\u00e4-Afrikka, Hollanti, Italia, It\u00e4valta, Kanada, Meksiko, Ranska, Saksa, Slovakia, Sveitsi,\u00a0Tsekki, Turkki, Unkari ja US<\/strong><\/li>\n<\/ul>\n<ul><\/ul>\n<h3>Leirivaihto-ohjelma<\/h3>\n<ul>\n<li>\n<p><strong>Hakuaika alkaa, kuten muillakin muodoilla, mutta p\u00e4\u00e4ttyy my\u00f6hemmin<\/strong><\/p>\n<ul>\n<li><strong>Mahdollisuus osallistua kiinnostavan teeman mukaiselle leirille kes\u00e4ll\u00e4, ajankohta hein\u00e4\u00a0\u2013\u00a0elokuu,\u00a0sopii paremmin\u00a0jo keskiasteella opiskeleville<\/strong><\/li>\n<li><strong>Euroopassa, Etel\u00e4-Afrikassa, USA:ssa ja Kanadassa<\/strong><\/li>\n<li><strong>Kesto\u00a02-3 viikkoa, joista yksi viikko\u00a0asutaan\u00a0perheess\u00e4\u00a0perheen j\u00e4senen\u00e4<\/strong><\/li>\n<li><strong>Liikuntarajoitteisille\u00a0ovat\u00a0omat leirit<\/strong><\/li>\n<li><strong>Vaihto ei\u00a0rajoita\u00a0lukio- tai muita\u00a0opiskeluja<\/strong><\/li>\n<li><strong>Vaihto tapahtuu p\u00e4\u00e4osin yksin tai yhden kaverin kanssa (ett\u00e4\u00a0kielen opiskelusta tulee tehokasta)<\/strong><\/li>\n<li><strong>Tietoa esim. kes\u00e4n -22 leireist\u00e4\u00a0l\u00f6ytyy osoitteesta\u00a0<a href=\"https:\/\/rye.fi\/wp-content\/uploads\/sites\/203\/2022\/04\/Camps-2022.04.23.pdf\" target=\"_blank\" rel=\"noopener\">https:\/\/rye.fi\/wp-content\/uploads\/sites\/203\/2022\/04\/Camps-2022.04.23.pdf<\/a>. Lopulliset listat leireist\u00e4\u00a0valmistuvat vasta\u00a0leirivuoden\u00a0kev\u00e4\u00e4ll\u00e4.<\/strong><\/li>\n<\/ul>\n<\/li>\n<\/ul>\n<h3>Odotuksia vaihtoon l\u00e4htij\u00e4lle<\/h3>\n<ul>\n<li><strong>Reippautta, rohkeutta ja kiinnostusta<\/strong><\/li>\n<li><strong>Esitelmi\u00e4 ja esitt\u00e4ytymisi\u00e4 rotaryklubeilla; kerrot maastasi, asuinymp\u00e4rist\u00f6st\u00e4si ja perheest\u00e4si, siis my\u00f6s l\u00e4hett\u00e4v\u00e4ss\u00e4 klubissa<\/strong><\/li>\n<li><strong>Sopeutumista perheen j\u00e4seneksi \u2013 s\u00e4\u00e4nn\u00f6t perheen tapojen mukaan<\/strong><\/li>\n<li><strong>Kielen ja kulttuurin opettelemista<\/strong><\/li>\n<li><strong>Koulun ottamista vakavasti<\/strong><\/li>\n<li><strong>Kommunikoimista, asioidensa kertomista<\/strong><\/li>\n<li><strong>Maansa ja Rotaryn edustamista<\/strong><\/li>\n<li><strong>Koulunk\u00e4yntiin ja harrastustoimintaan osallistumista<\/strong><\/li>\n<li><strong>Palaamista kotiin vaihdon p\u00e4\u00e4ttyess\u00e4<\/strong><\/li>\n<\/ul>\n<h3>Hakuprosessi<\/h3>\n<p><strong>Yksityiskohtaista infoa:\u00a0<a href=\"http:\/\/www.rye.fi\/\" target=\"_blank\" rel=\"noopener\">http:\/\/www.rye.fi\u00a0<\/a>ja sen alavalikot.<\/strong><\/p>\n<p><strong>Ota yhteys nuorisovaihtoasiamies Heikki Alakarhuun, Lapua Kiviristin rotaryklubi, puh 0400-865935, ja tee vapaamuotoinen hakemus, jossa kerrotaan esim. itsest\u00e4, perheest\u00e4, tulevaisuudensuunnitelmista jne. Tarvitset oman s\u00e4hk\u00f6postiositteen.<\/strong><\/p>\n<p><strong>Jatkovaiheet:<\/strong><\/p>\n<ul>\n<li><strong>Perhetapaaminen klubin edustajien kanssa, nuori ja vanhemmat<\/strong><\/li>\n<li><strong>Hakemuslomakkeiden t\u00e4ytt\u00f6\u00a0(vuosivaihdossa varsin laaja, mm. l\u00e4\u00e4k\u00e4rintodistukset, koulun\u00a0\u201dtodistus\u201d\u00a0suoraan rotaryn tietokantaan, muissa vaihdoissa tehd\u00e4\u00e4n tietokoneella valmiille lomakkeelle, mutta perustiedot sy\u00f6tet\u00e4\u00e4n tietokantaan), sitoutumislomakkeet, lupa henkil\u00f6tietojen k\u00e4ytt\u00f6\u00f6n yms.<\/strong><\/li>\n<li><strong>J\u00e4rjestelymaksun maksaminen<\/strong><\/li>\n<li><strong>Osallistuminen koulutukseen ja muu valmistautuminen<\/strong><\/li>\n<li><span><strong>\u2026 ja ei kun matkaan<\/strong>\u2026<\/span><\/li>\n<\/ul>\n<ul><\/ul>\n<p>[\/et_pb_text][\/et_pb_column_inner][\/et_pb_row_inner][et_pb_row_inner admin_label=&#8221;Rivi&#8221; _builder_version=&#8221;4.16&#8243; global_colors_info=&#8221;{}&#8221;][et_pb_column_inner saved_specialty_column_type=&#8221;2_3&#8243; _builder_version=&#8221;4.16&#8243; custom_padding=&#8221;|||&#8221; global_colors_info=&#8221;{}&#8221; parallax__hover=&#8221;off&#8221; parallax_method__hover=&#8221;on&#8221; custom_padding__hover=&#8221;|||&#8221;][et_pb_text admin_label=&#8221;Kiinnostuitko nuorisovaihdosta? &#8211; Otsikko&#8221; _builder_version=&#8221;4.16&#8243; text_orientation=&#8221;center&#8221; global_colors_info=&#8221;{}&#8221;]<\/p>\n<h4>Kiinnostuitko nuorisovaihdosta?<\/h4>\n<p>[\/et_pb_text][et_pb_text _builder_version=&#8221;4.27.4&#8243; global_colors_info=&#8221;{}&#8221;]<\/p>\n<p>&nbsp;<\/p>\n<p class=\"p2\"><strong><span class=\"s4\">Kysy rohkeasti lis\u00e4\u00e4 Rotaryn nuorisovaihdosta!<br \/><\/span><\/strong><span class=\"s1\"><strong>Klubimme nuorisovaihtoasiamies:<\/strong> <a href=\"mailto:kari@nirha.fi\">Kari Nirha<\/a><br \/><\/span><\/p>\n<p>&nbsp;<\/p>\n<p class=\"p2\"><span class=\"s1\">\u00a0<\/span><\/p>\n<p>[\/et_pb_text][\/et_pb_column_inner][\/et_pb_row_inner][\/et_pb_column][et_pb_column type=&#8221;1_3&#8243; module_class=&#8221;sivupalkki&#8221; _builder_version=&#8221;4.16&#8243; custom_padding=&#8221;|||&#8221; global_colors_info=&#8221;{}&#8221; parallax__hover=&#8221;off&#8221; parallax_method__hover=&#8221;on&#8221; module_class__hover=&#8221;sivupalkki&#8221; custom_padding__hover=&#8221;|||&#8221;][et_pb_sidebar area=&#8221;sidebar-1&#8243; module_class=&#8221;sivupalkki_sisalto&#8221; _builder_version=&#8221;4.16&#8243; locked=&#8221;on&#8221; global_colors_info=&#8221;{}&#8221;][\/et_pb_sidebar][\/et_pb_column][\/et_pb_section]<\/p>\n","protected":false},"excerpt":{"rendered":"<p>Nuorisovaihto Nuorisovaihto tiimi: Kari Nirha P\u00e4ivi Lepist\u00f6-Leikkola Jukka Luoma Vaihtarit kautta aikojen Vuiosi Vaihto Nimi Maa 2025 Kes\u00e4vaihto Kerttu Luoma Suomi Josephine Johnson USA, Red Wing Elsa Saarela Suomi Anita Valdinochi Italia, Forti 2025.2026 Vuosivaihto Bayley USA ???? Suomi Info \u00a0 Rotarypiirien v\u00e4list\u00e4 toimintaa, Suomessa piirit toimivat yhdess\u00e4 (=monipiiri) Tarkoitettu kaikille, niin rotarien lapsille kuin [&hellip;]<\/p>\n","protected":false},"author":1,"featured_media":0,"parent":0,"menu_order":0,"comment_status":"closed","ping_status":"closed","template":"","meta":{"_acf_changed":false,"_et_pb_use_builder":"on","_et_pb_old_content":"","_et_gb_content_width":"","footnotes":""},"class_list":["post-154","page","type-page","status-publish","hentry"],"acf":[],"yoast_head":"<!-- This site is optimized with the Yoast SEO plugin v27.4 - https:\/\/yoast.com\/product\/yoast-seo-wordpress\/ -->\n<title>Nuorisovaihto - Lapua Kiviristi<\/title>\n<meta name=\"robots\" content=\"index, follow, max-snippet:-1, max-image-preview:large, max-video-preview:-1\" \/>\n<link rel=\"canonical\" href=\"https:\/\/rotary.fi\/lapuakiviristi\/nuorisovaihto\/\" \/>\n<meta property=\"og:locale\" content=\"fi_FI\" \/>\n<meta property=\"og:type\" content=\"article\" \/>\n<meta property=\"og:title\" content=\"Nuorisovaihto - Lapua Kiviristi\" \/>\n<meta property=\"og:description\" content=\"Nuorisovaihto Nuorisovaihto tiimi: Kari Nirha P\u00e4ivi Lepist\u00f6-Leikkola Jukka Luoma Vaihtarit kautta aikojen Vuiosi Vaihto Nimi Maa 2025 Kes\u00e4vaihto Kerttu Luoma Suomi Josephine Johnson USA, Red Wing Elsa Saarela Suomi Anita Valdinochi Italia, Forti 2025.2026 Vuosivaihto Bayley USA ???? Suomi Info \u00a0 Rotarypiirien v\u00e4list\u00e4 toimintaa, Suomessa piirit toimivat yhdess\u00e4 (=monipiiri) Tarkoitettu kaikille, niin rotarien lapsille kuin [&hellip;]\" \/>\n<meta property=\"og:url\" content=\"https:\/\/rotary.fi\/lapuakiviristi\/nuorisovaihto\/\" \/>\n<meta property=\"og:site_name\" content=\"Lapua Kiviristi\" \/>\n<meta property=\"article:modified_time\" content=\"2025-12-08T15:08:46+00:00\" \/>\n<meta name=\"twitter:card\" content=\"summary_large_image\" \/>\n<meta name=\"twitter:label1\" content=\"Arvioitu lukuaika\" \/>\n\t<meta name=\"twitter:data1\" content=\"5 minuuttia\" \/>\n<script type=\"application\/ld+json\" class=\"yoast-schema-graph\">{\"@context\":\"https:\\\/\\\/schema.org\",\"@graph\":[{\"@type\":\"WebPage\",\"@id\":\"https:\\\/\\\/rotary.fi\\\/lapuakiviristi\\\/nuorisovaihto\\\/\",\"url\":\"https:\\\/\\\/rotary.fi\\\/lapuakiviristi\\\/nuorisovaihto\\\/\",\"name\":\"Nuorisovaihto - Lapua Kiviristi\",\"isPartOf\":{\"@id\":\"https:\\\/\\\/rotary.fi\\\/lapuakiviristi\\\/#website\"},\"datePublished\":\"2018-08-13T06:35:27+00:00\",\"dateModified\":\"2025-12-08T15:08:46+00:00\",\"breadcrumb\":{\"@id\":\"https:\\\/\\\/rotary.fi\\\/lapuakiviristi\\\/nuorisovaihto\\\/#breadcrumb\"},\"inLanguage\":\"fi\",\"potentialAction\":[{\"@type\":\"ReadAction\",\"target\":[\"https:\\\/\\\/rotary.fi\\\/lapuakiviristi\\\/nuorisovaihto\\\/\"]}]},{\"@type\":\"BreadcrumbList\",\"@id\":\"https:\\\/\\\/rotary.fi\\\/lapuakiviristi\\\/nuorisovaihto\\\/#breadcrumb\",\"itemListElement\":[{\"@type\":\"ListItem\",\"position\":1,\"name\":\"Home\",\"item\":\"https:\\\/\\\/rotary.fi\\\/lapuakiviristi\\\/\"},{\"@type\":\"ListItem\",\"position\":2,\"name\":\"Nuorisovaihto\"}]},{\"@type\":\"WebSite\",\"@id\":\"https:\\\/\\\/rotary.fi\\\/lapuakiviristi\\\/#website\",\"url\":\"https:\\\/\\\/rotary.fi\\\/lapuakiviristi\\\/\",\"name\":\"Lapua Kiviristi\",\"description\":\"Uusi Rotary klubisivusto\",\"potentialAction\":[{\"@type\":\"SearchAction\",\"target\":{\"@type\":\"EntryPoint\",\"urlTemplate\":\"https:\\\/\\\/rotary.fi\\\/lapuakiviristi\\\/?s={search_term_string}\"},\"query-input\":{\"@type\":\"PropertyValueSpecification\",\"valueRequired\":true,\"valueName\":\"search_term_string\"}}],\"inLanguage\":\"fi\"}]}<\/script>\n<!-- \/ Yoast SEO plugin. -->","yoast_head_json":{"title":"Nuorisovaihto - Lapua Kiviristi","robots":{"index":"index","follow":"follow","max-snippet":"max-snippet:-1","max-image-preview":"max-image-preview:large","max-video-preview":"max-video-preview:-1"},"canonical":"https:\/\/rotary.fi\/lapuakiviristi\/nuorisovaihto\/","og_locale":"fi_FI","og_type":"article","og_title":"Nuorisovaihto - Lapua Kiviristi","og_description":"Nuorisovaihto Nuorisovaihto tiimi: Kari Nirha P\u00e4ivi Lepist\u00f6-Leikkola Jukka Luoma Vaihtarit kautta aikojen Vuiosi Vaihto Nimi Maa 2025 Kes\u00e4vaihto Kerttu Luoma Suomi Josephine Johnson USA, Red Wing Elsa Saarela Suomi Anita Valdinochi Italia, Forti 2025.2026 Vuosivaihto Bayley USA ???? Suomi Info \u00a0 Rotarypiirien v\u00e4list\u00e4 toimintaa, Suomessa piirit toimivat yhdess\u00e4 (=monipiiri) Tarkoitettu kaikille, niin rotarien lapsille kuin [&hellip;]","og_url":"https:\/\/rotary.fi\/lapuakiviristi\/nuorisovaihto\/","og_site_name":"Lapua Kiviristi","article_modified_time":"2025-12-08T15:08:46+00:00","twitter_card":"summary_large_image","twitter_misc":{"Arvioitu lukuaika":"5 minuuttia"},"schema":{"@context":"https:\/\/schema.org","@graph":[{"@type":"WebPage","@id":"https:\/\/rotary.fi\/lapuakiviristi\/nuorisovaihto\/","url":"https:\/\/rotary.fi\/lapuakiviristi\/nuorisovaihto\/","name":"Nuorisovaihto - Lapua Kiviristi","isPartOf":{"@id":"https:\/\/rotary.fi\/lapuakiviristi\/#website"},"datePublished":"2018-08-13T06:35:27+00:00","dateModified":"2025-12-08T15:08:46+00:00","breadcrumb":{"@id":"https:\/\/rotary.fi\/lapuakiviristi\/nuorisovaihto\/#breadcrumb"},"inLanguage":"fi","potentialAction":[{"@type":"ReadAction","target":["https:\/\/rotary.fi\/lapuakiviristi\/nuorisovaihto\/"]}]},{"@type":"BreadcrumbList","@id":"https:\/\/rotary.fi\/lapuakiviristi\/nuorisovaihto\/#breadcrumb","itemListElement":[{"@type":"ListItem","position":1,"name":"Home","item":"https:\/\/rotary.fi\/lapuakiviristi\/"},{"@type":"ListItem","position":2,"name":"Nuorisovaihto"}]},{"@type":"WebSite","@id":"https:\/\/rotary.fi\/lapuakiviristi\/#website","url":"https:\/\/rotary.fi\/lapuakiviristi\/","name":"Lapua Kiviristi","description":"Uusi Rotary klubisivusto","potentialAction":[{"@type":"SearchAction","target":{"@type":"EntryPoint","urlTemplate":"https:\/\/rotary.fi\/lapuakiviristi\/?s={search_term_string}"},"query-input":{"@type":"PropertyValueSpecification","valueRequired":true,"valueName":"search_term_string"}}],"inLanguage":"fi"}]}},"lang":"fi","translations":{"fi":154,"en":1449},"pll_sync_post":[],"_links":{"self":[{"href":"https:\/\/rotary.fi\/lapuakiviristi\/wp-json\/wp\/v2\/pages\/154","targetHints":{"allow":["GET"]}}],"collection":[{"href":"https:\/\/rotary.fi\/lapuakiviristi\/wp-json\/wp\/v2\/pages"}],"about":[{"href":"https:\/\/rotary.fi\/lapuakiviristi\/wp-json\/wp\/v2\/types\/page"}],"author":[{"embeddable":true,"href":"https:\/\/rotary.fi\/lapuakiviristi\/wp-json\/wp\/v2\/users\/1"}],"replies":[{"embeddable":true,"href":"https:\/\/rotary.fi\/lapuakiviristi\/wp-json\/wp\/v2\/comments?post=154"}],"version-history":[{"count":9,"href":"https:\/\/rotary.fi\/lapuakiviristi\/wp-json\/wp\/v2\/pages\/154\/revisions"}],"predecessor-version":[{"id":2470,"href":"https:\/\/rotary.fi\/lapuakiviristi\/wp-json\/wp\/v2\/pages\/154\/revisions\/2470"}],"wp:attachment":[{"href":"https:\/\/rotary.fi\/lapuakiviristi\/wp-json\/wp\/v2\/media?parent=154"}],"curies":[{"name":"wp","href":"https:\/\/api.w.org\/{rel}","templated":true}]}}