{"id":129,"date":"2018-08-10T13:41:39","date_gmt":"2018-08-10T10:41:39","guid":{"rendered":"https:\/\/rotary.fi\/klubi2\/?page_id=129"},"modified":"2023-10-15T14:16:12","modified_gmt":"2023-10-15T11:16:12","slug":"keita-olemme","status":"publish","type":"page","link":"https:\/\/rotary.fi\/lapuakiviristi\/keita-olemme\/","title":{"rendered":"Keit\u00e4 olemme"},"content":{"rendered":"<p>[et_pb_section fb_built=&#8221;1&#8243; module_class=&#8221;jumbotron-page&#8221; _builder_version=&#8221;4.1&#8243; background_image=&#8221;https:\/\/rotary.fi\/lapuakiviristi\/wp-content\/uploads\/sites\/167\/2020\/01\/tulva_ajelu_2005.jpg&#8221;][et_pb_row _builder_version=&#8221;3.25&#8243; background_size=&#8221;initial&#8221; background_position=&#8221;top_left&#8221; background_repeat=&#8221;repeat&#8221;][et_pb_column type=&#8221;4_4&#8243; _builder_version=&#8221;3.25&#8243; custom_padding=&#8221;|||&#8221; custom_padding__hover=&#8221;|||&#8221;][et_pb_text admin_label=&#8221;P\u00e4\u00e4otsikko&#8221; _builder_version=&#8221;3.27.4&#8243; text_orientation=&#8221;center&#8221; background_layout=&#8221;dark&#8221;]<\/p>\n<h1>Keit\u00e4 olemme<\/h1>\n<p>[\/et_pb_text][\/et_pb_column][\/et_pb_row][\/et_pb_section][et_pb_section fb_built=&#8221;1&#8243; specialty=&#8221;on&#8221; module_class_2=&#8221;sivupalkki&#8221; _builder_version=&#8221;3.22&#8243;][et_pb_column type=&#8221;2_3&#8243; specialty_columns=&#8221;2&#8243; _builder_version=&#8221;3.25&#8243; custom_padding=&#8221;|||&#8221; custom_padding__hover=&#8221;|||&#8221;][et_pb_row_inner admin_label=&#8221;Rivi&#8221; _builder_version=&#8221;3.25&#8243;][et_pb_column_inner saved_specialty_column_type=&#8221;2_3&#8243; _builder_version=&#8221;3.25&#8243; custom_padding=&#8221;|||&#8221; custom_padding__hover=&#8221;|||&#8221;][et_pb_text admin_label=&#8221;Otsikko&#8221; _builder_version=&#8221;3.27.4&#8243; text_orientation=&#8221;center&#8221;]<\/p>\n<h1>Keit\u00e4 olemme<\/h1>\n<p>[\/et_pb_text][et_pb_text _builder_version=&#8221;3.27.4&#8243;]<\/p>\n<p><span style=\"font-size: 16px\">Lapua Kiviristinrotaryklubi on aktiivinen lapualainen rotaryklubi. Kokoonnumme joka torstai kokoukseen klo 17.30-19.00 Hotelli-Ravintola LapuaHoviin tapaamaan toisiamme, kuulemaan kiinnostavia esitelmi\u00e4 ja edist\u00e4m\u00e4\u00e4n hyv\u00e4\u00e4 omalla paikkakunnallamme. K\u00e4ymme my\u00f6s vierailemassa erilaisissa kohteissa. Tuemme kansainv\u00e4lisen Rotaryn humanitaarisia projekteja, osallistumme nuorisovaihtoon ja edist\u00e4mme l\u00e4hiseudun hyvinvointia.<\/span><\/p>\n<p>Klubimme perustava kokous pidettiin 19.5.1988.<br \/>Klubi on hyv\u00e4ksytty Rotary Internationalin<br \/>j\u00e4seneksi 24. kes\u00e4kuuta 1988.<\/p>\n<p>&nbsp;<\/p>\n<h4>Harrastus, jolla on tarkoitus<\/h4>\n<p>Olemme keskittyneet nuorisovaihdon tukemiseen. L\u00e4het\u00e4mme nuoria Rotaryn kansainv\u00e4liseen nuorisovaihtoon. Meid\u00e4n mielest\u00e4mme nuorisovaihto on mit\u00e4 parhainta ruohonjuuritason kansainv\u00e4listymis- ja rauhankasvatusta.<\/p>\n<p><span style=\"font-size: 16px\">\u00a0<\/span><\/p>\n<p>&nbsp;<\/p>\n<p>[\/et_pb_text][\/et_pb_column_inner][\/et_pb_row_inner][\/et_pb_column][et_pb_column type=&#8221;1_3&#8243; _builder_version=&#8221;3.25&#8243; custom_padding=&#8221;|||&#8221; custom_padding__hover=&#8221;|||&#8221;][et_pb_sidebar area=&#8221;sidebar-1&#8243; module_class=&#8221;sivupalkki_sisalto&#8221; _builder_version=&#8221;3.4.1&#8243; locked=&#8221;on&#8221;]<\/p>\n<p>[\/et_pb_sidebar][\/et_pb_column][\/et_pb_section]<\/p>\n","protected":false},"excerpt":{"rendered":"<p>Keit\u00e4 olemme Keit\u00e4 olemme Lapua Kiviristinrotaryklubi on aktiivinen lapualainen rotaryklubi. Kokoonnumme joka torstai kokoukseen klo 17.30-19.00 Hotelli-Ravintola LapuaHoviin tapaamaan toisiamme, kuulemaan kiinnostavia esitelmi\u00e4 ja edist\u00e4m\u00e4\u00e4n hyv\u00e4\u00e4 omalla paikkakunnallamme. K\u00e4ymme my\u00f6s vierailemassa erilaisissa kohteissa. Tuemme kansainv\u00e4lisen Rotaryn humanitaarisia projekteja, osallistumme nuorisovaihtoon ja edist\u00e4mme l\u00e4hiseudun hyvinvointia. Klubimme perustava kokous pidettiin 19.5.1988.Klubi on hyv\u00e4ksytty Rotary Internationalinj\u00e4seneksi 24. kes\u00e4kuuta [&hellip;]<\/p>\n","protected":false},"author":1,"featured_media":0,"parent":0,"menu_order":0,"comment_status":"closed","ping_status":"closed","template":"","meta":{"_acf_changed":false,"_et_pb_use_builder":"on","_et_pb_old_content":"","_et_gb_content_width":"","footnotes":""},"class_list":["post-129","page","type-page","status-publish","hentry"],"acf":[],"yoast_head":"<!-- This site is optimized with the Yoast SEO plugin v27.4 - https:\/\/yoast.com\/product\/yoast-seo-wordpress\/ -->\n<title>Keit\u00e4 olemme - Lapua Kiviristi<\/title>\n<meta name=\"robots\" content=\"index, follow, max-snippet:-1, max-image-preview:large, max-video-preview:-1\" \/>\n<link rel=\"canonical\" href=\"https:\/\/rotary.fi\/lapuakiviristi\/keita-olemme\/\" \/>\n<meta property=\"og:locale\" content=\"fi_FI\" \/>\n<meta property=\"og:type\" content=\"article\" \/>\n<meta property=\"og:title\" content=\"Keit\u00e4 olemme - Lapua Kiviristi\" \/>\n<meta property=\"og:description\" content=\"Keit\u00e4 olemme Keit\u00e4 olemme Lapua Kiviristinrotaryklubi on aktiivinen lapualainen rotaryklubi. Kokoonnumme joka torstai kokoukseen klo 17.30-19.00 Hotelli-Ravintola LapuaHoviin tapaamaan toisiamme, kuulemaan kiinnostavia esitelmi\u00e4 ja edist\u00e4m\u00e4\u00e4n hyv\u00e4\u00e4 omalla paikkakunnallamme. K\u00e4ymme my\u00f6s vierailemassa erilaisissa kohteissa. Tuemme kansainv\u00e4lisen Rotaryn humanitaarisia projekteja, osallistumme nuorisovaihtoon ja edist\u00e4mme l\u00e4hiseudun hyvinvointia. Klubimme perustava kokous pidettiin 19.5.1988.Klubi on hyv\u00e4ksytty Rotary Internationalinj\u00e4seneksi 24. kes\u00e4kuuta [&hellip;]\" \/>\n<meta property=\"og:url\" content=\"https:\/\/rotary.fi\/lapuakiviristi\/keita-olemme\/\" \/>\n<meta property=\"og:site_name\" content=\"Lapua Kiviristi\" \/>\n<meta property=\"article:modified_time\" content=\"2023-10-15T11:16:12+00:00\" \/>\n<meta name=\"twitter:card\" content=\"summary_large_image\" \/>\n<meta name=\"twitter:label1\" content=\"Arvioitu lukuaika\" \/>\n\t<meta name=\"twitter:data1\" content=\"1 minuutti\" \/>\n<script type=\"application\/ld+json\" class=\"yoast-schema-graph\">{\"@context\":\"https:\\\/\\\/schema.org\",\"@graph\":[{\"@type\":\"WebPage\",\"@id\":\"https:\\\/\\\/rotary.fi\\\/lapuakiviristi\\\/keita-olemme\\\/\",\"url\":\"https:\\\/\\\/rotary.fi\\\/lapuakiviristi\\\/keita-olemme\\\/\",\"name\":\"Keit\u00e4 olemme - Lapua Kiviristi\",\"isPartOf\":{\"@id\":\"https:\\\/\\\/rotary.fi\\\/lapuakiviristi\\\/#website\"},\"datePublished\":\"2018-08-10T10:41:39+00:00\",\"dateModified\":\"2023-10-15T11:16:12+00:00\",\"breadcrumb\":{\"@id\":\"https:\\\/\\\/rotary.fi\\\/lapuakiviristi\\\/keita-olemme\\\/#breadcrumb\"},\"inLanguage\":\"fi\",\"potentialAction\":[{\"@type\":\"ReadAction\",\"target\":[\"https:\\\/\\\/rotary.fi\\\/lapuakiviristi\\\/keita-olemme\\\/\"]}]},{\"@type\":\"BreadcrumbList\",\"@id\":\"https:\\\/\\\/rotary.fi\\\/lapuakiviristi\\\/keita-olemme\\\/#breadcrumb\",\"itemListElement\":[{\"@type\":\"ListItem\",\"position\":1,\"name\":\"Home\",\"item\":\"https:\\\/\\\/rotary.fi\\\/lapuakiviristi\\\/\"},{\"@type\":\"ListItem\",\"position\":2,\"name\":\"Keit\u00e4 olemme\"}]},{\"@type\":\"WebSite\",\"@id\":\"https:\\\/\\\/rotary.fi\\\/lapuakiviristi\\\/#website\",\"url\":\"https:\\\/\\\/rotary.fi\\\/lapuakiviristi\\\/\",\"name\":\"Lapua Kiviristi\",\"description\":\"Uusi Rotary klubisivusto\",\"potentialAction\":[{\"@type\":\"SearchAction\",\"target\":{\"@type\":\"EntryPoint\",\"urlTemplate\":\"https:\\\/\\\/rotary.fi\\\/lapuakiviristi\\\/?s={search_term_string}\"},\"query-input\":{\"@type\":\"PropertyValueSpecification\",\"valueRequired\":true,\"valueName\":\"search_term_string\"}}],\"inLanguage\":\"fi\"}]}<\/script>\n<!-- \/ Yoast SEO plugin. -->","yoast_head_json":{"title":"Keit\u00e4 olemme - Lapua Kiviristi","robots":{"index":"index","follow":"follow","max-snippet":"max-snippet:-1","max-image-preview":"max-image-preview:large","max-video-preview":"max-video-preview:-1"},"canonical":"https:\/\/rotary.fi\/lapuakiviristi\/keita-olemme\/","og_locale":"fi_FI","og_type":"article","og_title":"Keit\u00e4 olemme - Lapua Kiviristi","og_description":"Keit\u00e4 olemme Keit\u00e4 olemme Lapua Kiviristinrotaryklubi on aktiivinen lapualainen rotaryklubi. Kokoonnumme joka torstai kokoukseen klo 17.30-19.00 Hotelli-Ravintola LapuaHoviin tapaamaan toisiamme, kuulemaan kiinnostavia esitelmi\u00e4 ja edist\u00e4m\u00e4\u00e4n hyv\u00e4\u00e4 omalla paikkakunnallamme. K\u00e4ymme my\u00f6s vierailemassa erilaisissa kohteissa. Tuemme kansainv\u00e4lisen Rotaryn humanitaarisia projekteja, osallistumme nuorisovaihtoon ja edist\u00e4mme l\u00e4hiseudun hyvinvointia. Klubimme perustava kokous pidettiin 19.5.1988.Klubi on hyv\u00e4ksytty Rotary Internationalinj\u00e4seneksi 24. kes\u00e4kuuta [&hellip;]","og_url":"https:\/\/rotary.fi\/lapuakiviristi\/keita-olemme\/","og_site_name":"Lapua Kiviristi","article_modified_time":"2023-10-15T11:16:12+00:00","twitter_card":"summary_large_image","twitter_misc":{"Arvioitu lukuaika":"1 minuutti"},"schema":{"@context":"https:\/\/schema.org","@graph":[{"@type":"WebPage","@id":"https:\/\/rotary.fi\/lapuakiviristi\/keita-olemme\/","url":"https:\/\/rotary.fi\/lapuakiviristi\/keita-olemme\/","name":"Keit\u00e4 olemme - Lapua Kiviristi","isPartOf":{"@id":"https:\/\/rotary.fi\/lapuakiviristi\/#website"},"datePublished":"2018-08-10T10:41:39+00:00","dateModified":"2023-10-15T11:16:12+00:00","breadcrumb":{"@id":"https:\/\/rotary.fi\/lapuakiviristi\/keita-olemme\/#breadcrumb"},"inLanguage":"fi","potentialAction":[{"@type":"ReadAction","target":["https:\/\/rotary.fi\/lapuakiviristi\/keita-olemme\/"]}]},{"@type":"BreadcrumbList","@id":"https:\/\/rotary.fi\/lapuakiviristi\/keita-olemme\/#breadcrumb","itemListElement":[{"@type":"ListItem","position":1,"name":"Home","item":"https:\/\/rotary.fi\/lapuakiviristi\/"},{"@type":"ListItem","position":2,"name":"Keit\u00e4 olemme"}]},{"@type":"WebSite","@id":"https:\/\/rotary.fi\/lapuakiviristi\/#website","url":"https:\/\/rotary.fi\/lapuakiviristi\/","name":"Lapua Kiviristi","description":"Uusi Rotary klubisivusto","potentialAction":[{"@type":"SearchAction","target":{"@type":"EntryPoint","urlTemplate":"https:\/\/rotary.fi\/lapuakiviristi\/?s={search_term_string}"},"query-input":{"@type":"PropertyValueSpecification","valueRequired":true,"valueName":"search_term_string"}}],"inLanguage":"fi"}]}},"lang":"fi","translations":{"fi":129,"en":1424},"pll_sync_post":[],"_links":{"self":[{"href":"https:\/\/rotary.fi\/lapuakiviristi\/wp-json\/wp\/v2\/pages\/129","targetHints":{"allow":["GET"]}}],"collection":[{"href":"https:\/\/rotary.fi\/lapuakiviristi\/wp-json\/wp\/v2\/pages"}],"about":[{"href":"https:\/\/rotary.fi\/lapuakiviristi\/wp-json\/wp\/v2\/types\/page"}],"author":[{"embeddable":true,"href":"https:\/\/rotary.fi\/lapuakiviristi\/wp-json\/wp\/v2\/users\/1"}],"replies":[{"embeddable":true,"href":"https:\/\/rotary.fi\/lapuakiviristi\/wp-json\/wp\/v2\/comments?post=129"}],"version-history":[{"count":18,"href":"https:\/\/rotary.fi\/lapuakiviristi\/wp-json\/wp\/v2\/pages\/129\/revisions"}],"predecessor-version":[{"id":1953,"href":"https:\/\/rotary.fi\/lapuakiviristi\/wp-json\/wp\/v2\/pages\/129\/revisions\/1953"}],"wp:attachment":[{"href":"https:\/\/rotary.fi\/lapuakiviristi\/wp-json\/wp\/v2\/media?parent=129"}],"curies":[{"name":"wp","href":"https:\/\/api.w.org\/{rel}","templated":true}]}}