{"id":1993,"date":"2020-01-16T14:25:37","date_gmt":"2020-01-16T12:25:37","guid":{"rendered":"https:\/\/rotary.fi\/lapua\/?page_id=1993"},"modified":"2020-01-16T14:25:37","modified_gmt":"2020-01-16T12:25:37","slug":"tasamasaa-lapua","status":"publish","type":"page","link":"https:\/\/rotary.fi\/lapua\/tasamasaa-lapua\/","title":{"rendered":"T\u00e4s\u00e4m\u00e4s\u00e4\u00e4 Lapua"},"content":{"rendered":"","protected":false},"excerpt":{"rendered":"","protected":false},"author":53,"featured_media":0,"parent":0,"menu_order":0,"comment_status":"closed","ping_status":"closed","template":"","meta":{"_acf_changed":false,"_et_pb_use_builder":"","_et_pb_old_content":"","_et_gb_content_width":"","footnotes":""},"class_list":["post-1993","page","type-page","status-publish","hentry"],"acf":[],"yoast_head":"<!-- This site is optimized with the Yoast SEO plugin v27.0 - https:\/\/yoast.com\/product\/yoast-seo-wordpress\/ -->\n<title>T\u00e4s\u00e4m\u00e4s\u00e4\u00e4 Lapua - Lapuan Rotaryklubi<\/title>\n<meta name=\"robots\" content=\"index, follow, max-snippet:-1, max-image-preview:large, max-video-preview:-1\" \/>\n<link rel=\"canonical\" href=\"https:\/\/rotary.fi\/lapua\/tasamasaa-lapua\/\" \/>\n<meta property=\"og:locale\" content=\"fi_FI\" \/>\n<meta property=\"og:type\" content=\"article\" \/>\n<meta property=\"og:title\" content=\"T\u00e4s\u00e4m\u00e4s\u00e4\u00e4 Lapua - Lapuan Rotaryklubi\" \/>\n<meta property=\"og:url\" content=\"https:\/\/rotary.fi\/lapua\/tasamasaa-lapua\/\" \/>\n<meta property=\"og:site_name\" content=\"Lapuan Rotaryklubi\" \/>\n<meta name=\"twitter:card\" content=\"summary_large_image\" \/>\n<script type=\"application\/ld+json\" class=\"yoast-schema-graph\">{\"@context\":\"https:\/\/schema.org\",\"@graph\":[{\"@type\":\"WebPage\",\"@id\":\"https:\/\/rotary.fi\/lapua\/tasamasaa-lapua\/\",\"url\":\"https:\/\/rotary.fi\/lapua\/tasamasaa-lapua\/\",\"name\":\"T\u00e4s\u00e4m\u00e4s\u00e4\u00e4 Lapua - Lapuan Rotaryklubi\",\"isPartOf\":{\"@id\":\"https:\/\/rotary.fi\/lapua\/#website\"},\"datePublished\":\"2020-01-16T12:25:37+00:00\",\"breadcrumb\":{\"@id\":\"https:\/\/rotary.fi\/lapua\/tasamasaa-lapua\/#breadcrumb\"},\"inLanguage\":\"fi\",\"potentialAction\":[{\"@type\":\"ReadAction\",\"target\":[\"https:\/\/rotary.fi\/lapua\/tasamasaa-lapua\/\"]}]},{\"@type\":\"BreadcrumbList\",\"@id\":\"https:\/\/rotary.fi\/lapua\/tasamasaa-lapua\/#breadcrumb\",\"itemListElement\":[{\"@type\":\"ListItem\",\"position\":1,\"name\":\"Home\",\"item\":\"https:\/\/rotary.fi\/lapua\/\"},{\"@type\":\"ListItem\",\"position\":2,\"name\":\"T\u00e4s\u00e4m\u00e4s\u00e4\u00e4 Lapua\"}]},{\"@type\":\"WebSite\",\"@id\":\"https:\/\/rotary.fi\/lapua\/#website\",\"url\":\"https:\/\/rotary.fi\/lapua\/\",\"name\":\"Lapuan Rotaryklubi\",\"description\":\"Uusi Rotary klubisivusto\",\"potentialAction\":[{\"@type\":\"SearchAction\",\"target\":{\"@type\":\"EntryPoint\",\"urlTemplate\":\"https:\/\/rotary.fi\/lapua\/?s={search_term_string}\"},\"query-input\":{\"@type\":\"PropertyValueSpecification\",\"valueRequired\":true,\"valueName\":\"search_term_string\"}}],\"inLanguage\":\"fi\"}]}<\/script>\n<!-- \/ Yoast SEO plugin. -->","yoast_head_json":{"title":"T\u00e4s\u00e4m\u00e4s\u00e4\u00e4 Lapua - Lapuan Rotaryklubi","robots":{"index":"index","follow":"follow","max-snippet":"max-snippet:-1","max-image-preview":"max-image-preview:large","max-video-preview":"max-video-preview:-1"},"canonical":"https:\/\/rotary.fi\/lapua\/tasamasaa-lapua\/","og_locale":"fi_FI","og_type":"article","og_title":"T\u00e4s\u00e4m\u00e4s\u00e4\u00e4 Lapua - Lapuan Rotaryklubi","og_url":"https:\/\/rotary.fi\/lapua\/tasamasaa-lapua\/","og_site_name":"Lapuan Rotaryklubi","twitter_card":"summary_large_image","schema":{"@context":"https:\/\/schema.org","@graph":[{"@type":"WebPage","@id":"https:\/\/rotary.fi\/lapua\/tasamasaa-lapua\/","url":"https:\/\/rotary.fi\/lapua\/tasamasaa-lapua\/","name":"T\u00e4s\u00e4m\u00e4s\u00e4\u00e4 Lapua - Lapuan Rotaryklubi","isPartOf":{"@id":"https:\/\/rotary.fi\/lapua\/#website"},"datePublished":"2020-01-16T12:25:37+00:00","breadcrumb":{"@id":"https:\/\/rotary.fi\/lapua\/tasamasaa-lapua\/#breadcrumb"},"inLanguage":"fi","potentialAction":[{"@type":"ReadAction","target":["https:\/\/rotary.fi\/lapua\/tasamasaa-lapua\/"]}]},{"@type":"BreadcrumbList","@id":"https:\/\/rotary.fi\/lapua\/tasamasaa-lapua\/#breadcrumb","itemListElement":[{"@type":"ListItem","position":1,"name":"Home","item":"https:\/\/rotary.fi\/lapua\/"},{"@type":"ListItem","position":2,"name":"T\u00e4s\u00e4m\u00e4s\u00e4\u00e4 Lapua"}]},{"@type":"WebSite","@id":"https:\/\/rotary.fi\/lapua\/#website","url":"https:\/\/rotary.fi\/lapua\/","name":"Lapuan Rotaryklubi","description":"Uusi Rotary klubisivusto","potentialAction":[{"@type":"SearchAction","target":{"@type":"EntryPoint","urlTemplate":"https:\/\/rotary.fi\/lapua\/?s={search_term_string}"},"query-input":{"@type":"PropertyValueSpecification","valueRequired":true,"valueName":"search_term_string"}}],"inLanguage":"fi"}]}},"lang":"fi","translations":{"fi":1993},"pll_sync_post":[],"_links":{"self":[{"href":"https:\/\/rotary.fi\/lapua\/wp-json\/wp\/v2\/pages\/1993","targetHints":{"allow":["GET"]}}],"collection":[{"href":"https:\/\/rotary.fi\/lapua\/wp-json\/wp\/v2\/pages"}],"about":[{"href":"https:\/\/rotary.fi\/lapua\/wp-json\/wp\/v2\/types\/page"}],"author":[{"embeddable":true,"href":"https:\/\/rotary.fi\/lapua\/wp-json\/wp\/v2\/users\/53"}],"replies":[{"embeddable":true,"href":"https:\/\/rotary.fi\/lapua\/wp-json\/wp\/v2\/comments?post=1993"}],"version-history":[{"count":1,"href":"https:\/\/rotary.fi\/lapua\/wp-json\/wp\/v2\/pages\/1993\/revisions"}],"predecessor-version":[{"id":1994,"href":"https:\/\/rotary.fi\/lapua\/wp-json\/wp\/v2\/pages\/1993\/revisions\/1994"}],"wp:attachment":[{"href":"https:\/\/rotary.fi\/lapua\/wp-json\/wp\/v2\/media?parent=1993"}],"curies":[{"name":"wp","href":"https:\/\/api.w.org\/{rel}","templated":true}]}}