{"id":156,"date":"2018-08-13T09:46:59","date_gmt":"2018-08-13T06:46:59","guid":{"rendered":"https:\/\/rotary.fi\/lapua\/?page_id=156"},"modified":"2020-01-02T15:40:57","modified_gmt":"2020-01-02T13:40:57","slug":"projektit","status":"publish","type":"page","link":"https:\/\/rotary.fi\/lapua\/mita-teemme\/projektit\/","title":{"rendered":"Projektit"},"content":{"rendered":"<p>[et_pb_section fb_built=&#8221;1&#8243; module_class=&#8221;jumbotron-page&#8221; _builder_version=&#8221;4.0.6&#8243; background_image=&#8221;https:\/\/rotary.fi\/lapua\/wp-content\/uploads\/sites\/55\/2018\/08\/rotary_klubit_etusivu_paakuva_6.jpg&#8221; hover_enabled=&#8221;0&#8243;][et_pb_row _builder_version=&#8221;3.25&#8243; background_size=&#8221;initial&#8221; background_position=&#8221;top_left&#8221; background_repeat=&#8221;repeat&#8221;][et_pb_column type=&#8221;4_4&#8243; _builder_version=&#8221;3.25&#8243; custom_padding=&#8221;|||&#8221; custom_padding__hover=&#8221;|||&#8221;][et_pb_text admin_label=&#8221;P\u00e4\u00e4otsikko&#8221; _builder_version=&#8221;3.27.4&#8243; text_orientation=&#8221;center&#8221; background_layout=&#8221;dark&#8221;]<\/p>\n<h1>Projektit<\/h1>\n<p>[\/et_pb_text][\/et_pb_column][\/et_pb_row][\/et_pb_section][et_pb_section fb_built=&#8221;1&#8243; specialty=&#8221;on&#8221; module_class_2=&#8221;sivupalkki&#8221; _builder_version=&#8221;3.22&#8243;][et_pb_column type=&#8221;2_3&#8243; specialty_columns=&#8221;2&#8243; _builder_version=&#8221;3.25&#8243; custom_padding=&#8221;|||&#8221; custom_padding__hover=&#8221;|||&#8221;][et_pb_row_inner admin_label=&#8221;Rivi&#8221; _builder_version=&#8221;3.25&#8243; width=&#8221;97.1%&#8221;][et_pb_column_inner saved_specialty_column_type=&#8221;2_3&#8243; _builder_version=&#8221;3.25&#8243; custom_padding=&#8221;|||&#8221; custom_padding__hover=&#8221;|||&#8221;][et_pb_text admin_label=&#8221;Projektit &#8211; Otsikko&#8221; _builder_version=&#8221;4.0.6&#8243; text_orientation=&#8221;center&#8221;]<\/p>\n<h1>Projektit<\/h1>\n<p>[\/et_pb_text][et_pb_text _builder_version=&#8221;4.0.6&#8243; width=&#8221;100%&#8221; custom_padding=&#8221;0px|0px|0px|||&#8221; inline_fonts=&#8221;Arial&#8221;]<\/p>\n<p><span style=\"color: #8300e9\"><strong>\u00a0<\/strong><\/span><\/p>\n<p><span style=\"color: #8300e9\"><strong><\/strong><\/span><\/p>\n<h3>Rotary on palveluj\u00e4rjest\u00f6<\/h3>\n<p><span style=\"font-family: inherit;font-weight: normal\"> Toimimme tunnuslauseemme Palvelu itsekkyyden edelle (Service above self) mukaisesti paikallisesti ja maailmanlaajuisesti. Kansainv\u00e4linen humanit\u00e4\u00e4rinen palvelumme toteutuu Rotarys\u00e4\u00e4ti\u00f6mme koordinoimana ja hyv\u00e4ksyttyjen kumppaneiden kanssa.<\/span><\/p>\n<p><strong><span style=\"font-family: inherit\">Projekti Lapuan Patruunatehtaan onnettomuuden uhrien auttamiseksi<\/span><\/strong><\/p>\n<p>Klubin silloinen presidentti Keijo Laitinen kertoo:<\/p>\n<p><strong>Tanskan rotareilta avustus onnettomuusperheille<\/strong><\/p>\n<p>13.4.1976 kiiri tieto yli rajojen Lapuan Patruunatehtaan<br \/> suuronnettomuudesta. Syntyi spontaani halu tarjota apua<br \/> onnettomuusperheille. My\u00f6s rotaryt yli rajojen osallistuivat t\u00e4h\u00e4n<br \/> avustustoimintaan. N\u00e4ytt\u00e4vin teko tuli Tanskasta. Maan rotaryklubit<br \/> suorittivat keskuudessaan ker\u00e4yksen. Sen tuloksena Tanskan rotaryt<br \/> ker\u00e4siv\u00e4t kokoon 50.000 kruunun suuruisen summan Paukun onnettomuuden<br \/> uhrien perheille. 4.8.1976 Lapuan rotaryklubi sai vastaanottaa shekin<br \/> 50.000 kruunua (Suomen rahassa 31.050 markkaa)juhlallisessa<br \/> tilaisuudessa Hotelli Sampolassa. Lahjoituksen luovuttivat governorit<br \/> Ralf Sl\u00e5tte Suomesta ja Bore Bergman Tanskasta. Lahjoituksen<br \/> hallinnointi osoitettiin Lapuan rotaryklubille. Lapuan klubi perustikin<br \/> pankkeihin tilin&#8221; Lapuan rotaryklubin avustusrahasto 13.4.1976&#8243;, johon<br \/> mainittu avustuser\u00e4 osoitettiin.<\/p>\n<p>Tanskan rotarien lahjoituksesta p\u00e4\u00e4tettiin, ett\u00e4 varoja k\u00e4ytet\u00e4\u00e4n<br \/> ensisijaisesti tukemaan onnettomuusperheiden lasten opintoja,<br \/> erityisesti my\u00f6hemmin tapahtuvia ulkomaan opintoja varten. Kun varoja<br \/> oli jatkuvasti k\u00e4ytett\u00e4viss\u00e4, laajennettiin avustustoimi k\u00e4sitt\u00e4m\u00e4\u00e4n<br \/> kaikkea nuorten tarvitsemaan koulutuksellista apua eri muodoissa. Aina<br \/> 1990-luvulle saakka riitti varoja jaettavaksi. K\u00e4ytt\u00e4m\u00e4t\u00f6n osa<br \/> avustusrahastosta on sittemmin siirretty rotarys\u00e4\u00e4ti\u00f6n tilille.<\/p>\n<p><strong>Mets\u00e4projekti Ugandaan<\/strong><\/p>\n<p>Klubi toteutti kansainv\u00e4lisen projektin ker\u00e4\u00e4m\u00e4ll\u00e4 ja lahjoittamalla mets\u00e4nmittausv\u00e4lineit\u00e4 Ugandaan. Projektin vet\u00e4j\u00e4n\u00e4 toimi veli Jarkko Posti. Ugandalainen Masindin rotaryklubi v\u00e4litti lahjoituksena saadut v\u00e4lineet Nyabyenan mets\u00e4oppilaitokselle.<br \/> <strong><\/strong><\/p>\n<p><strong>\u00a0Tuulihaukan pesinn\u00e4n edist\u00e4minen Alajoella<\/strong><\/p>\n<pre class=\"western\"><span style=\"font-family: Palatino Linotype, serif;font-size: large\"><span><span style=\"font-family: inherit;font-weight: normal\">Veli Jussi Talvitie organisoi hankkeen tuulihaukan pesinn\u00e4n edist\u00e4miseksi<br \/> Lapuan Alajoella.<\/span><span style=\"font-family: inherit;font-weight: normal\"> Latojen katoamisen vuoksi tuulihaukan pesi\u00e4 laitetaan <br \/>tarjolle paaluihin. Laji melkein h\u00e4visi pesint\u00e4tappioiden vuoksi.<br \/><\/span><span style=\"font-family: inherit;font-weight: normal\">Keksittiin avop\u00f6ntt\u00f6malli, jossa tuulihaukat alkoivat pesi\u00e4<\/span>.  <\/span><\/span><\/pre>\n<p><span style=\"font-size: large\">\u00a0Kuvassa hiirip\u00f6ll\u00f6 oleilee paalun p\u00e4\u00e4ss\u00e4<\/span><span style=\"font-size: large\"><strong><\/strong><\/span><br \/> <strong><span style=\"font-size: large\"><\/span><\/strong><\/p>\n<p>[\/et_pb_text][et_pb_image src=&#8221;https:\/\/rotary.fi\/lapua\/wp-content\/uploads\/sites\/55\/2019\/11\/hiiripollo-2.jpg&#8221; align=&#8221;center&#8221; _builder_version=&#8221;4.0.6&#8243; width=&#8221;56%&#8221; max_width=&#8221;50%&#8221; min_height=&#8221;253px&#8221; height=&#8221;276px&#8221; max_height=&#8221;248px&#8221; custom_padding=&#8221;|123px||||&#8221;][\/et_pb_image][\/et_pb_column_inner][\/et_pb_row_inner][\/et_pb_column][et_pb_column type=&#8221;1_3&#8243; _builder_version=&#8221;3.25&#8243; custom_padding=&#8221;|||&#8221; custom_padding__hover=&#8221;|||&#8221;][et_pb_sidebar area=&#8221;sidebar-1&#8243; module_class=&#8221;sivupalkki_sisalto&#8221; _builder_version=&#8221;3.4.1&#8243; locked=&#8221;on&#8221;]<br \/>\n[\/et_pb_sidebar][\/et_pb_column][\/et_pb_section]<\/p>\n","protected":false},"excerpt":{"rendered":"<p>Projektit Projektit \u00a0 Rotary on palveluj\u00e4rjest\u00f6 Toimimme tunnuslauseemme Palvelu itsekkyyden edelle (Service above self) mukaisesti paikallisesti ja maailmanlaajuisesti. Kansainv\u00e4linen humanit\u00e4\u00e4rinen palvelumme toteutuu Rotarys\u00e4\u00e4ti\u00f6mme koordinoimana ja hyv\u00e4ksyttyjen kumppaneiden kanssa. Projekti Lapuan Patruunatehtaan onnettomuuden uhrien auttamiseksi Klubin silloinen presidentti Keijo Laitinen kertoo: Tanskan rotareilta avustus onnettomuusperheille 13.4.1976 kiiri tieto yli rajojen Lapuan Patruunatehtaan suuronnettomuudesta. Syntyi spontaani halu [&hellip;]<\/p>\n","protected":false},"author":1,"featured_media":0,"parent":77,"menu_order":0,"comment_status":"closed","ping_status":"closed","template":"","meta":{"_acf_changed":false,"_et_pb_use_builder":"on","_et_pb_old_content":"","_et_gb_content_width":"","footnotes":""},"class_list":["post-156","page","type-page","status-publish","hentry"],"acf":[],"yoast_head":"<!-- This site is optimized with the Yoast SEO plugin v27.4 - https:\/\/yoast.com\/product\/yoast-seo-wordpress\/ -->\n<title>Projektit - Lapuan Rotaryklubi<\/title>\n<meta name=\"robots\" content=\"index, follow, max-snippet:-1, max-image-preview:large, max-video-preview:-1\" \/>\n<link rel=\"canonical\" href=\"https:\/\/rotary.fi\/lapua\/mita-teemme\/projektit\/\" \/>\n<meta property=\"og:locale\" content=\"fi_FI\" \/>\n<meta property=\"og:type\" content=\"article\" \/>\n<meta property=\"og:title\" content=\"Projektit - Lapuan Rotaryklubi\" \/>\n<meta property=\"og:description\" content=\"Projektit Projektit \u00a0 Rotary on palveluj\u00e4rjest\u00f6 Toimimme tunnuslauseemme Palvelu itsekkyyden edelle (Service above self) mukaisesti paikallisesti ja maailmanlaajuisesti. Kansainv\u00e4linen humanit\u00e4\u00e4rinen palvelumme toteutuu Rotarys\u00e4\u00e4ti\u00f6mme koordinoimana ja hyv\u00e4ksyttyjen kumppaneiden kanssa. Projekti Lapuan Patruunatehtaan onnettomuuden uhrien auttamiseksi Klubin silloinen presidentti Keijo Laitinen kertoo: Tanskan rotareilta avustus onnettomuusperheille 13.4.1976 kiiri tieto yli rajojen Lapuan Patruunatehtaan suuronnettomuudesta. Syntyi spontaani halu [&hellip;]\" \/>\n<meta property=\"og:url\" content=\"https:\/\/rotary.fi\/lapua\/mita-teemme\/projektit\/\" \/>\n<meta property=\"og:site_name\" content=\"Lapuan Rotaryklubi\" \/>\n<meta property=\"article:modified_time\" content=\"2020-01-02T13:40:57+00:00\" \/>\n<meta name=\"twitter:card\" content=\"summary_large_image\" \/>\n<meta name=\"twitter:label1\" content=\"Arvioitu lukuaika\" \/>\n\t<meta name=\"twitter:data1\" content=\"3 minuuttia\" \/>\n<script type=\"application\/ld+json\" class=\"yoast-schema-graph\">{\"@context\":\"https:\\\/\\\/schema.org\",\"@graph\":[{\"@type\":\"WebPage\",\"@id\":\"https:\\\/\\\/rotary.fi\\\/lapua\\\/mita-teemme\\\/projektit\\\/\",\"url\":\"https:\\\/\\\/rotary.fi\\\/lapua\\\/mita-teemme\\\/projektit\\\/\",\"name\":\"Projektit - Lapuan Rotaryklubi\",\"isPartOf\":{\"@id\":\"https:\\\/\\\/rotary.fi\\\/lapua\\\/#website\"},\"datePublished\":\"2018-08-13T06:46:59+00:00\",\"dateModified\":\"2020-01-02T13:40:57+00:00\",\"breadcrumb\":{\"@id\":\"https:\\\/\\\/rotary.fi\\\/lapua\\\/mita-teemme\\\/projektit\\\/#breadcrumb\"},\"inLanguage\":\"fi\",\"potentialAction\":[{\"@type\":\"ReadAction\",\"target\":[\"https:\\\/\\\/rotary.fi\\\/lapua\\\/mita-teemme\\\/projektit\\\/\"]}]},{\"@type\":\"BreadcrumbList\",\"@id\":\"https:\\\/\\\/rotary.fi\\\/lapua\\\/mita-teemme\\\/projektit\\\/#breadcrumb\",\"itemListElement\":[{\"@type\":\"ListItem\",\"position\":1,\"name\":\"Home\",\"item\":\"https:\\\/\\\/rotary.fi\\\/lapua\\\/\"},{\"@type\":\"ListItem\",\"position\":2,\"name\":\"Mit\u00e4 teemme\",\"item\":\"https:\\\/\\\/rotary.fi\\\/lapua\\\/mita-teemme\\\/\"},{\"@type\":\"ListItem\",\"position\":3,\"name\":\"Projektit\"}]},{\"@type\":\"WebSite\",\"@id\":\"https:\\\/\\\/rotary.fi\\\/lapua\\\/#website\",\"url\":\"https:\\\/\\\/rotary.fi\\\/lapua\\\/\",\"name\":\"Lapuan Rotaryklubi\",\"description\":\"Uusi Rotary klubisivusto\",\"potentialAction\":[{\"@type\":\"SearchAction\",\"target\":{\"@type\":\"EntryPoint\",\"urlTemplate\":\"https:\\\/\\\/rotary.fi\\\/lapua\\\/?s={search_term_string}\"},\"query-input\":{\"@type\":\"PropertyValueSpecification\",\"valueRequired\":true,\"valueName\":\"search_term_string\"}}],\"inLanguage\":\"fi\"}]}<\/script>\n<!-- \/ Yoast SEO plugin. -->","yoast_head_json":{"title":"Projektit - Lapuan Rotaryklubi","robots":{"index":"index","follow":"follow","max-snippet":"max-snippet:-1","max-image-preview":"max-image-preview:large","max-video-preview":"max-video-preview:-1"},"canonical":"https:\/\/rotary.fi\/lapua\/mita-teemme\/projektit\/","og_locale":"fi_FI","og_type":"article","og_title":"Projektit - Lapuan Rotaryklubi","og_description":"Projektit Projektit \u00a0 Rotary on palveluj\u00e4rjest\u00f6 Toimimme tunnuslauseemme Palvelu itsekkyyden edelle (Service above self) mukaisesti paikallisesti ja maailmanlaajuisesti. Kansainv\u00e4linen humanit\u00e4\u00e4rinen palvelumme toteutuu Rotarys\u00e4\u00e4ti\u00f6mme koordinoimana ja hyv\u00e4ksyttyjen kumppaneiden kanssa. Projekti Lapuan Patruunatehtaan onnettomuuden uhrien auttamiseksi Klubin silloinen presidentti Keijo Laitinen kertoo: Tanskan rotareilta avustus onnettomuusperheille 13.4.1976 kiiri tieto yli rajojen Lapuan Patruunatehtaan suuronnettomuudesta. Syntyi spontaani halu [&hellip;]","og_url":"https:\/\/rotary.fi\/lapua\/mita-teemme\/projektit\/","og_site_name":"Lapuan Rotaryklubi","article_modified_time":"2020-01-02T13:40:57+00:00","twitter_card":"summary_large_image","twitter_misc":{"Arvioitu lukuaika":"3 minuuttia"},"schema":{"@context":"https:\/\/schema.org","@graph":[{"@type":"WebPage","@id":"https:\/\/rotary.fi\/lapua\/mita-teemme\/projektit\/","url":"https:\/\/rotary.fi\/lapua\/mita-teemme\/projektit\/","name":"Projektit - Lapuan Rotaryklubi","isPartOf":{"@id":"https:\/\/rotary.fi\/lapua\/#website"},"datePublished":"2018-08-13T06:46:59+00:00","dateModified":"2020-01-02T13:40:57+00:00","breadcrumb":{"@id":"https:\/\/rotary.fi\/lapua\/mita-teemme\/projektit\/#breadcrumb"},"inLanguage":"fi","potentialAction":[{"@type":"ReadAction","target":["https:\/\/rotary.fi\/lapua\/mita-teemme\/projektit\/"]}]},{"@type":"BreadcrumbList","@id":"https:\/\/rotary.fi\/lapua\/mita-teemme\/projektit\/#breadcrumb","itemListElement":[{"@type":"ListItem","position":1,"name":"Home","item":"https:\/\/rotary.fi\/lapua\/"},{"@type":"ListItem","position":2,"name":"Mit\u00e4 teemme","item":"https:\/\/rotary.fi\/lapua\/mita-teemme\/"},{"@type":"ListItem","position":3,"name":"Projektit"}]},{"@type":"WebSite","@id":"https:\/\/rotary.fi\/lapua\/#website","url":"https:\/\/rotary.fi\/lapua\/","name":"Lapuan Rotaryklubi","description":"Uusi Rotary klubisivusto","potentialAction":[{"@type":"SearchAction","target":{"@type":"EntryPoint","urlTemplate":"https:\/\/rotary.fi\/lapua\/?s={search_term_string}"},"query-input":{"@type":"PropertyValueSpecification","valueRequired":true,"valueName":"search_term_string"}}],"inLanguage":"fi"}]}},"lang":"fi","translations":{"fi":156},"pll_sync_post":[],"_links":{"self":[{"href":"https:\/\/rotary.fi\/lapua\/wp-json\/wp\/v2\/pages\/156","targetHints":{"allow":["GET"]}}],"collection":[{"href":"https:\/\/rotary.fi\/lapua\/wp-json\/wp\/v2\/pages"}],"about":[{"href":"https:\/\/rotary.fi\/lapua\/wp-json\/wp\/v2\/types\/page"}],"author":[{"embeddable":true,"href":"https:\/\/rotary.fi\/lapua\/wp-json\/wp\/v2\/users\/1"}],"replies":[{"embeddable":true,"href":"https:\/\/rotary.fi\/lapua\/wp-json\/wp\/v2\/comments?post=156"}],"version-history":[{"count":22,"href":"https:\/\/rotary.fi\/lapua\/wp-json\/wp\/v2\/pages\/156\/revisions"}],"predecessor-version":[{"id":1793,"href":"https:\/\/rotary.fi\/lapua\/wp-json\/wp\/v2\/pages\/156\/revisions\/1793"}],"up":[{"embeddable":true,"href":"https:\/\/rotary.fi\/lapua\/wp-json\/wp\/v2\/pages\/77"}],"wp:attachment":[{"href":"https:\/\/rotary.fi\/lapua\/wp-json\/wp\/v2\/media?parent=156"}],"curies":[{"name":"wp","href":"https:\/\/api.w.org\/{rel}","templated":true}]}}