{"id":142,"date":"2018-08-10T14:04:45","date_gmt":"2018-08-10T11:04:45","guid":{"rendered":"https:\/\/rotary.fi\/klubi2\/?page_id=142"},"modified":"2023-02-02T15:22:02","modified_gmt":"2023-02-02T13:22:02","slug":"ilo-esitella","status":"publish","type":"page","link":"https:\/\/rotary.fi\/lapua\/keita-olemme\/ilo-esitella\/","title":{"rendered":"Ilo esitell\u00e4"},"content":{"rendered":"<p>[et_pb_section fb_built=&#8221;1&#8243; module_class=&#8221;jumbotron-page&#8221; _builder_version=&#8221;4.16&#8243; background_image=&#8221;https:\/\/rotary.fi\/lapua\/wp-content\/uploads\/sites\/55\/2020\/01\/ruska1.jpg&#8221; global_colors_info=&#8221;{}&#8221;][et_pb_row _builder_version=&#8221;4.16&#8243; background_size=&#8221;initial&#8221; background_position=&#8221;top_left&#8221; background_repeat=&#8221;repeat&#8221; global_colors_info=&#8221;{}&#8221;][et_pb_column type=&#8221;4_4&#8243; _builder_version=&#8221;4.16&#8243; custom_padding=&#8221;|||&#8221; global_colors_info=&#8221;{}&#8221; custom_padding__hover=&#8221;|||&#8221;][et_pb_text admin_label=&#8221;P\u00e4\u00e4otsikko&#8221; _builder_version=&#8221;4.16&#8243; text_orientation=&#8221;center&#8221; background_layout=&#8221;dark&#8221; global_colors_info=&#8221;{}&#8221;]<\/p>\n<h1>Ilo esitell\u00e4<\/h1>\n<p>[\/et_pb_text][\/et_pb_column][\/et_pb_row][\/et_pb_section][et_pb_section fb_built=&#8221;1&#8243; specialty=&#8221;on&#8221; module_class_2=&#8221;sivupalkki&#8221; _builder_version=&#8221;4.16&#8243; global_colors_info=&#8221;{}&#8221;][et_pb_column type=&#8221;2_3&#8243; specialty_columns=&#8221;2&#8243; _builder_version=&#8221;4.16&#8243; custom_padding=&#8221;|||&#8221; global_colors_info=&#8221;{}&#8221; parallax__hover=&#8221;off&#8221; parallax_method__hover=&#8221;on&#8221; custom_padding__hover=&#8221;|||&#8221;][et_pb_row_inner admin_label=&#8221;Rivi&#8221; _builder_version=&#8221;4.16&#8243; global_colors_info=&#8221;{}&#8221;][et_pb_column_inner saved_specialty_column_type=&#8221;2_3&#8243; _builder_version=&#8221;4.16&#8243; custom_padding=&#8221;|||&#8221; global_colors_info=&#8221;{}&#8221; parallax__hover=&#8221;off&#8221; parallax_method__hover=&#8221;on&#8221; custom_padding__hover=&#8221;|||&#8221;][et_pb_text admin_label=&#8221;Ilo esitell\u00e4 &#8211; Otsikko&#8221; _builder_version=&#8221;4.16&#8243; text_orientation=&#8221;center&#8221; custom_margin=&#8221;||15px|||&#8221; global_colors_info=&#8221;{}&#8221;]<\/p>\n<h1>Ilo esitell\u00e4<\/h1>\n<p>[\/et_pb_text][et_pb_text _builder_version=&#8221;4.19.0&#8243; min_height=&#8221;1725px&#8221; custom_padding=&#8221;||0px|||&#8221; hover_enabled=&#8221;0&#8243; global_colors_info=&#8221;{}&#8221; sticky_enabled=&#8221;0&#8243;]<\/p>\n<p>&nbsp;<\/p>\n<h3><span style=\"color: #8300e9\"><strong>\u00a0 <\/strong><\/span>70 vuotta rotarytoimintaa Lapualla<\/h3>\n<p>Lapuan Rotaryklubi on perustettu ensimm\u00e4isen\u00e4 maaseutuklubina 18.04.1951. Noin 70 toimintavuoden ajan klubitoiminta on s\u00e4ilynyt melko vakaana ja rotaryperiaatteita kunnioittavana. J\u00e4senm\u00e4\u00e4r\u00e4 on vakiintunut v\u00e4h\u00e4n alle 40 j\u00e4senen klubiksi. Juhlimme klubin 70 vuoden toimintaa joulujuhlan yhteydess\u00e4 13.12.2022<\/p>\n<p><img loading=\"lazy\" decoding=\"async\" src=\"https:\/\/rotary.fi\/lapua\/wp-content\/uploads\/sites\/55\/2022\/11\/img-20221219-wa0003-2-300x151.jpg\" width=\"282\" height=\"142\" alt=\"\" class=\"wp-image-2355 alignnone size-medium\" \/><img loading=\"lazy\" decoding=\"async\" src=\"https:\/\/rotary.fi\/lapua\/wp-content\/uploads\/sites\/55\/2022\/11\/img-20221214-wa00092-300x143.jpg\" width=\"298\" height=\"142\" alt=\"\" class=\"wp-image-2356 alignnone size-medium\" \/><img loading=\"lazy\" decoding=\"async\" src=\"https:\/\/rotary.fi\/lapua\/wp-content\/uploads\/sites\/55\/2022\/11\/img-20221213-192605421-300x225.jpg\" width=\"189\" height=\"142\" alt=\"\" class=\"wp-image-2357 alignnone size-medium\" \/><\/p>\n<p>Mainittakoon, ett\u00e4 45 klubimme j\u00e4sent\u00e4 on saanut PHF -arvon, joka on merkitt\u00e4v\u00e4 lahjoitus Rotary-s\u00e4\u00e4ti\u00f6lle. vaihto-oppilaamme Adina Nivukoski sai PHF arvon vaihtariklubiltaan, Laci USA, lienee harvinaisuus alallaan.<\/p>\n<p><span style=\"color: #8300e9\"><strong><img loading=\"lazy\" decoding=\"async\" src=\"https:\/\/rotary.fi\/lapua\/wp-content\/uploads\/sites\/55\/2019\/11\/adina-300x222.jpg\" alt=\"\" class=\"wp-image-1517 alignnone size-medium\" width=\"280\" height=\"207\" \/>\u00a0\u00a0\u00a0\u00a0 <img loading=\"lazy\" decoding=\"async\" src=\"https:\/\/rotary.fi\/lapua\/wp-content\/uploads\/sites\/55\/2020\/01\/phf-nivukoski-2.jpg\" alt=\"\" class=\"wp-image-1868 alignnone size-full\" width=\"271\" height=\"202\" \/><\/strong><\/span><\/p>\n<p>Kuvassa presidentti Esa Luhta, Adina Nivukoski ja nuorisovaihtoasiamies Heikki Kulju.<\/p>\n<h4>Kunniamainintoja<\/h4>\n<p>Rotary International ja Suomen Rotary ovat huomioineet klubimme toimintaa kunniamaininnoin:<\/p>\n<ul>\n<li>J\u00e4senhankinnan edist\u00e4minen<\/li>\n<li>Rotary n\u00e4kyv\u00e4ksi kampanja<\/li>\n<li>Parhaat kotisivut<\/li>\n<\/ul>\n<p>&nbsp;<\/p>\n<p>&nbsp;<\/p>\n<p>&nbsp;<\/p>\n<h4><\/h4>\n<p>&nbsp;<\/p>\n<p>&nbsp;<\/p>\n<table>\n<tbody>\n<tr>\n<td><\/td>\n<td><\/td>\n<td><\/td>\n<\/tr>\n<\/tbody>\n<\/table>\n<table>\n<tbody>\n<tr>\n<td><\/td>\n<td><\/td>\n<td><\/td>\n<\/tr>\n<tr>\n<td><\/td>\n<td><\/td>\n<td><\/td>\n<\/tr>\n<\/tbody>\n<\/table>\n<p>&nbsp;<\/p>\n<p>[\/et_pb_text][\/et_pb_column_inner][\/et_pb_row_inner][\/et_pb_column][et_pb_column type=&#8221;1_3&#8243; module_class=&#8221;sivupalkki&#8221; _builder_version=&#8221;4.16&#8243; custom_padding=&#8221;|||&#8221; global_colors_info=&#8221;{}&#8221; parallax__hover=&#8221;off&#8221; parallax_method__hover=&#8221;on&#8221; module_class__hover=&#8221;sivupalkki&#8221; custom_padding__hover=&#8221;|||&#8221;][et_pb_sidebar area=&#8221;sidebar-1&#8243; module_class=&#8221;sivupalkki_sisalto&#8221; _builder_version=&#8221;4.16&#8243; locked=&#8221;on&#8221; global_colors_info=&#8221;{}&#8221;][\/et_pb_sidebar][\/et_pb_column][\/et_pb_section]<\/p>\n","protected":false},"excerpt":{"rendered":"<p>Ilo esitell\u00e4 Ilo esitell\u00e4 &nbsp; \u00a0 70 vuotta rotarytoimintaa Lapualla Lapuan Rotaryklubi on perustettu ensimm\u00e4isen\u00e4 maaseutuklubina 18.04.1951. Noin 70 toimintavuoden ajan klubitoiminta on s\u00e4ilynyt melko vakaana ja rotaryperiaatteita kunnioittavana. J\u00e4senm\u00e4\u00e4r\u00e4 on vakiintunut v\u00e4h\u00e4n alle 40 j\u00e4senen klubiksi. Juhlimme klubin 70 vuoden toimintaa joulujuhlan yhteydess\u00e4 13.12.2022 Mainittakoon, ett\u00e4 45 klubimme j\u00e4sent\u00e4 on saanut PHF -arvon, joka [&hellip;]<\/p>\n","protected":false},"author":1,"featured_media":0,"parent":129,"menu_order":0,"comment_status":"closed","ping_status":"closed","template":"","meta":{"_acf_changed":false,"_et_pb_use_builder":"on","_et_pb_old_content":"","_et_gb_content_width":"","footnotes":""},"class_list":["post-142","page","type-page","status-publish","hentry"],"acf":[],"yoast_head":"<!-- This site is optimized with the Yoast SEO plugin v27.4 - https:\/\/yoast.com\/product\/yoast-seo-wordpress\/ -->\n<title>Ilo esitell\u00e4 - Lapuan Rotaryklubi<\/title>\n<meta name=\"robots\" content=\"index, follow, max-snippet:-1, max-image-preview:large, max-video-preview:-1\" \/>\n<link rel=\"canonical\" href=\"https:\/\/rotary.fi\/lapua\/keita-olemme\/ilo-esitella\/\" \/>\n<meta property=\"og:locale\" content=\"fi_FI\" \/>\n<meta property=\"og:type\" content=\"article\" \/>\n<meta property=\"og:title\" content=\"Ilo esitell\u00e4 - Lapuan Rotaryklubi\" \/>\n<meta property=\"og:description\" content=\"Ilo esitell\u00e4 Ilo esitell\u00e4 &nbsp; \u00a0 70 vuotta rotarytoimintaa Lapualla Lapuan Rotaryklubi on perustettu ensimm\u00e4isen\u00e4 maaseutuklubina 18.04.1951. Noin 70 toimintavuoden ajan klubitoiminta on s\u00e4ilynyt melko vakaana ja rotaryperiaatteita kunnioittavana. J\u00e4senm\u00e4\u00e4r\u00e4 on vakiintunut v\u00e4h\u00e4n alle 40 j\u00e4senen klubiksi. Juhlimme klubin 70 vuoden toimintaa joulujuhlan yhteydess\u00e4 13.12.2022 Mainittakoon, ett\u00e4 45 klubimme j\u00e4sent\u00e4 on saanut PHF -arvon, joka [&hellip;]\" \/>\n<meta property=\"og:url\" content=\"https:\/\/rotary.fi\/lapua\/keita-olemme\/ilo-esitella\/\" \/>\n<meta property=\"og:site_name\" content=\"Lapuan Rotaryklubi\" \/>\n<meta property=\"article:modified_time\" content=\"2023-02-02T13:22:02+00:00\" \/>\n<meta property=\"og:image\" content=\"https:\/\/rotary.fi\/lapua\/wp-content\/uploads\/sites\/55\/2022\/11\/img-20221219-wa0003-2-300x151.jpg\" \/>\n<meta name=\"twitter:card\" content=\"summary_large_image\" \/>\n<meta name=\"twitter:label1\" content=\"Arvioitu lukuaika\" \/>\n\t<meta name=\"twitter:data1\" content=\"2 minuuttia\" \/>\n<script type=\"application\/ld+json\" class=\"yoast-schema-graph\">{\"@context\":\"https:\\\/\\\/schema.org\",\"@graph\":[{\"@type\":\"WebPage\",\"@id\":\"https:\\\/\\\/rotary.fi\\\/lapua\\\/keita-olemme\\\/ilo-esitella\\\/\",\"url\":\"https:\\\/\\\/rotary.fi\\\/lapua\\\/keita-olemme\\\/ilo-esitella\\\/\",\"name\":\"Ilo esitell\u00e4 - Lapuan Rotaryklubi\",\"isPartOf\":{\"@id\":\"https:\\\/\\\/rotary.fi\\\/lapua\\\/#website\"},\"primaryImageOfPage\":{\"@id\":\"https:\\\/\\\/rotary.fi\\\/lapua\\\/keita-olemme\\\/ilo-esitella\\\/#primaryimage\"},\"image\":{\"@id\":\"https:\\\/\\\/rotary.fi\\\/lapua\\\/keita-olemme\\\/ilo-esitella\\\/#primaryimage\"},\"thumbnailUrl\":\"https:\\\/\\\/rotary.fi\\\/lapua\\\/wp-content\\\/uploads\\\/sites\\\/55\\\/2022\\\/11\\\/img-20221219-wa0003-2-300x151.jpg\",\"datePublished\":\"2018-08-10T11:04:45+00:00\",\"dateModified\":\"2023-02-02T13:22:02+00:00\",\"breadcrumb\":{\"@id\":\"https:\\\/\\\/rotary.fi\\\/lapua\\\/keita-olemme\\\/ilo-esitella\\\/#breadcrumb\"},\"inLanguage\":\"fi\",\"potentialAction\":[{\"@type\":\"ReadAction\",\"target\":[\"https:\\\/\\\/rotary.fi\\\/lapua\\\/keita-olemme\\\/ilo-esitella\\\/\"]}]},{\"@type\":\"ImageObject\",\"inLanguage\":\"fi\",\"@id\":\"https:\\\/\\\/rotary.fi\\\/lapua\\\/keita-olemme\\\/ilo-esitella\\\/#primaryimage\",\"url\":\"https:\\\/\\\/rotary.fi\\\/lapua\\\/wp-content\\\/uploads\\\/sites\\\/55\\\/2022\\\/11\\\/img-20221219-wa0003-2.jpg\",\"contentUrl\":\"https:\\\/\\\/rotary.fi\\\/lapua\\\/wp-content\\\/uploads\\\/sites\\\/55\\\/2022\\\/11\\\/img-20221219-wa0003-2.jpg\",\"width\":1668,\"height\":840},{\"@type\":\"BreadcrumbList\",\"@id\":\"https:\\\/\\\/rotary.fi\\\/lapua\\\/keita-olemme\\\/ilo-esitella\\\/#breadcrumb\",\"itemListElement\":[{\"@type\":\"ListItem\",\"position\":1,\"name\":\"Home\",\"item\":\"https:\\\/\\\/rotary.fi\\\/lapua\\\/\"},{\"@type\":\"ListItem\",\"position\":2,\"name\":\"Keit\u00e4 olemme\",\"item\":\"https:\\\/\\\/rotary.fi\\\/lapua\\\/keita-olemme\\\/\"},{\"@type\":\"ListItem\",\"position\":3,\"name\":\"Ilo esitell\u00e4\"}]},{\"@type\":\"WebSite\",\"@id\":\"https:\\\/\\\/rotary.fi\\\/lapua\\\/#website\",\"url\":\"https:\\\/\\\/rotary.fi\\\/lapua\\\/\",\"name\":\"Lapuan Rotaryklubi\",\"description\":\"Uusi Rotary klubisivusto\",\"potentialAction\":[{\"@type\":\"SearchAction\",\"target\":{\"@type\":\"EntryPoint\",\"urlTemplate\":\"https:\\\/\\\/rotary.fi\\\/lapua\\\/?s={search_term_string}\"},\"query-input\":{\"@type\":\"PropertyValueSpecification\",\"valueRequired\":true,\"valueName\":\"search_term_string\"}}],\"inLanguage\":\"fi\"}]}<\/script>\n<!-- \/ Yoast SEO plugin. -->","yoast_head_json":{"title":"Ilo esitell\u00e4 - Lapuan Rotaryklubi","robots":{"index":"index","follow":"follow","max-snippet":"max-snippet:-1","max-image-preview":"max-image-preview:large","max-video-preview":"max-video-preview:-1"},"canonical":"https:\/\/rotary.fi\/lapua\/keita-olemme\/ilo-esitella\/","og_locale":"fi_FI","og_type":"article","og_title":"Ilo esitell\u00e4 - Lapuan Rotaryklubi","og_description":"Ilo esitell\u00e4 Ilo esitell\u00e4 &nbsp; \u00a0 70 vuotta rotarytoimintaa Lapualla Lapuan Rotaryklubi on perustettu ensimm\u00e4isen\u00e4 maaseutuklubina 18.04.1951. Noin 70 toimintavuoden ajan klubitoiminta on s\u00e4ilynyt melko vakaana ja rotaryperiaatteita kunnioittavana. J\u00e4senm\u00e4\u00e4r\u00e4 on vakiintunut v\u00e4h\u00e4n alle 40 j\u00e4senen klubiksi. Juhlimme klubin 70 vuoden toimintaa joulujuhlan yhteydess\u00e4 13.12.2022 Mainittakoon, ett\u00e4 45 klubimme j\u00e4sent\u00e4 on saanut PHF -arvon, joka [&hellip;]","og_url":"https:\/\/rotary.fi\/lapua\/keita-olemme\/ilo-esitella\/","og_site_name":"Lapuan Rotaryklubi","article_modified_time":"2023-02-02T13:22:02+00:00","og_image":[{"url":"https:\/\/rotary.fi\/lapua\/wp-content\/uploads\/sites\/55\/2022\/11\/img-20221219-wa0003-2-300x151.jpg","type":"","width":"","height":""}],"twitter_card":"summary_large_image","twitter_misc":{"Arvioitu lukuaika":"2 minuuttia"},"schema":{"@context":"https:\/\/schema.org","@graph":[{"@type":"WebPage","@id":"https:\/\/rotary.fi\/lapua\/keita-olemme\/ilo-esitella\/","url":"https:\/\/rotary.fi\/lapua\/keita-olemme\/ilo-esitella\/","name":"Ilo esitell\u00e4 - Lapuan Rotaryklubi","isPartOf":{"@id":"https:\/\/rotary.fi\/lapua\/#website"},"primaryImageOfPage":{"@id":"https:\/\/rotary.fi\/lapua\/keita-olemme\/ilo-esitella\/#primaryimage"},"image":{"@id":"https:\/\/rotary.fi\/lapua\/keita-olemme\/ilo-esitella\/#primaryimage"},"thumbnailUrl":"https:\/\/rotary.fi\/lapua\/wp-content\/uploads\/sites\/55\/2022\/11\/img-20221219-wa0003-2-300x151.jpg","datePublished":"2018-08-10T11:04:45+00:00","dateModified":"2023-02-02T13:22:02+00:00","breadcrumb":{"@id":"https:\/\/rotary.fi\/lapua\/keita-olemme\/ilo-esitella\/#breadcrumb"},"inLanguage":"fi","potentialAction":[{"@type":"ReadAction","target":["https:\/\/rotary.fi\/lapua\/keita-olemme\/ilo-esitella\/"]}]},{"@type":"ImageObject","inLanguage":"fi","@id":"https:\/\/rotary.fi\/lapua\/keita-olemme\/ilo-esitella\/#primaryimage","url":"https:\/\/rotary.fi\/lapua\/wp-content\/uploads\/sites\/55\/2022\/11\/img-20221219-wa0003-2.jpg","contentUrl":"https:\/\/rotary.fi\/lapua\/wp-content\/uploads\/sites\/55\/2022\/11\/img-20221219-wa0003-2.jpg","width":1668,"height":840},{"@type":"BreadcrumbList","@id":"https:\/\/rotary.fi\/lapua\/keita-olemme\/ilo-esitella\/#breadcrumb","itemListElement":[{"@type":"ListItem","position":1,"name":"Home","item":"https:\/\/rotary.fi\/lapua\/"},{"@type":"ListItem","position":2,"name":"Keit\u00e4 olemme","item":"https:\/\/rotary.fi\/lapua\/keita-olemme\/"},{"@type":"ListItem","position":3,"name":"Ilo esitell\u00e4"}]},{"@type":"WebSite","@id":"https:\/\/rotary.fi\/lapua\/#website","url":"https:\/\/rotary.fi\/lapua\/","name":"Lapuan Rotaryklubi","description":"Uusi Rotary klubisivusto","potentialAction":[{"@type":"SearchAction","target":{"@type":"EntryPoint","urlTemplate":"https:\/\/rotary.fi\/lapua\/?s={search_term_string}"},"query-input":{"@type":"PropertyValueSpecification","valueRequired":true,"valueName":"search_term_string"}}],"inLanguage":"fi"}]}},"lang":"fi","translations":{"fi":142},"pll_sync_post":[],"_links":{"self":[{"href":"https:\/\/rotary.fi\/lapua\/wp-json\/wp\/v2\/pages\/142","targetHints":{"allow":["GET"]}}],"collection":[{"href":"https:\/\/rotary.fi\/lapua\/wp-json\/wp\/v2\/pages"}],"about":[{"href":"https:\/\/rotary.fi\/lapua\/wp-json\/wp\/v2\/types\/page"}],"author":[{"embeddable":true,"href":"https:\/\/rotary.fi\/lapua\/wp-json\/wp\/v2\/users\/1"}],"replies":[{"embeddable":true,"href":"https:\/\/rotary.fi\/lapua\/wp-json\/wp\/v2\/comments?post=142"}],"version-history":[{"count":9,"href":"https:\/\/rotary.fi\/lapua\/wp-json\/wp\/v2\/pages\/142\/revisions"}],"predecessor-version":[{"id":2372,"href":"https:\/\/rotary.fi\/lapua\/wp-json\/wp\/v2\/pages\/142\/revisions\/2372"}],"up":[{"embeddable":true,"href":"https:\/\/rotary.fi\/lapua\/wp-json\/wp\/v2\/pages\/129"}],"wp:attachment":[{"href":"https:\/\/rotary.fi\/lapua\/wp-json\/wp\/v2\/media?parent=142"}],"curies":[{"name":"wp","href":"https:\/\/api.w.org\/{rel}","templated":true}]}}