{"id":129,"date":"2018-08-10T13:41:39","date_gmt":"2018-08-10T10:41:39","guid":{"rendered":"https:\/\/rotary.fi\/klubi2\/?page_id=129"},"modified":"2020-01-16T15:48:12","modified_gmt":"2020-01-16T13:48:12","slug":"keita-olemme","status":"publish","type":"page","link":"https:\/\/rotary.fi\/lapua\/keita-olemme\/","title":{"rendered":"Keit\u00e4 olemme"},"content":{"rendered":"<p>[et_pb_section fb_built=&#8221;1&#8243; module_class=&#8221;jumbotron-page&#8221; _builder_version=&#8221;3.27.4&#8243; background_image=&#8221;https:\/\/rotary.fi\/lapua\/wp-content\/uploads\/sites\/55\/2019\/01\/keita-olemme-1-3.jpg&#8221;][et_pb_row _builder_version=&#8221;3.25&#8243; background_size=&#8221;initial&#8221; background_position=&#8221;top_left&#8221; background_repeat=&#8221;repeat&#8221;][et_pb_column type=&#8221;4_4&#8243; _builder_version=&#8221;3.25&#8243; custom_padding=&#8221;|||&#8221; custom_padding__hover=&#8221;|||&#8221;][et_pb_text admin_label=&#8221;P\u00e4\u00e4otsikko&#8221; _builder_version=&#8221;3.27.4&#8243; text_orientation=&#8221;center&#8221; background_layout=&#8221;dark&#8221;]<\/p>\n<h1>Keit\u00e4 olemme<\/h1>\n<p>[\/et_pb_text][\/et_pb_column][\/et_pb_row][\/et_pb_section][et_pb_section fb_built=&#8221;1&#8243; specialty=&#8221;on&#8221; module_class_2=&#8221;sivupalkki&#8221; _builder_version=&#8221;3.22&#8243;][et_pb_column type=&#8221;2_3&#8243; specialty_columns=&#8221;2&#8243; _builder_version=&#8221;3.25&#8243; custom_padding=&#8221;|||&#8221; custom_padding__hover=&#8221;|||&#8221;][et_pb_row_inner admin_label=&#8221;Rivi&#8221; _builder_version=&#8221;4.0.8&#8243; background_enable_image=&#8221;off&#8221;][et_pb_column_inner saved_specialty_column_type=&#8221;2_3&#8243; _builder_version=&#8221;3.25&#8243; custom_padding=&#8221;|||&#8221; custom_padding__hover=&#8221;|||&#8221;][et_pb_text admin_label=&#8221;Otsikko&#8221; _builder_version=&#8221;3.27.4&#8243; text_orientation=&#8221;center&#8221;]<\/p>\n<h1>Keit\u00e4 olemme<\/h1>\n<p>[\/et_pb_text][et_pb_text _builder_version=&#8221;4.1&#8243; hover_enabled=&#8221;0&#8243;]<\/p>\n<p>&nbsp;<\/p>\n<p>Lapuan Rotaryklubi on aktiivinen lapualainen rotaryklubi. Kokoonnumme joka tiista klo 17.00 Lapuan kristillisen opiston Tammisalissa tapaamaan toisiamme, kuulemaan kiinnostavia esitelmi\u00e4 ja edist\u00e4m\u00e4\u00e4n hyv\u00e4\u00e4 omalla paikkakunnallamme. K\u00e4ymme my\u00f6s vierailemassa erilaisissa kohteissa. Tuemme kansainv\u00e4lisen Rotaryn humanitaarisia projekteja, osallistumme nuorisovaihtoon ja edist\u00e4mme l\u00e4hiseudun hyvinvointia.<\/p>\n<p>Klubimme on perustettu 18.4.1951 maailman ensimm\u00e4isen\u00e4 maaseutuklubina.. Kummiklubimme on Sein\u00e4joen Rotaryklubi . Klubissamme on 39 j\u00e4sent\u00e4. Olemme osa piiri\u00e4 1380.<\/p>\n<p>&nbsp;<\/p>\n<h4>Harrastus, jolla on tarkoitus<\/h4>\n<p>Olemme keskittyneet nuorisovaihdon tukemiseen. J\u00e4rjest\u00e4mme nuoria Rotaryn kansainv\u00e4liseen nuorisovaihtoon. Meid\u00e4n mielest\u00e4mme nuorisovaihto on mit\u00e4 parhainta ruohonjuuritason kansainv\u00e4listymis- ja rauhankasvatusta.<\/p>\n<p>Pid\u00e4mme arvossa kansainv\u00e4lisen Rotary Internationalin ponnisteluja ja j\u00e4rjest\u00f6n arvokasta ty\u00f6t\u00e4 muun muassa polion h\u00e4vitt\u00e4miseksi maapallolta. Pelk\u00e4st\u00e4\u00e4n t\u00e4h\u00e4n ty\u00f6h\u00f6n Rotary on suunnannut runsaasti vapaaehtoisvoimaa sek\u00e4 yli 1,2 miljardia US-dollaria.<\/p>\n<p>&nbsp;<\/p>\n<h4>Vaikuttava kansainv\u00e4linen verkosto<\/h4>\n<p>Rotary on Chicagossa 23.2.1905 perustettu kansainv\u00e4linen palvelu- ja hyv\u00e4ntekev\u00e4isyysorganisaatio. Rotary Internationalin kotipaikka on Evanston, USA:n osavaltiossa Illinoisissa. Tunnuslauseemme on Palvelu itsekkyyden edelle (Service Above Self).<\/p>\n<p>Rotaryyn kuuluu 1,2 miljoona j\u00e4sent\u00e4 35 000 klubissa yli 200 maassa. Rotary on merkitt\u00e4v\u00e4 kansainv\u00e4linen palvelu- ja hyv\u00e4ntekev\u00e4isyysj\u00e4rjest\u00f6. Suomi on jaettu kuuteen rotarypiiriin, joista yhteen kuuluvat my\u00f6s Viron klubit. Suomessa ja Virossa on yhteens\u00e4 300 klubia, joissa runsaat 10\u00a0000 rotaria.<\/p>\n<h4>Klubin perustaminen<\/h4>\n<p>Lapuan Rotaryklubin perustamiseen t\u00e4ht\u00e4\u00e4vi\u00e4 ensimm\u00e4isi\u00e4 askeleita oli, kun talvella 1950-1951 silloinen KOP:n ja Lapuan Nahkatehdas Oy:n johtaja Onni Sairanen kutsui muutamia tuttaviaan kotiinsa talvi-iltaa viett\u00e4m\u00e4\u00e4n. Illan &#8221;teemana&#8221; oli keskustella mahdollisuudesta perustaa Lapualle Rotaryklubi.<\/p>\n<p>Piirigovernor oli huhtikuuta koskevassa kuukausikirjeess\u00e4\u00e4n ilmoittanut, ett\u00e4 Lapuan RK oli numerolla 7765 ja p\u00e4iv\u00e4m\u00e4\u00e4r\u00e4ll\u00e4 18.4.1951 hyv\u00e4ksytty j\u00e4seneksi rotariperheeseen per\u00e4ti <span style=\"text-decoration: underline\">maailman ensimm\u00e4isen\u00e4 klubina puhtaalle maaseutupaikkakunnalle<\/span>.<\/p>\n<p>Aloitustoimiin kuului my\u00f6s oman lipun suunnittelu. Lippuluonnosta l\u00e4hti suunnittelemaan taiteilijaveljemme Kaarlo Lamminheimo, joka jo viikkokokouksessa 28.5.1951 esitti luonnosehdotuksensa klubin lipuksi<\/p>\n<h4>Nostoja eri vuosikymmenilt\u00e4<\/h4>\n<p>Aiheita, joita on k\u00e4sitelty klubiesitelmiss\u00e4 eri vuosikymmenill\u00e4, ajankohtaisia t\u00e4n\u00e4\u00e4nkin.<\/p>\n<ul>\n<li>\n<p><span style=\"font-weight: bold\">\u00a0Klubi edell\u00e4k\u00e4vij\u00e4n\u00e4<\/span><\/p>\n<\/li>\n<\/ul>\n<p>Monissa yhteiskunnallisissa asioissa on LRK saattanut olla her\u00e4tteit\u00e4 antavana elementtin\u00e4. Esim. luonnonsuojelu nykymuodossaan on vasta 80- ja 90-luvuilla noussut huomattavaksi aiheeksi yleisess\u00e4 keskustelussa. Ansiokkaan alustuksen t\u00e4st\u00e4 aiheesta piti klubiveli Leevi M\u00e4ki jo niin varhain kuin 16.1.1956. Uutuudellaan alustus her\u00e4tti tuolloin vilkasta keskustelua ja oli ik\u00e4\u00e4nkuin jonkinlaisena airueena my\u00f6hemmin niin p\u00e4iv\u00e4npolttavalle aiheelle.<\/p>\n<p>&nbsp;<\/p>\n<hr \/>\n<ul>\n<li>\n<p><span style=\"font-weight: bold\">\u00a0Nuoriso ja vanhukset.<\/span><\/p>\n<\/li>\n<\/ul>\n<p>Klubipaneelin aiheena oli &#8221;syrjit\u00e4\u00e4nk\u00f6 nuorisoa Lapualla&#8221;. Paneelissa oli kolme nuorta ja kaksi rotaria. Nuoret eiv\u00e4t pit\u00e4neet itse\u00e4\u00e4n syrjittyn\u00e4. &#8221;Yleens\u00e4 kaikista puheenvuoroista ilmeni se, ett\u00e4 vanhat eiv\u00e4t ymm\u00e4rr\u00e4 nykynuoria, vaikka tahtoisivatkin, sill\u00e4 ajattelutapa on muuttunut (ja mik\u00e4 lie muukin ?).&#8221;<\/p>\n<p>Yhteiskuntapalvelukomitean aloitteesta klubissa pidettiin kolmiosainen esitelm\u00e4sarja vanhustenhuollon ongelmista. Sarjan ensimm\u00e4isess\u00e4 osassa kokoonnuimme Lapuan Saarenp\u00e4\u00e4-kotiin keskustelemaan osa-alueesta: vapaaehtoisty\u00f6n merkitys vanhustenhuollossa Lapualla. Marraskuun alkupuolella tutustuttiin vastaavasti vanhainkodin toimintaan johtaja Eeva Haapa-ahon johdolla ja tuomiokirkkoseurakunnan vanhusten henkiseen ja hengelliseen ty\u00f6h\u00f6n Saara-Kyllikki Heinolan<\/p>\n<p>&nbsp;<\/p>\n<hr \/>\n<p>&nbsp;<\/p>\n<ul>\n<li>\n<p><span style=\"font-weight: bold\">Tulevaisuuden ennustaminen<\/span><\/p>\n<\/li>\n<\/ul>\n<p>Maanantaina 12. 4. 1976 koulutoimenjohtaja Pentti Punkari piti esitelm\u00e4n oppilashuollosta. Seuraavana aamuna h\u00e4t\u00e4 ja huollon tarve sai j\u00e4rkytt\u00e4v\u00e4t mittasuhteet. Lapuan patruunatehtaalla tapahtui r\u00e4j\u00e4hdys, jossa 40 henke\u00e4 kuoli ja monet loukkaantuivat. Jo virkansa ja ty\u00f6ns\u00e4 vuoksi monet rotaryklubin j\u00e4senet joutuivat hoitamaan raskaita teht\u00e4vi\u00e4 pitk\u00e4t ajat.<\/p>\n<p>Talvella 1975 Heikki Yliannala puhui ydinenergian k\u00e4ytt\u00f6\u00f6n liittyvist\u00e4 vaaroista. H\u00e4n kertoi , ett\u00e4 on j\u00e4rjestetty k\u00e4ytt\u00f6olosuhteita vastaava koe, jossa reaktorin annettiin r\u00e4j\u00e4ht\u00e4\u00e4. &#8221;Kokeessa todettiin ymp\u00e4rist\u00f6lle aiheutuvien haittavaikutusten olevan suhteellisen v\u00e4h\u00e4iset ja rajoittuvan pienelle alueelle.&#8221; Sitten esitelm\u00f6itsij\u00e4 lis\u00e4si viisaasti: &#8221;Suurinta teoreettisesti mahdollista katastrofia ei ole viel\u00e4 sattunut.&#8221; Vuosikymment\u00e4 my\u00f6hemmin sitten tapahtui Tsernobylin onnettomuus, vaikka sellaisen tilastollinen todenn\u00e4k\u00f6isyys on ilmeisesti v\u00e4h\u00e4inen. Viisautemme ei aina riit\u00e4 tulevan ennakointiin. Yll\u00e4tyksi\u00e4 sattuu.<\/p>\n<p>Kun pankinjohtaja Antti Lassila vuonna 1979 piti selke\u00e4n esitelm\u00e4n pankkien riskinkantokyvyst\u00e4, veljet klubissa ihmetteliv\u00e4t, miksi h\u00e4n puhuu n\u00e4in teoreettisesta asiasta.<\/p>\n<p>&nbsp;<\/p>\n<hr \/>\n<p>&nbsp;<\/p>\n<ul>\n<li>\n<p>\u00a0<span style=\"font-weight: bold\">S\u00e4\u00e4nt\u00f6j\u00e4 ja m\u00e4\u00e4r\u00e4yksi\u00e4<\/span><\/p>\n<\/li>\n<\/ul>\n<p>Kes\u00e4ll\u00e4 1970, samaan aikaan kun keskusteltiin kovasti Lievestuoreen lipe\u00e4st\u00e4, nimismies Pentti Kangasvieri kertoi, ett\u00e4 \u00f6ljy\u00e4 on virrannut Lapuanjoessa monen kilometrin pituisena lauttana. Palokunta oli rakentanut jokeen puomin, ja poistunut paikalta vedoten t\u00e4ss\u00e4kin tilanteessa m\u00e4\u00e4r\u00e4ykseen, ett\u00e4 palopaikalla ei saa viipy\u00e4 kauempaa kuin sammutusteht\u00e4v\u00e4t vaativat. Kysyttiin kuka hoitaa saastevalvontateht\u00e4v\u00e4t ? Kangasvieri vastasi, ett\u00e4 valvojia on riitt\u00e4v\u00e4sti, ja m\u00e4\u00e4r\u00e4yksi\u00e4 varsin runsaasti, &#8221;jos niit\u00e4 noudatettaisiin&#8221;.<\/p>\n<p>&nbsp;<\/p>\n<ul>\n<li>\n<p style=\"margin-bottom: 0cm\"><span style=\"font-weight: bold\">Klubin 60 vuotisjuhla 5.3.2011<\/span><\/p>\n<\/li>\n<\/ul>\n<p>Vietettiin kev\u00e4\u00e4ll\u00e4 2011 Lapuan Kristillisell\u00e4 opistolla presidentti Juhani Karvalan is\u00e4nn\u00f6im\u00e4n\u00e4. Juhlapuhujana oli piirigovernor Esko T. Haaparanta ja katsauksen klubin kymmenvuotiskauteen 50 v. &#8211; 60 v- esitti Martti Viitala. Kunniaj\u00e4seniksi kutsutiin Martti Peltonen ja Seppo Saari<\/p>\n<p><span style=\"color: #000000\">Juhlapuhe piirigovernor Esko T. Haaparanta<\/span><\/p>\n<p><span style=\"color: #000000\">Kunniaj\u00e4senet Seppo Saari ja Martti Peltonen<\/span><\/p>\n<p>[\/et_pb_text][\/et_pb_column_inner][\/et_pb_row_inner][\/et_pb_column][et_pb_column type=&#8221;1_3&#8243; _builder_version=&#8221;3.25&#8243; custom_padding=&#8221;|||&#8221; custom_padding__hover=&#8221;|||&#8221;][et_pb_sidebar area=&#8221;sidebar-1&#8243; module_class=&#8221;sivupalkki_sisalto&#8221; _builder_version=&#8221;3.4.1&#8243; locked=&#8221;on&#8221;][\/et_pb_sidebar][\/et_pb_column][\/et_pb_section]<\/p>\n","protected":false},"excerpt":{"rendered":"<p>Keit\u00e4 olemme Keit\u00e4 olemme &nbsp; Lapuan Rotaryklubi on aktiivinen lapualainen rotaryklubi. Kokoonnumme joka tiista klo 17.00 Lapuan kristillisen opiston Tammisalissa tapaamaan toisiamme, kuulemaan kiinnostavia esitelmi\u00e4 ja edist\u00e4m\u00e4\u00e4n hyv\u00e4\u00e4 omalla paikkakunnallamme. K\u00e4ymme my\u00f6s vierailemassa erilaisissa kohteissa. Tuemme kansainv\u00e4lisen Rotaryn humanitaarisia projekteja, osallistumme nuorisovaihtoon ja edist\u00e4mme l\u00e4hiseudun hyvinvointia. Klubimme on perustettu 18.4.1951 maailman ensimm\u00e4isen\u00e4 maaseutuklubina.. Kummiklubimme on [&hellip;]<\/p>\n","protected":false},"author":1,"featured_media":0,"parent":0,"menu_order":0,"comment_status":"closed","ping_status":"closed","template":"","meta":{"_acf_changed":false,"_et_pb_use_builder":"on","_et_pb_old_content":"","_et_gb_content_width":"","footnotes":""},"class_list":["post-129","page","type-page","status-publish","hentry"],"acf":[],"yoast_head":"<!-- This site is optimized with the Yoast SEO plugin v27.0 - https:\/\/yoast.com\/product\/yoast-seo-wordpress\/ -->\n<title>Keit\u00e4 olemme - Lapuan Rotaryklubi<\/title>\n<meta name=\"robots\" content=\"index, follow, max-snippet:-1, max-image-preview:large, max-video-preview:-1\" \/>\n<link rel=\"canonical\" href=\"https:\/\/rotary.fi\/lapua\/keita-olemme\/\" \/>\n<meta property=\"og:locale\" content=\"fi_FI\" \/>\n<meta property=\"og:type\" content=\"article\" \/>\n<meta property=\"og:title\" content=\"Keit\u00e4 olemme - Lapuan Rotaryklubi\" \/>\n<meta property=\"og:description\" content=\"Keit\u00e4 olemme Keit\u00e4 olemme &nbsp; Lapuan Rotaryklubi on aktiivinen lapualainen rotaryklubi. Kokoonnumme joka tiista klo 17.00 Lapuan kristillisen opiston Tammisalissa tapaamaan toisiamme, kuulemaan kiinnostavia esitelmi\u00e4 ja edist\u00e4m\u00e4\u00e4n hyv\u00e4\u00e4 omalla paikkakunnallamme. K\u00e4ymme my\u00f6s vierailemassa erilaisissa kohteissa. Tuemme kansainv\u00e4lisen Rotaryn humanitaarisia projekteja, osallistumme nuorisovaihtoon ja edist\u00e4mme l\u00e4hiseudun hyvinvointia. Klubimme on perustettu 18.4.1951 maailman ensimm\u00e4isen\u00e4 maaseutuklubina.. Kummiklubimme on [&hellip;]\" \/>\n<meta property=\"og:url\" content=\"https:\/\/rotary.fi\/lapua\/keita-olemme\/\" \/>\n<meta property=\"og:site_name\" content=\"Lapuan Rotaryklubi\" \/>\n<meta property=\"article:modified_time\" content=\"2020-01-16T13:48:12+00:00\" \/>\n<meta name=\"twitter:card\" content=\"summary_large_image\" \/>\n<meta name=\"twitter:label1\" content=\"Arvioitu lukuaika\" \/>\n\t<meta name=\"twitter:data1\" content=\"5 minuuttia\" \/>\n<script type=\"application\/ld+json\" class=\"yoast-schema-graph\">{\"@context\":\"https:\/\/schema.org\",\"@graph\":[{\"@type\":\"WebPage\",\"@id\":\"https:\/\/rotary.fi\/lapua\/keita-olemme\/\",\"url\":\"https:\/\/rotary.fi\/lapua\/keita-olemme\/\",\"name\":\"Keit\u00e4 olemme - Lapuan Rotaryklubi\",\"isPartOf\":{\"@id\":\"https:\/\/rotary.fi\/lapua\/#website\"},\"datePublished\":\"2018-08-10T10:41:39+00:00\",\"dateModified\":\"2020-01-16T13:48:12+00:00\",\"breadcrumb\":{\"@id\":\"https:\/\/rotary.fi\/lapua\/keita-olemme\/#breadcrumb\"},\"inLanguage\":\"fi\",\"potentialAction\":[{\"@type\":\"ReadAction\",\"target\":[\"https:\/\/rotary.fi\/lapua\/keita-olemme\/\"]}]},{\"@type\":\"BreadcrumbList\",\"@id\":\"https:\/\/rotary.fi\/lapua\/keita-olemme\/#breadcrumb\",\"itemListElement\":[{\"@type\":\"ListItem\",\"position\":1,\"name\":\"Home\",\"item\":\"https:\/\/rotary.fi\/lapua\/\"},{\"@type\":\"ListItem\",\"position\":2,\"name\":\"Keit\u00e4 olemme\"}]},{\"@type\":\"WebSite\",\"@id\":\"https:\/\/rotary.fi\/lapua\/#website\",\"url\":\"https:\/\/rotary.fi\/lapua\/\",\"name\":\"Lapuan Rotaryklubi\",\"description\":\"Uusi Rotary klubisivusto\",\"potentialAction\":[{\"@type\":\"SearchAction\",\"target\":{\"@type\":\"EntryPoint\",\"urlTemplate\":\"https:\/\/rotary.fi\/lapua\/?s={search_term_string}\"},\"query-input\":{\"@type\":\"PropertyValueSpecification\",\"valueRequired\":true,\"valueName\":\"search_term_string\"}}],\"inLanguage\":\"fi\"}]}<\/script>\n<!-- \/ Yoast SEO plugin. -->","yoast_head_json":{"title":"Keit\u00e4 olemme - Lapuan Rotaryklubi","robots":{"index":"index","follow":"follow","max-snippet":"max-snippet:-1","max-image-preview":"max-image-preview:large","max-video-preview":"max-video-preview:-1"},"canonical":"https:\/\/rotary.fi\/lapua\/keita-olemme\/","og_locale":"fi_FI","og_type":"article","og_title":"Keit\u00e4 olemme - Lapuan Rotaryklubi","og_description":"Keit\u00e4 olemme Keit\u00e4 olemme &nbsp; Lapuan Rotaryklubi on aktiivinen lapualainen rotaryklubi. Kokoonnumme joka tiista klo 17.00 Lapuan kristillisen opiston Tammisalissa tapaamaan toisiamme, kuulemaan kiinnostavia esitelmi\u00e4 ja edist\u00e4m\u00e4\u00e4n hyv\u00e4\u00e4 omalla paikkakunnallamme. K\u00e4ymme my\u00f6s vierailemassa erilaisissa kohteissa. Tuemme kansainv\u00e4lisen Rotaryn humanitaarisia projekteja, osallistumme nuorisovaihtoon ja edist\u00e4mme l\u00e4hiseudun hyvinvointia. Klubimme on perustettu 18.4.1951 maailman ensimm\u00e4isen\u00e4 maaseutuklubina.. Kummiklubimme on [&hellip;]","og_url":"https:\/\/rotary.fi\/lapua\/keita-olemme\/","og_site_name":"Lapuan Rotaryklubi","article_modified_time":"2020-01-16T13:48:12+00:00","twitter_card":"summary_large_image","twitter_misc":{"Arvioitu lukuaika":"5 minuuttia"},"schema":{"@context":"https:\/\/schema.org","@graph":[{"@type":"WebPage","@id":"https:\/\/rotary.fi\/lapua\/keita-olemme\/","url":"https:\/\/rotary.fi\/lapua\/keita-olemme\/","name":"Keit\u00e4 olemme - Lapuan Rotaryklubi","isPartOf":{"@id":"https:\/\/rotary.fi\/lapua\/#website"},"datePublished":"2018-08-10T10:41:39+00:00","dateModified":"2020-01-16T13:48:12+00:00","breadcrumb":{"@id":"https:\/\/rotary.fi\/lapua\/keita-olemme\/#breadcrumb"},"inLanguage":"fi","potentialAction":[{"@type":"ReadAction","target":["https:\/\/rotary.fi\/lapua\/keita-olemme\/"]}]},{"@type":"BreadcrumbList","@id":"https:\/\/rotary.fi\/lapua\/keita-olemme\/#breadcrumb","itemListElement":[{"@type":"ListItem","position":1,"name":"Home","item":"https:\/\/rotary.fi\/lapua\/"},{"@type":"ListItem","position":2,"name":"Keit\u00e4 olemme"}]},{"@type":"WebSite","@id":"https:\/\/rotary.fi\/lapua\/#website","url":"https:\/\/rotary.fi\/lapua\/","name":"Lapuan Rotaryklubi","description":"Uusi Rotary klubisivusto","potentialAction":[{"@type":"SearchAction","target":{"@type":"EntryPoint","urlTemplate":"https:\/\/rotary.fi\/lapua\/?s={search_term_string}"},"query-input":{"@type":"PropertyValueSpecification","valueRequired":true,"valueName":"search_term_string"}}],"inLanguage":"fi"}]}},"lang":"fi","translations":{"fi":129},"pll_sync_post":[],"_links":{"self":[{"href":"https:\/\/rotary.fi\/lapua\/wp-json\/wp\/v2\/pages\/129","targetHints":{"allow":["GET"]}}],"collection":[{"href":"https:\/\/rotary.fi\/lapua\/wp-json\/wp\/v2\/pages"}],"about":[{"href":"https:\/\/rotary.fi\/lapua\/wp-json\/wp\/v2\/types\/page"}],"author":[{"embeddable":true,"href":"https:\/\/rotary.fi\/lapua\/wp-json\/wp\/v2\/users\/1"}],"replies":[{"embeddable":true,"href":"https:\/\/rotary.fi\/lapua\/wp-json\/wp\/v2\/comments?post=129"}],"version-history":[{"count":26,"href":"https:\/\/rotary.fi\/lapua\/wp-json\/wp\/v2\/pages\/129\/revisions"}],"predecessor-version":[{"id":2002,"href":"https:\/\/rotary.fi\/lapua\/wp-json\/wp\/v2\/pages\/129\/revisions\/2002"}],"wp:attachment":[{"href":"https:\/\/rotary.fi\/lapua\/wp-json\/wp\/v2\/media?parent=129"}],"curies":[{"name":"wp","href":"https:\/\/api.w.org\/{rel}","templated":true}]}}