{"id":94,"date":"2018-08-09T15:14:30","date_gmt":"2018-08-09T12:14:30","guid":{"rendered":"https:\/\/rotary.fi\/klubi2\/?page_id=94"},"modified":"2026-01-17T11:59:48","modified_gmt":"2026-01-17T09:59:48","slug":"ohjelma","status":"publish","type":"page","link":"https:\/\/rotary.fi\/lappeenrantasaimaa\/ohjelma\/","title":{"rendered":"Ajankohtaista"},"content":{"rendered":"<p>[et_pb_section fb_built=&#8221;1&#8243; module_class=&#8221;jumbotron-page&#8221; _builder_version=&#8221;4.16&#8243; background_image=&#8221;https:\/\/rotary.fi\/lappeenrantasaimaa\/wp-content\/uploads\/sites\/51\/2020\/01\/20200109-dsc05476.jpg&#8221; background_position=&#8221;top_center&#8221; collapsed=&#8221;off&#8221; global_colors_info=&#8221;{}&#8221;][et_pb_row _builder_version=&#8221;4.16&#8243; background_size=&#8221;initial&#8221; background_position=&#8221;top_left&#8221; background_repeat=&#8221;repeat&#8221; custom_padding=&#8221;28px|||||&#8221; collapsed=&#8221;on&#8221; global_colors_info=&#8221;{}&#8221;][et_pb_column type=&#8221;4_4&#8243; _builder_version=&#8221;4.16&#8243; custom_padding=&#8221;|||&#8221; global_colors_info=&#8221;{}&#8221; custom_padding__hover=&#8221;|||&#8221;][et_pb_text admin_label=&#8221;P\u00e4\u00e4otsikko&#8221; _builder_version=&#8221;4.16&#8243; text_orientation=&#8221;center&#8221; background_layout=&#8221;dark&#8221; global_colors_info=&#8221;{}&#8221;]<\/p>\n<h1>Tulevia tapahtumia piiriss\u00e4 1430 ja Suomen Rotaryssa<\/h1>\n<p>[\/et_pb_text][\/et_pb_column][\/et_pb_row][\/et_pb_section][et_pb_section fb_built=&#8221;1&#8243; specialty=&#8221;on&#8221; module_class_2=&#8221;sivupalkki&#8221; _builder_version=&#8221;4.16&#8243; locked=&#8221;on&#8221; collapsed=&#8221;off&#8221; global_colors_info=&#8221;{}&#8221;][et_pb_column type=&#8221;2_3&#8243; specialty_columns=&#8221;2&#8243; _builder_version=&#8221;4.16&#8243; custom_padding=&#8221;|||&#8221; global_colors_info=&#8221;{}&#8221; custom_padding__hover=&#8221;|||&#8221;][et_pb_row_inner admin_label=&#8221;Rivi&#8221; _builder_version=&#8221;4.16&#8243; locked=&#8221;on&#8221; global_colors_info=&#8221;{}&#8221;][et_pb_column_inner saved_specialty_column_type=&#8221;2_3&#8243; _builder_version=&#8221;4.16&#8243; custom_padding=&#8221;|||&#8221; global_colors_info=&#8221;{}&#8221; custom_padding__hover=&#8221;|||&#8221;][et_pb_text admin_label=&#8221;Otsikko&#8221; _builder_version=&#8221;4.16&#8243; text_orientation=&#8221;center&#8221; global_colors_info=&#8221;{}&#8221;]<\/p>\n<h1>Ajankohtaista<\/h1>\n<p>[\/et_pb_text][et_pb_code admin_label=&#8221;Ajankohtaisten listaus&#8221; module_class=&#8221;kaikki_ajankohtaiset&#8221; _builder_version=&#8221;4.16&#8243; global_colors_info=&#8221;{}&#8221;]<ul class=\"display-posts-listing\"><li class=\"listing-item\"><a class=\"title\" href=\"https:\/\/rotary.fi\/lappeenrantasaimaa\/ajankohtaiset\/jukka-kopra-kuvernoori-atte-von-wright-ja-musiikkiopiston-vierailu-saivat-jasenet-liikkeelle\/\">Jukka Kopra, Kuvern\u00f6\u00f6ri Atte von Wright ja musiikkiopiston vierailu saivat j\u00e4senet liikkeelle<\/a> <span class=\"date\">6.2. 2026<\/span><\/li><li class=\"listing-item\"><a class=\"title\" href=\"https:\/\/rotary.fi\/lappeenrantasaimaa\/ajankohtaiset\/kyberturvallisuus-info-veti-salin-tayteen-14-1-2026\/\">Kyberturvallisuus kokous veti salin t\u00e4yteen 14.1.2026<\/a> <span class=\"date\">19.1. 2026<\/span><\/li><li class=\"listing-item\"><a class=\"title\" href=\"https:\/\/rotary.fi\/lappeenrantasaimaa\/ajankohtaiset\/jouluaaton-soihtukulkue-sankarihaudoille-ja-hartaustilaisuus-24-12-2025-klo-16-30-17-30\/\">Jouluaaton soihtukulkue sankarihaudoille toteutui perinteisesti (vuodesta 1944)<\/a> <span class=\"date\">25.12. 2025<\/span><\/li><li class=\"listing-item\"><a class=\"title\" href=\"https:\/\/rotary.fi\/lappeenrantasaimaa\/ajankohtaiset\/perinteinen-joulutilaisuus-tuosassa-18-12-2025\/\">Joulutilaisuus Tuosassa 18.12.2025 oli l\u00e4mminhenkinen ja suosittu<\/a> <span class=\"date\">19.12. 2025<\/span><\/li><li class=\"listing-item\"><a class=\"title\" href=\"https:\/\/rotary.fi\/lappeenrantasaimaa\/ajankohtaiset\/lappeenranta-saimaa-rotaryklubi-juhlii-80-vuotisjuhlaansa-31-10-2025\/\">Lappeenranta-Saimaa Rotaryklubi juhli 80-vuotisjuhlaansa 31.10.2025<\/a> <span class=\"date\">9.10. 2025<\/span><\/li><li class=\"listing-item\"><a class=\"title\" href=\"https:\/\/rotary.fi\/lappeenrantasaimaa\/ajankohtaiset\/piirin-syysseminaari-leppavirta-26-10-2024\/\">Mikko Heikkil\u00e4n esitys piirin syysseminaarissa 26.10.2024<\/a> <span class=\"date\">29.10. 2024<\/span><\/li><li class=\"listing-item\"><a class=\"title\" href=\"https:\/\/rotary.fi\/lappeenrantasaimaa\/ajankohtaiset\/rotaryvuosi-2024-2025-kayntiin-7-8-perinteisella-savusaunalla-ja-lammaskaalilla\/\">Rotaryvuosi 2024-2025 k\u00e4yntiin 7.8 perinteisell\u00e4 savusaunalla ja lammaskaalilla<\/a> <span class=\"date\">11.7. 2024<\/span><\/li><li class=\"listing-item\"><a class=\"title\" href=\"https:\/\/rotary.fi\/lappeenrantasaimaa\/ajankohtaiset\/rotary-norden-6-23\/\">Rotary Norden 6\/23 s\u00e4hk\u00f6inen lehti (linkki l\u00f6yty avaamalla t\u00e4m\u00e4 artikkeli)<\/a> <span class=\"date\">8.11. 2023<\/span><\/li><li class=\"listing-item\"><a class=\"title\" href=\"https:\/\/rotary.fi\/lappeenrantasaimaa\/ajankohtaiset\/rotaryvuosi-2023-2024-kayntiin-9-8-perinteisella-savusaunalla-ja-lammaskaalilla\/\">Rotaryvuosi 2023-2024 k\u00e4yntiin 9.8 perinteisell\u00e4 savusaunalla ja lammaskaalilla<\/a> <span class=\"date\">11.8. 2023<\/span><\/li><li class=\"listing-item\"><a class=\"title\" href=\"https:\/\/rotary.fi\/lappeenrantasaimaa\/ajankohtaiset\/kesaleiri-onnistui-hyvin\/\">Kes\u00e4leiri onnistui hyvin<\/a> <span class=\"date\">17.7. 2023<\/span><\/li><li class=\"listing-item\"><a class=\"title\" href=\"https:\/\/rotary.fi\/lappeenrantasaimaa\/ajankohtaiset\/kansainvalinen-kesaleiri-2-7-16-7-1-viikko-imatran-kylpylassa-ja-2-viikko-isantaperheessa\/\">Kansainv\u00e4linen kes\u00e4leiri  2.7-16.7, 1. viikko Imatran kylpyl\u00e4ss\u00e4 ja 2. viikko is\u00e4nt\u00e4perheess\u00e4<\/a> <span class=\"date\">11.4. 2023<\/span><\/li><li class=\"listing-item\"><a class=\"title\" href=\"https:\/\/rotary.fi\/lappeenrantasaimaa\/ajankohtaiset\/rli-koulutus\/\">Rotary Leadership Institute, RLI-koulutus 17-18.6 Holiday Club Saimaa<\/a> <span class=\"date\">11.4. 2023<\/span><\/li><li class=\"listing-item\"><a class=\"title\" href=\"https:\/\/rotary.fi\/lappeenrantasaimaa\/ajankohtaiset\/kiitos-shelterbox-tuestanne\/\">Kiitos Shelterbox tuestanne<\/a> <span class=\"date\">24.3. 2023<\/span><\/li><li class=\"listing-item\"><a class=\"title\" href=\"https:\/\/rotary.fi\/lappeenrantasaimaa\/ajankohtaiset\/joulukuuset-hyotykayttoon\/\">Joulukuuset hy\u00f6tyk\u00e4ytt\u00f6\u00f6n<\/a> <span class=\"date\">29.9. 2022<\/span><\/li><li class=\"listing-item\"><a class=\"title\" href=\"https:\/\/rotary.fi\/lappeenrantasaimaa\/ajankohtaiset\/kuvernoorin-vierailun-kuvia\/\">Kuvern\u00f6\u00f6rin vierailun kuvia<\/a> <span class=\"date\">8.9. 2022<\/span><\/li><li class=\"listing-item\"><a class=\"title\" href=\"https:\/\/rotary.fi\/lappeenrantasaimaa\/ajankohtaiset\/arte-tv-kuvasi-joulukuusten-upottamista-ohjelmaansa\/\">Arte-TV kuvasi joulukuusten upottamista ohjelmaansa<\/a> <span class=\"date\">8.8. 2022<\/span><\/li><li class=\"listing-item\"><a class=\"title\" href=\"https:\/\/rotary.fi\/lappeenrantasaimaa\/ajankohtaiset\/syksyn-2022-alustava-ohjelma\/\">Syksyn 2022 alustava ohjelma<\/a> <span class=\"date\">25.7. 2022<\/span><\/li><li class=\"listing-item\"><a class=\"title\" href=\"https:\/\/rotary.fi\/lappeenrantasaimaa\/ajankohtaiset\/lisaa-kansainvalista-huomiota-joulukuusiprojektille\/\">Lis\u00e4\u00e4 kansainv\u00e4list\u00e4 huomiota joulukuusiprojektille<\/a> <span class=\"date\">29.6. 2022<\/span><\/li><li class=\"listing-item\"><a class=\"title\" href=\"https:\/\/rotary.fi\/lappeenrantasaimaa\/ajankohtaiset\/lappeenranta-saimaa-rotaryklubi-upotti-300-paikallisten-perheiden-joulukuusta-saimaaseen-lappeenrannassa\/\">Lappeenranta-Saimaa Rotaryklubi upotti 300 paikallisten perheiden joulukuusta Saimaaseen Lappeenrannassa<\/a> <span class=\"date\">31.5. 2022<\/span><\/li><li class=\"listing-item\"><a class=\"title\" href=\"https:\/\/rotary.fi\/lappeenrantasaimaa\/ajankohtaiset\/ukrainan-avustus\/\">Ukrainan avustus<\/a> <span class=\"date\">8.4. 2022<\/span><\/li><li class=\"listing-item\"><a class=\"title\" href=\"https:\/\/rotary.fi\/lappeenrantasaimaa\/ajankohtaiset\/rotary-stipendien-saajat\/\">Rotary stipendien saajat<\/a> <span class=\"date\">31.5. 2021<\/span><\/li><li class=\"listing-item\"><a class=\"title\" href=\"https:\/\/rotary.fi\/lappeenrantasaimaa\/ajankohtaiset\/rotaract-klubi-lappeenranta-perustettu\/\">Rotaract Klubi Lappeenranta perustettu<\/a> <span class=\"date\">23.4. 2021<\/span><\/li><li class=\"listing-item\"><a class=\"title\" href=\"https:\/\/rotary.fi\/lappeenrantasaimaa\/ajankohtaiset\/ari-piispasen-esitelma\/\">Ari Piispasen esitelm\u00e4<\/a> <span class=\"date\">21.4. 2021<\/span><\/li><li class=\"listing-item\"><a class=\"title\" href=\"https:\/\/rotary.fi\/lappeenrantasaimaa\/ajankohtaiset\/uusi-pdf\/\">Uusi PHF<\/a> <span class=\"date\">16.4. 2021<\/span><\/li><li class=\"listing-item\"><a class=\"title\" href=\"https:\/\/rotary.fi\/lappeenrantasaimaa\/ajankohtaiset\/kuvernoorin-palkitsemien\/\">Kuvern\u00f6\u00f6rin palkitseminen<\/a> <span class=\"date\">16.4. 2021<\/span><\/li><li class=\"listing-item\"><a class=\"title\" href=\"https:\/\/rotary.fi\/lappeenrantasaimaa\/ajankohtaiset\/joulukuusiprojekti-2\/\">Joulukuusiprojekti<\/a> <span class=\"date\">28.2. 2021<\/span><\/li><li class=\"listing-item\"><a class=\"title\" href=\"https:\/\/rotary.fi\/lappeenrantasaimaa\/ajankohtaiset\/joulukuusiprojektin-toteutus\/\">Joulukuusiprojektin toteutus<\/a> <span class=\"date\">4.1. 2021<\/span><\/li><li class=\"listing-item\"><a class=\"title\" href=\"https:\/\/rotary.fi\/lappeenrantasaimaa\/ajankohtaiset\/joulukuusiprojekti\/\">Joulukuusiprojekti<\/a> <span class=\"date\">29.12. 2020<\/span><\/li><li class=\"listing-item\"><a class=\"title\" href=\"https:\/\/rotary.fi\/lappeenrantasaimaa\/ajankohtaiset\/tulevan-kauden-hallitus-paatettiin-etta-nykyinen-hallitus-jatkaa-myos-seuraavan-kauden-kaikki-tama-coronasta-johtuvaa\/\">Tulevan kauden  hallitus. P\u00e4\u00e4tettiin ett\u00e4 nykyinen hallitus jatkaa my\u00f6s seuraavan kauden. Kaikki t\u00e4m\u00e4 coronasta johtuvaa.<\/a> <span class=\"date\">29.12. 2020<\/span><\/li><li class=\"listing-item\"><a class=\"title\" href=\"https:\/\/rotary.fi\/lappeenrantasaimaa\/ajankohtaiset\/kuvernoorin-vierailukokous-7-11-2020-klo-9-30-10-30\/\">Kuvern\u00f6\u00f6rin vierailukokous 7.11.2020 klo 9.30-10.30<\/a> <span class=\"date\">4.11. 2020<\/span><\/li><li class=\"listing-item\"><a class=\"title\" href=\"https:\/\/rotary.fi\/lappeenrantasaimaa\/ajankohtaiset\/piirin-1430-saatioseminaari-7-11-2020-lappeenrannassa\/\">Piirin 1430 S\u00e4\u00e4ti\u00f6seminaari 7.11.2020 HUOM! Hotelli Lappeen konferenssitiloissa (respasta 1 krs alas) klo 11-15. Seminaariin voi osallistua my\u00f6s verkossa. TERVETULOA !<\/a> <span class=\"date\">26.8. 2020<\/span><\/li><\/ul>[\/et_pb_code][\/et_pb_column_inner][\/et_pb_row_inner][\/et_pb_column][et_pb_column type=&#8221;1_3&#8243; _builder_version=&#8221;4.16&#8243; custom_padding=&#8221;|||&#8221; global_colors_info=&#8221;{}&#8221; custom_padding__hover=&#8221;|||&#8221;][et_pb_sidebar area=&#8221;sidebar-1&#8243; module_class=&#8221;sivupalkki_sisalto&#8221; _builder_version=&#8221;4.16&#8243; global_colors_info=&#8221;{}&#8221;][\/et_pb_sidebar][\/et_pb_column][\/et_pb_section]<\/p>\n","protected":false},"excerpt":{"rendered":"<p>[et_pb_section fb_built=&#8221;1&#8243; module_class=&#8221;jumbotron-page&#8221; _builder_version=&#8221;4.16&#8243; background_image=&#8221;https:\/\/rotary.fi\/lappeenrantasaimaa\/wp-content\/uploads\/sites\/51\/2020\/01\/20200109-dsc05476.jpg&#8221; background_position=&#8221;top_center&#8221; collapsed=&#8221;off&#8221; global_colors_info=&#8221;{}&#8221;][et_pb_row _builder_version=&#8221;4.16&#8243; background_size=&#8221;initial&#8221; background_position=&#8221;top_left&#8221; background_repeat=&#8221;repeat&#8221; custom_padding=&#8221;28px|||||&#8221; collapsed=&#8221;on&#8221; global_colors_info=&#8221;{}&#8221;][et_pb_column type=&#8221;4_4&#8243; _builder_version=&#8221;4.16&#8243; custom_padding=&#8221;|||&#8221; global_colors_info=&#8221;{}&#8221; custom_padding__hover=&#8221;|||&#8221;][et_pb_text admin_label=&#8221;P\u00e4\u00e4otsikko&#8221; _builder_version=&#8221;4.16&#8243; text_orientation=&#8221;center&#8221; background_layout=&#8221;dark&#8221; global_colors_info=&#8221;{}&#8221;] Tulevia tapahtumia piiriss\u00e4 1430 ja Suomen Rotaryssa [\/et_pb_text][\/et_pb_column][\/et_pb_row][\/et_pb_section][et_pb_section fb_built=&#8221;1&#8243; specialty=&#8221;on&#8221; module_class_2=&#8221;sivupalkki&#8221; _builder_version=&#8221;4.16&#8243; locked=&#8221;on&#8221; collapsed=&#8221;off&#8221; global_colors_info=&#8221;{}&#8221;][et_pb_column type=&#8221;2_3&#8243; specialty_columns=&#8221;2&#8243; _builder_version=&#8221;4.16&#8243; custom_padding=&#8221;|||&#8221; global_colors_info=&#8221;{}&#8221; custom_padding__hover=&#8221;|||&#8221;][et_pb_row_inner admin_label=&#8221;Rivi&#8221; _builder_version=&#8221;4.16&#8243; locked=&#8221;on&#8221; global_colors_info=&#8221;{}&#8221;][et_pb_column_inner saved_specialty_column_type=&#8221;2_3&#8243; _builder_version=&#8221;4.16&#8243; custom_padding=&#8221;|||&#8221; global_colors_info=&#8221;{}&#8221; custom_padding__hover=&#8221;|||&#8221;][et_pb_text [&hellip;]<\/p>\n","protected":false},"author":1,"featured_media":0,"parent":0,"menu_order":0,"comment_status":"closed","ping_status":"closed","template":"","meta":{"_acf_changed":false,"_et_pb_use_builder":"on","_et_pb_old_content":"","_et_gb_content_width":"","footnotes":""},"class_list":["post-94","page","type-page","status-publish","hentry"],"acf":[],"yoast_head":"<!-- This site is optimized with the Yoast SEO plugin v27.0 - https:\/\/yoast.com\/product\/yoast-seo-wordpress\/ -->\n<title>Ajankohtaista - Lappeenranta Saimaa Rotaryklubi<\/title>\n<meta name=\"robots\" content=\"index, follow, max-snippet:-1, max-image-preview:large, max-video-preview:-1\" \/>\n<link rel=\"canonical\" href=\"https:\/\/rotary.fi\/lappeenrantasaimaa\/ohjelma\/\" \/>\n<meta property=\"og:locale\" content=\"fi_FI\" \/>\n<meta property=\"og:type\" content=\"article\" \/>\n<meta property=\"og:title\" content=\"Ajankohtaista - Lappeenranta Saimaa Rotaryklubi\" \/>\n<meta property=\"og:description\" content=\"[et_pb_section fb_built=&#8221;1&#8243; module_class=&#8221;jumbotron-page&#8221; _builder_version=&#8221;4.16&#8243; background_image=&#8221;https:\/\/rotary.fi\/lappeenrantasaimaa\/wp-content\/uploads\/sites\/51\/2020\/01\/20200109-dsc05476.jpg&#8221; background_position=&#8221;top_center&#8221; collapsed=&#8221;off&#8221; global_colors_info=&#8221;{}&#8221;][et_pb_row _builder_version=&#8221;4.16&#8243; background_size=&#8221;initial&#8221; background_position=&#8221;top_left&#8221; background_repeat=&#8221;repeat&#8221; custom_padding=&#8221;28px|||||&#8221; collapsed=&#8221;on&#8221; global_colors_info=&#8221;{}&#8221;][et_pb_column type=&#8221;4_4&#8243; _builder_version=&#8221;4.16&#8243; custom_padding=&#8221;|||&#8221; global_colors_info=&#8221;{}&#8221; custom_padding__hover=&#8221;|||&#8221;][et_pb_text admin_label=&#8221;P\u00e4\u00e4otsikko&#8221; _builder_version=&#8221;4.16&#8243; text_orientation=&#8221;center&#8221; background_layout=&#8221;dark&#8221; global_colors_info=&#8221;{}&#8221;] Tulevia tapahtumia piiriss\u00e4 1430 ja Suomen Rotaryssa [\/et_pb_text][\/et_pb_column][\/et_pb_row][\/et_pb_section][et_pb_section fb_built=&#8221;1&#8243; specialty=&#8221;on&#8221; module_class_2=&#8221;sivupalkki&#8221; _builder_version=&#8221;4.16&#8243; locked=&#8221;on&#8221; collapsed=&#8221;off&#8221; global_colors_info=&#8221;{}&#8221;][et_pb_column type=&#8221;2_3&#8243; specialty_columns=&#8221;2&#8243; _builder_version=&#8221;4.16&#8243; custom_padding=&#8221;|||&#8221; global_colors_info=&#8221;{}&#8221; custom_padding__hover=&#8221;|||&#8221;][et_pb_row_inner admin_label=&#8221;Rivi&#8221; _builder_version=&#8221;4.16&#8243; locked=&#8221;on&#8221; global_colors_info=&#8221;{}&#8221;][et_pb_column_inner saved_specialty_column_type=&#8221;2_3&#8243; _builder_version=&#8221;4.16&#8243; custom_padding=&#8221;|||&#8221; global_colors_info=&#8221;{}&#8221; custom_padding__hover=&#8221;|||&#8221;][et_pb_text [&hellip;]\" \/>\n<meta property=\"og:url\" content=\"https:\/\/rotary.fi\/lappeenrantasaimaa\/ohjelma\/\" \/>\n<meta property=\"og:site_name\" content=\"Lappeenranta Saimaa Rotaryklubi\" \/>\n<meta property=\"article:modified_time\" content=\"2026-01-17T09:59:48+00:00\" \/>\n<meta name=\"twitter:card\" content=\"summary_large_image\" \/>\n<meta name=\"twitter:label1\" content=\"Arvioitu lukuaika\" \/>\n\t<meta name=\"twitter:data1\" content=\"3 minuuttia\" \/>\n<script type=\"application\/ld+json\" class=\"yoast-schema-graph\">{\"@context\":\"https:\/\/schema.org\",\"@graph\":[{\"@type\":\"WebPage\",\"@id\":\"https:\/\/rotary.fi\/lappeenrantasaimaa\/ohjelma\/\",\"url\":\"https:\/\/rotary.fi\/lappeenrantasaimaa\/ohjelma\/\",\"name\":\"Ajankohtaista - Lappeenranta Saimaa Rotaryklubi\",\"isPartOf\":{\"@id\":\"https:\/\/rotary.fi\/lappeenrantasaimaa\/#website\"},\"datePublished\":\"2018-08-09T12:14:30+00:00\",\"dateModified\":\"2026-01-17T09:59:48+00:00\",\"breadcrumb\":{\"@id\":\"https:\/\/rotary.fi\/lappeenrantasaimaa\/ohjelma\/#breadcrumb\"},\"inLanguage\":\"fi\",\"potentialAction\":[{\"@type\":\"ReadAction\",\"target\":[\"https:\/\/rotary.fi\/lappeenrantasaimaa\/ohjelma\/\"]}]},{\"@type\":\"BreadcrumbList\",\"@id\":\"https:\/\/rotary.fi\/lappeenrantasaimaa\/ohjelma\/#breadcrumb\",\"itemListElement\":[{\"@type\":\"ListItem\",\"position\":1,\"name\":\"Home\",\"item\":\"https:\/\/rotary.fi\/lappeenrantasaimaa\/\"},{\"@type\":\"ListItem\",\"position\":2,\"name\":\"Ajankohtaista\"}]},{\"@type\":\"WebSite\",\"@id\":\"https:\/\/rotary.fi\/lappeenrantasaimaa\/#website\",\"url\":\"https:\/\/rotary.fi\/lappeenrantasaimaa\/\",\"name\":\"Lappeenranta Saimaa Rotaryklubi\",\"description\":\"Uusi Rotary klubisivusto\",\"potentialAction\":[{\"@type\":\"SearchAction\",\"target\":{\"@type\":\"EntryPoint\",\"urlTemplate\":\"https:\/\/rotary.fi\/lappeenrantasaimaa\/?s={search_term_string}\"},\"query-input\":{\"@type\":\"PropertyValueSpecification\",\"valueRequired\":true,\"valueName\":\"search_term_string\"}}],\"inLanguage\":\"fi\"}]}<\/script>\n<!-- \/ Yoast SEO plugin. -->","yoast_head_json":{"title":"Ajankohtaista - Lappeenranta Saimaa Rotaryklubi","robots":{"index":"index","follow":"follow","max-snippet":"max-snippet:-1","max-image-preview":"max-image-preview:large","max-video-preview":"max-video-preview:-1"},"canonical":"https:\/\/rotary.fi\/lappeenrantasaimaa\/ohjelma\/","og_locale":"fi_FI","og_type":"article","og_title":"Ajankohtaista - Lappeenranta Saimaa Rotaryklubi","og_description":"[et_pb_section fb_built=&#8221;1&#8243; module_class=&#8221;jumbotron-page&#8221; _builder_version=&#8221;4.16&#8243; background_image=&#8221;https:\/\/rotary.fi\/lappeenrantasaimaa\/wp-content\/uploads\/sites\/51\/2020\/01\/20200109-dsc05476.jpg&#8221; background_position=&#8221;top_center&#8221; collapsed=&#8221;off&#8221; global_colors_info=&#8221;{}&#8221;][et_pb_row _builder_version=&#8221;4.16&#8243; background_size=&#8221;initial&#8221; background_position=&#8221;top_left&#8221; background_repeat=&#8221;repeat&#8221; custom_padding=&#8221;28px|||||&#8221; collapsed=&#8221;on&#8221; global_colors_info=&#8221;{}&#8221;][et_pb_column type=&#8221;4_4&#8243; _builder_version=&#8221;4.16&#8243; custom_padding=&#8221;|||&#8221; global_colors_info=&#8221;{}&#8221; custom_padding__hover=&#8221;|||&#8221;][et_pb_text admin_label=&#8221;P\u00e4\u00e4otsikko&#8221; _builder_version=&#8221;4.16&#8243; text_orientation=&#8221;center&#8221; background_layout=&#8221;dark&#8221; global_colors_info=&#8221;{}&#8221;] Tulevia tapahtumia piiriss\u00e4 1430 ja Suomen Rotaryssa [\/et_pb_text][\/et_pb_column][\/et_pb_row][\/et_pb_section][et_pb_section fb_built=&#8221;1&#8243; specialty=&#8221;on&#8221; module_class_2=&#8221;sivupalkki&#8221; _builder_version=&#8221;4.16&#8243; locked=&#8221;on&#8221; collapsed=&#8221;off&#8221; global_colors_info=&#8221;{}&#8221;][et_pb_column type=&#8221;2_3&#8243; specialty_columns=&#8221;2&#8243; _builder_version=&#8221;4.16&#8243; custom_padding=&#8221;|||&#8221; global_colors_info=&#8221;{}&#8221; custom_padding__hover=&#8221;|||&#8221;][et_pb_row_inner admin_label=&#8221;Rivi&#8221; _builder_version=&#8221;4.16&#8243; locked=&#8221;on&#8221; global_colors_info=&#8221;{}&#8221;][et_pb_column_inner saved_specialty_column_type=&#8221;2_3&#8243; _builder_version=&#8221;4.16&#8243; custom_padding=&#8221;|||&#8221; global_colors_info=&#8221;{}&#8221; custom_padding__hover=&#8221;|||&#8221;][et_pb_text [&hellip;]","og_url":"https:\/\/rotary.fi\/lappeenrantasaimaa\/ohjelma\/","og_site_name":"Lappeenranta Saimaa Rotaryklubi","article_modified_time":"2026-01-17T09:59:48+00:00","twitter_card":"summary_large_image","twitter_misc":{"Arvioitu lukuaika":"3 minuuttia"},"schema":{"@context":"https:\/\/schema.org","@graph":[{"@type":"WebPage","@id":"https:\/\/rotary.fi\/lappeenrantasaimaa\/ohjelma\/","url":"https:\/\/rotary.fi\/lappeenrantasaimaa\/ohjelma\/","name":"Ajankohtaista - Lappeenranta Saimaa Rotaryklubi","isPartOf":{"@id":"https:\/\/rotary.fi\/lappeenrantasaimaa\/#website"},"datePublished":"2018-08-09T12:14:30+00:00","dateModified":"2026-01-17T09:59:48+00:00","breadcrumb":{"@id":"https:\/\/rotary.fi\/lappeenrantasaimaa\/ohjelma\/#breadcrumb"},"inLanguage":"fi","potentialAction":[{"@type":"ReadAction","target":["https:\/\/rotary.fi\/lappeenrantasaimaa\/ohjelma\/"]}]},{"@type":"BreadcrumbList","@id":"https:\/\/rotary.fi\/lappeenrantasaimaa\/ohjelma\/#breadcrumb","itemListElement":[{"@type":"ListItem","position":1,"name":"Home","item":"https:\/\/rotary.fi\/lappeenrantasaimaa\/"},{"@type":"ListItem","position":2,"name":"Ajankohtaista"}]},{"@type":"WebSite","@id":"https:\/\/rotary.fi\/lappeenrantasaimaa\/#website","url":"https:\/\/rotary.fi\/lappeenrantasaimaa\/","name":"Lappeenranta Saimaa Rotaryklubi","description":"Uusi Rotary klubisivusto","potentialAction":[{"@type":"SearchAction","target":{"@type":"EntryPoint","urlTemplate":"https:\/\/rotary.fi\/lappeenrantasaimaa\/?s={search_term_string}"},"query-input":{"@type":"PropertyValueSpecification","valueRequired":true,"valueName":"search_term_string"}}],"inLanguage":"fi"}]}},"lang":"fi","translations":{"fi":94},"pll_sync_post":[],"_links":{"self":[{"href":"https:\/\/rotary.fi\/lappeenrantasaimaa\/wp-json\/wp\/v2\/pages\/94","targetHints":{"allow":["GET"]}}],"collection":[{"href":"https:\/\/rotary.fi\/lappeenrantasaimaa\/wp-json\/wp\/v2\/pages"}],"about":[{"href":"https:\/\/rotary.fi\/lappeenrantasaimaa\/wp-json\/wp\/v2\/types\/page"}],"author":[{"embeddable":true,"href":"https:\/\/rotary.fi\/lappeenrantasaimaa\/wp-json\/wp\/v2\/users\/1"}],"replies":[{"embeddable":true,"href":"https:\/\/rotary.fi\/lappeenrantasaimaa\/wp-json\/wp\/v2\/comments?post=94"}],"version-history":[{"count":11,"href":"https:\/\/rotary.fi\/lappeenrantasaimaa\/wp-json\/wp\/v2\/pages\/94\/revisions"}],"predecessor-version":[{"id":3757,"href":"https:\/\/rotary.fi\/lappeenrantasaimaa\/wp-json\/wp\/v2\/pages\/94\/revisions\/3757"}],"wp:attachment":[{"href":"https:\/\/rotary.fi\/lappeenrantasaimaa\/wp-json\/wp\/v2\/media?parent=94"}],"curies":[{"name":"wp","href":"https:\/\/api.w.org\/{rel}","templated":true}]}}