{"id":273,"date":"2018-10-24T11:32:22","date_gmt":"2018-10-24T08:32:22","guid":{"rendered":"https:\/\/rotary.fi\/lappeenrantasaimaa\/?page_id=273"},"modified":"2022-08-16T09:40:51","modified_gmt":"2022-08-16T06:40:51","slug":"olemme-osa-piiria-1430","status":"publish","type":"page","link":"https:\/\/rotary.fi\/lappeenrantasaimaa\/mika-on-rotary\/olemme-osa-piiria-1430\/","title":{"rendered":"Olemme osa piiri\u00e4 1430"},"content":{"rendered":"<p>[et_pb_section fb_built=&#8221;1&#8243; module_class=&#8221;jumbotron-page&#8221; _builder_version=&#8221;4.16&#8243; background_image=&#8221;https:\/\/rotary.fi\/lappeenrantasaimaa\/wp-content\/uploads\/sites\/51\/2020\/01\/untitled-1.jpg&#8221; global_colors_info=&#8221;{}&#8221;][et_pb_row _builder_version=&#8221;4.16&#8243; background_size=&#8221;initial&#8221; background_position=&#8221;top_left&#8221; background_repeat=&#8221;repeat&#8221; global_colors_info=&#8221;{}&#8221;][et_pb_column type=&#8221;4_4&#8243; _builder_version=&#8221;4.16&#8243; custom_padding=&#8221;|||&#8221; global_colors_info=&#8221;{}&#8221; custom_padding__hover=&#8221;|||&#8221;][et_pb_text admin_label=&#8221;Olemme osa piiri\u00e4 1430 &#8211; P\u00e4\u00e4otsikko&#8221; _builder_version=&#8221;4.16&#8243; text_orientation=&#8221;center&#8221; background_layout=&#8221;dark&#8221; global_colors_info=&#8221;{}&#8221;]<\/p>\n<h1>Olemme osa piiri\u00e4 1430<\/h1>\n<p>[\/et_pb_text][\/et_pb_column][\/et_pb_row][\/et_pb_section][et_pb_section fb_built=&#8221;1&#8243; specialty=&#8221;on&#8221; module_class_2=&#8221;sivupalkki&#8221; _builder_version=&#8221;4.16&#8243; global_colors_info=&#8221;{}&#8221;][et_pb_column type=&#8221;2_3&#8243; specialty_columns=&#8221;2&#8243; _builder_version=&#8221;4.16&#8243; custom_padding=&#8221;|||&#8221; global_colors_info=&#8221;{}&#8221; custom_padding__hover=&#8221;|||&#8221;][et_pb_row_inner admin_label=&#8221;Rivi&#8221; _builder_version=&#8221;4.16&#8243; global_colors_info=&#8221;{}&#8221;][et_pb_column_inner saved_specialty_column_type=&#8221;2_3&#8243; _builder_version=&#8221;4.16&#8243; custom_padding=&#8221;|||&#8221; global_colors_info=&#8221;{}&#8221; custom_padding__hover=&#8221;|||&#8221;][et_pb_text admin_label=&#8221;Rotarypiirit &#8211; Otsikko&#8221; _builder_version=&#8221;4.16&#8243; text_orientation=&#8221;center&#8221; global_colors_info=&#8221;{}&#8221;]<\/p>\n<h1>Rotarypiirit<\/h1>\n<p>[\/et_pb_text][et_pb_text _builder_version=&#8221;4.17.4&#8243; global_colors_info=&#8221;{}&#8221;]<\/p>\n<p><span style=\"font-size: 16px\"><img loading=\"lazy\" decoding=\"async\" class=\"wp-image-3067 alignnone size-medium\" src=\"https:\/\/rotary.fi\/lappeenrantasaimaa\/wp-content\/uploads\/sites\/51\/2022\/08\/kuva-3-piiri-1430-1-162x300.jpg\" alt=\"\" width=\"162\" height=\"300\" \/><\/span><\/p>\n<p>&nbsp;<\/p>\n<p><span style=\"font-size: 16px\">Suomessa on viisi\u00a0rotarypiiri\u00e4, joihin kuuluu Suomen lis\u00e4ksi Viro.<\/span><\/p>\n<p><span style=\"font-size: 16px\">Kuulumme rotarypiiriin 1430, joka kattaa koko It\u00e4-Suomen. Piiriss\u00e4 34 klubia, joissa on j\u00e4seni\u00e4 n. 1000 (1.8.2022)<\/span><\/p>\n<p><span style=\"font-size: 16px\">Piirin toimintaa johtaa piirikuvern\u00f6\u00f6ri, joka raportoi suoraan Kansainv\u00e4lisen Rotaryn presidentille.<\/span><\/p>\n<p><span style=\"font-size: 16px\">Maailmassa piirej\u00e4 on n. 540.Piirikuvern\u00f6\u00f6rimme 2022-2023 on Maire Huopalainen Rantasalmen Rotaryklubista. K<\/span><span style=\"font-size: 16px\">uvern\u00f6\u00f6ri nimitet\u00e4\u00e4n aina Rotary Internationalin maailmankonferenssissa.<\/span><\/p>\n<p><span style=\"font-size: 16px\">Kuvern\u00f6\u00f6rin tukena toimivat piirineuvosto, komiteat ja toimikunnat sek\u00e4 piirin eri alueiden apulaiskuvern\u00f6\u00f6rit. Klubit tekev\u00e4t ehdotukset kuvern\u00f6\u00f6reist\u00e4, ja piirin nime\u00e4miskomitea valitsee ehdokkaista tulevan kuvern\u00f6\u00f6rin. Lappeenrannasta piirikuvern\u00f6\u00f6ri on valittu kymmenisen kertaa.<\/span><\/p>\n<p>&nbsp;<\/p>\n<p>Piirikuvern\u00f6\u00f6ri vierailee kaikissa piirins\u00e4 klubeissa toimintavuotensa aikana.<\/p>\n<p><span style=\"font-size: 16px\">Piiri j\u00e4rjest\u00e4\u00e4 klubeille useita tapahtumia vuoden aikana. Niist\u00e4 t\u00e4rkein kev\u00e4isin jk\u00e4rjestett\u00e4v\u00e4 juhlava piirikonferenssi.<\/span><\/p>\n<p>&nbsp;<\/p>\n<p><span style=\"font-size: 16px\">T\u00e4rek\u00e4 on my\u00f6s kev\u00e4isin j\u00e4rjestett\u00e4v\u00e4 tulevien klubipresidenttien ja -virkailijoiden koulutusseminaari (PETS).<\/span><\/p>\n<p>Piirin toimihenkil\u00f6ille j\u00e4rjestet\u00e4\u00e4n kahdesti vuodessa piiirinjohtoseminaari.<\/p>\n<p>&nbsp;<\/p>\n<p>[\/et_pb_text][\/et_pb_column_inner][\/et_pb_row_inner][\/et_pb_column][et_pb_column type=&#8221;1_3&#8243; _builder_version=&#8221;4.16&#8243; custom_padding=&#8221;|||&#8221; global_colors_info=&#8221;{}&#8221; custom_padding__hover=&#8221;|||&#8221;][et_pb_sidebar area=&#8221;sidebar-1&#8243; module_class=&#8221;sivupalkki_sisalto&#8221; _builder_version=&#8221;4.16&#8243; locked=&#8221;on&#8221; global_colors_info=&#8221;{}&#8221;]<br \/>\n[\/et_pb_sidebar][\/et_pb_column][\/et_pb_section]<\/p>\n","protected":false},"excerpt":{"rendered":"<p>Olemme osa piiri\u00e4 1430 Rotarypiirit &nbsp; Suomessa on viisi\u00a0rotarypiiri\u00e4, joihin kuuluu Suomen lis\u00e4ksi Viro. Kuulumme rotarypiiriin 1430, joka kattaa koko It\u00e4-Suomen. Piiriss\u00e4 34 klubia, joissa on j\u00e4seni\u00e4 n. 1000 (1.8.2022) Piirin toimintaa johtaa piirikuvern\u00f6\u00f6ri, joka raportoi suoraan Kansainv\u00e4lisen Rotaryn presidentille. Maailmassa piirej\u00e4 on n. 540.Piirikuvern\u00f6\u00f6rimme 2022-2023 on Maire Huopalainen Rantasalmen Rotaryklubista. Kuvern\u00f6\u00f6ri nimitet\u00e4\u00e4n aina Rotary [&hellip;]<\/p>\n","protected":false},"author":1,"featured_media":0,"parent":1808,"menu_order":0,"comment_status":"closed","ping_status":"closed","template":"","meta":{"_acf_changed":false,"_et_pb_use_builder":"on","_et_pb_old_content":"","_et_gb_content_width":"","footnotes":""},"class_list":["post-273","page","type-page","status-publish","hentry"],"acf":[],"yoast_head":"<!-- This site is optimized with the Yoast SEO plugin v27.4 - https:\/\/yoast.com\/product\/yoast-seo-wordpress\/ -->\n<title>Olemme osa piiri\u00e4 1430 - Lappeenranta Saimaa Rotaryklubi<\/title>\n<meta name=\"robots\" content=\"index, follow, max-snippet:-1, max-image-preview:large, max-video-preview:-1\" \/>\n<link rel=\"canonical\" href=\"https:\/\/rotary.fi\/lappeenrantasaimaa\/mika-on-rotary\/olemme-osa-piiria-1430\/\" \/>\n<meta property=\"og:locale\" content=\"fi_FI\" \/>\n<meta property=\"og:type\" content=\"article\" \/>\n<meta property=\"og:title\" content=\"Olemme osa piiri\u00e4 1430 - Lappeenranta Saimaa Rotaryklubi\" \/>\n<meta property=\"og:description\" content=\"Olemme osa piiri\u00e4 1430 Rotarypiirit &nbsp; Suomessa on viisi\u00a0rotarypiiri\u00e4, joihin kuuluu Suomen lis\u00e4ksi Viro. Kuulumme rotarypiiriin 1430, joka kattaa koko It\u00e4-Suomen. Piiriss\u00e4 34 klubia, joissa on j\u00e4seni\u00e4 n. 1000 (1.8.2022) Piirin toimintaa johtaa piirikuvern\u00f6\u00f6ri, joka raportoi suoraan Kansainv\u00e4lisen Rotaryn presidentille. Maailmassa piirej\u00e4 on n. 540.Piirikuvern\u00f6\u00f6rimme 2022-2023 on Maire Huopalainen Rantasalmen Rotaryklubista. Kuvern\u00f6\u00f6ri nimitet\u00e4\u00e4n aina Rotary [&hellip;]\" \/>\n<meta property=\"og:url\" content=\"https:\/\/rotary.fi\/lappeenrantasaimaa\/mika-on-rotary\/olemme-osa-piiria-1430\/\" \/>\n<meta property=\"og:site_name\" content=\"Lappeenranta Saimaa Rotaryklubi\" \/>\n<meta property=\"article:modified_time\" content=\"2022-08-16T06:40:51+00:00\" \/>\n<meta property=\"og:image\" content=\"https:\/\/rotary.fi\/lappeenrantasaimaa\/wp-content\/uploads\/sites\/51\/2022\/08\/kuva-3-piiri-1430-1-162x300.jpg\" \/>\n<meta name=\"twitter:card\" content=\"summary_large_image\" \/>\n<meta name=\"twitter:label1\" content=\"Arvioitu lukuaika\" \/>\n\t<meta name=\"twitter:data1\" content=\"2 minuuttia\" \/>\n<script type=\"application\/ld+json\" class=\"yoast-schema-graph\">{\"@context\":\"https:\\\/\\\/schema.org\",\"@graph\":[{\"@type\":\"WebPage\",\"@id\":\"https:\\\/\\\/rotary.fi\\\/lappeenrantasaimaa\\\/mika-on-rotary\\\/olemme-osa-piiria-1430\\\/\",\"url\":\"https:\\\/\\\/rotary.fi\\\/lappeenrantasaimaa\\\/mika-on-rotary\\\/olemme-osa-piiria-1430\\\/\",\"name\":\"Olemme osa piiri\u00e4 1430 - Lappeenranta Saimaa Rotaryklubi\",\"isPartOf\":{\"@id\":\"https:\\\/\\\/rotary.fi\\\/lappeenrantasaimaa\\\/#website\"},\"primaryImageOfPage\":{\"@id\":\"https:\\\/\\\/rotary.fi\\\/lappeenrantasaimaa\\\/mika-on-rotary\\\/olemme-osa-piiria-1430\\\/#primaryimage\"},\"image\":{\"@id\":\"https:\\\/\\\/rotary.fi\\\/lappeenrantasaimaa\\\/mika-on-rotary\\\/olemme-osa-piiria-1430\\\/#primaryimage\"},\"thumbnailUrl\":\"https:\\\/\\\/rotary.fi\\\/lappeenrantasaimaa\\\/wp-content\\\/uploads\\\/sites\\\/51\\\/2022\\\/08\\\/kuva-3-piiri-1430-1-162x300.jpg\",\"datePublished\":\"2018-10-24T08:32:22+00:00\",\"dateModified\":\"2022-08-16T06:40:51+00:00\",\"breadcrumb\":{\"@id\":\"https:\\\/\\\/rotary.fi\\\/lappeenrantasaimaa\\\/mika-on-rotary\\\/olemme-osa-piiria-1430\\\/#breadcrumb\"},\"inLanguage\":\"fi\",\"potentialAction\":[{\"@type\":\"ReadAction\",\"target\":[\"https:\\\/\\\/rotary.fi\\\/lappeenrantasaimaa\\\/mika-on-rotary\\\/olemme-osa-piiria-1430\\\/\"]}]},{\"@type\":\"ImageObject\",\"inLanguage\":\"fi\",\"@id\":\"https:\\\/\\\/rotary.fi\\\/lappeenrantasaimaa\\\/mika-on-rotary\\\/olemme-osa-piiria-1430\\\/#primaryimage\",\"url\":\"https:\\\/\\\/rotary.fi\\\/lappeenrantasaimaa\\\/wp-content\\\/uploads\\\/sites\\\/51\\\/2022\\\/08\\\/kuva-3-piiri-1430-1.jpg\",\"contentUrl\":\"https:\\\/\\\/rotary.fi\\\/lappeenrantasaimaa\\\/wp-content\\\/uploads\\\/sites\\\/51\\\/2022\\\/08\\\/kuva-3-piiri-1430-1.jpg\",\"width\":1106,\"height\":2048},{\"@type\":\"BreadcrumbList\",\"@id\":\"https:\\\/\\\/rotary.fi\\\/lappeenrantasaimaa\\\/mika-on-rotary\\\/olemme-osa-piiria-1430\\\/#breadcrumb\",\"itemListElement\":[{\"@type\":\"ListItem\",\"position\":1,\"name\":\"Home\",\"item\":\"https:\\\/\\\/rotary.fi\\\/lappeenrantasaimaa\\\/\"},{\"@type\":\"ListItem\",\"position\":2,\"name\":\"Mik\u00e4 on Rotary\",\"item\":\"https:\\\/\\\/rotary.fi\\\/lappeenrantasaimaa\\\/mika-on-rotary\\\/\"},{\"@type\":\"ListItem\",\"position\":3,\"name\":\"Olemme osa piiri\u00e4 1430\"}]},{\"@type\":\"WebSite\",\"@id\":\"https:\\\/\\\/rotary.fi\\\/lappeenrantasaimaa\\\/#website\",\"url\":\"https:\\\/\\\/rotary.fi\\\/lappeenrantasaimaa\\\/\",\"name\":\"Lappeenranta Saimaa Rotaryklubi\",\"description\":\"Uusi Rotary klubisivusto\",\"potentialAction\":[{\"@type\":\"SearchAction\",\"target\":{\"@type\":\"EntryPoint\",\"urlTemplate\":\"https:\\\/\\\/rotary.fi\\\/lappeenrantasaimaa\\\/?s={search_term_string}\"},\"query-input\":{\"@type\":\"PropertyValueSpecification\",\"valueRequired\":true,\"valueName\":\"search_term_string\"}}],\"inLanguage\":\"fi\"}]}<\/script>\n<!-- \/ Yoast SEO plugin. -->","yoast_head_json":{"title":"Olemme osa piiri\u00e4 1430 - Lappeenranta Saimaa Rotaryklubi","robots":{"index":"index","follow":"follow","max-snippet":"max-snippet:-1","max-image-preview":"max-image-preview:large","max-video-preview":"max-video-preview:-1"},"canonical":"https:\/\/rotary.fi\/lappeenrantasaimaa\/mika-on-rotary\/olemme-osa-piiria-1430\/","og_locale":"fi_FI","og_type":"article","og_title":"Olemme osa piiri\u00e4 1430 - Lappeenranta Saimaa Rotaryklubi","og_description":"Olemme osa piiri\u00e4 1430 Rotarypiirit &nbsp; Suomessa on viisi\u00a0rotarypiiri\u00e4, joihin kuuluu Suomen lis\u00e4ksi Viro. Kuulumme rotarypiiriin 1430, joka kattaa koko It\u00e4-Suomen. Piiriss\u00e4 34 klubia, joissa on j\u00e4seni\u00e4 n. 1000 (1.8.2022) Piirin toimintaa johtaa piirikuvern\u00f6\u00f6ri, joka raportoi suoraan Kansainv\u00e4lisen Rotaryn presidentille. Maailmassa piirej\u00e4 on n. 540.Piirikuvern\u00f6\u00f6rimme 2022-2023 on Maire Huopalainen Rantasalmen Rotaryklubista. Kuvern\u00f6\u00f6ri nimitet\u00e4\u00e4n aina Rotary [&hellip;]","og_url":"https:\/\/rotary.fi\/lappeenrantasaimaa\/mika-on-rotary\/olemme-osa-piiria-1430\/","og_site_name":"Lappeenranta Saimaa Rotaryklubi","article_modified_time":"2022-08-16T06:40:51+00:00","og_image":[{"url":"https:\/\/rotary.fi\/lappeenrantasaimaa\/wp-content\/uploads\/sites\/51\/2022\/08\/kuva-3-piiri-1430-1-162x300.jpg","type":"","width":"","height":""}],"twitter_card":"summary_large_image","twitter_misc":{"Arvioitu lukuaika":"2 minuuttia"},"schema":{"@context":"https:\/\/schema.org","@graph":[{"@type":"WebPage","@id":"https:\/\/rotary.fi\/lappeenrantasaimaa\/mika-on-rotary\/olemme-osa-piiria-1430\/","url":"https:\/\/rotary.fi\/lappeenrantasaimaa\/mika-on-rotary\/olemme-osa-piiria-1430\/","name":"Olemme osa piiri\u00e4 1430 - Lappeenranta Saimaa Rotaryklubi","isPartOf":{"@id":"https:\/\/rotary.fi\/lappeenrantasaimaa\/#website"},"primaryImageOfPage":{"@id":"https:\/\/rotary.fi\/lappeenrantasaimaa\/mika-on-rotary\/olemme-osa-piiria-1430\/#primaryimage"},"image":{"@id":"https:\/\/rotary.fi\/lappeenrantasaimaa\/mika-on-rotary\/olemme-osa-piiria-1430\/#primaryimage"},"thumbnailUrl":"https:\/\/rotary.fi\/lappeenrantasaimaa\/wp-content\/uploads\/sites\/51\/2022\/08\/kuva-3-piiri-1430-1-162x300.jpg","datePublished":"2018-10-24T08:32:22+00:00","dateModified":"2022-08-16T06:40:51+00:00","breadcrumb":{"@id":"https:\/\/rotary.fi\/lappeenrantasaimaa\/mika-on-rotary\/olemme-osa-piiria-1430\/#breadcrumb"},"inLanguage":"fi","potentialAction":[{"@type":"ReadAction","target":["https:\/\/rotary.fi\/lappeenrantasaimaa\/mika-on-rotary\/olemme-osa-piiria-1430\/"]}]},{"@type":"ImageObject","inLanguage":"fi","@id":"https:\/\/rotary.fi\/lappeenrantasaimaa\/mika-on-rotary\/olemme-osa-piiria-1430\/#primaryimage","url":"https:\/\/rotary.fi\/lappeenrantasaimaa\/wp-content\/uploads\/sites\/51\/2022\/08\/kuva-3-piiri-1430-1.jpg","contentUrl":"https:\/\/rotary.fi\/lappeenrantasaimaa\/wp-content\/uploads\/sites\/51\/2022\/08\/kuva-3-piiri-1430-1.jpg","width":1106,"height":2048},{"@type":"BreadcrumbList","@id":"https:\/\/rotary.fi\/lappeenrantasaimaa\/mika-on-rotary\/olemme-osa-piiria-1430\/#breadcrumb","itemListElement":[{"@type":"ListItem","position":1,"name":"Home","item":"https:\/\/rotary.fi\/lappeenrantasaimaa\/"},{"@type":"ListItem","position":2,"name":"Mik\u00e4 on Rotary","item":"https:\/\/rotary.fi\/lappeenrantasaimaa\/mika-on-rotary\/"},{"@type":"ListItem","position":3,"name":"Olemme osa piiri\u00e4 1430"}]},{"@type":"WebSite","@id":"https:\/\/rotary.fi\/lappeenrantasaimaa\/#website","url":"https:\/\/rotary.fi\/lappeenrantasaimaa\/","name":"Lappeenranta Saimaa Rotaryklubi","description":"Uusi Rotary klubisivusto","potentialAction":[{"@type":"SearchAction","target":{"@type":"EntryPoint","urlTemplate":"https:\/\/rotary.fi\/lappeenrantasaimaa\/?s={search_term_string}"},"query-input":{"@type":"PropertyValueSpecification","valueRequired":true,"valueName":"search_term_string"}}],"inLanguage":"fi"}]}},"lang":"fi","translations":{"fi":273},"pll_sync_post":[],"_links":{"self":[{"href":"https:\/\/rotary.fi\/lappeenrantasaimaa\/wp-json\/wp\/v2\/pages\/273","targetHints":{"allow":["GET"]}}],"collection":[{"href":"https:\/\/rotary.fi\/lappeenrantasaimaa\/wp-json\/wp\/v2\/pages"}],"about":[{"href":"https:\/\/rotary.fi\/lappeenrantasaimaa\/wp-json\/wp\/v2\/types\/page"}],"author":[{"embeddable":true,"href":"https:\/\/rotary.fi\/lappeenrantasaimaa\/wp-json\/wp\/v2\/users\/1"}],"replies":[{"embeddable":true,"href":"https:\/\/rotary.fi\/lappeenrantasaimaa\/wp-json\/wp\/v2\/comments?post=273"}],"version-history":[{"count":10,"href":"https:\/\/rotary.fi\/lappeenrantasaimaa\/wp-json\/wp\/v2\/pages\/273\/revisions"}],"predecessor-version":[{"id":3099,"href":"https:\/\/rotary.fi\/lappeenrantasaimaa\/wp-json\/wp\/v2\/pages\/273\/revisions\/3099"}],"up":[{"embeddable":true,"href":"https:\/\/rotary.fi\/lappeenrantasaimaa\/wp-json\/wp\/v2\/pages\/1808"}],"wp:attachment":[{"href":"https:\/\/rotary.fi\/lappeenrantasaimaa\/wp-json\/wp\/v2\/media?parent=273"}],"curies":[{"name":"wp","href":"https:\/\/api.w.org\/{rel}","templated":true}]}}