{"id":2127,"date":"2020-01-23T16:47:18","date_gmt":"2020-01-23T14:47:18","guid":{"rendered":"https:\/\/rotary.fi\/lappeenrantasaimaa\/?page_id=2127"},"modified":"2020-01-23T17:13:56","modified_gmt":"2020-01-23T15:13:56","slug":"yk","status":"publish","type":"page","link":"https:\/\/rotary.fi\/lappeenrantasaimaa\/toiminta\/yhteistyo\/yk\/","title":{"rendered":"YK"},"content":{"rendered":"<p>[et_pb_section fb_built=&#8221;1&#8243; specialty=&#8221;on&#8221; module_class_2=&#8221;sivupalkki&#8221; _builder_version=&#8221;3.22&#8243;][et_pb_column type=&#8221;2_3&#8243; specialty_columns=&#8221;2&#8243; _builder_version=&#8221;3.25&#8243; custom_padding=&#8221;|||&#8221; parallax__hover=&#8221;off&#8221; parallax_method__hover=&#8221;on&#8221; custom_padding__hover=&#8221;|||&#8221;][et_pb_row_inner admin_label=&#8221;Rivi&#8221; _builder_version=&#8221;3.25&#8243;][et_pb_column_inner saved_specialty_column_type=&#8221;2_3&#8243; _builder_version=&#8221;3.25&#8243; custom_padding=&#8221;|||&#8221; parallax__hover=&#8221;off&#8221; parallax_method__hover=&#8221;on&#8221; custom_padding__hover=&#8221;|||&#8221;][et_pb_text admin_label=&#8221;Otsikko&#8221; _builder_version=&#8221;4.1&#8243; text_orientation=&#8221;center&#8221;]<\/p>\n<h1>YK<\/h1>\n<p>[\/et_pb_text][et_pb_text _builder_version=&#8221;4.1&#8243;]<\/p>\n<p><strong>Rotary International synnytt\u00e4m\u00e4ss\u00e4 Yhdistyneit\u00e4 kansakuntia <\/strong><\/p>\n<p><img loading=\"lazy\" decoding=\"async\" src=\"https:\/\/rotary.fi\/lappeenrantasaimaa\/wp-content\/uploads\/sites\/51\/2020\/01\/kuva-50-pieni-240x300.jpg\" width=\"240\" height=\"300\" alt=\"\" class=\"wp-image-2138 alignnone size-medium\" \/><\/p>\n<p><em>YK:n p\u00e4\u00e4sihteeri Dag Hammarskj\u00f6ld p\u00e4\u00e4tt\u00e4m\u00e4ss\u00e4 RI:n viidett\u00e4kymmenett\u00e4 kongressia Madison Square Gardenissa New Yorkissa 12.6.1959.<\/em><\/p>\n<p>&nbsp;<\/p>\n<p>Rotary International suuntautui jo toimintansa alkutaipaleella vahvasti kansainv\u00e4liseen rauhanty\u00f6h\u00f6n ja vuoden 1921 Edinburghin kongressissa rauhan edist\u00e4minen sis\u00e4llytettiinkin RI:n s\u00e4\u00e4nt\u00f6ihin ja ohjelmiin. Seuraava askel otettiin 30- luvulla, kun perustettiin RI:n Inter Country Committees -ohjelma edist\u00e4m\u00e4\u00e4n kansainv\u00e4list\u00e4 yhteisty\u00f6t\u00e4 ja rauhaa.<\/p>\n<p>Vuoden 1940 Havannan kongressissa &#8211; sodan jo alettua Euroopassa &#8211; hyv\u00e4ksyttiin yhteinen julkilausuma, jonka tavoitteena on maailma, miss\u00e4 vallitsee vapaus, oikeudenmukaisuus, totuus ja toisen loukkaamattomuus. N\u00e4ist\u00e4 tuli aikoinaan YK:n ihmisoikeusjulistuksen periaatteita.<\/p>\n<p>Brittil\u00e4iset rotarit j\u00e4rjestiv\u00e4t 21 maan edustajille Lontoossa v. 1943 korkean tason yhteiskokouksen, jonka tavoitteena oli aikaansaada maailmanlaajuinen rauhansuunnitelma. Kokoukseen osallistui ministereit\u00e4 ja tarkkailijoita eri puolilta maailmaa ja se johti UNESCO:n perustamiseen vuonna 1946.<\/p>\n<p>YK:n varsinainen peruskirja valmistui San Franciscossa kev\u00e4\u00e4ll\u00e4 1945. Sen valmisteluun osallistui 800 edustajaa 29 eri toimikunnassa. Edustajista 49 oli rotareita. Peruskirja ratifioitiin 24 lokakuuta 1945 ja YK sai alkunsa.<\/p>\n<p>Nykyisin Rotarylla on kiinte\u00e4t suhteet YK:n eri toimijoihin ja sill\u00e4 on korkein hallitusten ulkopuolisten yhteisty\u00f6elinten status YK:ssa. YK:n p\u00e4\u00e4sihteerit ovat olleet p\u00e4\u00e4esiintyjin\u00e4 useissa RI:n kongresseissa.<\/p>\n<p>YK tekee my\u00f6s vahvaa yhteisty\u00f6t\u00e4 rotarien kanssa polion ehk\u00e4isyss\u00e4 ja useilla Rotarys\u00e4\u00e4ti\u00f6n eri keskitt\u00e4misalueilla kuten kulttuurivaihdon ja lukutaidon edist\u00e4misess\u00e4 sek\u00e4 maailman terveystilanteen parantamisessa.<\/p>\n<p>&nbsp;<\/p>\n<p>&nbsp;<\/p>\n<p><span style=\"color: #8300e9\"><strong><\/strong><\/span><\/p>\n<p>[\/et_pb_text][\/et_pb_column_inner][\/et_pb_row_inner][\/et_pb_column][et_pb_column type=&#8221;1_3&#8243; module_class=&#8221;sivupalkki&#8221; _builder_version=&#8221;3.25&#8243; custom_padding=&#8221;|||&#8221; parallax__hover=&#8221;off&#8221; parallax_method__hover=&#8221;on&#8221; module_class__hover=&#8221;sivupalkki&#8221; custom_padding__hover=&#8221;|||&#8221;][et_pb_sidebar area=&#8221;sidebar-1&#8243; module_class=&#8221;sivupalkki_sisalto&#8221; _builder_version=&#8221;3.4.1&#8243; locked=&#8221;off&#8221;][\/et_pb_sidebar][\/et_pb_column][\/et_pb_section]<\/p>\n","protected":false},"excerpt":{"rendered":"<p>YKRotary International synnytt\u00e4m\u00e4ss\u00e4 Yhdistyneit\u00e4 kansakuntia YK:n p\u00e4\u00e4sihteeri Dag Hammarskj\u00f6ld p\u00e4\u00e4tt\u00e4m\u00e4ss\u00e4 RI:n viidett\u00e4kymmenett\u00e4 kongressia Madison Square Gardenissa New Yorkissa 12.6.1959. &nbsp; Rotary International suuntautui jo toimintansa alkutaipaleella vahvasti kansainv\u00e4liseen rauhanty\u00f6h\u00f6n ja vuoden 1921 Edinburghin kongressissa rauhan edist\u00e4minen sis\u00e4llytettiinkin RI:n s\u00e4\u00e4nt\u00f6ihin ja ohjelmiin. Seuraava askel otettiin 30- luvulla, kun perustettiin RI:n Inter Country Committees -ohjelma edist\u00e4m\u00e4\u00e4n kansainv\u00e4list\u00e4 [&hellip;]<\/p>\n","protected":false},"author":314,"featured_media":0,"parent":165,"menu_order":0,"comment_status":"closed","ping_status":"closed","template":"","meta":{"_acf_changed":false,"_et_pb_use_builder":"on","_et_pb_old_content":"","_et_gb_content_width":"","footnotes":""},"class_list":["post-2127","page","type-page","status-publish","hentry"],"acf":[],"yoast_head":"<!-- This site is optimized with the Yoast SEO plugin v27.4 - https:\/\/yoast.com\/product\/yoast-seo-wordpress\/ -->\n<title>YK - Lappeenranta Saimaa Rotaryklubi<\/title>\n<meta name=\"robots\" content=\"index, follow, max-snippet:-1, max-image-preview:large, max-video-preview:-1\" \/>\n<link rel=\"canonical\" href=\"https:\/\/rotary.fi\/lappeenrantasaimaa\/toiminta\/yhteistyo\/yk\/\" \/>\n<meta property=\"og:locale\" content=\"fi_FI\" \/>\n<meta property=\"og:type\" content=\"article\" \/>\n<meta property=\"og:title\" content=\"YK - Lappeenranta Saimaa Rotaryklubi\" \/>\n<meta property=\"og:description\" content=\"YKRotary International synnytt\u00e4m\u00e4ss\u00e4 Yhdistyneit\u00e4 kansakuntia YK:n p\u00e4\u00e4sihteeri Dag Hammarskj\u00f6ld p\u00e4\u00e4tt\u00e4m\u00e4ss\u00e4 RI:n viidett\u00e4kymmenett\u00e4 kongressia Madison Square Gardenissa New Yorkissa 12.6.1959. &nbsp; Rotary International suuntautui jo toimintansa alkutaipaleella vahvasti kansainv\u00e4liseen rauhanty\u00f6h\u00f6n ja vuoden 1921 Edinburghin kongressissa rauhan edist\u00e4minen sis\u00e4llytettiinkin RI:n s\u00e4\u00e4nt\u00f6ihin ja ohjelmiin. Seuraava askel otettiin 30- luvulla, kun perustettiin RI:n Inter Country Committees -ohjelma edist\u00e4m\u00e4\u00e4n kansainv\u00e4list\u00e4 [&hellip;]\" \/>\n<meta property=\"og:url\" content=\"https:\/\/rotary.fi\/lappeenrantasaimaa\/toiminta\/yhteistyo\/yk\/\" \/>\n<meta property=\"og:site_name\" content=\"Lappeenranta Saimaa Rotaryklubi\" \/>\n<meta property=\"article:modified_time\" content=\"2020-01-23T15:13:56+00:00\" \/>\n<meta property=\"og:image\" content=\"https:\/\/rotary.fi\/lappeenrantasaimaa\/wp-content\/uploads\/sites\/51\/2020\/01\/kuva-50-pieni-240x300.jpg\" \/>\n<meta name=\"twitter:card\" content=\"summary_large_image\" \/>\n<meta name=\"twitter:label1\" content=\"Arvioitu lukuaika\" \/>\n\t<meta name=\"twitter:data1\" content=\"2 minuuttia\" \/>\n<script type=\"application\/ld+json\" class=\"yoast-schema-graph\">{\"@context\":\"https:\\\/\\\/schema.org\",\"@graph\":[{\"@type\":\"WebPage\",\"@id\":\"https:\\\/\\\/rotary.fi\\\/lappeenrantasaimaa\\\/toiminta\\\/yhteistyo\\\/yk\\\/\",\"url\":\"https:\\\/\\\/rotary.fi\\\/lappeenrantasaimaa\\\/toiminta\\\/yhteistyo\\\/yk\\\/\",\"name\":\"YK - Lappeenranta Saimaa Rotaryklubi\",\"isPartOf\":{\"@id\":\"https:\\\/\\\/rotary.fi\\\/lappeenrantasaimaa\\\/#website\"},\"primaryImageOfPage\":{\"@id\":\"https:\\\/\\\/rotary.fi\\\/lappeenrantasaimaa\\\/toiminta\\\/yhteistyo\\\/yk\\\/#primaryimage\"},\"image\":{\"@id\":\"https:\\\/\\\/rotary.fi\\\/lappeenrantasaimaa\\\/toiminta\\\/yhteistyo\\\/yk\\\/#primaryimage\"},\"thumbnailUrl\":\"https:\\\/\\\/rotary.fi\\\/lappeenrantasaimaa\\\/wp-content\\\/uploads\\\/sites\\\/51\\\/2020\\\/01\\\/kuva-50-pieni-240x300.jpg\",\"datePublished\":\"2020-01-23T14:47:18+00:00\",\"dateModified\":\"2020-01-23T15:13:56+00:00\",\"breadcrumb\":{\"@id\":\"https:\\\/\\\/rotary.fi\\\/lappeenrantasaimaa\\\/toiminta\\\/yhteistyo\\\/yk\\\/#breadcrumb\"},\"inLanguage\":\"fi\",\"potentialAction\":[{\"@type\":\"ReadAction\",\"target\":[\"https:\\\/\\\/rotary.fi\\\/lappeenrantasaimaa\\\/toiminta\\\/yhteistyo\\\/yk\\\/\"]}]},{\"@type\":\"ImageObject\",\"inLanguage\":\"fi\",\"@id\":\"https:\\\/\\\/rotary.fi\\\/lappeenrantasaimaa\\\/toiminta\\\/yhteistyo\\\/yk\\\/#primaryimage\",\"url\":\"https:\\\/\\\/rotary.fi\\\/lappeenrantasaimaa\\\/wp-content\\\/uploads\\\/sites\\\/51\\\/2020\\\/01\\\/kuva-50-pieni.jpg\",\"contentUrl\":\"https:\\\/\\\/rotary.fi\\\/lappeenrantasaimaa\\\/wp-content\\\/uploads\\\/sites\\\/51\\\/2020\\\/01\\\/kuva-50-pieni.jpg\",\"width\":1600,\"height\":2001},{\"@type\":\"BreadcrumbList\",\"@id\":\"https:\\\/\\\/rotary.fi\\\/lappeenrantasaimaa\\\/toiminta\\\/yhteistyo\\\/yk\\\/#breadcrumb\",\"itemListElement\":[{\"@type\":\"ListItem\",\"position\":1,\"name\":\"Home\",\"item\":\"https:\\\/\\\/rotary.fi\\\/lappeenrantasaimaa\\\/\"},{\"@type\":\"ListItem\",\"position\":2,\"name\":\"Toiminta\",\"item\":\"https:\\\/\\\/rotary.fi\\\/lappeenrantasaimaa\\\/toiminta\\\/\"},{\"@type\":\"ListItem\",\"position\":3,\"name\":\"Yhteisty\u00f6\",\"item\":\"https:\\\/\\\/rotary.fi\\\/lappeenrantasaimaa\\\/toiminta\\\/yhteistyo\\\/\"},{\"@type\":\"ListItem\",\"position\":4,\"name\":\"YK\"}]},{\"@type\":\"WebSite\",\"@id\":\"https:\\\/\\\/rotary.fi\\\/lappeenrantasaimaa\\\/#website\",\"url\":\"https:\\\/\\\/rotary.fi\\\/lappeenrantasaimaa\\\/\",\"name\":\"Lappeenranta Saimaa Rotaryklubi\",\"description\":\"Uusi Rotary klubisivusto\",\"potentialAction\":[{\"@type\":\"SearchAction\",\"target\":{\"@type\":\"EntryPoint\",\"urlTemplate\":\"https:\\\/\\\/rotary.fi\\\/lappeenrantasaimaa\\\/?s={search_term_string}\"},\"query-input\":{\"@type\":\"PropertyValueSpecification\",\"valueRequired\":true,\"valueName\":\"search_term_string\"}}],\"inLanguage\":\"fi\"}]}<\/script>\n<!-- \/ Yoast SEO plugin. -->","yoast_head_json":{"title":"YK - Lappeenranta Saimaa Rotaryklubi","robots":{"index":"index","follow":"follow","max-snippet":"max-snippet:-1","max-image-preview":"max-image-preview:large","max-video-preview":"max-video-preview:-1"},"canonical":"https:\/\/rotary.fi\/lappeenrantasaimaa\/toiminta\/yhteistyo\/yk\/","og_locale":"fi_FI","og_type":"article","og_title":"YK - Lappeenranta Saimaa Rotaryklubi","og_description":"YKRotary International synnytt\u00e4m\u00e4ss\u00e4 Yhdistyneit\u00e4 kansakuntia YK:n p\u00e4\u00e4sihteeri Dag Hammarskj\u00f6ld p\u00e4\u00e4tt\u00e4m\u00e4ss\u00e4 RI:n viidett\u00e4kymmenett\u00e4 kongressia Madison Square Gardenissa New Yorkissa 12.6.1959. &nbsp; Rotary International suuntautui jo toimintansa alkutaipaleella vahvasti kansainv\u00e4liseen rauhanty\u00f6h\u00f6n ja vuoden 1921 Edinburghin kongressissa rauhan edist\u00e4minen sis\u00e4llytettiinkin RI:n s\u00e4\u00e4nt\u00f6ihin ja ohjelmiin. Seuraava askel otettiin 30- luvulla, kun perustettiin RI:n Inter Country Committees -ohjelma edist\u00e4m\u00e4\u00e4n kansainv\u00e4list\u00e4 [&hellip;]","og_url":"https:\/\/rotary.fi\/lappeenrantasaimaa\/toiminta\/yhteistyo\/yk\/","og_site_name":"Lappeenranta Saimaa Rotaryklubi","article_modified_time":"2020-01-23T15:13:56+00:00","og_image":[{"url":"https:\/\/rotary.fi\/lappeenrantasaimaa\/wp-content\/uploads\/sites\/51\/2020\/01\/kuva-50-pieni-240x300.jpg","type":"","width":"","height":""}],"twitter_card":"summary_large_image","twitter_misc":{"Arvioitu lukuaika":"2 minuuttia"},"schema":{"@context":"https:\/\/schema.org","@graph":[{"@type":"WebPage","@id":"https:\/\/rotary.fi\/lappeenrantasaimaa\/toiminta\/yhteistyo\/yk\/","url":"https:\/\/rotary.fi\/lappeenrantasaimaa\/toiminta\/yhteistyo\/yk\/","name":"YK - Lappeenranta Saimaa Rotaryklubi","isPartOf":{"@id":"https:\/\/rotary.fi\/lappeenrantasaimaa\/#website"},"primaryImageOfPage":{"@id":"https:\/\/rotary.fi\/lappeenrantasaimaa\/toiminta\/yhteistyo\/yk\/#primaryimage"},"image":{"@id":"https:\/\/rotary.fi\/lappeenrantasaimaa\/toiminta\/yhteistyo\/yk\/#primaryimage"},"thumbnailUrl":"https:\/\/rotary.fi\/lappeenrantasaimaa\/wp-content\/uploads\/sites\/51\/2020\/01\/kuva-50-pieni-240x300.jpg","datePublished":"2020-01-23T14:47:18+00:00","dateModified":"2020-01-23T15:13:56+00:00","breadcrumb":{"@id":"https:\/\/rotary.fi\/lappeenrantasaimaa\/toiminta\/yhteistyo\/yk\/#breadcrumb"},"inLanguage":"fi","potentialAction":[{"@type":"ReadAction","target":["https:\/\/rotary.fi\/lappeenrantasaimaa\/toiminta\/yhteistyo\/yk\/"]}]},{"@type":"ImageObject","inLanguage":"fi","@id":"https:\/\/rotary.fi\/lappeenrantasaimaa\/toiminta\/yhteistyo\/yk\/#primaryimage","url":"https:\/\/rotary.fi\/lappeenrantasaimaa\/wp-content\/uploads\/sites\/51\/2020\/01\/kuva-50-pieni.jpg","contentUrl":"https:\/\/rotary.fi\/lappeenrantasaimaa\/wp-content\/uploads\/sites\/51\/2020\/01\/kuva-50-pieni.jpg","width":1600,"height":2001},{"@type":"BreadcrumbList","@id":"https:\/\/rotary.fi\/lappeenrantasaimaa\/toiminta\/yhteistyo\/yk\/#breadcrumb","itemListElement":[{"@type":"ListItem","position":1,"name":"Home","item":"https:\/\/rotary.fi\/lappeenrantasaimaa\/"},{"@type":"ListItem","position":2,"name":"Toiminta","item":"https:\/\/rotary.fi\/lappeenrantasaimaa\/toiminta\/"},{"@type":"ListItem","position":3,"name":"Yhteisty\u00f6","item":"https:\/\/rotary.fi\/lappeenrantasaimaa\/toiminta\/yhteistyo\/"},{"@type":"ListItem","position":4,"name":"YK"}]},{"@type":"WebSite","@id":"https:\/\/rotary.fi\/lappeenrantasaimaa\/#website","url":"https:\/\/rotary.fi\/lappeenrantasaimaa\/","name":"Lappeenranta Saimaa Rotaryklubi","description":"Uusi Rotary klubisivusto","potentialAction":[{"@type":"SearchAction","target":{"@type":"EntryPoint","urlTemplate":"https:\/\/rotary.fi\/lappeenrantasaimaa\/?s={search_term_string}"},"query-input":{"@type":"PropertyValueSpecification","valueRequired":true,"valueName":"search_term_string"}}],"inLanguage":"fi"}]}},"lang":"fi","translations":{"fi":2127},"pll_sync_post":[],"_links":{"self":[{"href":"https:\/\/rotary.fi\/lappeenrantasaimaa\/wp-json\/wp\/v2\/pages\/2127","targetHints":{"allow":["GET"]}}],"collection":[{"href":"https:\/\/rotary.fi\/lappeenrantasaimaa\/wp-json\/wp\/v2\/pages"}],"about":[{"href":"https:\/\/rotary.fi\/lappeenrantasaimaa\/wp-json\/wp\/v2\/types\/page"}],"author":[{"embeddable":true,"href":"https:\/\/rotary.fi\/lappeenrantasaimaa\/wp-json\/wp\/v2\/users\/314"}],"replies":[{"embeddable":true,"href":"https:\/\/rotary.fi\/lappeenrantasaimaa\/wp-json\/wp\/v2\/comments?post=2127"}],"version-history":[{"count":6,"href":"https:\/\/rotary.fi\/lappeenrantasaimaa\/wp-json\/wp\/v2\/pages\/2127\/revisions"}],"predecessor-version":[{"id":2140,"href":"https:\/\/rotary.fi\/lappeenrantasaimaa\/wp-json\/wp\/v2\/pages\/2127\/revisions\/2140"}],"up":[{"embeddable":true,"href":"https:\/\/rotary.fi\/lappeenrantasaimaa\/wp-json\/wp\/v2\/pages\/165"}],"wp:attachment":[{"href":"https:\/\/rotary.fi\/lappeenrantasaimaa\/wp-json\/wp\/v2\/media?parent=2127"}],"curies":[{"name":"wp","href":"https:\/\/api.w.org\/{rel}","templated":true}]}}