{"id":2095,"date":"2020-01-23T10:05:54","date_gmt":"2020-01-23T08:05:54","guid":{"rendered":"https:\/\/rotary.fi\/lappeenrantasaimaa\/?page_id=2095"},"modified":"2020-01-23T19:37:35","modified_gmt":"2020-01-23T17:37:35","slug":"who","status":"publish","type":"page","link":"https:\/\/rotary.fi\/lappeenrantasaimaa\/toiminta\/yhteistyo\/who\/","title":{"rendered":"WHO"},"content":{"rendered":"<p>[et_pb_section fb_built=&#8221;1&#8243; specialty=&#8221;on&#8221; module_class_2=&#8221;sivupalkki&#8221; _builder_version=&#8221;3.22&#8243;][et_pb_column type=&#8221;2_3&#8243; specialty_columns=&#8221;2&#8243; _builder_version=&#8221;3.25&#8243; custom_padding=&#8221;|||&#8221; parallax__hover=&#8221;off&#8221; parallax_method__hover=&#8221;on&#8221; custom_padding__hover=&#8221;|||&#8221;][et_pb_row_inner admin_label=&#8221;Rivi&#8221; _builder_version=&#8221;3.25&#8243;][et_pb_column_inner saved_specialty_column_type=&#8221;2_3&#8243; _builder_version=&#8221;3.25&#8243; custom_padding=&#8221;|||&#8221; parallax__hover=&#8221;off&#8221; parallax_method__hover=&#8221;on&#8221; custom_padding__hover=&#8221;|||&#8221;][et_pb_text admin_label=&#8221;Otsikko&#8221; _builder_version=&#8221;4.1&#8243; text_orientation=&#8221;center&#8221;]<\/p>\n<h1>WHO<\/h1>\n<p>[\/et_pb_text][et_pb_text _builder_version=&#8221;4.1&#8243; hover_enabled=&#8221;0&#8243;]<\/p>\n<p><img loading=\"lazy\" decoding=\"async\" src=\"https:\/\/rotary.fi\/lappeenrantasaimaa\/wp-content\/uploads\/sites\/51\/2020\/01\/th-10.jpg\" width=\"284\" height=\"187\" alt=\"\" class=\"wp-image-2159 alignnone size-full\" \/>\u00a0 \u00a0 \u00a0\u00a0<img loading=\"lazy\" decoding=\"async\" src=\"https:\/\/rotary.fi\/lappeenrantasaimaa\/wp-content\/uploads\/sites\/51\/2020\/01\/th-11-300x169.jpg\" width=\"328\" height=\"185\" alt=\"\" class=\"wp-image-2160 alignnone size-medium\" srcset=\"https:\/\/rotary.fi\/lappeenrantasaimaa\/wp-content\/uploads\/sites\/51\/2020\/01\/th-11-300x169.jpg 300w, https:\/\/rotary.fi\/lappeenrantasaimaa\/wp-content\/uploads\/sites\/51\/2020\/01\/th-11.jpg 355w\" sizes=\"(max-width: 328px) 100vw, 328px\" \/><\/p>\n<p>Rotary oli alkuun panevana voimana yhdess\u00e4 Maailman Terveysj\u00e4rjest\u00f6n WHO:n kanssa 1980-luvulla polion h\u00e4vitt\u00e4miseksi maailmassa. Tuolloin tapauksia ilmeni maailmassa vuosittain yli 300 000. Polio on viruksen aiheuttama tauti, joka tarttuu herk\u00e4sti alle viisivuotiaisiin lapsiin. Tauti saattaa aiheuttaa halvauksen, ja pahimmassa tapauksessa kuoleman. Polio on helposti ehk\u00e4ist\u00e4viss\u00e4 rokotteella, mutta siihen ei ole parannuskeinoa.<\/p>\n<p>Rotary oli alkuun panevana voimana yhdess\u00e4 Maailman Terveysj\u00e4rjest\u00f6n WHO:n kanssa 1980-luvulla polion h\u00e4vitt\u00e4miseksi maailmassa. Tuolloin tapauksia ilmeni maailmassa vuosittain yli 300 000. Ty\u00f6 polion h\u00e4vitt\u00e4miseksi on edennyt hyvin ja se on julistettu WHO:n ykk\u00f6stavoitteeksi. T\u00e4ll\u00e4 hetkell\u00e4 tapauksia on vuosittain 5-20 koko maailmassa ja sit\u00e4 esiintyy en\u00e4\u00e4 l\u00e4hinn\u00e4 Afganistanissa ja Pakistanissa. Suomessa poliorokotukset aloitettiin vuonna 1957, joiden ansiosta polio h\u00e4visi k\u00e4yt\u00e4nn\u00f6ss\u00e4 meill\u00e4 jo 1960-luvulla. Uusi polioepidemia yll\u00e4tti suomalaiset kertaalleen viel\u00e4 vuonna 1984. Tuolloin epidemia saatiin kitketty\u00e4 koko v\u00e4est\u00f6\u00f6n kohdistuneella rokotuskampanjalla.<\/p>\n<p>Hanke polion h\u00e4vitt\u00e4miseksi (PolioPlus) voidaan katsoa p\u00e4\u00e4ttyneeksi, kun maapallo on ollut kolme per\u00e4tt\u00e4ist\u00e4 vuotta poliovapaa.<\/p>\n<p><span style=\"color: #8300e9\"><strong><\/strong><\/span><\/p>\n<p>[\/et_pb_text][\/et_pb_column_inner][\/et_pb_row_inner][\/et_pb_column][et_pb_column type=&#8221;1_3&#8243; module_class=&#8221;sivupalkki&#8221; _builder_version=&#8221;3.25&#8243; custom_padding=&#8221;|||&#8221; parallax__hover=&#8221;off&#8221; parallax_method__hover=&#8221;on&#8221; module_class__hover=&#8221;sivupalkki&#8221; custom_padding__hover=&#8221;|||&#8221;][et_pb_sidebar area=&#8221;sidebar-1&#8243; module_class=&#8221;sivupalkki_sisalto&#8221; _builder_version=&#8221;3.4.1&#8243; locked=&#8221;off&#8221;][\/et_pb_sidebar][\/et_pb_column][\/et_pb_section]<\/p>\n","protected":false},"excerpt":{"rendered":"<p>WHO\u00a0 \u00a0 \u00a0\u00a0 Rotary oli alkuun panevana voimana yhdess\u00e4 Maailman Terveysj\u00e4rjest\u00f6n WHO:n kanssa 1980-luvulla polion h\u00e4vitt\u00e4miseksi maailmassa. Tuolloin tapauksia ilmeni maailmassa vuosittain yli 300 000. Polio on viruksen aiheuttama tauti, joka tarttuu herk\u00e4sti alle viisivuotiaisiin lapsiin. Tauti saattaa aiheuttaa halvauksen, ja pahimmassa tapauksessa kuoleman. Polio on helposti ehk\u00e4ist\u00e4viss\u00e4 rokotteella, mutta siihen ei ole parannuskeinoa. Rotary [&hellip;]<\/p>\n","protected":false},"author":314,"featured_media":0,"parent":165,"menu_order":0,"comment_status":"closed","ping_status":"closed","template":"","meta":{"_acf_changed":false,"_et_pb_use_builder":"on","_et_pb_old_content":"","_et_gb_content_width":"","footnotes":""},"class_list":["post-2095","page","type-page","status-publish","hentry"],"acf":[],"yoast_head":"<!-- This site is optimized with the Yoast SEO plugin v27.4 - https:\/\/yoast.com\/product\/yoast-seo-wordpress\/ -->\n<title>WHO - Lappeenranta Saimaa Rotaryklubi<\/title>\n<meta name=\"robots\" content=\"index, follow, max-snippet:-1, max-image-preview:large, max-video-preview:-1\" \/>\n<link rel=\"canonical\" href=\"https:\/\/rotary.fi\/lappeenrantasaimaa\/toiminta\/yhteistyo\/who\/\" \/>\n<meta property=\"og:locale\" content=\"fi_FI\" \/>\n<meta property=\"og:type\" content=\"article\" \/>\n<meta property=\"og:title\" content=\"WHO - Lappeenranta Saimaa Rotaryklubi\" \/>\n<meta property=\"og:description\" content=\"WHO\u00a0 \u00a0 \u00a0\u00a0 Rotary oli alkuun panevana voimana yhdess\u00e4 Maailman Terveysj\u00e4rjest\u00f6n WHO:n kanssa 1980-luvulla polion h\u00e4vitt\u00e4miseksi maailmassa. Tuolloin tapauksia ilmeni maailmassa vuosittain yli 300 000. Polio on viruksen aiheuttama tauti, joka tarttuu herk\u00e4sti alle viisivuotiaisiin lapsiin. Tauti saattaa aiheuttaa halvauksen, ja pahimmassa tapauksessa kuoleman. Polio on helposti ehk\u00e4ist\u00e4viss\u00e4 rokotteella, mutta siihen ei ole parannuskeinoa. Rotary [&hellip;]\" \/>\n<meta property=\"og:url\" content=\"https:\/\/rotary.fi\/lappeenrantasaimaa\/toiminta\/yhteistyo\/who\/\" \/>\n<meta property=\"og:site_name\" content=\"Lappeenranta Saimaa Rotaryklubi\" \/>\n<meta property=\"article:modified_time\" content=\"2020-01-23T17:37:35+00:00\" \/>\n<meta property=\"og:image\" content=\"https:\/\/rotary.fi\/lappeenrantasaimaa\/wp-content\/uploads\/sites\/51\/2020\/01\/th-10.jpg\" \/>\n<meta name=\"twitter:card\" content=\"summary_large_image\" \/>\n<meta name=\"twitter:label1\" content=\"Arvioitu lukuaika\" \/>\n\t<meta name=\"twitter:data1\" content=\"2 minuuttia\" \/>\n<script type=\"application\/ld+json\" class=\"yoast-schema-graph\">{\"@context\":\"https:\\\/\\\/schema.org\",\"@graph\":[{\"@type\":\"WebPage\",\"@id\":\"https:\\\/\\\/rotary.fi\\\/lappeenrantasaimaa\\\/toiminta\\\/yhteistyo\\\/who\\\/\",\"url\":\"https:\\\/\\\/rotary.fi\\\/lappeenrantasaimaa\\\/toiminta\\\/yhteistyo\\\/who\\\/\",\"name\":\"WHO - Lappeenranta Saimaa Rotaryklubi\",\"isPartOf\":{\"@id\":\"https:\\\/\\\/rotary.fi\\\/lappeenrantasaimaa\\\/#website\"},\"primaryImageOfPage\":{\"@id\":\"https:\\\/\\\/rotary.fi\\\/lappeenrantasaimaa\\\/toiminta\\\/yhteistyo\\\/who\\\/#primaryimage\"},\"image\":{\"@id\":\"https:\\\/\\\/rotary.fi\\\/lappeenrantasaimaa\\\/toiminta\\\/yhteistyo\\\/who\\\/#primaryimage\"},\"thumbnailUrl\":\"https:\\\/\\\/rotary.fi\\\/lappeenrantasaimaa\\\/wp-content\\\/uploads\\\/sites\\\/51\\\/2020\\\/01\\\/th-10.jpg\",\"datePublished\":\"2020-01-23T08:05:54+00:00\",\"dateModified\":\"2020-01-23T17:37:35+00:00\",\"breadcrumb\":{\"@id\":\"https:\\\/\\\/rotary.fi\\\/lappeenrantasaimaa\\\/toiminta\\\/yhteistyo\\\/who\\\/#breadcrumb\"},\"inLanguage\":\"fi\",\"potentialAction\":[{\"@type\":\"ReadAction\",\"target\":[\"https:\\\/\\\/rotary.fi\\\/lappeenrantasaimaa\\\/toiminta\\\/yhteistyo\\\/who\\\/\"]}]},{\"@type\":\"ImageObject\",\"inLanguage\":\"fi\",\"@id\":\"https:\\\/\\\/rotary.fi\\\/lappeenrantasaimaa\\\/toiminta\\\/yhteistyo\\\/who\\\/#primaryimage\",\"url\":\"https:\\\/\\\/rotary.fi\\\/lappeenrantasaimaa\\\/wp-content\\\/uploads\\\/sites\\\/51\\\/2020\\\/01\\\/th-10.jpg\",\"contentUrl\":\"https:\\\/\\\/rotary.fi\\\/lappeenrantasaimaa\\\/wp-content\\\/uploads\\\/sites\\\/51\\\/2020\\\/01\\\/th-10.jpg\",\"width\":284,\"height\":187},{\"@type\":\"BreadcrumbList\",\"@id\":\"https:\\\/\\\/rotary.fi\\\/lappeenrantasaimaa\\\/toiminta\\\/yhteistyo\\\/who\\\/#breadcrumb\",\"itemListElement\":[{\"@type\":\"ListItem\",\"position\":1,\"name\":\"Home\",\"item\":\"https:\\\/\\\/rotary.fi\\\/lappeenrantasaimaa\\\/\"},{\"@type\":\"ListItem\",\"position\":2,\"name\":\"Toiminta\",\"item\":\"https:\\\/\\\/rotary.fi\\\/lappeenrantasaimaa\\\/toiminta\\\/\"},{\"@type\":\"ListItem\",\"position\":3,\"name\":\"Yhteisty\u00f6\",\"item\":\"https:\\\/\\\/rotary.fi\\\/lappeenrantasaimaa\\\/toiminta\\\/yhteistyo\\\/\"},{\"@type\":\"ListItem\",\"position\":4,\"name\":\"WHO\"}]},{\"@type\":\"WebSite\",\"@id\":\"https:\\\/\\\/rotary.fi\\\/lappeenrantasaimaa\\\/#website\",\"url\":\"https:\\\/\\\/rotary.fi\\\/lappeenrantasaimaa\\\/\",\"name\":\"Lappeenranta Saimaa Rotaryklubi\",\"description\":\"Uusi Rotary klubisivusto\",\"potentialAction\":[{\"@type\":\"SearchAction\",\"target\":{\"@type\":\"EntryPoint\",\"urlTemplate\":\"https:\\\/\\\/rotary.fi\\\/lappeenrantasaimaa\\\/?s={search_term_string}\"},\"query-input\":{\"@type\":\"PropertyValueSpecification\",\"valueRequired\":true,\"valueName\":\"search_term_string\"}}],\"inLanguage\":\"fi\"}]}<\/script>\n<!-- \/ Yoast SEO plugin. -->","yoast_head_json":{"title":"WHO - Lappeenranta Saimaa Rotaryklubi","robots":{"index":"index","follow":"follow","max-snippet":"max-snippet:-1","max-image-preview":"max-image-preview:large","max-video-preview":"max-video-preview:-1"},"canonical":"https:\/\/rotary.fi\/lappeenrantasaimaa\/toiminta\/yhteistyo\/who\/","og_locale":"fi_FI","og_type":"article","og_title":"WHO - Lappeenranta Saimaa Rotaryklubi","og_description":"WHO\u00a0 \u00a0 \u00a0\u00a0 Rotary oli alkuun panevana voimana yhdess\u00e4 Maailman Terveysj\u00e4rjest\u00f6n WHO:n kanssa 1980-luvulla polion h\u00e4vitt\u00e4miseksi maailmassa. Tuolloin tapauksia ilmeni maailmassa vuosittain yli 300 000. Polio on viruksen aiheuttama tauti, joka tarttuu herk\u00e4sti alle viisivuotiaisiin lapsiin. Tauti saattaa aiheuttaa halvauksen, ja pahimmassa tapauksessa kuoleman. Polio on helposti ehk\u00e4ist\u00e4viss\u00e4 rokotteella, mutta siihen ei ole parannuskeinoa. Rotary [&hellip;]","og_url":"https:\/\/rotary.fi\/lappeenrantasaimaa\/toiminta\/yhteistyo\/who\/","og_site_name":"Lappeenranta Saimaa Rotaryklubi","article_modified_time":"2020-01-23T17:37:35+00:00","og_image":[{"url":"https:\/\/rotary.fi\/lappeenrantasaimaa\/wp-content\/uploads\/sites\/51\/2020\/01\/th-10.jpg","type":"","width":"","height":""}],"twitter_card":"summary_large_image","twitter_misc":{"Arvioitu lukuaika":"2 minuuttia"},"schema":{"@context":"https:\/\/schema.org","@graph":[{"@type":"WebPage","@id":"https:\/\/rotary.fi\/lappeenrantasaimaa\/toiminta\/yhteistyo\/who\/","url":"https:\/\/rotary.fi\/lappeenrantasaimaa\/toiminta\/yhteistyo\/who\/","name":"WHO - Lappeenranta Saimaa Rotaryklubi","isPartOf":{"@id":"https:\/\/rotary.fi\/lappeenrantasaimaa\/#website"},"primaryImageOfPage":{"@id":"https:\/\/rotary.fi\/lappeenrantasaimaa\/toiminta\/yhteistyo\/who\/#primaryimage"},"image":{"@id":"https:\/\/rotary.fi\/lappeenrantasaimaa\/toiminta\/yhteistyo\/who\/#primaryimage"},"thumbnailUrl":"https:\/\/rotary.fi\/lappeenrantasaimaa\/wp-content\/uploads\/sites\/51\/2020\/01\/th-10.jpg","datePublished":"2020-01-23T08:05:54+00:00","dateModified":"2020-01-23T17:37:35+00:00","breadcrumb":{"@id":"https:\/\/rotary.fi\/lappeenrantasaimaa\/toiminta\/yhteistyo\/who\/#breadcrumb"},"inLanguage":"fi","potentialAction":[{"@type":"ReadAction","target":["https:\/\/rotary.fi\/lappeenrantasaimaa\/toiminta\/yhteistyo\/who\/"]}]},{"@type":"ImageObject","inLanguage":"fi","@id":"https:\/\/rotary.fi\/lappeenrantasaimaa\/toiminta\/yhteistyo\/who\/#primaryimage","url":"https:\/\/rotary.fi\/lappeenrantasaimaa\/wp-content\/uploads\/sites\/51\/2020\/01\/th-10.jpg","contentUrl":"https:\/\/rotary.fi\/lappeenrantasaimaa\/wp-content\/uploads\/sites\/51\/2020\/01\/th-10.jpg","width":284,"height":187},{"@type":"BreadcrumbList","@id":"https:\/\/rotary.fi\/lappeenrantasaimaa\/toiminta\/yhteistyo\/who\/#breadcrumb","itemListElement":[{"@type":"ListItem","position":1,"name":"Home","item":"https:\/\/rotary.fi\/lappeenrantasaimaa\/"},{"@type":"ListItem","position":2,"name":"Toiminta","item":"https:\/\/rotary.fi\/lappeenrantasaimaa\/toiminta\/"},{"@type":"ListItem","position":3,"name":"Yhteisty\u00f6","item":"https:\/\/rotary.fi\/lappeenrantasaimaa\/toiminta\/yhteistyo\/"},{"@type":"ListItem","position":4,"name":"WHO"}]},{"@type":"WebSite","@id":"https:\/\/rotary.fi\/lappeenrantasaimaa\/#website","url":"https:\/\/rotary.fi\/lappeenrantasaimaa\/","name":"Lappeenranta Saimaa Rotaryklubi","description":"Uusi Rotary klubisivusto","potentialAction":[{"@type":"SearchAction","target":{"@type":"EntryPoint","urlTemplate":"https:\/\/rotary.fi\/lappeenrantasaimaa\/?s={search_term_string}"},"query-input":{"@type":"PropertyValueSpecification","valueRequired":true,"valueName":"search_term_string"}}],"inLanguage":"fi"}]}},"lang":"fi","translations":{"fi":2095},"pll_sync_post":[],"_links":{"self":[{"href":"https:\/\/rotary.fi\/lappeenrantasaimaa\/wp-json\/wp\/v2\/pages\/2095","targetHints":{"allow":["GET"]}}],"collection":[{"href":"https:\/\/rotary.fi\/lappeenrantasaimaa\/wp-json\/wp\/v2\/pages"}],"about":[{"href":"https:\/\/rotary.fi\/lappeenrantasaimaa\/wp-json\/wp\/v2\/types\/page"}],"author":[{"embeddable":true,"href":"https:\/\/rotary.fi\/lappeenrantasaimaa\/wp-json\/wp\/v2\/users\/314"}],"replies":[{"embeddable":true,"href":"https:\/\/rotary.fi\/lappeenrantasaimaa\/wp-json\/wp\/v2\/comments?post=2095"}],"version-history":[{"count":5,"href":"https:\/\/rotary.fi\/lappeenrantasaimaa\/wp-json\/wp\/v2\/pages\/2095\/revisions"}],"predecessor-version":[{"id":2161,"href":"https:\/\/rotary.fi\/lappeenrantasaimaa\/wp-json\/wp\/v2\/pages\/2095\/revisions\/2161"}],"up":[{"embeddable":true,"href":"https:\/\/rotary.fi\/lappeenrantasaimaa\/wp-json\/wp\/v2\/pages\/165"}],"wp:attachment":[{"href":"https:\/\/rotary.fi\/lappeenrantasaimaa\/wp-json\/wp\/v2\/media?parent=2095"}],"curies":[{"name":"wp","href":"https:\/\/api.w.org\/{rel}","templated":true}]}}