{"id":2090,"date":"2020-01-23T10:03:51","date_gmt":"2020-01-23T08:03:51","guid":{"rendered":"https:\/\/rotary.fi\/lappeenrantasaimaa\/?page_id=2090"},"modified":"2020-01-23T19:33:33","modified_gmt":"2020-01-23T17:33:33","slug":"bill-and-melinda","status":"publish","type":"page","link":"https:\/\/rotary.fi\/lappeenrantasaimaa\/toiminta\/yhteistyo\/bill-and-melinda\/","title":{"rendered":"Bill ja Melinda Gatesin s\u00e4\u00e4ti\u00f6"},"content":{"rendered":"<p>[et_pb_section fb_built=&#8221;1&#8243; specialty=&#8221;on&#8221; module_class_2=&#8221;sivupalkki&#8221; _builder_version=&#8221;3.22&#8243;][et_pb_column type=&#8221;2_3&#8243; specialty_columns=&#8221;2&#8243; _builder_version=&#8221;3.25&#8243; custom_padding=&#8221;|||&#8221; parallax__hover=&#8221;off&#8221; parallax_method__hover=&#8221;on&#8221; custom_padding__hover=&#8221;|||&#8221;][et_pb_row_inner admin_label=&#8221;Rivi&#8221; _builder_version=&#8221;3.25&#8243;][et_pb_column_inner saved_specialty_column_type=&#8221;2_3&#8243; _builder_version=&#8221;3.25&#8243; custom_padding=&#8221;|||&#8221; parallax__hover=&#8221;off&#8221; parallax_method__hover=&#8221;on&#8221; custom_padding__hover=&#8221;|||&#8221;][et_pb_text admin_label=&#8221;Otsikko&#8221; _builder_version=&#8221;4.1&#8243; text_orientation=&#8221;center&#8221;]<\/p>\n<h1>Bill ja Melinda Gatesin s\u00e4\u00e4ti\u00f6<\/h1>\n<p>[\/et_pb_text][et_pb_text _builder_version=&#8221;4.1&#8243; hover_enabled=&#8221;0&#8243;]<\/p>\n<p><strong><img loading=\"lazy\" decoding=\"async\" src=\"https:\/\/rotary.fi\/lappeenrantasaimaa\/wp-content\/uploads\/sites\/51\/2020\/01\/kuva-21-235x300.jpg\" width=\"126\" height=\"161\" alt=\"\" class=\"wp-image-2152 alignnone size-medium\" srcset=\"https:\/\/rotary.fi\/lappeenrantasaimaa\/wp-content\/uploads\/sites\/51\/2020\/01\/kuva-21-235x300.jpg 235w, https:\/\/rotary.fi\/lappeenrantasaimaa\/wp-content\/uploads\/sites\/51\/2020\/01\/kuva-21.jpg 470w\" sizes=\"(max-width: 126px) 100vw, 126px\" \/>\u00a0 \u00a0 \u00a0<img loading=\"lazy\" decoding=\"async\" src=\"https:\/\/rotary.fi\/lappeenrantasaimaa\/wp-content\/uploads\/sites\/51\/2020\/01\/th-7-300x126.jpg\" width=\"379\" height=\"159\" alt=\"\" class=\"wp-image-2155 alignnone size-medium\" srcset=\"https:\/\/rotary.fi\/lappeenrantasaimaa\/wp-content\/uploads\/sites\/51\/2020\/01\/th-7-300x126.jpg 300w, https:\/\/rotary.fi\/lappeenrantasaimaa\/wp-content\/uploads\/sites\/51\/2020\/01\/th-7.jpg 422w\" sizes=\"(max-width: 379px) 100vw, 379px\" \/>\u00a0 \u00a0 \u00a0<img loading=\"lazy\" decoding=\"async\" src=\"https:\/\/rotary.fi\/lappeenrantasaimaa\/wp-content\/uploads\/sites\/51\/2020\/01\/th-8-300x63.jpg\" width=\"381\" height=\"80\" alt=\"\" class=\"wp-image-2156 alignnone size-medium\" srcset=\"https:\/\/rotary.fi\/lappeenrantasaimaa\/wp-content\/uploads\/sites\/51\/2020\/01\/th-8-300x63.jpg 300w, https:\/\/rotary.fi\/lappeenrantasaimaa\/wp-content\/uploads\/sites\/51\/2020\/01\/th-8.jpg 474w\" sizes=\"(max-width: 381px) 100vw, 381px\" \/><\/strong><\/p>\n<p><strong>Bill ja Melinda Gatesin s\u00e4\u00e4ti\u00f6 \u2013 polion vastaisen ty\u00f6n merkitt\u00e4v\u00e4 rahoittaja<\/strong><\/p>\n<p>Tietotekniikkayhti\u00f6 Microsoftin perustajan Bill Gatesin ja h\u00e4nen puolisonsa Melinda Gatesin perustama hyv\u00e4ntekev\u00e4isyyteen erikoistunut s\u00e4\u00e4ti\u00f6 on osallistunut merkitt\u00e4v\u00e4ll\u00e4 taloudellisella panoksella polion kitkemiseen t\u00e4ht\u00e4\u00e4v\u00e4\u00e4n ty\u00f6h\u00f6n. S\u00e4\u00e4ti\u00f6 on Rotary Internationalin ja WHO:n polioprojektin (PolioPlus) suurin yksitt\u00e4inen rahoittaja. S\u00e4\u00e4ti\u00f6 on haastanut my\u00f6s rotareita talkoisiin taudin h\u00e4vitt\u00e4misen puolesta. N\u00e4ill\u00e4 haastekampanjoilla on saatu ker\u00e4tty\u00e4 yhteen satoja miljoonia euroja. Haasteet jatkuvat viel\u00e4 muutaman vuoden.<\/p>\n<p>Talkoiden tavoite on hyvin yksinkertainen: jokaisella lapsella on oikeus saada poliorokotus. Vain se voi suojata h\u00e4net vakavalta sairaudelta ja sen mahdollisesti aiheuttamalta kuolemalta tai vammautumiselta. Yli 30 vuotta toimineen poliokampanjan suunnitelmien mukaan t\u00e4m\u00e4 tauti on poistettavissa koko maailmasta.<\/p>\n<p>Lis\u00e4tietoja Bill ja Melinda Gatesin s\u00e4\u00e4ti\u00f6st\u00e4: www.gatesfoundation.org.<\/p>\n<p><span style=\"color: #8300e9\"><strong><\/strong><\/span><\/p>\n<p>[\/et_pb_text][\/et_pb_column_inner][\/et_pb_row_inner][\/et_pb_column][et_pb_column type=&#8221;1_3&#8243; module_class=&#8221;sivupalkki&#8221; _builder_version=&#8221;3.25&#8243; custom_padding=&#8221;|||&#8221; parallax__hover=&#8221;off&#8221; parallax_method__hover=&#8221;on&#8221; module_class__hover=&#8221;sivupalkki&#8221; custom_padding__hover=&#8221;|||&#8221;][et_pb_sidebar area=&#8221;sidebar-1&#8243; module_class=&#8221;sivupalkki_sisalto&#8221; _builder_version=&#8221;3.4.1&#8243; locked=&#8221;off&#8221;][\/et_pb_sidebar][\/et_pb_column][\/et_pb_section]<\/p>\n","protected":false},"excerpt":{"rendered":"<p>Bill ja Melinda Gatesin s\u00e4\u00e4ti\u00f6\u00a0 \u00a0 \u00a0\u00a0 \u00a0 \u00a0 Bill ja Melinda Gatesin s\u00e4\u00e4ti\u00f6 \u2013 polion vastaisen ty\u00f6n merkitt\u00e4v\u00e4 rahoittaja Tietotekniikkayhti\u00f6 Microsoftin perustajan Bill Gatesin ja h\u00e4nen puolisonsa Melinda Gatesin perustama hyv\u00e4ntekev\u00e4isyyteen erikoistunut s\u00e4\u00e4ti\u00f6 on osallistunut merkitt\u00e4v\u00e4ll\u00e4 taloudellisella panoksella polion kitkemiseen t\u00e4ht\u00e4\u00e4v\u00e4\u00e4n ty\u00f6h\u00f6n. S\u00e4\u00e4ti\u00f6 on Rotary Internationalin ja WHO:n polioprojektin (PolioPlus) suurin yksitt\u00e4inen rahoittaja. S\u00e4\u00e4ti\u00f6 [&hellip;]<\/p>\n","protected":false},"author":314,"featured_media":0,"parent":165,"menu_order":0,"comment_status":"closed","ping_status":"closed","template":"","meta":{"_acf_changed":false,"_et_pb_use_builder":"on","_et_pb_old_content":"","_et_gb_content_width":"","footnotes":""},"class_list":["post-2090","page","type-page","status-publish","hentry"],"acf":[],"yoast_head":"<!-- This site is optimized with the Yoast SEO plugin v27.4 - https:\/\/yoast.com\/product\/yoast-seo-wordpress\/ -->\n<title>Bill ja Melinda Gatesin s\u00e4\u00e4ti\u00f6 - Lappeenranta Saimaa Rotaryklubi<\/title>\n<meta name=\"robots\" content=\"index, follow, max-snippet:-1, max-image-preview:large, max-video-preview:-1\" \/>\n<link rel=\"canonical\" href=\"https:\/\/rotary.fi\/lappeenrantasaimaa\/toiminta\/yhteistyo\/bill-and-melinda\/\" \/>\n<meta property=\"og:locale\" content=\"fi_FI\" \/>\n<meta property=\"og:type\" content=\"article\" \/>\n<meta property=\"og:title\" content=\"Bill ja Melinda Gatesin s\u00e4\u00e4ti\u00f6 - Lappeenranta Saimaa Rotaryklubi\" \/>\n<meta property=\"og:description\" content=\"Bill ja Melinda Gatesin s\u00e4\u00e4ti\u00f6\u00a0 \u00a0 \u00a0\u00a0 \u00a0 \u00a0 Bill ja Melinda Gatesin s\u00e4\u00e4ti\u00f6 \u2013 polion vastaisen ty\u00f6n merkitt\u00e4v\u00e4 rahoittaja Tietotekniikkayhti\u00f6 Microsoftin perustajan Bill Gatesin ja h\u00e4nen puolisonsa Melinda Gatesin perustama hyv\u00e4ntekev\u00e4isyyteen erikoistunut s\u00e4\u00e4ti\u00f6 on osallistunut merkitt\u00e4v\u00e4ll\u00e4 taloudellisella panoksella polion kitkemiseen t\u00e4ht\u00e4\u00e4v\u00e4\u00e4n ty\u00f6h\u00f6n. S\u00e4\u00e4ti\u00f6 on Rotary Internationalin ja WHO:n polioprojektin (PolioPlus) suurin yksitt\u00e4inen rahoittaja. S\u00e4\u00e4ti\u00f6 [&hellip;]\" \/>\n<meta property=\"og:url\" content=\"https:\/\/rotary.fi\/lappeenrantasaimaa\/toiminta\/yhteistyo\/bill-and-melinda\/\" \/>\n<meta property=\"og:site_name\" content=\"Lappeenranta Saimaa Rotaryklubi\" \/>\n<meta property=\"article:modified_time\" content=\"2020-01-23T17:33:33+00:00\" \/>\n<meta property=\"og:image\" content=\"https:\/\/rotary.fi\/lappeenrantasaimaa\/wp-content\/uploads\/sites\/51\/2020\/01\/kuva-21-235x300.jpg\" \/>\n<meta name=\"twitter:card\" content=\"summary_large_image\" \/>\n<meta name=\"twitter:label1\" content=\"Arvioitu lukuaika\" \/>\n\t<meta name=\"twitter:data1\" content=\"1 minuutti\" \/>\n<script type=\"application\/ld+json\" class=\"yoast-schema-graph\">{\"@context\":\"https:\\\/\\\/schema.org\",\"@graph\":[{\"@type\":\"WebPage\",\"@id\":\"https:\\\/\\\/rotary.fi\\\/lappeenrantasaimaa\\\/toiminta\\\/yhteistyo\\\/bill-and-melinda\\\/\",\"url\":\"https:\\\/\\\/rotary.fi\\\/lappeenrantasaimaa\\\/toiminta\\\/yhteistyo\\\/bill-and-melinda\\\/\",\"name\":\"Bill ja Melinda Gatesin s\u00e4\u00e4ti\u00f6 - Lappeenranta Saimaa Rotaryklubi\",\"isPartOf\":{\"@id\":\"https:\\\/\\\/rotary.fi\\\/lappeenrantasaimaa\\\/#website\"},\"primaryImageOfPage\":{\"@id\":\"https:\\\/\\\/rotary.fi\\\/lappeenrantasaimaa\\\/toiminta\\\/yhteistyo\\\/bill-and-melinda\\\/#primaryimage\"},\"image\":{\"@id\":\"https:\\\/\\\/rotary.fi\\\/lappeenrantasaimaa\\\/toiminta\\\/yhteistyo\\\/bill-and-melinda\\\/#primaryimage\"},\"thumbnailUrl\":\"https:\\\/\\\/rotary.fi\\\/lappeenrantasaimaa\\\/wp-content\\\/uploads\\\/sites\\\/51\\\/2020\\\/01\\\/kuva-21-235x300.jpg\",\"datePublished\":\"2020-01-23T08:03:51+00:00\",\"dateModified\":\"2020-01-23T17:33:33+00:00\",\"breadcrumb\":{\"@id\":\"https:\\\/\\\/rotary.fi\\\/lappeenrantasaimaa\\\/toiminta\\\/yhteistyo\\\/bill-and-melinda\\\/#breadcrumb\"},\"inLanguage\":\"fi\",\"potentialAction\":[{\"@type\":\"ReadAction\",\"target\":[\"https:\\\/\\\/rotary.fi\\\/lappeenrantasaimaa\\\/toiminta\\\/yhteistyo\\\/bill-and-melinda\\\/\"]}]},{\"@type\":\"ImageObject\",\"inLanguage\":\"fi\",\"@id\":\"https:\\\/\\\/rotary.fi\\\/lappeenrantasaimaa\\\/toiminta\\\/yhteistyo\\\/bill-and-melinda\\\/#primaryimage\",\"url\":\"https:\\\/\\\/rotary.fi\\\/lappeenrantasaimaa\\\/wp-content\\\/uploads\\\/sites\\\/51\\\/2020\\\/01\\\/kuva-21.jpg\",\"contentUrl\":\"https:\\\/\\\/rotary.fi\\\/lappeenrantasaimaa\\\/wp-content\\\/uploads\\\/sites\\\/51\\\/2020\\\/01\\\/kuva-21.jpg\",\"width\":470,\"height\":599},{\"@type\":\"BreadcrumbList\",\"@id\":\"https:\\\/\\\/rotary.fi\\\/lappeenrantasaimaa\\\/toiminta\\\/yhteistyo\\\/bill-and-melinda\\\/#breadcrumb\",\"itemListElement\":[{\"@type\":\"ListItem\",\"position\":1,\"name\":\"Home\",\"item\":\"https:\\\/\\\/rotary.fi\\\/lappeenrantasaimaa\\\/\"},{\"@type\":\"ListItem\",\"position\":2,\"name\":\"Toiminta\",\"item\":\"https:\\\/\\\/rotary.fi\\\/lappeenrantasaimaa\\\/toiminta\\\/\"},{\"@type\":\"ListItem\",\"position\":3,\"name\":\"Yhteisty\u00f6\",\"item\":\"https:\\\/\\\/rotary.fi\\\/lappeenrantasaimaa\\\/toiminta\\\/yhteistyo\\\/\"},{\"@type\":\"ListItem\",\"position\":4,\"name\":\"Bill ja Melinda Gatesin s\u00e4\u00e4ti\u00f6\"}]},{\"@type\":\"WebSite\",\"@id\":\"https:\\\/\\\/rotary.fi\\\/lappeenrantasaimaa\\\/#website\",\"url\":\"https:\\\/\\\/rotary.fi\\\/lappeenrantasaimaa\\\/\",\"name\":\"Lappeenranta Saimaa Rotaryklubi\",\"description\":\"Uusi Rotary klubisivusto\",\"potentialAction\":[{\"@type\":\"SearchAction\",\"target\":{\"@type\":\"EntryPoint\",\"urlTemplate\":\"https:\\\/\\\/rotary.fi\\\/lappeenrantasaimaa\\\/?s={search_term_string}\"},\"query-input\":{\"@type\":\"PropertyValueSpecification\",\"valueRequired\":true,\"valueName\":\"search_term_string\"}}],\"inLanguage\":\"fi\"}]}<\/script>\n<!-- \/ Yoast SEO plugin. -->","yoast_head_json":{"title":"Bill ja Melinda Gatesin s\u00e4\u00e4ti\u00f6 - Lappeenranta Saimaa Rotaryklubi","robots":{"index":"index","follow":"follow","max-snippet":"max-snippet:-1","max-image-preview":"max-image-preview:large","max-video-preview":"max-video-preview:-1"},"canonical":"https:\/\/rotary.fi\/lappeenrantasaimaa\/toiminta\/yhteistyo\/bill-and-melinda\/","og_locale":"fi_FI","og_type":"article","og_title":"Bill ja Melinda Gatesin s\u00e4\u00e4ti\u00f6 - Lappeenranta Saimaa Rotaryklubi","og_description":"Bill ja Melinda Gatesin s\u00e4\u00e4ti\u00f6\u00a0 \u00a0 \u00a0\u00a0 \u00a0 \u00a0 Bill ja Melinda Gatesin s\u00e4\u00e4ti\u00f6 \u2013 polion vastaisen ty\u00f6n merkitt\u00e4v\u00e4 rahoittaja Tietotekniikkayhti\u00f6 Microsoftin perustajan Bill Gatesin ja h\u00e4nen puolisonsa Melinda Gatesin perustama hyv\u00e4ntekev\u00e4isyyteen erikoistunut s\u00e4\u00e4ti\u00f6 on osallistunut merkitt\u00e4v\u00e4ll\u00e4 taloudellisella panoksella polion kitkemiseen t\u00e4ht\u00e4\u00e4v\u00e4\u00e4n ty\u00f6h\u00f6n. S\u00e4\u00e4ti\u00f6 on Rotary Internationalin ja WHO:n polioprojektin (PolioPlus) suurin yksitt\u00e4inen rahoittaja. S\u00e4\u00e4ti\u00f6 [&hellip;]","og_url":"https:\/\/rotary.fi\/lappeenrantasaimaa\/toiminta\/yhteistyo\/bill-and-melinda\/","og_site_name":"Lappeenranta Saimaa Rotaryklubi","article_modified_time":"2020-01-23T17:33:33+00:00","og_image":[{"url":"https:\/\/rotary.fi\/lappeenrantasaimaa\/wp-content\/uploads\/sites\/51\/2020\/01\/kuva-21-235x300.jpg","type":"","width":"","height":""}],"twitter_card":"summary_large_image","twitter_misc":{"Arvioitu lukuaika":"1 minuutti"},"schema":{"@context":"https:\/\/schema.org","@graph":[{"@type":"WebPage","@id":"https:\/\/rotary.fi\/lappeenrantasaimaa\/toiminta\/yhteistyo\/bill-and-melinda\/","url":"https:\/\/rotary.fi\/lappeenrantasaimaa\/toiminta\/yhteistyo\/bill-and-melinda\/","name":"Bill ja Melinda Gatesin s\u00e4\u00e4ti\u00f6 - Lappeenranta Saimaa Rotaryklubi","isPartOf":{"@id":"https:\/\/rotary.fi\/lappeenrantasaimaa\/#website"},"primaryImageOfPage":{"@id":"https:\/\/rotary.fi\/lappeenrantasaimaa\/toiminta\/yhteistyo\/bill-and-melinda\/#primaryimage"},"image":{"@id":"https:\/\/rotary.fi\/lappeenrantasaimaa\/toiminta\/yhteistyo\/bill-and-melinda\/#primaryimage"},"thumbnailUrl":"https:\/\/rotary.fi\/lappeenrantasaimaa\/wp-content\/uploads\/sites\/51\/2020\/01\/kuva-21-235x300.jpg","datePublished":"2020-01-23T08:03:51+00:00","dateModified":"2020-01-23T17:33:33+00:00","breadcrumb":{"@id":"https:\/\/rotary.fi\/lappeenrantasaimaa\/toiminta\/yhteistyo\/bill-and-melinda\/#breadcrumb"},"inLanguage":"fi","potentialAction":[{"@type":"ReadAction","target":["https:\/\/rotary.fi\/lappeenrantasaimaa\/toiminta\/yhteistyo\/bill-and-melinda\/"]}]},{"@type":"ImageObject","inLanguage":"fi","@id":"https:\/\/rotary.fi\/lappeenrantasaimaa\/toiminta\/yhteistyo\/bill-and-melinda\/#primaryimage","url":"https:\/\/rotary.fi\/lappeenrantasaimaa\/wp-content\/uploads\/sites\/51\/2020\/01\/kuva-21.jpg","contentUrl":"https:\/\/rotary.fi\/lappeenrantasaimaa\/wp-content\/uploads\/sites\/51\/2020\/01\/kuva-21.jpg","width":470,"height":599},{"@type":"BreadcrumbList","@id":"https:\/\/rotary.fi\/lappeenrantasaimaa\/toiminta\/yhteistyo\/bill-and-melinda\/#breadcrumb","itemListElement":[{"@type":"ListItem","position":1,"name":"Home","item":"https:\/\/rotary.fi\/lappeenrantasaimaa\/"},{"@type":"ListItem","position":2,"name":"Toiminta","item":"https:\/\/rotary.fi\/lappeenrantasaimaa\/toiminta\/"},{"@type":"ListItem","position":3,"name":"Yhteisty\u00f6","item":"https:\/\/rotary.fi\/lappeenrantasaimaa\/toiminta\/yhteistyo\/"},{"@type":"ListItem","position":4,"name":"Bill ja Melinda Gatesin s\u00e4\u00e4ti\u00f6"}]},{"@type":"WebSite","@id":"https:\/\/rotary.fi\/lappeenrantasaimaa\/#website","url":"https:\/\/rotary.fi\/lappeenrantasaimaa\/","name":"Lappeenranta Saimaa Rotaryklubi","description":"Uusi Rotary klubisivusto","potentialAction":[{"@type":"SearchAction","target":{"@type":"EntryPoint","urlTemplate":"https:\/\/rotary.fi\/lappeenrantasaimaa\/?s={search_term_string}"},"query-input":{"@type":"PropertyValueSpecification","valueRequired":true,"valueName":"search_term_string"}}],"inLanguage":"fi"}]}},"lang":"fi","translations":{"fi":2090},"pll_sync_post":[],"_links":{"self":[{"href":"https:\/\/rotary.fi\/lappeenrantasaimaa\/wp-json\/wp\/v2\/pages\/2090","targetHints":{"allow":["GET"]}}],"collection":[{"href":"https:\/\/rotary.fi\/lappeenrantasaimaa\/wp-json\/wp\/v2\/pages"}],"about":[{"href":"https:\/\/rotary.fi\/lappeenrantasaimaa\/wp-json\/wp\/v2\/types\/page"}],"author":[{"embeddable":true,"href":"https:\/\/rotary.fi\/lappeenrantasaimaa\/wp-json\/wp\/v2\/users\/314"}],"replies":[{"embeddable":true,"href":"https:\/\/rotary.fi\/lappeenrantasaimaa\/wp-json\/wp\/v2\/comments?post=2090"}],"version-history":[{"count":6,"href":"https:\/\/rotary.fi\/lappeenrantasaimaa\/wp-json\/wp\/v2\/pages\/2090\/revisions"}],"predecessor-version":[{"id":2157,"href":"https:\/\/rotary.fi\/lappeenrantasaimaa\/wp-json\/wp\/v2\/pages\/2090\/revisions\/2157"}],"up":[{"embeddable":true,"href":"https:\/\/rotary.fi\/lappeenrantasaimaa\/wp-json\/wp\/v2\/pages\/165"}],"wp:attachment":[{"href":"https:\/\/rotary.fi\/lappeenrantasaimaa\/wp-json\/wp\/v2\/media?parent=2090"}],"curies":[{"name":"wp","href":"https:\/\/api.w.org\/{rel}","templated":true}]}}