{"id":2075,"date":"2020-01-23T09:23:49","date_gmt":"2020-01-23T07:23:49","guid":{"rendered":"https:\/\/rotary.fi\/lappeenrantasaimaa\/?page_id=2075"},"modified":"2023-09-18T13:25:03","modified_gmt":"2023-09-18T10:25:03","slug":"suomen-rotarypalvelu","status":"publish","type":"page","link":"https:\/\/rotary.fi\/lappeenrantasaimaa\/mika-on-rotary\/suomen-rotarypalvelu\/","title":{"rendered":"Suomen ja Viron Rotarypalvelu"},"content":{"rendered":"<p>[et_pb_section fb_built=&#8221;1&#8243; module_class=&#8221;jumbotron-page&#8221; _builder_version=&#8221;4.22.1&#8243; background_image=&#8221;https:\/\/rotary.fi\/lappeenrantasaimaa\/wp-content\/uploads\/sites\/51\/2023\/09\/littea1.jpg&#8221; global_colors_info=&#8221;{}&#8221;][et_pb_row _builder_version=&#8221;4.16&#8243; background_size=&#8221;initial&#8221; background_position=&#8221;top_left&#8221; background_repeat=&#8221;repeat&#8221; global_colors_info=&#8221;{}&#8221;][et_pb_column type=&#8221;4_4&#8243; _builder_version=&#8221;4.16&#8243; custom_padding=&#8221;|||&#8221; global_colors_info=&#8221;{}&#8221; custom_padding__hover=&#8221;|||&#8221;][et_pb_text admin_label=&#8221;P\u00e4\u00e4otsikko&#8221; _builder_version=&#8221;4.22.1&#8243; text_orientation=&#8221;center&#8221; background_layout=&#8221;dark&#8221; global_colors_info=&#8221;{}&#8221;]<\/p>\n<h1>Suomen ja Viron Rotarypalvelu auttaa<br \/>piirej\u00e4, klubeja ja j\u00e4seni\u00e4<\/h1>\n<p>[\/et_pb_text][\/et_pb_column][\/et_pb_row][\/et_pb_section][et_pb_section fb_built=&#8221;1&#8243; specialty=&#8221;on&#8221; module_class_2=&#8221;sivupalkki&#8221; _builder_version=&#8221;4.16&#8243; global_colors_info=&#8221;{}&#8221;][et_pb_column type=&#8221;2_3&#8243; specialty_columns=&#8221;2&#8243; _builder_version=&#8221;4.16&#8243; custom_padding=&#8221;|||&#8221; global_colors_info=&#8221;{}&#8221; custom_padding__hover=&#8221;|||&#8221;][et_pb_row_inner admin_label=&#8221;Rivi&#8221; _builder_version=&#8221;4.16&#8243; global_colors_info=&#8221;{}&#8221;][et_pb_column_inner saved_specialty_column_type=&#8221;2_3&#8243; _builder_version=&#8221;4.16&#8243; custom_padding=&#8221;|||&#8221; global_colors_info=&#8221;{}&#8221; custom_padding__hover=&#8221;|||&#8221;][et_pb_text admin_label=&#8221;Otsikko&#8221; _builder_version=&#8221;4.22.1&#8243; text_orientation=&#8221;center&#8221; hover_enabled=&#8221;0&#8243; global_colors_info=&#8221;{}&#8221; sticky_enabled=&#8221;0&#8243;]<\/p>\n<h1>Suomen ja Viron Rotarypalvelu<\/h1>\n<p>[\/et_pb_text][et_pb_text admin_label=&#8221;Teksti&#8221; _builder_version=&#8221;4.22.1&#8243; global_colors_info=&#8221;{}&#8221;]<\/p>\n<p>Suomenja Viron Rotarypalvelu ry (Finlands och Estlands Rotaryservice rf) on Suomen\u00a0 rotarypiirien perustama ja yll\u00e4pit\u00e4m\u00e4 piirej\u00e4 ja klubeja palveleva yhdistys. Suomen ja Viron Rotarypalvelulla ei ole virallista asemaa Rotary Internationalissa<\/p>\n<p>Teht\u00e4v\u00e4n\u00e4 on palvella suomalaisia rotarypiirej\u00e4 ja klubeja niiss\u00e4 asioissa, jotka piirit vuosittain p\u00e4\u00e4tt\u00e4v\u00e4t antaa sen teht\u00e4v\u00e4ksi.<\/p>\n<p>T\u00e4llaisia asioita ovat esimerkiksi j\u00e4sentietoj\u00e4rjestelm\u00e4n yll\u00e4pito, Suomen nuorisovaihtotoiminta, Rotary Norden-lehden Suomen toimitus, piirien kirjanpito ja maksuliikenteen hoitaminen sek\u00e4 tulevien kuvern\u00f6\u00f6rien kouluttaminen.<\/p>\n<p>Suomen Rotarytoimisto<br \/>Iso Roobertinkatu 9 C<br \/>00120 Helsinki<br \/>+358 (0)9 640 078<br \/>rotarytoimisto(at)rotary.fi<\/p>\n<p>&nbsp;<\/p>\n<p>[\/et_pb_text][\/et_pb_column_inner][\/et_pb_row_inner][\/et_pb_column][et_pb_column type=&#8221;1_3&#8243; _builder_version=&#8221;4.16&#8243; custom_padding=&#8221;|||&#8221; global_colors_info=&#8221;{}&#8221; custom_padding__hover=&#8221;|||&#8221;][et_pb_sidebar area=&#8221;sidebar-1&#8243; module_class=&#8221;sivupalkki_sisalto&#8221; _builder_version=&#8221;4.16&#8243; global_colors_info=&#8221;{}&#8221;][\/et_pb_sidebar][\/et_pb_column][\/et_pb_section]<\/p>\n","protected":false},"excerpt":{"rendered":"<p>Suomen ja Viron Rotarypalvelu auttaapiirej\u00e4, klubeja ja j\u00e4seni\u00e4Suomen ja Viron RotarypalveluSuomenja Viron Rotarypalvelu ry (Finlands och Estlands Rotaryservice rf) on Suomen\u00a0 rotarypiirien perustama ja yll\u00e4pit\u00e4m\u00e4 piirej\u00e4 ja klubeja palveleva yhdistys. Suomen ja Viron Rotarypalvelulla ei ole virallista asemaa Rotary Internationalissa Teht\u00e4v\u00e4n\u00e4 on palvella suomalaisia rotarypiirej\u00e4 ja klubeja niiss\u00e4 asioissa, jotka piirit vuosittain p\u00e4\u00e4tt\u00e4v\u00e4t antaa sen [&hellip;]<\/p>\n","protected":false},"author":314,"featured_media":0,"parent":1808,"menu_order":0,"comment_status":"closed","ping_status":"closed","template":"","meta":{"_acf_changed":false,"_et_pb_use_builder":"on","_et_pb_old_content":"","_et_gb_content_width":"","footnotes":""},"class_list":["post-2075","page","type-page","status-publish","hentry"],"acf":[],"yoast_head":"<!-- This site is optimized with the Yoast SEO plugin v27.4 - https:\/\/yoast.com\/product\/yoast-seo-wordpress\/ -->\n<title>Suomen ja Viron Rotarypalvelu - Lappeenranta Saimaa Rotaryklubi<\/title>\n<meta name=\"robots\" content=\"index, follow, max-snippet:-1, max-image-preview:large, max-video-preview:-1\" \/>\n<link rel=\"canonical\" href=\"https:\/\/rotary.fi\/lappeenrantasaimaa\/mika-on-rotary\/suomen-rotarypalvelu\/\" \/>\n<meta property=\"og:locale\" content=\"fi_FI\" \/>\n<meta property=\"og:type\" content=\"article\" \/>\n<meta property=\"og:title\" content=\"Suomen ja Viron Rotarypalvelu - Lappeenranta Saimaa Rotaryklubi\" \/>\n<meta property=\"og:description\" content=\"Suomen ja Viron Rotarypalvelu auttaapiirej\u00e4, klubeja ja j\u00e4seni\u00e4Suomen ja Viron RotarypalveluSuomenja Viron Rotarypalvelu ry (Finlands och Estlands Rotaryservice rf) on Suomen\u00a0 rotarypiirien perustama ja yll\u00e4pit\u00e4m\u00e4 piirej\u00e4 ja klubeja palveleva yhdistys. Suomen ja Viron Rotarypalvelulla ei ole virallista asemaa Rotary Internationalissa Teht\u00e4v\u00e4n\u00e4 on palvella suomalaisia rotarypiirej\u00e4 ja klubeja niiss\u00e4 asioissa, jotka piirit vuosittain p\u00e4\u00e4tt\u00e4v\u00e4t antaa sen [&hellip;]\" \/>\n<meta property=\"og:url\" content=\"https:\/\/rotary.fi\/lappeenrantasaimaa\/mika-on-rotary\/suomen-rotarypalvelu\/\" \/>\n<meta property=\"og:site_name\" content=\"Lappeenranta Saimaa Rotaryklubi\" \/>\n<meta property=\"article:modified_time\" content=\"2023-09-18T10:25:03+00:00\" \/>\n<meta name=\"twitter:card\" content=\"summary_large_image\" \/>\n<meta name=\"twitter:label1\" content=\"Arvioitu lukuaika\" \/>\n\t<meta name=\"twitter:data1\" content=\"1 minuutti\" \/>\n<script type=\"application\/ld+json\" class=\"yoast-schema-graph\">{\"@context\":\"https:\\\/\\\/schema.org\",\"@graph\":[{\"@type\":\"WebPage\",\"@id\":\"https:\\\/\\\/rotary.fi\\\/lappeenrantasaimaa\\\/mika-on-rotary\\\/suomen-rotarypalvelu\\\/\",\"url\":\"https:\\\/\\\/rotary.fi\\\/lappeenrantasaimaa\\\/mika-on-rotary\\\/suomen-rotarypalvelu\\\/\",\"name\":\"Suomen ja Viron Rotarypalvelu - Lappeenranta Saimaa Rotaryklubi\",\"isPartOf\":{\"@id\":\"https:\\\/\\\/rotary.fi\\\/lappeenrantasaimaa\\\/#website\"},\"datePublished\":\"2020-01-23T07:23:49+00:00\",\"dateModified\":\"2023-09-18T10:25:03+00:00\",\"breadcrumb\":{\"@id\":\"https:\\\/\\\/rotary.fi\\\/lappeenrantasaimaa\\\/mika-on-rotary\\\/suomen-rotarypalvelu\\\/#breadcrumb\"},\"inLanguage\":\"fi\",\"potentialAction\":[{\"@type\":\"ReadAction\",\"target\":[\"https:\\\/\\\/rotary.fi\\\/lappeenrantasaimaa\\\/mika-on-rotary\\\/suomen-rotarypalvelu\\\/\"]}]},{\"@type\":\"BreadcrumbList\",\"@id\":\"https:\\\/\\\/rotary.fi\\\/lappeenrantasaimaa\\\/mika-on-rotary\\\/suomen-rotarypalvelu\\\/#breadcrumb\",\"itemListElement\":[{\"@type\":\"ListItem\",\"position\":1,\"name\":\"Home\",\"item\":\"https:\\\/\\\/rotary.fi\\\/lappeenrantasaimaa\\\/\"},{\"@type\":\"ListItem\",\"position\":2,\"name\":\"Mik\u00e4 on Rotary\",\"item\":\"https:\\\/\\\/rotary.fi\\\/lappeenrantasaimaa\\\/mika-on-rotary\\\/\"},{\"@type\":\"ListItem\",\"position\":3,\"name\":\"Suomen ja Viron Rotarypalvelu\"}]},{\"@type\":\"WebSite\",\"@id\":\"https:\\\/\\\/rotary.fi\\\/lappeenrantasaimaa\\\/#website\",\"url\":\"https:\\\/\\\/rotary.fi\\\/lappeenrantasaimaa\\\/\",\"name\":\"Lappeenranta Saimaa Rotaryklubi\",\"description\":\"Uusi Rotary klubisivusto\",\"potentialAction\":[{\"@type\":\"SearchAction\",\"target\":{\"@type\":\"EntryPoint\",\"urlTemplate\":\"https:\\\/\\\/rotary.fi\\\/lappeenrantasaimaa\\\/?s={search_term_string}\"},\"query-input\":{\"@type\":\"PropertyValueSpecification\",\"valueRequired\":true,\"valueName\":\"search_term_string\"}}],\"inLanguage\":\"fi\"}]}<\/script>\n<!-- \/ Yoast SEO plugin. -->","yoast_head_json":{"title":"Suomen ja Viron Rotarypalvelu - Lappeenranta Saimaa Rotaryklubi","robots":{"index":"index","follow":"follow","max-snippet":"max-snippet:-1","max-image-preview":"max-image-preview:large","max-video-preview":"max-video-preview:-1"},"canonical":"https:\/\/rotary.fi\/lappeenrantasaimaa\/mika-on-rotary\/suomen-rotarypalvelu\/","og_locale":"fi_FI","og_type":"article","og_title":"Suomen ja Viron Rotarypalvelu - Lappeenranta Saimaa Rotaryklubi","og_description":"Suomen ja Viron Rotarypalvelu auttaapiirej\u00e4, klubeja ja j\u00e4seni\u00e4Suomen ja Viron RotarypalveluSuomenja Viron Rotarypalvelu ry (Finlands och Estlands Rotaryservice rf) on Suomen\u00a0 rotarypiirien perustama ja yll\u00e4pit\u00e4m\u00e4 piirej\u00e4 ja klubeja palveleva yhdistys. Suomen ja Viron Rotarypalvelulla ei ole virallista asemaa Rotary Internationalissa Teht\u00e4v\u00e4n\u00e4 on palvella suomalaisia rotarypiirej\u00e4 ja klubeja niiss\u00e4 asioissa, jotka piirit vuosittain p\u00e4\u00e4tt\u00e4v\u00e4t antaa sen [&hellip;]","og_url":"https:\/\/rotary.fi\/lappeenrantasaimaa\/mika-on-rotary\/suomen-rotarypalvelu\/","og_site_name":"Lappeenranta Saimaa Rotaryklubi","article_modified_time":"2023-09-18T10:25:03+00:00","twitter_card":"summary_large_image","twitter_misc":{"Arvioitu lukuaika":"1 minuutti"},"schema":{"@context":"https:\/\/schema.org","@graph":[{"@type":"WebPage","@id":"https:\/\/rotary.fi\/lappeenrantasaimaa\/mika-on-rotary\/suomen-rotarypalvelu\/","url":"https:\/\/rotary.fi\/lappeenrantasaimaa\/mika-on-rotary\/suomen-rotarypalvelu\/","name":"Suomen ja Viron Rotarypalvelu - Lappeenranta Saimaa Rotaryklubi","isPartOf":{"@id":"https:\/\/rotary.fi\/lappeenrantasaimaa\/#website"},"datePublished":"2020-01-23T07:23:49+00:00","dateModified":"2023-09-18T10:25:03+00:00","breadcrumb":{"@id":"https:\/\/rotary.fi\/lappeenrantasaimaa\/mika-on-rotary\/suomen-rotarypalvelu\/#breadcrumb"},"inLanguage":"fi","potentialAction":[{"@type":"ReadAction","target":["https:\/\/rotary.fi\/lappeenrantasaimaa\/mika-on-rotary\/suomen-rotarypalvelu\/"]}]},{"@type":"BreadcrumbList","@id":"https:\/\/rotary.fi\/lappeenrantasaimaa\/mika-on-rotary\/suomen-rotarypalvelu\/#breadcrumb","itemListElement":[{"@type":"ListItem","position":1,"name":"Home","item":"https:\/\/rotary.fi\/lappeenrantasaimaa\/"},{"@type":"ListItem","position":2,"name":"Mik\u00e4 on Rotary","item":"https:\/\/rotary.fi\/lappeenrantasaimaa\/mika-on-rotary\/"},{"@type":"ListItem","position":3,"name":"Suomen ja Viron Rotarypalvelu"}]},{"@type":"WebSite","@id":"https:\/\/rotary.fi\/lappeenrantasaimaa\/#website","url":"https:\/\/rotary.fi\/lappeenrantasaimaa\/","name":"Lappeenranta Saimaa Rotaryklubi","description":"Uusi Rotary klubisivusto","potentialAction":[{"@type":"SearchAction","target":{"@type":"EntryPoint","urlTemplate":"https:\/\/rotary.fi\/lappeenrantasaimaa\/?s={search_term_string}"},"query-input":{"@type":"PropertyValueSpecification","valueRequired":true,"valueName":"search_term_string"}}],"inLanguage":"fi"}]}},"lang":"fi","translations":{"fi":2075},"pll_sync_post":[],"_links":{"self":[{"href":"https:\/\/rotary.fi\/lappeenrantasaimaa\/wp-json\/wp\/v2\/pages\/2075","targetHints":{"allow":["GET"]}}],"collection":[{"href":"https:\/\/rotary.fi\/lappeenrantasaimaa\/wp-json\/wp\/v2\/pages"}],"about":[{"href":"https:\/\/rotary.fi\/lappeenrantasaimaa\/wp-json\/wp\/v2\/types\/page"}],"author":[{"embeddable":true,"href":"https:\/\/rotary.fi\/lappeenrantasaimaa\/wp-json\/wp\/v2\/users\/314"}],"replies":[{"embeddable":true,"href":"https:\/\/rotary.fi\/lappeenrantasaimaa\/wp-json\/wp\/v2\/comments?post=2075"}],"version-history":[{"count":10,"href":"https:\/\/rotary.fi\/lappeenrantasaimaa\/wp-json\/wp\/v2\/pages\/2075\/revisions"}],"predecessor-version":[{"id":3357,"href":"https:\/\/rotary.fi\/lappeenrantasaimaa\/wp-json\/wp\/v2\/pages\/2075\/revisions\/3357"}],"up":[{"embeddable":true,"href":"https:\/\/rotary.fi\/lappeenrantasaimaa\/wp-json\/wp\/v2\/pages\/1808"}],"wp:attachment":[{"href":"https:\/\/rotary.fi\/lappeenrantasaimaa\/wp-json\/wp\/v2\/media?parent=2075"}],"curies":[{"name":"wp","href":"https:\/\/api.w.org\/{rel}","templated":true}]}}