{"id":188,"date":"2018-08-13T13:26:12","date_gmt":"2018-08-13T10:26:12","guid":{"rendered":"https:\/\/rotary.fi\/lappeenrantasaimaa\/?page_id=188"},"modified":"2023-09-18T12:43:52","modified_gmt":"2023-09-18T09:43:52","slug":"isantaperheet","status":"publish","type":"page","link":"https:\/\/rotary.fi\/lappeenrantasaimaa\/nuorisovaihto\/isantaperheet\/","title":{"rendered":"Is\u00e4nt\u00e4perheet"},"content":{"rendered":"<p>[et_pb_section fb_built=&#8221;1&#8243; module_class=&#8221;jumbotron-page&#8221; _builder_version=&#8221;4.22.1&#8243; background_image=&#8221;https:\/\/rotary.fi\/lappeenrantasaimaa\/wp-content\/uploads\/sites\/51\/2023\/09\/littea6.jpg&#8221; background_position=&#8221;top_center&#8221; hover_enabled=&#8221;0&#8243; global_colors_info=&#8221;{}&#8221; title_text=&#8221;littea6&#8243; sticky_enabled=&#8221;0&#8243;][et_pb_row _builder_version=&#8221;4.16&#8243; background_size=&#8221;initial&#8221; background_position=&#8221;top_left&#8221; background_repeat=&#8221;repeat&#8221; global_colors_info=&#8221;{}&#8221;][et_pb_column type=&#8221;4_4&#8243; _builder_version=&#8221;4.16&#8243; custom_padding=&#8221;|||&#8221; global_colors_info=&#8221;{}&#8221; custom_padding__hover=&#8221;|||&#8221;][et_pb_text admin_label=&#8221;P\u00e4\u00e4otsikko&#8221; _builder_version=&#8221;4.16&#8243; text_orientation=&#8221;center&#8221; background_layout=&#8221;dark&#8221; global_colors_info=&#8221;{}&#8221;]<\/p>\n<h1>Is\u00e4nt\u00e4perheell\u00e4 on keskeinen rooli onnistuneessa vaihdossa<\/h1>\n<p>[\/et_pb_text][\/et_pb_column][\/et_pb_row][\/et_pb_section][et_pb_section fb_built=&#8221;1&#8243; specialty=&#8221;on&#8221; module_class_2=&#8221;sivupalkki&#8221; _builder_version=&#8221;4.16&#8243; global_colors_info=&#8221;{}&#8221;][et_pb_column type=&#8221;2_3&#8243; specialty_columns=&#8221;2&#8243; _builder_version=&#8221;4.16&#8243; custom_padding=&#8221;|||&#8221; global_colors_info=&#8221;{}&#8221; custom_padding__hover=&#8221;|||&#8221;][et_pb_row_inner admin_label=&#8221;Rivi&#8221; _builder_version=&#8221;4.16&#8243; global_colors_info=&#8221;{}&#8221;][et_pb_column_inner saved_specialty_column_type=&#8221;2_3&#8243; _builder_version=&#8221;4.16&#8243; custom_padding=&#8221;|||&#8221; global_colors_info=&#8221;{}&#8221; custom_padding__hover=&#8221;|||&#8221;][et_pb_text admin_label=&#8221;Otsikko&#8221; _builder_version=&#8221;4.16&#8243; text_orientation=&#8221;center&#8221; global_colors_info=&#8221;{}&#8221;]<\/p>\n<h1>Haluatko is\u00e4nt\u00e4perheeksi?<\/h1>\n<p>[\/et_pb_text][et_pb_code admin_label=&#8221;Presidenti uutisten listaus&#8221; module_class=&#8221;kaikki_ajankohtaiset&#8221; _builder_version=&#8221;4.16&#8243; locked=&#8221;on&#8221; global_colors_info=&#8221;{}&#8221;][\/et_pb_code][\/et_pb_column_inner][\/et_pb_row_inner][et_pb_row_inner _builder_version=&#8221;4.16&#8243; global_colors_info=&#8221;{}&#8221;][et_pb_column_inner saved_specialty_column_type=&#8221;2_3&#8243; _builder_version=&#8221;4.16&#8243; global_colors_info=&#8221;{}&#8221;][et_pb_text _builder_version=&#8221;4.16&#8243; global_colors_info=&#8221;{}&#8221;]<\/p>\n<p>Is\u00e4nt\u00e4perheet mahdollistavat nuorisovaihdon, ilman heit\u00e4 ei vaihtoa voi j\u00e4rjest\u00e4\u00e4. Vuodeksi vaihtoon l\u00e4htev\u00e4 oppilas tarvitsee\u00a0 2-4 perhett\u00e4 kohdemaassa, ja sielt\u00e4 vastavuoroisesti tuleva nuori tarvitsee saman m\u00e4\u00e4r\u00e4n perheit\u00e4 Suomessa.<\/p>\n<p>Is\u00e4nt\u00e4perheen\u00e4 osallistut ennen oppilaan tuloa koulutukseemme. Sen j\u00e4lkeen tarjoat oppilaalle kodin. Se k\u00e4sitt\u00e4\u00e4 asumisen &#8211; mieluiten oman huoneen &#8211; sek\u00e4\u00a0 muun yll\u00e4pidon, kuten ateriat ja osallistumisen muun perheen el\u00e4m\u00e4\u00e4n. My\u00f6s osallistumisen mahdollisiin kotimaan matkoihin. Vaatteistaan ja kouluhankinnoistaan h\u00e4n vastaa itse. T\u00e4rkeint\u00e4 on seurata nuoren el\u00e4m\u00e4\u00e4 aivan samalla tavalla kuin omienkin lasten el\u00e4m\u00e4\u00e4 ja tarjota h\u00e4nelle turvallinen olkap\u00e4\u00e4. Erikoiskohtelua h\u00e4n ei tarvitse ja suomen puhuminen riitt\u00e4\u00e4.<\/p>\n<p>Rotaryssa vaihto-oppilailla on omat s\u00e4\u00e4nt\u00f6ns\u00e4. No dating &#8211; no drugs &#8211; no driving. Rotarit puuttuvat mahdollisiin s\u00e4\u00e4nt\u00f6rikkomuksiin tiukasti. Rotarit seuraavat oppilaan p\u00e4rj\u00e4\u00e4mist\u00e4 perheess\u00e4 muutenkin ja tarjoavat tukeaan pulmatilanteissa.<\/p>\n<p>Is\u00e4nt\u00e4perheys tuo omaan perheeseen kansainv\u00e4lisyytt\u00e4 ja uusien kulttuurien tuntemusta ja ymm\u00e4rt\u00e4mist\u00e4. Usein siin\u00e4 syntyy my\u00f6s koko el\u00e4m\u00e4n mittaisisa l\u00e4heisi\u00e4 yst\u00e4vyyssuhteita nuorten v\u00e4lille ja my\u00f6s vanhempien kesken. Perhejakso on haastava mutta se antaa paljon.<\/p>\n<p>Nuorisovaihto ja asuminen vieraassa maassa ja vieraissa perheiss\u00e4 on parasta kansainv\u00e4lisyyskasvatusta ja rauhanty\u00f6t\u00e4.<\/p>\n<p>Kiinostuitko? Ota yhteys nuorisovaihtoasiamieheemme:<\/p>\n<p><span>Sonja Marttinen<\/span><br \/><span>040 5593952<\/span><\/p>\n<p>&nbsp;<\/p>\n<p>[\/et_pb_text][\/et_pb_column_inner][\/et_pb_row_inner][\/et_pb_column][et_pb_column type=&#8221;1_3&#8243; _builder_version=&#8221;4.16&#8243; custom_padding=&#8221;|||&#8221; global_colors_info=&#8221;{}&#8221; custom_padding__hover=&#8221;|||&#8221;][et_pb_sidebar area=&#8221;sidebar-1&#8243; module_class=&#8221;sivupalkki_sisalto&#8221; _builder_version=&#8221;4.16&#8243; locked=&#8221;on&#8221; global_colors_info=&#8221;{}&#8221;][\/et_pb_sidebar][\/et_pb_column][\/et_pb_section]<\/p>\n","protected":false},"excerpt":{"rendered":"<p>Is\u00e4nt\u00e4perheell\u00e4 on keskeinen rooli onnistuneessa vaihdossaHaluatko is\u00e4nt\u00e4perheeksi?Is\u00e4nt\u00e4perheet mahdollistavat nuorisovaihdon, ilman heit\u00e4 ei vaihtoa voi j\u00e4rjest\u00e4\u00e4. Vuodeksi vaihtoon l\u00e4htev\u00e4 oppilas tarvitsee\u00a0 2-4 perhett\u00e4 kohdemaassa, ja sielt\u00e4 vastavuoroisesti tuleva nuori tarvitsee saman m\u00e4\u00e4r\u00e4n perheit\u00e4 Suomessa. Is\u00e4nt\u00e4perheen\u00e4 osallistut ennen oppilaan tuloa koulutukseemme. Sen j\u00e4lkeen tarjoat oppilaalle kodin. Se k\u00e4sitt\u00e4\u00e4 asumisen &#8211; mieluiten oman [&hellip;]<\/p>\n","protected":false},"author":1,"featured_media":0,"parent":1789,"menu_order":0,"comment_status":"closed","ping_status":"closed","template":"","meta":{"_acf_changed":false,"_et_pb_use_builder":"on","_et_pb_old_content":"","_et_gb_content_width":"","footnotes":""},"class_list":["post-188","page","type-page","status-publish","hentry"],"acf":[],"yoast_head":"<!-- This site is optimized with the Yoast SEO plugin v27.4 - https:\/\/yoast.com\/product\/yoast-seo-wordpress\/ -->\n<title>Is\u00e4nt\u00e4perheet - Lappeenranta Saimaa Rotaryklubi<\/title>\n<meta name=\"robots\" content=\"index, follow, max-snippet:-1, max-image-preview:large, max-video-preview:-1\" \/>\n<link rel=\"canonical\" href=\"https:\/\/rotary.fi\/lappeenrantasaimaa\/nuorisovaihto\/isantaperheet\/\" \/>\n<meta property=\"og:locale\" content=\"fi_FI\" \/>\n<meta property=\"og:type\" content=\"article\" \/>\n<meta property=\"og:title\" content=\"Is\u00e4nt\u00e4perheet - Lappeenranta Saimaa Rotaryklubi\" \/>\n<meta property=\"og:description\" content=\"Is\u00e4nt\u00e4perheell\u00e4 on keskeinen rooli onnistuneessa vaihdossaHaluatko is\u00e4nt\u00e4perheeksi?Is\u00e4nt\u00e4perheet mahdollistavat nuorisovaihdon, ilman heit\u00e4 ei vaihtoa voi j\u00e4rjest\u00e4\u00e4. Vuodeksi vaihtoon l\u00e4htev\u00e4 oppilas tarvitsee\u00a0 2-4 perhett\u00e4 kohdemaassa, ja sielt\u00e4 vastavuoroisesti tuleva nuori tarvitsee saman m\u00e4\u00e4r\u00e4n perheit\u00e4 Suomessa. Is\u00e4nt\u00e4perheen\u00e4 osallistut ennen oppilaan tuloa koulutukseemme. Sen j\u00e4lkeen tarjoat oppilaalle kodin. Se k\u00e4sitt\u00e4\u00e4 asumisen - mieluiten oman [&hellip;]\" \/>\n<meta property=\"og:url\" content=\"https:\/\/rotary.fi\/lappeenrantasaimaa\/nuorisovaihto\/isantaperheet\/\" \/>\n<meta property=\"og:site_name\" content=\"Lappeenranta Saimaa Rotaryklubi\" \/>\n<meta property=\"article:modified_time\" content=\"2023-09-18T09:43:52+00:00\" \/>\n<meta name=\"twitter:card\" content=\"summary_large_image\" \/>\n<meta name=\"twitter:label1\" content=\"Arvioitu lukuaika\" \/>\n\t<meta name=\"twitter:data1\" content=\"2 minuuttia\" \/>\n<script type=\"application\/ld+json\" class=\"yoast-schema-graph\">{\"@context\":\"https:\\\/\\\/schema.org\",\"@graph\":[{\"@type\":\"WebPage\",\"@id\":\"https:\\\/\\\/rotary.fi\\\/lappeenrantasaimaa\\\/nuorisovaihto\\\/isantaperheet\\\/\",\"url\":\"https:\\\/\\\/rotary.fi\\\/lappeenrantasaimaa\\\/nuorisovaihto\\\/isantaperheet\\\/\",\"name\":\"Is\u00e4nt\u00e4perheet - Lappeenranta Saimaa Rotaryklubi\",\"isPartOf\":{\"@id\":\"https:\\\/\\\/rotary.fi\\\/lappeenrantasaimaa\\\/#website\"},\"datePublished\":\"2018-08-13T10:26:12+00:00\",\"dateModified\":\"2023-09-18T09:43:52+00:00\",\"breadcrumb\":{\"@id\":\"https:\\\/\\\/rotary.fi\\\/lappeenrantasaimaa\\\/nuorisovaihto\\\/isantaperheet\\\/#breadcrumb\"},\"inLanguage\":\"fi\",\"potentialAction\":[{\"@type\":\"ReadAction\",\"target\":[\"https:\\\/\\\/rotary.fi\\\/lappeenrantasaimaa\\\/nuorisovaihto\\\/isantaperheet\\\/\"]}]},{\"@type\":\"BreadcrumbList\",\"@id\":\"https:\\\/\\\/rotary.fi\\\/lappeenrantasaimaa\\\/nuorisovaihto\\\/isantaperheet\\\/#breadcrumb\",\"itemListElement\":[{\"@type\":\"ListItem\",\"position\":1,\"name\":\"Home\",\"item\":\"https:\\\/\\\/rotary.fi\\\/lappeenrantasaimaa\\\/\"},{\"@type\":\"ListItem\",\"position\":2,\"name\":\"Nuorisovaihto\",\"item\":\"https:\\\/\\\/rotary.fi\\\/lappeenrantasaimaa\\\/nuorisovaihto\\\/\"},{\"@type\":\"ListItem\",\"position\":3,\"name\":\"Is\u00e4nt\u00e4perheet\"}]},{\"@type\":\"WebSite\",\"@id\":\"https:\\\/\\\/rotary.fi\\\/lappeenrantasaimaa\\\/#website\",\"url\":\"https:\\\/\\\/rotary.fi\\\/lappeenrantasaimaa\\\/\",\"name\":\"Lappeenranta Saimaa Rotaryklubi\",\"description\":\"Uusi Rotary klubisivusto\",\"potentialAction\":[{\"@type\":\"SearchAction\",\"target\":{\"@type\":\"EntryPoint\",\"urlTemplate\":\"https:\\\/\\\/rotary.fi\\\/lappeenrantasaimaa\\\/?s={search_term_string}\"},\"query-input\":{\"@type\":\"PropertyValueSpecification\",\"valueRequired\":true,\"valueName\":\"search_term_string\"}}],\"inLanguage\":\"fi\"}]}<\/script>\n<!-- \/ Yoast SEO plugin. -->","yoast_head_json":{"title":"Is\u00e4nt\u00e4perheet - Lappeenranta Saimaa Rotaryklubi","robots":{"index":"index","follow":"follow","max-snippet":"max-snippet:-1","max-image-preview":"max-image-preview:large","max-video-preview":"max-video-preview:-1"},"canonical":"https:\/\/rotary.fi\/lappeenrantasaimaa\/nuorisovaihto\/isantaperheet\/","og_locale":"fi_FI","og_type":"article","og_title":"Is\u00e4nt\u00e4perheet - Lappeenranta Saimaa Rotaryklubi","og_description":"Is\u00e4nt\u00e4perheell\u00e4 on keskeinen rooli onnistuneessa vaihdossaHaluatko is\u00e4nt\u00e4perheeksi?Is\u00e4nt\u00e4perheet mahdollistavat nuorisovaihdon, ilman heit\u00e4 ei vaihtoa voi j\u00e4rjest\u00e4\u00e4. Vuodeksi vaihtoon l\u00e4htev\u00e4 oppilas tarvitsee\u00a0 2-4 perhett\u00e4 kohdemaassa, ja sielt\u00e4 vastavuoroisesti tuleva nuori tarvitsee saman m\u00e4\u00e4r\u00e4n perheit\u00e4 Suomessa. Is\u00e4nt\u00e4perheen\u00e4 osallistut ennen oppilaan tuloa koulutukseemme. Sen j\u00e4lkeen tarjoat oppilaalle kodin. Se k\u00e4sitt\u00e4\u00e4 asumisen - mieluiten oman [&hellip;]","og_url":"https:\/\/rotary.fi\/lappeenrantasaimaa\/nuorisovaihto\/isantaperheet\/","og_site_name":"Lappeenranta Saimaa Rotaryklubi","article_modified_time":"2023-09-18T09:43:52+00:00","twitter_card":"summary_large_image","twitter_misc":{"Arvioitu lukuaika":"2 minuuttia"},"schema":{"@context":"https:\/\/schema.org","@graph":[{"@type":"WebPage","@id":"https:\/\/rotary.fi\/lappeenrantasaimaa\/nuorisovaihto\/isantaperheet\/","url":"https:\/\/rotary.fi\/lappeenrantasaimaa\/nuorisovaihto\/isantaperheet\/","name":"Is\u00e4nt\u00e4perheet - Lappeenranta Saimaa Rotaryklubi","isPartOf":{"@id":"https:\/\/rotary.fi\/lappeenrantasaimaa\/#website"},"datePublished":"2018-08-13T10:26:12+00:00","dateModified":"2023-09-18T09:43:52+00:00","breadcrumb":{"@id":"https:\/\/rotary.fi\/lappeenrantasaimaa\/nuorisovaihto\/isantaperheet\/#breadcrumb"},"inLanguage":"fi","potentialAction":[{"@type":"ReadAction","target":["https:\/\/rotary.fi\/lappeenrantasaimaa\/nuorisovaihto\/isantaperheet\/"]}]},{"@type":"BreadcrumbList","@id":"https:\/\/rotary.fi\/lappeenrantasaimaa\/nuorisovaihto\/isantaperheet\/#breadcrumb","itemListElement":[{"@type":"ListItem","position":1,"name":"Home","item":"https:\/\/rotary.fi\/lappeenrantasaimaa\/"},{"@type":"ListItem","position":2,"name":"Nuorisovaihto","item":"https:\/\/rotary.fi\/lappeenrantasaimaa\/nuorisovaihto\/"},{"@type":"ListItem","position":3,"name":"Is\u00e4nt\u00e4perheet"}]},{"@type":"WebSite","@id":"https:\/\/rotary.fi\/lappeenrantasaimaa\/#website","url":"https:\/\/rotary.fi\/lappeenrantasaimaa\/","name":"Lappeenranta Saimaa Rotaryklubi","description":"Uusi Rotary klubisivusto","potentialAction":[{"@type":"SearchAction","target":{"@type":"EntryPoint","urlTemplate":"https:\/\/rotary.fi\/lappeenrantasaimaa\/?s={search_term_string}"},"query-input":{"@type":"PropertyValueSpecification","valueRequired":true,"valueName":"search_term_string"}}],"inLanguage":"fi"}]}},"lang":"fi","translations":{"fi":188},"pll_sync_post":[],"_links":{"self":[{"href":"https:\/\/rotary.fi\/lappeenrantasaimaa\/wp-json\/wp\/v2\/pages\/188","targetHints":{"allow":["GET"]}}],"collection":[{"href":"https:\/\/rotary.fi\/lappeenrantasaimaa\/wp-json\/wp\/v2\/pages"}],"about":[{"href":"https:\/\/rotary.fi\/lappeenrantasaimaa\/wp-json\/wp\/v2\/types\/page"}],"author":[{"embeddable":true,"href":"https:\/\/rotary.fi\/lappeenrantasaimaa\/wp-json\/wp\/v2\/users\/1"}],"replies":[{"embeddable":true,"href":"https:\/\/rotary.fi\/lappeenrantasaimaa\/wp-json\/wp\/v2\/comments?post=188"}],"version-history":[{"count":10,"href":"https:\/\/rotary.fi\/lappeenrantasaimaa\/wp-json\/wp\/v2\/pages\/188\/revisions"}],"predecessor-version":[{"id":3343,"href":"https:\/\/rotary.fi\/lappeenrantasaimaa\/wp-json\/wp\/v2\/pages\/188\/revisions\/3343"}],"up":[{"embeddable":true,"href":"https:\/\/rotary.fi\/lappeenrantasaimaa\/wp-json\/wp\/v2\/pages\/1789"}],"wp:attachment":[{"href":"https:\/\/rotary.fi\/lappeenrantasaimaa\/wp-json\/wp\/v2\/media?parent=188"}],"curies":[{"name":"wp","href":"https:\/\/api.w.org\/{rel}","templated":true}]}}