{"id":1838,"date":"2020-01-21T16:08:28","date_gmt":"2020-01-21T14:08:28","guid":{"rendered":"https:\/\/rotary.fi\/lappeenrantasaimaa\/?page_id=1838"},"modified":"2020-01-28T21:59:57","modified_gmt":"2020-01-28T19:59:57","slug":"saavutukset","status":"publish","type":"page","link":"https:\/\/rotary.fi\/lappeenrantasaimaa\/mika-on-rotarysaatio\/saavutukset\/","title":{"rendered":"Saavutukset"},"content":{"rendered":"<p>[et_pb_section fb_built=&#8221;1&#8243; module_class=&#8221;jumbotron-page&#8221; _builder_version=&#8221;4.1&#8243; background_image=&#8221;https:\/\/rotary.fi\/lappeenrantasaimaa\/wp-content\/uploads\/sites\/51\/2020\/01\/saavutukset.jpg&#8221; hover_enabled=&#8221;0&#8243;][et_pb_row _builder_version=&#8221;3.25&#8243; background_size=&#8221;initial&#8221; background_position=&#8221;top_left&#8221; background_repeat=&#8221;repeat&#8221;][et_pb_column type=&#8221;4_4&#8243; _builder_version=&#8221;3.25&#8243; custom_padding=&#8221;|||&#8221; custom_padding__hover=&#8221;|||&#8221;][\/et_pb_column][\/et_pb_row][\/et_pb_section][et_pb_section fb_built=&#8221;1&#8243; specialty=&#8221;on&#8221; module_class_2=&#8221;sivupalkki&#8221; _builder_version=&#8221;3.22&#8243;][et_pb_column type=&#8221;2_3&#8243; specialty_columns=&#8221;2&#8243; _builder_version=&#8221;3.25&#8243; custom_padding=&#8221;|||&#8221; custom_padding__hover=&#8221;|||&#8221;][et_pb_row_inner admin_label=&#8221;Rivi&#8221; _builder_version=&#8221;3.25&#8243;][et_pb_column_inner saved_specialty_column_type=&#8221;2_3&#8243; _builder_version=&#8221;3.25&#8243; custom_padding=&#8221;|||&#8221; custom_padding__hover=&#8221;|||&#8221;][et_pb_text admin_label=&#8221;Saavutukset &#8211; Otsikko&#8221; _builder_version=&#8221;4.1&#8243; text_orientation=&#8221;center&#8221;]<\/p>\n<h1>Saavutukset<\/h1>\n<p>[\/et_pb_text][et_pb_text _builder_version=&#8221;4.1&#8243;]<\/p>\n<p><strong>Rotarys\u00e4\u00e4ti\u00f6 on maailman luotettavin hyv\u00e4ntekev\u00e4isyysj\u00e4rjest\u00f6.<\/strong><\/p>\n<p><img loading=\"lazy\" decoding=\"async\" src=\"https:\/\/rotary.fi\/lappeenrantasaimaa\/wp-content\/uploads\/sites\/51\/2020\/01\/charity-navigator-web-300x212.jpg\" width=\"400\" height=\"283\" alt=\"\" class=\"wp-image-2498 alignnone size-medium\" \/><\/p>\n<p>Kansainv\u00e4linen Charity Navigator-organisaatio arvioi eri hyv\u00e4ntekev\u00e4isyysj\u00e4rjest\u00f6t vuosittain. Rotarys\u00e4\u00e4ti\u00f6 on todettu kolmena vuonna per\u00e4kk\u00e4in j\u00e4rjest\u00f6ist\u00e4 luotettavimmaksi.<br \/> Lahjoitusvaroista 92 % menee suoraan avustuskohteisiin, 2 % menee hallintoon ja 6% varainhankintaan. Luotettavuuden mittarina voi pit\u00e4\u00e4 my\u00f6s sit\u00e4, ett\u00e4 er\u00e4s<br \/> mekitt\u00e4vimmist\u00e4 yksityisist\u00e4 hyv\u00e4ntekev\u00e4isyysj\u00e4rjest\u00f6ist\u00e4, Bill ja Melinda Gatesin s\u00e4\u00e4ti\u00f6, on valinnut Rotarys\u00e4\u00e4ti\u00f6n yhteisty\u00f6kumppanikseen.<\/p>\n<p><strong>Globaalit apurahat<\/strong><\/p>\n<p>S\u00e4\u00e4ti\u00f6 kohdistaa painopisteidens\u00e4 mukaisiin kohteisiin vuosittain merkitt\u00e4vi\u00e4 summia (v. 2019 304 miljoonaa USD), joita klubit ja rotarit toteuttavat kansainv\u00e4lisin\u00e4 yhteisty\u00f6hankkeina, nk. Global Grant-hankkeina.<br \/>N\u00e4m\u00e4 globaalit apurahat antavat klubeille ja piireille mahdollisuuden osallistua strategisesti suunnattuihin ja tehokkaisiin aktiviteetteihin. Aktiviteetit voivat olla yksil\u00f6llisi\u00e4 tai yhdistettyj\u00e4.<br \/> Sama apuraha voi tukea esim. ammattikoulutustiimi\u00e4 (Vocational Training Team\/VTT) ja siihen liittyv\u00e4\u00e4 humanitaarista projektia. Globaalin apurahaprojektin kokonaisbudjetin tulee olla v\u00e4hint\u00e4\u00e4n 30 000 US$.<br \/> T\u00e4h\u00e4n summaan sis\u00e4ltyy S\u00e4\u00e4ti\u00f6n Maailmanrahastosta saatava merkitt\u00e4v\u00e4 apuraha. Muun rahoituksen ker\u00e4\u00e4v\u00e4t rotarit eri piireilt\u00e4 ja rotaryklubeilta.\u00a0<br \/> Jokaisen globaalin apurahan sponsorina tulee olla kaksi klubia tai piiri\u00e4: is\u00e4nt\u00e4partneri siit\u00e4 maasta, jossa aktiviteetti tapahtuu, ja kansainv\u00e4linen partneri t\u00e4m\u00e4n maan ulkopuolelta.<\/p>\n<p><strong>Rotaryn rauhanstipendit<\/strong><\/p>\n<p><img loading=\"lazy\" decoding=\"async\" src=\"https:\/\/rotary.fi\/lappeenrantasaimaa\/wp-content\/uploads\/sites\/51\/2020\/01\/kuva-22.jpg\" width=\"117\" height=\"117\" alt=\"\" class=\"wp-image-2500 alignnone size-full\" srcset=\"https:\/\/rotary.fi\/lappeenrantasaimaa\/wp-content\/uploads\/sites\/51\/2020\/01\/kuva-22.jpg 160w, https:\/\/rotary.fi\/lappeenrantasaimaa\/wp-content\/uploads\/sites\/51\/2020\/01\/kuva-22-150x150.jpg 150w\" sizes=\"(max-width: 117px) 100vw, 117px\" \/><\/p>\n<p>Rotarys\u00e4\u00e4ti\u00f6 rahoittaa merkitt\u00e4vill\u00e4 (maks. 75 000 USD) rauhanstipendeill\u00e4 opiskelua kansain\u00e4lisiss\u00e4 yliopistoissa. S\u00e4\u00e4ti\u00f6ll\u00e4 on yhteisty\u00f6t\u00e4 kuuden yliopiston kanssa. N\u00e4m\u00e4 ovat Duke University of North Carolina,<br \/> Chapel Hill, Yhdysvallat, International Christian University, Tokyo, Japani, University of Bradford, Englanti, University of Queensland, Brisbane, Australia, Uppsala University, Ruotsi ja Chulalongkorn University, Bangkok, Thaimaa.<br \/> Opiskelija voi suorittaa n\u00e4iss\u00e4 kaksivuotisen maisteriohjelman tai kolmen kuukauden ammatillisen t\u00e4ydennyskoulutusohjelman.<\/p>\n<p>Maisterintutkintoon sis\u00e4ltyy opintoja mm. aseellisten konfliktien syist\u00e4, kansainv\u00e4listen konfliktien ratkaisusta, turvallisuusuhista ja johtajuudesta riitojen ratkaisussa sek\u00e4 oma lopputy\u00f6.<br \/> T\u00e4ydennyskoulutusohjelma tukee jo pitemp\u00e4\u00e4n rauhanteht\u00e4viss\u00e4 toimineiden kehittymist\u00e4 ty\u00f6ss\u00e4\u00e4n. Molempiin ohjelmiin valitaan vuosittain enint\u00e4\u00e4n 50 opiskelijaa.<br \/> Suomalaisille on my\u00f6nnetty vuoteen 2019 menness\u00e4 yhteens\u00e4 9 rauhanstipendi\u00e4.<\/p>\n<p>&nbsp;<\/p>\n<p>&nbsp;<\/p>\n<p>[\/et_pb_text][\/et_pb_column_inner][\/et_pb_row_inner][\/et_pb_column][et_pb_column type=&#8221;1_3&#8243; _builder_version=&#8221;3.25&#8243; custom_padding=&#8221;|||&#8221; custom_padding__hover=&#8221;|||&#8221;][et_pb_sidebar area=&#8221;sidebar-1&#8243; module_class=&#8221;sivupalkki_sisalto&#8221; _builder_version=&#8221;3.4.1&#8243; locked=&#8221;on&#8221;]<br \/>\n[\/et_pb_sidebar][\/et_pb_column][\/et_pb_section]<\/p>\n","protected":false},"excerpt":{"rendered":"<p>SaavutuksetRotarys\u00e4\u00e4ti\u00f6 on maailman luotettavin hyv\u00e4ntekev\u00e4isyysj\u00e4rjest\u00f6. Kansainv\u00e4linen Charity Navigator-organisaatio arvioi eri hyv\u00e4ntekev\u00e4isyysj\u00e4rjest\u00f6t vuosittain. Rotarys\u00e4\u00e4ti\u00f6 on todettu kolmena vuonna per\u00e4kk\u00e4in j\u00e4rjest\u00f6ist\u00e4 luotettavimmaksi. Lahjoitusvaroista 92 % menee suoraan avustuskohteisiin, 2 % menee hallintoon ja 6% varainhankintaan. Luotettavuuden mittarina voi pit\u00e4\u00e4 my\u00f6s sit\u00e4, ett\u00e4 er\u00e4s mekitt\u00e4vimmist\u00e4 yksityisist\u00e4 hyv\u00e4ntekev\u00e4isyysj\u00e4rjest\u00f6ist\u00e4, Bill ja Melinda Gatesin s\u00e4\u00e4ti\u00f6, on valinnut Rotarys\u00e4\u00e4ti\u00f6n yhteisty\u00f6kumppanikseen. Globaalit apurahat [&hellip;]<\/p>\n","protected":false},"author":314,"featured_media":0,"parent":1818,"menu_order":0,"comment_status":"closed","ping_status":"closed","template":"","meta":{"_acf_changed":false,"_et_pb_use_builder":"on","_et_pb_old_content":"","_et_gb_content_width":"","footnotes":""},"class_list":["post-1838","page","type-page","status-publish","hentry"],"acf":[],"yoast_head":"<!-- This site is optimized with the Yoast SEO plugin v27.4 - https:\/\/yoast.com\/product\/yoast-seo-wordpress\/ -->\n<title>Saavutukset - Lappeenranta Saimaa Rotaryklubi<\/title>\n<meta name=\"robots\" content=\"index, follow, max-snippet:-1, max-image-preview:large, max-video-preview:-1\" \/>\n<link rel=\"canonical\" href=\"https:\/\/rotary.fi\/lappeenrantasaimaa\/mika-on-rotarysaatio\/saavutukset\/\" \/>\n<meta property=\"og:locale\" content=\"fi_FI\" \/>\n<meta property=\"og:type\" content=\"article\" \/>\n<meta property=\"og:title\" content=\"Saavutukset - Lappeenranta Saimaa Rotaryklubi\" \/>\n<meta property=\"og:description\" content=\"SaavutuksetRotarys\u00e4\u00e4ti\u00f6 on maailman luotettavin hyv\u00e4ntekev\u00e4isyysj\u00e4rjest\u00f6. Kansainv\u00e4linen Charity Navigator-organisaatio arvioi eri hyv\u00e4ntekev\u00e4isyysj\u00e4rjest\u00f6t vuosittain. Rotarys\u00e4\u00e4ti\u00f6 on todettu kolmena vuonna per\u00e4kk\u00e4in j\u00e4rjest\u00f6ist\u00e4 luotettavimmaksi. Lahjoitusvaroista 92 % menee suoraan avustuskohteisiin, 2 % menee hallintoon ja 6% varainhankintaan. Luotettavuuden mittarina voi pit\u00e4\u00e4 my\u00f6s sit\u00e4, ett\u00e4 er\u00e4s mekitt\u00e4vimmist\u00e4 yksityisist\u00e4 hyv\u00e4ntekev\u00e4isyysj\u00e4rjest\u00f6ist\u00e4, Bill ja Melinda Gatesin s\u00e4\u00e4ti\u00f6, on valinnut Rotarys\u00e4\u00e4ti\u00f6n yhteisty\u00f6kumppanikseen. Globaalit apurahat [&hellip;]\" \/>\n<meta property=\"og:url\" content=\"https:\/\/rotary.fi\/lappeenrantasaimaa\/mika-on-rotarysaatio\/saavutukset\/\" \/>\n<meta property=\"og:site_name\" content=\"Lappeenranta Saimaa Rotaryklubi\" \/>\n<meta property=\"article:modified_time\" content=\"2020-01-28T19:59:57+00:00\" \/>\n<meta property=\"og:image\" content=\"https:\/\/rotary.fi\/lappeenrantasaimaa\/wp-content\/uploads\/sites\/51\/2020\/01\/charity-navigator-web-300x212.jpg\" \/>\n<meta name=\"twitter:card\" content=\"summary_large_image\" \/>\n<meta name=\"twitter:label1\" content=\"Arvioitu lukuaika\" \/>\n\t<meta name=\"twitter:data1\" content=\"2 minuuttia\" \/>\n<script type=\"application\/ld+json\" class=\"yoast-schema-graph\">{\"@context\":\"https:\\\/\\\/schema.org\",\"@graph\":[{\"@type\":\"WebPage\",\"@id\":\"https:\\\/\\\/rotary.fi\\\/lappeenrantasaimaa\\\/mika-on-rotarysaatio\\\/saavutukset\\\/\",\"url\":\"https:\\\/\\\/rotary.fi\\\/lappeenrantasaimaa\\\/mika-on-rotarysaatio\\\/saavutukset\\\/\",\"name\":\"Saavutukset - Lappeenranta Saimaa Rotaryklubi\",\"isPartOf\":{\"@id\":\"https:\\\/\\\/rotary.fi\\\/lappeenrantasaimaa\\\/#website\"},\"primaryImageOfPage\":{\"@id\":\"https:\\\/\\\/rotary.fi\\\/lappeenrantasaimaa\\\/mika-on-rotarysaatio\\\/saavutukset\\\/#primaryimage\"},\"image\":{\"@id\":\"https:\\\/\\\/rotary.fi\\\/lappeenrantasaimaa\\\/mika-on-rotarysaatio\\\/saavutukset\\\/#primaryimage\"},\"thumbnailUrl\":\"https:\\\/\\\/rotary.fi\\\/lappeenrantasaimaa\\\/wp-content\\\/uploads\\\/sites\\\/51\\\/2020\\\/01\\\/charity-navigator-web-300x212.jpg\",\"datePublished\":\"2020-01-21T14:08:28+00:00\",\"dateModified\":\"2020-01-28T19:59:57+00:00\",\"breadcrumb\":{\"@id\":\"https:\\\/\\\/rotary.fi\\\/lappeenrantasaimaa\\\/mika-on-rotarysaatio\\\/saavutukset\\\/#breadcrumb\"},\"inLanguage\":\"fi\",\"potentialAction\":[{\"@type\":\"ReadAction\",\"target\":[\"https:\\\/\\\/rotary.fi\\\/lappeenrantasaimaa\\\/mika-on-rotarysaatio\\\/saavutukset\\\/\"]}]},{\"@type\":\"ImageObject\",\"inLanguage\":\"fi\",\"@id\":\"https:\\\/\\\/rotary.fi\\\/lappeenrantasaimaa\\\/mika-on-rotarysaatio\\\/saavutukset\\\/#primaryimage\",\"url\":\"https:\\\/\\\/rotary.fi\\\/lappeenrantasaimaa\\\/wp-content\\\/uploads\\\/sites\\\/51\\\/2020\\\/01\\\/charity-navigator-web.jpg\",\"contentUrl\":\"https:\\\/\\\/rotary.fi\\\/lappeenrantasaimaa\\\/wp-content\\\/uploads\\\/sites\\\/51\\\/2020\\\/01\\\/charity-navigator-web.jpg\",\"width\":1756,\"height\":1242},{\"@type\":\"BreadcrumbList\",\"@id\":\"https:\\\/\\\/rotary.fi\\\/lappeenrantasaimaa\\\/mika-on-rotarysaatio\\\/saavutukset\\\/#breadcrumb\",\"itemListElement\":[{\"@type\":\"ListItem\",\"position\":1,\"name\":\"Home\",\"item\":\"https:\\\/\\\/rotary.fi\\\/lappeenrantasaimaa\\\/\"},{\"@type\":\"ListItem\",\"position\":2,\"name\":\"Mik\u00e4 on Rotarys\u00e4\u00e4ti\u00f6\",\"item\":\"https:\\\/\\\/rotary.fi\\\/lappeenrantasaimaa\\\/mika-on-rotarysaatio\\\/\"},{\"@type\":\"ListItem\",\"position\":3,\"name\":\"Saavutukset\"}]},{\"@type\":\"WebSite\",\"@id\":\"https:\\\/\\\/rotary.fi\\\/lappeenrantasaimaa\\\/#website\",\"url\":\"https:\\\/\\\/rotary.fi\\\/lappeenrantasaimaa\\\/\",\"name\":\"Lappeenranta Saimaa Rotaryklubi\",\"description\":\"Uusi Rotary klubisivusto\",\"potentialAction\":[{\"@type\":\"SearchAction\",\"target\":{\"@type\":\"EntryPoint\",\"urlTemplate\":\"https:\\\/\\\/rotary.fi\\\/lappeenrantasaimaa\\\/?s={search_term_string}\"},\"query-input\":{\"@type\":\"PropertyValueSpecification\",\"valueRequired\":true,\"valueName\":\"search_term_string\"}}],\"inLanguage\":\"fi\"}]}<\/script>\n<!-- \/ Yoast SEO plugin. -->","yoast_head_json":{"title":"Saavutukset - Lappeenranta Saimaa Rotaryklubi","robots":{"index":"index","follow":"follow","max-snippet":"max-snippet:-1","max-image-preview":"max-image-preview:large","max-video-preview":"max-video-preview:-1"},"canonical":"https:\/\/rotary.fi\/lappeenrantasaimaa\/mika-on-rotarysaatio\/saavutukset\/","og_locale":"fi_FI","og_type":"article","og_title":"Saavutukset - Lappeenranta Saimaa Rotaryklubi","og_description":"SaavutuksetRotarys\u00e4\u00e4ti\u00f6 on maailman luotettavin hyv\u00e4ntekev\u00e4isyysj\u00e4rjest\u00f6. Kansainv\u00e4linen Charity Navigator-organisaatio arvioi eri hyv\u00e4ntekev\u00e4isyysj\u00e4rjest\u00f6t vuosittain. Rotarys\u00e4\u00e4ti\u00f6 on todettu kolmena vuonna per\u00e4kk\u00e4in j\u00e4rjest\u00f6ist\u00e4 luotettavimmaksi. Lahjoitusvaroista 92 % menee suoraan avustuskohteisiin, 2 % menee hallintoon ja 6% varainhankintaan. Luotettavuuden mittarina voi pit\u00e4\u00e4 my\u00f6s sit\u00e4, ett\u00e4 er\u00e4s mekitt\u00e4vimmist\u00e4 yksityisist\u00e4 hyv\u00e4ntekev\u00e4isyysj\u00e4rjest\u00f6ist\u00e4, Bill ja Melinda Gatesin s\u00e4\u00e4ti\u00f6, on valinnut Rotarys\u00e4\u00e4ti\u00f6n yhteisty\u00f6kumppanikseen. Globaalit apurahat [&hellip;]","og_url":"https:\/\/rotary.fi\/lappeenrantasaimaa\/mika-on-rotarysaatio\/saavutukset\/","og_site_name":"Lappeenranta Saimaa Rotaryklubi","article_modified_time":"2020-01-28T19:59:57+00:00","og_image":[{"url":"https:\/\/rotary.fi\/lappeenrantasaimaa\/wp-content\/uploads\/sites\/51\/2020\/01\/charity-navigator-web-300x212.jpg","type":"","width":"","height":""}],"twitter_card":"summary_large_image","twitter_misc":{"Arvioitu lukuaika":"2 minuuttia"},"schema":{"@context":"https:\/\/schema.org","@graph":[{"@type":"WebPage","@id":"https:\/\/rotary.fi\/lappeenrantasaimaa\/mika-on-rotarysaatio\/saavutukset\/","url":"https:\/\/rotary.fi\/lappeenrantasaimaa\/mika-on-rotarysaatio\/saavutukset\/","name":"Saavutukset - Lappeenranta Saimaa Rotaryklubi","isPartOf":{"@id":"https:\/\/rotary.fi\/lappeenrantasaimaa\/#website"},"primaryImageOfPage":{"@id":"https:\/\/rotary.fi\/lappeenrantasaimaa\/mika-on-rotarysaatio\/saavutukset\/#primaryimage"},"image":{"@id":"https:\/\/rotary.fi\/lappeenrantasaimaa\/mika-on-rotarysaatio\/saavutukset\/#primaryimage"},"thumbnailUrl":"https:\/\/rotary.fi\/lappeenrantasaimaa\/wp-content\/uploads\/sites\/51\/2020\/01\/charity-navigator-web-300x212.jpg","datePublished":"2020-01-21T14:08:28+00:00","dateModified":"2020-01-28T19:59:57+00:00","breadcrumb":{"@id":"https:\/\/rotary.fi\/lappeenrantasaimaa\/mika-on-rotarysaatio\/saavutukset\/#breadcrumb"},"inLanguage":"fi","potentialAction":[{"@type":"ReadAction","target":["https:\/\/rotary.fi\/lappeenrantasaimaa\/mika-on-rotarysaatio\/saavutukset\/"]}]},{"@type":"ImageObject","inLanguage":"fi","@id":"https:\/\/rotary.fi\/lappeenrantasaimaa\/mika-on-rotarysaatio\/saavutukset\/#primaryimage","url":"https:\/\/rotary.fi\/lappeenrantasaimaa\/wp-content\/uploads\/sites\/51\/2020\/01\/charity-navigator-web.jpg","contentUrl":"https:\/\/rotary.fi\/lappeenrantasaimaa\/wp-content\/uploads\/sites\/51\/2020\/01\/charity-navigator-web.jpg","width":1756,"height":1242},{"@type":"BreadcrumbList","@id":"https:\/\/rotary.fi\/lappeenrantasaimaa\/mika-on-rotarysaatio\/saavutukset\/#breadcrumb","itemListElement":[{"@type":"ListItem","position":1,"name":"Home","item":"https:\/\/rotary.fi\/lappeenrantasaimaa\/"},{"@type":"ListItem","position":2,"name":"Mik\u00e4 on Rotarys\u00e4\u00e4ti\u00f6","item":"https:\/\/rotary.fi\/lappeenrantasaimaa\/mika-on-rotarysaatio\/"},{"@type":"ListItem","position":3,"name":"Saavutukset"}]},{"@type":"WebSite","@id":"https:\/\/rotary.fi\/lappeenrantasaimaa\/#website","url":"https:\/\/rotary.fi\/lappeenrantasaimaa\/","name":"Lappeenranta Saimaa Rotaryklubi","description":"Uusi Rotary klubisivusto","potentialAction":[{"@type":"SearchAction","target":{"@type":"EntryPoint","urlTemplate":"https:\/\/rotary.fi\/lappeenrantasaimaa\/?s={search_term_string}"},"query-input":{"@type":"PropertyValueSpecification","valueRequired":true,"valueName":"search_term_string"}}],"inLanguage":"fi"}]}},"lang":"fi","translations":{"fi":1838},"pll_sync_post":[],"_links":{"self":[{"href":"https:\/\/rotary.fi\/lappeenrantasaimaa\/wp-json\/wp\/v2\/pages\/1838","targetHints":{"allow":["GET"]}}],"collection":[{"href":"https:\/\/rotary.fi\/lappeenrantasaimaa\/wp-json\/wp\/v2\/pages"}],"about":[{"href":"https:\/\/rotary.fi\/lappeenrantasaimaa\/wp-json\/wp\/v2\/types\/page"}],"author":[{"embeddable":true,"href":"https:\/\/rotary.fi\/lappeenrantasaimaa\/wp-json\/wp\/v2\/users\/314"}],"replies":[{"embeddable":true,"href":"https:\/\/rotary.fi\/lappeenrantasaimaa\/wp-json\/wp\/v2\/comments?post=1838"}],"version-history":[{"count":12,"href":"https:\/\/rotary.fi\/lappeenrantasaimaa\/wp-json\/wp\/v2\/pages\/1838\/revisions"}],"predecessor-version":[{"id":2508,"href":"https:\/\/rotary.fi\/lappeenrantasaimaa\/wp-json\/wp\/v2\/pages\/1838\/revisions\/2508"}],"up":[{"embeddable":true,"href":"https:\/\/rotary.fi\/lappeenrantasaimaa\/wp-json\/wp\/v2\/pages\/1818"}],"wp:attachment":[{"href":"https:\/\/rotary.fi\/lappeenrantasaimaa\/wp-json\/wp\/v2\/media?parent=1838"}],"curies":[{"name":"wp","href":"https:\/\/api.w.org\/{rel}","templated":true}]}}