{"id":1833,"date":"2020-01-21T15:56:28","date_gmt":"2020-01-21T13:56:28","guid":{"rendered":"https:\/\/rotary.fi\/lappeenrantasaimaa\/?page_id=1833"},"modified":"2022-08-16T15:38:00","modified_gmt":"2022-08-16T12:38:00","slug":"tavoite","status":"publish","type":"page","link":"https:\/\/rotary.fi\/lappeenrantasaimaa\/mika-on-rotarysaatio\/tavoite\/","title":{"rendered":"Tavoite"},"content":{"rendered":"<p>[et_pb_section fb_built=&#8221;1&#8243; module_class=&#8221;jumbotron-page&#8221; _builder_version=&#8221;4.17.4&#8243; background_image=&#8221;https:\/\/rotary.fi\/lappeenrantasaimaa\/wp-content\/uploads\/sites\/51\/2022\/08\/kuva-4-ri-areas-of-focus-keskittamisalueet-1.jpg&#8221; hover_enabled=&#8221;0&#8243; global_colors_info=&#8221;{}&#8221; background_size=&#8221;stretch&#8221; sticky_enabled=&#8221;0&#8243;][et_pb_row _builder_version=&#8221;4.16&#8243; background_size=&#8221;initial&#8221; background_position=&#8221;top_left&#8221; background_repeat=&#8221;repeat&#8221; global_colors_info=&#8221;{}&#8221;][et_pb_column type=&#8221;4_4&#8243; _builder_version=&#8221;4.16&#8243; custom_padding=&#8221;|||&#8221; global_colors_info=&#8221;{}&#8221; custom_padding__hover=&#8221;|||&#8221;][\/et_pb_column][\/et_pb_row][\/et_pb_section][et_pb_section fb_built=&#8221;1&#8243; specialty=&#8221;on&#8221; module_class_2=&#8221;sivupalkki&#8221; _builder_version=&#8221;4.16&#8243; global_colors_info=&#8221;{}&#8221;][et_pb_column type=&#8221;2_3&#8243; specialty_columns=&#8221;2&#8243; _builder_version=&#8221;4.16&#8243; custom_padding=&#8221;|||&#8221; global_colors_info=&#8221;{}&#8221; custom_padding__hover=&#8221;|||&#8221;][et_pb_row_inner admin_label=&#8221;Rivi&#8221; _builder_version=&#8221;4.16&#8243; global_colors_info=&#8221;{}&#8221;][et_pb_column_inner saved_specialty_column_type=&#8221;2_3&#8243; _builder_version=&#8221;4.16&#8243; custom_padding=&#8221;|||&#8221; global_colors_info=&#8221;{}&#8221; custom_padding__hover=&#8221;|||&#8221;][et_pb_text admin_label=&#8221;Tavoite &#8211; Otsikko&#8221; _builder_version=&#8221;4.16&#8243; text_orientation=&#8221;center&#8221; global_colors_info=&#8221;{}&#8221;]<\/p>\n<h1>Rotarys\u00e4\u00e4ti\u00f6n painopistealueet<\/h1>\n<p>[\/et_pb_text][et_pb_text admin_label=&#8221;Teksti&#8221; _builder_version=&#8221;4.17.4&#8243; global_colors_info=&#8221;{}&#8221;]<\/p>\n<p>Rotarys\u00e4\u00e4ti\u00f6n tavoitteena on kohdentaa rahoitusta ja kehitt\u00e4\u00e4 ohjelmia ja niiden haku- ja raportointiprosesseja siten, ett\u00e4<\/p>\n<ul>\n<li>projektien tuloksena on aikaisempaa enemm\u00e4n sek\u00e4 maailmanlaajuista ett\u00e4 paikallista vaikuttavuutta<\/li>\n<li>piirit ja klubit kokevat palveluprojektit omikseen<\/li>\n<li>projektien vaikuttavuus, mitattavuus ja l\u00e4pin\u00e4kyvyys paranevat<\/li>\n<li>Rotaryn n\u00e4kyvyys paranee<\/li>\n<\/ul>\n<p>&nbsp;<\/p>\n<p>Rahoitettavien projektien ja stipendien tulee kohdistua yhteen tai useampaan seuraavista painopistealueista:<\/p>\n<p><strong>Rauhan rakentaminen ja konfliktien ehk\u00e4isy<\/strong><strong>\u00a0<\/strong><\/p>\n<ul>\n<li>antaa koulutusta johtajille, mm. nuorille potentiaalisille johtajille, konfliktien ehk\u00e4isyst\u00e4 ja sovittelusta<\/li>\n<li>tukee rauhan rakentamista paikkakunnilla ja alueilla, joissa on ollut konflikteja<\/li>\n<li>tukee sellaisten henkil\u00f6iden opintoja, joita kiinnostaa luoda ura rauhan ja konfliktien ehk\u00e4isyss\u00e4\n<\/li>\n<\/ul>\n<p><strong>Sairauksien ehk\u00e4isy ja hoito<\/strong><\/p>\n<ul>\n<li>parantaa paikallisen sairaanhoitohenkil\u00f6kunnan tehokkuutta ja osaamista<\/li>\n<li>tukee ehk\u00e4isevi\u00e4 sairaanhoito-ohjelmia rajoittaakseen tarttuvien tautien levi\u00e4mist\u00e4 ja v\u00e4hent\u00e4\u00e4kseen muiden tautien esiintyvyytt\u00e4 ja niihin liittyvi\u00e4 komplikaatioita<\/li>\n<li>parantaa sairaanhoidon paikallista infrastruktuuria<\/li>\n<li>kouluttaa ihmisi\u00e4 ja auttaa ehk\u00e4isem\u00e4\u00e4n t\u00e4rkeimpien sairauksien levi\u00e4mist\u00e4<\/li>\n<li>ehk\u00e4isee sairauksista ja tapaturmista johtuvaa fyysist\u00e4 vammautumista<\/li>\n<li>tukee sellaisten henkil\u00f6iden opintoja, joita kiinnostaa jokin terveydenhuoltoon liittyv\u00e4 ammatti.\n<\/li>\n<\/ul>\n<p><strong>Vesi, sanitaatio ja hygienia<\/strong><\/p>\n<ul>\n<li>edist\u00e4\u00e4 puhtaan veden saatavuutta ja parantaa j\u00e4tehuoltoa ja hygieniaa<\/li>\n<li>auttaa yhdyskuntia kehitt\u00e4m\u00e4\u00e4n, rahoittamaan ja yll\u00e4pit\u00e4m\u00e4\u00e4n kest\u00e4vi\u00e4 vesi- ja j\u00e4tehuoltoj\u00e4rjestelmi\u00e4<\/li>\n<li>tukee ohjelmia, jotka lis\u00e4\u00e4v\u00e4t yhdyskuntien tietoisuutta puhtaan veden, j\u00e4tehuollon ja hygienian eduista<\/li>\n<li>tukee sellaisten henkil\u00f6iden opintoja, joita kiinnostaa vesihuoltoon tai sanitaatioon liittyv\u00e4 ammatti.\n<\/li>\n<\/ul>\n<p><strong>\u00c4idin ja lapsen terveys<\/strong><\/p>\n<ul>\n<li>v\u00e4hent\u00e4\u00e4 alle viisivuotiaiden lasten kuolleisuutta ja sairastavuutta<\/li>\n<li>v\u00e4hent\u00e4\u00e4 \u00e4itien kuolleisuutta ja sairastavuutta<\/li>\n<li>lis\u00e4\u00e4 \u00e4ideille ja lapsille t\u00e4rkeiden sairaanhoitopalveluiden ja koulutetun terveydenhuoltohenkil\u00f6st\u00f6n saatavuutta paikallisilla vastaanotoilla ja sairaaloissa<\/li>\n<li>tukee sellaisten henkil\u00f6iden opintoja, joita kiinnostaa \u00e4idin ja lapsen terveydenhuoltoon liittyv\u00e4 ammatti.\n<\/li>\n<\/ul>\n<p><strong>Peruskoulutus sek\u00e4 luku- ja kirjoitustaito<\/strong><\/p>\n<ul>\n<li>tukee ohjelmia, jotka vahvistavat yhdyskuntien kyky\u00e4 antaa kaikille kansalaisille peruskoulutusta sek\u00e4 luku- ja kirjoitustaito<\/li>\n<li>lis\u00e4\u00e4 aikuisten luku- ja kirjoitustaitoa<\/li>\n<li>v\u00e4hent\u00e4\u00e4 koulutukseen liittyv\u00e4\u00e4 sukupuolten v\u00e4list\u00e4 eriarvoisuutta<\/li>\n<li>tukee sellaisten henkil\u00f6iden opintoja, joita kiinnostaa peruskoulutuksen tai luku- ja kirjoitustaidon edist\u00e4miseen liittyv\u00e4 ammatti.\n<\/li>\n<\/ul>\n<p><strong>Yhteis\u00f6n taloudellinen kehitt\u00e4minen<\/strong><\/p>\n<ul>\n<li>kehitt\u00e4\u00e4 yritt\u00e4jien, p\u00e4\u00e4tt\u00e4jien, paikallisj\u00e4rjest\u00f6jen ja yhdyskuntaverkostojen kyky\u00e4 tukea taloudellista kehityst\u00e4 k\u00f6yhiss\u00e4 maissa<\/li>\n<li>parantaa mahdollisuuksia tehd\u00e4 tuottavaa ty\u00f6t\u00e4<\/li>\n<li>v\u00e4hent\u00e4\u00e4 k\u00f6yhyytt\u00e4 puutteessa olevissa maissa<\/li>\n<li>tukee sellaisten henkil\u00f6iden opintoja, joita kiinnostaa taloudelliseen ja yhteiskunnalliseen kehitt\u00e4miseen liittyv\u00e4 ammatti.\n<\/li>\n<\/ul>\n<p><strong>Ymp\u00e4rist\u00f6<\/strong><\/p>\n<ul>\n<li>suojella ja ennallistaa maaper\u00e4\u00e4, merialueita ja puhtaan veden resursseja<\/li>\n<li>edist\u00e4\u00e4 ja auttaa viranomaisia ja yhteis\u00f6j\u00e4 luonnonvarojen kest\u00e4v\u00e4ss\u00e4 hoidossa<\/li>\n<li>edist\u00e4\u00e4 ekologisesti kest\u00e4v\u00e4\u00e4 maataloutta, kalastusta ja muita elinkeinoja sek\u00e4 vesihuoltoa ja maank\u00e4ytt\u00f6\u00e4<\/li>\n<li>keskitt\u00e4\u00e4 huomio ilmastonmuutokseen sek\u00e4 v\u00e4hent\u00e4\u00e4 kasvihuonep\u00e4\u00e4st\u00f6j\u00e4 ja ilmastonmuutoksesta aiheutuvia h\u00e4iri\u00f6it\u00e4<\/li>\n<li>vahvistaa ekosysteemin kestokyky\u00e4 ja auttaa yhdyskuntia, jotka k\u00e4rsiv\u00e4t ilmastonmuutoksen seurauksista<\/li>\n<li>tukea koulutusta, joka edist\u00e4\u00e4 tietoisuutta ymp\u00e4rist\u00f6nsuojelusta ja ilmastonmuutoksen seurauksista<\/li>\n<li>edist\u00e4\u00e4 kest\u00e4v\u00e4\u00e4 tuotantoa ja kehitt\u00e4\u00e4 resurssi tehokkaampaa taloutta<\/li>\n<li>kehitt\u00e4\u00e4 kansainv\u00e4list\u00e4 ymp\u00e4rist\u00f6oikeutta ja edist\u00e4\u00e4 ymp\u00e4rist\u00f6n kannalta terveellisi\u00e4 elintapoja.<\/li>\n<\/ul>\n<p><strong>\u00a0<\/strong><\/p>\n<p>[\/et_pb_text][\/et_pb_column_inner][\/et_pb_row_inner][\/et_pb_column][et_pb_column type=&#8221;1_3&#8243; _builder_version=&#8221;4.16&#8243; custom_padding=&#8221;|||&#8221; global_colors_info=&#8221;{}&#8221; custom_padding__hover=&#8221;|||&#8221;][et_pb_sidebar area=&#8221;sidebar-1&#8243; module_class=&#8221;sivupalkki_sisalto&#8221; _builder_version=&#8221;4.16&#8243; locked=&#8221;on&#8221; global_colors_info=&#8221;{}&#8221;]<br \/>\n[\/et_pb_sidebar][\/et_pb_column][\/et_pb_section]<\/p>\n","protected":false},"excerpt":{"rendered":"<p>Rotarys\u00e4\u00e4ti\u00f6n painopistealueetRotarys\u00e4\u00e4ti\u00f6n tavoitteena on kohdentaa rahoitusta ja kehitt\u00e4\u00e4 ohjelmia ja niiden haku- ja raportointiprosesseja siten, ett\u00e4 projektien tuloksena on aikaisempaa enemm\u00e4n sek\u00e4 maailmanlaajuista ett\u00e4 paikallista vaikuttavuutta piirit ja klubit kokevat palveluprojektit omikseen projektien vaikuttavuus, mitattavuus ja l\u00e4pin\u00e4kyvyys paranevat Rotaryn n\u00e4kyvyys paranee &nbsp; Rahoitettavien projektien ja stipendien tulee kohdistua yhteen tai useampaan seuraavista painopistealueista: Rauhan rakentaminen [&hellip;]<\/p>\n","protected":false},"author":314,"featured_media":0,"parent":1818,"menu_order":0,"comment_status":"closed","ping_status":"closed","template":"","meta":{"_acf_changed":false,"_et_pb_use_builder":"on","_et_pb_old_content":"","_et_gb_content_width":"","footnotes":""},"class_list":["post-1833","page","type-page","status-publish","hentry"],"acf":[],"yoast_head":"<!-- This site is optimized with the Yoast SEO plugin v27.4 - https:\/\/yoast.com\/product\/yoast-seo-wordpress\/ -->\n<title>Tavoite - Lappeenranta Saimaa Rotaryklubi<\/title>\n<meta name=\"robots\" content=\"index, follow, max-snippet:-1, max-image-preview:large, max-video-preview:-1\" \/>\n<link rel=\"canonical\" href=\"https:\/\/rotary.fi\/lappeenrantasaimaa\/mika-on-rotarysaatio\/tavoite\/\" \/>\n<meta property=\"og:locale\" content=\"fi_FI\" \/>\n<meta property=\"og:type\" content=\"article\" \/>\n<meta property=\"og:title\" content=\"Tavoite - Lappeenranta Saimaa Rotaryklubi\" \/>\n<meta property=\"og:description\" content=\"Rotarys\u00e4\u00e4ti\u00f6n painopistealueetRotarys\u00e4\u00e4ti\u00f6n tavoitteena on kohdentaa rahoitusta ja kehitt\u00e4\u00e4 ohjelmia ja niiden haku- ja raportointiprosesseja siten, ett\u00e4 projektien tuloksena on aikaisempaa enemm\u00e4n sek\u00e4 maailmanlaajuista ett\u00e4 paikallista vaikuttavuutta piirit ja klubit kokevat palveluprojektit omikseen projektien vaikuttavuus, mitattavuus ja l\u00e4pin\u00e4kyvyys paranevat Rotaryn n\u00e4kyvyys paranee &nbsp; Rahoitettavien projektien ja stipendien tulee kohdistua yhteen tai useampaan seuraavista painopistealueista: Rauhan rakentaminen [&hellip;]\" \/>\n<meta property=\"og:url\" content=\"https:\/\/rotary.fi\/lappeenrantasaimaa\/mika-on-rotarysaatio\/tavoite\/\" \/>\n<meta property=\"og:site_name\" content=\"Lappeenranta Saimaa Rotaryklubi\" \/>\n<meta property=\"article:modified_time\" content=\"2022-08-16T12:38:00+00:00\" \/>\n<meta name=\"twitter:card\" content=\"summary_large_image\" \/>\n<meta name=\"twitter:label1\" content=\"Arvioitu lukuaika\" \/>\n\t<meta name=\"twitter:data1\" content=\"3 minuuttia\" \/>\n<script type=\"application\/ld+json\" class=\"yoast-schema-graph\">{\"@context\":\"https:\\\/\\\/schema.org\",\"@graph\":[{\"@type\":\"WebPage\",\"@id\":\"https:\\\/\\\/rotary.fi\\\/lappeenrantasaimaa\\\/mika-on-rotarysaatio\\\/tavoite\\\/\",\"url\":\"https:\\\/\\\/rotary.fi\\\/lappeenrantasaimaa\\\/mika-on-rotarysaatio\\\/tavoite\\\/\",\"name\":\"Tavoite - Lappeenranta Saimaa Rotaryklubi\",\"isPartOf\":{\"@id\":\"https:\\\/\\\/rotary.fi\\\/lappeenrantasaimaa\\\/#website\"},\"datePublished\":\"2020-01-21T13:56:28+00:00\",\"dateModified\":\"2022-08-16T12:38:00+00:00\",\"breadcrumb\":{\"@id\":\"https:\\\/\\\/rotary.fi\\\/lappeenrantasaimaa\\\/mika-on-rotarysaatio\\\/tavoite\\\/#breadcrumb\"},\"inLanguage\":\"fi\",\"potentialAction\":[{\"@type\":\"ReadAction\",\"target\":[\"https:\\\/\\\/rotary.fi\\\/lappeenrantasaimaa\\\/mika-on-rotarysaatio\\\/tavoite\\\/\"]}]},{\"@type\":\"BreadcrumbList\",\"@id\":\"https:\\\/\\\/rotary.fi\\\/lappeenrantasaimaa\\\/mika-on-rotarysaatio\\\/tavoite\\\/#breadcrumb\",\"itemListElement\":[{\"@type\":\"ListItem\",\"position\":1,\"name\":\"Home\",\"item\":\"https:\\\/\\\/rotary.fi\\\/lappeenrantasaimaa\\\/\"},{\"@type\":\"ListItem\",\"position\":2,\"name\":\"Mik\u00e4 on Rotarys\u00e4\u00e4ti\u00f6\",\"item\":\"https:\\\/\\\/rotary.fi\\\/lappeenrantasaimaa\\\/mika-on-rotarysaatio\\\/\"},{\"@type\":\"ListItem\",\"position\":3,\"name\":\"Tavoite\"}]},{\"@type\":\"WebSite\",\"@id\":\"https:\\\/\\\/rotary.fi\\\/lappeenrantasaimaa\\\/#website\",\"url\":\"https:\\\/\\\/rotary.fi\\\/lappeenrantasaimaa\\\/\",\"name\":\"Lappeenranta Saimaa Rotaryklubi\",\"description\":\"Uusi Rotary klubisivusto\",\"potentialAction\":[{\"@type\":\"SearchAction\",\"target\":{\"@type\":\"EntryPoint\",\"urlTemplate\":\"https:\\\/\\\/rotary.fi\\\/lappeenrantasaimaa\\\/?s={search_term_string}\"},\"query-input\":{\"@type\":\"PropertyValueSpecification\",\"valueRequired\":true,\"valueName\":\"search_term_string\"}}],\"inLanguage\":\"fi\"}]}<\/script>\n<!-- \/ Yoast SEO plugin. -->","yoast_head_json":{"title":"Tavoite - Lappeenranta Saimaa Rotaryklubi","robots":{"index":"index","follow":"follow","max-snippet":"max-snippet:-1","max-image-preview":"max-image-preview:large","max-video-preview":"max-video-preview:-1"},"canonical":"https:\/\/rotary.fi\/lappeenrantasaimaa\/mika-on-rotarysaatio\/tavoite\/","og_locale":"fi_FI","og_type":"article","og_title":"Tavoite - Lappeenranta Saimaa Rotaryklubi","og_description":"Rotarys\u00e4\u00e4ti\u00f6n painopistealueetRotarys\u00e4\u00e4ti\u00f6n tavoitteena on kohdentaa rahoitusta ja kehitt\u00e4\u00e4 ohjelmia ja niiden haku- ja raportointiprosesseja siten, ett\u00e4 projektien tuloksena on aikaisempaa enemm\u00e4n sek\u00e4 maailmanlaajuista ett\u00e4 paikallista vaikuttavuutta piirit ja klubit kokevat palveluprojektit omikseen projektien vaikuttavuus, mitattavuus ja l\u00e4pin\u00e4kyvyys paranevat Rotaryn n\u00e4kyvyys paranee &nbsp; Rahoitettavien projektien ja stipendien tulee kohdistua yhteen tai useampaan seuraavista painopistealueista: Rauhan rakentaminen [&hellip;]","og_url":"https:\/\/rotary.fi\/lappeenrantasaimaa\/mika-on-rotarysaatio\/tavoite\/","og_site_name":"Lappeenranta Saimaa Rotaryklubi","article_modified_time":"2022-08-16T12:38:00+00:00","twitter_card":"summary_large_image","twitter_misc":{"Arvioitu lukuaika":"3 minuuttia"},"schema":{"@context":"https:\/\/schema.org","@graph":[{"@type":"WebPage","@id":"https:\/\/rotary.fi\/lappeenrantasaimaa\/mika-on-rotarysaatio\/tavoite\/","url":"https:\/\/rotary.fi\/lappeenrantasaimaa\/mika-on-rotarysaatio\/tavoite\/","name":"Tavoite - Lappeenranta Saimaa Rotaryklubi","isPartOf":{"@id":"https:\/\/rotary.fi\/lappeenrantasaimaa\/#website"},"datePublished":"2020-01-21T13:56:28+00:00","dateModified":"2022-08-16T12:38:00+00:00","breadcrumb":{"@id":"https:\/\/rotary.fi\/lappeenrantasaimaa\/mika-on-rotarysaatio\/tavoite\/#breadcrumb"},"inLanguage":"fi","potentialAction":[{"@type":"ReadAction","target":["https:\/\/rotary.fi\/lappeenrantasaimaa\/mika-on-rotarysaatio\/tavoite\/"]}]},{"@type":"BreadcrumbList","@id":"https:\/\/rotary.fi\/lappeenrantasaimaa\/mika-on-rotarysaatio\/tavoite\/#breadcrumb","itemListElement":[{"@type":"ListItem","position":1,"name":"Home","item":"https:\/\/rotary.fi\/lappeenrantasaimaa\/"},{"@type":"ListItem","position":2,"name":"Mik\u00e4 on Rotarys\u00e4\u00e4ti\u00f6","item":"https:\/\/rotary.fi\/lappeenrantasaimaa\/mika-on-rotarysaatio\/"},{"@type":"ListItem","position":3,"name":"Tavoite"}]},{"@type":"WebSite","@id":"https:\/\/rotary.fi\/lappeenrantasaimaa\/#website","url":"https:\/\/rotary.fi\/lappeenrantasaimaa\/","name":"Lappeenranta Saimaa Rotaryklubi","description":"Uusi Rotary klubisivusto","potentialAction":[{"@type":"SearchAction","target":{"@type":"EntryPoint","urlTemplate":"https:\/\/rotary.fi\/lappeenrantasaimaa\/?s={search_term_string}"},"query-input":{"@type":"PropertyValueSpecification","valueRequired":true,"valueName":"search_term_string"}}],"inLanguage":"fi"}]}},"lang":"fi","translations":{"fi":1833},"pll_sync_post":[],"_links":{"self":[{"href":"https:\/\/rotary.fi\/lappeenrantasaimaa\/wp-json\/wp\/v2\/pages\/1833","targetHints":{"allow":["GET"]}}],"collection":[{"href":"https:\/\/rotary.fi\/lappeenrantasaimaa\/wp-json\/wp\/v2\/pages"}],"about":[{"href":"https:\/\/rotary.fi\/lappeenrantasaimaa\/wp-json\/wp\/v2\/types\/page"}],"author":[{"embeddable":true,"href":"https:\/\/rotary.fi\/lappeenrantasaimaa\/wp-json\/wp\/v2\/users\/314"}],"replies":[{"embeddable":true,"href":"https:\/\/rotary.fi\/lappeenrantasaimaa\/wp-json\/wp\/v2\/comments?post=1833"}],"version-history":[{"count":10,"href":"https:\/\/rotary.fi\/lappeenrantasaimaa\/wp-json\/wp\/v2\/pages\/1833\/revisions"}],"predecessor-version":[{"id":3131,"href":"https:\/\/rotary.fi\/lappeenrantasaimaa\/wp-json\/wp\/v2\/pages\/1833\/revisions\/3131"}],"up":[{"embeddable":true,"href":"https:\/\/rotary.fi\/lappeenrantasaimaa\/wp-json\/wp\/v2\/pages\/1818"}],"wp:attachment":[{"href":"https:\/\/rotary.fi\/lappeenrantasaimaa\/wp-json\/wp\/v2\/media?parent=1833"}],"curies":[{"name":"wp","href":"https:\/\/api.w.org\/{rel}","templated":true}]}}