{"id":1827,"date":"2020-01-21T15:52:11","date_gmt":"2020-01-21T13:52:11","guid":{"rendered":"https:\/\/rotary.fi\/lappeenrantasaimaa\/?page_id=1827"},"modified":"2020-01-28T20:12:06","modified_gmt":"2020-01-28T18:12:06","slug":"saatio-vs-ri","status":"publish","type":"page","link":"https:\/\/rotary.fi\/lappeenrantasaimaa\/mika-on-rotarysaatio\/saatio-vs-ri\/","title":{"rendered":"S\u00e4\u00e4ti\u00f6 vs. Rotary International"},"content":{"rendered":"<p>[et_pb_section fb_built=&#8221;1&#8243; module_class=&#8221;jumbotron-page&#8221; _builder_version=&#8221;4.1&#8243; background_image=&#8221;https:\/\/rotary.fi\/lappeenrantasaimaa\/wp-content\/uploads\/sites\/51\/2020\/01\/saatiotyota.jpg&#8221; hover_enabled=&#8221;0&#8243;][et_pb_row _builder_version=&#8221;3.25&#8243; background_size=&#8221;initial&#8221; background_position=&#8221;top_left&#8221; background_repeat=&#8221;repeat&#8221;][et_pb_column type=&#8221;4_4&#8243; _builder_version=&#8221;3.25&#8243; custom_padding=&#8221;|||&#8221; custom_padding__hover=&#8221;|||&#8221;][\/et_pb_column][\/et_pb_row][\/et_pb_section][et_pb_section fb_built=&#8221;1&#8243; specialty=&#8221;on&#8221; module_class_2=&#8221;sivupalkki&#8221; _builder_version=&#8221;3.22&#8243;][et_pb_column type=&#8221;2_3&#8243; specialty_columns=&#8221;2&#8243; _builder_version=&#8221;3.25&#8243; custom_padding=&#8221;|||&#8221; custom_padding__hover=&#8221;|||&#8221;][et_pb_row_inner admin_label=&#8221;Rivi&#8221; _builder_version=&#8221;3.25&#8243;][et_pb_column_inner saved_specialty_column_type=&#8221;2_3&#8243; _builder_version=&#8221;3.25&#8243; custom_padding=&#8221;|||&#8221; custom_padding__hover=&#8221;|||&#8221;][et_pb_text admin_label=&#8221;S\u00e4\u00e4ti\u00f6 vs RI &#8211; Otsikko&#8221; _builder_version=&#8221;4.1&#8243; text_orientation=&#8221;center&#8221;]<\/p>\n<h1>Rotarys\u00e4\u00e4ti\u00f6 ja Rotary International<\/h1>\n<p>[\/et_pb_text][et_pb_text _builder_version=&#8221;4.1&#8243;]<\/p>\n<p><span style=\"color: #000000\">Kanasinv\u00e4linen Rotary (Rotary International, RI) ja Rotarys\u00e4\u00e4ti\u00f6 (The Rotary Foundation, TRF) ovat rinnakkaisj\u00e4rjest\u00f6j\u00e4, joilla molemmilla on oma p\u00e4\u00e4t\u00f6ksenteko ja oma talous.<\/span><\/p>\n<p><span style=\"color: #000000\">Kansainv\u00e4linen Rotary johtaa maailman rotarytoimintaa, piirej\u00e4 ja klubeja. Se toimii j\u00e4senmaksuvaroilla ja sijoituksilla.<br \/> Rotarit ovat automaattisesti Kansainv\u00e4lisen Rotaryn j\u00e4seni\u00e4.<br \/> <\/span><\/p>\n<p><span style=\"color: #8300e9\"><span style=\"color: #000000\">Rotarys\u00e4\u00e4ti\u00f6 vastaa rotareiden hyv\u00e4ntekev\u00e4isyysprojektien rahoituksesta ja koordinoinnista. Nimens\u00e4 mukaisesti se on s\u00e4\u00e4ti\u00f6, joka toimii rotareiden ja muiden tahojen lahjoituksilla ja niiden sijoitusten tuotoilla.<\/span><br \/> <span style=\"color: #000000\"> S\u00e4\u00e4ti\u00f6lle lahjoittaminen on rotareille vapaaehtoista toimintaa. Merkitt\u00e4v\u00e4 osa s\u00e4\u00e4ti\u00f6lle tehdyist\u00e4 lahjoituksista palautuu takaisin piiren ja klubien paikallisiin projekteihin (nk. District Designated Fund-hankkeet).<\/span>\u00a0<br \/><span style=\"color: #000000\">Varoilla rahoitetaan my\u00f6s useamman Rotarypiirin kansainv\u00e4lisi\u00e4 yhteisty\u00f6hankkeita (nk. Global Grant-hankkeet).<\/span><\/span><\/p>\n<p>&nbsp;<\/p>\n<p>[\/et_pb_text][\/et_pb_column_inner][\/et_pb_row_inner][\/et_pb_column][et_pb_column type=&#8221;1_3&#8243; _builder_version=&#8221;3.25&#8243; custom_padding=&#8221;|||&#8221; custom_padding__hover=&#8221;|||&#8221;][et_pb_sidebar area=&#8221;sidebar-1&#8243; module_class=&#8221;sivupalkki_sisalto&#8221; _builder_version=&#8221;3.4.1&#8243; locked=&#8221;on&#8221;]<br \/>\n[\/et_pb_sidebar][\/et_pb_column][\/et_pb_section]<\/p>\n","protected":false},"excerpt":{"rendered":"<p>Rotarys\u00e4\u00e4ti\u00f6 ja Rotary InternationalKanasinv\u00e4linen Rotary (Rotary International, RI) ja Rotarys\u00e4\u00e4ti\u00f6 (The Rotary Foundation, TRF) ovat rinnakkaisj\u00e4rjest\u00f6j\u00e4, joilla molemmilla on oma p\u00e4\u00e4t\u00f6ksenteko ja oma talous. Kansainv\u00e4linen Rotary johtaa maailman rotarytoimintaa, piirej\u00e4 ja klubeja. Se toimii j\u00e4senmaksuvaroilla ja sijoituksilla. Rotarit ovat automaattisesti Kansainv\u00e4lisen Rotaryn j\u00e4seni\u00e4. Rotarys\u00e4\u00e4ti\u00f6 vastaa rotareiden hyv\u00e4ntekev\u00e4isyysprojektien rahoituksesta ja koordinoinnista. Nimens\u00e4 mukaisesti se on s\u00e4\u00e4ti\u00f6, [&hellip;]<\/p>\n","protected":false},"author":314,"featured_media":0,"parent":1818,"menu_order":0,"comment_status":"closed","ping_status":"closed","template":"","meta":{"_acf_changed":false,"_et_pb_use_builder":"on","_et_pb_old_content":"","_et_gb_content_width":"","footnotes":""},"class_list":["post-1827","page","type-page","status-publish","hentry"],"acf":[],"yoast_head":"<!-- This site is optimized with the Yoast SEO plugin v27.4 - https:\/\/yoast.com\/product\/yoast-seo-wordpress\/ -->\n<title>S\u00e4\u00e4ti\u00f6 vs. Rotary International - Lappeenranta Saimaa Rotaryklubi<\/title>\n<meta name=\"robots\" content=\"index, follow, max-snippet:-1, max-image-preview:large, max-video-preview:-1\" \/>\n<link rel=\"canonical\" href=\"https:\/\/rotary.fi\/lappeenrantasaimaa\/mika-on-rotarysaatio\/saatio-vs-ri\/\" \/>\n<meta property=\"og:locale\" content=\"fi_FI\" \/>\n<meta property=\"og:type\" content=\"article\" \/>\n<meta property=\"og:title\" content=\"S\u00e4\u00e4ti\u00f6 vs. Rotary International - Lappeenranta Saimaa Rotaryklubi\" \/>\n<meta property=\"og:description\" content=\"Rotarys\u00e4\u00e4ti\u00f6 ja Rotary InternationalKanasinv\u00e4linen Rotary (Rotary International, RI) ja Rotarys\u00e4\u00e4ti\u00f6 (The Rotary Foundation, TRF) ovat rinnakkaisj\u00e4rjest\u00f6j\u00e4, joilla molemmilla on oma p\u00e4\u00e4t\u00f6ksenteko ja oma talous. Kansainv\u00e4linen Rotary johtaa maailman rotarytoimintaa, piirej\u00e4 ja klubeja. Se toimii j\u00e4senmaksuvaroilla ja sijoituksilla. Rotarit ovat automaattisesti Kansainv\u00e4lisen Rotaryn j\u00e4seni\u00e4. Rotarys\u00e4\u00e4ti\u00f6 vastaa rotareiden hyv\u00e4ntekev\u00e4isyysprojektien rahoituksesta ja koordinoinnista. Nimens\u00e4 mukaisesti se on s\u00e4\u00e4ti\u00f6, [&hellip;]\" \/>\n<meta property=\"og:url\" content=\"https:\/\/rotary.fi\/lappeenrantasaimaa\/mika-on-rotarysaatio\/saatio-vs-ri\/\" \/>\n<meta property=\"og:site_name\" content=\"Lappeenranta Saimaa Rotaryklubi\" \/>\n<meta property=\"article:modified_time\" content=\"2020-01-28T18:12:06+00:00\" \/>\n<meta name=\"twitter:card\" content=\"summary_large_image\" \/>\n<meta name=\"twitter:label1\" content=\"Arvioitu lukuaika\" \/>\n\t<meta name=\"twitter:data1\" content=\"2 minuuttia\" \/>\n<script type=\"application\/ld+json\" class=\"yoast-schema-graph\">{\"@context\":\"https:\\\/\\\/schema.org\",\"@graph\":[{\"@type\":\"WebPage\",\"@id\":\"https:\\\/\\\/rotary.fi\\\/lappeenrantasaimaa\\\/mika-on-rotarysaatio\\\/saatio-vs-ri\\\/\",\"url\":\"https:\\\/\\\/rotary.fi\\\/lappeenrantasaimaa\\\/mika-on-rotarysaatio\\\/saatio-vs-ri\\\/\",\"name\":\"S\u00e4\u00e4ti\u00f6 vs. Rotary International - Lappeenranta Saimaa Rotaryklubi\",\"isPartOf\":{\"@id\":\"https:\\\/\\\/rotary.fi\\\/lappeenrantasaimaa\\\/#website\"},\"datePublished\":\"2020-01-21T13:52:11+00:00\",\"dateModified\":\"2020-01-28T18:12:06+00:00\",\"breadcrumb\":{\"@id\":\"https:\\\/\\\/rotary.fi\\\/lappeenrantasaimaa\\\/mika-on-rotarysaatio\\\/saatio-vs-ri\\\/#breadcrumb\"},\"inLanguage\":\"fi\",\"potentialAction\":[{\"@type\":\"ReadAction\",\"target\":[\"https:\\\/\\\/rotary.fi\\\/lappeenrantasaimaa\\\/mika-on-rotarysaatio\\\/saatio-vs-ri\\\/\"]}]},{\"@type\":\"BreadcrumbList\",\"@id\":\"https:\\\/\\\/rotary.fi\\\/lappeenrantasaimaa\\\/mika-on-rotarysaatio\\\/saatio-vs-ri\\\/#breadcrumb\",\"itemListElement\":[{\"@type\":\"ListItem\",\"position\":1,\"name\":\"Home\",\"item\":\"https:\\\/\\\/rotary.fi\\\/lappeenrantasaimaa\\\/\"},{\"@type\":\"ListItem\",\"position\":2,\"name\":\"Mik\u00e4 on Rotarys\u00e4\u00e4ti\u00f6\",\"item\":\"https:\\\/\\\/rotary.fi\\\/lappeenrantasaimaa\\\/mika-on-rotarysaatio\\\/\"},{\"@type\":\"ListItem\",\"position\":3,\"name\":\"S\u00e4\u00e4ti\u00f6 vs. Rotary International\"}]},{\"@type\":\"WebSite\",\"@id\":\"https:\\\/\\\/rotary.fi\\\/lappeenrantasaimaa\\\/#website\",\"url\":\"https:\\\/\\\/rotary.fi\\\/lappeenrantasaimaa\\\/\",\"name\":\"Lappeenranta Saimaa Rotaryklubi\",\"description\":\"Uusi Rotary klubisivusto\",\"potentialAction\":[{\"@type\":\"SearchAction\",\"target\":{\"@type\":\"EntryPoint\",\"urlTemplate\":\"https:\\\/\\\/rotary.fi\\\/lappeenrantasaimaa\\\/?s={search_term_string}\"},\"query-input\":{\"@type\":\"PropertyValueSpecification\",\"valueRequired\":true,\"valueName\":\"search_term_string\"}}],\"inLanguage\":\"fi\"}]}<\/script>\n<!-- \/ Yoast SEO plugin. -->","yoast_head_json":{"title":"S\u00e4\u00e4ti\u00f6 vs. Rotary International - Lappeenranta Saimaa Rotaryklubi","robots":{"index":"index","follow":"follow","max-snippet":"max-snippet:-1","max-image-preview":"max-image-preview:large","max-video-preview":"max-video-preview:-1"},"canonical":"https:\/\/rotary.fi\/lappeenrantasaimaa\/mika-on-rotarysaatio\/saatio-vs-ri\/","og_locale":"fi_FI","og_type":"article","og_title":"S\u00e4\u00e4ti\u00f6 vs. Rotary International - Lappeenranta Saimaa Rotaryklubi","og_description":"Rotarys\u00e4\u00e4ti\u00f6 ja Rotary InternationalKanasinv\u00e4linen Rotary (Rotary International, RI) ja Rotarys\u00e4\u00e4ti\u00f6 (The Rotary Foundation, TRF) ovat rinnakkaisj\u00e4rjest\u00f6j\u00e4, joilla molemmilla on oma p\u00e4\u00e4t\u00f6ksenteko ja oma talous. Kansainv\u00e4linen Rotary johtaa maailman rotarytoimintaa, piirej\u00e4 ja klubeja. Se toimii j\u00e4senmaksuvaroilla ja sijoituksilla. Rotarit ovat automaattisesti Kansainv\u00e4lisen Rotaryn j\u00e4seni\u00e4. Rotarys\u00e4\u00e4ti\u00f6 vastaa rotareiden hyv\u00e4ntekev\u00e4isyysprojektien rahoituksesta ja koordinoinnista. Nimens\u00e4 mukaisesti se on s\u00e4\u00e4ti\u00f6, [&hellip;]","og_url":"https:\/\/rotary.fi\/lappeenrantasaimaa\/mika-on-rotarysaatio\/saatio-vs-ri\/","og_site_name":"Lappeenranta Saimaa Rotaryklubi","article_modified_time":"2020-01-28T18:12:06+00:00","twitter_card":"summary_large_image","twitter_misc":{"Arvioitu lukuaika":"2 minuuttia"},"schema":{"@context":"https:\/\/schema.org","@graph":[{"@type":"WebPage","@id":"https:\/\/rotary.fi\/lappeenrantasaimaa\/mika-on-rotarysaatio\/saatio-vs-ri\/","url":"https:\/\/rotary.fi\/lappeenrantasaimaa\/mika-on-rotarysaatio\/saatio-vs-ri\/","name":"S\u00e4\u00e4ti\u00f6 vs. Rotary International - Lappeenranta Saimaa Rotaryklubi","isPartOf":{"@id":"https:\/\/rotary.fi\/lappeenrantasaimaa\/#website"},"datePublished":"2020-01-21T13:52:11+00:00","dateModified":"2020-01-28T18:12:06+00:00","breadcrumb":{"@id":"https:\/\/rotary.fi\/lappeenrantasaimaa\/mika-on-rotarysaatio\/saatio-vs-ri\/#breadcrumb"},"inLanguage":"fi","potentialAction":[{"@type":"ReadAction","target":["https:\/\/rotary.fi\/lappeenrantasaimaa\/mika-on-rotarysaatio\/saatio-vs-ri\/"]}]},{"@type":"BreadcrumbList","@id":"https:\/\/rotary.fi\/lappeenrantasaimaa\/mika-on-rotarysaatio\/saatio-vs-ri\/#breadcrumb","itemListElement":[{"@type":"ListItem","position":1,"name":"Home","item":"https:\/\/rotary.fi\/lappeenrantasaimaa\/"},{"@type":"ListItem","position":2,"name":"Mik\u00e4 on Rotarys\u00e4\u00e4ti\u00f6","item":"https:\/\/rotary.fi\/lappeenrantasaimaa\/mika-on-rotarysaatio\/"},{"@type":"ListItem","position":3,"name":"S\u00e4\u00e4ti\u00f6 vs. Rotary International"}]},{"@type":"WebSite","@id":"https:\/\/rotary.fi\/lappeenrantasaimaa\/#website","url":"https:\/\/rotary.fi\/lappeenrantasaimaa\/","name":"Lappeenranta Saimaa Rotaryklubi","description":"Uusi Rotary klubisivusto","potentialAction":[{"@type":"SearchAction","target":{"@type":"EntryPoint","urlTemplate":"https:\/\/rotary.fi\/lappeenrantasaimaa\/?s={search_term_string}"},"query-input":{"@type":"PropertyValueSpecification","valueRequired":true,"valueName":"search_term_string"}}],"inLanguage":"fi"}]}},"lang":"fi","translations":{"fi":1827},"pll_sync_post":[],"_links":{"self":[{"href":"https:\/\/rotary.fi\/lappeenrantasaimaa\/wp-json\/wp\/v2\/pages\/1827","targetHints":{"allow":["GET"]}}],"collection":[{"href":"https:\/\/rotary.fi\/lappeenrantasaimaa\/wp-json\/wp\/v2\/pages"}],"about":[{"href":"https:\/\/rotary.fi\/lappeenrantasaimaa\/wp-json\/wp\/v2\/types\/page"}],"author":[{"embeddable":true,"href":"https:\/\/rotary.fi\/lappeenrantasaimaa\/wp-json\/wp\/v2\/users\/314"}],"replies":[{"embeddable":true,"href":"https:\/\/rotary.fi\/lappeenrantasaimaa\/wp-json\/wp\/v2\/comments?post=1827"}],"version-history":[{"count":9,"href":"https:\/\/rotary.fi\/lappeenrantasaimaa\/wp-json\/wp\/v2\/pages\/1827\/revisions"}],"predecessor-version":[{"id":2463,"href":"https:\/\/rotary.fi\/lappeenrantasaimaa\/wp-json\/wp\/v2\/pages\/1827\/revisions\/2463"}],"up":[{"embeddable":true,"href":"https:\/\/rotary.fi\/lappeenrantasaimaa\/wp-json\/wp\/v2\/pages\/1818"}],"wp:attachment":[{"href":"https:\/\/rotary.fi\/lappeenrantasaimaa\/wp-json\/wp\/v2\/media?parent=1827"}],"curies":[{"name":"wp","href":"https:\/\/api.w.org\/{rel}","templated":true}]}}