{"id":1808,"date":"2020-01-20T09:55:58","date_gmt":"2020-01-20T07:55:58","guid":{"rendered":"https:\/\/rotary.fi\/lappeenrantasaimaa\/?page_id=1808"},"modified":"2020-01-26T19:49:07","modified_gmt":"2020-01-26T17:49:07","slug":"mika-on-rotary","status":"publish","type":"page","link":"https:\/\/rotary.fi\/lappeenrantasaimaa\/mika-on-rotary\/","title":{"rendered":"Mik\u00e4 on Rotary"},"content":{"rendered":"<p>[et_pb_section fb_built=&#8221;1&#8243; module_class=&#8221;jumbotron-page&#8221; _builder_version=&#8221;4.1&#8243; background_image=&#8221;https:\/\/rotary.fi\/lappeenrantasaimaa\/wp-content\/uploads\/sites\/51\/2020\/01\/20190928-dsc04645.jpg&#8221;][et_pb_row _builder_version=&#8221;3.25&#8243; background_size=&#8221;initial&#8221; background_position=&#8221;top_left&#8221; background_repeat=&#8221;repeat&#8221;][et_pb_column type=&#8221;4_4&#8243; _builder_version=&#8221;3.25&#8243; custom_padding=&#8221;|||&#8221; custom_padding__hover=&#8221;|||&#8221;][et_pb_text admin_label=&#8221;P\u00e4\u00e4otsikko&#8221; _builder_version=&#8221;4.1&#8243; text_orientation=&#8221;center&#8221; background_layout=&#8221;dark&#8221;]<\/p>\n<h1>Rotary on kansainv\u00e4linen liike<\/h1>\n<p>[\/et_pb_text][\/et_pb_column][\/et_pb_row][\/et_pb_section][et_pb_section fb_built=&#8221;1&#8243; specialty=&#8221;on&#8221; module_class_2=&#8221;sivupalkki&#8221; _builder_version=&#8221;3.22&#8243;][et_pb_column type=&#8221;2_3&#8243; specialty_columns=&#8221;2&#8243; _builder_version=&#8221;3.25&#8243; custom_padding=&#8221;|||&#8221; custom_padding__hover=&#8221;|||&#8221;][et_pb_row_inner admin_label=&#8221;Rivi&#8221; _builder_version=&#8221;3.25&#8243;][et_pb_column_inner saved_specialty_column_type=&#8221;2_3&#8243; _builder_version=&#8221;3.25&#8243; custom_padding=&#8221;|||&#8221; custom_padding__hover=&#8221;|||&#8221;][et_pb_text admin_label=&#8221;Otsikko ennen teksti\u00e4 &#8211; Tule mukaan&#8221; _builder_version=&#8221;4.1&#8243; text_orientation=&#8221;center&#8221;]<\/p>\n<h1>Rotaryn syntytarina<\/h1>\n<p>[\/et_pb_text][et_pb_text _builder_version=&#8221;4.1&#8243;]<\/p>\n<p>Rotaryn tarina alkoi yli 110 vuotta sitten. Se sai alkunsa chicagolaisen liikemiehen, Paul Harrisin, ajatuksesta parantaa kaupungin liikemoraalia ja vaihtaa ajatuksia yhteis\u00f6n kehitt\u00e4miseksi, uuden oppimiseksi ja yst\u00e4vyyden lujittamiseksi.<\/p>\n<p>Rotaryn perustaja Paul Harris kutsui 23. helmikuuta 1905 kolme muuta chicagolaista liikemiest\u00e4 perustavaan kokoukseen. Jo vuonna 1910 toiminta-ajatus laajentui ymp\u00e4r\u00f6iv\u00e4n yhteiskunnan kehitt\u00e4miseksi ja siit\u00e4 edelleen maailmanlaajuiseksi p\u00e4\u00e4m\u00e4\u00e4r\u00e4ksi.<\/p>\n<p>Rotary saavutti Euroopan vuonna 1911, kun Lontooseen perustettiin rotaryklubi. Suomen ensimm\u00e4inen rotaryklubi perustettiin Helsinkiin 1. joulukuuta 1926. Viroon Rotary tuotiin 1930 ja vuodesta 2000 l\u00e4htien Viron kaikki rotaryklubit ovat kuuluneet Suomen rotarypiiriin 1420.<\/p>\n<p>T\u00e4n\u00e4\u00e4n Rotaryyn kuuluu n. 540 piiri\u00e4, ja n. miljoona rotarya. Suomessa on kuusi piiri\u00e4 ja n. <br \/>10 000 j\u00e4sent\u00e4.<\/p>\n<p>&nbsp;<\/p>\n<p>[\/et_pb_text][\/et_pb_column_inner][\/et_pb_row_inner][\/et_pb_column][et_pb_column type=&#8221;1_3&#8243; _builder_version=&#8221;3.25&#8243; custom_padding=&#8221;|||&#8221; custom_padding__hover=&#8221;|||&#8221;][et_pb_sidebar area=&#8221;sidebar-1&#8243; module_class=&#8221;sivupalkki_sisalto&#8221; _builder_version=&#8221;3.4.1&#8243; locked=&#8221;on&#8221;][\/et_pb_sidebar][\/et_pb_column][\/et_pb_section]<\/p>\n","protected":false},"excerpt":{"rendered":"<p>Rotary on kansainv\u00e4linen liikeRotaryn syntytarinaRotaryn tarina alkoi yli 110 vuotta sitten. Se sai alkunsa chicagolaisen liikemiehen, Paul Harrisin, ajatuksesta parantaa kaupungin liikemoraalia ja vaihtaa ajatuksia yhteis\u00f6n kehitt\u00e4miseksi, uuden oppimiseksi ja yst\u00e4vyyden lujittamiseksi. Rotaryn perustaja Paul Harris kutsui 23. helmikuuta 1905 kolme muuta chicagolaista liikemiest\u00e4 perustavaan kokoukseen. Jo vuonna 1910 toiminta-ajatus laajentui ymp\u00e4r\u00f6iv\u00e4n yhteiskunnan kehitt\u00e4miseksi ja [&hellip;]<\/p>\n","protected":false},"author":314,"featured_media":0,"parent":0,"menu_order":0,"comment_status":"closed","ping_status":"closed","template":"","meta":{"_acf_changed":false,"_et_pb_use_builder":"on","_et_pb_old_content":"","_et_gb_content_width":"","footnotes":""},"class_list":["post-1808","page","type-page","status-publish","hentry"],"acf":[],"yoast_head":"<!-- This site is optimized with the Yoast SEO plugin v27.4 - https:\/\/yoast.com\/product\/yoast-seo-wordpress\/ -->\n<title>Mik\u00e4 on Rotary - Lappeenranta Saimaa Rotaryklubi<\/title>\n<meta name=\"robots\" content=\"index, follow, max-snippet:-1, max-image-preview:large, max-video-preview:-1\" \/>\n<link rel=\"canonical\" href=\"https:\/\/rotary.fi\/lappeenrantasaimaa\/mika-on-rotary\/\" \/>\n<meta property=\"og:locale\" content=\"fi_FI\" \/>\n<meta property=\"og:type\" content=\"article\" \/>\n<meta property=\"og:title\" content=\"Mik\u00e4 on Rotary - Lappeenranta Saimaa Rotaryklubi\" \/>\n<meta property=\"og:description\" content=\"Rotary on kansainv\u00e4linen liikeRotaryn syntytarinaRotaryn tarina alkoi yli 110 vuotta sitten. Se sai alkunsa chicagolaisen liikemiehen, Paul Harrisin, ajatuksesta parantaa kaupungin liikemoraalia ja vaihtaa ajatuksia yhteis\u00f6n kehitt\u00e4miseksi, uuden oppimiseksi ja yst\u00e4vyyden lujittamiseksi. Rotaryn perustaja Paul Harris kutsui 23. helmikuuta 1905 kolme muuta chicagolaista liikemiest\u00e4 perustavaan kokoukseen. Jo vuonna 1910 toiminta-ajatus laajentui ymp\u00e4r\u00f6iv\u00e4n yhteiskunnan kehitt\u00e4miseksi ja [&hellip;]\" \/>\n<meta property=\"og:url\" content=\"https:\/\/rotary.fi\/lappeenrantasaimaa\/mika-on-rotary\/\" \/>\n<meta property=\"og:site_name\" content=\"Lappeenranta Saimaa Rotaryklubi\" \/>\n<meta property=\"article:modified_time\" content=\"2020-01-26T17:49:07+00:00\" \/>\n<meta name=\"twitter:card\" content=\"summary_large_image\" \/>\n<meta name=\"twitter:label1\" content=\"Arvioitu lukuaika\" \/>\n\t<meta name=\"twitter:data1\" content=\"2 minuuttia\" \/>\n<script type=\"application\/ld+json\" class=\"yoast-schema-graph\">{\"@context\":\"https:\\\/\\\/schema.org\",\"@graph\":[{\"@type\":\"WebPage\",\"@id\":\"https:\\\/\\\/rotary.fi\\\/lappeenrantasaimaa\\\/mika-on-rotary\\\/\",\"url\":\"https:\\\/\\\/rotary.fi\\\/lappeenrantasaimaa\\\/mika-on-rotary\\\/\",\"name\":\"Mik\u00e4 on Rotary - Lappeenranta Saimaa Rotaryklubi\",\"isPartOf\":{\"@id\":\"https:\\\/\\\/rotary.fi\\\/lappeenrantasaimaa\\\/#website\"},\"datePublished\":\"2020-01-20T07:55:58+00:00\",\"dateModified\":\"2020-01-26T17:49:07+00:00\",\"breadcrumb\":{\"@id\":\"https:\\\/\\\/rotary.fi\\\/lappeenrantasaimaa\\\/mika-on-rotary\\\/#breadcrumb\"},\"inLanguage\":\"fi\",\"potentialAction\":[{\"@type\":\"ReadAction\",\"target\":[\"https:\\\/\\\/rotary.fi\\\/lappeenrantasaimaa\\\/mika-on-rotary\\\/\"]}]},{\"@type\":\"BreadcrumbList\",\"@id\":\"https:\\\/\\\/rotary.fi\\\/lappeenrantasaimaa\\\/mika-on-rotary\\\/#breadcrumb\",\"itemListElement\":[{\"@type\":\"ListItem\",\"position\":1,\"name\":\"Home\",\"item\":\"https:\\\/\\\/rotary.fi\\\/lappeenrantasaimaa\\\/\"},{\"@type\":\"ListItem\",\"position\":2,\"name\":\"Mik\u00e4 on Rotary\"}]},{\"@type\":\"WebSite\",\"@id\":\"https:\\\/\\\/rotary.fi\\\/lappeenrantasaimaa\\\/#website\",\"url\":\"https:\\\/\\\/rotary.fi\\\/lappeenrantasaimaa\\\/\",\"name\":\"Lappeenranta Saimaa Rotaryklubi\",\"description\":\"Uusi Rotary klubisivusto\",\"potentialAction\":[{\"@type\":\"SearchAction\",\"target\":{\"@type\":\"EntryPoint\",\"urlTemplate\":\"https:\\\/\\\/rotary.fi\\\/lappeenrantasaimaa\\\/?s={search_term_string}\"},\"query-input\":{\"@type\":\"PropertyValueSpecification\",\"valueRequired\":true,\"valueName\":\"search_term_string\"}}],\"inLanguage\":\"fi\"}]}<\/script>\n<!-- \/ Yoast SEO plugin. -->","yoast_head_json":{"title":"Mik\u00e4 on Rotary - Lappeenranta Saimaa Rotaryklubi","robots":{"index":"index","follow":"follow","max-snippet":"max-snippet:-1","max-image-preview":"max-image-preview:large","max-video-preview":"max-video-preview:-1"},"canonical":"https:\/\/rotary.fi\/lappeenrantasaimaa\/mika-on-rotary\/","og_locale":"fi_FI","og_type":"article","og_title":"Mik\u00e4 on Rotary - Lappeenranta Saimaa Rotaryklubi","og_description":"Rotary on kansainv\u00e4linen liikeRotaryn syntytarinaRotaryn tarina alkoi yli 110 vuotta sitten. Se sai alkunsa chicagolaisen liikemiehen, Paul Harrisin, ajatuksesta parantaa kaupungin liikemoraalia ja vaihtaa ajatuksia yhteis\u00f6n kehitt\u00e4miseksi, uuden oppimiseksi ja yst\u00e4vyyden lujittamiseksi. Rotaryn perustaja Paul Harris kutsui 23. helmikuuta 1905 kolme muuta chicagolaista liikemiest\u00e4 perustavaan kokoukseen. Jo vuonna 1910 toiminta-ajatus laajentui ymp\u00e4r\u00f6iv\u00e4n yhteiskunnan kehitt\u00e4miseksi ja [&hellip;]","og_url":"https:\/\/rotary.fi\/lappeenrantasaimaa\/mika-on-rotary\/","og_site_name":"Lappeenranta Saimaa Rotaryklubi","article_modified_time":"2020-01-26T17:49:07+00:00","twitter_card":"summary_large_image","twitter_misc":{"Arvioitu lukuaika":"2 minuuttia"},"schema":{"@context":"https:\/\/schema.org","@graph":[{"@type":"WebPage","@id":"https:\/\/rotary.fi\/lappeenrantasaimaa\/mika-on-rotary\/","url":"https:\/\/rotary.fi\/lappeenrantasaimaa\/mika-on-rotary\/","name":"Mik\u00e4 on Rotary - Lappeenranta Saimaa Rotaryklubi","isPartOf":{"@id":"https:\/\/rotary.fi\/lappeenrantasaimaa\/#website"},"datePublished":"2020-01-20T07:55:58+00:00","dateModified":"2020-01-26T17:49:07+00:00","breadcrumb":{"@id":"https:\/\/rotary.fi\/lappeenrantasaimaa\/mika-on-rotary\/#breadcrumb"},"inLanguage":"fi","potentialAction":[{"@type":"ReadAction","target":["https:\/\/rotary.fi\/lappeenrantasaimaa\/mika-on-rotary\/"]}]},{"@type":"BreadcrumbList","@id":"https:\/\/rotary.fi\/lappeenrantasaimaa\/mika-on-rotary\/#breadcrumb","itemListElement":[{"@type":"ListItem","position":1,"name":"Home","item":"https:\/\/rotary.fi\/lappeenrantasaimaa\/"},{"@type":"ListItem","position":2,"name":"Mik\u00e4 on Rotary"}]},{"@type":"WebSite","@id":"https:\/\/rotary.fi\/lappeenrantasaimaa\/#website","url":"https:\/\/rotary.fi\/lappeenrantasaimaa\/","name":"Lappeenranta Saimaa Rotaryklubi","description":"Uusi Rotary klubisivusto","potentialAction":[{"@type":"SearchAction","target":{"@type":"EntryPoint","urlTemplate":"https:\/\/rotary.fi\/lappeenrantasaimaa\/?s={search_term_string}"},"query-input":{"@type":"PropertyValueSpecification","valueRequired":true,"valueName":"search_term_string"}}],"inLanguage":"fi"}]}},"lang":"fi","translations":{"fi":1808},"pll_sync_post":[],"_links":{"self":[{"href":"https:\/\/rotary.fi\/lappeenrantasaimaa\/wp-json\/wp\/v2\/pages\/1808","targetHints":{"allow":["GET"]}}],"collection":[{"href":"https:\/\/rotary.fi\/lappeenrantasaimaa\/wp-json\/wp\/v2\/pages"}],"about":[{"href":"https:\/\/rotary.fi\/lappeenrantasaimaa\/wp-json\/wp\/v2\/types\/page"}],"author":[{"embeddable":true,"href":"https:\/\/rotary.fi\/lappeenrantasaimaa\/wp-json\/wp\/v2\/users\/314"}],"replies":[{"embeddable":true,"href":"https:\/\/rotary.fi\/lappeenrantasaimaa\/wp-json\/wp\/v2\/comments?post=1808"}],"version-history":[{"count":9,"href":"https:\/\/rotary.fi\/lappeenrantasaimaa\/wp-json\/wp\/v2\/pages\/1808\/revisions"}],"predecessor-version":[{"id":2302,"href":"https:\/\/rotary.fi\/lappeenrantasaimaa\/wp-json\/wp\/v2\/pages\/1808\/revisions\/2302"}],"wp:attachment":[{"href":"https:\/\/rotary.fi\/lappeenrantasaimaa\/wp-json\/wp\/v2\/media?parent=1808"}],"curies":[{"name":"wp","href":"https:\/\/api.w.org\/{rel}","templated":true}]}}