{"id":1789,"date":"2020-01-20T08:31:49","date_gmt":"2020-01-20T06:31:49","guid":{"rendered":"https:\/\/rotary.fi\/lappeenrantasaimaa\/?page_id=1789"},"modified":"2020-01-27T15:36:45","modified_gmt":"2020-01-27T13:36:45","slug":"nuorisovaihto","status":"publish","type":"page","link":"https:\/\/rotary.fi\/lappeenrantasaimaa\/nuorisovaihto\/","title":{"rendered":"Nuorisovaihto"},"content":{"rendered":"<p>[et_pb_section fb_built=&#8221;1&#8243; module_class=&#8221;jumbotron-page&#8221; _builder_version=&#8221;4.1&#8243; background_image=&#8221;https:\/\/rotary.fi\/lappeenrantasaimaa\/wp-content\/uploads\/sites\/51\/2020\/01\/20190831-dsc04336.jpg&#8221; background_position=&#8221;top_center&#8221;][et_pb_row _builder_version=&#8221;3.25&#8243; background_size=&#8221;initial&#8221; background_position=&#8221;top_left&#8221; background_repeat=&#8221;repeat&#8221;][et_pb_column type=&#8221;4_4&#8243; _builder_version=&#8221;3.25&#8243; custom_padding=&#8221;|||&#8221; custom_padding__hover=&#8221;|||&#8221;][et_pb_text admin_label=&#8221;P\u00e4\u00e4otsikko&#8221; _builder_version=&#8221;4.1&#8243; text_orientation=&#8221;center&#8221; background_layout=&#8221;dark&#8221;]<\/p>\n<h1>Olemme l\u00e4hett\u00e4neet maailmalle jo <br \/>yli 100 nuorta<\/h1>\n<p>[\/et_pb_text][\/et_pb_column][\/et_pb_row][\/et_pb_section][et_pb_section fb_built=&#8221;1&#8243; specialty=&#8221;on&#8221; module_class_2=&#8221;sivupalkki&#8221; _builder_version=&#8221;3.22&#8243;][et_pb_column type=&#8221;2_3&#8243; specialty_columns=&#8221;2&#8243; _builder_version=&#8221;3.25&#8243; custom_padding=&#8221;|||&#8221; custom_padding__hover=&#8221;|||&#8221;][et_pb_row_inner admin_label=&#8221;Rivi&#8221; _builder_version=&#8221;3.25&#8243;][et_pb_column_inner saved_specialty_column_type=&#8221;2_3&#8243; _builder_version=&#8221;3.25&#8243; custom_padding=&#8221;|||&#8221; custom_padding__hover=&#8221;|||&#8221;][et_pb_text admin_label=&#8221;Otsikko ennen teksti\u00e4 &#8211; Tule mukaan&#8221; _builder_version=&#8221;4.1&#8243; text_orientation=&#8221;center&#8221;]<\/p>\n<h1>Edullinen &#8211; monipuolinen &#8211; turvallinen\u00a0<\/h1>\n<p>[\/et_pb_text][et_pb_text _builder_version=&#8221;4.1&#8243;]<\/p>\n<p>Nuorisovaihto on rotareiden tunnetuimpia ohjelmia. Vuosittain yli 8 000 oppilasta maailmanlaajuisesti tutustuu rotareiden kautta erilaiseen kulttuuriin joko muutaman viikon leirill\u00e4 tai viett\u00e4m\u00e4ll\u00e4 kokonaisen kouluvuoden ulkomailla. Vaihtoon voivat hakeutua kaikki sopivan ik\u00e4iset nuoret, my\u00f6s rotareiden lapset.Edullinen<\/p>\n<p><strong>Edullinen<\/strong><br \/> Rotaryvaihto, joka perustuu vapaehtoisuusty\u00f6h\u00f6n, on edullisin l\u00e4hte\u00e4 vaihtoon. Maksat vain koulutukset, matkat, rotarytakin ja vakuutuksen. Perill\u00e4 asuminen ja koulunk\u00e4ynti on ilmaista. Jos haluat ottaa osaa perill\u00e4 j\u00e4rjestett\u00e4viin vapaaehtoisiin matkoin, ne maksat itse.\u00a0<\/p>\n<p><strong>Monipuolinen<br \/> <\/strong>Valittavanasi on kolme eri vaihtomuotoa n. 20 eri maassa. Vuosivaihdossa k\u00e4yt vuoden koulua vieraassa maassa. Kes\u00e4vaihdossa viet\u00e4t kuukauden ulkolaisessa perheess\u00e4. Ja leirivaihdossa viet\u00e4t viikon jossain perheess\u00e4 ja toisen viikon muiden nuorten kanssa teemaleirill\u00e4.<\/p>\n<p><strong>Turvallinen<br \/> <\/strong>Rotarypiirimme on Rotary Internationalin sertifioima vaihdonj\u00e4rjest\u00e4j\u00e4. Koulutamme sinut, is\u00e4nt\u00e4perheet ja vaihtoa hoitavat rotarit. Seuraamme vaihtosi edistymist\u00e4 ja autamme tarvittaessa vahdon aikana.<\/p>\n<p>[\/et_pb_text][\/et_pb_column_inner][\/et_pb_row_inner][\/et_pb_column][et_pb_column type=&#8221;1_3&#8243; _builder_version=&#8221;3.25&#8243; custom_padding=&#8221;|||&#8221; custom_padding__hover=&#8221;|||&#8221;][et_pb_sidebar area=&#8221;sidebar-1&#8243; module_class=&#8221;sivupalkki_sisalto&#8221; _builder_version=&#8221;3.4.1&#8243; locked=&#8221;on&#8221;][\/et_pb_sidebar][\/et_pb_column][\/et_pb_section]<\/p>\n","protected":false},"excerpt":{"rendered":"<p>Olemme l\u00e4hett\u00e4neet maailmalle jo yli 100 nuortaEdullinen &#8211; monipuolinen &#8211; turvallinen\u00a0Nuorisovaihto on rotareiden tunnetuimpia ohjelmia. Vuosittain yli 8 000 oppilasta maailmanlaajuisesti tutustuu rotareiden kautta erilaiseen kulttuuriin joko muutaman viikon leirill\u00e4 tai viett\u00e4m\u00e4ll\u00e4 kokonaisen kouluvuoden ulkomailla. Vaihtoon voivat hakeutua kaikki sopivan ik\u00e4iset nuoret, my\u00f6s rotareiden lapset.Edullinen Edullinen Rotaryvaihto, joka perustuu vapaehtoisuusty\u00f6h\u00f6n, on edullisin l\u00e4hte\u00e4 vaihtoon. Maksat [&hellip;]<\/p>\n","protected":false},"author":314,"featured_media":0,"parent":0,"menu_order":0,"comment_status":"closed","ping_status":"closed","template":"","meta":{"_acf_changed":false,"_et_pb_use_builder":"on","_et_pb_old_content":"","_et_gb_content_width":"","footnotes":""},"class_list":["post-1789","page","type-page","status-publish","hentry"],"acf":[],"yoast_head":"<!-- This site is optimized with the Yoast SEO plugin v27.4 - https:\/\/yoast.com\/product\/yoast-seo-wordpress\/ -->\n<title>Nuorisovaihto - Lappeenranta Saimaa Rotaryklubi<\/title>\n<meta name=\"robots\" content=\"index, follow, max-snippet:-1, max-image-preview:large, max-video-preview:-1\" \/>\n<link rel=\"canonical\" href=\"https:\/\/rotary.fi\/lappeenrantasaimaa\/nuorisovaihto\/\" \/>\n<meta property=\"og:locale\" content=\"fi_FI\" \/>\n<meta property=\"og:type\" content=\"article\" \/>\n<meta property=\"og:title\" content=\"Nuorisovaihto - Lappeenranta Saimaa Rotaryklubi\" \/>\n<meta property=\"og:description\" content=\"Olemme l\u00e4hett\u00e4neet maailmalle jo yli 100 nuortaEdullinen - monipuolinen - turvallinen\u00a0Nuorisovaihto on rotareiden tunnetuimpia ohjelmia. Vuosittain yli 8 000 oppilasta maailmanlaajuisesti tutustuu rotareiden kautta erilaiseen kulttuuriin joko muutaman viikon leirill\u00e4 tai viett\u00e4m\u00e4ll\u00e4 kokonaisen kouluvuoden ulkomailla. Vaihtoon voivat hakeutua kaikki sopivan ik\u00e4iset nuoret, my\u00f6s rotareiden lapset.Edullinen Edullinen Rotaryvaihto, joka perustuu vapaehtoisuusty\u00f6h\u00f6n, on edullisin l\u00e4hte\u00e4 vaihtoon. Maksat [&hellip;]\" \/>\n<meta property=\"og:url\" content=\"https:\/\/rotary.fi\/lappeenrantasaimaa\/nuorisovaihto\/\" \/>\n<meta property=\"og:site_name\" content=\"Lappeenranta Saimaa Rotaryklubi\" \/>\n<meta property=\"article:modified_time\" content=\"2020-01-27T13:36:45+00:00\" \/>\n<meta name=\"twitter:card\" content=\"summary_large_image\" \/>\n<meta name=\"twitter:label1\" content=\"Arvioitu lukuaika\" \/>\n\t<meta name=\"twitter:data1\" content=\"2 minuuttia\" \/>\n<script type=\"application\/ld+json\" class=\"yoast-schema-graph\">{\"@context\":\"https:\\\/\\\/schema.org\",\"@graph\":[{\"@type\":\"WebPage\",\"@id\":\"https:\\\/\\\/rotary.fi\\\/lappeenrantasaimaa\\\/nuorisovaihto\\\/\",\"url\":\"https:\\\/\\\/rotary.fi\\\/lappeenrantasaimaa\\\/nuorisovaihto\\\/\",\"name\":\"Nuorisovaihto - Lappeenranta Saimaa Rotaryklubi\",\"isPartOf\":{\"@id\":\"https:\\\/\\\/rotary.fi\\\/lappeenrantasaimaa\\\/#website\"},\"datePublished\":\"2020-01-20T06:31:49+00:00\",\"dateModified\":\"2020-01-27T13:36:45+00:00\",\"breadcrumb\":{\"@id\":\"https:\\\/\\\/rotary.fi\\\/lappeenrantasaimaa\\\/nuorisovaihto\\\/#breadcrumb\"},\"inLanguage\":\"fi\",\"potentialAction\":[{\"@type\":\"ReadAction\",\"target\":[\"https:\\\/\\\/rotary.fi\\\/lappeenrantasaimaa\\\/nuorisovaihto\\\/\"]}]},{\"@type\":\"BreadcrumbList\",\"@id\":\"https:\\\/\\\/rotary.fi\\\/lappeenrantasaimaa\\\/nuorisovaihto\\\/#breadcrumb\",\"itemListElement\":[{\"@type\":\"ListItem\",\"position\":1,\"name\":\"Home\",\"item\":\"https:\\\/\\\/rotary.fi\\\/lappeenrantasaimaa\\\/\"},{\"@type\":\"ListItem\",\"position\":2,\"name\":\"Nuorisovaihto\"}]},{\"@type\":\"WebSite\",\"@id\":\"https:\\\/\\\/rotary.fi\\\/lappeenrantasaimaa\\\/#website\",\"url\":\"https:\\\/\\\/rotary.fi\\\/lappeenrantasaimaa\\\/\",\"name\":\"Lappeenranta Saimaa Rotaryklubi\",\"description\":\"Uusi Rotary klubisivusto\",\"potentialAction\":[{\"@type\":\"SearchAction\",\"target\":{\"@type\":\"EntryPoint\",\"urlTemplate\":\"https:\\\/\\\/rotary.fi\\\/lappeenrantasaimaa\\\/?s={search_term_string}\"},\"query-input\":{\"@type\":\"PropertyValueSpecification\",\"valueRequired\":true,\"valueName\":\"search_term_string\"}}],\"inLanguage\":\"fi\"}]}<\/script>\n<!-- \/ Yoast SEO plugin. -->","yoast_head_json":{"title":"Nuorisovaihto - Lappeenranta Saimaa Rotaryklubi","robots":{"index":"index","follow":"follow","max-snippet":"max-snippet:-1","max-image-preview":"max-image-preview:large","max-video-preview":"max-video-preview:-1"},"canonical":"https:\/\/rotary.fi\/lappeenrantasaimaa\/nuorisovaihto\/","og_locale":"fi_FI","og_type":"article","og_title":"Nuorisovaihto - Lappeenranta Saimaa Rotaryklubi","og_description":"Olemme l\u00e4hett\u00e4neet maailmalle jo yli 100 nuortaEdullinen - monipuolinen - turvallinen\u00a0Nuorisovaihto on rotareiden tunnetuimpia ohjelmia. Vuosittain yli 8 000 oppilasta maailmanlaajuisesti tutustuu rotareiden kautta erilaiseen kulttuuriin joko muutaman viikon leirill\u00e4 tai viett\u00e4m\u00e4ll\u00e4 kokonaisen kouluvuoden ulkomailla. Vaihtoon voivat hakeutua kaikki sopivan ik\u00e4iset nuoret, my\u00f6s rotareiden lapset.Edullinen Edullinen Rotaryvaihto, joka perustuu vapaehtoisuusty\u00f6h\u00f6n, on edullisin l\u00e4hte\u00e4 vaihtoon. Maksat [&hellip;]","og_url":"https:\/\/rotary.fi\/lappeenrantasaimaa\/nuorisovaihto\/","og_site_name":"Lappeenranta Saimaa Rotaryklubi","article_modified_time":"2020-01-27T13:36:45+00:00","twitter_card":"summary_large_image","twitter_misc":{"Arvioitu lukuaika":"2 minuuttia"},"schema":{"@context":"https:\/\/schema.org","@graph":[{"@type":"WebPage","@id":"https:\/\/rotary.fi\/lappeenrantasaimaa\/nuorisovaihto\/","url":"https:\/\/rotary.fi\/lappeenrantasaimaa\/nuorisovaihto\/","name":"Nuorisovaihto - Lappeenranta Saimaa Rotaryklubi","isPartOf":{"@id":"https:\/\/rotary.fi\/lappeenrantasaimaa\/#website"},"datePublished":"2020-01-20T06:31:49+00:00","dateModified":"2020-01-27T13:36:45+00:00","breadcrumb":{"@id":"https:\/\/rotary.fi\/lappeenrantasaimaa\/nuorisovaihto\/#breadcrumb"},"inLanguage":"fi","potentialAction":[{"@type":"ReadAction","target":["https:\/\/rotary.fi\/lappeenrantasaimaa\/nuorisovaihto\/"]}]},{"@type":"BreadcrumbList","@id":"https:\/\/rotary.fi\/lappeenrantasaimaa\/nuorisovaihto\/#breadcrumb","itemListElement":[{"@type":"ListItem","position":1,"name":"Home","item":"https:\/\/rotary.fi\/lappeenrantasaimaa\/"},{"@type":"ListItem","position":2,"name":"Nuorisovaihto"}]},{"@type":"WebSite","@id":"https:\/\/rotary.fi\/lappeenrantasaimaa\/#website","url":"https:\/\/rotary.fi\/lappeenrantasaimaa\/","name":"Lappeenranta Saimaa Rotaryklubi","description":"Uusi Rotary klubisivusto","potentialAction":[{"@type":"SearchAction","target":{"@type":"EntryPoint","urlTemplate":"https:\/\/rotary.fi\/lappeenrantasaimaa\/?s={search_term_string}"},"query-input":{"@type":"PropertyValueSpecification","valueRequired":true,"valueName":"search_term_string"}}],"inLanguage":"fi"}]}},"lang":"fi","translations":{"fi":1789},"pll_sync_post":[],"_links":{"self":[{"href":"https:\/\/rotary.fi\/lappeenrantasaimaa\/wp-json\/wp\/v2\/pages\/1789","targetHints":{"allow":["GET"]}}],"collection":[{"href":"https:\/\/rotary.fi\/lappeenrantasaimaa\/wp-json\/wp\/v2\/pages"}],"about":[{"href":"https:\/\/rotary.fi\/lappeenrantasaimaa\/wp-json\/wp\/v2\/types\/page"}],"author":[{"embeddable":true,"href":"https:\/\/rotary.fi\/lappeenrantasaimaa\/wp-json\/wp\/v2\/users\/314"}],"replies":[{"embeddable":true,"href":"https:\/\/rotary.fi\/lappeenrantasaimaa\/wp-json\/wp\/v2\/comments?post=1789"}],"version-history":[{"count":11,"href":"https:\/\/rotary.fi\/lappeenrantasaimaa\/wp-json\/wp\/v2\/pages\/1789\/revisions"}],"predecessor-version":[{"id":2325,"href":"https:\/\/rotary.fi\/lappeenrantasaimaa\/wp-json\/wp\/v2\/pages\/1789\/revisions\/2325"}],"wp:attachment":[{"href":"https:\/\/rotary.fi\/lappeenrantasaimaa\/wp-json\/wp\/v2\/media?parent=1789"}],"curies":[{"name":"wp","href":"https:\/\/api.w.org\/{rel}","templated":true}]}}