{"id":1783,"date":"2020-01-20T07:53:28","date_gmt":"2020-01-20T05:53:28","guid":{"rendered":"https:\/\/rotary.fi\/lappeenrantasaimaa\/?page_id=1783"},"modified":"2020-01-28T21:54:36","modified_gmt":"2020-01-28T19:54:36","slug":"shelterbox","status":"publish","type":"page","link":"https:\/\/rotary.fi\/lappeenrantasaimaa\/toiminta\/shelterbox\/","title":{"rendered":"ShelterBox"},"content":{"rendered":"<p>[et_pb_section fb_built=&#8221;1&#8243; module_class=&#8221;jumbotron-page&#8221; _builder_version=&#8221;4.1&#8243; background_image=&#8221;https:\/\/rotary.fi\/lappeenrantasaimaa\/wp-content\/uploads\/sites\/51\/2020\/01\/83125800_2530715347173983_2979103489621229568_o.jpg&#8221; hover_enabled=&#8221;0&#8243;][et_pb_row _builder_version=&#8221;3.25&#8243; background_size=&#8221;initial&#8221; background_position=&#8221;top_left&#8221; background_repeat=&#8221;repeat&#8221;][et_pb_column type=&#8221;4_4&#8243; _builder_version=&#8221;3.25&#8243; custom_padding=&#8221;|||&#8221; custom_padding__hover=&#8221;|||&#8221;][et_pb_text admin_label=&#8221;P\u00e4\u00e4otsikko&#8221; _builder_version=&#8221;4.1&#8243; text_orientation=&#8221;center&#8221; background_layout=&#8221;dark&#8221;]<\/p>\n<h1>ShelterBoxeilla pika-apua maailman katastrofialueille<\/h1>\n<p>[\/et_pb_text][\/et_pb_column][\/et_pb_row][\/et_pb_section][et_pb_section fb_built=&#8221;1&#8243; specialty=&#8221;on&#8221; module_class_2=&#8221;sivupalkki&#8221; _builder_version=&#8221;3.22&#8243;][et_pb_column type=&#8221;2_3&#8243; specialty_columns=&#8221;2&#8243; _builder_version=&#8221;3.25&#8243; custom_padding=&#8221;|||&#8221; custom_padding__hover=&#8221;|||&#8221;][et_pb_row_inner admin_label=&#8221;Rivi&#8221; _builder_version=&#8221;3.25&#8243;][et_pb_column_inner saved_specialty_column_type=&#8221;2_3&#8243; _builder_version=&#8221;3.25&#8243; custom_padding=&#8221;|||&#8221; custom_padding__hover=&#8221;|||&#8221;][et_pb_text admin_label=&#8221;Otsikko&#8221; _builder_version=&#8221;4.1&#8243; text_orientation=&#8221;center&#8221;]<\/p>\n<h1>ShelterBox<\/h1>\n<p>[\/et_pb_text][et_pb_text _builder_version=&#8221;4.1&#8243;]<\/p>\n<p><img loading=\"lazy\" decoding=\"async\" src=\"https:\/\/rotary.fi\/lappeenrantasaimaa\/wp-content\/uploads\/sites\/51\/2020\/01\/shelterbox-logo-300x209.jpg\" width=\"300\" height=\"209\" alt=\"\" class=\"wp-image-2104 alignnone size-medium\" srcset=\"https:\/\/rotary.fi\/lappeenrantasaimaa\/wp-content\/uploads\/sites\/51\/2020\/01\/shelterbox-logo-300x209.jpg 300w, https:\/\/rotary.fi\/lappeenrantasaimaa\/wp-content\/uploads\/sites\/51\/2020\/01\/shelterbox-logo.jpg 480w\" sizes=\"(max-width: 300px) 100vw, 300px\" \/>\u00a0\u00a0<img loading=\"lazy\" decoding=\"async\" src=\"https:\/\/rotary.fi\/lappeenrantasaimaa\/wp-content\/uploads\/sites\/51\/2020\/01\/shelterbox-300x225.jpg\" width=\"300\" height=\"225\" alt=\"\" class=\"wp-image-2105 alignnone size-medium\" srcset=\"https:\/\/rotary.fi\/lappeenrantasaimaa\/wp-content\/uploads\/sites\/51\/2020\/01\/shelterbox-300x225.jpg 300w, https:\/\/rotary.fi\/lappeenrantasaimaa\/wp-content\/uploads\/sites\/51\/2020\/01\/shelterbox.jpg 430w\" sizes=\"(max-width: 300px) 100vw, 300px\" \/><\/p>\n<p>&nbsp;<\/p>\n<p>ShelterBox on Iso-Britanniassa vuonna 2000 rotarien perustama hyv\u00e4ntekev\u00e4isyysj\u00e4rjest\u00f6. ShelterBoxin avustustoiminnasta Suomessa vastaa sen virallinen alaj\u00e4rjest\u00f6 ShelterBox Suomi. J\u00e4rjest\u00f6n teht\u00e4viin kuuluu h\u00e4t\u00e4majoitusten ja niihin liittyvien varustetoimitusten j\u00e4rjest\u00e4minen luonnonkatastrofeista tai humanitaarisista kriiseist\u00e4 k\u00e4rsiviin kohteisiin eri puolille maailmaa.<\/p>\n<p>Nimens\u00e4 j\u00e4rjest\u00f6 on saanut vihre\u00e4st\u00e4 muovilaatikosta, shelter boxista. Laatikko sis\u00e4lt\u00e4\u00e4 teltan, lieden, huopia, hyttysverkkoja, ty\u00f6kaluja ja tarvikkeita, muun muassa astioita ja vedenpuhdistimen. J\u00e4rjest\u00f6 hankkii ja toimittaa el\u00e4m\u00e4n perusedellytykset takaavat laatikot avustuskohteisiin. Tilap\u00e4isen kodin turvin katastrofista k\u00e4rsineet perheet saavat alun ja tukea uudelle el\u00e4m\u00e4lleen.<\/p>\n<p>Rotary International ja Rotarys\u00e4\u00e4ti\u00f6 suosittelevat ShelterBox-j\u00e4rjest\u00f6n toimintaa. J\u00e4rjest\u00f6\u00f6n voi liitty\u00e4 my\u00f6s henkil\u00f6j\u00e4seneksi.<\/p>\n<p>Lis\u00e4tietoja j\u00e4rjest\u00f6n Suomen toiminnasta: <span><a href=\"http:\/\/www.shelterboxtuki.fi\">www.shelterboxtuki.fi<\/a><\/span><\/p>\n<p><span><img loading=\"lazy\" decoding=\"async\" src=\"https:\/\/rotary.fi\/lappeenrantasaimaa\/wp-content\/uploads\/sites\/51\/2020\/01\/boxin-sisalto-300x126.jpg\" width=\"610\" height=\"256\" alt=\"\" class=\"wp-image-2106 alignnone size-medium\" \/><\/span><\/p>\n<p>[\/et_pb_text][\/et_pb_column_inner][\/et_pb_row_inner][\/et_pb_column][et_pb_column type=&#8221;1_3&#8243; _builder_version=&#8221;3.25&#8243; custom_padding=&#8221;|||&#8221; custom_padding__hover=&#8221;|||&#8221;][et_pb_sidebar area=&#8221;sidebar-1&#8243; module_class=&#8221;sivupalkki_sisalto&#8221; _builder_version=&#8221;3.4.1&#8243; locked=&#8221;on&#8221;]<br \/>\n[\/et_pb_sidebar][\/et_pb_column][\/et_pb_section]<\/p>\n","protected":false},"excerpt":{"rendered":"<p>ShelterBoxeilla pika-apua maailman katastrofialueilleShelterBox\u00a0\u00a0 &nbsp; ShelterBox on Iso-Britanniassa vuonna 2000 rotarien perustama hyv\u00e4ntekev\u00e4isyysj\u00e4rjest\u00f6. ShelterBoxin avustustoiminnasta Suomessa vastaa sen virallinen alaj\u00e4rjest\u00f6 ShelterBox Suomi. J\u00e4rjest\u00f6n teht\u00e4viin kuuluu h\u00e4t\u00e4majoitusten ja niihin liittyvien varustetoimitusten j\u00e4rjest\u00e4minen luonnonkatastrofeista tai humanitaarisista kriiseist\u00e4 k\u00e4rsiviin kohteisiin eri puolille maailmaa. Nimens\u00e4 j\u00e4rjest\u00f6 on saanut vihre\u00e4st\u00e4 muovilaatikosta, shelter boxista. Laatikko sis\u00e4lt\u00e4\u00e4 teltan, lieden, huopia, hyttysverkkoja, ty\u00f6kaluja [&hellip;]<\/p>\n","protected":false},"author":314,"featured_media":0,"parent":1770,"menu_order":0,"comment_status":"closed","ping_status":"closed","template":"","meta":{"_acf_changed":false,"_et_pb_use_builder":"on","_et_pb_old_content":"","_et_gb_content_width":"","footnotes":""},"class_list":["post-1783","page","type-page","status-publish","hentry"],"acf":[],"yoast_head":"<!-- This site is optimized with the Yoast SEO plugin v27.0 - https:\/\/yoast.com\/product\/yoast-seo-wordpress\/ -->\n<title>ShelterBox - Lappeenranta Saimaa Rotaryklubi<\/title>\n<meta name=\"robots\" content=\"index, follow, max-snippet:-1, max-image-preview:large, max-video-preview:-1\" \/>\n<link rel=\"canonical\" href=\"https:\/\/rotary.fi\/lappeenrantasaimaa\/toiminta\/shelterbox\/\" \/>\n<meta property=\"og:locale\" content=\"fi_FI\" \/>\n<meta property=\"og:type\" content=\"article\" \/>\n<meta property=\"og:title\" content=\"ShelterBox - Lappeenranta Saimaa Rotaryklubi\" \/>\n<meta property=\"og:description\" content=\"ShelterBoxeilla pika-apua maailman katastrofialueilleShelterBox\u00a0\u00a0 &nbsp; ShelterBox on Iso-Britanniassa vuonna 2000 rotarien perustama hyv\u00e4ntekev\u00e4isyysj\u00e4rjest\u00f6. ShelterBoxin avustustoiminnasta Suomessa vastaa sen virallinen alaj\u00e4rjest\u00f6 ShelterBox Suomi. J\u00e4rjest\u00f6n teht\u00e4viin kuuluu h\u00e4t\u00e4majoitusten ja niihin liittyvien varustetoimitusten j\u00e4rjest\u00e4minen luonnonkatastrofeista tai humanitaarisista kriiseist\u00e4 k\u00e4rsiviin kohteisiin eri puolille maailmaa. Nimens\u00e4 j\u00e4rjest\u00f6 on saanut vihre\u00e4st\u00e4 muovilaatikosta, shelter boxista. Laatikko sis\u00e4lt\u00e4\u00e4 teltan, lieden, huopia, hyttysverkkoja, ty\u00f6kaluja [&hellip;]\" \/>\n<meta property=\"og:url\" content=\"https:\/\/rotary.fi\/lappeenrantasaimaa\/toiminta\/shelterbox\/\" \/>\n<meta property=\"og:site_name\" content=\"Lappeenranta Saimaa Rotaryklubi\" \/>\n<meta property=\"article:modified_time\" content=\"2020-01-28T19:54:36+00:00\" \/>\n<meta property=\"og:image\" content=\"https:\/\/rotary.fi\/lappeenrantasaimaa\/wp-content\/uploads\/sites\/51\/2020\/01\/shelterbox-logo-300x209.jpg\" \/>\n<meta name=\"twitter:card\" content=\"summary_large_image\" \/>\n<meta name=\"twitter:label1\" content=\"Arvioitu lukuaika\" \/>\n\t<meta name=\"twitter:data1\" content=\"2 minuuttia\" \/>\n<script type=\"application\/ld+json\" class=\"yoast-schema-graph\">{\"@context\":\"https:\/\/schema.org\",\"@graph\":[{\"@type\":\"WebPage\",\"@id\":\"https:\/\/rotary.fi\/lappeenrantasaimaa\/toiminta\/shelterbox\/\",\"url\":\"https:\/\/rotary.fi\/lappeenrantasaimaa\/toiminta\/shelterbox\/\",\"name\":\"ShelterBox - Lappeenranta Saimaa Rotaryklubi\",\"isPartOf\":{\"@id\":\"https:\/\/rotary.fi\/lappeenrantasaimaa\/#website\"},\"primaryImageOfPage\":{\"@id\":\"https:\/\/rotary.fi\/lappeenrantasaimaa\/toiminta\/shelterbox\/#primaryimage\"},\"image\":{\"@id\":\"https:\/\/rotary.fi\/lappeenrantasaimaa\/toiminta\/shelterbox\/#primaryimage\"},\"thumbnailUrl\":\"https:\/\/rotary.fi\/lappeenrantasaimaa\/wp-content\/uploads\/sites\/51\/2020\/01\/shelterbox-logo-300x209.jpg\",\"datePublished\":\"2020-01-20T05:53:28+00:00\",\"dateModified\":\"2020-01-28T19:54:36+00:00\",\"breadcrumb\":{\"@id\":\"https:\/\/rotary.fi\/lappeenrantasaimaa\/toiminta\/shelterbox\/#breadcrumb\"},\"inLanguage\":\"fi\",\"potentialAction\":[{\"@type\":\"ReadAction\",\"target\":[\"https:\/\/rotary.fi\/lappeenrantasaimaa\/toiminta\/shelterbox\/\"]}]},{\"@type\":\"ImageObject\",\"inLanguage\":\"fi\",\"@id\":\"https:\/\/rotary.fi\/lappeenrantasaimaa\/toiminta\/shelterbox\/#primaryimage\",\"url\":\"https:\/\/rotary.fi\/lappeenrantasaimaa\/wp-content\/uploads\/sites\/51\/2020\/01\/shelterbox-logo.jpg\",\"contentUrl\":\"https:\/\/rotary.fi\/lappeenrantasaimaa\/wp-content\/uploads\/sites\/51\/2020\/01\/shelterbox-logo.jpg\",\"width\":480,\"height\":334},{\"@type\":\"BreadcrumbList\",\"@id\":\"https:\/\/rotary.fi\/lappeenrantasaimaa\/toiminta\/shelterbox\/#breadcrumb\",\"itemListElement\":[{\"@type\":\"ListItem\",\"position\":1,\"name\":\"Home\",\"item\":\"https:\/\/rotary.fi\/lappeenrantasaimaa\/\"},{\"@type\":\"ListItem\",\"position\":2,\"name\":\"Toiminta\",\"item\":\"https:\/\/rotary.fi\/lappeenrantasaimaa\/toiminta\/\"},{\"@type\":\"ListItem\",\"position\":3,\"name\":\"ShelterBox\"}]},{\"@type\":\"WebSite\",\"@id\":\"https:\/\/rotary.fi\/lappeenrantasaimaa\/#website\",\"url\":\"https:\/\/rotary.fi\/lappeenrantasaimaa\/\",\"name\":\"Lappeenranta Saimaa Rotaryklubi\",\"description\":\"Uusi Rotary klubisivusto\",\"potentialAction\":[{\"@type\":\"SearchAction\",\"target\":{\"@type\":\"EntryPoint\",\"urlTemplate\":\"https:\/\/rotary.fi\/lappeenrantasaimaa\/?s={search_term_string}\"},\"query-input\":{\"@type\":\"PropertyValueSpecification\",\"valueRequired\":true,\"valueName\":\"search_term_string\"}}],\"inLanguage\":\"fi\"}]}<\/script>\n<!-- \/ Yoast SEO plugin. -->","yoast_head_json":{"title":"ShelterBox - Lappeenranta Saimaa Rotaryklubi","robots":{"index":"index","follow":"follow","max-snippet":"max-snippet:-1","max-image-preview":"max-image-preview:large","max-video-preview":"max-video-preview:-1"},"canonical":"https:\/\/rotary.fi\/lappeenrantasaimaa\/toiminta\/shelterbox\/","og_locale":"fi_FI","og_type":"article","og_title":"ShelterBox - Lappeenranta Saimaa Rotaryklubi","og_description":"ShelterBoxeilla pika-apua maailman katastrofialueilleShelterBox\u00a0\u00a0 &nbsp; ShelterBox on Iso-Britanniassa vuonna 2000 rotarien perustama hyv\u00e4ntekev\u00e4isyysj\u00e4rjest\u00f6. ShelterBoxin avustustoiminnasta Suomessa vastaa sen virallinen alaj\u00e4rjest\u00f6 ShelterBox Suomi. J\u00e4rjest\u00f6n teht\u00e4viin kuuluu h\u00e4t\u00e4majoitusten ja niihin liittyvien varustetoimitusten j\u00e4rjest\u00e4minen luonnonkatastrofeista tai humanitaarisista kriiseist\u00e4 k\u00e4rsiviin kohteisiin eri puolille maailmaa. Nimens\u00e4 j\u00e4rjest\u00f6 on saanut vihre\u00e4st\u00e4 muovilaatikosta, shelter boxista. Laatikko sis\u00e4lt\u00e4\u00e4 teltan, lieden, huopia, hyttysverkkoja, ty\u00f6kaluja [&hellip;]","og_url":"https:\/\/rotary.fi\/lappeenrantasaimaa\/toiminta\/shelterbox\/","og_site_name":"Lappeenranta Saimaa Rotaryklubi","article_modified_time":"2020-01-28T19:54:36+00:00","og_image":[{"url":"https:\/\/rotary.fi\/lappeenrantasaimaa\/wp-content\/uploads\/sites\/51\/2020\/01\/shelterbox-logo-300x209.jpg","type":"","width":"","height":""}],"twitter_card":"summary_large_image","twitter_misc":{"Arvioitu lukuaika":"2 minuuttia"},"schema":{"@context":"https:\/\/schema.org","@graph":[{"@type":"WebPage","@id":"https:\/\/rotary.fi\/lappeenrantasaimaa\/toiminta\/shelterbox\/","url":"https:\/\/rotary.fi\/lappeenrantasaimaa\/toiminta\/shelterbox\/","name":"ShelterBox - Lappeenranta Saimaa Rotaryklubi","isPartOf":{"@id":"https:\/\/rotary.fi\/lappeenrantasaimaa\/#website"},"primaryImageOfPage":{"@id":"https:\/\/rotary.fi\/lappeenrantasaimaa\/toiminta\/shelterbox\/#primaryimage"},"image":{"@id":"https:\/\/rotary.fi\/lappeenrantasaimaa\/toiminta\/shelterbox\/#primaryimage"},"thumbnailUrl":"https:\/\/rotary.fi\/lappeenrantasaimaa\/wp-content\/uploads\/sites\/51\/2020\/01\/shelterbox-logo-300x209.jpg","datePublished":"2020-01-20T05:53:28+00:00","dateModified":"2020-01-28T19:54:36+00:00","breadcrumb":{"@id":"https:\/\/rotary.fi\/lappeenrantasaimaa\/toiminta\/shelterbox\/#breadcrumb"},"inLanguage":"fi","potentialAction":[{"@type":"ReadAction","target":["https:\/\/rotary.fi\/lappeenrantasaimaa\/toiminta\/shelterbox\/"]}]},{"@type":"ImageObject","inLanguage":"fi","@id":"https:\/\/rotary.fi\/lappeenrantasaimaa\/toiminta\/shelterbox\/#primaryimage","url":"https:\/\/rotary.fi\/lappeenrantasaimaa\/wp-content\/uploads\/sites\/51\/2020\/01\/shelterbox-logo.jpg","contentUrl":"https:\/\/rotary.fi\/lappeenrantasaimaa\/wp-content\/uploads\/sites\/51\/2020\/01\/shelterbox-logo.jpg","width":480,"height":334},{"@type":"BreadcrumbList","@id":"https:\/\/rotary.fi\/lappeenrantasaimaa\/toiminta\/shelterbox\/#breadcrumb","itemListElement":[{"@type":"ListItem","position":1,"name":"Home","item":"https:\/\/rotary.fi\/lappeenrantasaimaa\/"},{"@type":"ListItem","position":2,"name":"Toiminta","item":"https:\/\/rotary.fi\/lappeenrantasaimaa\/toiminta\/"},{"@type":"ListItem","position":3,"name":"ShelterBox"}]},{"@type":"WebSite","@id":"https:\/\/rotary.fi\/lappeenrantasaimaa\/#website","url":"https:\/\/rotary.fi\/lappeenrantasaimaa\/","name":"Lappeenranta Saimaa Rotaryklubi","description":"Uusi Rotary klubisivusto","potentialAction":[{"@type":"SearchAction","target":{"@type":"EntryPoint","urlTemplate":"https:\/\/rotary.fi\/lappeenrantasaimaa\/?s={search_term_string}"},"query-input":{"@type":"PropertyValueSpecification","valueRequired":true,"valueName":"search_term_string"}}],"inLanguage":"fi"}]}},"lang":"fi","translations":{"fi":1783},"pll_sync_post":[],"_links":{"self":[{"href":"https:\/\/rotary.fi\/lappeenrantasaimaa\/wp-json\/wp\/v2\/pages\/1783","targetHints":{"allow":["GET"]}}],"collection":[{"href":"https:\/\/rotary.fi\/lappeenrantasaimaa\/wp-json\/wp\/v2\/pages"}],"about":[{"href":"https:\/\/rotary.fi\/lappeenrantasaimaa\/wp-json\/wp\/v2\/types\/page"}],"author":[{"embeddable":true,"href":"https:\/\/rotary.fi\/lappeenrantasaimaa\/wp-json\/wp\/v2\/users\/314"}],"replies":[{"embeddable":true,"href":"https:\/\/rotary.fi\/lappeenrantasaimaa\/wp-json\/wp\/v2\/comments?post=1783"}],"version-history":[{"count":10,"href":"https:\/\/rotary.fi\/lappeenrantasaimaa\/wp-json\/wp\/v2\/pages\/1783\/revisions"}],"predecessor-version":[{"id":2506,"href":"https:\/\/rotary.fi\/lappeenrantasaimaa\/wp-json\/wp\/v2\/pages\/1783\/revisions\/2506"}],"up":[{"embeddable":true,"href":"https:\/\/rotary.fi\/lappeenrantasaimaa\/wp-json\/wp\/v2\/pages\/1770"}],"wp:attachment":[{"href":"https:\/\/rotary.fi\/lappeenrantasaimaa\/wp-json\/wp\/v2\/media?parent=1783"}],"curies":[{"name":"wp","href":"https:\/\/api.w.org\/{rel}","templated":true}]}}