{"id":1775,"date":"2020-01-17T15:39:28","date_gmt":"2020-01-17T13:39:28","guid":{"rendered":"https:\/\/rotary.fi\/lappeenrantasaimaa\/?page_id=1775"},"modified":"2025-12-07T13:48:28","modified_gmt":"2025-12-07T11:48:28","slug":"kokoukset","status":"publish","type":"page","link":"https:\/\/rotary.fi\/lappeenrantasaimaa\/toiminta\/kokoukset\/","title":{"rendered":"Kokoukset"},"content":{"rendered":"<p>[et_pb_section fb_built=&#8221;1&#8243; module_class=&#8221;jumbotron-page&#8221; _builder_version=&#8221;4.16&#8243; background_image=&#8221;https:\/\/rotary.fi\/lappeenrantasaimaa\/wp-content\/uploads\/sites\/51\/2020\/01\/20181211-dsc03485.jpg&#8221; background_position=&#8221;bottom_center&#8221; global_colors_info=&#8221;{}&#8221;][et_pb_row _builder_version=&#8221;4.16&#8243; background_size=&#8221;initial&#8221; background_position=&#8221;top_left&#8221; background_repeat=&#8221;repeat&#8221; global_colors_info=&#8221;{}&#8221;][et_pb_column type=&#8221;4_4&#8243; _builder_version=&#8221;4.16&#8243; custom_padding=&#8221;|||&#8221; global_colors_info=&#8221;{}&#8221; custom_padding__hover=&#8221;|||&#8221;][et_pb_text admin_label=&#8221;P\u00e4\u00e4otsikko&#8221; _builder_version=&#8221;4.16&#8243; text_orientation=&#8221;center&#8221; background_layout=&#8221;dark&#8221; global_colors_info=&#8221;{}&#8221;]<\/p>\n<h1>Klubikokoukset ovat toimintamme ydin<\/h1>\n<p>[\/et_pb_text][\/et_pb_column][\/et_pb_row][\/et_pb_section][et_pb_section fb_built=&#8221;1&#8243; specialty=&#8221;on&#8221; module_class_2=&#8221;sivupalkki&#8221; _builder_version=&#8221;4.16&#8243; global_colors_info=&#8221;{}&#8221;][et_pb_column type=&#8221;2_3&#8243; specialty_columns=&#8221;2&#8243; _builder_version=&#8221;4.16&#8243; custom_padding=&#8221;|||&#8221; global_colors_info=&#8221;{}&#8221; custom_padding__hover=&#8221;|||&#8221;][et_pb_row_inner admin_label=&#8221;Rivi&#8221; _builder_version=&#8221;4.16&#8243; global_colors_info=&#8221;{}&#8221;][et_pb_column_inner saved_specialty_column_type=&#8221;2_3&#8243; _builder_version=&#8221;4.16&#8243; custom_padding=&#8221;|||&#8221; global_colors_info=&#8221;{}&#8221; custom_padding__hover=&#8221;|||&#8221;][et_pb_text admin_label=&#8221;Otsikko&#8221; _builder_version=&#8221;4.16&#8243; text_orientation=&#8221;center&#8221; global_colors_info=&#8221;{}&#8221;]<\/p>\n<h1>Kokoukset<\/h1>\n<p>[\/et_pb_text][et_pb_text admin_label=&#8221;Teksti&#8221; _builder_version=&#8221;4.16&#8243; global_colors_info=&#8221;{}&#8221;]<\/p>\n<p>&nbsp;<\/p>\n<p><strong>Mottomme &#8221;Service, Friendship and Open Doors&#8221; avaa meille l\u00e4hes kaikki paikkakunnan ovet.<\/strong><\/p>\n<p><img loading=\"lazy\" decoding=\"async\" src=\"https:\/\/rotary.fi\/lappeenrantasaimaa\/wp-content\/uploads\/sites\/51\/2025\/12\/linnoituksenpitopalvelu.jpg\" width=\"264\" height=\"155\" \/><\/p>\n<p>Klubikokous Linnoituksen Pitopalvelussa, Katariinan Tori 4, Lappeenranta.<\/p>\n<p><span>Kokoukset ovat klubitoiminnan ydin.<\/span><\/p>\n<p>&nbsp;<\/p>\n<p><span style=\"font-size: 16px\">Kokoonnumme Linnoituksen Pitopalvelun tiloissa ohjelmamme mukaisesti, joka kannattaa tarkistaa aina WEB-sivumme kohdasta <a href=\"https:\/\/rotary.fi\/lappeenrantasaimaa\/\">ohjelma<\/a>. Kokoukset ovat tavallisesti keskiviikkoisin alkaen kahvilla klo 17.30. Varsinainen kokous alkaa klo 18.00 ja se kest\u00e4\u00e4 yleens\u00e4 tunnin. Vierailukokoukset alkavat yleens\u00e4 klo 17.00.\u00a0<\/span><\/p>\n<p>Jokainen kokous sis\u00e4lt\u00e4\u00e4 esitelm\u00e4n jostain ajankohtaisesta aiheesta, joko jonkun j\u00e4senen pit\u00e4m\u00e4n\u00e4 tai jonkun vierailevan asiantuntijan pit\u00e4m\u00e4n\u00e4. Vierailijat tulevat yleens\u00e4 yritys- tai kulttuuriel\u00e4m\u00e4st\u00e4, Yliopistolta, Lappeenrannan kaupugilta, mediasta, puolustusvoimista, urheilu- tai luontoj\u00e4rjest\u00f6ist\u00e4 jne. Rotaryaiheilla on my\u00f6s oma paikkansa kalenterissamme. Klubiohjelma el\u00e4\u00e4 vuoden kierron mukana ja seuraa aikaansa ja ajankohtaisiin teemoihin tartutaan hanakasti. Koska j\u00e4senet edustavat rotaryperiaatteen mukaan eri ammattikuntia, n\u00e4k\u00f6kulmat esitelmiin ja keskusteluihin pysyv\u00e4t monipuolisina ja tuoreina. Ja vaikka\u00a0keskustelun laineet k\u00e4yv\u00e4t korkeina, pysymme aina ep\u00e4poliittisena ja uskontojen suhteen tasa-arvoisena j\u00e4rjest\u00f6n\u00e4.<\/p>\n<p>Vaihtelua esitelm\u00e4kokouksiin tuovat vuoden aikana vierailut yrityksiin, teatteriin, konsertteihin, eduskuntaan, paloasemalle, urheilutalolle &#8211; minne vain, minne j\u00e4senet itse haluavat p\u00e4\u00e4st\u00e4. Kokkikurssit, viinikurssit, juustoillat &#8211; kaikkea on kokeiltu.<\/p>\n<p>Vuoden t\u00e4rkeimm\u00e4t kokoukset ovat kauden avaus lammaskaalitarjoiluineen, vuosijuhla lokakuussa, pikkujoulu ennen joulua sek\u00e4 vaihtojuhla toukokuussa, miss\u00e4 vanha hallitus luovuttaa valtikan uudelle.<\/p>\n<p>&nbsp;<\/p>\n<p><img loading=\"lazy\" decoding=\"async\" src=\"https:\/\/rotary.fi\/lappeenrantasaimaa\/wp-content\/uploads\/sites\/51\/2019\/12\/fb-20200109-dsc05476-300x169.jpg\" width=\"375\" height=\"211\" alt=\"\" class=\"wp-image-2056 alignnone size-medium\" \/><br \/>Klubivierailu kaupunginteatteriin &#8211; n\u00e4ytt\u00e4m\u00f6lle ja kulissien taakse.<\/p>\n<p>[\/et_pb_text][\/et_pb_column_inner][\/et_pb_row_inner][\/et_pb_column][et_pb_column type=&#8221;1_3&#8243; _builder_version=&#8221;4.16&#8243; custom_padding=&#8221;|||&#8221; global_colors_info=&#8221;{}&#8221; custom_padding__hover=&#8221;|||&#8221;][et_pb_sidebar area=&#8221;sidebar-1&#8243; module_class=&#8221;sivupalkki_sisalto&#8221; _builder_version=&#8221;4.16&#8243; locked=&#8221;on&#8221; global_colors_info=&#8221;{}&#8221;][\/et_pb_sidebar][\/et_pb_column][\/et_pb_section]<\/p>\n","protected":false},"excerpt":{"rendered":"<p>Klubikokoukset ovat toimintamme ydinKokoukset&nbsp; Mottomme &#8221;Service, Friendship and Open Doors&#8221; avaa meille l\u00e4hes kaikki paikkakunnan ovet. Klubikokous Linnoituksen Pitopalvelussa, Katariinan Tori 4, Lappeenranta. Kokoukset ovat klubitoiminnan ydin. &nbsp; Kokoonnumme Linnoituksen Pitopalvelun tiloissa ohjelmamme mukaisesti, joka kannattaa tarkistaa aina WEB-sivumme kohdasta ohjelma. Kokoukset ovat tavallisesti keskiviikkoisin alkaen kahvilla klo 17.30. Varsinainen kokous alkaa klo 18.00 ja [&hellip;]<\/p>\n","protected":false},"author":314,"featured_media":0,"parent":1770,"menu_order":0,"comment_status":"closed","ping_status":"closed","template":"","meta":{"_acf_changed":false,"_et_pb_use_builder":"on","_et_pb_old_content":"","_et_gb_content_width":"","footnotes":""},"class_list":["post-1775","page","type-page","status-publish","hentry"],"acf":[],"yoast_head":"<!-- This site is optimized with the Yoast SEO plugin v27.4 - https:\/\/yoast.com\/product\/yoast-seo-wordpress\/ -->\n<title>Kokoukset - Lappeenranta Saimaa Rotaryklubi<\/title>\n<meta name=\"robots\" content=\"index, follow, max-snippet:-1, max-image-preview:large, max-video-preview:-1\" \/>\n<link rel=\"canonical\" href=\"https:\/\/rotary.fi\/lappeenrantasaimaa\/toiminta\/kokoukset\/\" \/>\n<meta property=\"og:locale\" content=\"fi_FI\" \/>\n<meta property=\"og:type\" content=\"article\" \/>\n<meta property=\"og:title\" content=\"Kokoukset - Lappeenranta Saimaa Rotaryklubi\" \/>\n<meta property=\"og:description\" content=\"Klubikokoukset ovat toimintamme ydinKokoukset&nbsp; Mottomme &quot;Service, Friendship and Open Doors&quot; avaa meille l\u00e4hes kaikki paikkakunnan ovet. Klubikokous Linnoituksen Pitopalvelussa, Katariinan Tori 4, Lappeenranta. Kokoukset ovat klubitoiminnan ydin. &nbsp; Kokoonnumme Linnoituksen Pitopalvelun tiloissa ohjelmamme mukaisesti, joka kannattaa tarkistaa aina WEB-sivumme kohdasta ohjelma. Kokoukset ovat tavallisesti keskiviikkoisin alkaen kahvilla klo 17.30. Varsinainen kokous alkaa klo 18.00 ja [&hellip;]\" \/>\n<meta property=\"og:url\" content=\"https:\/\/rotary.fi\/lappeenrantasaimaa\/toiminta\/kokoukset\/\" \/>\n<meta property=\"og:site_name\" content=\"Lappeenranta Saimaa Rotaryklubi\" \/>\n<meta property=\"article:modified_time\" content=\"2025-12-07T11:48:28+00:00\" \/>\n<meta property=\"og:image\" content=\"https:\/\/rotary.fi\/lappeenrantasaimaa\/wp-content\/uploads\/sites\/51\/2025\/12\/linnoituksenpitopalvelu.jpg\" \/>\n<meta name=\"twitter:card\" content=\"summary_large_image\" \/>\n<meta name=\"twitter:label1\" content=\"Arvioitu lukuaika\" \/>\n\t<meta name=\"twitter:data1\" content=\"3 minuuttia\" \/>\n<script type=\"application\/ld+json\" class=\"yoast-schema-graph\">{\"@context\":\"https:\\\/\\\/schema.org\",\"@graph\":[{\"@type\":\"WebPage\",\"@id\":\"https:\\\/\\\/rotary.fi\\\/lappeenrantasaimaa\\\/toiminta\\\/kokoukset\\\/\",\"url\":\"https:\\\/\\\/rotary.fi\\\/lappeenrantasaimaa\\\/toiminta\\\/kokoukset\\\/\",\"name\":\"Kokoukset - Lappeenranta Saimaa Rotaryklubi\",\"isPartOf\":{\"@id\":\"https:\\\/\\\/rotary.fi\\\/lappeenrantasaimaa\\\/#website\"},\"primaryImageOfPage\":{\"@id\":\"https:\\\/\\\/rotary.fi\\\/lappeenrantasaimaa\\\/toiminta\\\/kokoukset\\\/#primaryimage\"},\"image\":{\"@id\":\"https:\\\/\\\/rotary.fi\\\/lappeenrantasaimaa\\\/toiminta\\\/kokoukset\\\/#primaryimage\"},\"thumbnailUrl\":\"https:\\\/\\\/rotary.fi\\\/lappeenrantasaimaa\\\/wp-content\\\/uploads\\\/sites\\\/51\\\/2025\\\/12\\\/linnoituksenpitopalvelu.jpg\",\"datePublished\":\"2020-01-17T13:39:28+00:00\",\"dateModified\":\"2025-12-07T11:48:28+00:00\",\"breadcrumb\":{\"@id\":\"https:\\\/\\\/rotary.fi\\\/lappeenrantasaimaa\\\/toiminta\\\/kokoukset\\\/#breadcrumb\"},\"inLanguage\":\"fi\",\"potentialAction\":[{\"@type\":\"ReadAction\",\"target\":[\"https:\\\/\\\/rotary.fi\\\/lappeenrantasaimaa\\\/toiminta\\\/kokoukset\\\/\"]}]},{\"@type\":\"ImageObject\",\"inLanguage\":\"fi\",\"@id\":\"https:\\\/\\\/rotary.fi\\\/lappeenrantasaimaa\\\/toiminta\\\/kokoukset\\\/#primaryimage\",\"url\":\"https:\\\/\\\/rotary.fi\\\/lappeenrantasaimaa\\\/wp-content\\\/uploads\\\/sites\\\/51\\\/2025\\\/12\\\/linnoituksenpitopalvelu.jpg\",\"contentUrl\":\"https:\\\/\\\/rotary.fi\\\/lappeenrantasaimaa\\\/wp-content\\\/uploads\\\/sites\\\/51\\\/2025\\\/12\\\/linnoituksenpitopalvelu.jpg\",\"width\":1049,\"height\":615},{\"@type\":\"BreadcrumbList\",\"@id\":\"https:\\\/\\\/rotary.fi\\\/lappeenrantasaimaa\\\/toiminta\\\/kokoukset\\\/#breadcrumb\",\"itemListElement\":[{\"@type\":\"ListItem\",\"position\":1,\"name\":\"Home\",\"item\":\"https:\\\/\\\/rotary.fi\\\/lappeenrantasaimaa\\\/\"},{\"@type\":\"ListItem\",\"position\":2,\"name\":\"Toiminta\",\"item\":\"https:\\\/\\\/rotary.fi\\\/lappeenrantasaimaa\\\/toiminta\\\/\"},{\"@type\":\"ListItem\",\"position\":3,\"name\":\"Kokoukset\"}]},{\"@type\":\"WebSite\",\"@id\":\"https:\\\/\\\/rotary.fi\\\/lappeenrantasaimaa\\\/#website\",\"url\":\"https:\\\/\\\/rotary.fi\\\/lappeenrantasaimaa\\\/\",\"name\":\"Lappeenranta Saimaa Rotaryklubi\",\"description\":\"Uusi Rotary klubisivusto\",\"potentialAction\":[{\"@type\":\"SearchAction\",\"target\":{\"@type\":\"EntryPoint\",\"urlTemplate\":\"https:\\\/\\\/rotary.fi\\\/lappeenrantasaimaa\\\/?s={search_term_string}\"},\"query-input\":{\"@type\":\"PropertyValueSpecification\",\"valueRequired\":true,\"valueName\":\"search_term_string\"}}],\"inLanguage\":\"fi\"}]}<\/script>\n<!-- \/ Yoast SEO plugin. -->","yoast_head_json":{"title":"Kokoukset - Lappeenranta Saimaa Rotaryklubi","robots":{"index":"index","follow":"follow","max-snippet":"max-snippet:-1","max-image-preview":"max-image-preview:large","max-video-preview":"max-video-preview:-1"},"canonical":"https:\/\/rotary.fi\/lappeenrantasaimaa\/toiminta\/kokoukset\/","og_locale":"fi_FI","og_type":"article","og_title":"Kokoukset - Lappeenranta Saimaa Rotaryklubi","og_description":"Klubikokoukset ovat toimintamme ydinKokoukset&nbsp; Mottomme \"Service, Friendship and Open Doors\" avaa meille l\u00e4hes kaikki paikkakunnan ovet. Klubikokous Linnoituksen Pitopalvelussa, Katariinan Tori 4, Lappeenranta. Kokoukset ovat klubitoiminnan ydin. &nbsp; Kokoonnumme Linnoituksen Pitopalvelun tiloissa ohjelmamme mukaisesti, joka kannattaa tarkistaa aina WEB-sivumme kohdasta ohjelma. Kokoukset ovat tavallisesti keskiviikkoisin alkaen kahvilla klo 17.30. Varsinainen kokous alkaa klo 18.00 ja [&hellip;]","og_url":"https:\/\/rotary.fi\/lappeenrantasaimaa\/toiminta\/kokoukset\/","og_site_name":"Lappeenranta Saimaa Rotaryklubi","article_modified_time":"2025-12-07T11:48:28+00:00","og_image":[{"url":"https:\/\/rotary.fi\/lappeenrantasaimaa\/wp-content\/uploads\/sites\/51\/2025\/12\/linnoituksenpitopalvelu.jpg","type":"","width":"","height":""}],"twitter_card":"summary_large_image","twitter_misc":{"Arvioitu lukuaika":"3 minuuttia"},"schema":{"@context":"https:\/\/schema.org","@graph":[{"@type":"WebPage","@id":"https:\/\/rotary.fi\/lappeenrantasaimaa\/toiminta\/kokoukset\/","url":"https:\/\/rotary.fi\/lappeenrantasaimaa\/toiminta\/kokoukset\/","name":"Kokoukset - Lappeenranta Saimaa Rotaryklubi","isPartOf":{"@id":"https:\/\/rotary.fi\/lappeenrantasaimaa\/#website"},"primaryImageOfPage":{"@id":"https:\/\/rotary.fi\/lappeenrantasaimaa\/toiminta\/kokoukset\/#primaryimage"},"image":{"@id":"https:\/\/rotary.fi\/lappeenrantasaimaa\/toiminta\/kokoukset\/#primaryimage"},"thumbnailUrl":"https:\/\/rotary.fi\/lappeenrantasaimaa\/wp-content\/uploads\/sites\/51\/2025\/12\/linnoituksenpitopalvelu.jpg","datePublished":"2020-01-17T13:39:28+00:00","dateModified":"2025-12-07T11:48:28+00:00","breadcrumb":{"@id":"https:\/\/rotary.fi\/lappeenrantasaimaa\/toiminta\/kokoukset\/#breadcrumb"},"inLanguage":"fi","potentialAction":[{"@type":"ReadAction","target":["https:\/\/rotary.fi\/lappeenrantasaimaa\/toiminta\/kokoukset\/"]}]},{"@type":"ImageObject","inLanguage":"fi","@id":"https:\/\/rotary.fi\/lappeenrantasaimaa\/toiminta\/kokoukset\/#primaryimage","url":"https:\/\/rotary.fi\/lappeenrantasaimaa\/wp-content\/uploads\/sites\/51\/2025\/12\/linnoituksenpitopalvelu.jpg","contentUrl":"https:\/\/rotary.fi\/lappeenrantasaimaa\/wp-content\/uploads\/sites\/51\/2025\/12\/linnoituksenpitopalvelu.jpg","width":1049,"height":615},{"@type":"BreadcrumbList","@id":"https:\/\/rotary.fi\/lappeenrantasaimaa\/toiminta\/kokoukset\/#breadcrumb","itemListElement":[{"@type":"ListItem","position":1,"name":"Home","item":"https:\/\/rotary.fi\/lappeenrantasaimaa\/"},{"@type":"ListItem","position":2,"name":"Toiminta","item":"https:\/\/rotary.fi\/lappeenrantasaimaa\/toiminta\/"},{"@type":"ListItem","position":3,"name":"Kokoukset"}]},{"@type":"WebSite","@id":"https:\/\/rotary.fi\/lappeenrantasaimaa\/#website","url":"https:\/\/rotary.fi\/lappeenrantasaimaa\/","name":"Lappeenranta Saimaa Rotaryklubi","description":"Uusi Rotary klubisivusto","potentialAction":[{"@type":"SearchAction","target":{"@type":"EntryPoint","urlTemplate":"https:\/\/rotary.fi\/lappeenrantasaimaa\/?s={search_term_string}"},"query-input":{"@type":"PropertyValueSpecification","valueRequired":true,"valueName":"search_term_string"}}],"inLanguage":"fi"}]}},"lang":"fi","translations":{"fi":1775},"pll_sync_post":[],"_links":{"self":[{"href":"https:\/\/rotary.fi\/lappeenrantasaimaa\/wp-json\/wp\/v2\/pages\/1775","targetHints":{"allow":["GET"]}}],"collection":[{"href":"https:\/\/rotary.fi\/lappeenrantasaimaa\/wp-json\/wp\/v2\/pages"}],"about":[{"href":"https:\/\/rotary.fi\/lappeenrantasaimaa\/wp-json\/wp\/v2\/types\/page"}],"author":[{"embeddable":true,"href":"https:\/\/rotary.fi\/lappeenrantasaimaa\/wp-json\/wp\/v2\/users\/314"}],"replies":[{"embeddable":true,"href":"https:\/\/rotary.fi\/lappeenrantasaimaa\/wp-json\/wp\/v2\/comments?post=1775"}],"version-history":[{"count":9,"href":"https:\/\/rotary.fi\/lappeenrantasaimaa\/wp-json\/wp\/v2\/pages\/1775\/revisions"}],"predecessor-version":[{"id":3710,"href":"https:\/\/rotary.fi\/lappeenrantasaimaa\/wp-json\/wp\/v2\/pages\/1775\/revisions\/3710"}],"up":[{"embeddable":true,"href":"https:\/\/rotary.fi\/lappeenrantasaimaa\/wp-json\/wp\/v2\/pages\/1770"}],"wp:attachment":[{"href":"https:\/\/rotary.fi\/lappeenrantasaimaa\/wp-json\/wp\/v2\/media?parent=1775"}],"curies":[{"name":"wp","href":"https:\/\/api.w.org\/{rel}","templated":true}]}}