{"id":1767,"date":"2020-01-17T15:25:55","date_gmt":"2020-01-17T13:25:55","guid":{"rendered":"https:\/\/rotary.fi\/lappeenrantasaimaa\/?page_id=1767"},"modified":"2020-01-21T18:05:20","modified_gmt":"2020-01-21T16:05:20","slug":"jasenisto","status":"publish","type":"page","link":"https:\/\/rotary.fi\/lappeenrantasaimaa\/keita-olemme\/jasenisto\/","title":{"rendered":"J\u00e4senist\u00f6-ei k\u00e4yt\u00f6ss\u00e4"},"content":{"rendered":"<p>[et_pb_section admin_label=&#8221;section&#8221;]<br \/>\n\t\t\t[et_pb_row admin_label=&#8221;row&#8221;]<br \/>\n\t\t\t\t[et_pb_column type=&#8221;4_4&#8243;][\/et_pb_column]<br \/>\n\t\t\t[\/et_pb_row]<br \/>\n\t\t[\/et_pb_section]<\/p>\n","protected":false},"excerpt":{"rendered":"","protected":false},"author":314,"featured_media":0,"parent":129,"menu_order":0,"comment_status":"closed","ping_status":"closed","template":"","meta":{"_acf_changed":false,"_et_pb_use_builder":"on","_et_pb_old_content":"","_et_gb_content_width":"","footnotes":""},"class_list":["post-1767","page","type-page","status-publish","hentry"],"acf":[],"yoast_head":"<!-- This site is optimized with the Yoast SEO plugin v27.0 - https:\/\/yoast.com\/product\/yoast-seo-wordpress\/ -->\n<title>J\u00e4senist\u00f6-ei k\u00e4yt\u00f6ss\u00e4 - Lappeenranta Saimaa Rotaryklubi<\/title>\n<meta name=\"robots\" content=\"index, follow, max-snippet:-1, max-image-preview:large, max-video-preview:-1\" \/>\n<link rel=\"canonical\" href=\"https:\/\/rotary.fi\/lappeenrantasaimaa\/keita-olemme\/jasenisto\/\" \/>\n<meta property=\"og:locale\" content=\"fi_FI\" \/>\n<meta property=\"og:type\" content=\"article\" \/>\n<meta property=\"og:title\" content=\"J\u00e4senist\u00f6-ei k\u00e4yt\u00f6ss\u00e4 - Lappeenranta Saimaa Rotaryklubi\" \/>\n<meta property=\"og:url\" content=\"https:\/\/rotary.fi\/lappeenrantasaimaa\/keita-olemme\/jasenisto\/\" \/>\n<meta property=\"og:site_name\" content=\"Lappeenranta Saimaa Rotaryklubi\" \/>\n<meta property=\"article:modified_time\" content=\"2020-01-21T16:05:20+00:00\" \/>\n<meta name=\"twitter:card\" content=\"summary_large_image\" \/>\n<script type=\"application\/ld+json\" class=\"yoast-schema-graph\">{\"@context\":\"https:\/\/schema.org\",\"@graph\":[{\"@type\":\"WebPage\",\"@id\":\"https:\/\/rotary.fi\/lappeenrantasaimaa\/keita-olemme\/jasenisto\/\",\"url\":\"https:\/\/rotary.fi\/lappeenrantasaimaa\/keita-olemme\/jasenisto\/\",\"name\":\"J\u00e4senist\u00f6-ei k\u00e4yt\u00f6ss\u00e4 - Lappeenranta Saimaa Rotaryklubi\",\"isPartOf\":{\"@id\":\"https:\/\/rotary.fi\/lappeenrantasaimaa\/#website\"},\"datePublished\":\"2020-01-17T13:25:55+00:00\",\"dateModified\":\"2020-01-21T16:05:20+00:00\",\"breadcrumb\":{\"@id\":\"https:\/\/rotary.fi\/lappeenrantasaimaa\/keita-olemme\/jasenisto\/#breadcrumb\"},\"inLanguage\":\"fi\",\"potentialAction\":[{\"@type\":\"ReadAction\",\"target\":[\"https:\/\/rotary.fi\/lappeenrantasaimaa\/keita-olemme\/jasenisto\/\"]}]},{\"@type\":\"BreadcrumbList\",\"@id\":\"https:\/\/rotary.fi\/lappeenrantasaimaa\/keita-olemme\/jasenisto\/#breadcrumb\",\"itemListElement\":[{\"@type\":\"ListItem\",\"position\":1,\"name\":\"Home\",\"item\":\"https:\/\/rotary.fi\/lappeenrantasaimaa\/\"},{\"@type\":\"ListItem\",\"position\":2,\"name\":\"Keit\u00e4 olemme\",\"item\":\"https:\/\/rotary.fi\/lappeenrantasaimaa\/keita-olemme\/\"},{\"@type\":\"ListItem\",\"position\":3,\"name\":\"J\u00e4senist\u00f6-ei k\u00e4yt\u00f6ss\u00e4\"}]},{\"@type\":\"WebSite\",\"@id\":\"https:\/\/rotary.fi\/lappeenrantasaimaa\/#website\",\"url\":\"https:\/\/rotary.fi\/lappeenrantasaimaa\/\",\"name\":\"Lappeenranta Saimaa Rotaryklubi\",\"description\":\"Uusi Rotary klubisivusto\",\"potentialAction\":[{\"@type\":\"SearchAction\",\"target\":{\"@type\":\"EntryPoint\",\"urlTemplate\":\"https:\/\/rotary.fi\/lappeenrantasaimaa\/?s={search_term_string}\"},\"query-input\":{\"@type\":\"PropertyValueSpecification\",\"valueRequired\":true,\"valueName\":\"search_term_string\"}}],\"inLanguage\":\"fi\"}]}<\/script>\n<!-- \/ Yoast SEO plugin. -->","yoast_head_json":{"title":"J\u00e4senist\u00f6-ei k\u00e4yt\u00f6ss\u00e4 - Lappeenranta Saimaa Rotaryklubi","robots":{"index":"index","follow":"follow","max-snippet":"max-snippet:-1","max-image-preview":"max-image-preview:large","max-video-preview":"max-video-preview:-1"},"canonical":"https:\/\/rotary.fi\/lappeenrantasaimaa\/keita-olemme\/jasenisto\/","og_locale":"fi_FI","og_type":"article","og_title":"J\u00e4senist\u00f6-ei k\u00e4yt\u00f6ss\u00e4 - Lappeenranta Saimaa Rotaryklubi","og_url":"https:\/\/rotary.fi\/lappeenrantasaimaa\/keita-olemme\/jasenisto\/","og_site_name":"Lappeenranta Saimaa Rotaryklubi","article_modified_time":"2020-01-21T16:05:20+00:00","twitter_card":"summary_large_image","schema":{"@context":"https:\/\/schema.org","@graph":[{"@type":"WebPage","@id":"https:\/\/rotary.fi\/lappeenrantasaimaa\/keita-olemme\/jasenisto\/","url":"https:\/\/rotary.fi\/lappeenrantasaimaa\/keita-olemme\/jasenisto\/","name":"J\u00e4senist\u00f6-ei k\u00e4yt\u00f6ss\u00e4 - Lappeenranta Saimaa Rotaryklubi","isPartOf":{"@id":"https:\/\/rotary.fi\/lappeenrantasaimaa\/#website"},"datePublished":"2020-01-17T13:25:55+00:00","dateModified":"2020-01-21T16:05:20+00:00","breadcrumb":{"@id":"https:\/\/rotary.fi\/lappeenrantasaimaa\/keita-olemme\/jasenisto\/#breadcrumb"},"inLanguage":"fi","potentialAction":[{"@type":"ReadAction","target":["https:\/\/rotary.fi\/lappeenrantasaimaa\/keita-olemme\/jasenisto\/"]}]},{"@type":"BreadcrumbList","@id":"https:\/\/rotary.fi\/lappeenrantasaimaa\/keita-olemme\/jasenisto\/#breadcrumb","itemListElement":[{"@type":"ListItem","position":1,"name":"Home","item":"https:\/\/rotary.fi\/lappeenrantasaimaa\/"},{"@type":"ListItem","position":2,"name":"Keit\u00e4 olemme","item":"https:\/\/rotary.fi\/lappeenrantasaimaa\/keita-olemme\/"},{"@type":"ListItem","position":3,"name":"J\u00e4senist\u00f6-ei k\u00e4yt\u00f6ss\u00e4"}]},{"@type":"WebSite","@id":"https:\/\/rotary.fi\/lappeenrantasaimaa\/#website","url":"https:\/\/rotary.fi\/lappeenrantasaimaa\/","name":"Lappeenranta Saimaa Rotaryklubi","description":"Uusi Rotary klubisivusto","potentialAction":[{"@type":"SearchAction","target":{"@type":"EntryPoint","urlTemplate":"https:\/\/rotary.fi\/lappeenrantasaimaa\/?s={search_term_string}"},"query-input":{"@type":"PropertyValueSpecification","valueRequired":true,"valueName":"search_term_string"}}],"inLanguage":"fi"}]}},"lang":"fi","translations":{"fi":1767},"pll_sync_post":[],"_links":{"self":[{"href":"https:\/\/rotary.fi\/lappeenrantasaimaa\/wp-json\/wp\/v2\/pages\/1767","targetHints":{"allow":["GET"]}}],"collection":[{"href":"https:\/\/rotary.fi\/lappeenrantasaimaa\/wp-json\/wp\/v2\/pages"}],"about":[{"href":"https:\/\/rotary.fi\/lappeenrantasaimaa\/wp-json\/wp\/v2\/types\/page"}],"author":[{"embeddable":true,"href":"https:\/\/rotary.fi\/lappeenrantasaimaa\/wp-json\/wp\/v2\/users\/314"}],"replies":[{"embeddable":true,"href":"https:\/\/rotary.fi\/lappeenrantasaimaa\/wp-json\/wp\/v2\/comments?post=1767"}],"version-history":[{"count":3,"href":"https:\/\/rotary.fi\/lappeenrantasaimaa\/wp-json\/wp\/v2\/pages\/1767\/revisions"}],"predecessor-version":[{"id":1892,"href":"https:\/\/rotary.fi\/lappeenrantasaimaa\/wp-json\/wp\/v2\/pages\/1767\/revisions\/1892"}],"up":[{"embeddable":true,"href":"https:\/\/rotary.fi\/lappeenrantasaimaa\/wp-json\/wp\/v2\/pages\/129"}],"wp:attachment":[{"href":"https:\/\/rotary.fi\/lappeenrantasaimaa\/wp-json\/wp\/v2\/media?parent=1767"}],"curies":[{"name":"wp","href":"https:\/\/api.w.org\/{rel}","templated":true}]}}