{"id":173,"date":"2018-08-13T10:39:15","date_gmt":"2018-08-13T07:39:15","guid":{"rendered":"https:\/\/rotary.fi\/lappeenrantasaimaa\/?page_id=173"},"modified":"2025-11-28T18:52:04","modified_gmt":"2025-11-28T16:52:04","slug":"kiinnostaako-jasenyys","status":"publish","type":"page","link":"https:\/\/rotary.fi\/lappeenrantasaimaa\/mika-on-rotary\/kiinnostaako-jasenyys\/","title":{"rendered":"Kiinnostaako j\u00e4senyys?"},"content":{"rendered":"<p>[et_pb_section fb_built=&#8221;1&#8243; module_class=&#8221;jumbotron-page&#8221; _builder_version=&#8221;4.16&#8243; background_image=&#8221;https:\/\/rotary.fi\/lappeenrantasaimaa\/wp-content\/uploads\/sites\/51\/2019\/10\/fb-20191015-dsc05042.jpg&#8221; global_colors_info=&#8221;{}&#8221;][et_pb_row _builder_version=&#8221;4.16&#8243; background_size=&#8221;initial&#8221; background_position=&#8221;top_left&#8221; background_repeat=&#8221;repeat&#8221; global_colors_info=&#8221;{}&#8221;][et_pb_column type=&#8221;4_4&#8243; _builder_version=&#8221;4.16&#8243; custom_padding=&#8221;|||&#8221; global_colors_info=&#8221;{}&#8221; custom_padding__hover=&#8221;|||&#8221;][et_pb_text admin_label=&#8221;P\u00e4\u00e4otsikko&#8221; _builder_version=&#8221;4.16&#8243; text_orientation=&#8221;center&#8221; background_layout=&#8221;dark&#8221; global_colors_info=&#8221;{}&#8221;]<\/p>\n<h1>Mit\u00e4 voit saada Rotarylta<\/h1>\n<p>[\/et_pb_text][\/et_pb_column][\/et_pb_row][\/et_pb_section][et_pb_section fb_built=&#8221;1&#8243; specialty=&#8221;on&#8221; module_class_2=&#8221;sivupalkki&#8221; _builder_version=&#8221;4.16&#8243; global_colors_info=&#8221;{}&#8221;][et_pb_column type=&#8221;2_3&#8243; specialty_columns=&#8221;2&#8243; _builder_version=&#8221;4.16&#8243; custom_padding=&#8221;|||&#8221; global_colors_info=&#8221;{}&#8221; custom_padding__hover=&#8221;|||&#8221;][et_pb_row_inner admin_label=&#8221;Rivi&#8221; _builder_version=&#8221;4.16&#8243; global_colors_info=&#8221;{}&#8221;][et_pb_column_inner saved_specialty_column_type=&#8221;2_3&#8243; _builder_version=&#8221;4.16&#8243; custom_padding=&#8221;|||&#8221; global_colors_info=&#8221;{}&#8221; custom_padding__hover=&#8221;|||&#8221;][et_pb_text admin_label=&#8221;Kiinnostaako j\u00e4senyys? &#8211; Otsikko ennen teksti\u00e4&#8221; _builder_version=&#8221;4.16&#8243; text_orientation=&#8221;center&#8221; global_colors_info=&#8221;{}&#8221;]<\/p>\n<h1>Kiinnostaako j\u00e4senyys<\/h1>\n<p>[\/et_pb_text][et_pb_text _builder_version=&#8221;4.16&#8243; global_colors_info=&#8221;{}&#8221;]<\/p>\n<p class=\"p1\"><span class=\"s1\">Haluatko tehd\u00e4 hyv\u00e4\u00e4 ja vaikuttaa asioihin kotipaikkakunnallasi ja maailmanlaajuisesti? Liity Rotaryyn! Saat rotarina hyv\u00e4n mahdollisuuden paikkakuntasi kehitt\u00e4miseen yhdess\u00e4 muiden vaikuttajien kanssa. Voit tehd\u00e4 paljon oman paikkakuntasi j\u00e4senen\u00e4 ja ammattisi edustajana &#8211; vaikuttajana. Rotaryn kautta avautuu mahdollisuuksia ja n\u00e4k\u00f6aloja maailmanlaajuiseen toimintaan.\u00a0 Liittym\u00e4ll\u00e4 klubiimme, liityt k\u00e4yt\u00e4nn\u00f6ss\u00e4 maailman jokaiseen klubiin. Rotarina sinulla on oikeus vierailla miss\u00e4 tahansa klubiussa, ja sinut otetaan siell\u00e4 vastaan rotarina ja yst\u00e4v\u00e4n\u00e4.<\/span>\u00a0<\/p>\n<p>[\/et_pb_text][\/et_pb_column_inner][\/et_pb_row_inner][et_pb_row_inner admin_label=&#8221;Rivi&#8221; _builder_version=&#8221;4.16&#8243; global_colors_info=&#8221;{}&#8221;][et_pb_column_inner saved_specialty_column_type=&#8221;2_3&#8243; _builder_version=&#8221;4.16&#8243; custom_padding=&#8221;|||&#8221; global_colors_info=&#8221;{}&#8221; custom_padding__hover=&#8221;|||&#8221;][et_pb_text admin_label=&#8221;Kymmenen hyv\u00e4\u00e4 syyt\u00e4 olla rotari &#8211; Otsikko&#8221; _builder_version=&#8221;4.16&#8243; text_orientation=&#8221;center&#8221; global_colors_info=&#8221;{}&#8221;]<\/p>\n<h4>Mit\u00e4 Rotary voi antaa sinulle?<\/h4>\n<p>[\/et_pb_text][et_pb_text admin_label=&#8221;Teksti&#8221; _builder_version=&#8221;4.17.4&#8243; global_colors_info=&#8221;{}&#8221;]<\/p>\n<p class=\"p1\">Mit\u00e4 Rotary antaa minulle?<br \/>Rotaryn j\u00e4seneksi voi liitty\u00e4 monesta syyst\u00e4. T\u00e4rkeimpi\u00e4 syit\u00e4 ovat kuitenkin paikallinen verkostoituminen ja yst\u00e4vyyssuhteet sek\u00e4 paikkakunnan auttaminen ja samanhenkisten vaikuttajien kanssa toimiminen. Rotary tarjoaa sinulle mahdollisuuden parantaa paikkakuntasi oloja ja muuttaa maailmaa.<\/p>\n<p>[\/et_pb_text][\/et_pb_column_inner][\/et_pb_row_inner][et_pb_row_inner admin_label=&#8221;Rivi&#8221; _builder_version=&#8221;4.16&#8243; global_colors_info=&#8221;{}&#8221;][et_pb_column_inner saved_specialty_column_type=&#8221;2_3&#8243; _builder_version=&#8221;4.16&#8243; custom_padding=&#8221;|||&#8221; global_colors_info=&#8221;{}&#8221; custom_padding__hover=&#8221;|||&#8221;][et_pb_text admin_label=&#8221;Nelj\u00e4n kysymyksen koe &#8211; Otsikko&#8221; _builder_version=&#8221;4.16&#8243; text_orientation=&#8221;center&#8221; global_colors_info=&#8221;{}&#8221;]<\/p>\n<h4>Mit\u00e4 sin\u00e4 voit antaa Rotarylle?<\/h4>\n<p>[\/et_pb_text][et_pb_text _builder_version=&#8221;4.16&#8243; global_colors_info=&#8221;{}&#8221;]<\/p>\n<p>Rotary kokoaa yhteen sinun kaltaisiasi ihmisi\u00e4 kaikista kulttuureista ja ammateista. Rotary tarvitsee ihmisi\u00e4, jotka haluavaa tehd\u00e4 maailmasta paremman.<\/p>\n<p>Voit siis antaa omaa aikaasi ja omaa osaamista projekteille ja toiminnalle, jolla on vaikutus niin oman paikkakuntasi kuin koko maailman hyvinvointiin.<\/p>\n<p>Sinulla on monia erilaisia mahdollisuuksia olla aktiivinen rotari. Voit olla mukana klubisi organisoimassa projektissa tai voit suunnitella oman projektin. Auttamisen ja osallistumisen muotoja on loputon m\u00e4\u00e4r\u00e4, sin\u00e4 itse voit p\u00e4\u00e4tt\u00e4\u00e4, mik\u00e4 on sinulle paras tapa. Jotkut antavat aikaansa ja k\u00e4yv\u00e4t lukemassa vanhuksille sanomalehti\u00e4 tai antavat koululaisille tukiopetusta. Toiset haluavat toimia taloudellisena sponsorina.<\/p>\n<p>Rotaryn kautta voit suunnata my\u00f6s maailmalle esimerkiksi yst\u00e4vyystoiminnan, vaihto-oppilastoiminnan tai kansainv\u00e4listen palveluprojektien avulla. Voit antaa vaihto-oppilaalle kodin tai antaa omaa osaamistasi nuorten johtajien kouluttamisessa.<\/p>\n<p>[\/et_pb_text][et_pb_text admin_label=&#8221;Nelj\u00e4n kysymyksen koe &#8211; Otsikko&#8221; _builder_version=&#8221;4.16&#8243; text_orientation=&#8221;center&#8221; global_colors_info=&#8221;{}&#8221;]<\/p>\n<h4>Kymmenen hyv\u00e4\u00e4 syyt\u00e4 olla rotari<\/h4>\n<p>[\/et_pb_text][et_pb_text _builder_version=&#8221;4.16&#8243; global_colors_info=&#8221;{}&#8221;]<\/p>\n<p>1. Mahdollisuus palvelemiseen<br \/> 2. Ammatillinen verkottuminen<br \/> 3. Henkil\u00f6kohtainen kasvu ja kehittyminen<br \/> 4. Yst\u00e4vyys<br \/> 5. Kulttuurien monimuotoisuus<br \/> 6. Hyv\u00e4 yhteiskunnan j\u00e4sen<br \/> 7. Maailmanlaajuinen yhteisymm\u00e4rrys<br \/> 8. Viihtyminen<br \/> 9. Nuorisovaihto ja rotaryperhe<br \/> 10. Eettinen ymp\u00e4rist\u00f6<\/p>\n<p>[\/et_pb_text][et_pb_text admin_label=&#8221;Nelj\u00e4n kysymyksen koe &#8211; Otsikko&#8221; _builder_version=&#8221;4.16&#8243; text_orientation=&#8221;center&#8221; global_colors_info=&#8221;{}&#8221;]<\/p>\n<h4>Ota yhteytt\u00e4!<\/h4>\n<p>[\/et_pb_text][et_pb_text admin_label=&#8221;Teksti&#8221; _builder_version=&#8221;4.17.4&#8243; global_colors_info=&#8221;{}&#8221;]<\/p>\n<p>Kiinnostuitko?<\/p>\n<p>Jos olet kiinnostunut j\u00e4senyydest\u00e4, ota yhteytt\u00e4 presidenttiimme:<br \/>Kai K\u00f6n\u00f6nen<br \/>p 040 712 3994<br \/>kai.kononen@luumaki.fi<\/p>\n<p>Kutsumme sinun vierailemaan kokoukseemme.<\/p>\n<p>Tervetuloa<\/p>\n<p>[\/et_pb_text][\/et_pb_column_inner][\/et_pb_row_inner][\/et_pb_column][et_pb_column type=&#8221;1_3&#8243; _builder_version=&#8221;4.16&#8243; custom_padding=&#8221;|||&#8221; global_colors_info=&#8221;{}&#8221; custom_padding__hover=&#8221;|||&#8221;][et_pb_sidebar area=&#8221;sidebar-1&#8243; module_class=&#8221;sivupalkki_sisalto&#8221; _builder_version=&#8221;4.16&#8243; locked=&#8221;on&#8221; global_colors_info=&#8221;{}&#8221;][\/et_pb_sidebar][\/et_pb_column][\/et_pb_section]<\/p>\n","protected":false},"excerpt":{"rendered":"<p>Mit\u00e4 voit saada RotaryltaKiinnostaako j\u00e4senyysHaluatko tehd\u00e4 hyv\u00e4\u00e4 ja vaikuttaa asioihin kotipaikkakunnallasi ja maailmanlaajuisesti? Liity Rotaryyn! Saat rotarina hyv\u00e4n mahdollisuuden paikkakuntasi kehitt\u00e4miseen yhdess\u00e4 muiden vaikuttajien kanssa. Voit tehd\u00e4 paljon oman paikkakuntasi j\u00e4senen\u00e4 ja ammattisi edustajana &#8211; vaikuttajana. Rotaryn kautta avautuu mahdollisuuksia ja n\u00e4k\u00f6aloja maailmanlaajuiseen toimintaan.\u00a0 Liittym\u00e4ll\u00e4 klubiimme, liityt k\u00e4yt\u00e4nn\u00f6ss\u00e4 maailman jokaiseen klubiin. Rotarina sinulla on oikeus [&hellip;]<\/p>\n","protected":false},"author":1,"featured_media":0,"parent":1808,"menu_order":0,"comment_status":"closed","ping_status":"closed","template":"","meta":{"_acf_changed":false,"_et_pb_use_builder":"on","_et_pb_old_content":"","_et_gb_content_width":"","footnotes":""},"class_list":["post-173","page","type-page","status-publish","hentry"],"acf":[],"yoast_head":"<!-- This site is optimized with the Yoast SEO plugin v27.4 - https:\/\/yoast.com\/product\/yoast-seo-wordpress\/ -->\n<title>Kiinnostaako j\u00e4senyys? - Lappeenranta Saimaa Rotaryklubi<\/title>\n<meta name=\"robots\" content=\"index, follow, max-snippet:-1, max-image-preview:large, max-video-preview:-1\" \/>\n<link rel=\"canonical\" href=\"https:\/\/rotary.fi\/lappeenrantasaimaa\/mika-on-rotary\/kiinnostaako-jasenyys\/\" \/>\n<meta property=\"og:locale\" content=\"fi_FI\" \/>\n<meta property=\"og:type\" content=\"article\" \/>\n<meta property=\"og:title\" content=\"Kiinnostaako j\u00e4senyys? - Lappeenranta Saimaa Rotaryklubi\" \/>\n<meta property=\"og:description\" content=\"Mit\u00e4 voit saada RotaryltaKiinnostaako j\u00e4senyysHaluatko tehd\u00e4 hyv\u00e4\u00e4 ja vaikuttaa asioihin kotipaikkakunnallasi ja maailmanlaajuisesti? Liity Rotaryyn! Saat rotarina hyv\u00e4n mahdollisuuden paikkakuntasi kehitt\u00e4miseen yhdess\u00e4 muiden vaikuttajien kanssa. Voit tehd\u00e4 paljon oman paikkakuntasi j\u00e4senen\u00e4 ja ammattisi edustajana - vaikuttajana. Rotaryn kautta avautuu mahdollisuuksia ja n\u00e4k\u00f6aloja maailmanlaajuiseen toimintaan.\u00a0 Liittym\u00e4ll\u00e4 klubiimme, liityt k\u00e4yt\u00e4nn\u00f6ss\u00e4 maailman jokaiseen klubiin. Rotarina sinulla on oikeus [&hellip;]\" \/>\n<meta property=\"og:url\" content=\"https:\/\/rotary.fi\/lappeenrantasaimaa\/mika-on-rotary\/kiinnostaako-jasenyys\/\" \/>\n<meta property=\"og:site_name\" content=\"Lappeenranta Saimaa Rotaryklubi\" \/>\n<meta property=\"article:modified_time\" content=\"2025-11-28T16:52:04+00:00\" \/>\n<meta name=\"twitter:card\" content=\"summary_large_image\" \/>\n<meta name=\"twitter:label1\" content=\"Arvioitu lukuaika\" \/>\n\t<meta name=\"twitter:data1\" content=\"3 minuuttia\" \/>\n<script type=\"application\/ld+json\" class=\"yoast-schema-graph\">{\"@context\":\"https:\\\/\\\/schema.org\",\"@graph\":[{\"@type\":\"WebPage\",\"@id\":\"https:\\\/\\\/rotary.fi\\\/lappeenrantasaimaa\\\/mika-on-rotary\\\/kiinnostaako-jasenyys\\\/\",\"url\":\"https:\\\/\\\/rotary.fi\\\/lappeenrantasaimaa\\\/mika-on-rotary\\\/kiinnostaako-jasenyys\\\/\",\"name\":\"Kiinnostaako j\u00e4senyys? - Lappeenranta Saimaa Rotaryklubi\",\"isPartOf\":{\"@id\":\"https:\\\/\\\/rotary.fi\\\/lappeenrantasaimaa\\\/#website\"},\"datePublished\":\"2018-08-13T07:39:15+00:00\",\"dateModified\":\"2025-11-28T16:52:04+00:00\",\"breadcrumb\":{\"@id\":\"https:\\\/\\\/rotary.fi\\\/lappeenrantasaimaa\\\/mika-on-rotary\\\/kiinnostaako-jasenyys\\\/#breadcrumb\"},\"inLanguage\":\"fi\",\"potentialAction\":[{\"@type\":\"ReadAction\",\"target\":[\"https:\\\/\\\/rotary.fi\\\/lappeenrantasaimaa\\\/mika-on-rotary\\\/kiinnostaako-jasenyys\\\/\"]}]},{\"@type\":\"BreadcrumbList\",\"@id\":\"https:\\\/\\\/rotary.fi\\\/lappeenrantasaimaa\\\/mika-on-rotary\\\/kiinnostaako-jasenyys\\\/#breadcrumb\",\"itemListElement\":[{\"@type\":\"ListItem\",\"position\":1,\"name\":\"Home\",\"item\":\"https:\\\/\\\/rotary.fi\\\/lappeenrantasaimaa\\\/\"},{\"@type\":\"ListItem\",\"position\":2,\"name\":\"Mik\u00e4 on Rotary\",\"item\":\"https:\\\/\\\/rotary.fi\\\/lappeenrantasaimaa\\\/mika-on-rotary\\\/\"},{\"@type\":\"ListItem\",\"position\":3,\"name\":\"Kiinnostaako j\u00e4senyys?\"}]},{\"@type\":\"WebSite\",\"@id\":\"https:\\\/\\\/rotary.fi\\\/lappeenrantasaimaa\\\/#website\",\"url\":\"https:\\\/\\\/rotary.fi\\\/lappeenrantasaimaa\\\/\",\"name\":\"Lappeenranta Saimaa Rotaryklubi\",\"description\":\"Uusi Rotary klubisivusto\",\"potentialAction\":[{\"@type\":\"SearchAction\",\"target\":{\"@type\":\"EntryPoint\",\"urlTemplate\":\"https:\\\/\\\/rotary.fi\\\/lappeenrantasaimaa\\\/?s={search_term_string}\"},\"query-input\":{\"@type\":\"PropertyValueSpecification\",\"valueRequired\":true,\"valueName\":\"search_term_string\"}}],\"inLanguage\":\"fi\"}]}<\/script>\n<!-- \/ Yoast SEO plugin. -->","yoast_head_json":{"title":"Kiinnostaako j\u00e4senyys? - Lappeenranta Saimaa Rotaryklubi","robots":{"index":"index","follow":"follow","max-snippet":"max-snippet:-1","max-image-preview":"max-image-preview:large","max-video-preview":"max-video-preview:-1"},"canonical":"https:\/\/rotary.fi\/lappeenrantasaimaa\/mika-on-rotary\/kiinnostaako-jasenyys\/","og_locale":"fi_FI","og_type":"article","og_title":"Kiinnostaako j\u00e4senyys? - Lappeenranta Saimaa Rotaryklubi","og_description":"Mit\u00e4 voit saada RotaryltaKiinnostaako j\u00e4senyysHaluatko tehd\u00e4 hyv\u00e4\u00e4 ja vaikuttaa asioihin kotipaikkakunnallasi ja maailmanlaajuisesti? Liity Rotaryyn! Saat rotarina hyv\u00e4n mahdollisuuden paikkakuntasi kehitt\u00e4miseen yhdess\u00e4 muiden vaikuttajien kanssa. Voit tehd\u00e4 paljon oman paikkakuntasi j\u00e4senen\u00e4 ja ammattisi edustajana - vaikuttajana. Rotaryn kautta avautuu mahdollisuuksia ja n\u00e4k\u00f6aloja maailmanlaajuiseen toimintaan.\u00a0 Liittym\u00e4ll\u00e4 klubiimme, liityt k\u00e4yt\u00e4nn\u00f6ss\u00e4 maailman jokaiseen klubiin. Rotarina sinulla on oikeus [&hellip;]","og_url":"https:\/\/rotary.fi\/lappeenrantasaimaa\/mika-on-rotary\/kiinnostaako-jasenyys\/","og_site_name":"Lappeenranta Saimaa Rotaryklubi","article_modified_time":"2025-11-28T16:52:04+00:00","twitter_card":"summary_large_image","twitter_misc":{"Arvioitu lukuaika":"3 minuuttia"},"schema":{"@context":"https:\/\/schema.org","@graph":[{"@type":"WebPage","@id":"https:\/\/rotary.fi\/lappeenrantasaimaa\/mika-on-rotary\/kiinnostaako-jasenyys\/","url":"https:\/\/rotary.fi\/lappeenrantasaimaa\/mika-on-rotary\/kiinnostaako-jasenyys\/","name":"Kiinnostaako j\u00e4senyys? - Lappeenranta Saimaa Rotaryklubi","isPartOf":{"@id":"https:\/\/rotary.fi\/lappeenrantasaimaa\/#website"},"datePublished":"2018-08-13T07:39:15+00:00","dateModified":"2025-11-28T16:52:04+00:00","breadcrumb":{"@id":"https:\/\/rotary.fi\/lappeenrantasaimaa\/mika-on-rotary\/kiinnostaako-jasenyys\/#breadcrumb"},"inLanguage":"fi","potentialAction":[{"@type":"ReadAction","target":["https:\/\/rotary.fi\/lappeenrantasaimaa\/mika-on-rotary\/kiinnostaako-jasenyys\/"]}]},{"@type":"BreadcrumbList","@id":"https:\/\/rotary.fi\/lappeenrantasaimaa\/mika-on-rotary\/kiinnostaako-jasenyys\/#breadcrumb","itemListElement":[{"@type":"ListItem","position":1,"name":"Home","item":"https:\/\/rotary.fi\/lappeenrantasaimaa\/"},{"@type":"ListItem","position":2,"name":"Mik\u00e4 on Rotary","item":"https:\/\/rotary.fi\/lappeenrantasaimaa\/mika-on-rotary\/"},{"@type":"ListItem","position":3,"name":"Kiinnostaako j\u00e4senyys?"}]},{"@type":"WebSite","@id":"https:\/\/rotary.fi\/lappeenrantasaimaa\/#website","url":"https:\/\/rotary.fi\/lappeenrantasaimaa\/","name":"Lappeenranta Saimaa Rotaryklubi","description":"Uusi Rotary klubisivusto","potentialAction":[{"@type":"SearchAction","target":{"@type":"EntryPoint","urlTemplate":"https:\/\/rotary.fi\/lappeenrantasaimaa\/?s={search_term_string}"},"query-input":{"@type":"PropertyValueSpecification","valueRequired":true,"valueName":"search_term_string"}}],"inLanguage":"fi"}]}},"lang":"fi","translations":{"fi":173},"pll_sync_post":[],"_links":{"self":[{"href":"https:\/\/rotary.fi\/lappeenrantasaimaa\/wp-json\/wp\/v2\/pages\/173","targetHints":{"allow":["GET"]}}],"collection":[{"href":"https:\/\/rotary.fi\/lappeenrantasaimaa\/wp-json\/wp\/v2\/pages"}],"about":[{"href":"https:\/\/rotary.fi\/lappeenrantasaimaa\/wp-json\/wp\/v2\/types\/page"}],"author":[{"embeddable":true,"href":"https:\/\/rotary.fi\/lappeenrantasaimaa\/wp-json\/wp\/v2\/users\/1"}],"replies":[{"embeddable":true,"href":"https:\/\/rotary.fi\/lappeenrantasaimaa\/wp-json\/wp\/v2\/comments?post=173"}],"version-history":[{"count":10,"href":"https:\/\/rotary.fi\/lappeenrantasaimaa\/wp-json\/wp\/v2\/pages\/173\/revisions"}],"predecessor-version":[{"id":3670,"href":"https:\/\/rotary.fi\/lappeenrantasaimaa\/wp-json\/wp\/v2\/pages\/173\/revisions\/3670"}],"up":[{"embeddable":true,"href":"https:\/\/rotary.fi\/lappeenrantasaimaa\/wp-json\/wp\/v2\/pages\/1808"}],"wp:attachment":[{"href":"https:\/\/rotary.fi\/lappeenrantasaimaa\/wp-json\/wp\/v2\/media?parent=173"}],"curies":[{"name":"wp","href":"https:\/\/api.w.org\/{rel}","templated":true}]}}