{"id":2412,"date":"2025-07-01T09:38:52","date_gmt":"2025-07-01T06:38:52","guid":{"rendered":"https:\/\/rotary.fi\/laitila\/?page_id=2412"},"modified":"2025-07-01T09:46:53","modified_gmt":"2025-07-01T06:46:53","slug":"rauhan_pylvas","status":"publish","type":"page","link":"https:\/\/rotary.fi\/laitila\/mita-teemme\/rauhan_pylvas\/","title":{"rendered":"Vallitkoon rauha maailmassa"},"content":{"rendered":"<p>[et_pb_section fb_built=&#8221;1&#8243; module_class=&#8221;jumbotron-page&#8221; _builder_version=&#8221;4.27.4&#8243; background_image=&#8221;https:\/\/rotary.fi\/laitila\/wp-content\/uploads\/sites\/26\/2025\/07\/img-0319.jpg&#8221; hover_enabled=&#8221;0&#8243; global_colors_info=&#8221;{}&#8221; title_text=&#8221;IMG_0319&#8243; sticky_enabled=&#8221;0&#8243;][et_pb_row _builder_version=&#8221;4.16&#8243; background_size=&#8221;initial&#8221; background_position=&#8221;top_left&#8221; background_repeat=&#8221;repeat&#8221; global_colors_info=&#8221;{}&#8221;][et_pb_column type=&#8221;4_4&#8243; _builder_version=&#8221;4.16&#8243; custom_padding=&#8221;|||&#8221; global_colors_info=&#8221;{}&#8221; custom_padding__hover=&#8221;|||&#8221;][et_pb_text admin_label=&#8221;P\u00e4\u00e4otsikko&#8221; _builder_version=&#8221;4.27.4&#8243; text_orientation=&#8221;center&#8221; background_layout=&#8221;dark&#8221; global_colors_info=&#8221;{}&#8221;]<\/p>\n<h1>May Peace prevail on Earth \u2014 vallitkoon Rauha maailmassa<\/h1>\n<p>[\/et_pb_text][\/et_pb_column][\/et_pb_row][\/et_pb_section][et_pb_section fb_built=&#8221;1&#8243; specialty=&#8221;on&#8221; module_class_2=&#8221;sivupalkki&#8221; _builder_version=&#8221;4.16&#8243; global_colors_info=&#8221;{}&#8221;][et_pb_column type=&#8221;2_3&#8243; specialty_columns=&#8221;2&#8243; _builder_version=&#8221;4.16&#8243; custom_padding=&#8221;|||&#8221; global_colors_info=&#8221;{}&#8221; custom_padding__hover=&#8221;|||&#8221;][et_pb_row_inner admin_label=&#8221;Rivi&#8221; _builder_version=&#8221;4.16&#8243; global_colors_info=&#8221;{}&#8221;][et_pb_column_inner saved_specialty_column_type=&#8221;2_3&#8243; _builder_version=&#8221;4.16&#8243; custom_padding=&#8221;|||&#8221; global_colors_info=&#8221;{}&#8221; custom_padding__hover=&#8221;|||&#8221;][et_pb_text admin_label=&#8221;V\u00e4liotsikko&#8221; _builder_version=&#8221;4.16&#8243; text_orientation=&#8221;center&#8221; global_colors_info=&#8221;{}&#8221;][\/et_pb_text][et_pb_text _builder_version=&#8221;4.27.4&#8243; global_colors_info=&#8221;{}&#8221;]<\/p>\n<p>Oletko huomannut, ett\u00e4 Laitilan torin esiintymislavan vierelle on ilmestynyt valkoinen pylv\u00e4s, jota koristaa teksti \u201dVallitkoon rauha maailmassa\u201d? Kyseess\u00e4 on Laitilan rotaryklubin 11.6.2025 pystytt\u00e4m\u00e4 Rauhan pylv\u00e4s. N\u00e4it\u00e4 vaatimattoman n\u00e4k\u00f6isi\u00e4, mutta merkitt\u00e4vi\u00e4 monumentteja l\u00f6ytyy ymp\u00e4ri maailmaa. Niiden tarkoitus on muistuttaa meit\u00e4 kaikkia siit\u00e4, mik\u00e4 valtava merkitys rauhalla on meille jokaiselle.<\/p>\n<p>Rotary on maailmanlaajuinen palveluj\u00e4rjest\u00f6. Rotarit toimivat omien yhteis\u00f6idens\u00e4 sek\u00e4 koko maailman parhaaksi monilla tavoilla: ehk\u00e4isem\u00e4ll\u00e4 sairauksia, huolehtimalla puhtaanveden saannista ja hygieniasta, \u00e4itien ja lasten elinolosuhteita parantamalla, koulutusta tukemalla, ymp\u00e4rist\u00f6st\u00e4 huolehtimalla ja rauhaa rakentamalla. Rauha on tavoitteista keskeisin. Kaikki muu hyv\u00e4 mit\u00e4 on mahdollista ainoastaan rauhantilassa. Rotaryll\u00e4 on ymp\u00e4ri maailmaa yliopistojen yhteydess\u00e4 toimivia<br \/>rauhankeskuksia, joissa koulutetaan rauhan saavuttamisen ja yll\u00e4pit\u00e4misen ammattilaisia. Rotaryn t\u00e4rkein rauhanprojekti on kuitenkin nuorisovaihto. Joka vuosi 8000 nuorta saa tilaisuuden tutustua toiseen maahan ja kulttuuriin kokonaisen kouluvuoden ajan. Laitilasta nuoria on l\u00e4htenyt vuosikymmenten kuluessa vaihtoon jo noin viisikymment\u00e4 onnekasta.<\/p>\n<p>Rauhanpylv\u00e4s on toivon ja maailmanrauhan symboli. Ajatus rauhan edist\u00e4misest\u00e4 pylv\u00e4it\u00e4 pystytt\u00e4m\u00e4ll\u00e4 on syntynyt Japanissa viisikymment\u00e4 vuotta sitten. Laitilaan pystytetty pylv\u00e4s on Suomen ensimm\u00e4inen, mutta eri puolilla maailmaa niit\u00e4 on arviolta 250 000. Pylv\u00e4\u00e4ss\u00e4 on teksti \u201dVallitkoon rauha maailmassa\u201d seitsem\u00e4ll\u00e4 kielell\u00e4: suomeksi, ruotsiksi, englanniksi, ukrainaksi, flaamiksi, italiaksi ja portugaliksi. Kolme viimeist\u00e4 kielt\u00e4 on valittu viimeisimpien Laitilassa olleiden vaihto-oppilaiden kotimaiden perusteella. Lis\u00e4ksi n\u00e4kyviss\u00e4 on teksti \u201dMay peace be in our hearts\u201d, vallitkoon rauha syd\u00e4miss\u00e4mme.<\/p>\n<p>Laitilan rotaryklubi toivoo rauhanpylv\u00e4\u00e4n tarjoavan kokoontumispaikan kaikille rauhaa tahtoville ihmisille. Klubin tarkoituksena on kerran vuodessa, Maailman rauhan p\u00e4iv\u00e4n\u00e4 21.syyskuuta, j\u00e4rjest\u00e4\u00e4 pylv\u00e4\u00e4n l\u00e4hettyvill\u00e4 rauha-aiheinen tilaisuus.<\/p>\n<p>Lis\u00e4tietoja <a href=\"https:\/\/www.rotary.org\/en\/our-causes\/promoting-peace\">Rotaryn toiminnasta rauhan edist\u00e4miseksi.<\/a><\/p>\n<p>Lis\u00e4tietoja <a href=\"https:\/\/www.worldpeace.org\/\">Rauhan pylv\u00e4\u00e4st\u00e4<\/a><\/p>\n<p>&nbsp;<\/p>\n<p>[\/et_pb_text][\/et_pb_column_inner][\/et_pb_row_inner][\/et_pb_column][et_pb_column type=&#8221;1_3&#8243; _builder_version=&#8221;4.16&#8243; custom_padding=&#8221;|||&#8221; global_colors_info=&#8221;{}&#8221; custom_padding__hover=&#8221;|||&#8221;][et_pb_sidebar area=&#8221;sidebar-1&#8243; module_class=&#8221;sivupalkki_sisalto&#8221; _builder_version=&#8221;4.16&#8243; locked=&#8221;on&#8221; global_colors_info=&#8221;{}&#8221;][\/et_pb_sidebar][\/et_pb_column][\/et_pb_section]<\/p>\n","protected":false},"excerpt":{"rendered":"<p>May Peace prevail on Earth \u2014 vallitkoon Rauha maailmassaOletko huomannut, ett\u00e4 Laitilan torin esiintymislavan vierelle on ilmestynyt valkoinen pylv\u00e4s, jota koristaa teksti \u201dVallitkoon rauha maailmassa\u201d? Kyseess\u00e4 on Laitilan rotaryklubin 11.6.2025 pystytt\u00e4m\u00e4 Rauhan pylv\u00e4s. N\u00e4it\u00e4 vaatimattoman n\u00e4k\u00f6isi\u00e4, mutta merkitt\u00e4vi\u00e4 monumentteja l\u00f6ytyy ymp\u00e4ri maailmaa. Niiden tarkoitus on muistuttaa meit\u00e4 kaikkia siit\u00e4, mik\u00e4 valtava merkitys rauhalla on meille [&hellip;]<\/p>\n","protected":false},"author":384,"featured_media":0,"parent":77,"menu_order":0,"comment_status":"closed","ping_status":"closed","template":"","meta":{"_acf_changed":false,"_et_pb_use_builder":"on","_et_pb_old_content":"","_et_gb_content_width":"","footnotes":""},"class_list":["post-2412","page","type-page","status-publish","hentry"],"acf":[],"yoast_head":"<!-- This site is optimized with the Yoast SEO plugin v27.4 - https:\/\/yoast.com\/product\/yoast-seo-wordpress\/ -->\n<title>Vallitkoon rauha maailmassa - Laitilan Rotaryklubi<\/title>\n<meta name=\"robots\" content=\"index, follow, max-snippet:-1, max-image-preview:large, max-video-preview:-1\" \/>\n<link rel=\"canonical\" href=\"https:\/\/rotary.fi\/laitila\/mita-teemme\/rauhan_pylvas\/\" \/>\n<meta property=\"og:locale\" content=\"fi_FI\" \/>\n<meta property=\"og:type\" content=\"article\" \/>\n<meta property=\"og:title\" content=\"Vallitkoon rauha maailmassa - Laitilan Rotaryklubi\" \/>\n<meta property=\"og:description\" content=\"May Peace prevail on Earth \u2014 vallitkoon Rauha maailmassaOletko huomannut, ett\u00e4 Laitilan torin esiintymislavan vierelle on ilmestynyt valkoinen pylv\u00e4s, jota koristaa teksti \u201dVallitkoon rauha maailmassa\u201d? Kyseess\u00e4 on Laitilan rotaryklubin 11.6.2025 pystytt\u00e4m\u00e4 Rauhan pylv\u00e4s. N\u00e4it\u00e4 vaatimattoman n\u00e4k\u00f6isi\u00e4, mutta merkitt\u00e4vi\u00e4 monumentteja l\u00f6ytyy ymp\u00e4ri maailmaa. Niiden tarkoitus on muistuttaa meit\u00e4 kaikkia siit\u00e4, mik\u00e4 valtava merkitys rauhalla on meille [&hellip;]\" \/>\n<meta property=\"og:url\" content=\"https:\/\/rotary.fi\/laitila\/mita-teemme\/rauhan_pylvas\/\" \/>\n<meta property=\"og:site_name\" content=\"Laitilan Rotaryklubi\" \/>\n<meta property=\"article:modified_time\" content=\"2025-07-01T06:46:53+00:00\" \/>\n<meta name=\"twitter:card\" content=\"summary_large_image\" \/>\n<meta name=\"twitter:label1\" content=\"Arvioitu lukuaika\" \/>\n\t<meta name=\"twitter:data1\" content=\"3 minuuttia\" \/>\n<script type=\"application\/ld+json\" class=\"yoast-schema-graph\">{\"@context\":\"https:\\\/\\\/schema.org\",\"@graph\":[{\"@type\":\"WebPage\",\"@id\":\"https:\\\/\\\/rotary.fi\\\/laitila\\\/mita-teemme\\\/rauhan_pylvas\\\/\",\"url\":\"https:\\\/\\\/rotary.fi\\\/laitila\\\/mita-teemme\\\/rauhan_pylvas\\\/\",\"name\":\"Vallitkoon rauha maailmassa - Laitilan Rotaryklubi\",\"isPartOf\":{\"@id\":\"https:\\\/\\\/rotary.fi\\\/laitila\\\/#website\"},\"datePublished\":\"2025-07-01T06:38:52+00:00\",\"dateModified\":\"2025-07-01T06:46:53+00:00\",\"breadcrumb\":{\"@id\":\"https:\\\/\\\/rotary.fi\\\/laitila\\\/mita-teemme\\\/rauhan_pylvas\\\/#breadcrumb\"},\"inLanguage\":\"fi\",\"potentialAction\":[{\"@type\":\"ReadAction\",\"target\":[\"https:\\\/\\\/rotary.fi\\\/laitila\\\/mita-teemme\\\/rauhan_pylvas\\\/\"]}]},{\"@type\":\"BreadcrumbList\",\"@id\":\"https:\\\/\\\/rotary.fi\\\/laitila\\\/mita-teemme\\\/rauhan_pylvas\\\/#breadcrumb\",\"itemListElement\":[{\"@type\":\"ListItem\",\"position\":1,\"name\":\"Home\",\"item\":\"https:\\\/\\\/rotary.fi\\\/laitila\\\/\"},{\"@type\":\"ListItem\",\"position\":2,\"name\":\"Mit\u00e4 teemme\",\"item\":\"https:\\\/\\\/rotary.fi\\\/laitila\\\/mita-teemme\\\/\"},{\"@type\":\"ListItem\",\"position\":3,\"name\":\"Vallitkoon rauha maailmassa\"}]},{\"@type\":\"WebSite\",\"@id\":\"https:\\\/\\\/rotary.fi\\\/laitila\\\/#website\",\"url\":\"https:\\\/\\\/rotary.fi\\\/laitila\\\/\",\"name\":\"Laitilan Rotaryklubi\",\"description\":\"Uusi Rotary klubisivusto\",\"potentialAction\":[{\"@type\":\"SearchAction\",\"target\":{\"@type\":\"EntryPoint\",\"urlTemplate\":\"https:\\\/\\\/rotary.fi\\\/laitila\\\/?s={search_term_string}\"},\"query-input\":{\"@type\":\"PropertyValueSpecification\",\"valueRequired\":true,\"valueName\":\"search_term_string\"}}],\"inLanguage\":\"fi\"}]}<\/script>\n<!-- \/ Yoast SEO plugin. -->","yoast_head_json":{"title":"Vallitkoon rauha maailmassa - Laitilan Rotaryklubi","robots":{"index":"index","follow":"follow","max-snippet":"max-snippet:-1","max-image-preview":"max-image-preview:large","max-video-preview":"max-video-preview:-1"},"canonical":"https:\/\/rotary.fi\/laitila\/mita-teemme\/rauhan_pylvas\/","og_locale":"fi_FI","og_type":"article","og_title":"Vallitkoon rauha maailmassa - Laitilan Rotaryklubi","og_description":"May Peace prevail on Earth \u2014 vallitkoon Rauha maailmassaOletko huomannut, ett\u00e4 Laitilan torin esiintymislavan vierelle on ilmestynyt valkoinen pylv\u00e4s, jota koristaa teksti \u201dVallitkoon rauha maailmassa\u201d? Kyseess\u00e4 on Laitilan rotaryklubin 11.6.2025 pystytt\u00e4m\u00e4 Rauhan pylv\u00e4s. N\u00e4it\u00e4 vaatimattoman n\u00e4k\u00f6isi\u00e4, mutta merkitt\u00e4vi\u00e4 monumentteja l\u00f6ytyy ymp\u00e4ri maailmaa. Niiden tarkoitus on muistuttaa meit\u00e4 kaikkia siit\u00e4, mik\u00e4 valtava merkitys rauhalla on meille [&hellip;]","og_url":"https:\/\/rotary.fi\/laitila\/mita-teemme\/rauhan_pylvas\/","og_site_name":"Laitilan Rotaryklubi","article_modified_time":"2025-07-01T06:46:53+00:00","twitter_card":"summary_large_image","twitter_misc":{"Arvioitu lukuaika":"3 minuuttia"},"schema":{"@context":"https:\/\/schema.org","@graph":[{"@type":"WebPage","@id":"https:\/\/rotary.fi\/laitila\/mita-teemme\/rauhan_pylvas\/","url":"https:\/\/rotary.fi\/laitila\/mita-teemme\/rauhan_pylvas\/","name":"Vallitkoon rauha maailmassa - Laitilan Rotaryklubi","isPartOf":{"@id":"https:\/\/rotary.fi\/laitila\/#website"},"datePublished":"2025-07-01T06:38:52+00:00","dateModified":"2025-07-01T06:46:53+00:00","breadcrumb":{"@id":"https:\/\/rotary.fi\/laitila\/mita-teemme\/rauhan_pylvas\/#breadcrumb"},"inLanguage":"fi","potentialAction":[{"@type":"ReadAction","target":["https:\/\/rotary.fi\/laitila\/mita-teemme\/rauhan_pylvas\/"]}]},{"@type":"BreadcrumbList","@id":"https:\/\/rotary.fi\/laitila\/mita-teemme\/rauhan_pylvas\/#breadcrumb","itemListElement":[{"@type":"ListItem","position":1,"name":"Home","item":"https:\/\/rotary.fi\/laitila\/"},{"@type":"ListItem","position":2,"name":"Mit\u00e4 teemme","item":"https:\/\/rotary.fi\/laitila\/mita-teemme\/"},{"@type":"ListItem","position":3,"name":"Vallitkoon rauha maailmassa"}]},{"@type":"WebSite","@id":"https:\/\/rotary.fi\/laitila\/#website","url":"https:\/\/rotary.fi\/laitila\/","name":"Laitilan Rotaryklubi","description":"Uusi Rotary klubisivusto","potentialAction":[{"@type":"SearchAction","target":{"@type":"EntryPoint","urlTemplate":"https:\/\/rotary.fi\/laitila\/?s={search_term_string}"},"query-input":{"@type":"PropertyValueSpecification","valueRequired":true,"valueName":"search_term_string"}}],"inLanguage":"fi"}]}},"lang":"fi","translations":{"fi":2412},"pll_sync_post":[],"_links":{"self":[{"href":"https:\/\/rotary.fi\/laitila\/wp-json\/wp\/v2\/pages\/2412","targetHints":{"allow":["GET"]}}],"collection":[{"href":"https:\/\/rotary.fi\/laitila\/wp-json\/wp\/v2\/pages"}],"about":[{"href":"https:\/\/rotary.fi\/laitila\/wp-json\/wp\/v2\/types\/page"}],"author":[{"embeddable":true,"href":"https:\/\/rotary.fi\/laitila\/wp-json\/wp\/v2\/users\/384"}],"replies":[{"embeddable":true,"href":"https:\/\/rotary.fi\/laitila\/wp-json\/wp\/v2\/comments?post=2412"}],"version-history":[{"count":7,"href":"https:\/\/rotary.fi\/laitila\/wp-json\/wp\/v2\/pages\/2412\/revisions"}],"predecessor-version":[{"id":2426,"href":"https:\/\/rotary.fi\/laitila\/wp-json\/wp\/v2\/pages\/2412\/revisions\/2426"}],"up":[{"embeddable":true,"href":"https:\/\/rotary.fi\/laitila\/wp-json\/wp\/v2\/pages\/77"}],"wp:attachment":[{"href":"https:\/\/rotary.fi\/laitila\/wp-json\/wp\/v2\/media?parent=2412"}],"curies":[{"name":"wp","href":"https:\/\/api.w.org\/{rel}","templated":true}]}}