{"id":2042,"date":"2023-01-26T14:29:13","date_gmt":"2023-01-26T12:29:13","guid":{"rendered":"https:\/\/rotary.fi\/laitila\/?page_id=2042"},"modified":"2023-06-08T13:45:04","modified_gmt":"2023-06-08T10:45:04","slug":"pelastakaa-polyttajat","status":"publish","type":"page","link":"https:\/\/rotary.fi\/laitila\/mita-teemme\/pelastakaa-polyttajat\/","title":{"rendered":"Pelastakaa p\u00f6lytt\u00e4j\u00e4t"},"content":{"rendered":"<p>[et_pb_section fb_built=&#8221;1&#8243; module_class=&#8221;jumbotron-page&#8221; _builder_version=&#8221;4.19.0&#8243; background_image=&#8221;https:\/\/rotary.fi\/laitila\/wp-content\/uploads\/sites\/26\/2023\/01\/tarhakimalainenbombushortorum-1.jpg&#8221; global_colors_info=&#8221;{}&#8221;][et_pb_row _builder_version=&#8221;4.16&#8243; background_size=&#8221;initial&#8221; background_position=&#8221;top_left&#8221; background_repeat=&#8221;repeat&#8221; global_colors_info=&#8221;{}&#8221;][et_pb_column type=&#8221;4_4&#8243; _builder_version=&#8221;4.16&#8243; custom_padding=&#8221;|||&#8221; global_colors_info=&#8221;{}&#8221; custom_padding__hover=&#8221;|||&#8221;][et_pb_text admin_label=&#8221;P\u00e4\u00e4otsikko&#8221; _builder_version=&#8221;4.16&#8243; text_orientation=&#8221;center&#8221; background_layout=&#8221;dark&#8221; global_colors_info=&#8221;{}&#8221;]<\/p>\n<h1>Pelastakaa p\u00f6lytt\u00e4j\u00e4t<\/h1>\n<p>[\/et_pb_text][\/et_pb_column][\/et_pb_row][\/et_pb_section][et_pb_section fb_built=&#8221;1&#8243; specialty=&#8221;on&#8221; module_class_2=&#8221;sivupalkki&#8221; _builder_version=&#8221;4.16&#8243; global_colors_info=&#8221;{}&#8221;][et_pb_column type=&#8221;2_3&#8243; specialty_columns=&#8221;2&#8243; _builder_version=&#8221;4.16&#8243; custom_padding=&#8221;|||&#8221; global_colors_info=&#8221;{}&#8221; custom_padding__hover=&#8221;|||&#8221;][et_pb_row_inner admin_label=&#8221;Rivi&#8221; _builder_version=&#8221;4.16&#8243; global_colors_info=&#8221;{}&#8221;][et_pb_column_inner saved_specialty_column_type=&#8221;2_3&#8243; _builder_version=&#8221;4.16&#8243; custom_padding=&#8221;|||&#8221; global_colors_info=&#8221;{}&#8221; custom_padding__hover=&#8221;|||&#8221;][et_pb_text admin_label=&#8221;V\u00e4liotsikko&#8221; _builder_version=&#8221;4.16&#8243; text_orientation=&#8221;center&#8221; global_colors_info=&#8221;{}&#8221;][\/et_pb_text][et_pb_text _builder_version=&#8221;4.19.0&#8243; global_colors_info=&#8221;{}&#8221;]<\/p>\n<p>Klubillamme on k\u00e4ynniss\u00e4 ymp\u00e4rist\u00f6projekti &#8221;Pelastakaa p\u00f6lytt\u00e4j\u00e4t &#8211; R\u00e4dda Pollinerarna&#8221; yhteisty\u00f6ss\u00e4 Kemi\u00f6nsaaren rotaryklubin kanssa.<\/p>\n<p>P\u00f6lytt\u00e4jien merkitys maailman ruoantuotannolle on kiistaton.<\/p>\n<p>Ryhtyk\u00e4\u00e4mme siis yhdess\u00e4 pelastamaan p\u00f6lytt\u00e4ji\u00e4!<\/p>\n<p class=\"p1\">Mit\u00e4 voimme tehd\u00e4?<\/p>\n<ul>\n<li>Istuttaa p\u00f6lytt\u00e4jien suosimia kukkivia puita, kuten esim. raita, tuomi, lepp\u00e4, vaahtera, pihlaja, hevoskastanja, hedelm\u00e4puut ja mets\u00e4lehmus.<\/li>\n<li>J\u00e4tt\u00e4\u00e4 nurmikon leikkuu v\u00e4hemm\u00e4lle (t\u00e4t\u00e4 olemme harrastaneetkin jo pitk\u00e4\u00e4n, toim.huom.)<\/li>\n<li>Kylv\u00e4\u00e4 kukkaniittyj\u00e4<\/li>\n<li>Istuttaa pihaan kukkivia mesikasveja<\/li>\n<li>Rakentaa hy\u00f6nteishotelleja<\/li>\n<li>Perustaa mesibaareja<\/li>\n<\/ul>\n<p class=\"p1\"><strong>P\u00f6lytt\u00e4jiin liittyvi\u00e4 linkkej\u00e4:<\/strong><\/p>\n<p class=\"p1\">Ohjeita hy\u00f6teishotellien perustamiseen<\/p>\n<p class=\"p1\"><a href=\"https:\/\/www.youtube.com\/watch?v=jrEDqBAvum4\">Maa- ja kotitalousnaisten video<\/a><\/p>\n<p class=\"p1\">Sivustoja<\/p>\n<p class=\"p1\"><a href=\"https:\/\/www.otokkatieto.fi\/\">\u00d6t\u00f6kk\u00e4tieto<\/a><\/p>\n<p class=\"p1\"><a style=\"font-size: 16px\" href=\"http:\/\/www.luontokoulut.fi\/\">Luontokoulut<\/a><\/p>\n<p class=\"p1\"><a href=\"https:\/\/laji.fi\/\">Suomen Lajitietokeskus<\/a><\/p>\n<p class=\"p1\"><a style=\"font-size: 16px\" href=\"https:\/\/www.auratradgardsvanner.fi\/mesibaari-nektarbar\/\">Mesibaari<\/a><\/p>\n<p class=\"p1\">[\/et_pb_text][\/et_pb_column_inner][\/et_pb_row_inner][et_pb_row_inner admin_label=&#8221;Rivi&#8221; _builder_version=&#8221;4.16&#8243; global_colors_info=&#8221;{}&#8221;][et_pb_column_inner saved_specialty_column_type=&#8221;2_3&#8243; _builder_version=&#8221;4.16&#8243; custom_padding=&#8221;|||&#8221; global_colors_info=&#8221;{}&#8221; custom_padding__hover=&#8221;|||&#8221;][et_pb_text admin_label=&#8221;V\u00e4liotsikko&#8221; _builder_version=&#8221;4.19.0&#8243; text_orientation=&#8221;center&#8221; global_colors_info=&#8221;{}&#8221;]<\/p>\n<h4>Kukkaniitty<\/h4>\n<p>[\/et_pb_text][et_pb_text _builder_version=&#8221;4.21.0&#8243; hover_enabled=&#8221;0&#8243; global_colors_info=&#8221;{}&#8221; sticky_enabled=&#8221;0&#8243;]<\/p>\n<p class=\"p1\">P\u00f6lytt\u00e4jien houkuttelemiseksi ja niiden ravinnonsaannin turvaamiseksi kannattaa siis perustaa <strong>kukkaniittyj\u00e4.<\/strong><\/p>\n<p>Olemme teett\u00e4neet Suomen Niittysiemen Oy:ll\u00e4 oloihimme soveltuvat, suomalaisia siemeni\u00e4 sis\u00e4lt\u00e4v\u00e4t Rotary-kukkaniittyseokset. Myynniss\u00e4 oleva pussi riitt\u00e4\u00e4 10 m2 kukkaniityn perustamiseen.<\/p>\n<p>Seospussit sis\u00e4lt\u00e4v\u00e4t seuraavien kasvien siemeni\u00e4:<\/p>\n<ul>\n<li>hirvenkello<\/li>\n<li>keltamatara<\/li>\n<li>keltasauramo<\/li>\n<li>kissankello<\/li>\n<li>kumina<\/li>\n<li>nurmikohokki<\/li>\n<li>ojak\u00e4rs\u00e4m\u00f6<\/li>\n<li>p\u00e4iv\u00e4nkakkara<\/li>\n<li>rohtosalkoruusu<\/li>\n<li>ruiskaunokki<\/li>\n<li>ruusuruoho<\/li>\n<li>suopayrtti<\/li>\n<li>valkoailakki<\/li>\n<\/ul>\n<p><a href=\"https:\/\/rotary.fi\/laitila\/wp-content\/uploads\/sites\/26\/2023\/01\/Siemenpussi.pdf\">Lataa kuvat t\u00e4st\u00e4<\/a><\/p>\n<p>Pussit on kev\u00e4\u00e4n 2023 osalta myyty loppuun.\u00a0<\/p>\n<p class=\"p1\"><a href=\"https:\/\/rotary.fi\/laitila\/wp-content\/uploads\/sites\/26\/2023\/01\/ohje.pdf\">Ohje niityn perustamiseen ja hoitoon.<\/a><\/p>\n<p>Muista olla k\u00e4rsiv\u00e4llinen; niittykukat kehittyv\u00e4t hitaasti ensimm\u00e4isen\u00e4 kes\u00e4n\u00e4!<\/p>\n<p><a href=\"https:\/\/niittysiemen.fi\/\">Lue lis\u00e4\u00e4<\/a> Suomen Niittysiemen Oy:n sivustolta.<\/p>\n<p class=\"p2\">[\/et_pb_text][\/et_pb_column_inner][\/et_pb_row_inner][\/et_pb_column][et_pb_column type=&#8221;1_3&#8243; _builder_version=&#8221;4.16&#8243; custom_padding=&#8221;|||&#8221; global_colors_info=&#8221;{}&#8221; custom_padding__hover=&#8221;|||&#8221;][et_pb_sidebar area=&#8221;sidebar-1&#8243; module_class=&#8221;sivupalkki_sisalto&#8221; _builder_version=&#8221;4.16&#8243; locked=&#8221;on&#8221; global_colors_info=&#8221;{}&#8221;][\/et_pb_sidebar][\/et_pb_column][\/et_pb_section]<\/p>\n","protected":false},"excerpt":{"rendered":"<p>Pelastakaa p\u00f6lytt\u00e4j\u00e4tKlubillamme on k\u00e4ynniss\u00e4 ymp\u00e4rist\u00f6projekti &#8221;Pelastakaa p\u00f6lytt\u00e4j\u00e4t &#8211; R\u00e4dda Pollinerarna&#8221; yhteisty\u00f6ss\u00e4 Kemi\u00f6nsaaren rotaryklubin kanssa. P\u00f6lytt\u00e4jien merkitys maailman ruoantuotannolle on kiistaton. Ryhtyk\u00e4\u00e4mme siis yhdess\u00e4 pelastamaan p\u00f6lytt\u00e4ji\u00e4! Mit\u00e4 voimme tehd\u00e4? Istuttaa p\u00f6lytt\u00e4jien suosimia kukkivia puita, kuten esim. raita, tuomi, lepp\u00e4, vaahtera, pihlaja, hevoskastanja, hedelm\u00e4puut ja mets\u00e4lehmus. J\u00e4tt\u00e4\u00e4 nurmikon leikkuu v\u00e4hemm\u00e4lle (t\u00e4t\u00e4 olemme harrastaneetkin jo pitk\u00e4\u00e4n, toim.huom.) Kylv\u00e4\u00e4 [&hellip;]<\/p>\n","protected":false},"author":384,"featured_media":0,"parent":77,"menu_order":0,"comment_status":"closed","ping_status":"closed","template":"","meta":{"_acf_changed":false,"_et_pb_use_builder":"on","_et_pb_old_content":"","_et_gb_content_width":"","footnotes":""},"class_list":["post-2042","page","type-page","status-publish","hentry"],"acf":[],"yoast_head":"<!-- This site is optimized with the Yoast SEO plugin v27.4 - https:\/\/yoast.com\/product\/yoast-seo-wordpress\/ -->\n<title>Pelastakaa p\u00f6lytt\u00e4j\u00e4t - Laitilan Rotaryklubi<\/title>\n<meta name=\"robots\" content=\"index, follow, max-snippet:-1, max-image-preview:large, max-video-preview:-1\" \/>\n<link rel=\"canonical\" href=\"https:\/\/rotary.fi\/laitila\/mita-teemme\/pelastakaa-polyttajat\/\" \/>\n<meta property=\"og:locale\" content=\"fi_FI\" \/>\n<meta property=\"og:type\" content=\"article\" \/>\n<meta property=\"og:title\" content=\"Pelastakaa p\u00f6lytt\u00e4j\u00e4t - Laitilan Rotaryklubi\" \/>\n<meta property=\"og:description\" content=\"Pelastakaa p\u00f6lytt\u00e4j\u00e4tKlubillamme on k\u00e4ynniss\u00e4 ymp\u00e4rist\u00f6projekti &quot;Pelastakaa p\u00f6lytt\u00e4j\u00e4t - R\u00e4dda Pollinerarna&quot; yhteisty\u00f6ss\u00e4 Kemi\u00f6nsaaren rotaryklubin kanssa. P\u00f6lytt\u00e4jien merkitys maailman ruoantuotannolle on kiistaton. Ryhtyk\u00e4\u00e4mme siis yhdess\u00e4 pelastamaan p\u00f6lytt\u00e4ji\u00e4! Mit\u00e4 voimme tehd\u00e4? Istuttaa p\u00f6lytt\u00e4jien suosimia kukkivia puita, kuten esim. raita, tuomi, lepp\u00e4, vaahtera, pihlaja, hevoskastanja, hedelm\u00e4puut ja mets\u00e4lehmus. J\u00e4tt\u00e4\u00e4 nurmikon leikkuu v\u00e4hemm\u00e4lle (t\u00e4t\u00e4 olemme harrastaneetkin jo pitk\u00e4\u00e4n, toim.huom.) Kylv\u00e4\u00e4 [&hellip;]\" \/>\n<meta property=\"og:url\" content=\"https:\/\/rotary.fi\/laitila\/mita-teemme\/pelastakaa-polyttajat\/\" \/>\n<meta property=\"og:site_name\" content=\"Laitilan Rotaryklubi\" \/>\n<meta property=\"article:modified_time\" content=\"2023-06-08T10:45:04+00:00\" \/>\n<meta name=\"twitter:card\" content=\"summary_large_image\" \/>\n<meta name=\"twitter:label1\" content=\"Arvioitu lukuaika\" \/>\n\t<meta name=\"twitter:data1\" content=\"2 minuuttia\" \/>\n<script type=\"application\/ld+json\" class=\"yoast-schema-graph\">{\"@context\":\"https:\\\/\\\/schema.org\",\"@graph\":[{\"@type\":\"WebPage\",\"@id\":\"https:\\\/\\\/rotary.fi\\\/laitila\\\/mita-teemme\\\/pelastakaa-polyttajat\\\/\",\"url\":\"https:\\\/\\\/rotary.fi\\\/laitila\\\/mita-teemme\\\/pelastakaa-polyttajat\\\/\",\"name\":\"Pelastakaa p\u00f6lytt\u00e4j\u00e4t - Laitilan Rotaryklubi\",\"isPartOf\":{\"@id\":\"https:\\\/\\\/rotary.fi\\\/laitila\\\/#website\"},\"datePublished\":\"2023-01-26T12:29:13+00:00\",\"dateModified\":\"2023-06-08T10:45:04+00:00\",\"breadcrumb\":{\"@id\":\"https:\\\/\\\/rotary.fi\\\/laitila\\\/mita-teemme\\\/pelastakaa-polyttajat\\\/#breadcrumb\"},\"inLanguage\":\"fi\",\"potentialAction\":[{\"@type\":\"ReadAction\",\"target\":[\"https:\\\/\\\/rotary.fi\\\/laitila\\\/mita-teemme\\\/pelastakaa-polyttajat\\\/\"]}]},{\"@type\":\"BreadcrumbList\",\"@id\":\"https:\\\/\\\/rotary.fi\\\/laitila\\\/mita-teemme\\\/pelastakaa-polyttajat\\\/#breadcrumb\",\"itemListElement\":[{\"@type\":\"ListItem\",\"position\":1,\"name\":\"Home\",\"item\":\"https:\\\/\\\/rotary.fi\\\/laitila\\\/\"},{\"@type\":\"ListItem\",\"position\":2,\"name\":\"Mit\u00e4 teemme\",\"item\":\"https:\\\/\\\/rotary.fi\\\/laitila\\\/mita-teemme\\\/\"},{\"@type\":\"ListItem\",\"position\":3,\"name\":\"Pelastakaa p\u00f6lytt\u00e4j\u00e4t\"}]},{\"@type\":\"WebSite\",\"@id\":\"https:\\\/\\\/rotary.fi\\\/laitila\\\/#website\",\"url\":\"https:\\\/\\\/rotary.fi\\\/laitila\\\/\",\"name\":\"Laitilan Rotaryklubi\",\"description\":\"Uusi Rotary klubisivusto\",\"potentialAction\":[{\"@type\":\"SearchAction\",\"target\":{\"@type\":\"EntryPoint\",\"urlTemplate\":\"https:\\\/\\\/rotary.fi\\\/laitila\\\/?s={search_term_string}\"},\"query-input\":{\"@type\":\"PropertyValueSpecification\",\"valueRequired\":true,\"valueName\":\"search_term_string\"}}],\"inLanguage\":\"fi\"}]}<\/script>\n<!-- \/ Yoast SEO plugin. -->","yoast_head_json":{"title":"Pelastakaa p\u00f6lytt\u00e4j\u00e4t - Laitilan Rotaryklubi","robots":{"index":"index","follow":"follow","max-snippet":"max-snippet:-1","max-image-preview":"max-image-preview:large","max-video-preview":"max-video-preview:-1"},"canonical":"https:\/\/rotary.fi\/laitila\/mita-teemme\/pelastakaa-polyttajat\/","og_locale":"fi_FI","og_type":"article","og_title":"Pelastakaa p\u00f6lytt\u00e4j\u00e4t - Laitilan Rotaryklubi","og_description":"Pelastakaa p\u00f6lytt\u00e4j\u00e4tKlubillamme on k\u00e4ynniss\u00e4 ymp\u00e4rist\u00f6projekti \"Pelastakaa p\u00f6lytt\u00e4j\u00e4t - R\u00e4dda Pollinerarna\" yhteisty\u00f6ss\u00e4 Kemi\u00f6nsaaren rotaryklubin kanssa. P\u00f6lytt\u00e4jien merkitys maailman ruoantuotannolle on kiistaton. Ryhtyk\u00e4\u00e4mme siis yhdess\u00e4 pelastamaan p\u00f6lytt\u00e4ji\u00e4! Mit\u00e4 voimme tehd\u00e4? Istuttaa p\u00f6lytt\u00e4jien suosimia kukkivia puita, kuten esim. raita, tuomi, lepp\u00e4, vaahtera, pihlaja, hevoskastanja, hedelm\u00e4puut ja mets\u00e4lehmus. J\u00e4tt\u00e4\u00e4 nurmikon leikkuu v\u00e4hemm\u00e4lle (t\u00e4t\u00e4 olemme harrastaneetkin jo pitk\u00e4\u00e4n, toim.huom.) Kylv\u00e4\u00e4 [&hellip;]","og_url":"https:\/\/rotary.fi\/laitila\/mita-teemme\/pelastakaa-polyttajat\/","og_site_name":"Laitilan Rotaryklubi","article_modified_time":"2023-06-08T10:45:04+00:00","twitter_card":"summary_large_image","twitter_misc":{"Arvioitu lukuaika":"2 minuuttia"},"schema":{"@context":"https:\/\/schema.org","@graph":[{"@type":"WebPage","@id":"https:\/\/rotary.fi\/laitila\/mita-teemme\/pelastakaa-polyttajat\/","url":"https:\/\/rotary.fi\/laitila\/mita-teemme\/pelastakaa-polyttajat\/","name":"Pelastakaa p\u00f6lytt\u00e4j\u00e4t - Laitilan Rotaryklubi","isPartOf":{"@id":"https:\/\/rotary.fi\/laitila\/#website"},"datePublished":"2023-01-26T12:29:13+00:00","dateModified":"2023-06-08T10:45:04+00:00","breadcrumb":{"@id":"https:\/\/rotary.fi\/laitila\/mita-teemme\/pelastakaa-polyttajat\/#breadcrumb"},"inLanguage":"fi","potentialAction":[{"@type":"ReadAction","target":["https:\/\/rotary.fi\/laitila\/mita-teemme\/pelastakaa-polyttajat\/"]}]},{"@type":"BreadcrumbList","@id":"https:\/\/rotary.fi\/laitila\/mita-teemme\/pelastakaa-polyttajat\/#breadcrumb","itemListElement":[{"@type":"ListItem","position":1,"name":"Home","item":"https:\/\/rotary.fi\/laitila\/"},{"@type":"ListItem","position":2,"name":"Mit\u00e4 teemme","item":"https:\/\/rotary.fi\/laitila\/mita-teemme\/"},{"@type":"ListItem","position":3,"name":"Pelastakaa p\u00f6lytt\u00e4j\u00e4t"}]},{"@type":"WebSite","@id":"https:\/\/rotary.fi\/laitila\/#website","url":"https:\/\/rotary.fi\/laitila\/","name":"Laitilan Rotaryklubi","description":"Uusi Rotary klubisivusto","potentialAction":[{"@type":"SearchAction","target":{"@type":"EntryPoint","urlTemplate":"https:\/\/rotary.fi\/laitila\/?s={search_term_string}"},"query-input":{"@type":"PropertyValueSpecification","valueRequired":true,"valueName":"search_term_string"}}],"inLanguage":"fi"}]}},"lang":"fi","translations":{"fi":2042},"pll_sync_post":[],"_links":{"self":[{"href":"https:\/\/rotary.fi\/laitila\/wp-json\/wp\/v2\/pages\/2042","targetHints":{"allow":["GET"]}}],"collection":[{"href":"https:\/\/rotary.fi\/laitila\/wp-json\/wp\/v2\/pages"}],"about":[{"href":"https:\/\/rotary.fi\/laitila\/wp-json\/wp\/v2\/types\/page"}],"author":[{"embeddable":true,"href":"https:\/\/rotary.fi\/laitila\/wp-json\/wp\/v2\/users\/384"}],"replies":[{"embeddable":true,"href":"https:\/\/rotary.fi\/laitila\/wp-json\/wp\/v2\/comments?post=2042"}],"version-history":[{"count":9,"href":"https:\/\/rotary.fi\/laitila\/wp-json\/wp\/v2\/pages\/2042\/revisions"}],"predecessor-version":[{"id":2126,"href":"https:\/\/rotary.fi\/laitila\/wp-json\/wp\/v2\/pages\/2042\/revisions\/2126"}],"up":[{"embeddable":true,"href":"https:\/\/rotary.fi\/laitila\/wp-json\/wp\/v2\/pages\/77"}],"wp:attachment":[{"href":"https:\/\/rotary.fi\/laitila\/wp-json\/wp\/v2\/media?parent=2042"}],"curies":[{"name":"wp","href":"https:\/\/api.w.org\/{rel}","templated":true}]}}