{"id":1886,"date":"2021-11-18T10:30:28","date_gmt":"2021-11-18T08:30:28","guid":{"rendered":"https:\/\/rotary.fi\/laitila\/?page_id=1886"},"modified":"2024-02-06T09:11:33","modified_gmt":"2024-02-06T07:11:33","slug":"jasenhakemus","status":"publish","type":"page","link":"https:\/\/rotary.fi\/laitila\/tule-mukaan\/jasenhakemus\/","title":{"rendered":"J\u00e4senhakemus"},"content":{"rendered":"<p>[et_pb_section fb_built=&#8221;1&#8243; admin_label=&#8221;section&#8221; _builder_version=&#8221;4.16&#8243; global_colors_info=&#8221;{}&#8221;][et_pb_row admin_label=&#8221;row&#8221; _builder_version=&#8221;4.16&#8243; background_size=&#8221;initial&#8221; background_position=&#8221;top_left&#8221; background_repeat=&#8221;repeat&#8221; global_colors_info=&#8221;{}&#8221;][et_pb_column type=&#8221;4_4&#8243; _builder_version=&#8221;4.16&#8243; custom_padding=&#8221;|||&#8221; global_colors_info=&#8221;{}&#8221; custom_padding__hover=&#8221;|||&#8221;][et_pb_text admin_label=&#8221;Text&#8221; _builder_version=&#8221;4.22.1&#8243; background_size=&#8221;initial&#8221; background_position=&#8221;top_left&#8221; background_repeat=&#8221;repeat&#8221; hover_enabled=&#8221;0&#8243; global_colors_info=&#8221;{}&#8221; sticky_enabled=&#8221;0&#8243;]<\/p>\n<p>Lataamalla, t\u00e4ytt\u00e4m\u00e4ll\u00e4 ja toimittamalla oheisen <a href=\"https:\/\/rotary.fi\/laitila\/wp-content\/uploads\/sites\/26\/2024\/02\/Jasenhakemus_2024.pdf\" target=\"_blank\" rel=\"noopener\">j\u00e4senhakemuksen<\/a> Laitilan Rotaryklubin j\u00e4senyyskomitean puheenjohtaja Jani Lotalle jani.lotta@jmt-service.fi tai\u00a0 klubin s\u00e4hk\u00f6postiin laitilan.rotary@gmail.com haet j\u00e4senyytt\u00e4 toimeliaasta yhdistyksest\u00e4mme.<\/p>\n<p>[\/et_pb_text][\/et_pb_column][\/et_pb_row][\/et_pb_section]<\/p>\n","protected":false},"excerpt":{"rendered":"<p>Lataamalla, t\u00e4ytt\u00e4m\u00e4ll\u00e4 ja toimittamalla oheisen j\u00e4senhakemuksen Laitilan Rotaryklubin j\u00e4senyyskomitean puheenjohtaja Jani Lotalle jani.lotta@jmt-service.fi tai\u00a0 klubin s\u00e4hk\u00f6postiin laitilan.rotary@gmail.com haet j\u00e4senyytt\u00e4 toimeliaasta yhdistyksest\u00e4mme.<\/p>\n","protected":false},"author":384,"featured_media":0,"parent":89,"menu_order":0,"comment_status":"closed","ping_status":"closed","template":"","meta":{"_acf_changed":false,"_et_pb_use_builder":"on","_et_pb_old_content":"Lataamalla, t\u00e4ytt\u00e4m\u00e4ll\u00e4 ja toimittamalla oheisen <a href=\"https:\/\/rotary.fi\/laitila\/wp-content\/uploads\/sites\/26\/2021\/11\/Jasenhakemus.pdf\" target=\"_blank\" rel=\"noopener\">j\u00e4senhakemuslomakkeen<\/a> Laitilan Rotaryklubin j\u00e4senkomitean puheenjohtaja Pekka Jaloselle pjalonen@gmail.com tai klubin s\u00e4hk\u00f6postiin laitilan.rotary@gmail.com haet j\u00e4senyytt\u00e4 toimeliaasta yhdistyksest\u00e4mme.","_et_gb_content_width":"","footnotes":""},"class_list":["post-1886","page","type-page","status-publish","hentry"],"acf":[],"yoast_head":"<!-- This site is optimized with the Yoast SEO plugin v27.0 - https:\/\/yoast.com\/product\/yoast-seo-wordpress\/ -->\n<title>J\u00e4senhakemus - Laitilan Rotaryklubi<\/title>\n<meta name=\"robots\" content=\"index, follow, max-snippet:-1, max-image-preview:large, max-video-preview:-1\" \/>\n<link rel=\"canonical\" href=\"https:\/\/rotary.fi\/laitila\/tule-mukaan\/jasenhakemus\/\" \/>\n<meta property=\"og:locale\" content=\"fi_FI\" \/>\n<meta property=\"og:type\" content=\"article\" \/>\n<meta property=\"og:title\" content=\"J\u00e4senhakemus - Laitilan Rotaryklubi\" \/>\n<meta property=\"og:description\" content=\"Lataamalla, t\u00e4ytt\u00e4m\u00e4ll\u00e4 ja toimittamalla oheisen j\u00e4senhakemuksen Laitilan Rotaryklubin j\u00e4senyyskomitean puheenjohtaja Jani Lotalle jani.lotta@jmt-service.fi tai\u00a0 klubin s\u00e4hk\u00f6postiin laitilan.rotary@gmail.com haet j\u00e4senyytt\u00e4 toimeliaasta yhdistyksest\u00e4mme.\" \/>\n<meta property=\"og:url\" content=\"https:\/\/rotary.fi\/laitila\/tule-mukaan\/jasenhakemus\/\" \/>\n<meta property=\"og:site_name\" content=\"Laitilan Rotaryklubi\" \/>\n<meta property=\"article:modified_time\" content=\"2024-02-06T07:11:33+00:00\" \/>\n<meta name=\"twitter:card\" content=\"summary_large_image\" \/>\n<meta name=\"twitter:label1\" content=\"Arvioitu lukuaika\" \/>\n\t<meta name=\"twitter:data1\" content=\"1 minuutti\" \/>\n<script type=\"application\/ld+json\" class=\"yoast-schema-graph\">{\"@context\":\"https:\/\/schema.org\",\"@graph\":[{\"@type\":\"WebPage\",\"@id\":\"https:\/\/rotary.fi\/laitila\/tule-mukaan\/jasenhakemus\/\",\"url\":\"https:\/\/rotary.fi\/laitila\/tule-mukaan\/jasenhakemus\/\",\"name\":\"J\u00e4senhakemus - Laitilan Rotaryklubi\",\"isPartOf\":{\"@id\":\"https:\/\/rotary.fi\/laitila\/#website\"},\"datePublished\":\"2021-11-18T08:30:28+00:00\",\"dateModified\":\"2024-02-06T07:11:33+00:00\",\"breadcrumb\":{\"@id\":\"https:\/\/rotary.fi\/laitila\/tule-mukaan\/jasenhakemus\/#breadcrumb\"},\"inLanguage\":\"fi\",\"potentialAction\":[{\"@type\":\"ReadAction\",\"target\":[\"https:\/\/rotary.fi\/laitila\/tule-mukaan\/jasenhakemus\/\"]}]},{\"@type\":\"BreadcrumbList\",\"@id\":\"https:\/\/rotary.fi\/laitila\/tule-mukaan\/jasenhakemus\/#breadcrumb\",\"itemListElement\":[{\"@type\":\"ListItem\",\"position\":1,\"name\":\"Home\",\"item\":\"https:\/\/rotary.fi\/laitila\/\"},{\"@type\":\"ListItem\",\"position\":2,\"name\":\"Tule mukaan\",\"item\":\"https:\/\/rotary.fi\/laitila\/tule-mukaan\/\"},{\"@type\":\"ListItem\",\"position\":3,\"name\":\"J\u00e4senhakemus\"}]},{\"@type\":\"WebSite\",\"@id\":\"https:\/\/rotary.fi\/laitila\/#website\",\"url\":\"https:\/\/rotary.fi\/laitila\/\",\"name\":\"Laitilan Rotaryklubi\",\"description\":\"Uusi Rotary klubisivusto\",\"potentialAction\":[{\"@type\":\"SearchAction\",\"target\":{\"@type\":\"EntryPoint\",\"urlTemplate\":\"https:\/\/rotary.fi\/laitila\/?s={search_term_string}\"},\"query-input\":{\"@type\":\"PropertyValueSpecification\",\"valueRequired\":true,\"valueName\":\"search_term_string\"}}],\"inLanguage\":\"fi\"}]}<\/script>\n<!-- \/ Yoast SEO plugin. -->","yoast_head_json":{"title":"J\u00e4senhakemus - Laitilan Rotaryklubi","robots":{"index":"index","follow":"follow","max-snippet":"max-snippet:-1","max-image-preview":"max-image-preview:large","max-video-preview":"max-video-preview:-1"},"canonical":"https:\/\/rotary.fi\/laitila\/tule-mukaan\/jasenhakemus\/","og_locale":"fi_FI","og_type":"article","og_title":"J\u00e4senhakemus - Laitilan Rotaryklubi","og_description":"Lataamalla, t\u00e4ytt\u00e4m\u00e4ll\u00e4 ja toimittamalla oheisen j\u00e4senhakemuksen Laitilan Rotaryklubin j\u00e4senyyskomitean puheenjohtaja Jani Lotalle jani.lotta@jmt-service.fi tai\u00a0 klubin s\u00e4hk\u00f6postiin laitilan.rotary@gmail.com haet j\u00e4senyytt\u00e4 toimeliaasta yhdistyksest\u00e4mme.","og_url":"https:\/\/rotary.fi\/laitila\/tule-mukaan\/jasenhakemus\/","og_site_name":"Laitilan Rotaryklubi","article_modified_time":"2024-02-06T07:11:33+00:00","twitter_card":"summary_large_image","twitter_misc":{"Arvioitu lukuaika":"1 minuutti"},"schema":{"@context":"https:\/\/schema.org","@graph":[{"@type":"WebPage","@id":"https:\/\/rotary.fi\/laitila\/tule-mukaan\/jasenhakemus\/","url":"https:\/\/rotary.fi\/laitila\/tule-mukaan\/jasenhakemus\/","name":"J\u00e4senhakemus - Laitilan Rotaryklubi","isPartOf":{"@id":"https:\/\/rotary.fi\/laitila\/#website"},"datePublished":"2021-11-18T08:30:28+00:00","dateModified":"2024-02-06T07:11:33+00:00","breadcrumb":{"@id":"https:\/\/rotary.fi\/laitila\/tule-mukaan\/jasenhakemus\/#breadcrumb"},"inLanguage":"fi","potentialAction":[{"@type":"ReadAction","target":["https:\/\/rotary.fi\/laitila\/tule-mukaan\/jasenhakemus\/"]}]},{"@type":"BreadcrumbList","@id":"https:\/\/rotary.fi\/laitila\/tule-mukaan\/jasenhakemus\/#breadcrumb","itemListElement":[{"@type":"ListItem","position":1,"name":"Home","item":"https:\/\/rotary.fi\/laitila\/"},{"@type":"ListItem","position":2,"name":"Tule mukaan","item":"https:\/\/rotary.fi\/laitila\/tule-mukaan\/"},{"@type":"ListItem","position":3,"name":"J\u00e4senhakemus"}]},{"@type":"WebSite","@id":"https:\/\/rotary.fi\/laitila\/#website","url":"https:\/\/rotary.fi\/laitila\/","name":"Laitilan Rotaryklubi","description":"Uusi Rotary klubisivusto","potentialAction":[{"@type":"SearchAction","target":{"@type":"EntryPoint","urlTemplate":"https:\/\/rotary.fi\/laitila\/?s={search_term_string}"},"query-input":{"@type":"PropertyValueSpecification","valueRequired":true,"valueName":"search_term_string"}}],"inLanguage":"fi"}]}},"lang":"fi","translations":{"fi":1886},"pll_sync_post":[],"_links":{"self":[{"href":"https:\/\/rotary.fi\/laitila\/wp-json\/wp\/v2\/pages\/1886","targetHints":{"allow":["GET"]}}],"collection":[{"href":"https:\/\/rotary.fi\/laitila\/wp-json\/wp\/v2\/pages"}],"about":[{"href":"https:\/\/rotary.fi\/laitila\/wp-json\/wp\/v2\/types\/page"}],"author":[{"embeddable":true,"href":"https:\/\/rotary.fi\/laitila\/wp-json\/wp\/v2\/users\/384"}],"replies":[{"embeddable":true,"href":"https:\/\/rotary.fi\/laitila\/wp-json\/wp\/v2\/comments?post=1886"}],"version-history":[{"count":8,"href":"https:\/\/rotary.fi\/laitila\/wp-json\/wp\/v2\/pages\/1886\/revisions"}],"predecessor-version":[{"id":2227,"href":"https:\/\/rotary.fi\/laitila\/wp-json\/wp\/v2\/pages\/1886\/revisions\/2227"}],"up":[{"embeddable":true,"href":"https:\/\/rotary.fi\/laitila\/wp-json\/wp\/v2\/pages\/89"}],"wp:attachment":[{"href":"https:\/\/rotary.fi\/laitila\/wp-json\/wp\/v2\/media?parent=1886"}],"curies":[{"name":"wp","href":"https:\/\/api.w.org\/{rel}","templated":true}]}}