{"id":1728,"date":"2021-06-30T22:44:50","date_gmt":"2021-06-30T19:44:50","guid":{"rendered":"https:\/\/rotary.fi\/laitila\/?page_id=1728"},"modified":"2026-04-14T13:02:13","modified_gmt":"2026-04-14T10:02:13","slug":"laitilan-rotaryklubin-jasenkirjeet","status":"publish","type":"page","link":"https:\/\/rotary.fi\/laitila\/mita-teemme\/laitilan-rotaryklubin-jasenkirjeet\/","title":{"rendered":"Laitilan Rotaryklubin j\u00e4senkirjeet"},"content":{"rendered":"<p>[et_pb_section fb_built=&#8221;1&#8243; _builder_version=&#8221;4.21.0&#8243; background_enable_image=&#8221;off&#8221; global_colors_info=&#8221;{}&#8221;][et_pb_row _builder_version=&#8221;4.16&#8243; background_size=&#8221;initial&#8221; background_position=&#8221;top_left&#8221; background_repeat=&#8221;repeat&#8221; hover_enabled=&#8221;0&#8243; global_colors_info=&#8221;{}&#8221; sticky_enabled=&#8221;0&#8243;][et_pb_column type=&#8221;4_4&#8243; _builder_version=&#8221;4.16&#8243; custom_padding=&#8221;|||&#8221; global_colors_info=&#8221;{}&#8221; custom_padding__hover=&#8221;|||&#8221;][et_pb_text admin_label=&#8221;Teksti&#8221; _builder_version=&#8221;4.27.4&#8243; text_text_color=&#8221;#FFFFFF&#8221; background_size=&#8221;initial&#8221; background_position=&#8221;top_left&#8221; background_repeat=&#8221;repeat&#8221; text_orientation=&#8221;center&#8221; global_colors_info=&#8221;{}&#8221; custom_padding=&#8221;2px|||||&#8221;]<\/p>\n<p>&nbsp;<\/p>\n<p><a href=\"https:\/\/mailchi.mp\/9c1df2f388a0\/jsenkirje-11046507?e=0bc71395c0\">01\/2026<\/a><\/p>\n<p><a href=\"https:\/\/mailchi.mp\/cdea7cb77fad\/jsenkirje-11042357\">03\/2025<\/a><\/p>\n<p><a href=\"https:\/\/mailchi.mp\/59da6ff70a10\/jsenkirje-11039478\">02\/2025<\/a><\/p>\n<p><a href=\"https:\/\/mailchi.mp\/41c9b42b738c\/jsenkirje-11037275\" target=\"_blank\" rel=\"noopener\">01\/2025<\/a><\/p>\n<p><a href=\"https:\/\/mailchi.mp\/42a62d4889f0\/jsenkirje-11034786\">04\/2024<\/a><\/p>\n<p><a href=\"https:\/\/mailchi.mp\/d77bcb6b4e1b\/jsenkirje-10646610\">3\/2024<\/a><\/p>\n<p><a href=\"https:\/\/mailchi.mp\/9e2a6f03a539\/jsenkirje-10504433?fbclid=IwZXh0bgNhZW0CMTEAAR3l0sPv3u80jQHFXgG-T_0RO3b68Ri41P_gTPkMaqZnHtrtqoMosEYZeU8_aem_gIt2nxN6xV2Sb17Mik_GKw\">2\/2024<\/a><\/p>\n<p><a href=\"https:\/\/mailchi.mp\/a9aca1ea2250\/jsenkirje-10499829\" target=\"_blank\" rel=\"noopener\">1\/2024<\/a><\/p>\n<p><a href=\"https:\/\/mailchi.mp\/4a4c049e9b01\/jsenkirje-10489929\">4\/2023<\/a><\/p>\n<p><a href=\"https:\/\/mailchi.mp\/571783586bf7\/jsenkirje-10406318\">3\/2023<\/a><\/p>\n<p><a href=\"https:\/\/mailchi.mp\/d416c47d122c\/jsenkirje-10371881\" target=\"_blank\" rel=\"noopener\">2\/2023<\/a><\/p>\n<p><a href=\"https:\/\/mailchi.mp\/812d79832bb1\/jsenkirje-10305729\" target=\"_blank\" rel=\"noopener\">1\/2023<\/a><\/p>\n<p><a href=\"https:\/\/mailchi.mp\/dd9ae6dc1b8a\/jsenkirje-9715737\" target=\"_blank\" rel=\"noopener\">5\/2022<\/a><\/p>\n<p><a href=\"https:\/\/mailchi.mp\/081eb37122c2\/jsenkirje-9230505\" target=\"_blank\" rel=\"noopener\">4\/2022<\/a><\/p>\n<p>&nbsp;<\/p>\n<p>[\/et_pb_text][\/et_pb_column][\/et_pb_row][\/et_pb_section]<\/p>\n","protected":false},"excerpt":{"rendered":"<p>&nbsp; 01\/2026 03\/2025 02\/2025 01\/2025 04\/2024 3\/2024 2\/2024 1\/2024 4\/2023 3\/2023 2\/2023 1\/2023 5\/2022 4\/2022 &nbsp;<\/p>\n","protected":false},"author":384,"featured_media":0,"parent":77,"menu_order":3,"comment_status":"closed","ping_status":"closed","template":"","meta":{"_acf_changed":false,"_et_pb_use_builder":"on","_et_pb_old_content":"<p>Kev\u00e4\u00e4st\u00e4 2021 alkaen Laitilan rotaryklubin j\u00e4senet ovat saaneet s\u00e4hk\u00f6isen j\u00e4senkirjeen.<\/p><p>T\u00e4ss\u00e4 sinullekin tutustuttavaksi\u00a0\u00a0<\/p><p><a href=\"https:\/\/mailchi.mp\/a7572c3ae977\/laitilan_rotary_jasenkirje_0221?e=3cabe56e9a&fbclid=IwAR2uSJn-h18a7FTik64Lw6TXL_qImeIHloQ37svmfJ5MPyj7MIfsD8MwTLI\">J\u00e4senkirje 2\/2021<\/a><\/p><p>\u00a0<\/p>","_et_gb_content_width":"","footnotes":""},"class_list":["post-1728","page","type-page","status-publish","hentry"],"acf":[],"yoast_head":"<!-- This site is optimized with the Yoast SEO plugin v27.4 - https:\/\/yoast.com\/product\/yoast-seo-wordpress\/ -->\n<title>Laitilan Rotaryklubin j\u00e4senkirjeet - Laitilan Rotaryklubi<\/title>\n<meta name=\"robots\" content=\"index, follow, max-snippet:-1, max-image-preview:large, max-video-preview:-1\" \/>\n<link rel=\"canonical\" href=\"https:\/\/rotary.fi\/laitila\/mita-teemme\/laitilan-rotaryklubin-jasenkirjeet\/\" \/>\n<meta property=\"og:locale\" content=\"fi_FI\" \/>\n<meta property=\"og:type\" content=\"article\" \/>\n<meta property=\"og:title\" content=\"Laitilan Rotaryklubin j\u00e4senkirjeet - Laitilan Rotaryklubi\" \/>\n<meta property=\"og:description\" content=\"&nbsp; 01\/2026 03\/2025 02\/2025 01\/2025 04\/2024 3\/2024 2\/2024 1\/2024 4\/2023 3\/2023 2\/2023 1\/2023 5\/2022 4\/2022 &nbsp;\" \/>\n<meta property=\"og:url\" content=\"https:\/\/rotary.fi\/laitila\/mita-teemme\/laitilan-rotaryklubin-jasenkirjeet\/\" \/>\n<meta property=\"og:site_name\" content=\"Laitilan Rotaryklubi\" \/>\n<meta property=\"article:modified_time\" content=\"2026-04-14T10:02:13+00:00\" \/>\n<meta name=\"twitter:card\" content=\"summary_large_image\" \/>\n<meta name=\"twitter:label1\" content=\"Arvioitu lukuaika\" \/>\n\t<meta name=\"twitter:data1\" content=\"1 minuutti\" \/>\n<script type=\"application\/ld+json\" class=\"yoast-schema-graph\">{\"@context\":\"https:\\\/\\\/schema.org\",\"@graph\":[{\"@type\":\"WebPage\",\"@id\":\"https:\\\/\\\/rotary.fi\\\/laitila\\\/mita-teemme\\\/laitilan-rotaryklubin-jasenkirjeet\\\/\",\"url\":\"https:\\\/\\\/rotary.fi\\\/laitila\\\/mita-teemme\\\/laitilan-rotaryklubin-jasenkirjeet\\\/\",\"name\":\"Laitilan Rotaryklubin j\u00e4senkirjeet - Laitilan Rotaryklubi\",\"isPartOf\":{\"@id\":\"https:\\\/\\\/rotary.fi\\\/laitila\\\/#website\"},\"datePublished\":\"2021-06-30T19:44:50+00:00\",\"dateModified\":\"2026-04-14T10:02:13+00:00\",\"breadcrumb\":{\"@id\":\"https:\\\/\\\/rotary.fi\\\/laitila\\\/mita-teemme\\\/laitilan-rotaryklubin-jasenkirjeet\\\/#breadcrumb\"},\"inLanguage\":\"fi\",\"potentialAction\":[{\"@type\":\"ReadAction\",\"target\":[\"https:\\\/\\\/rotary.fi\\\/laitila\\\/mita-teemme\\\/laitilan-rotaryklubin-jasenkirjeet\\\/\"]}]},{\"@type\":\"BreadcrumbList\",\"@id\":\"https:\\\/\\\/rotary.fi\\\/laitila\\\/mita-teemme\\\/laitilan-rotaryklubin-jasenkirjeet\\\/#breadcrumb\",\"itemListElement\":[{\"@type\":\"ListItem\",\"position\":1,\"name\":\"Home\",\"item\":\"https:\\\/\\\/rotary.fi\\\/laitila\\\/\"},{\"@type\":\"ListItem\",\"position\":2,\"name\":\"Mit\u00e4 teemme\",\"item\":\"https:\\\/\\\/rotary.fi\\\/laitila\\\/mita-teemme\\\/\"},{\"@type\":\"ListItem\",\"position\":3,\"name\":\"Laitilan Rotaryklubin j\u00e4senkirjeet\"}]},{\"@type\":\"WebSite\",\"@id\":\"https:\\\/\\\/rotary.fi\\\/laitila\\\/#website\",\"url\":\"https:\\\/\\\/rotary.fi\\\/laitila\\\/\",\"name\":\"Laitilan Rotaryklubi\",\"description\":\"Uusi Rotary klubisivusto\",\"potentialAction\":[{\"@type\":\"SearchAction\",\"target\":{\"@type\":\"EntryPoint\",\"urlTemplate\":\"https:\\\/\\\/rotary.fi\\\/laitila\\\/?s={search_term_string}\"},\"query-input\":{\"@type\":\"PropertyValueSpecification\",\"valueRequired\":true,\"valueName\":\"search_term_string\"}}],\"inLanguage\":\"fi\"}]}<\/script>\n<!-- \/ Yoast SEO plugin. -->","yoast_head_json":{"title":"Laitilan Rotaryklubin j\u00e4senkirjeet - Laitilan Rotaryklubi","robots":{"index":"index","follow":"follow","max-snippet":"max-snippet:-1","max-image-preview":"max-image-preview:large","max-video-preview":"max-video-preview:-1"},"canonical":"https:\/\/rotary.fi\/laitila\/mita-teemme\/laitilan-rotaryklubin-jasenkirjeet\/","og_locale":"fi_FI","og_type":"article","og_title":"Laitilan Rotaryklubin j\u00e4senkirjeet - Laitilan Rotaryklubi","og_description":"&nbsp; 01\/2026 03\/2025 02\/2025 01\/2025 04\/2024 3\/2024 2\/2024 1\/2024 4\/2023 3\/2023 2\/2023 1\/2023 5\/2022 4\/2022 &nbsp;","og_url":"https:\/\/rotary.fi\/laitila\/mita-teemme\/laitilan-rotaryklubin-jasenkirjeet\/","og_site_name":"Laitilan Rotaryklubi","article_modified_time":"2026-04-14T10:02:13+00:00","twitter_card":"summary_large_image","twitter_misc":{"Arvioitu lukuaika":"1 minuutti"},"schema":{"@context":"https:\/\/schema.org","@graph":[{"@type":"WebPage","@id":"https:\/\/rotary.fi\/laitila\/mita-teemme\/laitilan-rotaryklubin-jasenkirjeet\/","url":"https:\/\/rotary.fi\/laitila\/mita-teemme\/laitilan-rotaryklubin-jasenkirjeet\/","name":"Laitilan Rotaryklubin j\u00e4senkirjeet - Laitilan Rotaryklubi","isPartOf":{"@id":"https:\/\/rotary.fi\/laitila\/#website"},"datePublished":"2021-06-30T19:44:50+00:00","dateModified":"2026-04-14T10:02:13+00:00","breadcrumb":{"@id":"https:\/\/rotary.fi\/laitila\/mita-teemme\/laitilan-rotaryklubin-jasenkirjeet\/#breadcrumb"},"inLanguage":"fi","potentialAction":[{"@type":"ReadAction","target":["https:\/\/rotary.fi\/laitila\/mita-teemme\/laitilan-rotaryklubin-jasenkirjeet\/"]}]},{"@type":"BreadcrumbList","@id":"https:\/\/rotary.fi\/laitila\/mita-teemme\/laitilan-rotaryklubin-jasenkirjeet\/#breadcrumb","itemListElement":[{"@type":"ListItem","position":1,"name":"Home","item":"https:\/\/rotary.fi\/laitila\/"},{"@type":"ListItem","position":2,"name":"Mit\u00e4 teemme","item":"https:\/\/rotary.fi\/laitila\/mita-teemme\/"},{"@type":"ListItem","position":3,"name":"Laitilan Rotaryklubin j\u00e4senkirjeet"}]},{"@type":"WebSite","@id":"https:\/\/rotary.fi\/laitila\/#website","url":"https:\/\/rotary.fi\/laitila\/","name":"Laitilan Rotaryklubi","description":"Uusi Rotary klubisivusto","potentialAction":[{"@type":"SearchAction","target":{"@type":"EntryPoint","urlTemplate":"https:\/\/rotary.fi\/laitila\/?s={search_term_string}"},"query-input":{"@type":"PropertyValueSpecification","valueRequired":true,"valueName":"search_term_string"}}],"inLanguage":"fi"}]}},"lang":"fi","translations":{"fi":1728},"pll_sync_post":[],"_links":{"self":[{"href":"https:\/\/rotary.fi\/laitila\/wp-json\/wp\/v2\/pages\/1728","targetHints":{"allow":["GET"]}}],"collection":[{"href":"https:\/\/rotary.fi\/laitila\/wp-json\/wp\/v2\/pages"}],"about":[{"href":"https:\/\/rotary.fi\/laitila\/wp-json\/wp\/v2\/types\/page"}],"author":[{"embeddable":true,"href":"https:\/\/rotary.fi\/laitila\/wp-json\/wp\/v2\/users\/384"}],"replies":[{"embeddable":true,"href":"https:\/\/rotary.fi\/laitila\/wp-json\/wp\/v2\/comments?post=1728"}],"version-history":[{"count":9,"href":"https:\/\/rotary.fi\/laitila\/wp-json\/wp\/v2\/pages\/1728\/revisions"}],"predecessor-version":[{"id":2507,"href":"https:\/\/rotary.fi\/laitila\/wp-json\/wp\/v2\/pages\/1728\/revisions\/2507"}],"up":[{"embeddable":true,"href":"https:\/\/rotary.fi\/laitila\/wp-json\/wp\/v2\/pages\/77"}],"wp:attachment":[{"href":"https:\/\/rotary.fi\/laitila\/wp-json\/wp\/v2\/media?parent=1728"}],"curies":[{"name":"wp","href":"https:\/\/api.w.org\/{rel}","templated":true}]}}